{"id":4808,"date":"2022-12-28T15:32:39","date_gmt":"2022-12-28T14:32:39","guid":{"rendered":"https:\/\/inmondo.pl\/?post_type=product&#038;p=4808"},"modified":"2026-04-08T15:09:36","modified_gmt":"2026-04-08T13:09:36","slug":"nooi-lozko-pietrowe","status":"publish","type":"product","link":"https:\/\/inmondo.pl\/en\/sklep\/elementy\/lozka-pietrowe\/nooi-lozko-pietrowe\/","title":{"rendered":"Nooi - Bunk bed - CLEARANCE SALE"},"content":{"rendered":"","protected":false},"excerpt":{"rendered":"<p>Our bunk bed provides safe and comfortable rest for two children.<\/p>\n<p>&nbsp;<\/p>\n<p>The minimalist, timeless form will fit into any interior.<\/p>\n<p>The bed legs made of oak wood provide stability to the structure, and the whole thing remains in the Scandinavian style. The natural beauty of the oak wood complements the painted elements.<\/p>\n<p>&nbsp;<\/p>\n<p>When the children grow up - the bed can be divided into 2 single - <strong><a href=\"https:\/\/inmondo.pl\/en\/sklep\/kolekcje\/nooi\/nooi-dodatkowe-nogi-do-lozka-pietrowego\/\">option requires purchase of additional legs for single beds<\/a><\/strong>.<\/p>\n<p>&nbsp;<\/p>\n<p>The bed is available in one colour version<\/p>","protected":false},"featured_media":4809,"comment_status":"open","ping_status":"closed","template":"","meta":{"_acf_changed":false},"product_brand":[],"product_cat":[172,99,98,202],"product_tag":[],"class_list":{"0":"post-4808","1":"product","2":"type-product","3":"status-publish","4":"has-post-thumbnail","6":"product_cat-lozka-pietrowe","7":"product_cat-meble-dostepne","8":"product_cat-nooi","9":"product_cat-wyprzedaz","10":"wcpa_has_options","12":"first","13":"instock","14":"sale","15":"taxable","16":"shipping-taxable","17":"purchasable","18":"product-type-simple"},"acf":{"sections_woocommerce":[{"acf_fc_layout":"section_menu","is_active":true,"repeater":[{"text":"Opis","link":"#opis"},{"text":"Kolekcja","link":"#kolekcja"},{"text":"Lookbook","link":"#lookbook"},{"text":"Opinie","link":"#opinie"},{"text":"Inne z&nbsp;kolekcji","link":"#inne"}]},{"acf_fc_layout":"section_woocommerce_text_image","is_active":true,"anchor":"#opis","text_align":"textAlign--left","grid_width":"main","wysiwyg":"<h1>\u0141\u00f3\u017cko pi\u0119trowe dla\u00a0dzieci<\/h1>\n<p>Minimalistyczna ponadczasowa forma wpasuje si\u0119 w\u00a0ka\u017cde wn\u0119trze.<\/p>\n<p>Nasze \u0142\u00f3\u017cko pi\u0119trowe zapewnia bezpieczny i\u00a0komfortowy wypoczynek dla\u00a0dw\u00f3jki dzieci.<\/p>\n<p>Nogi \u0142\u00f3\u017cka wykonane z\u00a0drewna d\u0119bowego zapewniaj\u0105 stabilno\u015b\u0107 konstrukcji, a\u00a0to ca\u0142o\u015b\u0107 utrzymana pozostaje w\u00a0nurcie skandynawskiego stylu.<\/p>\n<p>Naturalne pi\u0119kno drewna d\u0119bowego komponuje si\u0119 z\u00a0malowanymi elementami.<\/p>\n<p>Kiedy dzieci podrosn\u0105 \u2013 \u0142\u00f3\u017cko mo\u017cna podzieli\u0107 na\u00a02 pojedyncze \u2013 <strong><a href=\"https:\/\/inmondo.pl\/sklep\/kolekcje\/nooi\/nooi-dodatkowe-nogi-do-lozka-pietrowego\/\">opcja wymaga dokupienia dodatkowych n\u00f3g do\u00a0\u0142\u00f3\u017cek pojedynczych<\/a><\/strong>.<\/p>\n","image":"https:\/\/inmondo.pl\/wp-content\/uploads\/2022\/12\/2022_09_INMONDO_GROW_ARANZACJE_8273-scaled.jpg"},{"acf_fc_layout":"section_woocommerce_text_image","is_active":true,"anchor":"#kolekcja","text_align":"textAlign--right","grid_width":"main","wysiwyg":"<h1>Kolekcja Nooi<\/h1>\n<p>Dzieci i\u00a0ich potrzeby nieustannie si\u0119 zmieniaj\u0105. Staramy si\u0119 by\u0107 ca\u0142y czas na\u00a0bie\u017c\u0105co, wdra\u017ca\u0107 nowe pomys\u0142y, szuka\u0107 nowych inspiracji.<\/p>\n<p>Taka w\u0142a\u015bnie jest kolekcja Nooi<strong>.<\/strong>\u2013 dzi\u0119ki niej sami zdecydujecie, jak b\u0119dzie wygl\u0105da\u0142a Wasza przestrze\u0144<\/p>\n<p>Kolekcja modu\u0142owa to nasze zaproszenie dla\u00a0rodzic\u00f3w z\u00a0dzie\u0107mi do\u00a0podejmowania wsp\u00f3lnych decyzji co do\u00a0aran\u017cacji dzieci\u0119cego pokoju.<\/p>\n<p>Wybierajcie z\u00a0wielu element\u00f3w kolekcji, po\u0142\u0105czcie je z\u00a0wyj\u0105tkowymi kolorami front\u00f3w, i\u00a0tak oto powstanie Wasz unikalny projekt!<\/p>\n<p>&nbsp;<\/p>\n<p>&nbsp;<\/p>\n<p>\u0141\u00f3\u017cko zgodne z norm\u0105:\u00a0\u00a0 PN-EN 747-1+A1:2015-08 &#8222;Meble &#8211; \u0141\u00f3\u017cka pi\u0119trowe i \u0142\u00f3\u017cka wysokie &#8212; Cz\u0119\u015b\u0107 1: Wymagania bezpiecze\u0144stwa, wytrzyma\u0142o\u015bci i trwa\u0142o\u015bci&#8221;<\/p>\n","image":"https:\/\/inmondo.pl\/wp-content\/uploads\/2022\/12\/2022_09_INMONDO_GROW_ARANZACJE_8368.jpg"},{"acf_fc_layout":"section_woocommerce_text_image","is_active":true,"anchor":"#opis","text_align":"textAlign--left","grid_width":"main","wysiwyg":"<h2>Uwaga!<\/h2>\n<p>\u0141\u00f3\u017cka wysokie i\u00a0g\u00f3rne \u0142\u00f3\u017cka \u0142\u00f3\u017cek pi\u0119trowych albo\u00a0\u0142\u00f3\u017cka na\u00a0antresoli nie s\u0105 przeznaczone dla\u00a0dzieci w\u00a0wieku poni\u017cej 6 lat, z\u00a0uwagi na\u00a0ryzyko obra\u017ce\u0144 na\u00a0skutek wypadni\u0119cia.<br \/>\nMaksymalne obci\u0105\u017cenie oznacza ci\u0119\u017car statyczny, innymi s\u0142owy jest to obci\u0105\u017cenie, kt\u00f3ry \u0142\u00f3\u017cko wytrzymuje, gdy na\u00a0nim le\u017cysz lub\u00a0siedzisz.<br \/>\nMaksymalne obci\u0105\u017cenie: 100 kg<\/p>\n<p>Obci\u0105\u017cenie statyczne \u0142\u00f3\u017cka: max. 100 kg g\u00f3rne le\u017cysko, max. 100 kg dolne le\u017cysko<\/p>\n<p>\u0141\u00f3\u017cko przebadane zgodnie z norm\u0105: PN-EN 747-1+A1:2015-08 &#8222;Meble &#8211; \u0141\u00f3\u017cka pi\u0119trowe i \u0142\u00f3\u017cka wysokie &#8212; Cz\u0119\u015b\u0107 1: Wymagania bezpiecze\u0144stwa, wytrzyma\u0142o\u015bci i trwa\u0142o\u015bci&#8221;<\/p>\n","image":"https:\/\/inmondo.pl\/wp-content\/uploads\/2022\/12\/2022_09_INMONDO_GROW_ARANZACJE_8273-scaled.jpg"},{"acf_fc_layout":"section_woocommerce_lookbook","is_active":true,"anchor":"#lookbook","header":"","repeater":[{"shortcode":"[woocommerce_lookbook id=\"4960\"]"},{"shortcode":"[woocommerce_lookbook id=\"7409\"]"},{"shortcode":"[woocommerce_lookbook id=\"7416\"]"}]},{"acf_fc_layout":"section_woocommerce_opinions","is_active":true,"anchor":"#opinie"},{"acf_fc_layout":"section_woocommerce_otherFromCategory","is_active":true,"anchor":"#inne"}],"wymiary":"D\u0142ugo\u015b\u0107: 208 cm<br \/>\r\nwysoko\u015b\u0107: 175 cm<br \/>\r\nszeroko\u015b\u0107 \u0142\u00f3\u017cka: 102cm ( z&nbsp;drabink\u0105 139cm)<br \/>\r\n<br \/>\r\nwymiary materaca pasuj\u0105cego: 90x200 cm","materialy":"MDF, drewno d\u0119bowe, lakiery wodne","czas_realizacji":""},"yoast_head":"<!-- This site is optimized with the Yoast SEO plugin v27.3 - https:\/\/yoast.com\/product\/yoast-seo-wordpress\/ -->\n<title>Nooi - \u0141\u00f3\u017cko pi\u0119trowe - WYPRZEDA\u017b - Inmondo<\/title>\n<meta name=\"description\" content=\"Ponadczasowa i uniwersalna forma wpasuje si\u0119 w ka\u017cde wn\u0119trze. \u0141\u00f3\u017cko pi\u0119trowe Nooi zapewnia bezpieczny i komfortowy wypoczynek dla dw\u00f3jki dzieci.\" \/>\n<meta name=\"robots\" content=\"index, follow, max-snippet:-1, max-image-preview:large, max-video-preview:-1\" \/>\n<link rel=\"canonical\" href=\"https:\/\/inmondo.pl\/en\/sklep\/elementy\/lozka-pietrowe\/nooi-lozko-pietrowe\/\" \/>\n<meta property=\"og:locale\" content=\"en_GB\" \/>\n<meta property=\"og:type\" content=\"article\" \/>\n<meta property=\"og:title\" content=\"Nooi - \u0141\u00f3\u017cko pi\u0119trowe - WYPRZEDA\u017b - Inmondo\" \/>\n<meta property=\"og:description\" content=\"Ponadczasowa i uniwersalna forma wpasuje si\u0119 w ka\u017cde wn\u0119trze. \u0141\u00f3\u017cko pi\u0119trowe Nooi zapewnia bezpieczny i komfortowy wypoczynek dla dw\u00f3jki dzieci.\" \/>\n<meta property=\"og:url\" content=\"https:\/\/inmondo.pl\/en\/sklep\/elementy\/lozka-pietrowe\/nooi-lozko-pietrowe\/\" \/>\n<meta property=\"og:site_name\" content=\"Inmondo\" \/>\n<meta property=\"article:modified_time\" content=\"2026-04-08T13:09:36+00:00\" \/>\n<meta property=\"og:image\" content=\"http:\/\/inmondo.pl\/wp-content\/uploads\/2022\/12\/2019_09_INMONDO_PACKSHOTY-19886.jpg\" \/>\n\t<meta property=\"og:image:width\" content=\"794\" \/>\n\t<meta property=\"og:image:height\" content=\"600\" \/>\n\t<meta property=\"og:image:type\" content=\"image\/jpeg\" \/>\n<meta name=\"twitter:card\" content=\"summary_large_image\" \/>\n<meta name=\"twitter:label1\" content=\"Estimated reading time\" \/>\n\t<meta name=\"twitter:data1\" content=\"3 minutes\" \/>\n<script type=\"application\/ld+json\" class=\"yoast-schema-graph\">{\"@context\":\"https:\\\/\\\/schema.org\",\"@graph\":[{\"@type\":\"WebPage\",\"@id\":\"https:\\\/\\\/inmondo.pl\\\/sklep\\\/elementy\\\/lozka-pietrowe\\\/nooi-lozko-pietrowe\\\/\",\"url\":\"https:\\\/\\\/inmondo.pl\\\/sklep\\\/elementy\\\/lozka-pietrowe\\\/nooi-lozko-pietrowe\\\/\",\"name\":\"Nooi - \u0141\u00f3\u017cko pi\u0119trowe - WYPRZEDA\u017b - Inmondo\",\"isPartOf\":{\"@id\":\"https:\\\/\\\/inmondo.pl\\\/#website\"},\"primaryImageOfPage\":{\"@id\":\"https:\\\/\\\/inmondo.pl\\\/sklep\\\/elementy\\\/lozka-pietrowe\\\/nooi-lozko-pietrowe\\\/#primaryimage\"},\"image\":{\"@id\":\"https:\\\/\\\/inmondo.pl\\\/sklep\\\/elementy\\\/lozka-pietrowe\\\/nooi-lozko-pietrowe\\\/#primaryimage\"},\"thumbnailUrl\":\"https:\\\/\\\/inmondo.pl\\\/wp-content\\\/uploads\\\/2022\\\/12\\\/2019_09_INMONDO_PACKSHOTY-19886.jpg\",\"datePublished\":\"2022-12-28T14:32:39+00:00\",\"dateModified\":\"2026-04-08T13:09:36+00:00\",\"description\":\"Ponadczasowa i uniwersalna forma wpasuje si\u0119 w ka\u017cde wn\u0119trze. \u0141\u00f3\u017cko pi\u0119trowe Nooi zapewnia bezpieczny i komfortowy wypoczynek dla dw\u00f3jki dzieci.\",\"breadcrumb\":{\"@id\":\"https:\\\/\\\/inmondo.pl\\\/sklep\\\/elementy\\\/lozka-pietrowe\\\/nooi-lozko-pietrowe\\\/#breadcrumb\"},\"inLanguage\":\"en-GB\",\"potentialAction\":[{\"@type\":\"ReadAction\",\"target\":[\"https:\\\/\\\/inmondo.pl\\\/sklep\\\/elementy\\\/lozka-pietrowe\\\/nooi-lozko-pietrowe\\\/\"]}]},{\"@type\":\"ImageObject\",\"inLanguage\":\"en-GB\",\"@id\":\"https:\\\/\\\/inmondo.pl\\\/sklep\\\/elementy\\\/lozka-pietrowe\\\/nooi-lozko-pietrowe\\\/#primaryimage\",\"url\":\"https:\\\/\\\/inmondo.pl\\\/wp-content\\\/uploads\\\/2022\\\/12\\\/2019_09_INMONDO_PACKSHOTY-19886.jpg\",\"contentUrl\":\"https:\\\/\\\/inmondo.pl\\\/wp-content\\\/uploads\\\/2022\\\/12\\\/2019_09_INMONDO_PACKSHOTY-19886.jpg\",\"width\":794,\"height\":600,\"caption\":\"\u0142\u00f3\u017cko pi\u0119trowe z kolekcji Nooi\"},{\"@type\":\"BreadcrumbList\",\"@id\":\"https:\\\/\\\/inmondo.pl\\\/sklep\\\/elementy\\\/lozka-pietrowe\\\/nooi-lozko-pietrowe\\\/#breadcrumb\",\"itemListElement\":[{\"@type\":\"ListItem\",\"position\":1,\"name\":\"Strona g\u0142\u00f3wna\",\"item\":\"https:\\\/\\\/inmondo.pl\\\/\"},{\"@type\":\"ListItem\",\"position\":2,\"name\":\"Oferta Inmondo: spe\u0142niamy marzenia i wymagania\",\"item\":\"https:\\\/\\\/inmondo.pl\\\/sklep\\\/\"},{\"@type\":\"ListItem\",\"position\":3,\"name\":\"kolekcje\",\"item\":\"https:\\\/\\\/inmondo.pl\\\/de\\\/sklep\\\/kolekcje\\\/\"},{\"@type\":\"ListItem\",\"position\":4,\"name\":\"Nooi\",\"item\":\"https:\\\/\\\/inmondo.pl\\\/sklep\\\/kolekcje\\\/nooi\\\/\"},{\"@type\":\"ListItem\",\"position\":5,\"name\":\"Nooi &#8211; \u0141\u00f3\u017cko pi\u0119trowe &#8211; WYPRZEDA\u017b\"}]},{\"@type\":\"WebSite\",\"@id\":\"https:\\\/\\\/inmondo.pl\\\/#website\",\"url\":\"https:\\\/\\\/inmondo.pl\\\/\",\"name\":\"Inmondo\",\"description\":\"\",\"potentialAction\":[{\"@type\":\"SearchAction\",\"target\":{\"@type\":\"EntryPoint\",\"urlTemplate\":\"https:\\\/\\\/inmondo.pl\\\/?s={search_term_string}\"},\"query-input\":{\"@type\":\"PropertyValueSpecification\",\"valueRequired\":true,\"valueName\":\"search_term_string\"}}],\"inLanguage\":\"en-GB\"}]}<\/script>\n<!-- \/ Yoast SEO plugin. -->","yoast_head_json":{"title":"Nooi - Bunk bed - CLEARANCE SALE - Inmondo","description":"The timeless and universal form will fit into any interior. The Nooi bunk bed provides a safe and comfortable rest for two children.","robots":{"index":"index","follow":"follow","max-snippet":"max-snippet:-1","max-image-preview":"max-image-preview:large","max-video-preview":"max-video-preview:-1"},"canonical":"https:\/\/inmondo.pl\/en\/sklep\/elementy\/lozka-pietrowe\/nooi-lozko-pietrowe\/","og_locale":"en_GB","og_type":"article","og_title":"Nooi - \u0141\u00f3\u017cko pi\u0119trowe - WYPRZEDA\u017b - Inmondo","og_description":"Ponadczasowa i uniwersalna forma wpasuje si\u0119 w ka\u017cde wn\u0119trze. \u0141\u00f3\u017cko pi\u0119trowe Nooi zapewnia bezpieczny i komfortowy wypoczynek dla dw\u00f3jki dzieci.","og_url":"https:\/\/inmondo.pl\/en\/sklep\/elementy\/lozka-pietrowe\/nooi-lozko-pietrowe\/","og_site_name":"Inmondo","article_modified_time":"2026-04-08T13:09:36+00:00","og_image":[{"width":794,"height":600,"url":"http:\/\/inmondo.pl\/wp-content\/uploads\/2022\/12\/2019_09_INMONDO_PACKSHOTY-19886.jpg","type":"image\/jpeg"}],"twitter_card":"summary_large_image","twitter_misc":{"Estimated reading time":"3 minutes"},"schema":{"@context":"https:\/\/schema.org","@graph":[{"@type":"WebPage","@id":"https:\/\/inmondo.pl\/sklep\/elementy\/lozka-pietrowe\/nooi-lozko-pietrowe\/","url":"https:\/\/inmondo.pl\/sklep\/elementy\/lozka-pietrowe\/nooi-lozko-pietrowe\/","name":"Nooi - Bunk bed - CLEARANCE SALE - Inmondo","isPartOf":{"@id":"https:\/\/inmondo.pl\/#website"},"primaryImageOfPage":{"@id":"https:\/\/inmondo.pl\/sklep\/elementy\/lozka-pietrowe\/nooi-lozko-pietrowe\/#primaryimage"},"image":{"@id":"https:\/\/inmondo.pl\/sklep\/elementy\/lozka-pietrowe\/nooi-lozko-pietrowe\/#primaryimage"},"thumbnailUrl":"https:\/\/inmondo.pl\/wp-content\/uploads\/2022\/12\/2019_09_INMONDO_PACKSHOTY-19886.jpg","datePublished":"2022-12-28T14:32:39+00:00","dateModified":"2026-04-08T13:09:36+00:00","description":"The timeless and universal form will fit into any interior. The Nooi bunk bed provides a safe and comfortable rest for two children.","breadcrumb":{"@id":"https:\/\/inmondo.pl\/sklep\/elementy\/lozka-pietrowe\/nooi-lozko-pietrowe\/#breadcrumb"},"inLanguage":"en-GB","potentialAction":[{"@type":"ReadAction","target":["https:\/\/inmondo.pl\/sklep\/elementy\/lozka-pietrowe\/nooi-lozko-pietrowe\/"]}]},{"@type":"ImageObject","inLanguage":"en-GB","@id":"https:\/\/inmondo.pl\/sklep\/elementy\/lozka-pietrowe\/nooi-lozko-pietrowe\/#primaryimage","url":"https:\/\/inmondo.pl\/wp-content\/uploads\/2022\/12\/2019_09_INMONDO_PACKSHOTY-19886.jpg","contentUrl":"https:\/\/inmondo.pl\/wp-content\/uploads\/2022\/12\/2019_09_INMONDO_PACKSHOTY-19886.jpg","width":794,"height":600,"caption":"\u0142\u00f3\u017cko pi\u0119trowe z kolekcji Nooi"},{"@type":"BreadcrumbList","@id":"https:\/\/inmondo.pl\/sklep\/elementy\/lozka-pietrowe\/nooi-lozko-pietrowe\/#breadcrumb","itemListElement":[{"@type":"ListItem","position":1,"name":"Strona g\u0142\u00f3wna","item":"https:\/\/inmondo.pl\/"},{"@type":"ListItem","position":2,"name":"Oferta Inmondo: spe\u0142niamy marzenia i wymagania","item":"https:\/\/inmondo.pl\/sklep\/"},{"@type":"ListItem","position":3,"name":"kolekcje","item":"https:\/\/inmondo.pl\/de\/sklep\/kolekcje\/"},{"@type":"ListItem","position":4,"name":"Nooi","item":"https:\/\/inmondo.pl\/sklep\/kolekcje\/nooi\/"},{"@type":"ListItem","position":5,"name":"Nooi &#8211; \u0141\u00f3\u017cko pi\u0119trowe &#8211; WYPRZEDA\u017b"}]},{"@type":"WebSite","@id":"https:\/\/inmondo.pl\/#website","url":"https:\/\/inmondo.pl\/","name":"Inmondo","description":"","potentialAction":[{"@type":"SearchAction","target":{"@type":"EntryPoint","urlTemplate":"https:\/\/inmondo.pl\/?s={search_term_string}"},"query-input":{"@type":"PropertyValueSpecification","valueRequired":true,"valueName":"search_term_string"}}],"inLanguage":"en-GB"}]}},"wcpa_form_fields":{"wcpaData":{"product":{"product_price":3390,"price_html":"<del aria-hidden=\"true\"><span class=\"woocommerce-Price-amount amount\">4 390&nbsp;<span class=\"woocommerce-Price-currencySymbol\">&#122;&#322;<\/span><\/span><\/del> <span class=\"screen-reader-text\">Pierwotna cena wynosi\u0142a: 4 390&nbsp;&#122;&#322;.<\/span><ins aria-hidden=\"true\"><span class=\"woocommerce-Price-amount amount\">3 390&nbsp;<span class=\"woocommerce-Price-currencySymbol\">&#122;&#322;<\/span><\/span><\/ins><span class=\"screen-reader-text\">Aktualna cena wynosi: 3 390&nbsp;&#122;&#322;.<\/span>","original_product_price":4390,"price_including_tax":3390,"price_excluding_tax":2756.097561,"product_id":{"parent":4808,"variation":false},"is_variable":false,"stock_status":"instock","stock_quantity":5,"parent_sku":"4808","product_attributes":{"pa_kolor":{"is_variation":false,"values":["jasny-szary"]}},"custom_fields":[],"is_taxable":true},"fields":{"sec_1696f5a6be71bd":{"extra":{"key":"sec_1696f5a6be71bd","section_id":"sec_1696f5a6be71bd","name":"Default","status":1,"cl_rule":"show","enableCl":false,"relations":[],"toggle":true,"title_tag":"h3","show_title":false,"showPrice":"default","form_id":11983,"form_rules":{"exclude_from_discount":false,"fee_label":"Fee","disp_hide_options_price":false,"disp_show_section_price":false,"disp_show_field_price":false,"layout_option":"standard","pric_use_as_fee":false,"process_fee_as":"woo_fee"},"layout_option":"standard"},"fields":[]}},"config":{"price_override":"","enable_recaptcha":false,"bind_quantity":false,"quantity_bind_formula":"","disp_summ_show_option_price":true,"disp_summ_show_product_price":true,"disp_summ_show_total_price":true,"disp_summ_show_fee":false,"disp_summ_show_discount":false,"summary_title":"","options_total_label":"Cena wariant\u00f3w","total_label":"\u0141\u0105cznie","options_product_label":"Cena produktu","fee_label":"Fee","discount_label":"Obni\u017cka","has_price":false,"has_quantity_formula":false},"mc_unit":1,"tax_rate":1,"tax_rate_real":0.23,"discount":{"percentage":0,"fixed":0},"design":{"conf":{"LabelPosition":"above","DescPosition":"above","UploadField":"custom_1","QuantityFieldStyle":"default"},"css":{"LeftLabelWidth":"120px"}},"formulas":[],"clones":false,"cartKey":false}},"_links":{"self":[{"href":"https:\/\/inmondo.pl\/en\/wp-json\/wp\/v2\/product\/4808","targetHints":{"allow":["GET"]}}],"collection":[{"href":"https:\/\/inmondo.pl\/en\/wp-json\/wp\/v2\/product"}],"about":[{"href":"https:\/\/inmondo.pl\/en\/wp-json\/wp\/v2\/types\/product"}],"replies":[{"embeddable":true,"href":"https:\/\/inmondo.pl\/en\/wp-json\/wp\/v2\/comments?post=4808"}],"wp:featuredmedia":[{"embeddable":true,"href":"https:\/\/inmondo.pl\/en\/wp-json\/wp\/v2\/media\/4809"}],"wp:attachment":[{"href":"https:\/\/inmondo.pl\/en\/wp-json\/wp\/v2\/media?parent=4808"}],"wp:term":[{"taxonomy":"product_brand","embeddable":true,"href":"https:\/\/inmondo.pl\/en\/wp-json\/wp\/v2\/product_brand?post=4808"},{"taxonomy":"product_cat","embeddable":true,"href":"https:\/\/inmondo.pl\/en\/wp-json\/wp\/v2\/product_cat?post=4808"},{"taxonomy":"product_tag","embeddable":true,"href":"https:\/\/inmondo.pl\/en\/wp-json\/wp\/v2\/product_tag?post=4808"}],"curies":[{"name":"wp","href":"https:\/\/api.w.org\/{rel}","templated":true}]}}