{"id":4701,"date":"2022-12-02T15:01:00","date_gmt":"2022-12-02T14:01:00","guid":{"rendered":"https:\/\/inmondo.pl\/?post_type=product&#038;p=4701"},"modified":"2022-12-28T22:31:56","modified_gmt":"2022-12-28T21:31:56","slug":"nooi-szafka-1d","status":"publish","type":"product","link":"https:\/\/inmondo.pl\/en\/sklep\/elementy\/regaly\/nooi-szafka-1d\/","title":{"rendered":"Nooi Cabinet 1D"},"content":{"rendered":"<p>To make shopping easier, we have prepared ready-made furniture sets.<\/p>\n\n\n\n<p>You can choose your own front colours for each set.<\/p>\n\n\n\n<p>There are 3 ready-made furniture sets to choose from. Thoughtfully designed to meet all children's needs.<\/p>\n\n\n\n<p>Storage areas, shelves where children's treasures can be displayed.<\/p>\n\n\n\n<p>All tailored to make the most of the children's room space.<\/p>\n\n\n\n<p>The combination of robust materials, the use of environmentally and child-friendly water-based varnishes - this is the basis of the Nooi collection.<\/p>\n\n\n\n<p>In addition to quality, we focus on design, and this could not be missing from the Nooi collection either.<\/p>\n\n\n\n<p>The furniture will certainly serve the children for many years.<\/p>","protected":false},"excerpt":{"rendered":"<p><strong>Cupboard for the children's room - a combination of a bookcase and a lockable cupboard.<\/strong><\/p>\n<p>&nbsp;<\/p>\n<p>The cabinet will make an interesting design element in your child's room.<\/p>\n<p>It will be a good choice for those who prefer minimalism and simple forms and fans of modern solutions.<\/p>\n<p>&nbsp;<\/p>\n<p>Our cabinets can be combined with each other, superstructure, adding half-shelves, a desk.<\/p>\n<p>The 2D Cabinet will form an ideal set with the 1D Cabinet, the Semi-bridge and the Modular Desk.<\/p>\n<p>&nbsp;<\/p>\n<p>&nbsp;<\/p>\n<p>If you want to combine different elements of the Nooi collection, check out our <a href=\"https:\/\/inmondo.pl\/wp-content\/uploads\/2022\/12\/Instrukcja-Kolekcji-Nooi-3.pdf\"><strong>instructions<\/strong><\/a><\/p>\n<p>&nbsp;<\/p>\n<p>When placing your order, please select the colour of the front and the side on which the door is to be fitted.<\/p>\n<p>&nbsp;<\/p>\n<p>&nbsp;<\/p>","protected":false},"featured_media":4734,"comment_status":"open","ping_status":"closed","template":"","meta":{"_acf_changed":false},"product_brand":[],"product_cat":[15,98,38],"product_tag":[],"class_list":{"0":"post-4701","1":"product","2":"type-product","3":"status-publish","4":"has-post-thumbnail","6":"product_cat-bez-kategorii","7":"product_cat-nooi","8":"product_cat-regaly","10":"first","11":"onbackorder","12":"taxable","13":"shipping-taxable","14":"purchasable","15":"product-type-variable","16":"has-default-attributes"},"acf":{"sections_woocommerce":[{"acf_fc_layout":"section_menu","is_active":true,"repeater":[{"text":"Opis","link":"#opis"},{"text":"Kolekcja","link":"#kolekcja"},{"text":"Lookbook","link":"#lookbook"},{"text":"Opinie","link":"opinie"}]},{"acf_fc_layout":"section_woocommerce_text_image","is_active":true,"anchor":"#opis","text_align":"textAlign--left","grid_width":"main","wysiwyg":"<h2>Kolekcja Nooi &#8211; Szafka 1D<\/h2>\n<p>Zamykana z\u00a0jednej strony szafka, pomie\u015bci wszystkie skarby dziecka.<\/p>\n<p>Opr\u00f3cz zamkni\u0119tej cz\u0119\u015bci, szafka posiada woln\u0105 przestrze\u0144 rega\u0142ow\u0105.<\/p>\n<p>&nbsp;<\/p>\n<p>Nasze szafki mo\u017cna \u0142\u0105czy\u0107 ze sob\u0105, nadbudowywa\u0107, dok\u0142ada\u0107 p\u00f3l-rega\u0142y, biurko.<\/p>\n<p>Szafka 1D stworzy zestaw idealny z\u00a0Szafk\u0105 2D, P\u00f3\u0142-rega\u0142em oraz\u00a0Biurkiem modu\u0142owym.<\/p>\n<p>&nbsp;<\/p>\n<p>&nbsp;<\/p>\n<p>Je\u017celi\u00a0chcesz \u0142\u0105czy\u0107 ze sob\u0105 r\u00f3\u017cne elementy kolekcji Nooi &#8211; sprawd\u017a nasz\u0105 <a href=\"https:\/\/inmondo.pl\/wp-content\/uploads\/2022\/12\/Instrukcja-Kolekcji-Nooi-3.pdf\"><strong>instrukcj\u0119<\/strong><\/a><\/p>\n<p>&nbsp;<\/p>\n<p>Wybierz swoje kolory front\u00f3w &#8211; dost\u0119pne s\u0105 4 kolory: szary, niebieski, r\u00f3\u017cowy oraz\u00a0\u017c\u00f3\u0142ty.<\/p>\n<p>Drzwi szafki posiadaj\u0105 zawiasy zapewniaj\u0105ce cichy domyk.<\/p>\n","image":"https:\/\/inmondo.pl\/wp-content\/uploads\/2022\/12\/mini_2022_09_INMONDO_GROW_8097.jpg"},{"acf_fc_layout":"section_woocommerce_text_image","is_active":true,"anchor":"#kolekcja","text_align":"textAlign--right","grid_width":"full","wysiwyg":"<h2>Kolekcja Nooi<\/h2>\n<p>&nbsp;<\/p>\n<p>Dzieci i\u00a0ich potrzeby nieustannie si\u0119 zmieniaj\u0105.<\/p>\n<p>Staramy si\u0119 by\u0107 ca\u0142y czas na\u00a0bie\u017c\u0105co, wdra\u017ca\u0107 nowe pomys\u0142y, szuka\u0107 nowych inspiracji.<\/p>\n<p>Taka w\u0142a\u015bnie jest kolekcja Nooi<strong>. <\/strong><\/p>\n<p>Dzi\u0119ki specjalnemu systemowi sami zdecydujecie, jak b\u0119dzie wygl\u0105da\u0142a Wasza przestrze\u0144.<\/p>\n<p>Kolekcja modu\u0142owa to nasze zaproszenie dla\u00a0rodzic\u00f3w z\u00a0dzie\u0107mi do\u00a0podejmowania wsp\u00f3lnych decyzji co do\u00a0aran\u017cacji dzieci\u0119cego pokoju.<\/p>\n<p>Wybierajcie z\u00a0wielu element\u00f3w kolekcji, po\u0142\u0105czcie je z\u00a0wyj\u0105tkowymi kolorami front\u00f3w, i\u00a0tak oto powstanie Wasz unikalny projekt!<\/p>\n","image":"https:\/\/inmondo.pl\/wp-content\/uploads\/2022\/12\/mini_2022_09_INMONDO_GROW_8073.jpg"},{"acf_fc_layout":"section_woocommerce_opinions","is_active":true,"anchor":"#opinie"},{"acf_fc_layout":"section_woocommerce_lookbook","is_active":true,"anchor":"#lookbook","header":"","repeater":[{"shortcode":"[woocommerce_lookbook id=\"4957\"]"},{"shortcode":"[woocommerce_lookbook id=\"4960\"]"},{"shortcode":"[woocommerce_lookbook id=\"4958\"]"}]}],"wymiary":"szeroko\u015b\u0107: 81 cm<br \/>\r\ng\u0142\u0119boko\u015b\u0107 szafki: 43 cm<br \/>\r\nwysoko\u015b\u0107: 60 cm","materialy":"Korpusy: - MDF<br \/>\r\nFronty: - MDF<br \/>\r\nP\u00f3\u0142ki: - MDF<br \/>\r\nNogi: - d\u0105b lity"},"yoast_head":"<!-- This site is optimized with the Yoast SEO plugin v27.3 - https:\/\/yoast.com\/product\/yoast-seo-wordpress\/ -->\n<title>Nooi Szafka 1D - Inmondo<\/title>\n<meta name=\"description\" content=\"Kolekcja modu\u0142owa to nasze zaproszenie dla\u00a0rodzic\u00f3w z\u00a0dzie\u0107mi do\u00a0podejmowania wsp\u00f3lnych decyzji co do\u00a0aran\u017cacji dzieci\u0119cego pokoju.\" \/>\n<meta name=\"robots\" content=\"index, follow, max-snippet:-1, max-image-preview:large, max-video-preview:-1\" \/>\n<link rel=\"canonical\" href=\"https:\/\/inmondo.pl\/en\/sklep\/elementy\/regaly\/nooi-szafka-1d\/\" \/>\n<meta property=\"og:locale\" content=\"en_GB\" \/>\n<meta property=\"og:type\" content=\"article\" \/>\n<meta property=\"og:title\" content=\"Nooi Szafka 1D - Inmondo\" \/>\n<meta property=\"og:description\" content=\"Kolekcja modu\u0142owa to nasze zaproszenie dla\u00a0rodzic\u00f3w z\u00a0dzie\u0107mi do\u00a0podejmowania wsp\u00f3lnych decyzji co do\u00a0aran\u017cacji dzieci\u0119cego pokoju.\" \/>\n<meta property=\"og:url\" content=\"https:\/\/inmondo.pl\/en\/sklep\/elementy\/regaly\/nooi-szafka-1d\/\" \/>\n<meta property=\"og:site_name\" content=\"Inmondo\" \/>\n<meta property=\"article:modified_time\" content=\"2022-12-28T21:31:56+00:00\" \/>\n<meta property=\"og:image\" content=\"http:\/\/inmondo.pl\/wp-content\/uploads\/2022\/11\/NOOI3-scaled.jpg\" \/>\n\t<meta property=\"og:image:width\" content=\"1920\" \/>\n\t<meta property=\"og:image:height\" content=\"1508\" \/>\n\t<meta property=\"og:image:type\" content=\"image\/jpeg\" \/>\n<meta name=\"twitter:card\" content=\"summary_large_image\" \/>\n<meta name=\"twitter:label1\" content=\"Estimated reading time\" \/>\n\t<meta name=\"twitter:data1\" content=\"1 minute\" \/>\n<script type=\"application\/ld+json\" class=\"yoast-schema-graph\">{\"@context\":\"https:\\\/\\\/schema.org\",\"@graph\":[{\"@type\":\"WebPage\",\"@id\":\"https:\\\/\\\/inmondo.pl\\\/sklep\\\/elementy\\\/regaly\\\/nooi-szafka-1d\\\/\",\"url\":\"https:\\\/\\\/inmondo.pl\\\/sklep\\\/elementy\\\/regaly\\\/nooi-szafka-1d\\\/\",\"name\":\"Nooi Szafka 1D - Inmondo\",\"isPartOf\":{\"@id\":\"https:\\\/\\\/inmondo.pl\\\/#website\"},\"primaryImageOfPage\":{\"@id\":\"https:\\\/\\\/inmondo.pl\\\/sklep\\\/elementy\\\/regaly\\\/nooi-szafka-1d\\\/#primaryimage\"},\"image\":{\"@id\":\"https:\\\/\\\/inmondo.pl\\\/sklep\\\/elementy\\\/regaly\\\/nooi-szafka-1d\\\/#primaryimage\"},\"thumbnailUrl\":\"https:\\\/\\\/inmondo.pl\\\/wp-content\\\/uploads\\\/2022\\\/11\\\/NOOI3-scaled.jpg\",\"datePublished\":\"2022-12-02T14:01:00+00:00\",\"dateModified\":\"2022-12-28T21:31:56+00:00\",\"description\":\"Kolekcja modu\u0142owa to nasze zaproszenie dla\u00a0rodzic\u00f3w z\u00a0dzie\u0107mi do\u00a0podejmowania wsp\u00f3lnych decyzji co do\u00a0aran\u017cacji dzieci\u0119cego pokoju.\",\"breadcrumb\":{\"@id\":\"https:\\\/\\\/inmondo.pl\\\/sklep\\\/elementy\\\/regaly\\\/nooi-szafka-1d\\\/#breadcrumb\"},\"inLanguage\":\"en-GB\",\"potentialAction\":[{\"@type\":\"ReadAction\",\"target\":[\"https:\\\/\\\/inmondo.pl\\\/sklep\\\/elementy\\\/regaly\\\/nooi-szafka-1d\\\/\"]}]},{\"@type\":\"ImageObject\",\"inLanguage\":\"en-GB\",\"@id\":\"https:\\\/\\\/inmondo.pl\\\/sklep\\\/elementy\\\/regaly\\\/nooi-szafka-1d\\\/#primaryimage\",\"url\":\"https:\\\/\\\/inmondo.pl\\\/wp-content\\\/uploads\\\/2022\\\/11\\\/NOOI3-scaled.jpg\",\"contentUrl\":\"https:\\\/\\\/inmondo.pl\\\/wp-content\\\/uploads\\\/2022\\\/11\\\/NOOI3-scaled.jpg\",\"width\":1920,\"height\":1508},{\"@type\":\"BreadcrumbList\",\"@id\":\"https:\\\/\\\/inmondo.pl\\\/sklep\\\/elementy\\\/regaly\\\/nooi-szafka-1d\\\/#breadcrumb\",\"itemListElement\":[{\"@type\":\"ListItem\",\"position\":1,\"name\":\"Strona g\u0142\u00f3wna\",\"item\":\"https:\\\/\\\/inmondo.pl\\\/\"},{\"@type\":\"ListItem\",\"position\":2,\"name\":\"Oferta Inmondo: spe\u0142niamy marzenia i wymagania\",\"item\":\"https:\\\/\\\/inmondo.pl\\\/sklep\\\/\"},{\"@type\":\"ListItem\",\"position\":3,\"name\":\"kolekcje\",\"item\":\"https:\\\/\\\/inmondo.pl\\\/de\\\/sklep\\\/kolekcje\\\/\"},{\"@type\":\"ListItem\",\"position\":4,\"name\":\"Nooi\",\"item\":\"https:\\\/\\\/inmondo.pl\\\/sklep\\\/kolekcje\\\/nooi\\\/\"},{\"@type\":\"ListItem\",\"position\":5,\"name\":\"Nooi Szafka 1D\"}]},{\"@type\":\"WebSite\",\"@id\":\"https:\\\/\\\/inmondo.pl\\\/#website\",\"url\":\"https:\\\/\\\/inmondo.pl\\\/\",\"name\":\"Inmondo\",\"description\":\"\",\"potentialAction\":[{\"@type\":\"SearchAction\",\"target\":{\"@type\":\"EntryPoint\",\"urlTemplate\":\"https:\\\/\\\/inmondo.pl\\\/?s={search_term_string}\"},\"query-input\":{\"@type\":\"PropertyValueSpecification\",\"valueRequired\":true,\"valueName\":\"search_term_string\"}}],\"inLanguage\":\"en-GB\"}]}<\/script>\n<!-- \/ Yoast SEO plugin. -->","yoast_head_json":{"title":"Nooi Cabinet 1D - Inmondo","description":"The modular collection is our invitation to parents and children to make joint decisions about the arrangement of the children's room.","robots":{"index":"index","follow":"follow","max-snippet":"max-snippet:-1","max-image-preview":"max-image-preview:large","max-video-preview":"max-video-preview:-1"},"canonical":"https:\/\/inmondo.pl\/en\/sklep\/elementy\/regaly\/nooi-szafka-1d\/","og_locale":"en_GB","og_type":"article","og_title":"Nooi Szafka 1D - Inmondo","og_description":"Kolekcja modu\u0142owa to nasze zaproszenie dla\u00a0rodzic\u00f3w z\u00a0dzie\u0107mi do\u00a0podejmowania wsp\u00f3lnych decyzji co do\u00a0aran\u017cacji dzieci\u0119cego pokoju.","og_url":"https:\/\/inmondo.pl\/en\/sklep\/elementy\/regaly\/nooi-szafka-1d\/","og_site_name":"Inmondo","article_modified_time":"2022-12-28T21:31:56+00:00","og_image":[{"width":1920,"height":1508,"url":"http:\/\/inmondo.pl\/wp-content\/uploads\/2022\/11\/NOOI3-scaled.jpg","type":"image\/jpeg"}],"twitter_card":"summary_large_image","twitter_misc":{"Estimated reading time":"1 minute"},"schema":{"@context":"https:\/\/schema.org","@graph":[{"@type":"WebPage","@id":"https:\/\/inmondo.pl\/sklep\/elementy\/regaly\/nooi-szafka-1d\/","url":"https:\/\/inmondo.pl\/sklep\/elementy\/regaly\/nooi-szafka-1d\/","name":"Nooi Cabinet 1D - Inmondo","isPartOf":{"@id":"https:\/\/inmondo.pl\/#website"},"primaryImageOfPage":{"@id":"https:\/\/inmondo.pl\/sklep\/elementy\/regaly\/nooi-szafka-1d\/#primaryimage"},"image":{"@id":"https:\/\/inmondo.pl\/sklep\/elementy\/regaly\/nooi-szafka-1d\/#primaryimage"},"thumbnailUrl":"https:\/\/inmondo.pl\/wp-content\/uploads\/2022\/11\/NOOI3-scaled.jpg","datePublished":"2022-12-02T14:01:00+00:00","dateModified":"2022-12-28T21:31:56+00:00","description":"The modular collection is our invitation to parents and children to make joint decisions about the arrangement of the children's room.","breadcrumb":{"@id":"https:\/\/inmondo.pl\/sklep\/elementy\/regaly\/nooi-szafka-1d\/#breadcrumb"},"inLanguage":"en-GB","potentialAction":[{"@type":"ReadAction","target":["https:\/\/inmondo.pl\/sklep\/elementy\/regaly\/nooi-szafka-1d\/"]}]},{"@type":"ImageObject","inLanguage":"en-GB","@id":"https:\/\/inmondo.pl\/sklep\/elementy\/regaly\/nooi-szafka-1d\/#primaryimage","url":"https:\/\/inmondo.pl\/wp-content\/uploads\/2022\/11\/NOOI3-scaled.jpg","contentUrl":"https:\/\/inmondo.pl\/wp-content\/uploads\/2022\/11\/NOOI3-scaled.jpg","width":1920,"height":1508},{"@type":"BreadcrumbList","@id":"https:\/\/inmondo.pl\/sklep\/elementy\/regaly\/nooi-szafka-1d\/#breadcrumb","itemListElement":[{"@type":"ListItem","position":1,"name":"Strona g\u0142\u00f3wna","item":"https:\/\/inmondo.pl\/"},{"@type":"ListItem","position":2,"name":"Oferta Inmondo: spe\u0142niamy marzenia i wymagania","item":"https:\/\/inmondo.pl\/sklep\/"},{"@type":"ListItem","position":3,"name":"kolekcje","item":"https:\/\/inmondo.pl\/de\/sklep\/kolekcje\/"},{"@type":"ListItem","position":4,"name":"Nooi","item":"https:\/\/inmondo.pl\/sklep\/kolekcje\/nooi\/"},{"@type":"ListItem","position":5,"name":"Nooi Szafka 1D"}]},{"@type":"WebSite","@id":"https:\/\/inmondo.pl\/#website","url":"https:\/\/inmondo.pl\/","name":"Inmondo","description":"","potentialAction":[{"@type":"SearchAction","target":{"@type":"EntryPoint","urlTemplate":"https:\/\/inmondo.pl\/?s={search_term_string}"},"query-input":{"@type":"PropertyValueSpecification","valueRequired":true,"valueName":"search_term_string"}}],"inLanguage":"en-GB"}]}},"wcpa_form_fields":null,"_links":{"self":[{"href":"https:\/\/inmondo.pl\/en\/wp-json\/wp\/v2\/product\/4701","targetHints":{"allow":["GET"]}}],"collection":[{"href":"https:\/\/inmondo.pl\/en\/wp-json\/wp\/v2\/product"}],"about":[{"href":"https:\/\/inmondo.pl\/en\/wp-json\/wp\/v2\/types\/product"}],"replies":[{"embeddable":true,"href":"https:\/\/inmondo.pl\/en\/wp-json\/wp\/v2\/comments?post=4701"}],"wp:featuredmedia":[{"embeddable":true,"href":"https:\/\/inmondo.pl\/en\/wp-json\/wp\/v2\/media\/4734"}],"wp:attachment":[{"href":"https:\/\/inmondo.pl\/en\/wp-json\/wp\/v2\/media?parent=4701"}],"wp:term":[{"taxonomy":"product_brand","embeddable":true,"href":"https:\/\/inmondo.pl\/en\/wp-json\/wp\/v2\/product_brand?post=4701"},{"taxonomy":"product_cat","embeddable":true,"href":"https:\/\/inmondo.pl\/en\/wp-json\/wp\/v2\/product_cat?post=4701"},{"taxonomy":"product_tag","embeddable":true,"href":"https:\/\/inmondo.pl\/en\/wp-json\/wp\/v2\/product_tag?post=4701"}],"curies":[{"name":"wp","href":"https:\/\/api.w.org\/{rel}","templated":true}]}}