{"id":4600,"date":"2022-11-09T12:19:24","date_gmt":"2022-11-09T11:19:24","guid":{"rendered":"https:\/\/inmondo.pl\/?post_type=product&#038;p=4600"},"modified":"2026-04-16T12:32:15","modified_gmt":"2026-04-16T10:32:15","slug":"kontenerek-pod-biurko","status":"publish","type":"product","link":"https:\/\/inmondo.pl\/en\/sklep\/elementy\/biurka\/kontenerek-pod-biurko\/","title":{"rendered":"Desk pedestal"},"content":{"rendered":"<h1 class=\"wp-block-heading has-medium-font-size\"><strong>If you need extra space for your child's school supplies, the desk pedestal is the perfect solution. <\/strong><\/h1>\n\n\n\n<h1 class=\"wp-block-heading has-medium-font-size\"><strong>Three capacious drawers will hold everything your child needs for playing and learning. We used a birch wood construction, which blends perfectly with the white (or grey) elements.<\/strong><\/h1>","protected":false},"excerpt":{"rendered":"<p><!-- wp:heading {\"level\":1} --><\/p>\n<p>If you need extra space for your child's school supplies, the desk pedestal is the perfect solution.<\/p>\n<p><!-- \/wp:heading --><\/p>\n<p><!-- wp:heading {\"level\":1} --><\/p>\n<p>Three capacious drawers will hold everything your child needs for playing and learning. We used a birch wood construction, which blends perfectly with the white (or grey) elements.<\/p>\n<p>&nbsp;<\/p>\n<p>The pedestal is also ideal as a bedside table.<\/p>\n<p>&nbsp;<\/p>\n<h6>\u00a0<\/h6>\n<p><!-- \/wp:heading --><\/p>","protected":false},"featured_media":4604,"comment_status":"open","ping_status":"closed","template":"","meta":{"_acf_changed":false},"product_brand":[],"product_cat":[29,20,18,30,99],"product_tag":[],"class_list":{"0":"post-4600","1":"product","2":"type-product","3":"status-publish","4":"has-post-thumbnail","6":"product_cat-biurka","7":"product_cat-elementy","8":"product_cat-funflex","9":"product_cat-komody","10":"product_cat-meble-dostepne","12":"first","13":"onbackorder","14":"featured","15":"taxable","16":"shipping-taxable","17":"purchasable","18":"product-type-variable","19":"has-default-attributes"},"acf":{"sections_woocommerce":[{"acf_fc_layout":"section_menu","is_active":true,"repeater":[{"text":"Opis","link":"#opis"},{"text":"Lookbook","link":"#lookbook"},{"text":"Opinie","link":"#opinie"},{"text":"Inne produkty","link":"#inneprodukty"}]},{"acf_fc_layout":"section_woocommerce_text_image","is_active":true,"anchor":"opis","text_align":"textAlign--left","grid_width":"main","wysiwyg":"<p>Przestrze\u0144 do\u00a0nauki to bardzo wa\u017cna cze\u015b\u0107 pokoju dziecka. Aby\u00a0by\u0142a w\u00a0pe\u0142ni funkcjonalna opr\u00f3cz wygodnego biurka, konieczne jest stworzenie miejsca do\u00a0przechowywania.<\/p>\n<p>Kredki, farby, zeszyty i\u00a0inne artyku\u0142y szkolne musz\u0105 mie\u0107 swoje miejsce, najlepiej w\u00a0zasi\u0119gu r\u0119ki dziecka. Dlatego\u00a0stworzyli\u015bmy kontenerek pod\u00a0biurko, kt\u00f3re spe\u0142nia wszystkie wymagania.<\/p>\n<p>3 pojemne szuflady, uniwersalny design, b\u0119dzie doskona\u0142ym uzupe\u0142nieniem dla\u00a0<a href=\"https:\/\/inmondo.pl\/sklep\/kolekcje\/biurko-funflex-inmondo\/\">biurka Funflex<\/a><\/p>\n","image":"https:\/\/inmondo.pl\/wp-content\/uploads\/2020\/06\/2022_09_INMONDO_GROW_-24852.jpg"},{"acf_fc_layout":"section_woocommerce_text_image","is_active":true,"anchor":"","text_align":"textAlign--right","grid_width":"main","wysiwyg":"<p>Tworz\u0105c nasze meble my\u015blimy nie tylko o\u00a0funkcjonalno\u015bci, ale\u00a0tak\u017ce o\u00a0bezpiecze\u0144stwie i\u00a0komforcie Twojego dziecka. Dlatego\u00a0wszystkie nasze meble s\u0105 lakierowane ekologicznymi farbami wodnymi. Posiadamy r\u00f3wnie\u017c <a href=\"https:\/\/fsc.org\/en\/fsc-public-certificate-search\">certyfikat FSC<\/a>, dzi\u0119ki czemu masz pewno\u015b\u0107 \u017ce\u00a0drewno kt\u00f3re wykorzystujemy zosta\u0142o pozyskane w\u00a0spos\u00f3b etyczny i\u00a0zr\u00f3wnowa\u017cony.<\/p>\n","image":"https:\/\/inmondo.pl\/wp-content\/uploads\/2020\/06\/2022_09_INMONDO_GROW_8143-scaled.jpg"},{"acf_fc_layout":"section_woocommerce_lookbook","is_active":true,"anchor":"lookbook","header":"<h2 style=\"text-align: center;\">Zobacz galeri\u0119 mebli uzupe\u0142niaj\u0105cych nasze kolekcje:<\/h2>\n<p style=\"text-align: center;\">Zapraszamy do\u00a0zapoznania si\u0119 z\u00a0kolekcj\u0105 uzupe\u0142niaj\u0105c\u0105. Wzbogacisz pok\u00f3j w\u00a0urocze elementy dodaj\u0105ce blasku twojemu wn\u0119trzu. Pokazujemy Ci tylko u\u0142amek mo\u017cliwo\u015bci\u2026 Zainspiruj si\u0119\u2026<\/p>\n","repeater":[{"shortcode":"[woocommerce_lookbook id=\"1350\"]"},{"shortcode":"[woocommerce_lookbook id=\"4608\"]"},{"shortcode":"[woocommerce_lookbook id=\"1642\"]"},{"shortcode":"[woocommerce_lookbook id=\"1345\"]"}]},{"acf_fc_layout":"section_woocommerce_opinions","is_active":true,"anchor":"opinie"},{"acf_fc_layout":"section_woocommerce_otherFromCategory","is_active":true,"anchor":"inneprodukty"}],"wymiary":"szeroko\u015b\u0107: 49 cm <br \/>\r\ng\u0142\u0119boko\u015b\u0107: 40 cm <br \/>\r\nwysoko\u015b\u0107: 60 cm <br \/>\r\n","materialy":"drewno brzozowe, p\u0142yta MDF, lakier wodny i&nbsp;wodny UV","czas_realizacji":""},"yoast_head":"<!-- This site is optimized with the Yoast SEO plugin v27.3 - https:\/\/yoast.com\/product\/yoast-seo-wordpress\/ -->\n<title>Kontenerek pod biurko - Inmondo<\/title>\n<meta name=\"description\" content=\"Twoje dziecko potrzebuje dodatkowej przestrzeni do przechowywania? Sprawd\u017a nasz kontenerek pod biurko. B\u0119dzie on idealnym uzupe\u0142nieniem biurka Funflex\" \/>\n<meta name=\"robots\" content=\"index, follow, max-snippet:-1, max-image-preview:large, max-video-preview:-1\" \/>\n<link rel=\"canonical\" href=\"https:\/\/inmondo.pl\/en\/sklep\/elementy\/biurka\/kontenerek-pod-biurko\/\" \/>\n<meta property=\"og:locale\" content=\"en_GB\" \/>\n<meta property=\"og:type\" content=\"article\" \/>\n<meta property=\"og:title\" content=\"Kontenerek pod biurko - Inmondo\" \/>\n<meta property=\"og:description\" content=\"Twoje dziecko potrzebuje dodatkowej przestrzeni do przechowywania? Sprawd\u017a nasz kontenerek pod biurko. B\u0119dzie on idealnym uzupe\u0142nieniem biurka Funflex\" \/>\n<meta property=\"og:url\" content=\"https:\/\/inmondo.pl\/en\/sklep\/elementy\/biurka\/kontenerek-pod-biurko\/\" \/>\n<meta property=\"og:site_name\" content=\"Inmondo\" \/>\n<meta property=\"article:modified_time\" content=\"2026-04-16T10:32:15+00:00\" \/>\n<meta property=\"og:image\" content=\"https:\/\/inmondo.pl\/wp-content\/uploads\/2022\/11\/2022_09_INMONDO_GROW_-24855.jpg\" \/>\n\t<meta property=\"og:image:width\" content=\"1855\" \/>\n\t<meta property=\"og:image:height\" content=\"1920\" \/>\n\t<meta property=\"og:image:type\" content=\"image\/jpeg\" \/>\n<meta name=\"twitter:card\" content=\"summary_large_image\" \/>\n<meta name=\"twitter:label1\" content=\"Estimated reading time\" \/>\n\t<meta name=\"twitter:data1\" content=\"2 minutes\" \/>\n<script type=\"application\/ld+json\" class=\"yoast-schema-graph\">{\"@context\":\"https:\\\/\\\/schema.org\",\"@graph\":[{\"@type\":\"WebPage\",\"@id\":\"https:\\\/\\\/inmondo.pl\\\/sklep\\\/elementy\\\/biurka\\\/kontenerek-pod-biurko\\\/\",\"url\":\"https:\\\/\\\/inmondo.pl\\\/sklep\\\/elementy\\\/biurka\\\/kontenerek-pod-biurko\\\/\",\"name\":\"Kontenerek pod biurko - Inmondo\",\"isPartOf\":{\"@id\":\"https:\\\/\\\/inmondo.pl\\\/#website\"},\"primaryImageOfPage\":{\"@id\":\"https:\\\/\\\/inmondo.pl\\\/sklep\\\/elementy\\\/biurka\\\/kontenerek-pod-biurko\\\/#primaryimage\"},\"image\":{\"@id\":\"https:\\\/\\\/inmondo.pl\\\/sklep\\\/elementy\\\/biurka\\\/kontenerek-pod-biurko\\\/#primaryimage\"},\"thumbnailUrl\":\"https:\\\/\\\/inmondo.pl\\\/wp-content\\\/uploads\\\/2022\\\/11\\\/2022_09_INMONDO_GROW_-24855.jpg\",\"datePublished\":\"2022-11-09T11:19:24+00:00\",\"dateModified\":\"2026-04-16T10:32:15+00:00\",\"description\":\"Twoje dziecko potrzebuje dodatkowej przestrzeni do przechowywania? Sprawd\u017a nasz kontenerek pod biurko. B\u0119dzie on idealnym uzupe\u0142nieniem biurka Funflex\",\"breadcrumb\":{\"@id\":\"https:\\\/\\\/inmondo.pl\\\/sklep\\\/elementy\\\/biurka\\\/kontenerek-pod-biurko\\\/#breadcrumb\"},\"inLanguage\":\"en-GB\",\"potentialAction\":[{\"@type\":\"ReadAction\",\"target\":[\"https:\\\/\\\/inmondo.pl\\\/sklep\\\/elementy\\\/biurka\\\/kontenerek-pod-biurko\\\/\"]}]},{\"@type\":\"ImageObject\",\"inLanguage\":\"en-GB\",\"@id\":\"https:\\\/\\\/inmondo.pl\\\/sklep\\\/elementy\\\/biurka\\\/kontenerek-pod-biurko\\\/#primaryimage\",\"url\":\"https:\\\/\\\/inmondo.pl\\\/wp-content\\\/uploads\\\/2022\\\/11\\\/2022_09_INMONDO_GROW_-24855.jpg\",\"contentUrl\":\"https:\\\/\\\/inmondo.pl\\\/wp-content\\\/uploads\\\/2022\\\/11\\\/2022_09_INMONDO_GROW_-24855.jpg\",\"width\":1855,\"height\":1920,\"caption\":\"kontenerek pod biurko funflex\"},{\"@type\":\"BreadcrumbList\",\"@id\":\"https:\\\/\\\/inmondo.pl\\\/sklep\\\/elementy\\\/biurka\\\/kontenerek-pod-biurko\\\/#breadcrumb\",\"itemListElement\":[{\"@type\":\"ListItem\",\"position\":1,\"name\":\"Strona g\u0142\u00f3wna\",\"item\":\"https:\\\/\\\/inmondo.pl\\\/\"},{\"@type\":\"ListItem\",\"position\":2,\"name\":\"Oferta Inmondo: spe\u0142niamy marzenia i wymagania\",\"item\":\"https:\\\/\\\/inmondo.pl\\\/sklep\\\/\"},{\"@type\":\"ListItem\",\"position\":3,\"name\":\"Elementy\",\"item\":\"https:\\\/\\\/inmondo.pl\\\/sklep\\\/elementy\\\/\"},{\"@type\":\"ListItem\",\"position\":4,\"name\":\"Kontenerek pod biurko\"}]},{\"@type\":\"WebSite\",\"@id\":\"https:\\\/\\\/inmondo.pl\\\/#website\",\"url\":\"https:\\\/\\\/inmondo.pl\\\/\",\"name\":\"Inmondo\",\"description\":\"\",\"potentialAction\":[{\"@type\":\"SearchAction\",\"target\":{\"@type\":\"EntryPoint\",\"urlTemplate\":\"https:\\\/\\\/inmondo.pl\\\/?s={search_term_string}\"},\"query-input\":{\"@type\":\"PropertyValueSpecification\",\"valueRequired\":true,\"valueName\":\"search_term_string\"}}],\"inLanguage\":\"en-GB\"}]}<\/script>\n<!-- \/ Yoast SEO plugin. -->","yoast_head_json":{"title":"Desk pedestal - Inmondo","description":"Does your child need extra storage space? Check out our desk pedestal. It will be the perfect complement to the Funflex desk","robots":{"index":"index","follow":"follow","max-snippet":"max-snippet:-1","max-image-preview":"max-image-preview:large","max-video-preview":"max-video-preview:-1"},"canonical":"https:\/\/inmondo.pl\/en\/sklep\/elementy\/biurka\/kontenerek-pod-biurko\/","og_locale":"en_GB","og_type":"article","og_title":"Kontenerek pod biurko - Inmondo","og_description":"Twoje dziecko potrzebuje dodatkowej przestrzeni do przechowywania? Sprawd\u017a nasz kontenerek pod biurko. B\u0119dzie on idealnym uzupe\u0142nieniem biurka Funflex","og_url":"https:\/\/inmondo.pl\/en\/sklep\/elementy\/biurka\/kontenerek-pod-biurko\/","og_site_name":"Inmondo","article_modified_time":"2026-04-16T10:32:15+00:00","og_image":[{"width":1855,"height":1920,"url":"https:\/\/inmondo.pl\/wp-content\/uploads\/2022\/11\/2022_09_INMONDO_GROW_-24855.jpg","type":"image\/jpeg"}],"twitter_card":"summary_large_image","twitter_misc":{"Estimated reading time":"2 minutes"},"schema":{"@context":"https:\/\/schema.org","@graph":[{"@type":"WebPage","@id":"https:\/\/inmondo.pl\/sklep\/elementy\/biurka\/kontenerek-pod-biurko\/","url":"https:\/\/inmondo.pl\/sklep\/elementy\/biurka\/kontenerek-pod-biurko\/","name":"Desk pedestal - Inmondo","isPartOf":{"@id":"https:\/\/inmondo.pl\/#website"},"primaryImageOfPage":{"@id":"https:\/\/inmondo.pl\/sklep\/elementy\/biurka\/kontenerek-pod-biurko\/#primaryimage"},"image":{"@id":"https:\/\/inmondo.pl\/sklep\/elementy\/biurka\/kontenerek-pod-biurko\/#primaryimage"},"thumbnailUrl":"https:\/\/inmondo.pl\/wp-content\/uploads\/2022\/11\/2022_09_INMONDO_GROW_-24855.jpg","datePublished":"2022-11-09T11:19:24+00:00","dateModified":"2026-04-16T10:32:15+00:00","description":"Does your child need extra storage space? Check out our desk pedestal. It will be the perfect complement to the Funflex desk","breadcrumb":{"@id":"https:\/\/inmondo.pl\/sklep\/elementy\/biurka\/kontenerek-pod-biurko\/#breadcrumb"},"inLanguage":"en-GB","potentialAction":[{"@type":"ReadAction","target":["https:\/\/inmondo.pl\/sklep\/elementy\/biurka\/kontenerek-pod-biurko\/"]}]},{"@type":"ImageObject","inLanguage":"en-GB","@id":"https:\/\/inmondo.pl\/sklep\/elementy\/biurka\/kontenerek-pod-biurko\/#primaryimage","url":"https:\/\/inmondo.pl\/wp-content\/uploads\/2022\/11\/2022_09_INMONDO_GROW_-24855.jpg","contentUrl":"https:\/\/inmondo.pl\/wp-content\/uploads\/2022\/11\/2022_09_INMONDO_GROW_-24855.jpg","width":1855,"height":1920,"caption":"kontenerek pod biurko funflex"},{"@type":"BreadcrumbList","@id":"https:\/\/inmondo.pl\/sklep\/elementy\/biurka\/kontenerek-pod-biurko\/#breadcrumb","itemListElement":[{"@type":"ListItem","position":1,"name":"Strona g\u0142\u00f3wna","item":"https:\/\/inmondo.pl\/"},{"@type":"ListItem","position":2,"name":"Oferta Inmondo: spe\u0142niamy marzenia i wymagania","item":"https:\/\/inmondo.pl\/sklep\/"},{"@type":"ListItem","position":3,"name":"Elementy","item":"https:\/\/inmondo.pl\/sklep\/elementy\/"},{"@type":"ListItem","position":4,"name":"Kontenerek pod biurko"}]},{"@type":"WebSite","@id":"https:\/\/inmondo.pl\/#website","url":"https:\/\/inmondo.pl\/","name":"Inmondo","description":"","potentialAction":[{"@type":"SearchAction","target":{"@type":"EntryPoint","urlTemplate":"https:\/\/inmondo.pl\/?s={search_term_string}"},"query-input":{"@type":"PropertyValueSpecification","valueRequired":true,"valueName":"search_term_string"}}],"inLanguage":"en-GB"}]}},"wcpa_form_fields":null,"_links":{"self":[{"href":"https:\/\/inmondo.pl\/en\/wp-json\/wp\/v2\/product\/4600","targetHints":{"allow":["GET"]}}],"collection":[{"href":"https:\/\/inmondo.pl\/en\/wp-json\/wp\/v2\/product"}],"about":[{"href":"https:\/\/inmondo.pl\/en\/wp-json\/wp\/v2\/types\/product"}],"replies":[{"embeddable":true,"href":"https:\/\/inmondo.pl\/en\/wp-json\/wp\/v2\/comments?post=4600"}],"wp:featuredmedia":[{"embeddable":true,"href":"https:\/\/inmondo.pl\/en\/wp-json\/wp\/v2\/media\/4604"}],"wp:attachment":[{"href":"https:\/\/inmondo.pl\/en\/wp-json\/wp\/v2\/media?parent=4600"}],"wp:term":[{"taxonomy":"product_brand","embeddable":true,"href":"https:\/\/inmondo.pl\/en\/wp-json\/wp\/v2\/product_brand?post=4600"},{"taxonomy":"product_cat","embeddable":true,"href":"https:\/\/inmondo.pl\/en\/wp-json\/wp\/v2\/product_cat?post=4600"},{"taxonomy":"product_tag","embeddable":true,"href":"https:\/\/inmondo.pl\/en\/wp-json\/wp\/v2\/product_tag?post=4600"}],"curies":[{"name":"wp","href":"https:\/\/api.w.org\/{rel}","templated":true}]}}