{"id":3073,"date":"2020-07-01T15:43:00","date_gmt":"2020-07-01T13:43:00","guid":{"rendered":"https:\/\/inmondo.pl\/?post_type=product&#038;p=3073"},"modified":"2026-04-15T11:50:24","modified_gmt":"2026-04-15T09:50:24","slug":"double-bed-120-cm-decorative-rungs","status":"publish","type":"product","link":"https:\/\/inmondo.pl\/en\/sklep\/elementy\/lozka\/double-bed-120-cm-decorative-rungs\/","title":{"rendered":"Bed 120 x 200 cm - rung"},"content":{"rendered":"<p>Dwuosobowe \u0142o\u017ce z kolekcji Collet zosta\u0142o utrzymane w ponadczasowym i niezwykle teraz modnym stylu skandynawskim. Prostota bry\u0142y oraz wyko\u0144czenie pi\u0119knymi szczeblinkami, nadaj\u0105 mu lekko\u015bci, a to gwarantuje, \u017ce idealnie wpisze si\u0119 w ka\u017cde wn\u0119trze. Wykonane&nbsp; ca\u0142o\u015bci z drewna sosnowego pochodz\u0105cego z polskich las\u00f3w.<\/p>","protected":false},"excerpt":{"rendered":"<p>The two-person bed from the Collet collection is maintained in the timeless and extremely fashionable Scandinavian style. The simplicity of the shape and the finish with beautiful rungs give it a lightness, which guarantees that it will fit perfectly into any interior.<\/br><\/br><\/p>\n<p>Colours available: white, light grey, nature, pastel pink, pastel blue.<\/br><\/br><\/p>\n<p>In our offer you will find a mattress <a href=\"https:\/\/inmondo.pl\/en\/sklep\/elementy\/materac-resto-120\/\"><u>RESTO 120<\/u><\/a> - comfortable and safe, which fits perfectly into a 120 x 90 cm bed.<\/p>","protected":false},"featured_media":9139,"comment_status":"open","ping_status":"closed","template":"","meta":{"_acf_changed":false},"product_brand":[],"product_cat":[24,20,17,21,99],"product_tag":[],"class_list":{"0":"post-3073","1":"product","2":"type-product","3":"status-publish","4":"has-post-thumbnail","6":"product_cat-collet","7":"product_cat-elementy","8":"product_cat-kolekcje","9":"product_cat-lozka","10":"product_cat-meble-dostepne","11":"wcpa_has_options","13":"first","14":"instock","15":"taxable","16":"shipping-taxable","17":"purchasable","18":"product-type-variable","19":"has-default-attributes"},"acf":{"wymiary":"Szeroko\u015b\u0107: 212,5 cm<br \/>\r\nWysoko\u015b\u0107: 92,5 cm<br \/>\r\nG\u0142\u0119boko\u015b\u0107: 132 cm<br \/>\r\n<br \/>\r\n<br \/>\r\ng\u0142\u0119boko\u015b\u0107 le\u017cyska - 6cm<br \/>\r\nmaksymalna grubo\u015b\u0107 materaca - 16 cm ","materialy":"drewno sosnowe, p\u0142ycina szczytu MDF, lakier wodny i&nbsp;wodny UV","sections_woocommerce":[{"acf_fc_layout":"section_menu","is_active":true,"repeater":[{"text":"Opis","link":"#opis"},{"text":"Lookbook","link":"#lookbook"},{"text":"Opinie","link":"#opinie"},{"text":"Inne produkty","link":"#inneprodukty"}]},{"acf_fc_layout":"section_woocommerce_text_image","is_active":true,"anchor":"opis","text_align":"textAlign--left","grid_width":"main","wysiwyg":"<h2>Collet<\/h2>\n<p>Meble z\u00a0kolekcji Collet to ponadczasowa, prosta forma podkre\u015blona przez\u00a0kolory, kt\u00f3re s\u0105 szczeg\u00f3lnie lubiane przez\u00a0dzieci. Wasza ukochana biel to spok\u00f3j i\u00a0harmonia, kt\u00f3ra pasuje do\u00a0ka\u017cdego wn\u0119trza. Natomiast\u00a0najm\u0142odszym, kt\u00f3rzy pragn\u0105 wype\u0142ni\u0107 swoje pokoje rado\u015bci\u0105 barw, proponujemy spokojny r\u00f3\u017c, nietuzinkowy b\u0142\u0119kit oraz\u00a0powiew jasnej szaro\u015bci.<\/p>\n","image":"https:\/\/inmondo.pl\/wp-content\/uploads\/2020\/07\/2019_12_MATKOWSKI_EXPORT-23201-scaled-e1600249791195.jpg"},{"acf_fc_layout":"section_woocommerce_lookbook","is_active":true,"anchor":"lookbook","header":"<h2 style=\"text-align: center;\">Zobacz galeri\u0119 Collet:<\/h2>\n<p style=\"text-align: center;\">Minimalistyczny lookbook prosto od naszych projektant\u00f3w. Ogl\u0105daj, inspiruj si\u0119, a\u00a0je\u015bli masz pomys\u0142y lub\u00a0pytania \u2014 od razu dzwo\u0144!<\/p>\n","repeater":[{"shortcode":"[woocommerce_lookbook id=\"1700\"]"},{"shortcode":"[woocommerce_lookbook id=\"1365\"]"},{"shortcode":"[woocommerce_lookbook id=\"1441\"]"},{"shortcode":"[woocommerce_lookbook id=\"1520\"]"},{"shortcode":"[woocommerce_lookbook id=\"1356\"]"}]},{"acf_fc_layout":"section_woocommerce_opinions","is_active":true,"anchor":"opinie"},{"acf_fc_layout":"section_woocommerce_otherFromCategory","is_active":true,"anchor":"inneprodukty"}],"czas_realizacji":""},"yoast_head":"<!-- This site is optimized with the Yoast SEO plugin v27.3 - https:\/\/yoast.com\/product\/yoast-seo-wordpress\/ -->\n<title>\u0141\u00f3\u017cko 120 x 200 cm - szczeblinka - Inmondo<\/title>\n<meta name=\"robots\" content=\"index, follow, max-snippet:-1, max-image-preview:large, max-video-preview:-1\" \/>\n<link rel=\"canonical\" href=\"https:\/\/inmondo.pl\/en\/sklep\/elementy\/lozka\/double-bed-120-cm-decorative-rungs\/\" \/>\n<meta property=\"og:locale\" content=\"en_GB\" \/>\n<meta property=\"og:type\" content=\"article\" \/>\n<meta property=\"og:title\" content=\"\u0141\u00f3\u017cko 120 x 200 cm - szczeblinka - Inmondo\" \/>\n<meta property=\"og:description\" content=\"Dwuosobowe \u0142o\u017ce z kolekcji Collet zosta\u0142o utrzymane w ponadczasowym i niezwykle teraz modnym stylu skandynawskim. Prostota bry\u0142y oraz wyko\u0144czenie pi\u0119knymi szczeblinkami, nadaj\u0105 mu lekko\u015bci, a to gwarantuje, \u017ce idealnie wpisze si\u0119 w ka\u017cde wn\u0119trze.  Dost\u0119pne wybarwienia: bia\u0142y, jasny szary, natura, pastelowy r\u00f3\u017c, pastelowy niebieski.  W naszej ofercie znajdziesz materac RESTO 120 \u2013 wygodny i bezpieczny, kt\u00f3ry idealnie pasuje do \u0142\u00f3\u017cka 120 x 90 cm.\" \/>\n<meta property=\"og:url\" content=\"https:\/\/inmondo.pl\/en\/sklep\/elementy\/lozka\/double-bed-120-cm-decorative-rungs\/\" \/>\n<meta property=\"og:site_name\" content=\"Inmondo\" \/>\n<meta property=\"article:modified_time\" content=\"2026-04-15T09:50:24+00:00\" \/>\n<meta property=\"og:image\" content=\"https:\/\/inmondo.pl\/wp-content\/uploads\/2024\/11\/podwojne_120_szczeblinka.jpg\" \/>\n\t<meta property=\"og:image:width\" content=\"960\" \/>\n\t<meta property=\"og:image:height\" content=\"960\" \/>\n\t<meta property=\"og:image:type\" content=\"image\/jpeg\" \/>\n<meta name=\"twitter:card\" content=\"summary_large_image\" \/>\n<meta name=\"twitter:label1\" content=\"Estimated reading time\" \/>\n\t<meta name=\"twitter:data1\" content=\"2 minutes\" \/>\n<script type=\"application\/ld+json\" class=\"yoast-schema-graph\">{\"@context\":\"https:\\\/\\\/schema.org\",\"@graph\":[{\"@type\":\"WebPage\",\"@id\":\"https:\\\/\\\/inmondo.pl\\\/de\\\/sklep\\\/elementy\\\/lozka\\\/doppelbett-120-cm-stettin\\\/\",\"url\":\"https:\\\/\\\/inmondo.pl\\\/de\\\/sklep\\\/elementy\\\/lozka\\\/doppelbett-120-cm-stettin\\\/\",\"name\":\"\u0141\u00f3\u017cko 120 x 200 cm - szczeblinka - Inmondo\",\"isPartOf\":{\"@id\":\"https:\\\/\\\/inmondo.pl\\\/#website\"},\"primaryImageOfPage\":{\"@id\":\"https:\\\/\\\/inmondo.pl\\\/de\\\/sklep\\\/elementy\\\/lozka\\\/doppelbett-120-cm-stettin\\\/#primaryimage\"},\"image\":{\"@id\":\"https:\\\/\\\/inmondo.pl\\\/de\\\/sklep\\\/elementy\\\/lozka\\\/doppelbett-120-cm-stettin\\\/#primaryimage\"},\"thumbnailUrl\":\"https:\\\/\\\/inmondo.pl\\\/wp-content\\\/uploads\\\/2024\\\/11\\\/podwojne_120_szczeblinka.jpg\",\"datePublished\":\"2020-07-01T13:43:00+00:00\",\"dateModified\":\"2026-04-15T09:50:24+00:00\",\"breadcrumb\":{\"@id\":\"https:\\\/\\\/inmondo.pl\\\/de\\\/sklep\\\/elementy\\\/lozka\\\/doppelbett-120-cm-stettin\\\/#breadcrumb\"},\"inLanguage\":\"en-GB\",\"potentialAction\":[{\"@type\":\"ReadAction\",\"target\":[\"https:\\\/\\\/inmondo.pl\\\/de\\\/sklep\\\/elementy\\\/lozka\\\/doppelbett-120-cm-stettin\\\/\"]}]},{\"@type\":\"ImageObject\",\"inLanguage\":\"en-GB\",\"@id\":\"https:\\\/\\\/inmondo.pl\\\/de\\\/sklep\\\/elementy\\\/lozka\\\/doppelbett-120-cm-stettin\\\/#primaryimage\",\"url\":\"https:\\\/\\\/inmondo.pl\\\/wp-content\\\/uploads\\\/2024\\\/11\\\/podwojne_120_szczeblinka.jpg\",\"contentUrl\":\"https:\\\/\\\/inmondo.pl\\\/wp-content\\\/uploads\\\/2024\\\/11\\\/podwojne_120_szczeblinka.jpg\",\"width\":960,\"height\":960,\"caption\":\"\u0142\u00f3\u017cko dzieci\u0119ce 120x200 cm drewno sosna kaszmir\"},{\"@type\":\"BreadcrumbList\",\"@id\":\"https:\\\/\\\/inmondo.pl\\\/de\\\/sklep\\\/elementy\\\/lozka\\\/doppelbett-120-cm-stettin\\\/#breadcrumb\",\"itemListElement\":[{\"@type\":\"ListItem\",\"position\":1,\"name\":\"Strona g\u0142\u00f3wna\",\"item\":\"https:\\\/\\\/inmondo.pl\\\/\"},{\"@type\":\"ListItem\",\"position\":2,\"name\":\"Oferta Inmondo: spe\u0142niamy marzenia i wymagania\",\"item\":\"https:\\\/\\\/inmondo.pl\\\/sklep\\\/\"},{\"@type\":\"ListItem\",\"position\":3,\"name\":\"kolekcje\",\"item\":\"https:\\\/\\\/inmondo.pl\\\/de\\\/sklep\\\/kolekcje\\\/\"},{\"@type\":\"ListItem\",\"position\":4,\"name\":\"\u0141\u00f3\u017cko 120 x 200 cm &#8211; szczeblinka\"}]},{\"@type\":\"WebSite\",\"@id\":\"https:\\\/\\\/inmondo.pl\\\/#website\",\"url\":\"https:\\\/\\\/inmondo.pl\\\/\",\"name\":\"Inmondo\",\"description\":\"\",\"potentialAction\":[{\"@type\":\"SearchAction\",\"target\":{\"@type\":\"EntryPoint\",\"urlTemplate\":\"https:\\\/\\\/inmondo.pl\\\/?s={search_term_string}\"},\"query-input\":{\"@type\":\"PropertyValueSpecification\",\"valueRequired\":true,\"valueName\":\"search_term_string\"}}],\"inLanguage\":\"en-GB\"}]}<\/script>\n<!-- \/ Yoast SEO plugin. -->","yoast_head_json":{"title":"Bed 120 x 200 cm - rung - Inmondo","robots":{"index":"index","follow":"follow","max-snippet":"max-snippet:-1","max-image-preview":"max-image-preview:large","max-video-preview":"max-video-preview:-1"},"canonical":"https:\/\/inmondo.pl\/en\/sklep\/elementy\/lozka\/double-bed-120-cm-decorative-rungs\/","og_locale":"en_GB","og_type":"article","og_title":"\u0141\u00f3\u017cko 120 x 200 cm - szczeblinka - Inmondo","og_description":"Dwuosobowe \u0142o\u017ce z kolekcji Collet zosta\u0142o utrzymane w ponadczasowym i niezwykle teraz modnym stylu skandynawskim. Prostota bry\u0142y oraz wyko\u0144czenie pi\u0119knymi szczeblinkami, nadaj\u0105 mu lekko\u015bci, a to gwarantuje, \u017ce idealnie wpisze si\u0119 w ka\u017cde wn\u0119trze.  Dost\u0119pne wybarwienia: bia\u0142y, jasny szary, natura, pastelowy r\u00f3\u017c, pastelowy niebieski.  W naszej ofercie znajdziesz materac RESTO 120 \u2013 wygodny i bezpieczny, kt\u00f3ry idealnie pasuje do \u0142\u00f3\u017cka 120 x 90 cm.","og_url":"https:\/\/inmondo.pl\/en\/sklep\/elementy\/lozka\/double-bed-120-cm-decorative-rungs\/","og_site_name":"Inmondo","article_modified_time":"2026-04-15T09:50:24+00:00","og_image":[{"width":960,"height":960,"url":"https:\/\/inmondo.pl\/wp-content\/uploads\/2024\/11\/podwojne_120_szczeblinka.jpg","type":"image\/jpeg"}],"twitter_card":"summary_large_image","twitter_misc":{"Estimated reading time":"2 minutes"},"schema":{"@context":"https:\/\/schema.org","@graph":[{"@type":"WebPage","@id":"https:\/\/inmondo.pl\/de\/sklep\/elementy\/lozka\/doppelbett-120-cm-stettin\/","url":"https:\/\/inmondo.pl\/de\/sklep\/elementy\/lozka\/doppelbett-120-cm-stettin\/","name":"Bed 120 x 200 cm - rung - Inmondo","isPartOf":{"@id":"https:\/\/inmondo.pl\/#website"},"primaryImageOfPage":{"@id":"https:\/\/inmondo.pl\/de\/sklep\/elementy\/lozka\/doppelbett-120-cm-stettin\/#primaryimage"},"image":{"@id":"https:\/\/inmondo.pl\/de\/sklep\/elementy\/lozka\/doppelbett-120-cm-stettin\/#primaryimage"},"thumbnailUrl":"https:\/\/inmondo.pl\/wp-content\/uploads\/2024\/11\/podwojne_120_szczeblinka.jpg","datePublished":"2020-07-01T13:43:00+00:00","dateModified":"2026-04-15T09:50:24+00:00","breadcrumb":{"@id":"https:\/\/inmondo.pl\/de\/sklep\/elementy\/lozka\/doppelbett-120-cm-stettin\/#breadcrumb"},"inLanguage":"en-GB","potentialAction":[{"@type":"ReadAction","target":["https:\/\/inmondo.pl\/de\/sklep\/elementy\/lozka\/doppelbett-120-cm-stettin\/"]}]},{"@type":"ImageObject","inLanguage":"en-GB","@id":"https:\/\/inmondo.pl\/de\/sklep\/elementy\/lozka\/doppelbett-120-cm-stettin\/#primaryimage","url":"https:\/\/inmondo.pl\/wp-content\/uploads\/2024\/11\/podwojne_120_szczeblinka.jpg","contentUrl":"https:\/\/inmondo.pl\/wp-content\/uploads\/2024\/11\/podwojne_120_szczeblinka.jpg","width":960,"height":960,"caption":"\u0142\u00f3\u017cko dzieci\u0119ce 120x200 cm drewno sosna kaszmir"},{"@type":"BreadcrumbList","@id":"https:\/\/inmondo.pl\/de\/sklep\/elementy\/lozka\/doppelbett-120-cm-stettin\/#breadcrumb","itemListElement":[{"@type":"ListItem","position":1,"name":"Strona g\u0142\u00f3wna","item":"https:\/\/inmondo.pl\/"},{"@type":"ListItem","position":2,"name":"Oferta Inmondo: spe\u0142niamy marzenia i wymagania","item":"https:\/\/inmondo.pl\/sklep\/"},{"@type":"ListItem","position":3,"name":"kolekcje","item":"https:\/\/inmondo.pl\/de\/sklep\/kolekcje\/"},{"@type":"ListItem","position":4,"name":"\u0141\u00f3\u017cko 120 x 200 cm &#8211; szczeblinka"}]},{"@type":"WebSite","@id":"https:\/\/inmondo.pl\/#website","url":"https:\/\/inmondo.pl\/","name":"Inmondo","description":"","potentialAction":[{"@type":"SearchAction","target":{"@type":"EntryPoint","urlTemplate":"https:\/\/inmondo.pl\/?s={search_term_string}"},"query-input":{"@type":"PropertyValueSpecification","valueRequired":true,"valueName":"search_term_string"}}],"inLanguage":"en-GB"}]}},"wcpa_form_fields":{"wcpaData":{"product":{"product_price":1190,"price_html":"<span class=\"woocommerce-Price-amount amount\">1 190&nbsp;<span class=\"woocommerce-Price-currencySymbol\">&#122;&#322;<\/span><\/span> <span aria-hidden=\"true\">&ndash;<\/span> <span class=\"woocommerce-Price-amount amount\">1 310&nbsp;<span class=\"woocommerce-Price-currencySymbol\">&#122;&#322;<\/span><\/span><span class=\"screen-reader-text\">Zakres cen: od 1 190&nbsp;&#122;&#322; do 1 310&nbsp;&#122;&#322;<\/span>","original_product_price":1190,"price_including_tax":1190,"price_excluding_tax":967.479675,"product_id":{"parent":3073,"variation":false},"is_variable":true,"stock_status":"instock","stock_quantity":1,"parent_sku":"3073","product_attributes":{"pa_kolor":{"is_variation":true,"values":[]}},"custom_fields":[],"is_taxable":true},"fields":{"sec_069692cf591d37":{"extra":{"key":"sec_069692cf591d37","section_id":"sec_069692cf591d37","name":"Default","status":1,"cl_rule":"show","enableCl":false,"relations":[],"toggle":true,"title_tag":"h3","show_title":false,"showPrice":"default","form_id":11944,"form_rules":{"exclude_from_discount":false,"fee_label":"Op\u0142ata","disp_hide_options_price":false,"disp_show_section_price":false,"disp_show_field_price":false,"layout_option":"standard","pric_use_as_fee":false,"process_fee_as":"woo_fee"},"layout_option":"standard"},"fields":[[{"active":true,"col":2,"relations":[{"operator":false,"rules":[{"operator":"and","rules":{"cl_field":"attribute","cl_relation":"is_not","cl_val":"niebieski","cl_field_sub":"pa_kolor"}},{"operator":"AND","rules":{"cl_field":"attribute","cl_relation":"is_not","cl_val":"rozowy","cl_field_sub":"pa_kolor"}}]}],"cl_rule":"show","enableCl":true,"price":"","enablePrice":true,"className":"","label_position":"default","desc_position":"default","type":"select","required":true,"elementId":"select_0533828556","label":"Barierka","name":"select_0533828556","values":[{"label":"bez barierki","value":"bez barierki","selected":false,"tempId":"aco_877","gt_translate_keys":["label"]},{"label":"z barierk\u0105","value":"z barierk\u0105","selected":false,"tempId":"aco_878","price":"250","gt_translate_keys":["label"]}],"dropdown_type":"basic","error":false,"placeholder":"Wybierz","priceOptions":"different_for_all","pricingType":"fixed","use_as_fee":false,"requiredError":"Barierka jest polem wymaganym","gt_translate_keys":["label","placeholder","requiredError"],"price_dependency":false,"cl_dependency":false,"value":""},{"label":"Rodzaj szuflady","active":true,"required":true,"elementId":"select-8230691542","dropdown_type":"basic","placeholder":"Wybierz","name":"select-8230691542","label_position":"default","desc_position":"default","enablePrice":true,"className":"","enableCl":true,"relations":[{"operator":false,"rules":[{"operator":"and","rules":{"cl_field":"attribute","cl_relation":"is_not","cl_val":"niebieski","cl_field_sub":"pa_kolor"}},{"operator":"AND","rules":{"cl_field":"attribute","cl_relation":"is_not","cl_val":"rozowy","cl_field_sub":"pa_kolor"}}]}],"values":[{"label":"bez szuflady","value":"bez szuflady","selected":false,"tempId":"aco_877","gt_translate_keys":["label"]},{"label":"szuflada trio\/120 x 90","value":"szuflada trio\/120 x 90","selected":false,"tempId":"aco_1804","price":"690","gt_translate_keys":["label"]}],"priceOptions":"different_for_all","pricingType":"fixed","price":"","use_as_fee":false,"cl_rule":"show","col":2,"type":"select","error":false,"requiredError":"Rodzaj szuflady jest polem wymaganym","gt_translate_keys":["label","placeholder","requiredError"],"price_dependency":false,"cl_dependency":false,"value":""}],[{"label":"Barierka","active":true,"required":true,"elementId":"select-7052231353","dropdown_type":"basic","placeholder":"Wybierz","name":"select-7052231353","label_position":"default","desc_position":"default","enablePrice":true,"className":"","enableCl":true,"relations":[{"operator":false,"rules":[{"operator":"or","rules":{"cl_field":"attribute","cl_relation":"is","cl_val":"niebieski","cl_field_sub":"pa_kolor"}},{"operator":"AND","rules":{"cl_field":"attribute","cl_relation":"is","cl_val":"rozowy","cl_field_sub":"pa_kolor"}}]}],"values":[{"label":"bez barierki","value":"bez barierki","selected":false,"tempId":"aco_877","gt_translate_keys":["label"]},{"label":"z barierk\u0105","value":"z barierk\u0105","selected":false,"tempId":"aco_878","price":"280","gt_translate_keys":["label"]}],"priceOptions":"different_for_all","pricingType":"fixed","price":"","use_as_fee":false,"cl_rule":"show","col":2,"type":"select","error":false,"requiredError":"Barierka jest polem wymaganym","gt_translate_keys":["label","placeholder","requiredError"],"price_dependency":false,"cl_dependency":false,"value":""},{"label":"Rodzaj szuflady","active":true,"required":true,"elementId":"select-4858613053","dropdown_type":"basic","placeholder":"Wybierz","name":"select-4858613053","label_position":"default","desc_position":"default","enablePrice":true,"className":"","enableCl":true,"relations":[{"operator":false,"rules":[{"operator":"or","rules":{"cl_field":"attribute","cl_relation":"is","cl_val":"niebieski","cl_field_sub":"pa_kolor"}},{"operator":"AND","rules":{"cl_field":"attribute","cl_relation":"is","cl_val":"rozowy","cl_field_sub":"pa_kolor"}}]}],"values":[{"label":"bez szuflady","value":"bez szuflady","selected":false,"tempId":"aco_877","gt_translate_keys":["label"]},{"label":"szuflada trio\/120 x 90","value":"szuflada trio\/120 x 90","selected":false,"tempId":"aco_1804","price":"760","gt_translate_keys":["label"]}],"priceOptions":"different_for_all","pricingType":"fixed","price":"","use_as_fee":false,"cl_rule":"show","col":2,"type":"select","error":false,"requiredError":"Rodzaj szuflady jest polem wymaganym","gt_translate_keys":["label","placeholder","requiredError"],"price_dependency":false,"cl_dependency":false,"value":""}]]}},"config":{"price_override":"","enable_recaptcha":false,"bind_quantity":false,"quantity_bind_formula":"","disp_summ_show_option_price":true,"disp_summ_show_product_price":true,"disp_summ_show_total_price":true,"disp_summ_show_fee":false,"disp_summ_show_discount":false,"summary_title":"","options_total_label":"Cena wariant\u00f3w","total_label":"\u0141\u0105cznie","options_product_label":"Cena produktu","fee_label":"Op\u0142ata","discount_label":"Obni\u017cka","has_price":true,"has_quantity_formula":false},"mc_unit":1,"tax_rate":1,"tax_rate_real":0.23,"discount":{"percentage":0,"fixed":0},"design":{"conf":{"LabelPosition":"above","DescPosition":"above","UploadField":"custom_1","QuantityFieldStyle":"default"},"css":{"LeftLabelWidth":"120px"}},"formulas":[],"clones":false,"cartKey":false}},"_links":{"self":[{"href":"https:\/\/inmondo.pl\/en\/wp-json\/wp\/v2\/product\/3073","targetHints":{"allow":["GET"]}}],"collection":[{"href":"https:\/\/inmondo.pl\/en\/wp-json\/wp\/v2\/product"}],"about":[{"href":"https:\/\/inmondo.pl\/en\/wp-json\/wp\/v2\/types\/product"}],"replies":[{"embeddable":true,"href":"https:\/\/inmondo.pl\/en\/wp-json\/wp\/v2\/comments?post=3073"}],"wp:featuredmedia":[{"embeddable":true,"href":"https:\/\/inmondo.pl\/en\/wp-json\/wp\/v2\/media\/9139"}],"wp:attachment":[{"href":"https:\/\/inmondo.pl\/en\/wp-json\/wp\/v2\/media?parent=3073"}],"wp:term":[{"taxonomy":"product_brand","embeddable":true,"href":"https:\/\/inmondo.pl\/en\/wp-json\/wp\/v2\/product_brand?post=3073"},{"taxonomy":"product_cat","embeddable":true,"href":"https:\/\/inmondo.pl\/en\/wp-json\/wp\/v2\/product_cat?post=3073"},{"taxonomy":"product_tag","embeddable":true,"href":"https:\/\/inmondo.pl\/en\/wp-json\/wp\/v2\/product_tag?post=3073"}],"curies":[{"name":"wp","href":"https:\/\/api.w.org\/{rel}","templated":true}]}}