{"id":2594,"date":"2020-11-13T15:28:36","date_gmt":"2020-11-13T14:28:36","guid":{"rendered":"https:\/\/inmondo.pl\/?post_type=product&#038;p=2594"},"modified":"2025-05-24T12:37:48","modified_gmt":"2025-05-24T10:37:48","slug":"fotelik-welurowy","status":"publish","type":"product","link":"https:\/\/inmondo.pl\/en\/sklep\/elementy\/krzesla-foteliki-stoliki\/fotelik-welurowy\/","title":{"rendered":"Velor seat"},"content":{"rendered":"<p>Unique, classically quilted with buttons velor cover and stylish wooden legs. This combination creates a seat for the most demanding customers - the small and the larger \ud83d\ude42<\/p>\n<p>It will fit perfectly in both your child&#039;s room and can create an amazing children&#039;s corner in your living room!<\/p>\n<p>Fotelik dost\u0119pny w dw\u00f3ch rozmiarach: 53&nbsp; lub 61 cm wysoko\u015bci.<\/p>\n<p>Tkanina poszycia dost\u0119pna jest w trzech kolorach, za\u015b nogi mog\u0105 by\u0107 r\u00f3wnie\u017c bia\u0142e je\u015bli napiszesz nam o tym w komentarzu do zam\u00f3wienia wraz z wybran\u0105 wysoko\u015bci\u0105! \ud83d\ude42<\/p>\n<p>&nbsp;<\/p>\n<p>&nbsp;<\/p>","protected":false},"excerpt":{"rendered":"<p>Unique, classically quilted with buttons velor cover and stylish wooden legs. This combination creates a seat for the most demanding customers - the small and the larger \ud83d\ude42<\/p>\n<p>It will fit perfectly in both your child&#039;s room and can create an amazing children&#039;s corner in your living room!<\/p>\n<p>&nbsp;<\/p>\n<p>&nbsp;<\/p>\n<p>The seat is available in two sizes: 53 or 61 cm high.<\/p>\n<p>Choose one of the three possible colors of the fabric, and the legs can also be white if you write about it in the comment to the order along with the selected height! \ud83d\ude42<\/p>","protected":false},"featured_media":2598,"comment_status":"open","ping_status":"closed","template":"","meta":{"_acf_changed":false},"product_brand":[],"product_cat":[17,20,55],"product_tag":[],"class_list":{"0":"post-2594","1":"product","2":"type-product","3":"status-publish","4":"has-post-thumbnail","6":"product_cat-kolekcje","7":"product_cat-elementy","8":"product_cat-krzesla-foteliki-stoliki","10":"first","11":"onbackorder","12":"taxable","13":"shipping-taxable","14":"purchasable","15":"product-type-variable","16":"has-default-attributes"},"acf":{"wymiary":"Wysoko\u015b\u0107: 53 cm lub&nbsp;61 cm<br \/>\r\nSzeroko\u015b\u0107: 46 cm<br \/>\r\nWaga: 4,5 kg<br \/>\r\nG\u0142\u0119boko\u015b\u0107 siedziska: 35 cm<br \/>\r\nWysoko\u015b\u0107 oparcia: 30 cm<br \/>\r\nWysoko\u015b\u0107 nogi: 17 cm lub&nbsp;25 cm","materialy":"Poszycie: Welur<br \/>\r\nSolidne drewniane nogi<br \/>\r\n","sections_woocommerce":[{"acf_fc_layout":"section_menu","is_active":true,"repeater":[{"text":"Opis","link":"#opis"},{"text":"Lookbook","link":"#lookbook"},{"text":"Opinie","link":"#opini"},{"text":"Inne Produkty","link":"#inneprodukty"}]},{"acf_fc_layout":"section_woocommerce_text_image","is_active":true,"anchor":"#opis","text_align":"textAlign--left","grid_width":"main","wysiwyg":"<p>Tekstura poszycia w\u00a0naszym sklepie, jest delikatnie pr\u0105\u017ckowana i\u00a0sprawia wra\u017cenie \u201eprzydymionej\u201d &#8211; r\u00f3\u017cni si\u0119 nieco od innych welur\u00f3w. W\u00a0rzeczywisto\u015bci kolory tych foteli s\u0105 odrobin\u0119 ciemniejsze.<\/p>\n","image":"https:\/\/inmondo.pl\/wp-content\/uploads\/2020\/06\/2019_04_INMONDO_POK\u00d3J_DZIEWCZYNKI_1-11040-scaled-e1605274641786.jpg"},{"acf_fc_layout":"section_woocommerce_text_image","is_active":true,"anchor":"","text_align":"textAlign--right","grid_width":"main","wysiwyg":"<p>Niezwyk\u0142e dodatki i\u00a0akcesoria, tworzone w\u00a0przekonaniu, \u017ce\u00a0ka\u017cde wn\u0119trze<br \/>\nmo\u017cna zaaran\u017cowa\u0107 w\u00a0pi\u0119kny spos\u00f3b, tworz\u0105c przestrze\u0144 nieprzeci\u0119tn\u0105<br \/>\n\u2013 wystarczy tylko troch\u0119 wyobra\u017ani. Wierzymy, \u017ce\u00a0wykorzystasz j\u0105 i\u00a0stworzysz pok\u00f3j swoich marze\u0144.<\/p>\n","image":"https:\/\/inmondo.pl\/wp-content\/uploads\/2020\/07\/2019_04_INMONDO_POK\u00d3J_DZIEWCZYNKI_1-11088-e1613745711259.jpg"},{"acf_fc_layout":"section_woocommerce_lookbook","is_active":true,"anchor":"#lookbook","header":"<h2 style=\"text-align: center;\">Zobacz galeri\u0119 mebli uzupe\u0142niaj\u0105cych nasze kolekcje:<\/h2>\n<p style=\"text-align: center;\">Zapraszamy do\u00a0zapoznania si\u0119 z\u00a0kolekcj\u0105 uzupe\u0142niaj\u0105c\u0105. Wzbogacisz pok\u00f3j w\u00a0urocze elementy dodaj\u0105ce blasku twojemu wn\u0119trzu. Pokazujemy Ci tylko u\u0142amek mo\u017cliwo\u015bci\u2026 Zainspiruj si\u0119\u2026<\/p>\n","repeater":[{"shortcode":"[woocommerce_lookbook id=\"1582\"]"},{"shortcode":"[woocommerce_lookbook id=\"1279\"]"},{"shortcode":"[woocommerce_lookbook id=\"1351\"]"}]}]},"yoast_head":"<!-- This site is optimized with the Yoast SEO plugin v27.3 - https:\/\/yoast.com\/product\/yoast-seo-wordpress\/ -->\n<title>Fotelik welurowy - Inmondo<\/title>\n<meta name=\"robots\" content=\"index, follow, max-snippet:-1, max-image-preview:large, max-video-preview:-1\" \/>\n<link rel=\"canonical\" href=\"http:\/\/inmondo.pl\/en\/sklep\/elementy\/krzesla-foteliki-stoliki\/fotelik-welurowy\/\" \/>\n<meta property=\"og:locale\" content=\"en_GB\" \/>\n<meta property=\"og:type\" content=\"article\" \/>\n<meta property=\"og:title\" content=\"Fotelik welurowy - Inmondo\" \/>\n<meta property=\"og:description\" content=\"Wyj\u0105tkowe, klasycznie pikowane guzikami welurowe poszycie oraz stylowe drewniane nogi. To po\u0142\u0105czenie tworzy fotelik dla najbardziej wymagaj\u0105cych klient\u00f3w - tych ma\u0142ych i tych wi\u0119kszych :)  Idealnie wpisze si\u0119 zar\u00f3wno w pokoik Twojej pociechy, jak i mo\u017ce stworzy\u0107 niebywa\u0142y k\u0105cik dla dzieci w Twoim salonie!  &nbsp;  &nbsp;  Fotelik dost\u0119pny w dw\u00f3ch rozmiarach: 53\u00a0 lub 61 cm wysoko\u015bci.  Wybierz jeden z trzech mo\u017cliwych kolor\u00f3w tkaniny, za\u015b nogi mog\u0105 by\u0107 r\u00f3wnie\u017c bia\u0142e je\u015bli napiszesz nam o tym w komentarzu do zam\u00f3wienia wraz z wybran\u0105 wysoko\u015bci\u0105! :)\" \/>\n<meta property=\"og:url\" content=\"http:\/\/inmondo.pl\/en\/sklep\/elementy\/krzesla-foteliki-stoliki\/fotelik-welurowy\/\" \/>\n<meta property=\"og:site_name\" content=\"Inmondo\" \/>\n<meta property=\"article:modified_time\" content=\"2025-05-24T10:37:48+00:00\" \/>\n<meta property=\"og:image\" content=\"http:\/\/inmondo.pl\/wp-content\/uploads\/2020\/11\/1.jpg\" \/>\n\t<meta property=\"og:image:width\" content=\"800\" \/>\n\t<meta property=\"og:image:height\" content=\"800\" \/>\n\t<meta property=\"og:image:type\" content=\"image\/jpeg\" \/>\n<meta name=\"twitter:card\" content=\"summary_large_image\" \/>\n<meta name=\"twitter:label1\" content=\"Estimated reading time\" \/>\n\t<meta name=\"twitter:data1\" content=\"1 minute\" \/>\n<script type=\"application\/ld+json\" class=\"yoast-schema-graph\">{\"@context\":\"https:\\\/\\\/schema.org\",\"@graph\":[{\"@type\":\"WebPage\",\"@id\":\"http:\\\/\\\/inmondo.pl\\\/sklep\\\/elementy\\\/krzesla-foteliki-stoliki\\\/fotelik-welurowy\\\/\",\"url\":\"http:\\\/\\\/inmondo.pl\\\/sklep\\\/elementy\\\/krzesla-foteliki-stoliki\\\/fotelik-welurowy\\\/\",\"name\":\"Fotelik welurowy - Inmondo\",\"isPartOf\":{\"@id\":\"https:\\\/\\\/inmondo.pl\\\/#website\"},\"primaryImageOfPage\":{\"@id\":\"http:\\\/\\\/inmondo.pl\\\/sklep\\\/elementy\\\/krzesla-foteliki-stoliki\\\/fotelik-welurowy\\\/#primaryimage\"},\"image\":{\"@id\":\"http:\\\/\\\/inmondo.pl\\\/sklep\\\/elementy\\\/krzesla-foteliki-stoliki\\\/fotelik-welurowy\\\/#primaryimage\"},\"thumbnailUrl\":\"https:\\\/\\\/inmondo.pl\\\/wp-content\\\/uploads\\\/2020\\\/11\\\/1.jpg\",\"datePublished\":\"2020-11-13T14:28:36+00:00\",\"dateModified\":\"2025-05-24T10:37:48+00:00\",\"breadcrumb\":{\"@id\":\"http:\\\/\\\/inmondo.pl\\\/sklep\\\/elementy\\\/krzesla-foteliki-stoliki\\\/fotelik-welurowy\\\/#breadcrumb\"},\"inLanguage\":\"en-GB\",\"potentialAction\":[{\"@type\":\"ReadAction\",\"target\":[\"http:\\\/\\\/inmondo.pl\\\/sklep\\\/elementy\\\/krzesla-foteliki-stoliki\\\/fotelik-welurowy\\\/\"]}]},{\"@type\":\"ImageObject\",\"inLanguage\":\"en-GB\",\"@id\":\"http:\\\/\\\/inmondo.pl\\\/sklep\\\/elementy\\\/krzesla-foteliki-stoliki\\\/fotelik-welurowy\\\/#primaryimage\",\"url\":\"https:\\\/\\\/inmondo.pl\\\/wp-content\\\/uploads\\\/2020\\\/11\\\/1.jpg\",\"contentUrl\":\"https:\\\/\\\/inmondo.pl\\\/wp-content\\\/uploads\\\/2020\\\/11\\\/1.jpg\",\"width\":800,\"height\":800},{\"@type\":\"BreadcrumbList\",\"@id\":\"http:\\\/\\\/inmondo.pl\\\/sklep\\\/elementy\\\/krzesla-foteliki-stoliki\\\/fotelik-welurowy\\\/#breadcrumb\",\"itemListElement\":[{\"@type\":\"ListItem\",\"position\":1,\"name\":\"Strona g\u0142\u00f3wna\",\"item\":\"https:\\\/\\\/inmondo.pl\\\/\"},{\"@type\":\"ListItem\",\"position\":2,\"name\":\"Oferta Inmondo: spe\u0142niamy marzenia i wymagania\",\"item\":\"https:\\\/\\\/inmondo.pl\\\/sklep\\\/\"},{\"@type\":\"ListItem\",\"position\":3,\"name\":\"kolekcje\",\"item\":\"https:\\\/\\\/inmondo.pl\\\/de\\\/sklep\\\/kolekcje\\\/\"},{\"@type\":\"ListItem\",\"position\":4,\"name\":\"Fotelik welurowy\"}]},{\"@type\":\"WebSite\",\"@id\":\"https:\\\/\\\/inmondo.pl\\\/#website\",\"url\":\"https:\\\/\\\/inmondo.pl\\\/\",\"name\":\"Inmondo\",\"description\":\"\",\"potentialAction\":[{\"@type\":\"SearchAction\",\"target\":{\"@type\":\"EntryPoint\",\"urlTemplate\":\"https:\\\/\\\/inmondo.pl\\\/?s={search_term_string}\"},\"query-input\":{\"@type\":\"PropertyValueSpecification\",\"valueRequired\":true,\"valueName\":\"search_term_string\"}}],\"inLanguage\":\"en-GB\"}]}<\/script>\n<!-- \/ Yoast SEO plugin. -->","yoast_head_json":{"title":"Velor seat - Inmondo","robots":{"index":"index","follow":"follow","max-snippet":"max-snippet:-1","max-image-preview":"max-image-preview:large","max-video-preview":"max-video-preview:-1"},"canonical":"http:\/\/inmondo.pl\/en\/sklep\/elementy\/krzesla-foteliki-stoliki\/fotelik-welurowy\/","og_locale":"en_GB","og_type":"article","og_title":"Fotelik welurowy - Inmondo","og_description":"Wyj\u0105tkowe, klasycznie pikowane guzikami welurowe poszycie oraz stylowe drewniane nogi. To po\u0142\u0105czenie tworzy fotelik dla najbardziej wymagaj\u0105cych klient\u00f3w - tych ma\u0142ych i tych wi\u0119kszych :)  Idealnie wpisze si\u0119 zar\u00f3wno w pokoik Twojej pociechy, jak i mo\u017ce stworzy\u0107 niebywa\u0142y k\u0105cik dla dzieci w Twoim salonie!  &nbsp;  &nbsp;  Fotelik dost\u0119pny w dw\u00f3ch rozmiarach: 53\u00a0 lub 61 cm wysoko\u015bci.  Wybierz jeden z trzech mo\u017cliwych kolor\u00f3w tkaniny, za\u015b nogi mog\u0105 by\u0107 r\u00f3wnie\u017c bia\u0142e je\u015bli napiszesz nam o tym w komentarzu do zam\u00f3wienia wraz z wybran\u0105 wysoko\u015bci\u0105! :)","og_url":"http:\/\/inmondo.pl\/en\/sklep\/elementy\/krzesla-foteliki-stoliki\/fotelik-welurowy\/","og_site_name":"Inmondo","article_modified_time":"2025-05-24T10:37:48+00:00","og_image":[{"width":800,"height":800,"url":"http:\/\/inmondo.pl\/wp-content\/uploads\/2020\/11\/1.jpg","type":"image\/jpeg"}],"twitter_card":"summary_large_image","twitter_misc":{"Estimated reading time":"1 minute"},"schema":{"@context":"https:\/\/schema.org","@graph":[{"@type":"WebPage","@id":"http:\/\/inmondo.pl\/sklep\/elementy\/krzesla-foteliki-stoliki\/fotelik-welurowy\/","url":"http:\/\/inmondo.pl\/sklep\/elementy\/krzesla-foteliki-stoliki\/fotelik-welurowy\/","name":"Velor seat - Inmondo","isPartOf":{"@id":"https:\/\/inmondo.pl\/#website"},"primaryImageOfPage":{"@id":"http:\/\/inmondo.pl\/sklep\/elementy\/krzesla-foteliki-stoliki\/fotelik-welurowy\/#primaryimage"},"image":{"@id":"http:\/\/inmondo.pl\/sklep\/elementy\/krzesla-foteliki-stoliki\/fotelik-welurowy\/#primaryimage"},"thumbnailUrl":"https:\/\/inmondo.pl\/wp-content\/uploads\/2020\/11\/1.jpg","datePublished":"2020-11-13T14:28:36+00:00","dateModified":"2025-05-24T10:37:48+00:00","breadcrumb":{"@id":"http:\/\/inmondo.pl\/sklep\/elementy\/krzesla-foteliki-stoliki\/fotelik-welurowy\/#breadcrumb"},"inLanguage":"en-GB","potentialAction":[{"@type":"ReadAction","target":["http:\/\/inmondo.pl\/sklep\/elementy\/krzesla-foteliki-stoliki\/fotelik-welurowy\/"]}]},{"@type":"ImageObject","inLanguage":"en-GB","@id":"http:\/\/inmondo.pl\/sklep\/elementy\/krzesla-foteliki-stoliki\/fotelik-welurowy\/#primaryimage","url":"https:\/\/inmondo.pl\/wp-content\/uploads\/2020\/11\/1.jpg","contentUrl":"https:\/\/inmondo.pl\/wp-content\/uploads\/2020\/11\/1.jpg","width":800,"height":800},{"@type":"BreadcrumbList","@id":"http:\/\/inmondo.pl\/sklep\/elementy\/krzesla-foteliki-stoliki\/fotelik-welurowy\/#breadcrumb","itemListElement":[{"@type":"ListItem","position":1,"name":"Strona g\u0142\u00f3wna","item":"https:\/\/inmondo.pl\/"},{"@type":"ListItem","position":2,"name":"Oferta Inmondo: spe\u0142niamy marzenia i wymagania","item":"https:\/\/inmondo.pl\/sklep\/"},{"@type":"ListItem","position":3,"name":"kolekcje","item":"https:\/\/inmondo.pl\/de\/sklep\/kolekcje\/"},{"@type":"ListItem","position":4,"name":"Fotelik welurowy"}]},{"@type":"WebSite","@id":"https:\/\/inmondo.pl\/#website","url":"https:\/\/inmondo.pl\/","name":"Inmondo","description":"","potentialAction":[{"@type":"SearchAction","target":{"@type":"EntryPoint","urlTemplate":"https:\/\/inmondo.pl\/?s={search_term_string}"},"query-input":{"@type":"PropertyValueSpecification","valueRequired":true,"valueName":"search_term_string"}}],"inLanguage":"en-GB"}]}},"wcpa_form_fields":null,"_links":{"self":[{"href":"https:\/\/inmondo.pl\/en\/wp-json\/wp\/v2\/product\/2594","targetHints":{"allow":["GET"]}}],"collection":[{"href":"https:\/\/inmondo.pl\/en\/wp-json\/wp\/v2\/product"}],"about":[{"href":"https:\/\/inmondo.pl\/en\/wp-json\/wp\/v2\/types\/product"}],"replies":[{"embeddable":true,"href":"https:\/\/inmondo.pl\/en\/wp-json\/wp\/v2\/comments?post=2594"}],"wp:featuredmedia":[{"embeddable":true,"href":"https:\/\/inmondo.pl\/en\/wp-json\/wp\/v2\/media\/2598"}],"wp:attachment":[{"href":"https:\/\/inmondo.pl\/en\/wp-json\/wp\/v2\/media?parent=2594"}],"wp:term":[{"taxonomy":"product_brand","embeddable":true,"href":"https:\/\/inmondo.pl\/en\/wp-json\/wp\/v2\/product_brand?post=2594"},{"taxonomy":"product_cat","embeddable":true,"href":"https:\/\/inmondo.pl\/en\/wp-json\/wp\/v2\/product_cat?post=2594"},{"taxonomy":"product_tag","embeddable":true,"href":"https:\/\/inmondo.pl\/en\/wp-json\/wp\/v2\/product_tag?post=2594"}],"curies":[{"name":"wp","href":"https:\/\/api.w.org\/{rel}","templated":true}]}}