{"id":2567,"date":"2020-11-09T14:04:00","date_gmt":"2020-11-09T13:04:00","guid":{"rendered":"https:\/\/inmondo.pl\/?post_type=product&#038;p=2567"},"modified":"2026-03-24T08:08:12","modified_gmt":"2026-03-24T07:08:12","slug":"zaslony-lniane-do-lozka-funflex","status":"publish","type":"product","link":"https:\/\/inmondo.pl\/en\/sklep\/elementy\/akcesoria\/zaslony-lniane-do-lozka-funflex\/","title":{"rendered":"Linen curtains for the Funflex bed"},"content":{"rendered":"<p>Linen curtains, dedicated to <a href=\"https:\/\/inmondo.pl\/en\/sklep\/kolekcje\/lozko-wysokie-ze-schodami\/\"><u>high bed with stairs<\/u><\/a> from the Funflex collection<\/p>\n<p>It is an unusual addition to your child&#039;s room, which together with<a href=\"https:\/\/inmondo.pl\/en\/sklep\/kolekcje\/linen-mattress-decorative\/\"> <u>lnianym pikowanym materacem <\/u><\/a>will create a fairy-tale beautiful corner that everyone dreams of!<\/p>\n<p>Stylish curtains with windows will give this interior a completely different face, and your child will find a safe place to play and travel into the world of fantasy.<\/p>\n<p>UWAGA: Produkt personalizowany, bez mo\u017cliwo\u015bci zwrotu. Prosimy o przemy\u015blane zakupy.<\/p>\n\n\n<p><\/p>","protected":false},"excerpt":{"rendered":"<p>Linen curtains, dedicated to <a href=\"https:\/\/inmondo.pl\/en\/sklep\/kolekcje\/lozko-wysokie-ze-schodami\/\"><u>high bed with stairs<\/u><\/a>\u00a0from the Funflex collection This is an unusual addition to your child's room, which together with the<a href=\"https:\/\/inmondo.pl\/en\/sklep\/kolekcje\/linen-mattress-decorative\/\"> <u>linen quilted mattress, <\/u><\/a>will create the fairytale beauty corner that everyone dreams of! Stylish curtains with windows, will give this interior a completely different face, and your little one will find a safe place to play and travel into a world of fantasy. By default, they come in natural linen or soft pink.<\/p>\n<p>PLEASE NOTE: Personalised product, not returnable. Please purchase thoughtfully<\/p>","protected":false},"featured_media":1300,"comment_status":"open","ping_status":"closed","template":"","meta":{"_acf_changed":false},"product_brand":[],"product_cat":[17,50,20,32],"product_tag":[],"class_list":{"0":"post-2567","1":"product","2":"type-product","3":"status-publish","4":"has-post-thumbnail","6":"product_cat-kolekcje","7":"product_cat-dodatki","8":"product_cat-elementy","9":"product_cat-akcesoria","11":"first","12":"onbackorder","13":"taxable","14":"shipping-taxable","15":"purchasable","16":"product-type-simple"},"acf":{"wymiary":"","materialy":"100&nbsp;% len","sections_woocommerce":[{"acf_fc_layout":"section_menu","is_active":true,"repeater":[{"text":"Opis","link":"#opis"},{"text":"Lookbook","link":"#lookbook"},{"text":"Opinie","link":"#opinie"},{"text":"Inne produkty","link":"#inneprodukty"}]},{"acf_fc_layout":"section_woocommerce_text_image","is_active":true,"anchor":"#opis","text_align":"textAlign--left","grid_width":"main","wysiwyg":"<p>Niezwyk\u0142e dodatki i\u00a0akcesoria, tworzone w\u00a0przekonaniu, \u017ce\u00a0ka\u017cde wn\u0119trze<br \/>\nmo\u017cna zaaran\u017cowa\u0107 w\u00a0pi\u0119kny spos\u00f3b, tworz\u0105c przestrze\u0144 nieprzeci\u0119tn\u0105<br \/>\n\u2013 wystarczy tylko troch\u0119 wyobra\u017ani. Wierzymy, \u017ce\u00a0wykorzystasz j\u0105 i\u00a0stworzysz pok\u00f3j swoich marze\u0144.<\/p>\n","image":"https:\/\/inmondo.pl\/wp-content\/uploads\/2020\/09\/2019_04_INMONDO_POK\u00d3J_DZIEWCZYNEK_2-12594.jpg"},{"acf_fc_layout":"section_woocommerce_text_image","is_active":true,"anchor":"","text_align":"textAlign--right","grid_width":"main","wysiwyg":"<p><a href=\"https:\/\/inmondo.pl\/sklep\/kolekcje\/lozko-wysokie-ze-schodami\/\"><u>Wysokie \u0142\u00f3\u017cko ze schodami<\/u><\/a>, kt\u00f3re mog\u0105 by\u0107 umieszczone po\u00a0ka\u017cdej stronie \u0142\u00f3\u017cka &#8211; \u0142\u0105czy funkcjonalno\u015b\u0107 i\u00a0wzornictwo. Jego konstrukcja zapewnia bezpieczny i\u00a0komfortowy wypoczynek dla\u00a0Twojego malucha. Idealny spos\u00f3b na\u00a0oszcz\u0119dno\u015b\u0107 przestrzeni w\u00a0pokoju. Pod\u00a0ka\u017cdym ze stopni ukryte s\u0105 pojemne schowki kt\u00f3re tworz\u0105 dodatkowe miejsce na: ksi\u0105\u017cki, zabawki, ubranka i\u00a0wszystkie skarby.\u00a0 Miejsce pod\u00a0\u0142\u00f3\u017ckiem mo\u017ce by\u0107 wykorzystane jako przestrze\u0144 do\u00a0zabawy! Dzi\u0119ki naszym projektom z\u00a0kolekcji Funflex, mo\u017cesz stworzy\u0107 pok\u00f3j z\u00a0marze\u0144 Twoich dzieci.<\/p>\n","image":"https:\/\/inmondo.pl\/wp-content\/uploads\/2020\/09\/2019_04_INMONDO_POK\u00d3J_DZIEWCZYNEK_2-12351.jpg"},{"acf_fc_layout":"section_woocommerce_lookbook","is_active":true,"anchor":"#lookbook","header":"<h2 style=\"text-align: center;\">Zobacz galeri\u0119 mebli uzupe\u0142niaj\u0105cych nasze kolekcje:<\/h2>\n<p style=\"text-align: center;\">Zapraszamy do\u00a0zapoznania si\u0119 z\u00a0kolekcj\u0105 uzupe\u0142niaj\u0105c\u0105. Wzbogacisz pok\u00f3j w\u00a0urocze elementy dodaj\u0105ce blasku twojemu wn\u0119trzu. Pokazujemy Ci tylko u\u0142amek mo\u017cliwo\u015bci\u2026 Zainspiruj si\u0119\u2026<\/p>\n","repeater":[{"shortcode":"[woocommerce_lookbook id=\"1343\"]"},{"shortcode":"[woocommerce_lookbook id=\"1582\"]"},{"shortcode":"[woocommerce_lookbook id=\"1279\"]"},{"shortcode":"[woocommerce_lookbook id=\"1351\"]"}]}],"czas_realizacji":""},"yoast_head":"<!-- This site is optimized with the Yoast SEO plugin v27.3 - https:\/\/yoast.com\/product\/yoast-seo-wordpress\/ -->\n<title>Zas\u0142ony lniane do \u0142\u00f3\u017cka Funflex - Inmondo<\/title>\n<meta name=\"robots\" content=\"index, follow, max-snippet:-1, max-image-preview:large, max-video-preview:-1\" \/>\n<link rel=\"canonical\" href=\"https:\/\/inmondo.pl\/en\/sklep\/elementy\/akcesoria\/zaslony-lniane-do-lozka-funflex\/\" \/>\n<meta property=\"og:locale\" content=\"en_GB\" \/>\n<meta property=\"og:type\" content=\"article\" \/>\n<meta property=\"og:title\" content=\"Zas\u0142ony lniane do \u0142\u00f3\u017cka Funflex - Inmondo\" \/>\n<meta property=\"og:description\" content=\"Zas\u0142ony lniane, dedykowane do \u0142\u00f3\u017cka wysokiego ze schodami\u00a0z kolekcji Funflex To niezwyk\u0142y dodatek do pokoiku Twojego dziecka, kt\u00f3ry wraz z lnianym pikowanym materacem, stworzy bajkowy\u00a0 pi\u0119kny k\u0105cik, o kt\u00f3rym ka\u017cdy marzy! Stylowe zas\u0142ony z okienkami, nadadz\u0105 temu wn\u0119trzu ca\u0142kiem innego oblicza, a Twoja pociecha znajdzie bezpieczne miejsce do zabawy i podr\u00f3\u017cy w \u015bwiat fantazji. Domy\u015blnie wyst\u0119puj\u0105 w kolorze naturalnego lnu lub delikatnego r\u00f3\u017cu. UWAGA: Produkt personalizowany, bez mo\u017cliwo\u015bci zwrotu. Prosimy o przemy\u015blane zakupy\" \/>\n<meta property=\"og:url\" content=\"https:\/\/inmondo.pl\/en\/sklep\/elementy\/akcesoria\/zaslony-lniane-do-lozka-funflex\/\" \/>\n<meta property=\"og:site_name\" content=\"Inmondo\" \/>\n<meta property=\"article:modified_time\" content=\"2026-03-24T07:08:12+00:00\" \/>\n<meta property=\"og:image\" content=\"https:\/\/inmondo.pl\/wp-content\/uploads\/2020\/07\/2019_04_INMONDO_POK\u00d3J_DZIEWCZYNEK_2-12378-kwadrat-1920.jpg\" \/>\n\t<meta property=\"og:image:width\" content=\"1920\" \/>\n\t<meta property=\"og:image:height\" content=\"1920\" \/>\n\t<meta property=\"og:image:type\" content=\"image\/jpeg\" \/>\n<meta name=\"twitter:card\" content=\"summary_large_image\" \/>\n<meta name=\"twitter:label1\" content=\"Estimated reading time\" \/>\n\t<meta name=\"twitter:data1\" content=\"2 minutes\" \/>\n<script type=\"application\/ld+json\" class=\"yoast-schema-graph\">{\"@context\":\"https:\\\/\\\/schema.org\",\"@graph\":[{\"@type\":\"WebPage\",\"@id\":\"https:\\\/\\\/inmondo.pl\\\/sklep\\\/elementy\\\/akcesoria\\\/zaslony-lniane-do-lozka-funflex\\\/\",\"url\":\"https:\\\/\\\/inmondo.pl\\\/sklep\\\/elementy\\\/akcesoria\\\/zaslony-lniane-do-lozka-funflex\\\/\",\"name\":\"Zas\u0142ony lniane do \u0142\u00f3\u017cka Funflex - Inmondo\",\"isPartOf\":{\"@id\":\"https:\\\/\\\/inmondo.pl\\\/#website\"},\"primaryImageOfPage\":{\"@id\":\"https:\\\/\\\/inmondo.pl\\\/sklep\\\/elementy\\\/akcesoria\\\/zaslony-lniane-do-lozka-funflex\\\/#primaryimage\"},\"image\":{\"@id\":\"https:\\\/\\\/inmondo.pl\\\/sklep\\\/elementy\\\/akcesoria\\\/zaslony-lniane-do-lozka-funflex\\\/#primaryimage\"},\"thumbnailUrl\":\"https:\\\/\\\/inmondo.pl\\\/wp-content\\\/uploads\\\/2020\\\/07\\\/2019_04_INMONDO_POK\u00d3J_DZIEWCZYNEK_2-12378-kwadrat-1920.jpg\",\"datePublished\":\"2020-11-09T13:04:00+00:00\",\"dateModified\":\"2026-03-24T07:08:12+00:00\",\"breadcrumb\":{\"@id\":\"https:\\\/\\\/inmondo.pl\\\/sklep\\\/elementy\\\/akcesoria\\\/zaslony-lniane-do-lozka-funflex\\\/#breadcrumb\"},\"inLanguage\":\"en-GB\",\"potentialAction\":[{\"@type\":\"ReadAction\",\"target\":[\"https:\\\/\\\/inmondo.pl\\\/sklep\\\/elementy\\\/akcesoria\\\/zaslony-lniane-do-lozka-funflex\\\/\"]}]},{\"@type\":\"ImageObject\",\"inLanguage\":\"en-GB\",\"@id\":\"https:\\\/\\\/inmondo.pl\\\/sklep\\\/elementy\\\/akcesoria\\\/zaslony-lniane-do-lozka-funflex\\\/#primaryimage\",\"url\":\"https:\\\/\\\/inmondo.pl\\\/wp-content\\\/uploads\\\/2020\\\/07\\\/2019_04_INMONDO_POK\u00d3J_DZIEWCZYNEK_2-12378-kwadrat-1920.jpg\",\"contentUrl\":\"https:\\\/\\\/inmondo.pl\\\/wp-content\\\/uploads\\\/2020\\\/07\\\/2019_04_INMONDO_POK\u00d3J_DZIEWCZYNEK_2-12378-kwadrat-1920.jpg\",\"width\":1920,\"height\":1920},{\"@type\":\"BreadcrumbList\",\"@id\":\"https:\\\/\\\/inmondo.pl\\\/sklep\\\/elementy\\\/akcesoria\\\/zaslony-lniane-do-lozka-funflex\\\/#breadcrumb\",\"itemListElement\":[{\"@type\":\"ListItem\",\"position\":1,\"name\":\"Strona g\u0142\u00f3wna\",\"item\":\"https:\\\/\\\/inmondo.pl\\\/\"},{\"@type\":\"ListItem\",\"position\":2,\"name\":\"Oferta Inmondo: spe\u0142niamy marzenia i wymagania\",\"item\":\"https:\\\/\\\/inmondo.pl\\\/sklep\\\/\"},{\"@type\":\"ListItem\",\"position\":3,\"name\":\"kolekcje\",\"item\":\"https:\\\/\\\/inmondo.pl\\\/de\\\/sklep\\\/kolekcje\\\/\"},{\"@type\":\"ListItem\",\"position\":4,\"name\":\"Zas\u0142ony lniane do \u0142\u00f3\u017cka Funflex\"}]},{\"@type\":\"WebSite\",\"@id\":\"https:\\\/\\\/inmondo.pl\\\/#website\",\"url\":\"https:\\\/\\\/inmondo.pl\\\/\",\"name\":\"Inmondo\",\"description\":\"\",\"potentialAction\":[{\"@type\":\"SearchAction\",\"target\":{\"@type\":\"EntryPoint\",\"urlTemplate\":\"https:\\\/\\\/inmondo.pl\\\/?s={search_term_string}\"},\"query-input\":{\"@type\":\"PropertyValueSpecification\",\"valueRequired\":true,\"valueName\":\"search_term_string\"}}],\"inLanguage\":\"en-GB\"}]}<\/script>\n<!-- \/ Yoast SEO plugin. -->","yoast_head_json":{"title":"Linen curtains for the Funflex bed - Inmondo","robots":{"index":"index","follow":"follow","max-snippet":"max-snippet:-1","max-image-preview":"max-image-preview:large","max-video-preview":"max-video-preview:-1"},"canonical":"https:\/\/inmondo.pl\/en\/sklep\/elementy\/akcesoria\/zaslony-lniane-do-lozka-funflex\/","og_locale":"en_GB","og_type":"article","og_title":"Zas\u0142ony lniane do \u0142\u00f3\u017cka Funflex - Inmondo","og_description":"Zas\u0142ony lniane, dedykowane do \u0142\u00f3\u017cka wysokiego ze schodami\u00a0z kolekcji Funflex To niezwyk\u0142y dodatek do pokoiku Twojego dziecka, kt\u00f3ry wraz z lnianym pikowanym materacem, stworzy bajkowy\u00a0 pi\u0119kny k\u0105cik, o kt\u00f3rym ka\u017cdy marzy! Stylowe zas\u0142ony z okienkami, nadadz\u0105 temu wn\u0119trzu ca\u0142kiem innego oblicza, a Twoja pociecha znajdzie bezpieczne miejsce do zabawy i podr\u00f3\u017cy w \u015bwiat fantazji. Domy\u015blnie wyst\u0119puj\u0105 w kolorze naturalnego lnu lub delikatnego r\u00f3\u017cu. UWAGA: Produkt personalizowany, bez mo\u017cliwo\u015bci zwrotu. Prosimy o przemy\u015blane zakupy","og_url":"https:\/\/inmondo.pl\/en\/sklep\/elementy\/akcesoria\/zaslony-lniane-do-lozka-funflex\/","og_site_name":"Inmondo","article_modified_time":"2026-03-24T07:08:12+00:00","og_image":[{"width":1920,"height":1920,"url":"https:\/\/inmondo.pl\/wp-content\/uploads\/2020\/07\/2019_04_INMONDO_POK\u00d3J_DZIEWCZYNEK_2-12378-kwadrat-1920.jpg","type":"image\/jpeg"}],"twitter_card":"summary_large_image","twitter_misc":{"Estimated reading time":"2 minutes"},"schema":{"@context":"https:\/\/schema.org","@graph":[{"@type":"WebPage","@id":"https:\/\/inmondo.pl\/sklep\/elementy\/akcesoria\/zaslony-lniane-do-lozka-funflex\/","url":"https:\/\/inmondo.pl\/sklep\/elementy\/akcesoria\/zaslony-lniane-do-lozka-funflex\/","name":"Linen curtains for the Funflex bed - Inmondo","isPartOf":{"@id":"https:\/\/inmondo.pl\/#website"},"primaryImageOfPage":{"@id":"https:\/\/inmondo.pl\/sklep\/elementy\/akcesoria\/zaslony-lniane-do-lozka-funflex\/#primaryimage"},"image":{"@id":"https:\/\/inmondo.pl\/sklep\/elementy\/akcesoria\/zaslony-lniane-do-lozka-funflex\/#primaryimage"},"thumbnailUrl":"https:\/\/inmondo.pl\/wp-content\/uploads\/2020\/07\/2019_04_INMONDO_POK\u00d3J_DZIEWCZYNEK_2-12378-kwadrat-1920.jpg","datePublished":"2020-11-09T13:04:00+00:00","dateModified":"2026-03-24T07:08:12+00:00","breadcrumb":{"@id":"https:\/\/inmondo.pl\/sklep\/elementy\/akcesoria\/zaslony-lniane-do-lozka-funflex\/#breadcrumb"},"inLanguage":"en-GB","potentialAction":[{"@type":"ReadAction","target":["https:\/\/inmondo.pl\/sklep\/elementy\/akcesoria\/zaslony-lniane-do-lozka-funflex\/"]}]},{"@type":"ImageObject","inLanguage":"en-GB","@id":"https:\/\/inmondo.pl\/sklep\/elementy\/akcesoria\/zaslony-lniane-do-lozka-funflex\/#primaryimage","url":"https:\/\/inmondo.pl\/wp-content\/uploads\/2020\/07\/2019_04_INMONDO_POK\u00d3J_DZIEWCZYNEK_2-12378-kwadrat-1920.jpg","contentUrl":"https:\/\/inmondo.pl\/wp-content\/uploads\/2020\/07\/2019_04_INMONDO_POK\u00d3J_DZIEWCZYNEK_2-12378-kwadrat-1920.jpg","width":1920,"height":1920},{"@type":"BreadcrumbList","@id":"https:\/\/inmondo.pl\/sklep\/elementy\/akcesoria\/zaslony-lniane-do-lozka-funflex\/#breadcrumb","itemListElement":[{"@type":"ListItem","position":1,"name":"Strona g\u0142\u00f3wna","item":"https:\/\/inmondo.pl\/"},{"@type":"ListItem","position":2,"name":"Oferta Inmondo: spe\u0142niamy marzenia i wymagania","item":"https:\/\/inmondo.pl\/sklep\/"},{"@type":"ListItem","position":3,"name":"kolekcje","item":"https:\/\/inmondo.pl\/de\/sklep\/kolekcje\/"},{"@type":"ListItem","position":4,"name":"Zas\u0142ony lniane do \u0142\u00f3\u017cka Funflex"}]},{"@type":"WebSite","@id":"https:\/\/inmondo.pl\/#website","url":"https:\/\/inmondo.pl\/","name":"Inmondo","description":"","potentialAction":[{"@type":"SearchAction","target":{"@type":"EntryPoint","urlTemplate":"https:\/\/inmondo.pl\/?s={search_term_string}"},"query-input":{"@type":"PropertyValueSpecification","valueRequired":true,"valueName":"search_term_string"}}],"inLanguage":"en-GB"}]}},"wcpa_form_fields":null,"_links":{"self":[{"href":"https:\/\/inmondo.pl\/en\/wp-json\/wp\/v2\/product\/2567","targetHints":{"allow":["GET"]}}],"collection":[{"href":"https:\/\/inmondo.pl\/en\/wp-json\/wp\/v2\/product"}],"about":[{"href":"https:\/\/inmondo.pl\/en\/wp-json\/wp\/v2\/types\/product"}],"replies":[{"embeddable":true,"href":"https:\/\/inmondo.pl\/en\/wp-json\/wp\/v2\/comments?post=2567"}],"wp:featuredmedia":[{"embeddable":true,"href":"https:\/\/inmondo.pl\/en\/wp-json\/wp\/v2\/media\/1300"}],"wp:attachment":[{"href":"https:\/\/inmondo.pl\/en\/wp-json\/wp\/v2\/media?parent=2567"}],"wp:term":[{"taxonomy":"product_brand","embeddable":true,"href":"https:\/\/inmondo.pl\/en\/wp-json\/wp\/v2\/product_brand?post=2567"},{"taxonomy":"product_cat","embeddable":true,"href":"https:\/\/inmondo.pl\/en\/wp-json\/wp\/v2\/product_cat?post=2567"},{"taxonomy":"product_tag","embeddable":true,"href":"https:\/\/inmondo.pl\/en\/wp-json\/wp\/v2\/product_tag?post=2567"}],"curies":[{"name":"wp","href":"https:\/\/api.w.org\/{rel}","templated":true}]}}