{"id":2550,"date":"2020-11-30T08:19:38","date_gmt":"2020-11-30T07:19:38","guid":{"rendered":"https:\/\/inmondo.pl\/?post_type=product&#038;p=2550"},"modified":"2026-01-21T16:26:27","modified_gmt":"2026-01-21T15:26:27","slug":"linen-mattress-decorative","status":"publish","type":"product","link":"https:\/\/inmondo.pl\/en\/sklep\/elementy\/materace\/linen-mattress-decorative\/","title":{"rendered":"Decorative linen mattress"},"content":{"rendered":"<p>Hand-quilted linen mattress, French style.<\/p>\n<p>Ideal for the rest area as well as the play area.<\/p>\n<p>Stylish, original and above all - natural.<\/p>","protected":false},"excerpt":{"rendered":"<p>Hand-quilted linen mattress, French style.<\/p>\n<p>Perfect for both the relaxation and play area.<\/p>\n<p>Stylish, original and above all - natural!<\/p>\n<p>&nbsp;<\/p>\n<p>&nbsp;<\/p>\n<p>Lead time - 4-6 weeks<\/p>","protected":false},"featured_media":2551,"comment_status":"open","ping_status":"closed","template":"","meta":{"_acf_changed":false},"product_brand":[],"product_cat":[50,17,44],"product_tag":[],"class_list":{"0":"post-2550","1":"product","2":"type-product","3":"status-publish","4":"has-post-thumbnail","6":"product_cat-dodatki","7":"product_cat-kolekcje","8":"product_cat-materace","10":"first","11":"onbackorder","12":"taxable","13":"shipping-taxable","14":"purchasable","15":"product-type-variable","16":"has-default-attributes"},"acf":{"wymiary":"D\u0142ugo\u015b\u0107: 190 cm<br \/>\r\nSzeroko\u015b\u0107: 90 cm<br \/>\r\nWysoko\u015b\u0107: 20 cm<br \/>\r\nTolerancja nawet do&nbsp;+\/- 5cm<br \/>\r\n","materialy":"Materia\u0142&nbsp;: 100% Len<br \/>\r\n<br \/>\r\nWype\u0142nienie&nbsp;: Hipoalergiczna kulka silikonowa","sections_woocommerce":[{"acf_fc_layout":"section_menu","is_active":true,"repeater":[{"text":"Opis","link":"#opis"},{"text":"Lookbook","link":"#lookbook"},{"text":"Opinie","link":"#opinie"},{"text":"Inne produkty","link":"#inneprodukty"}]},{"acf_fc_layout":"section_woocommerce_text_image","is_active":true,"anchor":"#opis","text_align":"textAlign--left","grid_width":"main","wysiwyg":"<p>Niezwyk\u0142e dodatki i\u00a0akcesoria, tworzone w\u00a0przekonaniu, \u017ce\u00a0ka\u017cde wn\u0119trze<br \/>\nmo\u017cna zaaran\u017cowa\u0107 w\u00a0pi\u0119kny spos\u00f3b, tworz\u0105c przestrze\u0144 nieprzeci\u0119tn\u0105<br \/>\n\u2013 wystarczy tylko troch\u0119 wyobra\u017ani. Wierzymy, \u017ce\u00a0wykorzystasz j\u0105 i\u00a0stworzysz pok\u00f3j swoich marze\u0144.<\/p>\n","image":"https:\/\/inmondo.pl\/wp-content\/uploads\/2020\/09\/2019_04_INMONDO_POK\u00d3J_DZIEWCZYNEK_2-12594.jpg"},{"acf_fc_layout":"section_woocommerce_text_image","is_active":true,"anchor":"#","text_align":"textAlign--right","grid_width":"main","wysiwyg":"<p>Produkt nie jest materacem \u0142\u00f3\u017ckowym s\u0142u\u017c\u0105cym do\u00a0codziennego spania, spe\u0142nia rol\u0119 rekreacyjn\u0105 oraz\u00a0dekoracyjn\u0105<\/p>\n","image":"https:\/\/inmondo.pl\/wp-content\/uploads\/2020\/07\/2019_04_INMONDO_POK\u00d3J_DZIEWCZYNEK_2-12293-1920.jpg"},{"acf_fc_layout":"section_woocommerce_lookbook","is_active":true,"anchor":"#lookbook","header":"<h2 style=\"text-align: center;\">Zobacz galeri\u0119 mebli uzupe\u0142niaj\u0105cych nasze kolekcje:<\/h2>\n<p style=\"text-align: center;\">Zapraszamy do\u00a0zapoznania si\u0119 z\u00a0kolekcj\u0105 uzupe\u0142niaj\u0105c\u0105. Wzbogacisz pok\u00f3j w\u00a0urocze elementy dodaj\u0105ce blasku twojemu wn\u0119trzu. Pokazujemy Ci tylko u\u0142amek mo\u017cliwo\u015bci\u2026 Zainspiruj si\u0119\u2026<\/p>\n","repeater":[{"shortcode":"[woocommerce_lookbook id=\"1582\"]"},{"shortcode":"[woocommerce_lookbook id=\"1279\"]"},{"shortcode":"[woocommerce_lookbook id=\"1351\"]"}]}],"czas_realizacji":""},"yoast_head":"<!-- This site is optimized with the Yoast SEO plugin v27.3 - https:\/\/yoast.com\/product\/yoast-seo-wordpress\/ -->\n<title>Lniany materac ozdobny - Inmondo<\/title>\n<meta name=\"robots\" content=\"index, follow, max-snippet:-1, max-image-preview:large, max-video-preview:-1\" \/>\n<link rel=\"canonical\" href=\"http:\/\/inmondo.pl\/en\/sklep\/elementy\/materace\/linen-mattress-decorative\/\" \/>\n<meta property=\"og:locale\" content=\"en_GB\" \/>\n<meta property=\"og:type\" content=\"article\" \/>\n<meta property=\"og:title\" content=\"Lniany materac ozdobny - Inmondo\" \/>\n<meta property=\"og:description\" content=\"R\u0119cznie pikowany lniany materac, w stylu francuskim.  Idealny\u00a0 do strefy odpoczynku, jak i zabawy.  Stylowy, oryginalny i przede wszystkim - naturalny!  &nbsp;  &nbsp;  Czas realizacji - 4-6 tygodni\" \/>\n<meta property=\"og:url\" content=\"http:\/\/inmondo.pl\/en\/sklep\/elementy\/materace\/linen-mattress-decorative\/\" \/>\n<meta property=\"og:site_name\" content=\"Inmondo\" \/>\n<meta property=\"article:modified_time\" content=\"2026-01-21T15:26:27+00:00\" \/>\n<meta property=\"og:image\" content=\"http:\/\/inmondo.pl\/wp-content\/uploads\/2020\/11\/lniany-materac-pikowany-bez-e1604583614996.jpg\" \/>\n\t<meta property=\"og:image:width\" content=\"1000\" \/>\n\t<meta property=\"og:image:height\" content=\"1001\" \/>\n\t<meta property=\"og:image:type\" content=\"image\/jpeg\" \/>\n<meta name=\"twitter:card\" content=\"summary_large_image\" \/>\n<meta name=\"twitter:label1\" content=\"Estimated reading time\" \/>\n\t<meta name=\"twitter:data1\" content=\"2 minutes\" \/>\n<script type=\"application\/ld+json\" class=\"yoast-schema-graph\">{\"@context\":\"https:\\\/\\\/schema.org\",\"@graph\":[{\"@type\":\"WebPage\",\"@id\":\"http:\\\/\\\/inmondo.pl\\\/sklep\\\/elementy\\\/materace\\\/lniany-materac-ozdobny\\\/\",\"url\":\"http:\\\/\\\/inmondo.pl\\\/sklep\\\/elementy\\\/materace\\\/lniany-materac-ozdobny\\\/\",\"name\":\"Lniany materac ozdobny - Inmondo\",\"isPartOf\":{\"@id\":\"https:\\\/\\\/inmondo.pl\\\/#website\"},\"primaryImageOfPage\":{\"@id\":\"http:\\\/\\\/inmondo.pl\\\/sklep\\\/elementy\\\/materace\\\/lniany-materac-ozdobny\\\/#primaryimage\"},\"image\":{\"@id\":\"http:\\\/\\\/inmondo.pl\\\/sklep\\\/elementy\\\/materace\\\/lniany-materac-ozdobny\\\/#primaryimage\"},\"thumbnailUrl\":\"https:\\\/\\\/inmondo.pl\\\/wp-content\\\/uploads\\\/2020\\\/11\\\/lniany-materac-pikowany-bez-e1604583614996.jpg\",\"datePublished\":\"2020-11-30T07:19:38+00:00\",\"dateModified\":\"2026-01-21T15:26:27+00:00\",\"breadcrumb\":{\"@id\":\"http:\\\/\\\/inmondo.pl\\\/sklep\\\/elementy\\\/materace\\\/lniany-materac-ozdobny\\\/#breadcrumb\"},\"inLanguage\":\"en-GB\",\"potentialAction\":[{\"@type\":\"ReadAction\",\"target\":[\"http:\\\/\\\/inmondo.pl\\\/sklep\\\/elementy\\\/materace\\\/lniany-materac-ozdobny\\\/\"]}]},{\"@type\":\"ImageObject\",\"inLanguage\":\"en-GB\",\"@id\":\"http:\\\/\\\/inmondo.pl\\\/sklep\\\/elementy\\\/materace\\\/lniany-materac-ozdobny\\\/#primaryimage\",\"url\":\"https:\\\/\\\/inmondo.pl\\\/wp-content\\\/uploads\\\/2020\\\/11\\\/lniany-materac-pikowany-bez-e1604583614996.jpg\",\"contentUrl\":\"https:\\\/\\\/inmondo.pl\\\/wp-content\\\/uploads\\\/2020\\\/11\\\/lniany-materac-pikowany-bez-e1604583614996.jpg\",\"width\":1000,\"height\":1001},{\"@type\":\"BreadcrumbList\",\"@id\":\"http:\\\/\\\/inmondo.pl\\\/sklep\\\/elementy\\\/materace\\\/lniany-materac-ozdobny\\\/#breadcrumb\",\"itemListElement\":[{\"@type\":\"ListItem\",\"position\":1,\"name\":\"Strona g\u0142\u00f3wna\",\"item\":\"https:\\\/\\\/inmondo.pl\\\/\"},{\"@type\":\"ListItem\",\"position\":2,\"name\":\"Oferta Inmondo: spe\u0142niamy marzenia i wymagania\",\"item\":\"https:\\\/\\\/inmondo.pl\\\/sklep\\\/\"},{\"@type\":\"ListItem\",\"position\":3,\"name\":\"kolekcje\",\"item\":\"https:\\\/\\\/inmondo.pl\\\/de\\\/sklep\\\/kolekcje\\\/\"},{\"@type\":\"ListItem\",\"position\":4,\"name\":\"Lniany materac ozdobny\"}]},{\"@type\":\"WebSite\",\"@id\":\"https:\\\/\\\/inmondo.pl\\\/#website\",\"url\":\"https:\\\/\\\/inmondo.pl\\\/\",\"name\":\"Inmondo\",\"description\":\"\",\"potentialAction\":[{\"@type\":\"SearchAction\",\"target\":{\"@type\":\"EntryPoint\",\"urlTemplate\":\"https:\\\/\\\/inmondo.pl\\\/?s={search_term_string}\"},\"query-input\":{\"@type\":\"PropertyValueSpecification\",\"valueRequired\":true,\"valueName\":\"search_term_string\"}}],\"inLanguage\":\"en-GB\"}]}<\/script>\n<!-- \/ Yoast SEO plugin. -->","yoast_head_json":{"title":"Decorative linen mattress - Inmondo","robots":{"index":"index","follow":"follow","max-snippet":"max-snippet:-1","max-image-preview":"max-image-preview:large","max-video-preview":"max-video-preview:-1"},"canonical":"http:\/\/inmondo.pl\/en\/sklep\/elementy\/materace\/linen-mattress-decorative\/","og_locale":"en_GB","og_type":"article","og_title":"Lniany materac ozdobny - Inmondo","og_description":"R\u0119cznie pikowany lniany materac, w stylu francuskim.  Idealny\u00a0 do strefy odpoczynku, jak i zabawy.  Stylowy, oryginalny i przede wszystkim - naturalny!  &nbsp;  &nbsp;  Czas realizacji - 4-6 tygodni","og_url":"http:\/\/inmondo.pl\/en\/sklep\/elementy\/materace\/linen-mattress-decorative\/","og_site_name":"Inmondo","article_modified_time":"2026-01-21T15:26:27+00:00","og_image":[{"width":1000,"height":1001,"url":"http:\/\/inmondo.pl\/wp-content\/uploads\/2020\/11\/lniany-materac-pikowany-bez-e1604583614996.jpg","type":"image\/jpeg"}],"twitter_card":"summary_large_image","twitter_misc":{"Estimated reading time":"2 minutes"},"schema":{"@context":"https:\/\/schema.org","@graph":[{"@type":"WebPage","@id":"http:\/\/inmondo.pl\/sklep\/elementy\/materace\/lniany-materac-ozdobny\/","url":"http:\/\/inmondo.pl\/sklep\/elementy\/materace\/lniany-materac-ozdobny\/","name":"Decorative linen mattress - Inmondo","isPartOf":{"@id":"https:\/\/inmondo.pl\/#website"},"primaryImageOfPage":{"@id":"http:\/\/inmondo.pl\/sklep\/elementy\/materace\/lniany-materac-ozdobny\/#primaryimage"},"image":{"@id":"http:\/\/inmondo.pl\/sklep\/elementy\/materace\/lniany-materac-ozdobny\/#primaryimage"},"thumbnailUrl":"https:\/\/inmondo.pl\/wp-content\/uploads\/2020\/11\/lniany-materac-pikowany-bez-e1604583614996.jpg","datePublished":"2020-11-30T07:19:38+00:00","dateModified":"2026-01-21T15:26:27+00:00","breadcrumb":{"@id":"http:\/\/inmondo.pl\/sklep\/elementy\/materace\/lniany-materac-ozdobny\/#breadcrumb"},"inLanguage":"en-GB","potentialAction":[{"@type":"ReadAction","target":["http:\/\/inmondo.pl\/sklep\/elementy\/materace\/lniany-materac-ozdobny\/"]}]},{"@type":"ImageObject","inLanguage":"en-GB","@id":"http:\/\/inmondo.pl\/sklep\/elementy\/materace\/lniany-materac-ozdobny\/#primaryimage","url":"https:\/\/inmondo.pl\/wp-content\/uploads\/2020\/11\/lniany-materac-pikowany-bez-e1604583614996.jpg","contentUrl":"https:\/\/inmondo.pl\/wp-content\/uploads\/2020\/11\/lniany-materac-pikowany-bez-e1604583614996.jpg","width":1000,"height":1001},{"@type":"BreadcrumbList","@id":"http:\/\/inmondo.pl\/sklep\/elementy\/materace\/lniany-materac-ozdobny\/#breadcrumb","itemListElement":[{"@type":"ListItem","position":1,"name":"Strona g\u0142\u00f3wna","item":"https:\/\/inmondo.pl\/"},{"@type":"ListItem","position":2,"name":"Oferta Inmondo: spe\u0142niamy marzenia i wymagania","item":"https:\/\/inmondo.pl\/sklep\/"},{"@type":"ListItem","position":3,"name":"kolekcje","item":"https:\/\/inmondo.pl\/de\/sklep\/kolekcje\/"},{"@type":"ListItem","position":4,"name":"Lniany materac ozdobny"}]},{"@type":"WebSite","@id":"https:\/\/inmondo.pl\/#website","url":"https:\/\/inmondo.pl\/","name":"Inmondo","description":"","potentialAction":[{"@type":"SearchAction","target":{"@type":"EntryPoint","urlTemplate":"https:\/\/inmondo.pl\/?s={search_term_string}"},"query-input":{"@type":"PropertyValueSpecification","valueRequired":true,"valueName":"search_term_string"}}],"inLanguage":"en-GB"}]}},"wcpa_form_fields":null,"_links":{"self":[{"href":"https:\/\/inmondo.pl\/en\/wp-json\/wp\/v2\/product\/2550","targetHints":{"allow":["GET"]}}],"collection":[{"href":"https:\/\/inmondo.pl\/en\/wp-json\/wp\/v2\/product"}],"about":[{"href":"https:\/\/inmondo.pl\/en\/wp-json\/wp\/v2\/types\/product"}],"replies":[{"embeddable":true,"href":"https:\/\/inmondo.pl\/en\/wp-json\/wp\/v2\/comments?post=2550"}],"wp:featuredmedia":[{"embeddable":true,"href":"https:\/\/inmondo.pl\/en\/wp-json\/wp\/v2\/media\/2551"}],"wp:attachment":[{"href":"https:\/\/inmondo.pl\/en\/wp-json\/wp\/v2\/media?parent=2550"}],"wp:term":[{"taxonomy":"product_brand","embeddable":true,"href":"https:\/\/inmondo.pl\/en\/wp-json\/wp\/v2\/product_brand?post=2550"},{"taxonomy":"product_cat","embeddable":true,"href":"https:\/\/inmondo.pl\/en\/wp-json\/wp\/v2\/product_cat?post=2550"},{"taxonomy":"product_tag","embeddable":true,"href":"https:\/\/inmondo.pl\/en\/wp-json\/wp\/v2\/product_tag?post=2550"}],"curies":[{"name":"wp","href":"https:\/\/api.w.org\/{rel}","templated":true}]}}