{"id":2482,"date":"2020-10-14T12:42:57","date_gmt":"2020-10-14T10:42:57","guid":{"rendered":"https:\/\/inmondo.pl\/?post_type=product&#038;p=2482"},"modified":"2024-06-06T15:02:43","modified_gmt":"2024-06-06T13:02:43","slug":"lampka-piorun","status":"publish","type":"product","link":"https:\/\/inmondo.pl\/en\/sklep\/elementy\/oswietlenie\/lampka-piorun\/","title":{"rendered":"Lightning lamp"},"content":{"rendered":"<p>Wooden lamp Lightning<\/p>\n<p>&nbsp;<\/p>\n<p>The shape of the lightning bolt fits perfectly into the room of any child whose energy seems to be endless.<\/p>\n<p>It is available in white, black and yellow, the choice of which should be included in the comment to the order.<\/p>\n<p>It is made of solid wood and is CE, FCC and RoHS certified.<\/p>","protected":false},"excerpt":{"rendered":"<p>Wooden lamp Lightning<\/p>\n<p>&nbsp;<\/p>\n<p>The shape of the lightning bolt fits perfectly into the room of any child whose energy seems to be endless.<\/p>\n<p>It is available in white, black and yellow, the choice of which should be included in the comment to the order.<\/p>\n<p>It is made of solid wood and is CE, FCC and RoHS certified.<\/p>","protected":false},"featured_media":2492,"comment_status":"open","ping_status":"closed","template":"","meta":{"_acf_changed":false},"product_brand":[],"product_cat":[50,20,17,52],"product_tag":[],"class_list":{"0":"post-2482","1":"product","2":"type-product","3":"status-publish","4":"has-post-thumbnail","6":"product_cat-dodatki","7":"product_cat-elementy","8":"product_cat-kolekcje","9":"product_cat-oswietlenie","11":"first","12":"onbackorder","13":"taxable","14":"shipping-taxable","15":"purchasable","16":"product-type-variable","17":"has-default-attributes"},"acf":{"wymiary":"Wysoko\u015b\u0107 42 cm<br \/>\r\nSzeroko\u015b\u0107 20 cm<br \/>\r\n","materialy":"- Lite drewno sosnowe<br \/>\r\n- lampki LED ciep\u0142y bia\u0142y 2,2W<br \/>\r\n- zasilacz dogniazdkowy Input: AC 100-240 Output: DC 24V","sections_woocommerce":[{"acf_fc_layout":"section_menu","is_active":true,"repeater":[{"text":"Opis","link":"#opis"},{"text":"Lookbook","link":"#lookbook"},{"text":"Opinie","link":"#opinie"},{"text":"Inne produkty","link":"#inneprodukty"}]},{"acf_fc_layout":"section_woocommerce_text_image","is_active":true,"anchor":"#opis","text_align":"textAlign--left","grid_width":"main","wysiwyg":"<p>Wyj\u0105tkowe wzory mebli, tworzone w\u00a0przekonaniu, \u017ce\u00a0ka\u017cde wn\u0119trze<br \/>\nmo\u017cna zaaran\u017cowa\u0107 w\u00a0pi\u0119kny spos\u00f3b, tworz\u0105c przestrze\u0144 nieprzeci\u0119tn\u0105<br \/>\n\u2013 wystarczy tylko troch\u0119 wyobra\u017ani. Wierzymy, \u017ce\u00a0wykorzystasz j\u0105 i\u00a0stworzysz pok\u00f3j swoich marze\u0144.<\/p>\n","image":"https:\/\/inmondo.pl\/wp-content\/uploads\/2020\/06\/ko-DESSI-1-scaled-e1595516187758.jpg"},{"acf_fc_layout":"section_woocommerce_lookbook","is_active":true,"anchor":"#lookbook","header":"<h2 style=\"text-align: center;\">Zobacz galeri\u0119 mebli uzupe\u0142niaj\u0105cych nasze kolekcje:<\/h2>\n<p style=\"text-align: center;\">Zapraszamy do\u00a0zapoznania si\u0119 z\u00a0kolekcj\u0105 uzupe\u0142niaj\u0105c\u0105. Wzbogacisz pok\u00f3j w\u00a0urocze elementy dodaj\u0105ce blasku twojemu wn\u0119trzu. Pokazujemy Ci tylko u\u0142amek mo\u017cliwo\u015bci\u2026 Zainspiruj si\u0119\u2026<\/p>\n","repeater":[{"shortcode":"[woocommerce_lookbook id=\"1269\"]"},{"shortcode":"[woocommerce_lookbook id=\"1283\"]"},{"shortcode":"[woocommerce_lookbook id=\"1547\"]"},{"shortcode":"[woocommerce_lookbook id=\"1351\"]"},{"shortcode":"[woocommerce_lookbook id=\"1642\"]"}]}]},"yoast_head":"<!-- This site is optimized with the Yoast SEO plugin v27.3 - https:\/\/yoast.com\/product\/yoast-seo-wordpress\/ -->\n<title>Lampka Piorun - Inmondo<\/title>\n<meta name=\"robots\" content=\"index, follow, max-snippet:-1, max-image-preview:large, max-video-preview:-1\" \/>\n<link rel=\"canonical\" href=\"http:\/\/inmondo.pl\/en\/sklep\/elementy\/oswietlenie\/lampka-piorun\/\" \/>\n<meta property=\"og:locale\" content=\"en_GB\" \/>\n<meta property=\"og:type\" content=\"article\" \/>\n<meta property=\"og:title\" content=\"Lampka Piorun - Inmondo\" \/>\n<meta property=\"og:description\" content=\"Drewniana lampka Piorun  &nbsp;  Kszta\u0142t b\u0142yskawicy idealnie pasuje do pokoju ka\u017cdej pociechy, kt\u00f3rej energia wydaje si\u0119 nie mie\u0107 ko\u0144ca.  Dost\u0119pna jest w kolorach bia\u0142ym, czarnym i \u017c\u00f3\u0142tym, kt\u00f3rych wyb\u00f3r prosimy zawrze\u0107 w komentarzu do zam\u00f3wienia.  Jest wykonana z litego drewna i posiada certyfikaty CE, FCC i RoHS.\" \/>\n<meta property=\"og:url\" content=\"http:\/\/inmondo.pl\/en\/sklep\/elementy\/oswietlenie\/lampka-piorun\/\" \/>\n<meta property=\"og:site_name\" content=\"Inmondo\" \/>\n<meta property=\"article:modified_time\" content=\"2024-06-06T13:02:43+00:00\" \/>\n<meta property=\"og:image\" content=\"http:\/\/inmondo.pl\/wp-content\/uploads\/2020\/10\/IMG_3219-copy-scaled-e1602674287923.jpg\" \/>\n\t<meta property=\"og:image:width\" content=\"1920\" \/>\n\t<meta property=\"og:image:height\" content=\"1920\" \/>\n\t<meta property=\"og:image:type\" content=\"image\/jpeg\" \/>\n<meta name=\"twitter:card\" content=\"summary_large_image\" \/>\n<meta name=\"twitter:label1\" content=\"Estimated reading time\" \/>\n\t<meta name=\"twitter:data1\" content=\"2 minutes\" \/>\n<script type=\"application\/ld+json\" class=\"yoast-schema-graph\">{\"@context\":\"https:\\\/\\\/schema.org\",\"@graph\":[{\"@type\":\"WebPage\",\"@id\":\"http:\\\/\\\/inmondo.pl\\\/sklep\\\/elementy\\\/oswietlenie\\\/lampka-piorun\\\/\",\"url\":\"http:\\\/\\\/inmondo.pl\\\/sklep\\\/elementy\\\/oswietlenie\\\/lampka-piorun\\\/\",\"name\":\"Lampka Piorun - Inmondo\",\"isPartOf\":{\"@id\":\"https:\\\/\\\/inmondo.pl\\\/#website\"},\"primaryImageOfPage\":{\"@id\":\"http:\\\/\\\/inmondo.pl\\\/sklep\\\/elementy\\\/oswietlenie\\\/lampka-piorun\\\/#primaryimage\"},\"image\":{\"@id\":\"http:\\\/\\\/inmondo.pl\\\/sklep\\\/elementy\\\/oswietlenie\\\/lampka-piorun\\\/#primaryimage\"},\"thumbnailUrl\":\"https:\\\/\\\/inmondo.pl\\\/wp-content\\\/uploads\\\/2020\\\/10\\\/IMG_3219-copy-scaled-e1602674287923.jpg\",\"datePublished\":\"2020-10-14T10:42:57+00:00\",\"dateModified\":\"2024-06-06T13:02:43+00:00\",\"breadcrumb\":{\"@id\":\"http:\\\/\\\/inmondo.pl\\\/sklep\\\/elementy\\\/oswietlenie\\\/lampka-piorun\\\/#breadcrumb\"},\"inLanguage\":\"en-GB\",\"potentialAction\":[{\"@type\":\"ReadAction\",\"target\":[\"http:\\\/\\\/inmondo.pl\\\/sklep\\\/elementy\\\/oswietlenie\\\/lampka-piorun\\\/\"]}]},{\"@type\":\"ImageObject\",\"inLanguage\":\"en-GB\",\"@id\":\"http:\\\/\\\/inmondo.pl\\\/sklep\\\/elementy\\\/oswietlenie\\\/lampka-piorun\\\/#primaryimage\",\"url\":\"https:\\\/\\\/inmondo.pl\\\/wp-content\\\/uploads\\\/2020\\\/10\\\/IMG_3219-copy-scaled-e1602674287923.jpg\",\"contentUrl\":\"https:\\\/\\\/inmondo.pl\\\/wp-content\\\/uploads\\\/2020\\\/10\\\/IMG_3219-copy-scaled-e1602674287923.jpg\",\"width\":1920,\"height\":1920},{\"@type\":\"BreadcrumbList\",\"@id\":\"http:\\\/\\\/inmondo.pl\\\/sklep\\\/elementy\\\/oswietlenie\\\/lampka-piorun\\\/#breadcrumb\",\"itemListElement\":[{\"@type\":\"ListItem\",\"position\":1,\"name\":\"Strona g\u0142\u00f3wna\",\"item\":\"https:\\\/\\\/inmondo.pl\\\/\"},{\"@type\":\"ListItem\",\"position\":2,\"name\":\"Oferta Inmondo: spe\u0142niamy marzenia i wymagania\",\"item\":\"https:\\\/\\\/inmondo.pl\\\/sklep\\\/\"},{\"@type\":\"ListItem\",\"position\":3,\"name\":\"kolekcje\",\"item\":\"https:\\\/\\\/inmondo.pl\\\/de\\\/sklep\\\/kolekcje\\\/\"},{\"@type\":\"ListItem\",\"position\":4,\"name\":\"Lampka Piorun\"}]},{\"@type\":\"WebSite\",\"@id\":\"https:\\\/\\\/inmondo.pl\\\/#website\",\"url\":\"https:\\\/\\\/inmondo.pl\\\/\",\"name\":\"Inmondo\",\"description\":\"\",\"potentialAction\":[{\"@type\":\"SearchAction\",\"target\":{\"@type\":\"EntryPoint\",\"urlTemplate\":\"https:\\\/\\\/inmondo.pl\\\/?s={search_term_string}\"},\"query-input\":{\"@type\":\"PropertyValueSpecification\",\"valueRequired\":true,\"valueName\":\"search_term_string\"}}],\"inLanguage\":\"en-GB\"}]}<\/script>\n<!-- \/ Yoast SEO plugin. -->","yoast_head_json":{"title":"Lightning lamp - Inmondo","robots":{"index":"index","follow":"follow","max-snippet":"max-snippet:-1","max-image-preview":"max-image-preview:large","max-video-preview":"max-video-preview:-1"},"canonical":"http:\/\/inmondo.pl\/en\/sklep\/elementy\/oswietlenie\/lampka-piorun\/","og_locale":"en_GB","og_type":"article","og_title":"Lampka Piorun - Inmondo","og_description":"Drewniana lampka Piorun  &nbsp;  Kszta\u0142t b\u0142yskawicy idealnie pasuje do pokoju ka\u017cdej pociechy, kt\u00f3rej energia wydaje si\u0119 nie mie\u0107 ko\u0144ca.  Dost\u0119pna jest w kolorach bia\u0142ym, czarnym i \u017c\u00f3\u0142tym, kt\u00f3rych wyb\u00f3r prosimy zawrze\u0107 w komentarzu do zam\u00f3wienia.  Jest wykonana z litego drewna i posiada certyfikaty CE, FCC i RoHS.","og_url":"http:\/\/inmondo.pl\/en\/sklep\/elementy\/oswietlenie\/lampka-piorun\/","og_site_name":"Inmondo","article_modified_time":"2024-06-06T13:02:43+00:00","og_image":[{"width":1920,"height":1920,"url":"http:\/\/inmondo.pl\/wp-content\/uploads\/2020\/10\/IMG_3219-copy-scaled-e1602674287923.jpg","type":"image\/jpeg"}],"twitter_card":"summary_large_image","twitter_misc":{"Estimated reading time":"2 minutes"},"schema":{"@context":"https:\/\/schema.org","@graph":[{"@type":"WebPage","@id":"http:\/\/inmondo.pl\/sklep\/elementy\/oswietlenie\/lampka-piorun\/","url":"http:\/\/inmondo.pl\/sklep\/elementy\/oswietlenie\/lampka-piorun\/","name":"Lightning lamp - Inmondo","isPartOf":{"@id":"https:\/\/inmondo.pl\/#website"},"primaryImageOfPage":{"@id":"http:\/\/inmondo.pl\/sklep\/elementy\/oswietlenie\/lampka-piorun\/#primaryimage"},"image":{"@id":"http:\/\/inmondo.pl\/sklep\/elementy\/oswietlenie\/lampka-piorun\/#primaryimage"},"thumbnailUrl":"https:\/\/inmondo.pl\/wp-content\/uploads\/2020\/10\/IMG_3219-copy-scaled-e1602674287923.jpg","datePublished":"2020-10-14T10:42:57+00:00","dateModified":"2024-06-06T13:02:43+00:00","breadcrumb":{"@id":"http:\/\/inmondo.pl\/sklep\/elementy\/oswietlenie\/lampka-piorun\/#breadcrumb"},"inLanguage":"en-GB","potentialAction":[{"@type":"ReadAction","target":["http:\/\/inmondo.pl\/sklep\/elementy\/oswietlenie\/lampka-piorun\/"]}]},{"@type":"ImageObject","inLanguage":"en-GB","@id":"http:\/\/inmondo.pl\/sklep\/elementy\/oswietlenie\/lampka-piorun\/#primaryimage","url":"https:\/\/inmondo.pl\/wp-content\/uploads\/2020\/10\/IMG_3219-copy-scaled-e1602674287923.jpg","contentUrl":"https:\/\/inmondo.pl\/wp-content\/uploads\/2020\/10\/IMG_3219-copy-scaled-e1602674287923.jpg","width":1920,"height":1920},{"@type":"BreadcrumbList","@id":"http:\/\/inmondo.pl\/sklep\/elementy\/oswietlenie\/lampka-piorun\/#breadcrumb","itemListElement":[{"@type":"ListItem","position":1,"name":"Strona g\u0142\u00f3wna","item":"https:\/\/inmondo.pl\/"},{"@type":"ListItem","position":2,"name":"Oferta Inmondo: spe\u0142niamy marzenia i wymagania","item":"https:\/\/inmondo.pl\/sklep\/"},{"@type":"ListItem","position":3,"name":"kolekcje","item":"https:\/\/inmondo.pl\/de\/sklep\/kolekcje\/"},{"@type":"ListItem","position":4,"name":"Lampka Piorun"}]},{"@type":"WebSite","@id":"https:\/\/inmondo.pl\/#website","url":"https:\/\/inmondo.pl\/","name":"Inmondo","description":"","potentialAction":[{"@type":"SearchAction","target":{"@type":"EntryPoint","urlTemplate":"https:\/\/inmondo.pl\/?s={search_term_string}"},"query-input":{"@type":"PropertyValueSpecification","valueRequired":true,"valueName":"search_term_string"}}],"inLanguage":"en-GB"}]}},"wcpa_form_fields":null,"_links":{"self":[{"href":"https:\/\/inmondo.pl\/en\/wp-json\/wp\/v2\/product\/2482","targetHints":{"allow":["GET"]}}],"collection":[{"href":"https:\/\/inmondo.pl\/en\/wp-json\/wp\/v2\/product"}],"about":[{"href":"https:\/\/inmondo.pl\/en\/wp-json\/wp\/v2\/types\/product"}],"replies":[{"embeddable":true,"href":"https:\/\/inmondo.pl\/en\/wp-json\/wp\/v2\/comments?post=2482"}],"wp:featuredmedia":[{"embeddable":true,"href":"https:\/\/inmondo.pl\/en\/wp-json\/wp\/v2\/media\/2492"}],"wp:attachment":[{"href":"https:\/\/inmondo.pl\/en\/wp-json\/wp\/v2\/media?parent=2482"}],"wp:term":[{"taxonomy":"product_brand","embeddable":true,"href":"https:\/\/inmondo.pl\/en\/wp-json\/wp\/v2\/product_brand?post=2482"},{"taxonomy":"product_cat","embeddable":true,"href":"https:\/\/inmondo.pl\/en\/wp-json\/wp\/v2\/product_cat?post=2482"},{"taxonomy":"product_tag","embeddable":true,"href":"https:\/\/inmondo.pl\/en\/wp-json\/wp\/v2\/product_tag?post=2482"}],"curies":[{"name":"wp","href":"https:\/\/api.w.org\/{rel}","templated":true}]}}