{"id":2132,"date":"2020-09-11T11:20:25","date_gmt":"2020-09-11T09:20:25","guid":{"rendered":"http:\/\/inmondo.pl\/?post_type=product&#038;p=2132"},"modified":"2026-01-12T11:35:08","modified_gmt":"2026-01-12T10:35:08","slug":"materac-sommeil","status":"publish","type":"product","link":"https:\/\/inmondo.pl\/en\/sklep\/elementy\/materace\/materac-sommeil\/","title":{"rendered":"Mattress SOMMEIL 70\/140"},"content":{"rendered":"<p><strong>Children's mattress \u201cSOMMEIL\u201d<\/strong> is made of&nbsp;<strong>high-quality flexible polyurethane foam<\/strong>, obtained by the continuous Maxfoam\u2122 method (25 kg\/m3), combined with a&nbsp; <strong>latex foam <\/strong>(20% natural latex, 80% synthetic latex). This unique manufacturing process ensures a consistent and even density distribution of the foam throughout the mattress. The parameters have been chosen so that the mattress <strong>it was not too soft, but also too hard for a child<\/strong><\/p>\n<p>&nbsp;<\/p>","protected":false},"excerpt":{"rendered":"<p>The use of polyurethane foam with appropriate parameters made it possible to obtain the &quot;SOMMEIL&quot; mattress with very good elasticity, stable edges and relatively low weight. It is a perfect filling of children&#039;s mattresses, enabling a relatively low final price of the product while maintaining comfort and proper durability of the product. Additional connection with perforated latex foam allows use by children from birth (O +). It is an extremely durable and comfortable material that is a mixture of natural latex with synthetic latex. During production, it undergoes a process of foaming and then vulcanization.<\/p>\n<p>&nbsp;<\/p>\n<p>&nbsp;<\/p>\n<p>When you purchase the bed together with the mattress, you will receive a 10% discount on the mattress.<\/p>","protected":false},"featured_media":2731,"comment_status":"open","ping_status":"closed","template":"","meta":{"_acf_changed":false},"product_brand":[],"product_cat":[17,20,44],"product_tag":[],"class_list":{"0":"post-2132","1":"product","2":"type-product","3":"status-publish","4":"has-post-thumbnail","6":"product_cat-kolekcje","7":"product_cat-elementy","8":"product_cat-materace","10":"first","11":"onbackorder","12":"taxable","13":"shipping-taxable","14":"purchasable","15":"product-type-simple"},"acf":{"wymiary":"D\u0142ugo\u015b\u0107: 140 cm<br \/>\r\nSzeroko\u015b\u0107: 70 cm<br \/>\r\nWysoko\u015b\u0107: 9 cm","materialy":"-Pianka Lateksowa (20% lateks naturalny, 80% lateks syntetyczny) <br \/>\r\n-Pianka PUR<br \/>\r\n","sections_woocommerce":[{"acf_fc_layout":"section_menu","is_active":true,"repeater":[{"text":"Opis","link":"#opis"},{"text":"Lookbook","link":"#lookbook"},{"text":"Opinie","link":"#opinie"},{"text":"Inne produkty","link":"#inneprodukty"}]},{"acf_fc_layout":"section_woocommerce_text_image","is_active":true,"anchor":"opis","text_align":"textAlign--left","grid_width":"main","wysiwyg":"<p>Zastosowanie pianki poliuretanowej o\u00a0odpowiednich parametrach umo\u017cliwi\u0142o uzyskanie materaca &#8222;<strong>SOMMEIL<\/strong>&#8221; o\u00a0bardzo dobrej spr\u0119\u017cysto\u015bci, stabilnych kraw\u0119dziach i\u00a0relatywnie niskiej wadze.\u00a0 To doskona\u0142e wype\u0142nienie materacy dla\u00a0dzieci, umo\u017cliwiaj\u0105ce uzyskanie relatywnie niskiej cen\u0119 ko\u0144cow\u0105 produktu przy\u00a0zachowaniu komfortu oraz\u00a0w\u0142a\u015bciwej trwa\u0142o\u015bci produktu. Dodatkowe po\u0142\u0105czenie z\u00a0perforowan\u0105 piank\u0105 lateksow\u0105 pozwala na\u00a0u\u017cytkowanie przez\u00a0dzieci w\u00a0wieku od urodzenia (O+).\u00a0 To niezwykle trwa\u0142y i\u00a0komfortowy materia\u0142 b\u0119d\u0105cy mieszanin\u0105 naturalnego lateksu z\u00a0lateksem syntetycznym. Podczas produkcji poddawana jest procesowi spieniania, a\u00a0nast\u0119pnie wulkanizacji.<\/p>\n","image":"https:\/\/inmondo.pl\/wp-content\/uploads\/2020\/09\/OEKO-TEX-CERTYFIKAT.png"},{"acf_fc_layout":"section_woocommerce_text_image","is_active":true,"anchor":"","text_align":"textAlign--left","grid_width":"main","wysiwyg":"<p>Materac zosta\u0142 wyposa\u017cony w\u00a0pokrowiec przystosowany do\u00a0prania w\u00a0pralce w\u00a0temperaturze 60\u00b0C, wirowania i\u00a0suszenia w\u00a0suszarkach b\u0119bnowych, kt\u00f3ry mo\u017cna bardzo \u0142atwo zdj\u0105\u0107 i\u00a0za\u0142o\u017cy\u0107 ponownie.<\/p>\n","image":"https:\/\/inmondo.pl\/wp-content\/uploads\/2020\/09\/pikt-pranie-szare1.jpg"},{"acf_fc_layout":"section_woocommerce_lookbook","is_active":true,"anchor":"lookbook","header":"<h2 style=\"text-align: center;\">Zobacz galeri\u0119 mebli uzupe\u0142niaj\u0105cych nasze kolekcje:<\/h2>\n<p style=\"text-align: center;\">Zapraszamy do\u00a0zapoznania si\u0119 z\u00a0kolekcj\u0105 uzupe\u0142niaj\u0105c\u0105. Wzbogacisz pok\u00f3j w\u00a0urocze elementy dodaj\u0105ce blasku twojemu wn\u0119trzu. Pokazujemy Ci tylko u\u0142amek mo\u017cliwo\u015bci\u2026 Zainspiruj si\u0119\u2026<\/p>\n","repeater":[{"shortcode":"[woocommerce_lookbook id=\"1582\"]"},{"shortcode":"[woocommerce_lookbook id=\"1279\"]"},{"shortcode":"[woocommerce_lookbook id=\"1351]"}]}]},"yoast_head":"<!-- This site is optimized with the Yoast SEO plugin v27.3 - https:\/\/yoast.com\/product\/yoast-seo-wordpress\/ -->\n<title>Materac SOMMEIL 70\/140 - Inmondo<\/title>\n<meta name=\"robots\" content=\"index, follow, max-snippet:-1, max-image-preview:large, max-video-preview:-1\" \/>\n<link rel=\"canonical\" href=\"http:\/\/inmondo.pl\/en\/sklep\/elementy\/materace\/materac-sommeil\/\" \/>\n<meta property=\"og:locale\" content=\"en_GB\" \/>\n<meta property=\"og:type\" content=\"article\" \/>\n<meta property=\"og:title\" content=\"Materac SOMMEIL 70\/140 - Inmondo\" \/>\n<meta property=\"og:description\" content=\"Zastosowanie pianki poliuretanowej o odpowiednich parametrach umo\u017cliwi\u0142o uzyskanie materaca &quot;SOMMEIL&quot; o bardzo dobrej spr\u0119\u017cysto\u015bci, stabilnych kraw\u0119dziach i relatywnie niskiej wadze.\u00a0 To doskona\u0142e wype\u0142nienie materacy dla dzieci, umo\u017cliwiaj\u0105ce uzyskanie relatywnie niskiej cen\u0119 ko\u0144cow\u0105 produktu przy zachowaniu komfortu oraz w\u0142a\u015bciwej trwa\u0142o\u015bci produktu. Dodatkowe po\u0142\u0105czenie z perforowan\u0105 piank\u0105 lateksow\u0105 pozwala na u\u017cytkowanie przez dzieci w wieku od urodzenia (O+).\u00a0 To niezwykle trwa\u0142y i komfortowy materia\u0142 b\u0119d\u0105cy mieszanin\u0105 naturalnego lateksu z lateksem syntetycznym. Podczas produkcji poddawana jest procesowi spieniania, a nast\u0119pnie wulkanizacji.  &nbsp;  &nbsp;  Przy zakupie \u0142\u00f3\u017cka wraz z materacem otrzymasz zni\u017ck\u0119 10% na materac.\" \/>\n<meta property=\"og:url\" content=\"http:\/\/inmondo.pl\/en\/sklep\/elementy\/materace\/materac-sommeil\/\" \/>\n<meta property=\"og:site_name\" content=\"Inmondo\" \/>\n<meta property=\"article:modified_time\" content=\"2026-01-12T10:35:08+00:00\" \/>\n<meta property=\"og:image\" content=\"http:\/\/inmondo.pl\/wp-content\/uploads\/2020\/09\/Sommeil-2.png\" \/>\n\t<meta property=\"og:image:width\" content=\"1800\" \/>\n\t<meta property=\"og:image:height\" content=\"1800\" \/>\n\t<meta property=\"og:image:type\" content=\"image\/png\" \/>\n<meta name=\"twitter:card\" content=\"summary_large_image\" \/>\n<meta name=\"twitter:label1\" content=\"Estimated reading time\" \/>\n\t<meta name=\"twitter:data1\" content=\"1 minute\" \/>\n<script type=\"application\/ld+json\" class=\"yoast-schema-graph\">{\"@context\":\"https:\\\/\\\/schema.org\",\"@graph\":[{\"@type\":\"WebPage\",\"@id\":\"http:\\\/\\\/inmondo.pl\\\/sklep\\\/elementy\\\/materace\\\/materac-sommeil\\\/\",\"url\":\"http:\\\/\\\/inmondo.pl\\\/sklep\\\/elementy\\\/materace\\\/materac-sommeil\\\/\",\"name\":\"Materac SOMMEIL 70\\\/140 - Inmondo\",\"isPartOf\":{\"@id\":\"https:\\\/\\\/inmondo.pl\\\/#website\"},\"primaryImageOfPage\":{\"@id\":\"http:\\\/\\\/inmondo.pl\\\/sklep\\\/elementy\\\/materace\\\/materac-sommeil\\\/#primaryimage\"},\"image\":{\"@id\":\"http:\\\/\\\/inmondo.pl\\\/sklep\\\/elementy\\\/materace\\\/materac-sommeil\\\/#primaryimage\"},\"thumbnailUrl\":\"https:\\\/\\\/inmondo.pl\\\/wp-content\\\/uploads\\\/2020\\\/09\\\/Sommeil-2.png\",\"datePublished\":\"2020-09-11T09:20:25+00:00\",\"dateModified\":\"2026-01-12T10:35:08+00:00\",\"breadcrumb\":{\"@id\":\"http:\\\/\\\/inmondo.pl\\\/sklep\\\/elementy\\\/materace\\\/materac-sommeil\\\/#breadcrumb\"},\"inLanguage\":\"en-GB\",\"potentialAction\":[{\"@type\":\"ReadAction\",\"target\":[\"http:\\\/\\\/inmondo.pl\\\/sklep\\\/elementy\\\/materace\\\/materac-sommeil\\\/\"]}]},{\"@type\":\"ImageObject\",\"inLanguage\":\"en-GB\",\"@id\":\"http:\\\/\\\/inmondo.pl\\\/sklep\\\/elementy\\\/materace\\\/materac-sommeil\\\/#primaryimage\",\"url\":\"https:\\\/\\\/inmondo.pl\\\/wp-content\\\/uploads\\\/2020\\\/09\\\/Sommeil-2.png\",\"contentUrl\":\"https:\\\/\\\/inmondo.pl\\\/wp-content\\\/uploads\\\/2020\\\/09\\\/Sommeil-2.png\",\"width\":1800,\"height\":1800},{\"@type\":\"BreadcrumbList\",\"@id\":\"http:\\\/\\\/inmondo.pl\\\/sklep\\\/elementy\\\/materace\\\/materac-sommeil\\\/#breadcrumb\",\"itemListElement\":[{\"@type\":\"ListItem\",\"position\":1,\"name\":\"Strona g\u0142\u00f3wna\",\"item\":\"https:\\\/\\\/inmondo.pl\\\/\"},{\"@type\":\"ListItem\",\"position\":2,\"name\":\"Oferta Inmondo: spe\u0142niamy marzenia i wymagania\",\"item\":\"https:\\\/\\\/inmondo.pl\\\/sklep\\\/\"},{\"@type\":\"ListItem\",\"position\":3,\"name\":\"Elementy\",\"item\":\"https:\\\/\\\/inmondo.pl\\\/sklep\\\/elementy\\\/\"},{\"@type\":\"ListItem\",\"position\":4,\"name\":\"Materac SOMMEIL 70\\\/140\"}]},{\"@type\":\"WebSite\",\"@id\":\"https:\\\/\\\/inmondo.pl\\\/#website\",\"url\":\"https:\\\/\\\/inmondo.pl\\\/\",\"name\":\"Inmondo\",\"description\":\"\",\"potentialAction\":[{\"@type\":\"SearchAction\",\"target\":{\"@type\":\"EntryPoint\",\"urlTemplate\":\"https:\\\/\\\/inmondo.pl\\\/?s={search_term_string}\"},\"query-input\":{\"@type\":\"PropertyValueSpecification\",\"valueRequired\":true,\"valueName\":\"search_term_string\"}}],\"inLanguage\":\"en-GB\"}]}<\/script>\n<!-- \/ Yoast SEO plugin. -->","yoast_head_json":{"title":"Mattress SOMMEIL 70\/140 - Inmondo","robots":{"index":"index","follow":"follow","max-snippet":"max-snippet:-1","max-image-preview":"max-image-preview:large","max-video-preview":"max-video-preview:-1"},"canonical":"http:\/\/inmondo.pl\/en\/sklep\/elementy\/materace\/materac-sommeil\/","og_locale":"en_GB","og_type":"article","og_title":"Materac SOMMEIL 70\/140 - Inmondo","og_description":"Zastosowanie pianki poliuretanowej o odpowiednich parametrach umo\u017cliwi\u0142o uzyskanie materaca \"SOMMEIL\" o bardzo dobrej spr\u0119\u017cysto\u015bci, stabilnych kraw\u0119dziach i relatywnie niskiej wadze.\u00a0 To doskona\u0142e wype\u0142nienie materacy dla dzieci, umo\u017cliwiaj\u0105ce uzyskanie relatywnie niskiej cen\u0119 ko\u0144cow\u0105 produktu przy zachowaniu komfortu oraz w\u0142a\u015bciwej trwa\u0142o\u015bci produktu. Dodatkowe po\u0142\u0105czenie z perforowan\u0105 piank\u0105 lateksow\u0105 pozwala na u\u017cytkowanie przez dzieci w wieku od urodzenia (O+).\u00a0 To niezwykle trwa\u0142y i komfortowy materia\u0142 b\u0119d\u0105cy mieszanin\u0105 naturalnego lateksu z lateksem syntetycznym. Podczas produkcji poddawana jest procesowi spieniania, a nast\u0119pnie wulkanizacji.  &nbsp;  &nbsp;  Przy zakupie \u0142\u00f3\u017cka wraz z materacem otrzymasz zni\u017ck\u0119 10% na materac.","og_url":"http:\/\/inmondo.pl\/en\/sklep\/elementy\/materace\/materac-sommeil\/","og_site_name":"Inmondo","article_modified_time":"2026-01-12T10:35:08+00:00","og_image":[{"width":1800,"height":1800,"url":"http:\/\/inmondo.pl\/wp-content\/uploads\/2020\/09\/Sommeil-2.png","type":"image\/png"}],"twitter_card":"summary_large_image","twitter_misc":{"Estimated reading time":"1 minute"},"schema":{"@context":"https:\/\/schema.org","@graph":[{"@type":"WebPage","@id":"http:\/\/inmondo.pl\/sklep\/elementy\/materace\/materac-sommeil\/","url":"http:\/\/inmondo.pl\/sklep\/elementy\/materace\/materac-sommeil\/","name":"Mattress SOMMEIL 70\/140 - Inmondo","isPartOf":{"@id":"https:\/\/inmondo.pl\/#website"},"primaryImageOfPage":{"@id":"http:\/\/inmondo.pl\/sklep\/elementy\/materace\/materac-sommeil\/#primaryimage"},"image":{"@id":"http:\/\/inmondo.pl\/sklep\/elementy\/materace\/materac-sommeil\/#primaryimage"},"thumbnailUrl":"https:\/\/inmondo.pl\/wp-content\/uploads\/2020\/09\/Sommeil-2.png","datePublished":"2020-09-11T09:20:25+00:00","dateModified":"2026-01-12T10:35:08+00:00","breadcrumb":{"@id":"http:\/\/inmondo.pl\/sklep\/elementy\/materace\/materac-sommeil\/#breadcrumb"},"inLanguage":"en-GB","potentialAction":[{"@type":"ReadAction","target":["http:\/\/inmondo.pl\/sklep\/elementy\/materace\/materac-sommeil\/"]}]},{"@type":"ImageObject","inLanguage":"en-GB","@id":"http:\/\/inmondo.pl\/sklep\/elementy\/materace\/materac-sommeil\/#primaryimage","url":"https:\/\/inmondo.pl\/wp-content\/uploads\/2020\/09\/Sommeil-2.png","contentUrl":"https:\/\/inmondo.pl\/wp-content\/uploads\/2020\/09\/Sommeil-2.png","width":1800,"height":1800},{"@type":"BreadcrumbList","@id":"http:\/\/inmondo.pl\/sklep\/elementy\/materace\/materac-sommeil\/#breadcrumb","itemListElement":[{"@type":"ListItem","position":1,"name":"Strona g\u0142\u00f3wna","item":"https:\/\/inmondo.pl\/"},{"@type":"ListItem","position":2,"name":"Oferta Inmondo: spe\u0142niamy marzenia i wymagania","item":"https:\/\/inmondo.pl\/sklep\/"},{"@type":"ListItem","position":3,"name":"Elementy","item":"https:\/\/inmondo.pl\/sklep\/elementy\/"},{"@type":"ListItem","position":4,"name":"Materac SOMMEIL 70\/140"}]},{"@type":"WebSite","@id":"https:\/\/inmondo.pl\/#website","url":"https:\/\/inmondo.pl\/","name":"Inmondo","description":"","potentialAction":[{"@type":"SearchAction","target":{"@type":"EntryPoint","urlTemplate":"https:\/\/inmondo.pl\/?s={search_term_string}"},"query-input":{"@type":"PropertyValueSpecification","valueRequired":true,"valueName":"search_term_string"}}],"inLanguage":"en-GB"}]}},"wcpa_form_fields":null,"_links":{"self":[{"href":"https:\/\/inmondo.pl\/en\/wp-json\/wp\/v2\/product\/2132","targetHints":{"allow":["GET"]}}],"collection":[{"href":"https:\/\/inmondo.pl\/en\/wp-json\/wp\/v2\/product"}],"about":[{"href":"https:\/\/inmondo.pl\/en\/wp-json\/wp\/v2\/types\/product"}],"replies":[{"embeddable":true,"href":"https:\/\/inmondo.pl\/en\/wp-json\/wp\/v2\/comments?post=2132"}],"wp:featuredmedia":[{"embeddable":true,"href":"https:\/\/inmondo.pl\/en\/wp-json\/wp\/v2\/media\/2731"}],"wp:attachment":[{"href":"https:\/\/inmondo.pl\/en\/wp-json\/wp\/v2\/media?parent=2132"}],"wp:term":[{"taxonomy":"product_brand","embeddable":true,"href":"https:\/\/inmondo.pl\/en\/wp-json\/wp\/v2\/product_brand?post=2132"},{"taxonomy":"product_cat","embeddable":true,"href":"https:\/\/inmondo.pl\/en\/wp-json\/wp\/v2\/product_cat?post=2132"},{"taxonomy":"product_tag","embeddable":true,"href":"https:\/\/inmondo.pl\/en\/wp-json\/wp\/v2\/product_tag?post=2132"}],"curies":[{"name":"wp","href":"https:\/\/api.w.org\/{rel}","templated":true}]}}