{"id":1221,"date":"2020-07-01T15:42:59","date_gmt":"2020-07-01T13:42:59","guid":{"rendered":"http:\/\/inmondo.pl\/?post_type=product&#038;p=1221"},"modified":"2026-03-26T13:06:37","modified_gmt":"2026-03-26T12:06:37","slug":"lozko-podwojne-z-plycina-120-cm","status":"publish","type":"product","link":"https:\/\/inmondo.pl\/en\/sklep\/elementy\/lozka\/lozko-podwojne-z-plycina-120-cm\/","title":{"rendered":"Bed 120 x 200 cm - panel"},"content":{"rendered":"<p>\u0141\u00f3\u017cko z kolekcji Collet zosta\u0142o utrzymane w ponadczasowym i niezwykle teraz modnym stylu skandynawskim. Prostota bry\u0142y oraz wyko\u0144czenie pi\u0119knymi i wytrzyma\u0142ymi frezowanymi p\u0142ytami\u00a0 gwarantuje \u017ce idealnie wpisze si\u0119 w ka\u017cde wn\u0119trze. Wykonane z drewna sosnowego pochodz\u0105cego z polskich las\u00f3w. Wymiar 120 x 200 cm daje wi\u0119cej komfortu podczas snu jednego dziecka, a nawet mo\u017ce s\u0142u\u017cy\u0107 dla dw\u00f3ch os\u00f3b.<\/p>","protected":false},"excerpt":{"rendered":"<p>The bed from the Collet collection is maintained in the timeless and now extremely fashionable Scandinavian style. The classic form of the solid and the finishing with beautiful and durable milled panels, which are a rather unique solution, guarantee that the space of your child's room will acquire an original character.<br \/>\nMade of pine wood from Polish forests. The 120 x 90 cm dimension gives more comfort while one child sleeps, and can even serve two people.<\/br><\/br><\/p>\n<p>A storage drawer is dedicated to the bed. In addition, if you want extra safety, for small children we encourage you to purchase an additional safety railing.<\/br><\/br><\/p>\n<p>In our offer you will find a mattress <a href=\"https:\/\/inmondo.pl\/en\/sklep\/elementy\/materac-resto-120\/\"><u>RESTO 120<\/u><\/a> - comfortable and safe, which fits perfectly into a 120 x 90 cm bed.<\/p>","protected":false},"featured_media":9140,"comment_status":"open","ping_status":"closed","template":"","meta":{"_acf_changed":true},"product_brand":[],"product_cat":[24,20,17,21,99],"product_tag":[],"class_list":{"0":"post-1221","1":"product","2":"type-product","3":"status-publish","4":"has-post-thumbnail","6":"product_cat-collet","7":"product_cat-elementy","8":"product_cat-kolekcje","9":"product_cat-lozka","10":"product_cat-meble-dostepne","11":"wcpa_has_options","13":"first","14":"onbackorder","15":"taxable","16":"shipping-taxable","17":"purchasable","18":"product-type-variable","19":"has-default-attributes"},"acf":{"wymiary":"Szeroko\u015b\u0107: 212,5 cm<br \/>\r\nWysoko\u015b\u0107: 92,5 cm<br \/>\r\nG\u0142\u0119boko\u015b\u0107: 132 cm<br \/>\r\n<br \/>\r\n<br \/>\r\n<br \/>\r\ng\u0142\u0119boko\u015b\u0107 le\u017cyska - 6cm<br \/>\r\nmaksymalna grubo\u015b\u0107 materaca - 16 cm ","materialy":"drewno sosnowe, p\u0142ycina szczytu MDF, lakier wodny i&nbsp;wodny UV","sections_woocommerce":[{"acf_fc_layout":"section_menu","is_active":true,"repeater":[{"text":"Opis","link":"#opis"},{"text":"Lookbook","link":"#lookbook"},{"text":"Opinie","link":"#opinie"},{"text":"Inne produkty","link":"#inneprodukty"}]},{"acf_fc_layout":"section_woocommerce_text_image","is_active":true,"anchor":"opis","text_align":"textAlign--left","grid_width":"main","wysiwyg":"<h2>Collet<\/h2>\n<p>Meble z\u00a0kolekcji Collet to ponadczasowa, prosta forma podkre\u015blona przez\u00a0kolory, kt\u00f3re s\u0105 szczeg\u00f3lnie lubiane przez\u00a0dzieci. Wasza ukochana biel i kaszmir to spok\u00f3j i\u00a0harmonia, kt\u00f3re pasuj\u0105 do\u00a0ka\u017cdego wn\u0119trza. Sza\u0142wia to kolor mi\u0119dzy innymi dla wielbicieli klasycznych, angielskich wn\u0119trz. Natomiast\u00a0najm\u0142odszym, kt\u00f3rzy pragn\u0105 wype\u0142ni\u0107 swoje pokoje rado\u015bci\u0105 barw, proponujemy spokojny r\u00f3\u017c, nietuzinkowy b\u0142\u0119kit oraz\u00a0powiew jasnej szaro\u015bci.<br \/>\n\u0141\u00f3\u017cko 120&#215;90 jest idelane dla dziecka, kt\u00f3re wyrasta z \u0142\u00f3\u017ceczka niemowl\u0119cego. Poprzez do\u0142o\u017cenie barierki i szuflady otrzymujemy pi\u0119kne \u0142\u00f3\u017cko, kt\u00f3re kiedy ju\u017c zajdzie potrzeba zmiany, szybko mo\u017cesz zmieni\u0107 z \u0142\u00f3\u017cka przedszkolaka w pierwsze &#8222;doros\u0142e&#8221; \u0142\u00f3\u017cko.<\/p>\n","image":"https:\/\/inmondo.pl\/wp-content\/uploads\/2020\/07\/2019_12_MATKOWSKI_EXPORT-23201-scaled-e1600249791195.jpg"},{"acf_fc_layout":"section_woocommerce_lookbook","is_active":true,"anchor":"lookbook","header":"<h2 style=\"text-align: center;\">Zobacz galeri\u0119 Collet:<\/h2>\n<p style=\"text-align: center;\">Minimalistyczny lookbook prosto od naszych projektant\u00f3w. Ogl\u0105daj, inspiruj si\u0119, a\u00a0je\u015bli masz pomys\u0142y lub\u00a0pytania \u2014 od razu dzwo\u0144!<\/p>\n","repeater":[{"shortcode":"[woocommerce_lookbook id=\"1700\"]"},{"shortcode":"[woocommerce_lookbook id=\"1365\"]"},{"shortcode":"[woocommerce_lookbook id=\"1441\"]"},{"shortcode":"[woocommerce_lookbook id=\"1520\"]"},{"shortcode":"[woocommerce_lookbook id=\"1356\"]"}]},{"acf_fc_layout":"section_woocommerce_opinions","is_active":true,"anchor":"opinie"},{"acf_fc_layout":"section_woocommerce_otherFromCategory","is_active":true,"anchor":"inneprodukty"}],"czas_realizacji":""},"yoast_head":"<!-- This site is optimized with the Yoast SEO plugin v27.3 - https:\/\/yoast.com\/product\/yoast-seo-wordpress\/ -->\n<title>\u0141\u00f3\u017cko 120 x 200 cm - p\u0142ycina - Inmondo<\/title>\n<meta name=\"robots\" content=\"index, follow, max-snippet:-1, max-image-preview:large, max-video-preview:-1\" \/>\n<link rel=\"canonical\" href=\"https:\/\/inmondo.pl\/en\/sklep\/elementy\/lozka\/lozko-podwojne-z-plycina-120-cm\/\" \/>\n<meta property=\"og:locale\" content=\"en_GB\" \/>\n<meta property=\"og:type\" content=\"article\" \/>\n<meta property=\"og:title\" content=\"\u0141\u00f3\u017cko 120 x 200 cm - p\u0142ycina - Inmondo\" \/>\n<meta property=\"og:description\" content=\"\u0141\u00f3\u017cko z kolekcji Collet zosta\u0142o utrzymane w ponadczasowym i niezwykle teraz modnym stylu skandynawskim. Klasyczna forma bry\u0142y oraz wyko\u0144czenie pi\u0119knymi i wytrzyma\u0142ymi frezowanymi p\u0142ytami, kt\u00f3re s\u0105 do\u015b\u0107 unikatowym rozwi\u0105zaniem gwarantuje, \u017ce przestrze\u0144 pokoju Waszego dziecka nabierze oryginalnego charakteru. Wykonane z drewna sosnowego pochodz\u0105cego z polskich las\u00f3w. Wymiar 120 x 90 cm daje wi\u0119cej komfortu podczas snu jednego dziecka, a nawet mo\u017ce s\u0142u\u017cy\u0107 dla dw\u00f3ch os\u00f3b.  Do \u0142\u00f3\u017cka dedykowana jest szuflada do przechowywania. Dodatkowo, je\u015bli zale\u017cy Ci na dodatkowym bezpiecze\u0144stwie, dla mniszych dzieci zach\u0119camy do zakupu dodatkowej barierki zabezpieczaj\u0105cej.  W naszej ofercie znajdziesz materac RESTO 120 \u2013 wygodny i bezpieczny, kt\u00f3ry idealnie pasuje do \u0142\u00f3\u017cka 120 x 90 cm.\" \/>\n<meta property=\"og:url\" content=\"https:\/\/inmondo.pl\/en\/sklep\/elementy\/lozka\/lozko-podwojne-z-plycina-120-cm\/\" \/>\n<meta property=\"og:site_name\" content=\"Inmondo\" \/>\n<meta property=\"article:modified_time\" content=\"2026-03-26T12:06:37+00:00\" \/>\n<meta property=\"og:image\" content=\"https:\/\/inmondo.pl\/wp-content\/uploads\/2024\/11\/podwojne_120-2.jpg\" \/>\n\t<meta property=\"og:image:width\" content=\"960\" \/>\n\t<meta property=\"og:image:height\" content=\"960\" \/>\n\t<meta property=\"og:image:type\" content=\"image\/jpeg\" \/>\n<meta name=\"twitter:card\" content=\"summary_large_image\" \/>\n<meta name=\"twitter:label1\" content=\"Estimated reading time\" \/>\n\t<meta name=\"twitter:data1\" content=\"2 minutes\" \/>\n<script type=\"application\/ld+json\" class=\"yoast-schema-graph\">{\"@context\":\"https:\\\/\\\/schema.org\",\"@graph\":[{\"@type\":\"WebPage\",\"@id\":\"https:\\\/\\\/inmondo.pl\\\/sklep\\\/elementy\\\/lozka\\\/lozko-podwojne-z-plycina-120-cm\\\/\",\"url\":\"https:\\\/\\\/inmondo.pl\\\/sklep\\\/elementy\\\/lozka\\\/lozko-podwojne-z-plycina-120-cm\\\/\",\"name\":\"\u0141\u00f3\u017cko 120 x 200 cm - p\u0142ycina - Inmondo\",\"isPartOf\":{\"@id\":\"https:\\\/\\\/inmondo.pl\\\/#website\"},\"primaryImageOfPage\":{\"@id\":\"https:\\\/\\\/inmondo.pl\\\/sklep\\\/elementy\\\/lozka\\\/lozko-podwojne-z-plycina-120-cm\\\/#primaryimage\"},\"image\":{\"@id\":\"https:\\\/\\\/inmondo.pl\\\/sklep\\\/elementy\\\/lozka\\\/lozko-podwojne-z-plycina-120-cm\\\/#primaryimage\"},\"thumbnailUrl\":\"https:\\\/\\\/inmondo.pl\\\/wp-content\\\/uploads\\\/2024\\\/11\\\/podwojne_120-2.jpg\",\"datePublished\":\"2020-07-01T13:42:59+00:00\",\"dateModified\":\"2026-03-26T12:06:37+00:00\",\"breadcrumb\":{\"@id\":\"https:\\\/\\\/inmondo.pl\\\/sklep\\\/elementy\\\/lozka\\\/lozko-podwojne-z-plycina-120-cm\\\/#breadcrumb\"},\"inLanguage\":\"en-GB\",\"potentialAction\":[{\"@type\":\"ReadAction\",\"target\":[\"https:\\\/\\\/inmondo.pl\\\/sklep\\\/elementy\\\/lozka\\\/lozko-podwojne-z-plycina-120-cm\\\/\"]}]},{\"@type\":\"ImageObject\",\"inLanguage\":\"en-GB\",\"@id\":\"https:\\\/\\\/inmondo.pl\\\/sklep\\\/elementy\\\/lozka\\\/lozko-podwojne-z-plycina-120-cm\\\/#primaryimage\",\"url\":\"https:\\\/\\\/inmondo.pl\\\/wp-content\\\/uploads\\\/2024\\\/11\\\/podwojne_120-2.jpg\",\"contentUrl\":\"https:\\\/\\\/inmondo.pl\\\/wp-content\\\/uploads\\\/2024\\\/11\\\/podwojne_120-2.jpg\",\"width\":960,\"height\":960,\"caption\":\"\u0142\u00f3\u017cko dzieci\u0119ce 120x200 cm kaszmir\"},{\"@type\":\"BreadcrumbList\",\"@id\":\"https:\\\/\\\/inmondo.pl\\\/sklep\\\/elementy\\\/lozka\\\/lozko-podwojne-z-plycina-120-cm\\\/#breadcrumb\",\"itemListElement\":[{\"@type\":\"ListItem\",\"position\":1,\"name\":\"Strona g\u0142\u00f3wna\",\"item\":\"https:\\\/\\\/inmondo.pl\\\/\"},{\"@type\":\"ListItem\",\"position\":2,\"name\":\"Oferta Inmondo: spe\u0142niamy marzenia i wymagania\",\"item\":\"https:\\\/\\\/inmondo.pl\\\/sklep\\\/\"},{\"@type\":\"ListItem\",\"position\":3,\"name\":\"kolekcje\",\"item\":\"https:\\\/\\\/inmondo.pl\\\/de\\\/sklep\\\/kolekcje\\\/\"},{\"@type\":\"ListItem\",\"position\":4,\"name\":\"\u0141\u00f3\u017cko 120 x 200 cm &#8211; p\u0142ycina\"}]},{\"@type\":\"WebSite\",\"@id\":\"https:\\\/\\\/inmondo.pl\\\/#website\",\"url\":\"https:\\\/\\\/inmondo.pl\\\/\",\"name\":\"Inmondo\",\"description\":\"\",\"potentialAction\":[{\"@type\":\"SearchAction\",\"target\":{\"@type\":\"EntryPoint\",\"urlTemplate\":\"https:\\\/\\\/inmondo.pl\\\/?s={search_term_string}\"},\"query-input\":{\"@type\":\"PropertyValueSpecification\",\"valueRequired\":true,\"valueName\":\"search_term_string\"}}],\"inLanguage\":\"en-GB\"}]}<\/script>\n<!-- \/ Yoast SEO plugin. -->","yoast_head_json":{"title":"Bed 120 x 200 cm - panelled - Inmondo","robots":{"index":"index","follow":"follow","max-snippet":"max-snippet:-1","max-image-preview":"max-image-preview:large","max-video-preview":"max-video-preview:-1"},"canonical":"https:\/\/inmondo.pl\/en\/sklep\/elementy\/lozka\/lozko-podwojne-z-plycina-120-cm\/","og_locale":"en_GB","og_type":"article","og_title":"\u0141\u00f3\u017cko 120 x 200 cm - p\u0142ycina - Inmondo","og_description":"\u0141\u00f3\u017cko z kolekcji Collet zosta\u0142o utrzymane w ponadczasowym i niezwykle teraz modnym stylu skandynawskim. Klasyczna forma bry\u0142y oraz wyko\u0144czenie pi\u0119knymi i wytrzyma\u0142ymi frezowanymi p\u0142ytami, kt\u00f3re s\u0105 do\u015b\u0107 unikatowym rozwi\u0105zaniem gwarantuje, \u017ce przestrze\u0144 pokoju Waszego dziecka nabierze oryginalnego charakteru. Wykonane z drewna sosnowego pochodz\u0105cego z polskich las\u00f3w. Wymiar 120 x 90 cm daje wi\u0119cej komfortu podczas snu jednego dziecka, a nawet mo\u017ce s\u0142u\u017cy\u0107 dla dw\u00f3ch os\u00f3b.  Do \u0142\u00f3\u017cka dedykowana jest szuflada do przechowywania. Dodatkowo, je\u015bli zale\u017cy Ci na dodatkowym bezpiecze\u0144stwie, dla mniszych dzieci zach\u0119camy do zakupu dodatkowej barierki zabezpieczaj\u0105cej.  W naszej ofercie znajdziesz materac RESTO 120 \u2013 wygodny i bezpieczny, kt\u00f3ry idealnie pasuje do \u0142\u00f3\u017cka 120 x 90 cm.","og_url":"https:\/\/inmondo.pl\/en\/sklep\/elementy\/lozka\/lozko-podwojne-z-plycina-120-cm\/","og_site_name":"Inmondo","article_modified_time":"2026-03-26T12:06:37+00:00","og_image":[{"width":960,"height":960,"url":"https:\/\/inmondo.pl\/wp-content\/uploads\/2024\/11\/podwojne_120-2.jpg","type":"image\/jpeg"}],"twitter_card":"summary_large_image","twitter_misc":{"Estimated reading time":"2 minutes"},"schema":{"@context":"https:\/\/schema.org","@graph":[{"@type":"WebPage","@id":"https:\/\/inmondo.pl\/sklep\/elementy\/lozka\/lozko-podwojne-z-plycina-120-cm\/","url":"https:\/\/inmondo.pl\/sklep\/elementy\/lozka\/lozko-podwojne-z-plycina-120-cm\/","name":"Bed 120 x 200 cm - panelled - Inmondo","isPartOf":{"@id":"https:\/\/inmondo.pl\/#website"},"primaryImageOfPage":{"@id":"https:\/\/inmondo.pl\/sklep\/elementy\/lozka\/lozko-podwojne-z-plycina-120-cm\/#primaryimage"},"image":{"@id":"https:\/\/inmondo.pl\/sklep\/elementy\/lozka\/lozko-podwojne-z-plycina-120-cm\/#primaryimage"},"thumbnailUrl":"https:\/\/inmondo.pl\/wp-content\/uploads\/2024\/11\/podwojne_120-2.jpg","datePublished":"2020-07-01T13:42:59+00:00","dateModified":"2026-03-26T12:06:37+00:00","breadcrumb":{"@id":"https:\/\/inmondo.pl\/sklep\/elementy\/lozka\/lozko-podwojne-z-plycina-120-cm\/#breadcrumb"},"inLanguage":"en-GB","potentialAction":[{"@type":"ReadAction","target":["https:\/\/inmondo.pl\/sklep\/elementy\/lozka\/lozko-podwojne-z-plycina-120-cm\/"]}]},{"@type":"ImageObject","inLanguage":"en-GB","@id":"https:\/\/inmondo.pl\/sklep\/elementy\/lozka\/lozko-podwojne-z-plycina-120-cm\/#primaryimage","url":"https:\/\/inmondo.pl\/wp-content\/uploads\/2024\/11\/podwojne_120-2.jpg","contentUrl":"https:\/\/inmondo.pl\/wp-content\/uploads\/2024\/11\/podwojne_120-2.jpg","width":960,"height":960,"caption":"\u0142\u00f3\u017cko dzieci\u0119ce 120x200 cm kaszmir"},{"@type":"BreadcrumbList","@id":"https:\/\/inmondo.pl\/sklep\/elementy\/lozka\/lozko-podwojne-z-plycina-120-cm\/#breadcrumb","itemListElement":[{"@type":"ListItem","position":1,"name":"Strona g\u0142\u00f3wna","item":"https:\/\/inmondo.pl\/"},{"@type":"ListItem","position":2,"name":"Oferta Inmondo: spe\u0142niamy marzenia i wymagania","item":"https:\/\/inmondo.pl\/sklep\/"},{"@type":"ListItem","position":3,"name":"kolekcje","item":"https:\/\/inmondo.pl\/de\/sklep\/kolekcje\/"},{"@type":"ListItem","position":4,"name":"\u0141\u00f3\u017cko 120 x 200 cm &#8211; p\u0142ycina"}]},{"@type":"WebSite","@id":"https:\/\/inmondo.pl\/#website","url":"https:\/\/inmondo.pl\/","name":"Inmondo","description":"","potentialAction":[{"@type":"SearchAction","target":{"@type":"EntryPoint","urlTemplate":"https:\/\/inmondo.pl\/?s={search_term_string}"},"query-input":{"@type":"PropertyValueSpecification","valueRequired":true,"valueName":"search_term_string"}}],"inLanguage":"en-GB"}]}},"wcpa_form_fields":{"wcpaData":{"product":{"product_price":1250,"price_html":"<span class=\"woocommerce-Price-amount amount\">1 250&nbsp;<span class=\"woocommerce-Price-currencySymbol\">&#122;&#322;<\/span><\/span> <span aria-hidden=\"true\">&ndash;<\/span> <span class=\"woocommerce-Price-amount amount\">1 380&nbsp;<span class=\"woocommerce-Price-currencySymbol\">&#122;&#322;<\/span><\/span><span class=\"screen-reader-text\">Zakres cen: od 1 250&nbsp;&#122;&#322; do 1 380&nbsp;&#122;&#322;<\/span>","original_product_price":1250,"price_including_tax":1250,"price_excluding_tax":1016.260163,"product_id":{"parent":1221,"variation":false},"is_variable":true,"stock_status":"onbackorder","stock_quantity":0,"parent_sku":"1221","product_attributes":{"pa_kolor":{"is_variation":true,"values":[]}},"custom_fields":[],"is_taxable":true},"fields":{"sec_069692cf591d37":{"extra":{"key":"sec_069692cf591d37","section_id":"sec_069692cf591d37","name":"Default","status":1,"cl_rule":"show","enableCl":false,"relations":[],"toggle":true,"title_tag":"h3","show_title":false,"showPrice":"default","form_id":11944,"form_rules":{"exclude_from_discount":false,"fee_label":"Geb\u00fchr","disp_hide_options_price":false,"disp_show_section_price":false,"disp_show_field_price":false,"layout_option":"standard","pric_use_as_fee":false,"process_fee_as":"woo_fee"},"layout_option":"standard"},"fields":[[{"active":true,"col":2,"relations":[{"operator":false,"rules":[{"operator":"and","rules":{"cl_field":"attribute","cl_relation":"is_not","cl_val":"niebieski","cl_field_sub":"pa_kolor"}},{"operator":"AND","rules":{"cl_field":"attribute","cl_relation":"is_not","cl_val":"rozowy","cl_field_sub":"pa_kolor"}}]}],"cl_rule":"show","enableCl":true,"price":"","enablePrice":true,"className":"","label_position":"default","desc_position":"default","type":"select","required":true,"elementId":"select_0533828556","label":"Barierka","name":"select_0533828556","values":[{"label":"bez barierki","value":"bez barierki","selected":false,"tempId":"aco_877","gt_translate_keys":["label"]},{"label":"z barierk\u0105","value":"z barierk\u0105","selected":false,"tempId":"aco_878","price":"250","gt_translate_keys":["label"]}],"dropdown_type":"basic","error":false,"placeholder":"Wybierz","priceOptions":"different_for_all","pricingType":"fixed","use_as_fee":false,"requiredError":"Barierka jest polem wymaganym","gt_translate_keys":["label","placeholder","requiredError"],"price_dependency":false,"cl_dependency":false,"value":""},{"label":"Rodzaj szuflady","active":true,"required":true,"elementId":"select-8230691542","dropdown_type":"basic","placeholder":"Wybierz","name":"select-8230691542","label_position":"default","desc_position":"default","enablePrice":true,"className":"","enableCl":true,"relations":[{"operator":false,"rules":[{"operator":"and","rules":{"cl_field":"attribute","cl_relation":"is_not","cl_val":"niebieski","cl_field_sub":"pa_kolor"}},{"operator":"AND","rules":{"cl_field":"attribute","cl_relation":"is_not","cl_val":"rozowy","cl_field_sub":"pa_kolor"}}]}],"values":[{"label":"bez szuflady","value":"bez szuflady","selected":false,"tempId":"aco_877","gt_translate_keys":["label"]},{"label":"szuflada trio\/120 x 90","value":"szuflada trio\/120 x 90","selected":false,"tempId":"aco_1804","price":"690","gt_translate_keys":["label"]}],"priceOptions":"different_for_all","pricingType":"fixed","price":"","use_as_fee":false,"cl_rule":"show","col":2,"type":"select","error":false,"requiredError":"Rodzaj szuflady jest polem wymaganym","gt_translate_keys":["label","placeholder","requiredError"],"price_dependency":false,"cl_dependency":false,"value":""}],[{"label":"Barierka","active":true,"required":true,"elementId":"select-7052231353","dropdown_type":"basic","placeholder":"Wybierz","name":"select-7052231353","label_position":"default","desc_position":"default","enablePrice":true,"className":"","enableCl":true,"relations":[{"operator":false,"rules":[{"operator":"or","rules":{"cl_field":"attribute","cl_relation":"is","cl_val":"niebieski","cl_field_sub":"pa_kolor"}},{"operator":"AND","rules":{"cl_field":"attribute","cl_relation":"is","cl_val":"rozowy","cl_field_sub":"pa_kolor"}}]}],"values":[{"label":"bez barierki","value":"bez barierki","selected":false,"tempId":"aco_877","gt_translate_keys":["label"]},{"label":"z barierk\u0105","value":"z barierk\u0105","selected":false,"tempId":"aco_878","price":"280","gt_translate_keys":["label"]}],"priceOptions":"different_for_all","pricingType":"fixed","price":"","use_as_fee":false,"cl_rule":"show","col":2,"type":"select","error":false,"requiredError":"Barierka jest polem wymaganym","gt_translate_keys":["label","placeholder","requiredError"],"price_dependency":false,"cl_dependency":false,"value":""},{"label":"Rodzaj szuflady","active":true,"required":true,"elementId":"select-4858613053","dropdown_type":"basic","placeholder":"Wybierz","name":"select-4858613053","label_position":"default","desc_position":"default","enablePrice":true,"className":"","enableCl":true,"relations":[{"operator":false,"rules":[{"operator":"or","rules":{"cl_field":"attribute","cl_relation":"is","cl_val":"niebieski","cl_field_sub":"pa_kolor"}},{"operator":"AND","rules":{"cl_field":"attribute","cl_relation":"is","cl_val":"rozowy","cl_field_sub":"pa_kolor"}}]}],"values":[{"label":"bez szuflady","value":"bez szuflady","selected":false,"tempId":"aco_877","gt_translate_keys":["label"]},{"label":"szuflada trio\/120 x 90","value":"szuflada trio\/120 x 90","selected":false,"tempId":"aco_1804","price":"760","gt_translate_keys":["label"]}],"priceOptions":"different_for_all","pricingType":"fixed","price":"","use_as_fee":false,"cl_rule":"show","col":2,"type":"select","error":false,"requiredError":"Rodzaj szuflady jest polem wymaganym","gt_translate_keys":["label","placeholder","requiredError"],"price_dependency":false,"cl_dependency":false,"value":""}]]}},"config":{"price_override":"","enable_recaptcha":false,"bind_quantity":false,"quantity_bind_formula":"","disp_summ_show_option_price":true,"disp_summ_show_product_price":true,"disp_summ_show_total_price":true,"disp_summ_show_fee":false,"disp_summ_show_discount":false,"summary_title":"","options_total_label":"Cena wariant\u00f3w","total_label":"\u0141\u0105cznie","options_product_label":"Cena produktu","fee_label":"Geb\u00fchr","discount_label":"Obni\u017cka","has_price":true,"has_quantity_formula":false},"mc_unit":1,"tax_rate":1,"tax_rate_real":0.23,"discount":{"percentage":0,"fixed":0},"design":{"conf":{"LabelPosition":"above","DescPosition":"above","UploadField":"custom_1","QuantityFieldStyle":"default"},"css":{"LeftLabelWidth":"120px"}},"formulas":[],"clones":false,"cartKey":false}},"_links":{"self":[{"href":"https:\/\/inmondo.pl\/en\/wp-json\/wp\/v2\/product\/1221","targetHints":{"allow":["GET"]}}],"collection":[{"href":"https:\/\/inmondo.pl\/en\/wp-json\/wp\/v2\/product"}],"about":[{"href":"https:\/\/inmondo.pl\/en\/wp-json\/wp\/v2\/types\/product"}],"replies":[{"embeddable":true,"href":"https:\/\/inmondo.pl\/en\/wp-json\/wp\/v2\/comments?post=1221"}],"wp:featuredmedia":[{"embeddable":true,"href":"https:\/\/inmondo.pl\/en\/wp-json\/wp\/v2\/media\/9140"}],"wp:attachment":[{"href":"https:\/\/inmondo.pl\/en\/wp-json\/wp\/v2\/media?parent=1221"}],"wp:term":[{"taxonomy":"product_brand","embeddable":true,"href":"https:\/\/inmondo.pl\/en\/wp-json\/wp\/v2\/product_brand?post=1221"},{"taxonomy":"product_cat","embeddable":true,"href":"https:\/\/inmondo.pl\/en\/wp-json\/wp\/v2\/product_cat?post=1221"},{"taxonomy":"product_tag","embeddable":true,"href":"https:\/\/inmondo.pl\/en\/wp-json\/wp\/v2\/product_tag?post=1221"}],"curies":[{"name":"wp","href":"https:\/\/api.w.org\/{rel}","templated":true}]}}