{"id":1211,"date":"2020-07-01T15:32:45","date_gmt":"2020-07-01T13:32:45","guid":{"rendered":"http:\/\/inmondo.pl\/?post_type=product&#038;p=1211"},"modified":"2026-03-26T09:55:59","modified_gmt":"2026-03-26T08:55:59","slug":"lozko-pietrowe-trio-z-plycina-120","status":"publish","type":"product","link":"https:\/\/inmondo.pl\/en\/sklep\/elementy\/lozka-pietrowe\/lozko-pietrowe-trio-z-plycina-120\/","title":{"rendered":"Bunk bed Trio 120 cm - panelled"},"content":{"rendered":"<p>\u0141\u00f3\u017cko pi\u0119trowe z kolekcji Collet zosta\u0142o utrzymane w ponadczasowym i niezwykle teraz modnym stylu skandynawskim. Prostota bry\u0142y oraz wyko\u0144czenie pi\u0119knymi i wytrzyma\u0142ymi frezowanymi p\u0142ytami&nbsp; gwarantuje \u017ce idealnie wpisze si\u0119 w ka\u017cde wn\u0119trze.<\/p>\n<p>Jego konstrukcja zapewnia bezpieczny i komfortowy wypoczynek dla tr\u00f3jki u\u017cytkownik\u00f3w. Kiedy nast\u0105pi taka potrzeba mo\u017cna je bezproblemowo podzieli\u0107 na&nbsp; dwa niezale\u017cne \u0142\u00f3\u017cka.&nbsp; Mebel zosta\u0142 polakierowany przyjaznymi dla dziecka i \u015brodowiska lakierami wodnymi. Dbamy, aby drewno u\u017cyte do produkcji naszych produkt\u00f3w pochodzi\u0142o z las\u00f3w zarz\u0105dzanych zgodnie ze standardami prawid\u0142owej gospodarki le\u015bnej. Mamy pewno\u015b\u0107, \u017ce w miejsce drzewa, kt\u00f3re trafi\u0142o do Pa\u0144stwa domu w postaci mebla, zostanie posadzone kolejne.<\/p>\n<p>Our offer includes mattresses <a href=\"https:\/\/inmondo.pl\/en\/sklep\/elementy\/materac-resto\/\"><u>RESTO 90<\/u><\/a> and <a href=\"https:\/\/inmondo.pl\/en\/sklep\/elementy\/materac-resto-120\/\"><u>RESTO 120<\/u><\/a>&nbsp; - comfortable and safe, and above all healthy - which fit perfectly with our Trio bed!<\/p>","protected":false},"excerpt":{"rendered":"<h2 style=\"text-align: left; font-size: 18px;\">The Trio children's bunk bed from the Collet collection is an exceptional choice for parents who want to create a cosy and harmonious interior - ideal for sleeping, playing and growing up together.<\/h2>\n<p>The bunk bed from the Collet collection has been decorated in the timeless and now extremely fashionable Scandinavian style.<\/p>\n<p>The classic form of the solid and the finish with beautiful and durable milled panels, which is quite unique, guarantees that the space of your child's room will acquire an original character.<\/p>\n<p>The clever design offers comfortable rest for up to three children - ideal for siblings. And when required, the bed can easily be converted into two independent single beds.<\/p>\n<p>&nbsp;<\/p>\n<p>The bed sizes, 90 x 200 and 120 x 200 cm, guarantee a comfortable sleeping space, while the stable ladder and secure railings ensure a restful night's sleep every night.<\/p>\n<p>The furniture is coated with safe, water-based varnishes that are child and environmentally friendly.<\/p>\n<p>&nbsp;<\/p>\n<p>Our offer includes mattresses <a href=\"https:\/\/inmondo.pl\/en\/sklep\/elementy\/materac-resto\/\"><u>RESTO 90<\/u><\/a> and <a href=\"https:\/\/inmondo.pl\/en\/sklep\/elementy\/materac-resto-120\/\"><u>RESTO 120<\/u><\/a>\u00a0 - comfortable and safe, and above all healthy - which fit perfectly with our Trio bed!<\/p>\n<p>&nbsp;<\/p>\n<h6><\/h6>","protected":false},"featured_media":9127,"comment_status":"open","ping_status":"closed","template":"","meta":{"_acf_changed":true},"product_brand":[],"product_cat":[24,20,17,172,99],"product_tag":[],"class_list":{"0":"post-1211","1":"product","2":"type-product","3":"status-publish","4":"has-post-thumbnail","6":"product_cat-collet","7":"product_cat-elementy","8":"product_cat-kolekcje","9":"product_cat-lozka-pietrowe","10":"product_cat-meble-dostepne","11":"wcpa_has_options","13":"first","14":"onbackorder","15":"featured","16":"taxable","17":"shipping-taxable","18":"purchasable","19":"product-type-variable","20":"has-default-attributes"},"acf":{"wymiary":"Szeroko\u015b\u0107: 212,5 cm<br \/>\r\nWysoko\u015b\u0107 ca\u0142kowita: 150 cm<br \/>\r\nG\u0142\u0119boko\u015b\u0107: 135,5 cm<br \/>\r\n<br \/>\r\nOdleg\u0142o\u015b\u0107 mi\u0119dzy g\u00f3rnym a&nbsp;dolnym le\u017cyskiem: 75,4 cm<br \/>\r\n<br \/>\r\ng\u0142\u0119boko\u015b\u0107 le\u017cyska - 6cm<br \/>\r\nmaksymalna grubo\u015b\u0107 materaca - 16 cm ","materialy":"drewno sosnowe, p\u0142ycina szczytu MDF, lakier wodny i&nbsp;wodny UV","sections_woocommerce":[{"acf_fc_layout":"section_menu","is_active":true,"repeater":[{"text":"Opis","link":"#opis"},{"text":"Lookbook","link":"#lookbook"},{"text":"Opinie","link":"#opinie"},{"text":"Inne produkty","link":"#inneprodukty"}]},{"acf_fc_layout":"section_woocommerce_text_image","is_active":true,"anchor":"#OPIS","text_align":"textAlign--right","grid_width":"main","wysiwyg":"<h3>Cechy produktu:<\/h3>\n<p>&nbsp;<\/p>\n<p>Szeroko\u015b\u0107 ca\u0142kowita: 212,5 cm<br \/>\nWysoko\u015b\u0107 ca\u0142kowita: 150 cm<\/p>\n<p>&nbsp;<\/p>\n<p>G\u0142\u0119boko\u015b\u0107 dolnego le\u017cyska: 135,5 cm<\/p>\n<p>G\u0142\u0119boko\u015b\u0107 g\u00f3rnego le\u017cyska: 104,5 cm<\/p>\n<p>Odleg\u0142o\u015b\u0107 mi\u0119dzy g\u00f3rnym, a\u00a0dolnym le\u017cyskiem: 75,4 cm<\/p>\n<p>&nbsp;<\/p>\n<p>g\u0142\u0119boko\u015b\u0107 le\u017cyska &#8211; 6cm<\/p>\n<p>wymiary materacy dla\u00a0\u0142\u00f3\u017cka pi\u0119trowego Trio: 90 x 200 cm i\u00a0120 x 200 cm<br \/>\nmaksymalna grubo\u015b\u0107 materaca: 16 cm<\/p>\n<p>&nbsp;<\/p>\n<p>Obci\u0105\u017cenie statyczne \u0142\u00f3\u017cka: max. 100 kg g\u00f3rne le\u017cysko, max. 100 kg dolne le\u017cysko<\/p>\n<p>Materia\u0142: MDF + drewno sosnowe<\/p>\n<p>Dost\u0119pna kolorystyka: bia\u0142y, jasny szary, niebieski, r\u00f3\u017cowy<\/p>\n<p>&nbsp;<\/p>\n<p>Produkt wymaga z\u0142o\u017cenia<\/p>\n","image":"https:\/\/inmondo.pl\/wp-content\/uploads\/2024\/11\/mini_DSC04309.jpg"},{"acf_fc_layout":"section_woocommerce_text_image","is_active":true,"anchor":"opis","text_align":"textAlign--left","grid_width":"main","wysiwyg":"<h2>Collet<\/h2>\n<p>Meble z\u00a0kolekcji Collet to ponadczasowa, prosta forma podkre\u015blona przez\u00a0kolory, kt\u00f3re s\u0105 szczeg\u00f3lnie lubiane przez\u00a0dzieci. Wasza ukochana biel i kaszmir to spok\u00f3j i\u00a0harmonia, kt\u00f3re pasuj\u0105 do\u00a0ka\u017cdego wn\u0119trza. Sza\u0142wia to pi\u0119kny kolor, kt\u00f3ry pokochaj\u0105 mi\u0142o\u015bnicy klasycznych wn\u0119trz w stylu angielskim. Natomiast\u00a0najm\u0142odszym, kt\u00f3rzy pragn\u0105 wype\u0142ni\u0107 swoje pokoje rado\u015bci\u0105 barw, proponujemy spokojny r\u00f3\u017c, nietuzinkowy b\u0142\u0119kit oraz\u00a0powiew jasnej szaro\u015bci. <\/p>\n<h2><strong>Uwaga!<\/strong><\/h2>\n<p>&nbsp;<\/p>\n<p>&nbsp;<\/p>\n<p><a href=\"https:\/\/inmondo.pl\/wp-content\/uploads\/2024\/11\/mini_DSC04321.jpg\"><img loading=\"lazy\" decoding=\"async\" class=\"alignnone size-medium wp-image-8867\" src=\"https:\/\/inmondo.pl\/wp-content\/uploads\/2024\/11\/mini_DSC04321-200x300.jpg\" alt=\"\" width=\"200\" height=\"300\" srcset=\"https:\/\/inmondo.pl\/wp-content\/uploads\/2024\/11\/mini_DSC04321-200x300.jpg 200w, https:\/\/inmondo.pl\/wp-content\/uploads\/2024\/11\/mini_DSC04321-8x12.jpg 8w, https:\/\/inmondo.pl\/wp-content\/uploads\/2024\/11\/mini_DSC04321-267x400.jpg 267w, https:\/\/inmondo.pl\/wp-content\/uploads\/2024\/11\/mini_DSC04321.jpg 512w\" sizes=\"auto, (max-width: 200px) 100vw, 200px\" \/><\/a><\/p>\n","image":"https:\/\/inmondo.pl\/wp-content\/uploads\/2020\/07\/17-e1594389986519.jpg"},{"acf_fc_layout":"section_woocommerce_text_image","is_active":true,"anchor":"","text_align":"textAlign--right","grid_width":"main","wysiwyg":"<h2>Uwaga!<\/h2>\n<p>\u0141\u00f3\u017cka wysokie i\u00a0g\u00f3rne \u0142\u00f3\u017cka \u0142\u00f3\u017cek pi\u0119trowych albo\u00a0\u0142\u00f3\u017cka na\u00a0antresoli nie s\u0105 przeznaczone dla\u00a0dzieci w\u00a0wieku poni\u017cej 6 lat, z\u00a0uwagi na\u00a0ryzyko obra\u017ce\u0144 na\u00a0skutek wypadni\u0119cia.<br \/>\nMaksymalne obci\u0105\u017cenie oznacza ci\u0119\u017car statyczny, innymi s\u0142owy jest to obci\u0105\u017cenie, kt\u00f3ry \u0142\u00f3\u017cko wytrzymuje, gdy na\u00a0nim le\u017cysz lub\u00a0siedzisz.<br \/>\nMaksymalne obci\u0105\u017cenie: max. 100 kg g\u00f3rne le\u017cysko, max. 100 kg dolne le\u017cysko<\/p>\n<p>&nbsp;<\/p>\n<p>&nbsp;<\/p>\n<p>\u0141\u00f3\u017cko zgodne z\u00a0norm\u0105:\u00a0\u00a0 PN-EN 747-1+A1:2015-08 &#8222;Meble &#8211; \u0141\u00f3\u017cka pi\u0119trowe i\u00a0\u0142\u00f3\u017cka wysokie &#8212; Cz\u0119\u015b\u0107 1: Wymagania bezpiecze\u0144stwa, wytrzyma\u0142o\u015bci i\u00a0trwa\u0142o\u015bci&#8221;<\/p>\n","image":"https:\/\/inmondo.pl\/wp-content\/uploads\/2020\/09\/2019_12_MATKOWSKI_EXPORT-123257.jpg"},{"acf_fc_layout":"section_woocommerce_lookbook","is_active":true,"anchor":"lookbook","header":"<h2 style=\"text-align: center;\">Zobacz galeri\u0119 Collet:<\/h2>\n<p style=\"text-align: center;\">Minimalistyczny lookbook prosto od naszych projektant\u00f3w. Ogl\u0105daj, inspiruj si\u0119, a\u00a0je\u015bli masz pomys\u0142y lub\u00a0pytania \u2014 od razu dzwo\u0144!<\/p>\n","repeater":[{"shortcode":"[woocommerce_lookbook id=\"1363\"]"},{"shortcode":"[woocommerce_lookbook id=\"1360\"]"},{"shortcode":"[woocommerce_lookbook id=\"1520\"]"},{"shortcode":"[woocommerce_lookbook id=\"1442\"]"}]},{"acf_fc_layout":"section_woocommerce_opinions","is_active":true,"anchor":"opinie"},{"acf_fc_layout":"section_woocommerce_otherFromCategory","is_active":true,"anchor":"inneprodukty"}],"czas_realizacji":""},"yoast_head":"<!-- This site is optimized with the Yoast SEO plugin v27.3 - https:\/\/yoast.com\/product\/yoast-seo-wordpress\/ -->\n<title>\u0141\u00f3\u017cko pi\u0119trowe Trio 120 cm - p\u0142ycina - Inmondo<\/title>\n<meta name=\"description\" content=\"Trio - \u0141\u00f3\u017cko Pi\u0119trowe: Komfort i Praktyczno\u015b\u0107 w Jednym. Odkryj nasze \u0142\u00f3\u017cko Trio i uczy\u0144 przestrze\u0144 w pokoju dziecka jeszcze bardziej funkcjonaln\u0105.\" \/>\n<meta name=\"robots\" content=\"index, follow, max-snippet:-1, max-image-preview:large, max-video-preview:-1\" \/>\n<link rel=\"canonical\" href=\"https:\/\/inmondo.pl\/en\/sklep\/elementy\/lozka-pietrowe\/lozko-pietrowe-trio-z-plycina-120\/\" \/>\n<meta property=\"og:locale\" content=\"en_GB\" \/>\n<meta property=\"og:type\" content=\"article\" \/>\n<meta property=\"og:title\" content=\"\u0141\u00f3\u017cko pi\u0119trowe Trio 120 cm - p\u0142ycina - Inmondo\" \/>\n<meta property=\"og:description\" content=\"Trio - \u0141\u00f3\u017cko Pi\u0119trowe: Komfort i Praktyczno\u015b\u0107 w Jednym. Odkryj nasze \u0142\u00f3\u017cko Trio i uczy\u0144 przestrze\u0144 w pokoju dziecka jeszcze bardziej funkcjonaln\u0105.\" \/>\n<meta property=\"og:url\" content=\"https:\/\/inmondo.pl\/en\/sklep\/elementy\/lozka-pietrowe\/lozko-pietrowe-trio-z-plycina-120\/\" \/>\n<meta property=\"og:site_name\" content=\"Inmondo\" \/>\n<meta property=\"article:modified_time\" content=\"2026-03-26T08:55:59+00:00\" \/>\n<meta property=\"og:image\" content=\"http:\/\/inmondo.pl\/wp-content\/uploads\/2024\/11\/plycina_120.jpg\" \/>\n\t<meta property=\"og:image:width\" content=\"960\" \/>\n\t<meta property=\"og:image:height\" content=\"960\" \/>\n\t<meta property=\"og:image:type\" content=\"image\/jpeg\" \/>\n<meta name=\"twitter:card\" content=\"summary_large_image\" \/>\n<meta name=\"twitter:label1\" content=\"Estimated reading time\" \/>\n\t<meta name=\"twitter:data1\" content=\"4 minutes\" \/>\n<script type=\"application\/ld+json\" class=\"yoast-schema-graph\">{\"@context\":\"https:\\\/\\\/schema.org\",\"@graph\":[{\"@type\":\"WebPage\",\"@id\":\"https:\\\/\\\/inmondo.pl\\\/sklep\\\/elementy\\\/lozka-pietrowe\\\/lozko-pietrowe-trio-z-plycina-120\\\/\",\"url\":\"https:\\\/\\\/inmondo.pl\\\/sklep\\\/elementy\\\/lozka-pietrowe\\\/lozko-pietrowe-trio-z-plycina-120\\\/\",\"name\":\"\u0141\u00f3\u017cko pi\u0119trowe Trio 120 cm - p\u0142ycina - Inmondo\",\"isPartOf\":{\"@id\":\"https:\\\/\\\/inmondo.pl\\\/#website\"},\"primaryImageOfPage\":{\"@id\":\"https:\\\/\\\/inmondo.pl\\\/sklep\\\/elementy\\\/lozka-pietrowe\\\/lozko-pietrowe-trio-z-plycina-120\\\/#primaryimage\"},\"image\":{\"@id\":\"https:\\\/\\\/inmondo.pl\\\/sklep\\\/elementy\\\/lozka-pietrowe\\\/lozko-pietrowe-trio-z-plycina-120\\\/#primaryimage\"},\"thumbnailUrl\":\"https:\\\/\\\/inmondo.pl\\\/wp-content\\\/uploads\\\/2024\\\/11\\\/plycina_120.jpg\",\"datePublished\":\"2020-07-01T13:32:45+00:00\",\"dateModified\":\"2026-03-26T08:55:59+00:00\",\"description\":\"Trio - \u0141\u00f3\u017cko Pi\u0119trowe: Komfort i Praktyczno\u015b\u0107 w Jednym. Odkryj nasze \u0142\u00f3\u017cko Trio i uczy\u0144 przestrze\u0144 w pokoju dziecka jeszcze bardziej funkcjonaln\u0105.\",\"breadcrumb\":{\"@id\":\"https:\\\/\\\/inmondo.pl\\\/sklep\\\/elementy\\\/lozka-pietrowe\\\/lozko-pietrowe-trio-z-plycina-120\\\/#breadcrumb\"},\"inLanguage\":\"en-GB\",\"potentialAction\":[{\"@type\":\"ReadAction\",\"target\":[\"https:\\\/\\\/inmondo.pl\\\/sklep\\\/elementy\\\/lozka-pietrowe\\\/lozko-pietrowe-trio-z-plycina-120\\\/\"]}]},{\"@type\":\"ImageObject\",\"inLanguage\":\"en-GB\",\"@id\":\"https:\\\/\\\/inmondo.pl\\\/sklep\\\/elementy\\\/lozka-pietrowe\\\/lozko-pietrowe-trio-z-plycina-120\\\/#primaryimage\",\"url\":\"https:\\\/\\\/inmondo.pl\\\/wp-content\\\/uploads\\\/2024\\\/11\\\/plycina_120.jpg\",\"contentUrl\":\"https:\\\/\\\/inmondo.pl\\\/wp-content\\\/uploads\\\/2024\\\/11\\\/plycina_120.jpg\",\"width\":960,\"height\":960},{\"@type\":\"BreadcrumbList\",\"@id\":\"https:\\\/\\\/inmondo.pl\\\/sklep\\\/elementy\\\/lozka-pietrowe\\\/lozko-pietrowe-trio-z-plycina-120\\\/#breadcrumb\",\"itemListElement\":[{\"@type\":\"ListItem\",\"position\":1,\"name\":\"Strona g\u0142\u00f3wna\",\"item\":\"https:\\\/\\\/inmondo.pl\\\/\"},{\"@type\":\"ListItem\",\"position\":2,\"name\":\"Oferta Inmondo: spe\u0142niamy marzenia i wymagania\",\"item\":\"https:\\\/\\\/inmondo.pl\\\/sklep\\\/\"},{\"@type\":\"ListItem\",\"position\":3,\"name\":\"kolekcje\",\"item\":\"https:\\\/\\\/inmondo.pl\\\/de\\\/sklep\\\/kolekcje\\\/\"},{\"@type\":\"ListItem\",\"position\":4,\"name\":\"\u0141\u00f3\u017cko pi\u0119trowe Trio 120 cm &#8211; p\u0142ycina\"}]},{\"@type\":\"WebSite\",\"@id\":\"https:\\\/\\\/inmondo.pl\\\/#website\",\"url\":\"https:\\\/\\\/inmondo.pl\\\/\",\"name\":\"Inmondo\",\"description\":\"\",\"potentialAction\":[{\"@type\":\"SearchAction\",\"target\":{\"@type\":\"EntryPoint\",\"urlTemplate\":\"https:\\\/\\\/inmondo.pl\\\/?s={search_term_string}\"},\"query-input\":{\"@type\":\"PropertyValueSpecification\",\"valueRequired\":true,\"valueName\":\"search_term_string\"}}],\"inLanguage\":\"en-GB\"}]}<\/script>\n<!-- \/ Yoast SEO plugin. -->","yoast_head_json":{"title":"Bunk bed Trio 120 cm - panelled - Inmondo","description":"Trio - Bunk Bed: Comfort and Practicality in One. Discover our Trio bed and make the space in your child's room even more functional.","robots":{"index":"index","follow":"follow","max-snippet":"max-snippet:-1","max-image-preview":"max-image-preview:large","max-video-preview":"max-video-preview:-1"},"canonical":"https:\/\/inmondo.pl\/en\/sklep\/elementy\/lozka-pietrowe\/lozko-pietrowe-trio-z-plycina-120\/","og_locale":"en_GB","og_type":"article","og_title":"\u0141\u00f3\u017cko pi\u0119trowe Trio 120 cm - p\u0142ycina - Inmondo","og_description":"Trio - \u0141\u00f3\u017cko Pi\u0119trowe: Komfort i Praktyczno\u015b\u0107 w Jednym. Odkryj nasze \u0142\u00f3\u017cko Trio i uczy\u0144 przestrze\u0144 w pokoju dziecka jeszcze bardziej funkcjonaln\u0105.","og_url":"https:\/\/inmondo.pl\/en\/sklep\/elementy\/lozka-pietrowe\/lozko-pietrowe-trio-z-plycina-120\/","og_site_name":"Inmondo","article_modified_time":"2026-03-26T08:55:59+00:00","og_image":[{"width":960,"height":960,"url":"http:\/\/inmondo.pl\/wp-content\/uploads\/2024\/11\/plycina_120.jpg","type":"image\/jpeg"}],"twitter_card":"summary_large_image","twitter_misc":{"Estimated reading time":"4 minutes"},"schema":{"@context":"https:\/\/schema.org","@graph":[{"@type":"WebPage","@id":"https:\/\/inmondo.pl\/sklep\/elementy\/lozka-pietrowe\/lozko-pietrowe-trio-z-plycina-120\/","url":"https:\/\/inmondo.pl\/sklep\/elementy\/lozka-pietrowe\/lozko-pietrowe-trio-z-plycina-120\/","name":"Bunk bed Trio 120 cm - panelled - Inmondo","isPartOf":{"@id":"https:\/\/inmondo.pl\/#website"},"primaryImageOfPage":{"@id":"https:\/\/inmondo.pl\/sklep\/elementy\/lozka-pietrowe\/lozko-pietrowe-trio-z-plycina-120\/#primaryimage"},"image":{"@id":"https:\/\/inmondo.pl\/sklep\/elementy\/lozka-pietrowe\/lozko-pietrowe-trio-z-plycina-120\/#primaryimage"},"thumbnailUrl":"https:\/\/inmondo.pl\/wp-content\/uploads\/2024\/11\/plycina_120.jpg","datePublished":"2020-07-01T13:32:45+00:00","dateModified":"2026-03-26T08:55:59+00:00","description":"Trio - Bunk Bed: Comfort and Practicality in One. Discover our Trio bed and make the space in your child's room even more functional.","breadcrumb":{"@id":"https:\/\/inmondo.pl\/sklep\/elementy\/lozka-pietrowe\/lozko-pietrowe-trio-z-plycina-120\/#breadcrumb"},"inLanguage":"en-GB","potentialAction":[{"@type":"ReadAction","target":["https:\/\/inmondo.pl\/sklep\/elementy\/lozka-pietrowe\/lozko-pietrowe-trio-z-plycina-120\/"]}]},{"@type":"ImageObject","inLanguage":"en-GB","@id":"https:\/\/inmondo.pl\/sklep\/elementy\/lozka-pietrowe\/lozko-pietrowe-trio-z-plycina-120\/#primaryimage","url":"https:\/\/inmondo.pl\/wp-content\/uploads\/2024\/11\/plycina_120.jpg","contentUrl":"https:\/\/inmondo.pl\/wp-content\/uploads\/2024\/11\/plycina_120.jpg","width":960,"height":960},{"@type":"BreadcrumbList","@id":"https:\/\/inmondo.pl\/sklep\/elementy\/lozka-pietrowe\/lozko-pietrowe-trio-z-plycina-120\/#breadcrumb","itemListElement":[{"@type":"ListItem","position":1,"name":"Strona g\u0142\u00f3wna","item":"https:\/\/inmondo.pl\/"},{"@type":"ListItem","position":2,"name":"Oferta Inmondo: spe\u0142niamy marzenia i wymagania","item":"https:\/\/inmondo.pl\/sklep\/"},{"@type":"ListItem","position":3,"name":"kolekcje","item":"https:\/\/inmondo.pl\/de\/sklep\/kolekcje\/"},{"@type":"ListItem","position":4,"name":"\u0141\u00f3\u017cko pi\u0119trowe Trio 120 cm &#8211; p\u0142ycina"}]},{"@type":"WebSite","@id":"https:\/\/inmondo.pl\/#website","url":"https:\/\/inmondo.pl\/","name":"Inmondo","description":"","potentialAction":[{"@type":"SearchAction","target":{"@type":"EntryPoint","urlTemplate":"https:\/\/inmondo.pl\/?s={search_term_string}"},"query-input":{"@type":"PropertyValueSpecification","valueRequired":true,"valueName":"search_term_string"}}],"inLanguage":"en-GB"}]}},"wcpa_form_fields":{"wcpaData":{"product":{"product_price":2290,"price_html":"<span class=\"woocommerce-Price-amount amount\">2 290&nbsp;<span class=\"woocommerce-Price-currencySymbol\">&#122;&#322;<\/span><\/span> <span aria-hidden=\"true\">&ndash;<\/span> <span class=\"woocommerce-Price-amount amount\">2 520&nbsp;<span class=\"woocommerce-Price-currencySymbol\">&#122;&#322;<\/span><\/span><span class=\"screen-reader-text\">Zakres cen: od 2 290&nbsp;&#122;&#322; do 2 520&nbsp;&#122;&#322;<\/span>","original_product_price":2290,"price_including_tax":2290,"price_excluding_tax":1861.788618,"product_id":{"parent":1211,"variation":false},"is_variable":true,"stock_status":"onbackorder","stock_quantity":-10,"parent_sku":"1211","product_attributes":{"pa_kolor":{"is_variation":true,"values":[]},"pa_dodarkowa-barierka":{"is_variation":false,"values":["bez-barierki","barierka"]},"pa_rodzaj-szuflady":{"is_variation":false,"values":["bez-szuflady","szuflada-trio"]}},"custom_fields":[],"is_taxable":true},"fields":{"sec_2696e0a1c64c10":{"extra":{"key":"sec_2696e0a1c64c10","section_id":"sec_2696e0a1c64c10","name":"Default","status":1,"cl_rule":"show","enableCl":false,"relations":[],"toggle":true,"title_tag":"h3","show_title":false,"showPrice":"default","form_id":11970,"form_rules":{"exclude_from_discount":false,"fee_label":"Op\u0142ata","disp_hide_options_price":false,"disp_show_section_price":false,"disp_show_field_price":false,"layout_option":"standard","pric_use_as_fee":false,"process_fee_as":"woo_fee"},"layout_option":"standard"},"fields":[[{"active":true,"col":2,"relations":[{"operator":false,"rules":[{"operator":"and","rules":{"cl_field":"attribute","cl_relation":"is_not","cl_val":"niebieski","cl_field_sub":"pa_kolor"}},{"operator":"AND","rules":{"cl_field":"attribute","cl_relation":"is_not","cl_val":"rozowy","cl_field_sub":"pa_kolor"}}]}],"cl_rule":"show","enableCl":true,"price":"","enablePrice":true,"className":"","label_position":"default","desc_position":"default","type":"select","required":true,"elementId":"select_8696e0a1c64c3e","label":"Barierka","name":"select_8696e0a1c64c3e","values":[{"label":"bez barierki","value":"bez barierki","selected":false,"tempId":"aco_877","gt_translate_keys":["label"]},{"label":"z barierk\u0105","value":"z barierk\u0105","selected":false,"tempId":"aco_878","price":"250","gt_translate_keys":["label"]}],"dropdown_type":"basic","error":false,"placeholder":"Wybierz","priceOptions":"different_for_all","pricingType":"fixed","use_as_fee":false,"requiredError":"Barierka jest polem wymaganym","gt_translate_keys":["label","placeholder","requiredError"],"price_dependency":false,"cl_dependency":false,"value":""},{"label":"Rodzaj szuflady","active":true,"required":true,"elementId":"select_10696e0a1c64c4d","dropdown_type":"basic","placeholder":"Wybierz","name":"select_10696e0a1c64c4d","label_position":"default","desc_position":"default","enablePrice":true,"className":"","enableCl":true,"relations":[{"operator":false,"rules":[{"operator":"and","rules":{"cl_field":"attribute","cl_relation":"is_not","cl_val":"niebieski","cl_field_sub":"pa_kolor"}},{"operator":"AND","rules":{"cl_field":"attribute","cl_relation":"is_not","cl_val":"rozowy","cl_field_sub":"pa_kolor"}}]}],"values":[{"label":"bez szuflady","value":"bez szuflady","selected":false,"tempId":"aco_877","gt_translate_keys":["label"]},{"label":"szuflada trio\/120 x 200","value":"szuflada trio\/120 x 90","selected":false,"tempId":"aco_1804","price":"690","gt_translate_keys":["label"]}],"priceOptions":"different_for_all","pricingType":"fixed","price":"","use_as_fee":false,"cl_rule":"show","col":2,"type":"select","error":false,"requiredError":"Rodzaj szuflady jest polem wymaganym","isTemplate":false,"gt_translate_keys":["label","placeholder","requiredError"],"price_dependency":false,"cl_dependency":false,"value":""}],[{"label":"Barierka","active":true,"required":true,"elementId":"select_10696e0a1c64c62","dropdown_type":"basic","placeholder":"Wybierz","name":"select_10696e0a1c64c62","label_position":"default","desc_position":"default","enablePrice":true,"className":"","enableCl":true,"relations":[{"operator":false,"rules":[{"operator":"or","rules":{"cl_field":"attribute","cl_relation":"is","cl_val":"niebieski","cl_field_sub":"pa_kolor"}},{"operator":"AND","rules":{"cl_field":"attribute","cl_relation":"is","cl_val":"rozowy","cl_field_sub":"pa_kolor"}}]}],"values":[{"label":"bez barierki","value":"bez barierki","selected":false,"tempId":"aco_877","gt_translate_keys":["label"]},{"label":"z barierk\u0105","value":"z barierk\u0105","selected":false,"tempId":"aco_878","price":"280","gt_translate_keys":["label"]}],"priceOptions":"different_for_all","pricingType":"fixed","price":"","use_as_fee":false,"cl_rule":"show","col":2,"type":"select","error":false,"requiredError":"Barierka jest polem wymaganym","gt_translate_keys":["label","placeholder","requiredError"],"price_dependency":false,"cl_dependency":false,"value":""},{"label":"Rodzaj szuflady","active":true,"required":true,"elementId":"select_8696e0a1c64c6c","dropdown_type":"basic","placeholder":"Wybierz","name":"select_8696e0a1c64c6c","label_position":"default","desc_position":"default","enablePrice":true,"className":"","enableCl":true,"relations":[{"operator":false,"rules":[{"operator":"or","rules":{"cl_field":"attribute","cl_relation":"is","cl_val":"niebieski","cl_field_sub":"pa_kolor"}},{"operator":"AND","rules":{"cl_field":"attribute","cl_relation":"is","cl_val":"rozowy","cl_field_sub":"pa_kolor"}}]}],"values":[{"label":"bez szuflady","value":"bez szuflady","selected":false,"tempId":"aco_877","gt_translate_keys":["label"]},{"label":"szuflada trio\/120 x 200","value":"szuflada trio\/120 x 90","selected":false,"tempId":"aco_1804","price":"760","gt_translate_keys":["label"]}],"priceOptions":"different_for_all","pricingType":"fixed","price":"","use_as_fee":false,"cl_rule":"show","col":2,"type":"select","error":false,"requiredError":"Rodzaj szuflady jest polem wymaganym","isTemplate":false,"gt_translate_keys":["label","placeholder","requiredError"],"price_dependency":false,"cl_dependency":false,"value":""}]]}},"config":{"price_override":"","enable_recaptcha":false,"bind_quantity":false,"quantity_bind_formula":"","disp_summ_show_option_price":true,"disp_summ_show_product_price":true,"disp_summ_show_total_price":true,"disp_summ_show_fee":false,"disp_summ_show_discount":false,"summary_title":"","options_total_label":"Cena wariant\u00f3w","total_label":"\u0141\u0105cznie","options_product_label":"Cena produktu","fee_label":"Op\u0142ata","discount_label":"Obni\u017cka","has_price":true,"has_quantity_formula":false},"mc_unit":1,"tax_rate":1,"tax_rate_real":0.23,"discount":{"percentage":0,"fixed":0},"design":{"conf":{"LabelPosition":"above","DescPosition":"above","UploadField":"custom_1","QuantityFieldStyle":"default"},"css":{"LeftLabelWidth":"120px"}},"formulas":[],"clones":false,"cartKey":false}},"_links":{"self":[{"href":"https:\/\/inmondo.pl\/en\/wp-json\/wp\/v2\/product\/1211","targetHints":{"allow":["GET"]}}],"collection":[{"href":"https:\/\/inmondo.pl\/en\/wp-json\/wp\/v2\/product"}],"about":[{"href":"https:\/\/inmondo.pl\/en\/wp-json\/wp\/v2\/types\/product"}],"replies":[{"embeddable":true,"href":"https:\/\/inmondo.pl\/en\/wp-json\/wp\/v2\/comments?post=1211"}],"wp:featuredmedia":[{"embeddable":true,"href":"https:\/\/inmondo.pl\/en\/wp-json\/wp\/v2\/media\/9127"}],"wp:attachment":[{"href":"https:\/\/inmondo.pl\/en\/wp-json\/wp\/v2\/media?parent=1211"}],"wp:term":[{"taxonomy":"product_brand","embeddable":true,"href":"https:\/\/inmondo.pl\/en\/wp-json\/wp\/v2\/product_brand?post=1211"},{"taxonomy":"product_cat","embeddable":true,"href":"https:\/\/inmondo.pl\/en\/wp-json\/wp\/v2\/product_cat?post=1211"},{"taxonomy":"product_tag","embeddable":true,"href":"https:\/\/inmondo.pl\/en\/wp-json\/wp\/v2\/product_tag?post=1211"}],"curies":[{"name":"wp","href":"https:\/\/api.w.org\/{rel}","templated":true}]}}