{"id":1205,"date":"2020-07-01T15:23:38","date_gmt":"2020-07-01T13:23:38","guid":{"rendered":"http:\/\/inmondo.pl\/?post_type=product&#038;p=1205"},"modified":"2026-03-10T13:12:35","modified_gmt":"2026-03-10T12:12:35","slug":"lozko-daybed-z-szuflada","status":"publish","type":"product","link":"https:\/\/inmondo.pl\/en\/sklep\/elementy\/lozka\/lozko-daybed-z-szuflada\/","title":{"rendered":"Daybed with drawer"},"content":{"rendered":"<p>Timeless design to match any room decor. Classic Scandinavian style accentuated with full milled panels. This furniture perfectly combines the function of a sofa during the day and a single bed at night. The drawer will allow you to make the most of the space underneath the furniture to store cushions, duvets and blankets, or create an occasional extra sleeping area. The bed has been varnished with child and environmentally friendly water-based varnishes. The wood it contains comes from well-managed forests.<\/p>","protected":false},"excerpt":{"rendered":"<p>Timeless design to match any room decor. Classic Scandinavian style accentuated with full milled panels. This furniture perfectly combines the function of a sofa during the day and a single bed at night. The drawer will allow you to make the most of the space underneath the furniture to store cushions, duvets and blankets, or create an occasional extra sleeping area. The bed has been varnished with child and environmentally friendly water-based varnishes. The wood it contains comes from well-managed forests.<\/p>\n<p>&nbsp;<\/p>\n<p>&nbsp;<\/p>\n<h6><\/h6>","protected":false},"featured_media":1425,"comment_status":"open","ping_status":"closed","template":"","meta":{"_acf_changed":false},"product_brand":[],"product_cat":[24,20,17,21],"product_tag":[],"class_list":{"0":"post-1205","1":"product","2":"type-product","3":"status-publish","4":"has-post-thumbnail","6":"product_cat-collet","7":"product_cat-elementy","8":"product_cat-kolekcje","9":"product_cat-lozka","10":"wcpa_has_options","12":"first","13":"onbackorder","14":"taxable","15":"shipping-taxable","16":"purchasable","17":"product-type-variable","18":"has-default-attributes"},"acf":{"wymiary":"Szeroko\u015b\u0107: 212,5 cm<br \/>\r\nWysoko\u015b\u0107: 105 cm<br \/>\r\nG\u0142\u0119boko\u015b\u0107: 101 cm","materialy":"drewno sosnowe, p\u0142ycina szczytu MDF, stela\u017c drewno sosnowe, lakier wodny i&nbsp;wodny UV","sections_woocommerce":[{"acf_fc_layout":"section_menu","is_active":true,"repeater":[{"text":"Opis","link":"#opis"},{"text":"Lookbook","link":"#lookbook"},{"text":"Opinie","link":"#opinie"},{"text":"Inne produkty","link":"#inneprodukty"}]},{"acf_fc_layout":"section_woocommerce_text_image","is_active":true,"anchor":"opis","text_align":"textAlign--left","grid_width":"main","wysiwyg":"<h2>Collet<\/h2>\n<p>Meble z\u00a0kolekcji Collet to ponadczasowa, prosta forma podkre\u015blona przez\u00a0kolory, kt\u00f3re s\u0105 szczeg\u00f3lnie lubiane przez\u00a0dzieci. Wasza ukochana biel to spok\u00f3j i\u00a0harmonia, kt\u00f3ra pasuje do\u00a0ka\u017cdego wn\u0119trza. Natomiast\u00a0najm\u0142odszym, kt\u00f3rzy pragn\u0105 wype\u0142ni\u0107 swoje pokoje rado\u015bci\u0105 barw, proponujemy spokojny r\u00f3\u017c, nietuzinkowy b\u0142\u0119kit oraz\u00a0powiew jasnej szaro\u015bci.<\/p>\n","image":"https:\/\/inmondo.pl\/wp-content\/uploads\/2020\/07\/ko-daybad-z-szuflad\u0105-scaled-e1595516265662.jpg"},{"acf_fc_layout":"section_woocommerce_lookbook","is_active":true,"anchor":"lookbook","header":"<h2 style=\"text-align: center;\">Zobacz galeri\u0119 Collet:<\/h2>\n<p style=\"text-align: center;\">Minimalistyczny lookbook prosto od naszych projektant\u00f3w. Ogl\u0105daj, inspiruj si\u0119, a\u00a0je\u015bli masz pomys\u0142y lub\u00a0pytania \u2014 od razu dzwo\u0144!<\/p>\n","repeater":[{"shortcode":"[woocommerce_lookbook id=\"1442\"]"},{"shortcode":"[woocommerce_lookbook id=\"1440\"]"},{"shortcode":"[woocommerce_lookbook id=\"1356\"]"},{"shortcode":"[woocommerce_lookbook id=\"1520\"]"},{"shortcode":"[woocommerce_lookbook id=\"1363\"]"}]},{"acf_fc_layout":"section_woocommerce_opinions","is_active":true,"anchor":"opinie"},{"acf_fc_layout":"section_woocommerce_otherFromCategory","is_active":true,"anchor":"inneprodukty"}],"czas_realizacji":""},"yoast_head":"<!-- This site is optimized with the Yoast SEO plugin v27.3 - https:\/\/yoast.com\/product\/yoast-seo-wordpress\/ -->\n<title>\u0141\u00f3\u017cko daybed z szuflad\u0105 - Inmondo<\/title>\n<meta name=\"robots\" content=\"index, follow, max-snippet:-1, max-image-preview:large, max-video-preview:-1\" \/>\n<link rel=\"canonical\" href=\"http:\/\/inmondo.pl\/en\/sklep\/elementy\/lozka\/lozko-daybed-z-szuflada\/\" \/>\n<meta property=\"og:locale\" content=\"en_GB\" \/>\n<meta property=\"og:type\" content=\"article\" \/>\n<meta property=\"og:title\" content=\"\u0141\u00f3\u017cko daybed z szuflad\u0105 - Inmondo\" \/>\n<meta property=\"og:description\" content=\"Ponadczasowe wzornictwo, kt\u00f3re pasuje do ka\u017cdego wystroju pokoju. Klasyczny skandynawski styl podkre\u015blony pe\u0142nymi frezowanymi panelami. Mebel ten idealnie \u0142\u0105czy funkcj\u0119 sofy w ci\u0105gu dnia oraz jedno osobowego \u0142\u00f3\u017cka noc\u0105. Szuflada pozwoli wykorzysta\u0107 w pe\u0142ni przestrze\u0144 pod meblem na przechowanie poduszek, ko\u0142der i kocyk\u00f3w, albo stworzy okazjonalnie dodatkowe miejsce do spania. \u0141\u00f3\u017cko zosta\u0142o polakierowanie przyjaznymi dla dziecka i \u015brodowiska lakierami wodnymi. Zawarte w nim drewno pochodzi z dobrze zarz\u0105dzanych las\u00f3w.  &nbsp;  &nbsp;\" \/>\n<meta property=\"og:url\" content=\"http:\/\/inmondo.pl\/en\/sklep\/elementy\/lozka\/lozko-daybed-z-szuflada\/\" \/>\n<meta property=\"og:site_name\" content=\"Inmondo\" \/>\n<meta property=\"article:modified_time\" content=\"2026-03-10T12:12:35+00:00\" \/>\n<meta property=\"og:image\" content=\"http:\/\/inmondo.pl\/wp-content\/uploads\/2020\/07\/ko-daybad-z-szuflad\u0105-scaled-e1595516265662.jpg\" \/>\n\t<meta property=\"og:image:width\" content=\"1920\" \/>\n\t<meta property=\"og:image:height\" content=\"1080\" \/>\n\t<meta property=\"og:image:type\" content=\"image\/jpeg\" \/>\n<meta name=\"twitter:card\" content=\"summary_large_image\" \/>\n<meta name=\"twitter:label1\" content=\"Estimated reading time\" \/>\n\t<meta name=\"twitter:data1\" content=\"2 minutes\" \/>\n<script type=\"application\/ld+json\" class=\"yoast-schema-graph\">{\"@context\":\"https:\\\/\\\/schema.org\",\"@graph\":[{\"@type\":\"WebPage\",\"@id\":\"http:\\\/\\\/inmondo.pl\\\/sklep\\\/elementy\\\/lozka\\\/lozko-daybed-z-szuflada\\\/\",\"url\":\"http:\\\/\\\/inmondo.pl\\\/sklep\\\/elementy\\\/lozka\\\/lozko-daybed-z-szuflada\\\/\",\"name\":\"\u0141\u00f3\u017cko daybed z szuflad\u0105 - Inmondo\",\"isPartOf\":{\"@id\":\"https:\\\/\\\/inmondo.pl\\\/#website\"},\"primaryImageOfPage\":{\"@id\":\"http:\\\/\\\/inmondo.pl\\\/sklep\\\/elementy\\\/lozka\\\/lozko-daybed-z-szuflada\\\/#primaryimage\"},\"image\":{\"@id\":\"http:\\\/\\\/inmondo.pl\\\/sklep\\\/elementy\\\/lozka\\\/lozko-daybed-z-szuflada\\\/#primaryimage\"},\"thumbnailUrl\":\"https:\\\/\\\/inmondo.pl\\\/wp-content\\\/uploads\\\/2020\\\/07\\\/ko-daybad-z-szuflad\u0105-scaled-e1595516265662.jpg\",\"datePublished\":\"2020-07-01T13:23:38+00:00\",\"dateModified\":\"2026-03-10T12:12:35+00:00\",\"breadcrumb\":{\"@id\":\"http:\\\/\\\/inmondo.pl\\\/sklep\\\/elementy\\\/lozka\\\/lozko-daybed-z-szuflada\\\/#breadcrumb\"},\"inLanguage\":\"en-GB\",\"potentialAction\":[{\"@type\":\"ReadAction\",\"target\":[\"http:\\\/\\\/inmondo.pl\\\/sklep\\\/elementy\\\/lozka\\\/lozko-daybed-z-szuflada\\\/\"]}]},{\"@type\":\"ImageObject\",\"inLanguage\":\"en-GB\",\"@id\":\"http:\\\/\\\/inmondo.pl\\\/sklep\\\/elementy\\\/lozka\\\/lozko-daybed-z-szuflada\\\/#primaryimage\",\"url\":\"https:\\\/\\\/inmondo.pl\\\/wp-content\\\/uploads\\\/2020\\\/07\\\/ko-daybad-z-szuflad\u0105-scaled-e1595516265662.jpg\",\"contentUrl\":\"https:\\\/\\\/inmondo.pl\\\/wp-content\\\/uploads\\\/2020\\\/07\\\/ko-daybad-z-szuflad\u0105-scaled-e1595516265662.jpg\",\"width\":1920,\"height\":1080,\"caption\":\"bia\u0142e \u0142\u00f3\u017cko dzieci\u0119ce z szuflad\u0105\"},{\"@type\":\"BreadcrumbList\",\"@id\":\"http:\\\/\\\/inmondo.pl\\\/sklep\\\/elementy\\\/lozka\\\/lozko-daybed-z-szuflada\\\/#breadcrumb\",\"itemListElement\":[{\"@type\":\"ListItem\",\"position\":1,\"name\":\"Strona g\u0142\u00f3wna\",\"item\":\"https:\\\/\\\/inmondo.pl\\\/\"},{\"@type\":\"ListItem\",\"position\":2,\"name\":\"Oferta Inmondo: spe\u0142niamy marzenia i wymagania\",\"item\":\"https:\\\/\\\/inmondo.pl\\\/sklep\\\/\"},{\"@type\":\"ListItem\",\"position\":3,\"name\":\"kolekcje\",\"item\":\"https:\\\/\\\/inmondo.pl\\\/de\\\/sklep\\\/kolekcje\\\/\"},{\"@type\":\"ListItem\",\"position\":4,\"name\":\"\u0141\u00f3\u017cko daybed z szuflad\u0105\"}]},{\"@type\":\"WebSite\",\"@id\":\"https:\\\/\\\/inmondo.pl\\\/#website\",\"url\":\"https:\\\/\\\/inmondo.pl\\\/\",\"name\":\"Inmondo\",\"description\":\"\",\"potentialAction\":[{\"@type\":\"SearchAction\",\"target\":{\"@type\":\"EntryPoint\",\"urlTemplate\":\"https:\\\/\\\/inmondo.pl\\\/?s={search_term_string}\"},\"query-input\":{\"@type\":\"PropertyValueSpecification\",\"valueRequired\":true,\"valueName\":\"search_term_string\"}}],\"inLanguage\":\"en-GB\"}]}<\/script>\n<!-- \/ Yoast SEO plugin. -->","yoast_head_json":{"title":"Daybed with drawer - Inmondo","robots":{"index":"index","follow":"follow","max-snippet":"max-snippet:-1","max-image-preview":"max-image-preview:large","max-video-preview":"max-video-preview:-1"},"canonical":"http:\/\/inmondo.pl\/en\/sklep\/elementy\/lozka\/lozko-daybed-z-szuflada\/","og_locale":"en_GB","og_type":"article","og_title":"\u0141\u00f3\u017cko daybed z szuflad\u0105 - Inmondo","og_description":"Ponadczasowe wzornictwo, kt\u00f3re pasuje do ka\u017cdego wystroju pokoju. Klasyczny skandynawski styl podkre\u015blony pe\u0142nymi frezowanymi panelami. Mebel ten idealnie \u0142\u0105czy funkcj\u0119 sofy w ci\u0105gu dnia oraz jedno osobowego \u0142\u00f3\u017cka noc\u0105. Szuflada pozwoli wykorzysta\u0107 w pe\u0142ni przestrze\u0144 pod meblem na przechowanie poduszek, ko\u0142der i kocyk\u00f3w, albo stworzy okazjonalnie dodatkowe miejsce do spania. \u0141\u00f3\u017cko zosta\u0142o polakierowanie przyjaznymi dla dziecka i \u015brodowiska lakierami wodnymi. Zawarte w nim drewno pochodzi z dobrze zarz\u0105dzanych las\u00f3w.  &nbsp;  &nbsp;","og_url":"http:\/\/inmondo.pl\/en\/sklep\/elementy\/lozka\/lozko-daybed-z-szuflada\/","og_site_name":"Inmondo","article_modified_time":"2026-03-10T12:12:35+00:00","og_image":[{"width":1920,"height":1080,"url":"http:\/\/inmondo.pl\/wp-content\/uploads\/2020\/07\/ko-daybad-z-szuflad\u0105-scaled-e1595516265662.jpg","type":"image\/jpeg"}],"twitter_card":"summary_large_image","twitter_misc":{"Estimated reading time":"2 minutes"},"schema":{"@context":"https:\/\/schema.org","@graph":[{"@type":"WebPage","@id":"http:\/\/inmondo.pl\/sklep\/elementy\/lozka\/lozko-daybed-z-szuflada\/","url":"http:\/\/inmondo.pl\/sklep\/elementy\/lozka\/lozko-daybed-z-szuflada\/","name":"Daybed with drawer - Inmondo","isPartOf":{"@id":"https:\/\/inmondo.pl\/#website"},"primaryImageOfPage":{"@id":"http:\/\/inmondo.pl\/sklep\/elementy\/lozka\/lozko-daybed-z-szuflada\/#primaryimage"},"image":{"@id":"http:\/\/inmondo.pl\/sklep\/elementy\/lozka\/lozko-daybed-z-szuflada\/#primaryimage"},"thumbnailUrl":"https:\/\/inmondo.pl\/wp-content\/uploads\/2020\/07\/ko-daybad-z-szuflad\u0105-scaled-e1595516265662.jpg","datePublished":"2020-07-01T13:23:38+00:00","dateModified":"2026-03-10T12:12:35+00:00","breadcrumb":{"@id":"http:\/\/inmondo.pl\/sklep\/elementy\/lozka\/lozko-daybed-z-szuflada\/#breadcrumb"},"inLanguage":"en-GB","potentialAction":[{"@type":"ReadAction","target":["http:\/\/inmondo.pl\/sklep\/elementy\/lozka\/lozko-daybed-z-szuflada\/"]}]},{"@type":"ImageObject","inLanguage":"en-GB","@id":"http:\/\/inmondo.pl\/sklep\/elementy\/lozka\/lozko-daybed-z-szuflada\/#primaryimage","url":"https:\/\/inmondo.pl\/wp-content\/uploads\/2020\/07\/ko-daybad-z-szuflad\u0105-scaled-e1595516265662.jpg","contentUrl":"https:\/\/inmondo.pl\/wp-content\/uploads\/2020\/07\/ko-daybad-z-szuflad\u0105-scaled-e1595516265662.jpg","width":1920,"height":1080,"caption":"bia\u0142e \u0142\u00f3\u017cko dzieci\u0119ce z szuflad\u0105"},{"@type":"BreadcrumbList","@id":"http:\/\/inmondo.pl\/sklep\/elementy\/lozka\/lozko-daybed-z-szuflada\/#breadcrumb","itemListElement":[{"@type":"ListItem","position":1,"name":"Strona g\u0142\u00f3wna","item":"https:\/\/inmondo.pl\/"},{"@type":"ListItem","position":2,"name":"Oferta Inmondo: spe\u0142niamy marzenia i wymagania","item":"https:\/\/inmondo.pl\/sklep\/"},{"@type":"ListItem","position":3,"name":"kolekcje","item":"https:\/\/inmondo.pl\/de\/sklep\/kolekcje\/"},{"@type":"ListItem","position":4,"name":"\u0141\u00f3\u017cko daybed z szuflad\u0105"}]},{"@type":"WebSite","@id":"https:\/\/inmondo.pl\/#website","url":"https:\/\/inmondo.pl\/","name":"Inmondo","description":"","potentialAction":[{"@type":"SearchAction","target":{"@type":"EntryPoint","urlTemplate":"https:\/\/inmondo.pl\/?s={search_term_string}"},"query-input":{"@type":"PropertyValueSpecification","valueRequired":true,"valueName":"search_term_string"}}],"inLanguage":"en-GB"}]}},"wcpa_form_fields":{"wcpaData":{"product":{"product_price":2140,"price_html":"<span class=\"woocommerce-Price-amount amount\">2 140&nbsp;<span class=\"woocommerce-Price-currencySymbol\">&#122;&#322;<\/span><\/span> <span aria-hidden=\"true\">&ndash;<\/span> <span class=\"woocommerce-Price-amount amount\">2 380&nbsp;<span class=\"woocommerce-Price-currencySymbol\">&#122;&#322;<\/span><\/span><span class=\"screen-reader-text\">Zakres cen: od 2 140&nbsp;&#122;&#322; do 2 380&nbsp;&#122;&#322;<\/span>","original_product_price":2140,"price_including_tax":2140,"price_excluding_tax":1739.8373980000001,"product_id":{"parent":1205,"variation":false},"is_variable":true,"stock_status":"onbackorder","stock_quantity":-4,"parent_sku":"1205","product_attributes":{"pa_kolor":{"is_variation":true,"values":[]},"pa_rodzaj-szuflady":{"is_variation":false,"values":["do-przechowywania","do-spania"]}},"custom_fields":[],"is_taxable":true},"fields":{"sec_5696e26211c03b":{"extra":{"key":"sec_5696e26211c03b","section_id":"sec_5696e26211c03b","name":"Default","status":1,"cl_rule":"show","enableCl":false,"relations":[],"toggle":true,"title_tag":"h3","show_title":false,"showPrice":"default","form_id":11971,"form_rules":{"exclude_from_discount":false,"fee_label":"Op\u0142ata","disp_hide_options_price":false,"disp_show_section_price":false,"disp_show_field_price":false,"layout_option":"standard","pric_use_as_fee":false,"process_fee_as":"woo_fee"},"layout_option":"standard"},"fields":[[{"label":"Barierka","active":true,"required":true,"elementId":"select-6690234399","dropdown_type":"basic","placeholder":"Wybierz","name":"select-6690234399","label_position":"default","desc_position":"default","enablePrice":true,"className":"","enableCl":true,"relations":[{"operator":false,"rules":[{"operator":"and","rules":{"cl_field":"attribute","cl_relation":"is_not","cl_val":"niebieski","cl_field_sub":"pa_kolor"}},{"operator":"AND","rules":{"cl_field":"attribute","cl_relation":"is_not","cl_val":"rozowy","cl_field_sub":"pa_kolor"}}]}],"requiredError":"Rodzaj szuflady jest polem wymaganym","values":[{"label":"bez barierki","value":"bez barierki","selected":false,"tempId":"aco_877","gt_translate_keys":["label"]},{"label":"z barierk\u0105","value":"z barierk\u0105","selected":false,"tempId":"aco_878","price":"250","gt_translate_keys":["label"]}],"priceOptions":"different_for_all","pricingType":"fixed","price":"","use_as_fee":false,"cl_rule":"show","col":2,"type":"select","error":false,"gt_translate_keys":["label","placeholder","requiredError"],"price_dependency":false,"cl_dependency":false,"value":""},{"label":"Rodzaj szuflady","active":true,"required":true,"elementId":"select-8316532101","dropdown_type":"basic","placeholder":"Wybierz","name":"select-8316532101","label_position":"default","desc_position":"default","enablePrice":true,"className":"","enableCl":true,"relations":[{"operator":false,"rules":[{"operator":"and","rules":{"cl_field":"attribute","cl_relation":"is_not","cl_val":"niebieski","cl_field_sub":"pa_kolor"}},{"operator":"AND","rules":{"cl_field":"attribute","cl_relation":"is_not","cl_val":"rozowy","cl_field_sub":"pa_kolor"}}]}],"requiredError":"Rodzaj szuflady jest polem wymaganym","values":[{"label":"funkcja spania","value":"funkcja spania","selected":false,"tempId":"aco_877","gt_translate_keys":["label"]},{"label":"funkcja przechowywania","value":"funkcja przechowywani","selected":false,"tempId":"aco_878","price":"80","gt_translate_keys":["label"]}],"priceOptions":"different_for_all","pricingType":"fixed","price":"","use_as_fee":false,"cl_rule":"show","col":2,"type":"select","error":false,"gt_translate_keys":["label","placeholder","requiredError"],"price_dependency":false,"cl_dependency":false,"value":""}],[{"label":"Barierka","active":true,"required":true,"elementId":"select_3696e26211c0b9","dropdown_type":"basic","placeholder":"Wybierz","name":"select_3696e26211c0b9","label_position":"default","desc_position":"default","enablePrice":true,"className":"","enableCl":true,"relations":[{"operator":false,"rules":[{"operator":"or","rules":{"cl_field":"attribute","cl_relation":"is","cl_val":"niebieski","cl_field_sub":"pa_kolor"}},{"operator":"AND","rules":{"cl_field":"attribute","cl_relation":"is","cl_val":"rozowy","cl_field_sub":"pa_kolor"}}]}],"values":[{"label":"bez barierki","value":"bez barierki","selected":false,"tempId":"aco_877","gt_translate_keys":["label"]},{"label":"z barierk\u0105","value":"z barierk\u0105","selected":false,"tempId":"aco_878","price":"280","gt_translate_keys":["label"]}],"priceOptions":"different_for_all","pricingType":"fixed","price":"","use_as_fee":false,"cl_rule":"show","col":2,"type":"select","error":false,"requiredError":"Rodzaj szuflady jest polem wymaganym","gt_translate_keys":["label","placeholder","requiredError"],"price_dependency":false,"cl_dependency":false,"value":""},{"label":"Rodzaj szuflady","active":true,"required":true,"elementId":"select-3165434711","dropdown_type":"basic","placeholder":"Wybierz","name":"select-3165434711","label_position":"default","desc_position":"default","enablePrice":true,"className":"","enableCl":true,"relations":[{"operator":false,"rules":[{"operator":"or","rules":{"cl_field":"attribute","cl_relation":"is","cl_val":"niebieski","cl_field_sub":"pa_kolor"}},{"operator":"AND","rules":{"cl_field":"attribute","cl_relation":"is","cl_val":"rozowy","cl_field_sub":"pa_kolor"}}]}],"requiredError":"Rodzaj szuflady jest polem wymaganym","values":[{"label":"funkcja spania","value":"funkcja spania","selected":false,"tempId":"aco_877","gt_translate_keys":["label"]},{"label":"funkcja przechowywania","value":"funkcja przechowywani","selected":false,"tempId":"aco_878","price":"80","gt_translate_keys":["label"]}],"priceOptions":"different_for_all","pricingType":"fixed","price":"","use_as_fee":false,"cl_rule":"show","col":2,"type":"select","error":false,"gt_translate_keys":["label","placeholder","requiredError"],"price_dependency":false,"cl_dependency":false,"value":""}]]}},"config":{"price_override":"","enable_recaptcha":false,"bind_quantity":false,"quantity_bind_formula":"","disp_summ_show_option_price":true,"disp_summ_show_product_price":true,"disp_summ_show_total_price":true,"disp_summ_show_fee":false,"disp_summ_show_discount":false,"summary_title":"","options_total_label":"Cena wariant\u00f3w","total_label":"\u0141\u0105cznie","options_product_label":"Cena produktu","fee_label":"Op\u0142ata","discount_label":"Obni\u017cka","has_price":true,"has_quantity_formula":false},"mc_unit":1,"tax_rate":1,"tax_rate_real":0.23,"discount":{"percentage":0,"fixed":0},"design":{"conf":{"LabelPosition":"above","DescPosition":"above","UploadField":"custom_1","QuantityFieldStyle":"default"},"css":{"LeftLabelWidth":"120px"}},"formulas":[],"clones":false,"cartKey":false}},"_links":{"self":[{"href":"https:\/\/inmondo.pl\/en\/wp-json\/wp\/v2\/product\/1205","targetHints":{"allow":["GET"]}}],"collection":[{"href":"https:\/\/inmondo.pl\/en\/wp-json\/wp\/v2\/product"}],"about":[{"href":"https:\/\/inmondo.pl\/en\/wp-json\/wp\/v2\/types\/product"}],"replies":[{"embeddable":true,"href":"https:\/\/inmondo.pl\/en\/wp-json\/wp\/v2\/comments?post=1205"}],"wp:featuredmedia":[{"embeddable":true,"href":"https:\/\/inmondo.pl\/en\/wp-json\/wp\/v2\/media\/1425"}],"wp:attachment":[{"href":"https:\/\/inmondo.pl\/en\/wp-json\/wp\/v2\/media?parent=1205"}],"wp:term":[{"taxonomy":"product_brand","embeddable":true,"href":"https:\/\/inmondo.pl\/en\/wp-json\/wp\/v2\/product_brand?post=1205"},{"taxonomy":"product_cat","embeddable":true,"href":"https:\/\/inmondo.pl\/en\/wp-json\/wp\/v2\/product_cat?post=1205"},{"taxonomy":"product_tag","embeddable":true,"href":"https:\/\/inmondo.pl\/en\/wp-json\/wp\/v2\/product_tag?post=1205"}],"curies":[{"name":"wp","href":"https:\/\/api.w.org\/{rel}","templated":true}]}}