{"id":1202,"date":"2020-07-01T15:20:54","date_gmt":"2020-07-01T13:20:54","guid":{"rendered":"http:\/\/inmondo.pl\/?post_type=product&#038;p=1202"},"modified":"2026-04-15T10:57:54","modified_gmt":"2026-04-15T08:57:54","slug":"komoda-4s-2","status":"publish","type":"product","link":"https:\/\/inmondo.pl\/en\/sklep\/elementy\/komody\/komoda-4s-2\/","title":{"rendered":"Chest of drawers 4S"},"content":{"rendered":"<p>The Collet chest of drawers is a beautiful and functional piece of furniture made of wood with special care during production, which guarantees a perfect and precise finish and a timeless look.<\/p>\n<p>It has four drawers that will accommodate a large amount of baby&#039;s things, helping to keep the room tidy, and two-sized drawers allow you to conveniently store various items.<\/p>","protected":false},"excerpt":{"rendered":"<p>The Collet chest of drawers is a beautiful and functional piece of furniture made of wood with special care during production, which guarantees a perfect and precise finish and a timeless look.<\/p>\n<p>It has four drawers that will accommodate a large amount of baby&#039;s things, helping to keep the room tidy, and two-sized drawers allow you to conveniently store various items.<\/p>\n<p>&nbsp;<\/p>\n<h6>Shipping from stock: 48h<\/h6>\n<h6>Lead time: 30-40 working days ( if product \" to order\")<\/h6>","protected":false},"featured_media":9148,"comment_status":"open","ping_status":"closed","template":"","meta":{"_acf_changed":true},"product_brand":[],"product_cat":[24,20,17,30,99],"product_tag":[],"class_list":{"0":"post-1202","1":"product","2":"type-product","3":"status-publish","4":"has-post-thumbnail","6":"product_cat-collet","7":"product_cat-elementy","8":"product_cat-kolekcje","9":"product_cat-komody","10":"product_cat-meble-dostepne","12":"first","13":"onbackorder","14":"sale","15":"taxable","16":"shipping-taxable","17":"purchasable","18":"product-type-variable","19":"has-default-attributes"},"acf":{"wymiary":"Szeroko\u015b\u0107: 84 cm<br \/>\r\nWysoko\u015b\u0107: 73 cm<br \/>\r\nG\u0142\u0119boko\u015b\u0107: 43 cm","materialy":"korpus i&nbsp;fronty: MDF, nogi: drewno sosnowe, lakiery wodne i&nbsp;wodne UV","sections_woocommerce":[{"acf_fc_layout":"section_menu","is_active":true,"repeater":[{"text":"Opis","link":"#opis"},{"text":"Lookbook","link":"#lookbook"},{"text":"Opinie","link":"#opinie"},{"text":"Inne produkty","link":"#inneprodukty"}]},{"acf_fc_layout":"section_woocommerce_text_image","is_active":true,"anchor":"opis","text_align":"textAlign--left","grid_width":"main","wysiwyg":"<h2>Collet Komoda 4S<\/h2>\n<p>Ponadczasowe, minimalistyczne, Skandynawskie wzornictwo, podkre\u015blone drewnianymi uchwytami. Komoda 4S Collet dzi\u0119ki czterem, pojemnym szufladom zapewni du\u017co przestrzeni na\u00a0odzie\u017c i wszystkie inne skarby twojego dziecka.<br \/>\nKomoda zosta\u0142a pomalowana przyjaznymi dla\u00a0\u015brodowiska lakierami wodnymi. Zawarte w\u00a0niej drewno pochodzi z\u00a0certyfikowanych, dobrze zarz\u0105dzanych las\u00f3w.<\/p>\n","image":"https:\/\/inmondo.pl\/wp-content\/uploads\/2020\/07\/2019_04_INMONDO_POK\u00d3J_DZIEWCZYNKI_6-13953-kwadrat-1920-e1595610686954.jpg"},{"acf_fc_layout":"section_woocommerce_lookbook","is_active":true,"anchor":"lookbook","header":"<h2 style=\"text-align: center;\">Zobacz galeri\u0119 Collet:<\/h2>\n<p style=\"text-align: center;\">Minimalistyczny lookbook prosto od naszych projektant\u00f3w. Ogl\u0105daj, inspiruj si\u0119, a\u00a0je\u015bli masz pomys\u0142y lub\u00a0pytania \u2014 od razu dzwo\u0144!<\/p>\n","repeater":[{"shortcode":"[woocommerce_lookbook id=\"1356\"]"},{"shortcode":"[woocommerce_lookbook id=\"1363\"]"},{"shortcode":"[woocommerce_lookbook id=\"1365\"]"},{"shortcode":"[woocommerce_lookbook id=\"1520\"]"},{"shortcode":"[woocommerce_lookbook id=\"1441\"]"}]},{"acf_fc_layout":"section_woocommerce_opinions","is_active":true,"anchor":"opinie"},{"acf_fc_layout":"section_woocommerce_otherFromCategory","is_active":true,"anchor":"inneprodukty"}],"czas_realizacji":""},"yoast_head":"<!-- This site is optimized with the Yoast SEO plugin v27.3 - https:\/\/yoast.com\/product\/yoast-seo-wordpress\/ -->\n<title>Komoda 4S - Inmondo<\/title>\n<meta name=\"robots\" content=\"index, follow, max-snippet:-1, max-image-preview:large, max-video-preview:-1\" \/>\n<link rel=\"canonical\" href=\"https:\/\/inmondo.pl\/en\/sklep\/elementy\/komody\/komoda-4s-2\/\" \/>\n<meta property=\"og:locale\" content=\"en_GB\" \/>\n<meta property=\"og:type\" content=\"article\" \/>\n<meta property=\"og:title\" content=\"Komoda 4S - Inmondo\" \/>\n<meta property=\"og:description\" content=\"Komoda Collet to pi\u0119kny i funkcjonalny mebel wykonany z drewna z zachowaniem szczeg\u00f3lnej staranno\u015bci w czasie produkcji, co gwarantuje idealne i precyzyjne wyko\u0144czenie i ponadczasowy wygl\u0105d.  Posiada cztery szuflady, kt\u00f3re pomieszcz\u0105 du\u017c\u0105 ilo\u015b\u0107 rzeczy dziecka, pomagaj\u0105c w utrzymaniu porz\u0105dku w pokoju, a dwie wielko\u015bci szuflad pozwalaj\u0105 na wygodne przechowywanie r\u00f3\u017cnych przedmiot\u00f3w.  &nbsp; Wysy\u0142ka z magazynu: 48h Czas realizacji: 30-40 dni roboczych ( je\u017celi produkt &quot; na zam\u00f3wienie&quot;)\" \/>\n<meta property=\"og:url\" content=\"https:\/\/inmondo.pl\/en\/sklep\/elementy\/komody\/komoda-4s-2\/\" \/>\n<meta property=\"og:site_name\" content=\"Inmondo\" \/>\n<meta property=\"article:modified_time\" content=\"2026-04-15T08:57:54+00:00\" \/>\n<meta property=\"og:image\" content=\"https:\/\/inmondo.pl\/wp-content\/uploads\/2024\/11\/komoda_4s.jpg\" \/>\n\t<meta property=\"og:image:width\" content=\"960\" \/>\n\t<meta property=\"og:image:height\" content=\"960\" \/>\n\t<meta property=\"og:image:type\" content=\"image\/jpeg\" \/>\n<meta name=\"twitter:card\" content=\"summary_large_image\" \/>\n<meta name=\"twitter:label1\" content=\"Estimated reading time\" \/>\n\t<meta name=\"twitter:data1\" content=\"2 minutes\" \/>\n<script type=\"application\/ld+json\" class=\"yoast-schema-graph\">{\"@context\":\"https:\\\/\\\/schema.org\",\"@graph\":[{\"@type\":\"WebPage\",\"@id\":\"https:\\\/\\\/inmondo.pl\\\/en\\\/sklep\\\/elementy\\\/komody\\\/komoda-4s-2\\\/\",\"url\":\"https:\\\/\\\/inmondo.pl\\\/en\\\/sklep\\\/elementy\\\/komody\\\/komoda-4s-2\\\/\",\"name\":\"Komoda 4S - Inmondo\",\"isPartOf\":{\"@id\":\"https:\\\/\\\/inmondo.pl\\\/#website\"},\"primaryImageOfPage\":{\"@id\":\"https:\\\/\\\/inmondo.pl\\\/en\\\/sklep\\\/elementy\\\/komody\\\/komoda-4s-2\\\/#primaryimage\"},\"image\":{\"@id\":\"https:\\\/\\\/inmondo.pl\\\/en\\\/sklep\\\/elementy\\\/komody\\\/komoda-4s-2\\\/#primaryimage\"},\"thumbnailUrl\":\"https:\\\/\\\/inmondo.pl\\\/wp-content\\\/uploads\\\/2024\\\/11\\\/komoda_4s.jpg\",\"datePublished\":\"2020-07-01T13:20:54+00:00\",\"dateModified\":\"2026-04-15T08:57:54+00:00\",\"breadcrumb\":{\"@id\":\"https:\\\/\\\/inmondo.pl\\\/en\\\/sklep\\\/elementy\\\/komody\\\/komoda-4s-2\\\/#breadcrumb\"},\"inLanguage\":\"en-GB\",\"potentialAction\":[{\"@type\":\"ReadAction\",\"target\":[\"https:\\\/\\\/inmondo.pl\\\/en\\\/sklep\\\/elementy\\\/komody\\\/komoda-4s-2\\\/\"]}]},{\"@type\":\"ImageObject\",\"inLanguage\":\"en-GB\",\"@id\":\"https:\\\/\\\/inmondo.pl\\\/en\\\/sklep\\\/elementy\\\/komody\\\/komoda-4s-2\\\/#primaryimage\",\"url\":\"https:\\\/\\\/inmondo.pl\\\/wp-content\\\/uploads\\\/2024\\\/11\\\/komoda_4s.jpg\",\"contentUrl\":\"https:\\\/\\\/inmondo.pl\\\/wp-content\\\/uploads\\\/2024\\\/11\\\/komoda_4s.jpg\",\"width\":960,\"height\":960,\"caption\":\"kaszmirowa komoda do pokoju dziecka\"},{\"@type\":\"BreadcrumbList\",\"@id\":\"https:\\\/\\\/inmondo.pl\\\/en\\\/sklep\\\/elementy\\\/komody\\\/komoda-4s-2\\\/#breadcrumb\",\"itemListElement\":[{\"@type\":\"ListItem\",\"position\":1,\"name\":\"Strona g\u0142\u00f3wna\",\"item\":\"https:\\\/\\\/inmondo.pl\\\/\"},{\"@type\":\"ListItem\",\"position\":2,\"name\":\"Oferta Inmondo: spe\u0142niamy marzenia i wymagania\",\"item\":\"https:\\\/\\\/inmondo.pl\\\/sklep\\\/\"},{\"@type\":\"ListItem\",\"position\":3,\"name\":\"kolekcje\",\"item\":\"https:\\\/\\\/inmondo.pl\\\/de\\\/sklep\\\/kolekcje\\\/\"},{\"@type\":\"ListItem\",\"position\":4,\"name\":\"Komoda 4S\"}]},{\"@type\":\"WebSite\",\"@id\":\"https:\\\/\\\/inmondo.pl\\\/#website\",\"url\":\"https:\\\/\\\/inmondo.pl\\\/\",\"name\":\"Inmondo\",\"description\":\"\",\"potentialAction\":[{\"@type\":\"SearchAction\",\"target\":{\"@type\":\"EntryPoint\",\"urlTemplate\":\"https:\\\/\\\/inmondo.pl\\\/?s={search_term_string}\"},\"query-input\":{\"@type\":\"PropertyValueSpecification\",\"valueRequired\":true,\"valueName\":\"search_term_string\"}}],\"inLanguage\":\"en-GB\"}]}<\/script>\n<!-- \/ Yoast SEO plugin. -->","yoast_head_json":{"title":"Chest of drawers 4S - Inmondo","robots":{"index":"index","follow":"follow","max-snippet":"max-snippet:-1","max-image-preview":"max-image-preview:large","max-video-preview":"max-video-preview:-1"},"canonical":"https:\/\/inmondo.pl\/en\/sklep\/elementy\/komody\/komoda-4s-2\/","og_locale":"en_GB","og_type":"article","og_title":"Komoda 4S - Inmondo","og_description":"Komoda Collet to pi\u0119kny i funkcjonalny mebel wykonany z drewna z zachowaniem szczeg\u00f3lnej staranno\u015bci w czasie produkcji, co gwarantuje idealne i precyzyjne wyko\u0144czenie i ponadczasowy wygl\u0105d.  Posiada cztery szuflady, kt\u00f3re pomieszcz\u0105 du\u017c\u0105 ilo\u015b\u0107 rzeczy dziecka, pomagaj\u0105c w utrzymaniu porz\u0105dku w pokoju, a dwie wielko\u015bci szuflad pozwalaj\u0105 na wygodne przechowywanie r\u00f3\u017cnych przedmiot\u00f3w.  &nbsp; Wysy\u0142ka z magazynu: 48h Czas realizacji: 30-40 dni roboczych ( je\u017celi produkt \" na zam\u00f3wienie\")","og_url":"https:\/\/inmondo.pl\/en\/sklep\/elementy\/komody\/komoda-4s-2\/","og_site_name":"Inmondo","article_modified_time":"2026-04-15T08:57:54+00:00","og_image":[{"width":960,"height":960,"url":"https:\/\/inmondo.pl\/wp-content\/uploads\/2024\/11\/komoda_4s.jpg","type":"image\/jpeg"}],"twitter_card":"summary_large_image","twitter_misc":{"Estimated reading time":"2 minutes"},"schema":{"@context":"https:\/\/schema.org","@graph":[{"@type":"WebPage","@id":"https:\/\/inmondo.pl\/en\/sklep\/elementy\/komody\/komoda-4s-2\/","url":"https:\/\/inmondo.pl\/en\/sklep\/elementy\/komody\/komoda-4s-2\/","name":"Chest of drawers 4S - Inmondo","isPartOf":{"@id":"https:\/\/inmondo.pl\/#website"},"primaryImageOfPage":{"@id":"https:\/\/inmondo.pl\/en\/sklep\/elementy\/komody\/komoda-4s-2\/#primaryimage"},"image":{"@id":"https:\/\/inmondo.pl\/en\/sklep\/elementy\/komody\/komoda-4s-2\/#primaryimage"},"thumbnailUrl":"https:\/\/inmondo.pl\/wp-content\/uploads\/2024\/11\/komoda_4s.jpg","datePublished":"2020-07-01T13:20:54+00:00","dateModified":"2026-04-15T08:57:54+00:00","breadcrumb":{"@id":"https:\/\/inmondo.pl\/en\/sklep\/elementy\/komody\/komoda-4s-2\/#breadcrumb"},"inLanguage":"en-GB","potentialAction":[{"@type":"ReadAction","target":["https:\/\/inmondo.pl\/en\/sklep\/elementy\/komody\/komoda-4s-2\/"]}]},{"@type":"ImageObject","inLanguage":"en-GB","@id":"https:\/\/inmondo.pl\/en\/sklep\/elementy\/komody\/komoda-4s-2\/#primaryimage","url":"https:\/\/inmondo.pl\/wp-content\/uploads\/2024\/11\/komoda_4s.jpg","contentUrl":"https:\/\/inmondo.pl\/wp-content\/uploads\/2024\/11\/komoda_4s.jpg","width":960,"height":960,"caption":"kaszmirowa komoda do pokoju dziecka"},{"@type":"BreadcrumbList","@id":"https:\/\/inmondo.pl\/en\/sklep\/elementy\/komody\/komoda-4s-2\/#breadcrumb","itemListElement":[{"@type":"ListItem","position":1,"name":"Strona g\u0142\u00f3wna","item":"https:\/\/inmondo.pl\/"},{"@type":"ListItem","position":2,"name":"Oferta Inmondo: spe\u0142niamy marzenia i wymagania","item":"https:\/\/inmondo.pl\/sklep\/"},{"@type":"ListItem","position":3,"name":"kolekcje","item":"https:\/\/inmondo.pl\/de\/sklep\/kolekcje\/"},{"@type":"ListItem","position":4,"name":"Komoda 4S"}]},{"@type":"WebSite","@id":"https:\/\/inmondo.pl\/#website","url":"https:\/\/inmondo.pl\/","name":"Inmondo","description":"","potentialAction":[{"@type":"SearchAction","target":{"@type":"EntryPoint","urlTemplate":"https:\/\/inmondo.pl\/?s={search_term_string}"},"query-input":{"@type":"PropertyValueSpecification","valueRequired":true,"valueName":"search_term_string"}}],"inLanguage":"en-GB"}]}},"wcpa_form_fields":null,"_links":{"self":[{"href":"https:\/\/inmondo.pl\/en\/wp-json\/wp\/v2\/product\/1202","targetHints":{"allow":["GET"]}}],"collection":[{"href":"https:\/\/inmondo.pl\/en\/wp-json\/wp\/v2\/product"}],"about":[{"href":"https:\/\/inmondo.pl\/en\/wp-json\/wp\/v2\/types\/product"}],"replies":[{"embeddable":true,"href":"https:\/\/inmondo.pl\/en\/wp-json\/wp\/v2\/comments?post=1202"}],"wp:featuredmedia":[{"embeddable":true,"href":"https:\/\/inmondo.pl\/en\/wp-json\/wp\/v2\/media\/9148"}],"wp:attachment":[{"href":"https:\/\/inmondo.pl\/en\/wp-json\/wp\/v2\/media?parent=1202"}],"wp:term":[{"taxonomy":"product_brand","embeddable":true,"href":"https:\/\/inmondo.pl\/en\/wp-json\/wp\/v2\/product_brand?post=1202"},{"taxonomy":"product_cat","embeddable":true,"href":"https:\/\/inmondo.pl\/en\/wp-json\/wp\/v2\/product_cat?post=1202"},{"taxonomy":"product_tag","embeddable":true,"href":"https:\/\/inmondo.pl\/en\/wp-json\/wp\/v2\/product_tag?post=1202"}],"curies":[{"name":"wp","href":"https:\/\/api.w.org\/{rel}","templated":true}]}}