{"id":11366,"date":"2025-11-12T15:54:24","date_gmt":"2025-11-12T14:54:24","guid":{"rendered":"https:\/\/inmondo.pl\/?post_type=product&#038;p=11366"},"modified":"2026-04-13T07:37:32","modified_gmt":"2026-04-13T05:37:32","slug":"carmela-lozko-podwojne","status":"publish","type":"product","link":"https:\/\/inmondo.pl\/en\/sklep\/elementy\/lozka\/carmela-lozko-podwojne\/","title":{"rendered":"Carmela bed 120\u00d7200 cm - 100% wood"},"content":{"rendered":"","protected":false},"excerpt":{"rendered":"<p style=\"font-weight: 400;\">For those who appreciate style and quality, the Carmela double bed is a novelty that combines both.<\/p>\n<p style=\"font-weight: 400;\">Customers have loved the single bed version, but here the added advantage is the comfort offered by the larger bed size.<\/p>\n<p style=\"font-weight: 400;\">Natural wood, subtle details and a light form make this bed look beautiful in any interior - from a child's room to a teenager's room.<\/p>\n<p style=\"font-weight: 400;\">It is a piece of furniture that will last for years - robust and simply well thought out.<br \/>\nIf you're looking for a bed that not only delights, but also really serves, Carmela is a great choice.<\/p>\n<p data-start=\"1154\" data-end=\"1575\">Match a chest of drawers, a bookcase or a desk from the collection <a href=\"https:\/\/inmondo.pl\/en\/sklep\/kolekcje\/collet\/\"><strong>Collet<\/strong><\/a>so that together they create a coherent, functional and charming arrangement - easy to maintain and delightful every day.<\/p>\n<p data-start=\"1154\" data-end=\"1575\">Also choose a matching mattress model for your children - <a href=\"https:\/\/inmondo.pl\/en\/sklep\/elementy\/materac-resto-120\/\">RESTO 120<\/a><\/p>","protected":false},"featured_media":11361,"comment_status":"closed","ping_status":"closed","template":"","meta":{"_acf_changed":true},"product_brand":[],"product_cat":[200,21,99],"product_tag":[],"class_list":{"0":"post-11366","1":"product","2":"type-product","3":"status-publish","4":"has-post-thumbnail","6":"product_cat-carmela","7":"product_cat-lozka","8":"product_cat-meble-dostepne","9":"wcpa_has_options","11":"first","12":"instock","13":"taxable","14":"shipping-taxable","15":"purchasable","16":"product-type-variable","17":"has-default-attributes"},"acf":{"wymiary":"D\u0142ugo\u015b\u0107: 211,4 cm<br \/>\r\nSzeroko\u015b\u0107: 126,4 cm<br \/>\r\nWysoko\u015b\u0107: 90 cm","materialy":"100% Drewno sosnowe","czas_realizacji":"","sections_woocommerce":[{"acf_fc_layout":"section_menu","is_active":true,"repeater":[{"text":"Opis","link":"#opis"},{"text":"Lookbook","link":"#lookbook"},{"text":"Opinie","link":"#opinie"},{"text":"Inne z kolekcji","link":"#inne"}]},{"acf_fc_layout":"section_woocommerce_text_image","is_active":true,"anchor":"opis","text_align":"textAlign--left","grid_width":"main","wysiwyg":"<p><strong>\u0141\u00f3\u017cko podw\u00f3jne Carmela 120&#215;200<\/strong> to esencja stylu Cottage i Vintage \u2013 lekkie, klasyczne linie i ciep\u0142a, naturalna kolorystyka sprawiaj\u0105, \u017ce doskonale wkomponuje si\u0119 w przytulne wn\u0119trza.<\/p>\n<p>Wykonane z solidnego drewna, stanowi trwa\u0142y i estetyczny element wyposa\u017cenia pokoju dziecka.<\/p>\n<p>Dzi\u0119ki uniwersalnemu designowi \u015bwietnie sprawdzi si\u0119 w pokoju ch\u0142opca i dziewczynki \u2013 od przedszkolaka po dziecko w wieku nastoletnim.<\/p>\n","image":"https:\/\/inmondo.pl\/wp-content\/uploads\/2025\/11\/T0A4430.jpeg"},{"acf_fc_layout":"section_woocommerce_text_image","is_active":true,"anchor":"opis","text_align":"textAlign--right","grid_width":"main","wysiwyg":"<h4 data-start=\"3230\" data-end=\"3269\">Funkcjonalno\u015b\u0107 i bezpiecze\u0144stwo<\/h4>\n<p data-start=\"3271\" data-end=\"3669\"><strong>\u0141\u00f3\u017cko podw\u00f3jne Carmela<\/strong> to nie tylko estetyka, ale i bezpiecze\u0144stwo \u2013 jego konstrukcja zapewnia stabilno\u015b\u0107, a zaokr\u0105glone kraw\u0119dzie dbaj\u0105 o komfort u\u017cytkowania na co dzie\u0144.<\/p>\n<p data-start=\"3271\" data-end=\"3669\">\u0141\u00f3\u017cko spe\u0142nia wymagania nowoczesnych rodzic\u00f3w szukaj\u0105cych bezpiecznych i pi\u0119knych rozwi\u0105za\u0144 dla swoich dzieci.<\/p>\n<p data-start=\"3271\" data-end=\"3669\">Jest przystosowane do materaca o wymiarach <strong>120&#215;200 cm<\/strong> \u2013 powi\u0119kszony rozmiar, kt\u00f3ry zapewnia dodatkowy komfort i bezpiecze\u0144stwo oraz jest przystosowany do spania waszych pociech we dw\u00f3jk\u0119!<\/p>\n<p>\u0141\u00f3\u017cka lakierujemy farbami wodnymi, bezzapachowymi, ekologicznymi. Farby wodne s\u0105 hipoalergiczna i bezpieczna dla dzieci.<\/p>\n","image":"https:\/\/inmondo.pl\/wp-content\/uploads\/2025\/11\/T0A3810.jpeg"},{"acf_fc_layout":"section_woocommerce_text_image","is_active":true,"anchor":"opis","text_align":"textAlign--left","grid_width":"main","wysiwyg":"<p data-start=\"221\" data-end=\"776\">Ka\u017cdy detal \u0142\u00f3\u017cka zosta\u0142 zaprojektowany z pasj\u0105 i precyzj\u0105, aby stworzy\u0107 co\u015b naprawd\u0119 wyj\u0105tkowego.<\/p>\n<p data-start=\"221\" data-end=\"776\">Pi\u0119knie podci\u0119te nogi \u0142\u00f3\u017cka nadaj\u0105 ca\u0142ej konstrukcji lekko\u015bci i elegancji, a delikatnie zaokr\u0105glone szczeblinki dodaj\u0105 mu przytulnego charakteru.<\/p>\n<p data-start=\"221\" data-end=\"776\">Szuflada idealnie wpasowana pod \u0142\u00f3\u017cko to nie tylko praktyczne rozwi\u0105zanie, ale te\u017c efekt perfekcyjnego dopasowania, gwarantowany efekt \u201ewow\u201d za ka\u017cdym razem.<\/p>\n","image":"https:\/\/inmondo.pl\/wp-content\/uploads\/2025\/11\/T0A3600.jpeg"},{"acf_fc_layout":"section_woocommerce_text_image","is_active":true,"anchor":"opis","text_align":"textAlign--right","grid_width":"main","wysiwyg":"<p><strong>\u0141\u00f3\u017cko podw\u00f3jne Carmela<\/strong>\u00a0mo\u017cesz \u0142atwo rozbudowa\u0107, tworz\u0105c wyj\u0105tkowy zestaw dzi\u0119ki dw\u00f3m elementom:<a href=\"https:\/\/inmondo.pl\/sklep\/kolekcje\/oferta-uzupelniajaca\/barierka-do-lozka-carmela\/\">\u00a0<strong data-start=\"403\" data-end=\"432\">barierce zabezpieczaj\u0105cej<\/strong><\/a>\u00a0oraz\u00a0<a href=\"https:\/\/inmondo.pl\/sklep\/kolekcje\/oferta-uzupelniajaca\/szuflada-do-lozka-carmela\/\"><strong data-start=\"438\" data-end=\"478\">pojemnej szufladzie z funkcj\u0105 spania \/ przechowywania<\/strong>.<\/a><\/p>\n<p>Barierka to doskona\u0142e wsparcie do nauki samodzielnego spania. Rodzice dzi\u0119ki temu zyskuj\u0105 pewno\u015b\u0107, \u017ce sen dziecka b\u0119dzie bezpieczny.<\/p>\n<p>Szuflada natomiast to prawdziwe 2w1: w zale\u017cno\u015bci od potrzeb mo\u017ce pe\u0142ni\u0107 rol\u0119 g\u0142\u0119bokiego schowka na po\u015bciel, zabawki lub sezonowe ubrania albo zosta\u0107 wyposa\u017cona w materac i zamieni\u0107 si\u0119 w dodatkowe miejsce do spania.<\/p>\n<p>Decyduj\u0105c si\u0119 na szuflad\u0119 90&#215;200 nie nale\u017cy montowa\u0107 \u015brodkowej (pi\u0105tej nogi), kt\u00f3ra jest cz\u0119\u015bci\u0105 tego \u0142\u00f3\u017cka. Szuflada ta przede wszystkim jest przeznaczona do \u0142\u00f3\u017cek 90&#215;200, ale r\u00f3wnie\u017c spe\u0142ni swoj\u0105 funkcj\u0119 przy \u0142\u00f3\u017cku 120&#215;200. Szuflada o wymiarze 90&#215;200 w kolekcji Carmela ma w sobie jednocze\u015bnie funkcj\u0119 przechowywania, jak r\u00f3wnie\u017c dodatkowej powierzchni do spania. Czego nie osi\u0105gn\u0119liby\u015bmy przy szufladzie dedykowanej do \u0142\u00f3\u017cka 120&#215;200, poniewa\u017c ze wzgl\u0119du na \u015brodkow\u0105 nog\u0119 mog\u0142aby s\u0142u\u017cy\u0107 tylko do przechowywania. Poniewa\u017c nasi klienci doceni\u0105 rozwi\u0105zanie 2 w 1, kt\u00f3re daje szuflada Cermela 90&#215;200, z tego te\u017c wzgl\u0119du zadecydowali\u015bmy, \u017ce nie b\u0119dziemy wprowadza\u0107 dodatkowej szuflady, dedykowanej do \u0142\u00f3\u017cka 120&#215;200.<br \/>\nJednocze\u015bnie uspokajamy, bez dodatkowej pi\u0105tej nogi to \u0142\u00f3\u017cko jest dalej r\u00f3wnie bezpiecznie jak z nog\u0105 i dziecko mo\u017ce z niego korzysta\u0107 bez najmniejszej obawy rodzic\u00f3w. <\/p>\n<p>&nbsp;<\/p>\n","image":"https:\/\/inmondo.pl\/wp-content\/uploads\/2025\/11\/T0A3766.jpg"},{"acf_fc_layout":"section_woocommerce_text_image","is_active":true,"anchor":"opis","text_align":"textAlign--left","grid_width":"main","wysiwyg":"<p data-start=\"1297\" data-end=\"1821\">\u0141\u00f3\u017cko podw\u00f3jne Carmela to tylko pierwszy krok do stworzenia sp\u00f3jnej, wyj\u0105tkowej przestrzeni dla Twojego dziecka.<\/p>\n<p data-start=\"1297\" data-end=\"1821\">Kolekcja Collet oferuje szeroki wyb\u00f3r mebli i dodatk\u00f3w utrzymanych w tym samym klimacie boho i vintage, kt\u00f3re idealnie dope\u0142ni\u0105 aran\u017cacj\u0119 pokoju.<\/p>\n<p data-start=\"1297\" data-end=\"1821\">Po\u0142\u0105cz \u0142\u00f3\u017cko z komod\u0105, biurkiem czy p\u00f3\u0142kami z tej serii, aby stworzy\u0107 harmonijn\u0105, funkcjonaln\u0105 i pe\u0142n\u0105 uroku przestrze\u0144, w kt\u00f3rej Twoje dziecko b\u0119dzie si\u0119 czu\u0107 wyj\u0105tkowo ka\u017cdego dnia.<\/p>\n","image":"https:\/\/inmondo.pl\/wp-content\/uploads\/2025\/11\/T0A3668.jpeg"},{"acf_fc_layout":"section_woocommerce_lookbook","is_active":true,"anchor":"lookbook","header":"<h2 style=\"text-align: center;\">Inspiracje<\/h2>\n","repeater":[{"shortcode":"[woocommerce_lookbook id=\"10330\"]"},{"shortcode":"[woocommerce_lookbook id=\"10334\"]"}]},{"acf_fc_layout":"section_woocommerce_opinions","is_active":true,"anchor":"opinie"},{"acf_fc_layout":"section_woocommerce_otherFromCategory","is_active":true,"anchor":"inne"}]},"yoast_head":"<!-- This site is optimized with the Yoast SEO plugin v27.3 - https:\/\/yoast.com\/product\/yoast-seo-wordpress\/ -->\n<title>\u0141\u00f3\u017cko Carmela 120x200 cm - 100% drewno - Inmondo<\/title>\n<meta name=\"description\" content=\"Najnowsza, rozszerzona wersja naszego bestsellera z kolekcji Carmela. Dzi\u0119ki niemu twoje dziecko poczuje maksymalny komfort podczas snu.\" \/>\n<meta name=\"robots\" content=\"index, follow, max-snippet:-1, max-image-preview:large, max-video-preview:-1\" \/>\n<link rel=\"canonical\" href=\"https:\/\/inmondo.pl\/en\/sklep\/elementy\/lozka\/carmela-lozko-podwojne\/\" \/>\n<meta property=\"og:locale\" content=\"en_GB\" \/>\n<meta property=\"og:type\" content=\"article\" \/>\n<meta property=\"og:title\" content=\"\u0141\u00f3\u017cko Carmela 120x200 cm - 100% drewno - Inmondo\" \/>\n<meta property=\"og:description\" content=\"Najnowsza, rozszerzona wersja naszego bestsellera z kolekcji Carmela. Dzi\u0119ki niemu twoje dziecko poczuje maksymalny komfort podczas snu.\" \/>\n<meta property=\"og:url\" content=\"https:\/\/inmondo.pl\/en\/sklep\/elementy\/lozka\/carmela-lozko-podwojne\/\" \/>\n<meta property=\"og:site_name\" content=\"Inmondo\" \/>\n<meta property=\"article:modified_time\" content=\"2026-04-13T05:37:32+00:00\" \/>\n<meta property=\"og:image\" content=\"http:\/\/inmondo.pl\/wp-content\/uploads\/2025\/11\/Carmela-120x200-cm-kaszmir.jpg\" \/>\n\t<meta property=\"og:image:width\" content=\"1080\" \/>\n\t<meta property=\"og:image:height\" content=\"1350\" \/>\n\t<meta property=\"og:image:type\" content=\"image\/jpeg\" \/>\n<meta name=\"twitter:card\" content=\"summary_large_image\" \/>\n<meta name=\"twitter:label1\" content=\"Estimated reading time\" \/>\n\t<meta name=\"twitter:data1\" content=\"5 minutes\" \/>\n<script type=\"application\/ld+json\" class=\"yoast-schema-graph\">{\"@context\":\"https:\\\/\\\/schema.org\",\"@graph\":[{\"@type\":\"WebPage\",\"@id\":\"https:\\\/\\\/inmondo.pl\\\/sklep\\\/elementy\\\/lozka\\\/carmela-lozko-podwojne\\\/\",\"url\":\"https:\\\/\\\/inmondo.pl\\\/sklep\\\/elementy\\\/lozka\\\/carmela-lozko-podwojne\\\/\",\"name\":\"\u0141\u00f3\u017cko Carmela 120x200 cm - 100% drewno - Inmondo\",\"isPartOf\":{\"@id\":\"https:\\\/\\\/inmondo.pl\\\/#website\"},\"primaryImageOfPage\":{\"@id\":\"https:\\\/\\\/inmondo.pl\\\/sklep\\\/elementy\\\/lozka\\\/carmela-lozko-podwojne\\\/#primaryimage\"},\"image\":{\"@id\":\"https:\\\/\\\/inmondo.pl\\\/sklep\\\/elementy\\\/lozka\\\/carmela-lozko-podwojne\\\/#primaryimage\"},\"thumbnailUrl\":\"https:\\\/\\\/inmondo.pl\\\/wp-content\\\/uploads\\\/2025\\\/11\\\/Carmela-120x200-cm-kaszmir.jpg\",\"datePublished\":\"2025-11-12T14:54:24+00:00\",\"dateModified\":\"2026-04-13T05:37:32+00:00\",\"description\":\"Najnowsza, rozszerzona wersja naszego bestsellera z kolekcji Carmela. Dzi\u0119ki niemu twoje dziecko poczuje maksymalny komfort podczas snu.\",\"breadcrumb\":{\"@id\":\"https:\\\/\\\/inmondo.pl\\\/sklep\\\/elementy\\\/lozka\\\/carmela-lozko-podwojne\\\/#breadcrumb\"},\"inLanguage\":\"en-GB\",\"potentialAction\":[{\"@type\":\"ReadAction\",\"target\":[\"https:\\\/\\\/inmondo.pl\\\/sklep\\\/elementy\\\/lozka\\\/carmela-lozko-podwojne\\\/\"]}]},{\"@type\":\"ImageObject\",\"inLanguage\":\"en-GB\",\"@id\":\"https:\\\/\\\/inmondo.pl\\\/sklep\\\/elementy\\\/lozka\\\/carmela-lozko-podwojne\\\/#primaryimage\",\"url\":\"https:\\\/\\\/inmondo.pl\\\/wp-content\\\/uploads\\\/2025\\\/11\\\/Carmela-120x200-cm-kaszmir.jpg\",\"contentUrl\":\"https:\\\/\\\/inmondo.pl\\\/wp-content\\\/uploads\\\/2025\\\/11\\\/Carmela-120x200-cm-kaszmir.jpg\",\"width\":1080,\"height\":1350},{\"@type\":\"BreadcrumbList\",\"@id\":\"https:\\\/\\\/inmondo.pl\\\/sklep\\\/elementy\\\/lozka\\\/carmela-lozko-podwojne\\\/#breadcrumb\",\"itemListElement\":[{\"@type\":\"ListItem\",\"position\":1,\"name\":\"Strona g\u0142\u00f3wna\",\"item\":\"https:\\\/\\\/inmondo.pl\\\/\"},{\"@type\":\"ListItem\",\"position\":2,\"name\":\"Oferta Inmondo: spe\u0142niamy marzenia i wymagania\",\"item\":\"https:\\\/\\\/inmondo.pl\\\/sklep\\\/\"},{\"@type\":\"ListItem\",\"position\":3,\"name\":\"kolekcje\",\"item\":\"https:\\\/\\\/inmondo.pl\\\/de\\\/sklep\\\/kolekcje\\\/\"},{\"@type\":\"ListItem\",\"position\":4,\"name\":\"Carmela\",\"item\":\"https:\\\/\\\/inmondo.pl\\\/sklep\\\/kolekcje\\\/carmela\\\/\"},{\"@type\":\"ListItem\",\"position\":5,\"name\":\"\u0141\u00f3\u017cko Carmela 120&#215;200 cm &#8211; 100% drewno\"}]},{\"@type\":\"WebSite\",\"@id\":\"https:\\\/\\\/inmondo.pl\\\/#website\",\"url\":\"https:\\\/\\\/inmondo.pl\\\/\",\"name\":\"Inmondo\",\"description\":\"\",\"potentialAction\":[{\"@type\":\"SearchAction\",\"target\":{\"@type\":\"EntryPoint\",\"urlTemplate\":\"https:\\\/\\\/inmondo.pl\\\/?s={search_term_string}\"},\"query-input\":{\"@type\":\"PropertyValueSpecification\",\"valueRequired\":true,\"valueName\":\"search_term_string\"}}],\"inLanguage\":\"en-GB\"}]}<\/script>\n<!-- \/ Yoast SEO plugin. -->","yoast_head_json":{"title":"Carmela bed 120x200 cm - 100% wood - Inmondo","description":"The latest extended version of our bestseller from the Carmela collection. It will make your baby feel maximum comfort while sleeping.","robots":{"index":"index","follow":"follow","max-snippet":"max-snippet:-1","max-image-preview":"max-image-preview:large","max-video-preview":"max-video-preview:-1"},"canonical":"https:\/\/inmondo.pl\/en\/sklep\/elementy\/lozka\/carmela-lozko-podwojne\/","og_locale":"en_GB","og_type":"article","og_title":"\u0141\u00f3\u017cko Carmela 120x200 cm - 100% drewno - Inmondo","og_description":"Najnowsza, rozszerzona wersja naszego bestsellera z kolekcji Carmela. Dzi\u0119ki niemu twoje dziecko poczuje maksymalny komfort podczas snu.","og_url":"https:\/\/inmondo.pl\/en\/sklep\/elementy\/lozka\/carmela-lozko-podwojne\/","og_site_name":"Inmondo","article_modified_time":"2026-04-13T05:37:32+00:00","og_image":[{"width":1080,"height":1350,"url":"http:\/\/inmondo.pl\/wp-content\/uploads\/2025\/11\/Carmela-120x200-cm-kaszmir.jpg","type":"image\/jpeg"}],"twitter_card":"summary_large_image","twitter_misc":{"Estimated reading time":"5 minutes"},"schema":{"@context":"https:\/\/schema.org","@graph":[{"@type":"WebPage","@id":"https:\/\/inmondo.pl\/sklep\/elementy\/lozka\/carmela-lozko-podwojne\/","url":"https:\/\/inmondo.pl\/sklep\/elementy\/lozka\/carmela-lozko-podwojne\/","name":"Carmela bed 120x200 cm - 100% wood - Inmondo","isPartOf":{"@id":"https:\/\/inmondo.pl\/#website"},"primaryImageOfPage":{"@id":"https:\/\/inmondo.pl\/sklep\/elementy\/lozka\/carmela-lozko-podwojne\/#primaryimage"},"image":{"@id":"https:\/\/inmondo.pl\/sklep\/elementy\/lozka\/carmela-lozko-podwojne\/#primaryimage"},"thumbnailUrl":"https:\/\/inmondo.pl\/wp-content\/uploads\/2025\/11\/Carmela-120x200-cm-kaszmir.jpg","datePublished":"2025-11-12T14:54:24+00:00","dateModified":"2026-04-13T05:37:32+00:00","description":"The latest extended version of our bestseller from the Carmela collection. It will make your baby feel maximum comfort while sleeping.","breadcrumb":{"@id":"https:\/\/inmondo.pl\/sklep\/elementy\/lozka\/carmela-lozko-podwojne\/#breadcrumb"},"inLanguage":"en-GB","potentialAction":[{"@type":"ReadAction","target":["https:\/\/inmondo.pl\/sklep\/elementy\/lozka\/carmela-lozko-podwojne\/"]}]},{"@type":"ImageObject","inLanguage":"en-GB","@id":"https:\/\/inmondo.pl\/sklep\/elementy\/lozka\/carmela-lozko-podwojne\/#primaryimage","url":"https:\/\/inmondo.pl\/wp-content\/uploads\/2025\/11\/Carmela-120x200-cm-kaszmir.jpg","contentUrl":"https:\/\/inmondo.pl\/wp-content\/uploads\/2025\/11\/Carmela-120x200-cm-kaszmir.jpg","width":1080,"height":1350},{"@type":"BreadcrumbList","@id":"https:\/\/inmondo.pl\/sklep\/elementy\/lozka\/carmela-lozko-podwojne\/#breadcrumb","itemListElement":[{"@type":"ListItem","position":1,"name":"Strona g\u0142\u00f3wna","item":"https:\/\/inmondo.pl\/"},{"@type":"ListItem","position":2,"name":"Oferta Inmondo: spe\u0142niamy marzenia i wymagania","item":"https:\/\/inmondo.pl\/sklep\/"},{"@type":"ListItem","position":3,"name":"kolekcje","item":"https:\/\/inmondo.pl\/de\/sklep\/kolekcje\/"},{"@type":"ListItem","position":4,"name":"Carmela","item":"https:\/\/inmondo.pl\/sklep\/kolekcje\/carmela\/"},{"@type":"ListItem","position":5,"name":"\u0141\u00f3\u017cko Carmela 120&#215;200 cm &#8211; 100% drewno"}]},{"@type":"WebSite","@id":"https:\/\/inmondo.pl\/#website","url":"https:\/\/inmondo.pl\/","name":"Inmondo","description":"","potentialAction":[{"@type":"SearchAction","target":{"@type":"EntryPoint","urlTemplate":"https:\/\/inmondo.pl\/?s={search_term_string}"},"query-input":{"@type":"PropertyValueSpecification","valueRequired":true,"valueName":"search_term_string"}}],"inLanguage":"en-GB"}]}},"wcpa_form_fields":{"wcpaData":{"product":{"product_price":1790,"price_html":"<span class=\"woocommerce-Price-amount amount\">1 790&nbsp;<span class=\"woocommerce-Price-currencySymbol\">&#122;&#322;<\/span><\/span>","original_product_price":1790,"price_including_tax":1790,"price_excluding_tax":1455.284553,"product_id":{"parent":11366,"variation":false},"is_variable":true,"stock_status":"instock","stock_quantity":null,"parent_sku":"11366","product_attributes":{"pa_kolor":{"is_variation":true,"values":[]},"pa_barierka-carmela":{"is_variation":false,"values":["tak","nie"]}},"custom_fields":[],"is_taxable":true},"fields":{"sec_3696f57754fc6c":{"extra":{"key":"sec_3696f57754fc6c","section_id":"sec_3696f57754fc6c","name":"Default","status":1,"cl_rule":"show","enableCl":false,"relations":[],"toggle":true,"title_tag":"h3","show_title":false,"showPrice":"default","form_id":11980,"form_rules":{"exclude_from_discount":false,"fee_label":"Fee","disp_hide_options_price":false,"disp_show_section_price":false,"disp_show_field_price":false,"layout_option":"standard","pric_use_as_fee":false,"process_fee_as":"woo_fee"},"layout_option":"standard"},"fields":[[{"label":"Barierka","active":true,"required":true,"elementId":"select_1696f57754fc95","dropdown_type":"basic","placeholder":"Wybierz","name":"select_1696f57754fc95","label_position":"default","desc_position":"default","enablePrice":true,"className":"","enableCl":false,"relations":[],"values":[{"label":"bez barierki","value":"bez barierki","selected":false,"tempId":"aco_877","gt_translate_keys":["label"]},{"label":"z barierk\u0105","value":"z barierk\u0105","selected":false,"tempId":"aco_878","price":"250","gt_translate_keys":["label"]}],"priceOptions":"different_for_all","pricingType":"fixed","price":"","use_as_fee":false,"cl_rule":"show","col":2,"type":"select","error":false,"requiredError":"Materac jest polem wymaganym","gt_translate_keys":["label","placeholder","requiredError"],"price_dependency":false,"cl_dependency":false,"value":""},{"label":"Szuflada","active":true,"required":true,"elementId":"select-1752648051","dropdown_type":"basic","placeholder":"Wybierz","name":"select-1752648051","label_position":"default","desc_position":"default","enablePrice":true,"className":"","enableCl":false,"relations":[],"requiredError":"Materac jest polem wymaganym","values":[{"label":"bez szuflady","value":"bez szuflady","selected":false,"tempId":"aco_877","gt_translate_keys":["label"]},{"label":"z szuflad\u0105","value":"z szuflad\u0105","selected":false,"tempId":"aco_878","price":"950","gt_translate_keys":["label"]}],"priceOptions":"different_for_all","pricingType":"fixed","price":"","use_as_fee":false,"cl_rule":"show","col":2,"type":"select","error":false,"gt_translate_keys":["label","placeholder","requiredError"],"price_dependency":false,"cl_dependency":false,"value":""}]]}},"config":{"price_override":"","enable_recaptcha":false,"bind_quantity":false,"quantity_bind_formula":"","disp_summ_show_option_price":true,"disp_summ_show_product_price":true,"disp_summ_show_total_price":true,"disp_summ_show_fee":false,"disp_summ_show_discount":false,"summary_title":"","options_total_label":"Cena wariant\u00f3w","total_label":"\u0141\u0105cznie","options_product_label":"Cena produktu","fee_label":"Fee","discount_label":"Obni\u017cka","has_price":true,"has_quantity_formula":false},"mc_unit":1,"tax_rate":1,"tax_rate_real":0.23,"discount":{"percentage":0,"fixed":0},"design":{"conf":{"LabelPosition":"above","DescPosition":"above","UploadField":"custom_1","QuantityFieldStyle":"default"},"css":{"LeftLabelWidth":"120px"}},"formulas":[],"clones":false,"cartKey":false}},"_links":{"self":[{"href":"https:\/\/inmondo.pl\/en\/wp-json\/wp\/v2\/product\/11366","targetHints":{"allow":["GET"]}}],"collection":[{"href":"https:\/\/inmondo.pl\/en\/wp-json\/wp\/v2\/product"}],"about":[{"href":"https:\/\/inmondo.pl\/en\/wp-json\/wp\/v2\/types\/product"}],"replies":[{"embeddable":true,"href":"https:\/\/inmondo.pl\/en\/wp-json\/wp\/v2\/comments?post=11366"}],"wp:featuredmedia":[{"embeddable":true,"href":"https:\/\/inmondo.pl\/en\/wp-json\/wp\/v2\/media\/11361"}],"wp:attachment":[{"href":"https:\/\/inmondo.pl\/en\/wp-json\/wp\/v2\/media?parent=11366"}],"wp:term":[{"taxonomy":"product_brand","embeddable":true,"href":"https:\/\/inmondo.pl\/en\/wp-json\/wp\/v2\/product_brand?post=11366"},{"taxonomy":"product_cat","embeddable":true,"href":"https:\/\/inmondo.pl\/en\/wp-json\/wp\/v2\/product_cat?post=11366"},{"taxonomy":"product_tag","embeddable":true,"href":"https:\/\/inmondo.pl\/en\/wp-json\/wp\/v2\/product_tag?post=11366"}],"curies":[{"name":"wp","href":"https:\/\/api.w.org\/{rel}","templated":true}]}}