{"id":11325,"date":"2025-11-04T14:14:27","date_gmt":"2025-11-04T13:14:27","guid":{"rendered":"https:\/\/inmondo.pl\/?post_type=product&#038;p=11325"},"modified":"2026-04-15T10:59:54","modified_gmt":"2026-04-15T08:59:54","slug":"szuflady-do-lozka-miyo","status":"publish","type":"product","link":"https:\/\/inmondo.pl\/en\/sklep\/elementy\/akcesoria\/szuflady-do-lozka-miyo\/","title":{"rendered":"Drawers for Miyo bed"},"content":{"rendered":"","protected":false},"excerpt":{"rendered":"<p>Created with everyday needs in mind, our bedside drawer <strong>Miyo<\/strong> is not only a practical solution, but also an expression of attention to detail.<\/p>\n<p>The harmonious design and solid workmanship make it the perfect complement to the bed <strong>Miyo<\/strong>, highlighting its unique style and keeping the toddler's room tidy.<\/p>","protected":false},"featured_media":11356,"comment_status":"closed","ping_status":"closed","template":"","meta":{"_acf_changed":true},"product_brand":[],"product_cat":[32,201],"product_tag":[],"class_list":{"0":"post-11325","1":"product","2":"type-product","3":"status-publish","4":"has-post-thumbnail","6":"product_cat-akcesoria","7":"product_cat-miyo","9":"first","10":"instock","11":"taxable","12":"shipping-taxable","13":"purchasable","14":"product-type-variable"},"acf":{"sections_woocommerce":[{"acf_fc_layout":"section_menu","is_active":true,"repeater":[{"text":"Opis","link":"#opis"},{"text":"Lookbook","link":"#lookbook"},{"text":"Opinie","link":"#opinie"},{"text":"#Inne produkty","link":"#inne"}]},{"acf_fc_layout":"section_woocommerce_text_image","is_active":true,"anchor":"#opis","text_align":"textAlign--right","grid_width":"main","wysiwyg":"<p>Wykonane z naturalnego drewna, idealnie komponuj\u0105 si\u0119 z ca\u0142o\u015bci\u0105 mebla, oferuj\u0105c dodatkowe miejsce na przechowywanie ulubionych zabawek czy po\u015bcieli.<\/p>\n<p>To po\u0142\u0105czenie funkcjonalno\u015bci z eleganckim designem, kt\u00f3re pomaga utrzyma\u0107 porz\u0105dek i dodaje dzieci\u0119cemu pokojowi wyj\u0105tkowego charakteru.<\/p>\n","image":"https:\/\/inmondo.pl\/wp-content\/uploads\/2025\/04\/image00023-3.jpeg"},{"acf_fc_layout":"section_woocommerce_text_image","is_active":true,"anchor":"#opis","text_align":"textAlign--left","grid_width":"main","wysiwyg":"<p><a href=\"https:\/\/inmondo.pl\/sklep\/kolekcje\/\">Zapraszamy do sprawdzenia naszej pe\u0142nej kolekcji mebli Inmondo!<\/a><\/p>\n","image":"https:\/\/inmondo.pl\/wp-content\/uploads\/2025\/04\/image00009-3.jpeg"},{"acf_fc_layout":"section_woocommerce_lookbook","is_active":true,"anchor":"#lookbook","header":"","repeater":[{"shortcode":"[woocommerce_lookbook id=\"10322\"]"},{"shortcode":"[woocommerce_lookbook id=\"11220\"]"}]}],"wymiary":"Wymiary jednej szuflady:<br \/>\r\nD\u0142ugo\u015b\u0107 - 90,5 cm<br \/>\r\nSzeroko\u015b\u0107 - 90 cm<br \/>\r\nWysoko\u015b\u0107 - 20,5 cm","materialy":"Drewno","czas_realizacji":""},"yoast_head":"<!-- This site is optimized with the Yoast SEO plugin v27.3 - https:\/\/yoast.com\/product\/yoast-seo-wordpress\/ -->\n<title>Szuflady do \u0142\u00f3\u017cka Miyo - Inmondo<\/title>\n<meta name=\"description\" content=\"Szuflady do naszych \u0142\u00f3\u017cek Miyo, kt\u00f3re zapewni\u0105 komfort i porz\u0105dek w pokoju. S\u0105 wa\u017cnym dodatkiem funkcjonalnym - idealnie uzupe\u0142niaj\u0105 \u0142\u00f3\u017cko Miyo.\" \/>\n<meta name=\"robots\" content=\"index, follow, max-snippet:-1, max-image-preview:large, max-video-preview:-1\" \/>\n<link rel=\"canonical\" href=\"https:\/\/inmondo.pl\/en\/sklep\/elementy\/akcesoria\/szuflady-do-lozka-miyo\/\" \/>\n<meta property=\"og:locale\" content=\"en_GB\" \/>\n<meta property=\"og:type\" content=\"article\" \/>\n<meta property=\"og:title\" content=\"Szuflady do \u0142\u00f3\u017cka Miyo - Inmondo\" \/>\n<meta property=\"og:description\" content=\"Szuflady do naszych \u0142\u00f3\u017cek Miyo, kt\u00f3re zapewni\u0105 komfort i porz\u0105dek w pokoju. S\u0105 wa\u017cnym dodatkiem funkcjonalnym - idealnie uzupe\u0142niaj\u0105 \u0142\u00f3\u017cko Miyo.\" \/>\n<meta property=\"og:url\" content=\"https:\/\/inmondo.pl\/en\/sklep\/elementy\/akcesoria\/szuflady-do-lozka-miyo\/\" \/>\n<meta property=\"og:site_name\" content=\"Inmondo\" \/>\n<meta property=\"article:modified_time\" content=\"2026-04-15T08:59:54+00:00\" \/>\n<meta property=\"og:image\" content=\"https:\/\/inmondo.pl\/wp-content\/uploads\/2025\/11\/7.jpg\" \/>\n\t<meta property=\"og:image:width\" content=\"1080\" \/>\n\t<meta property=\"og:image:height\" content=\"1350\" \/>\n\t<meta property=\"og:image:type\" content=\"image\/jpeg\" \/>\n<meta name=\"twitter:card\" content=\"summary_large_image\" \/>\n<meta name=\"twitter:label1\" content=\"Estimated reading time\" \/>\n\t<meta name=\"twitter:data1\" content=\"2 minutes\" \/>\n<script type=\"application\/ld+json\" class=\"yoast-schema-graph\">{\"@context\":\"https:\\\/\\\/schema.org\",\"@graph\":[{\"@type\":\"WebPage\",\"@id\":\"https:\\\/\\\/inmondo.pl\\\/sklep\\\/elementy\\\/akcesoria\\\/szuflady-do-lozka-miyo\\\/\",\"url\":\"https:\\\/\\\/inmondo.pl\\\/sklep\\\/elementy\\\/akcesoria\\\/szuflady-do-lozka-miyo\\\/\",\"name\":\"Szuflady do \u0142\u00f3\u017cka Miyo - Inmondo\",\"isPartOf\":{\"@id\":\"https:\\\/\\\/inmondo.pl\\\/#website\"},\"primaryImageOfPage\":{\"@id\":\"https:\\\/\\\/inmondo.pl\\\/sklep\\\/elementy\\\/akcesoria\\\/szuflady-do-lozka-miyo\\\/#primaryimage\"},\"image\":{\"@id\":\"https:\\\/\\\/inmondo.pl\\\/sklep\\\/elementy\\\/akcesoria\\\/szuflady-do-lozka-miyo\\\/#primaryimage\"},\"thumbnailUrl\":\"https:\\\/\\\/inmondo.pl\\\/wp-content\\\/uploads\\\/2025\\\/11\\\/7.jpg\",\"datePublished\":\"2025-11-04T13:14:27+00:00\",\"dateModified\":\"2026-04-15T08:59:54+00:00\",\"description\":\"Szuflady do naszych \u0142\u00f3\u017cek Miyo, kt\u00f3re zapewni\u0105 komfort i porz\u0105dek w pokoju. S\u0105 wa\u017cnym dodatkiem funkcjonalnym - idealnie uzupe\u0142niaj\u0105 \u0142\u00f3\u017cko Miyo.\",\"breadcrumb\":{\"@id\":\"https:\\\/\\\/inmondo.pl\\\/sklep\\\/elementy\\\/akcesoria\\\/szuflady-do-lozka-miyo\\\/#breadcrumb\"},\"inLanguage\":\"en-GB\",\"potentialAction\":[{\"@type\":\"ReadAction\",\"target\":[\"https:\\\/\\\/inmondo.pl\\\/sklep\\\/elementy\\\/akcesoria\\\/szuflady-do-lozka-miyo\\\/\"]}]},{\"@type\":\"ImageObject\",\"inLanguage\":\"en-GB\",\"@id\":\"https:\\\/\\\/inmondo.pl\\\/sklep\\\/elementy\\\/akcesoria\\\/szuflady-do-lozka-miyo\\\/#primaryimage\",\"url\":\"https:\\\/\\\/inmondo.pl\\\/wp-content\\\/uploads\\\/2025\\\/11\\\/7.jpg\",\"contentUrl\":\"https:\\\/\\\/inmondo.pl\\\/wp-content\\\/uploads\\\/2025\\\/11\\\/7.jpg\",\"width\":1080,\"height\":1350},{\"@type\":\"BreadcrumbList\",\"@id\":\"https:\\\/\\\/inmondo.pl\\\/sklep\\\/elementy\\\/akcesoria\\\/szuflady-do-lozka-miyo\\\/#breadcrumb\",\"itemListElement\":[{\"@type\":\"ListItem\",\"position\":1,\"name\":\"Strona g\u0142\u00f3wna\",\"item\":\"https:\\\/\\\/inmondo.pl\\\/\"},{\"@type\":\"ListItem\",\"position\":2,\"name\":\"Oferta Inmondo: spe\u0142niamy marzenia i wymagania\",\"item\":\"https:\\\/\\\/inmondo.pl\\\/sklep\\\/\"},{\"@type\":\"ListItem\",\"position\":3,\"name\":\"kolekcje\",\"item\":\"https:\\\/\\\/inmondo.pl\\\/de\\\/sklep\\\/kolekcje\\\/\"},{\"@type\":\"ListItem\",\"position\":4,\"name\":\"Miyo\",\"item\":\"http:\\\/\\\/inmondo.pl\\\/sklep\\\/kolekcje\\\/miyo\\\/\"},{\"@type\":\"ListItem\",\"position\":5,\"name\":\"Szuflady do \u0142\u00f3\u017cka Miyo\"}]},{\"@type\":\"WebSite\",\"@id\":\"https:\\\/\\\/inmondo.pl\\\/#website\",\"url\":\"https:\\\/\\\/inmondo.pl\\\/\",\"name\":\"Inmondo\",\"description\":\"\",\"potentialAction\":[{\"@type\":\"SearchAction\",\"target\":{\"@type\":\"EntryPoint\",\"urlTemplate\":\"https:\\\/\\\/inmondo.pl\\\/?s={search_term_string}\"},\"query-input\":{\"@type\":\"PropertyValueSpecification\",\"valueRequired\":true,\"valueName\":\"search_term_string\"}}],\"inLanguage\":\"en-GB\"}]}<\/script>\n<!-- \/ Yoast SEO plugin. -->","yoast_head_json":{"title":"Miyo bed drawers - Inmondo","description":"Drawers for our Miyo beds that will keep your room comfortable and tidy. They are an important functional addition - perfectly complementing the Miyo bed.","robots":{"index":"index","follow":"follow","max-snippet":"max-snippet:-1","max-image-preview":"max-image-preview:large","max-video-preview":"max-video-preview:-1"},"canonical":"https:\/\/inmondo.pl\/en\/sklep\/elementy\/akcesoria\/szuflady-do-lozka-miyo\/","og_locale":"en_GB","og_type":"article","og_title":"Szuflady do \u0142\u00f3\u017cka Miyo - Inmondo","og_description":"Szuflady do naszych \u0142\u00f3\u017cek Miyo, kt\u00f3re zapewni\u0105 komfort i porz\u0105dek w pokoju. S\u0105 wa\u017cnym dodatkiem funkcjonalnym - idealnie uzupe\u0142niaj\u0105 \u0142\u00f3\u017cko Miyo.","og_url":"https:\/\/inmondo.pl\/en\/sklep\/elementy\/akcesoria\/szuflady-do-lozka-miyo\/","og_site_name":"Inmondo","article_modified_time":"2026-04-15T08:59:54+00:00","og_image":[{"width":1080,"height":1350,"url":"https:\/\/inmondo.pl\/wp-content\/uploads\/2025\/11\/7.jpg","type":"image\/jpeg"}],"twitter_card":"summary_large_image","twitter_misc":{"Estimated reading time":"2 minutes"},"schema":{"@context":"https:\/\/schema.org","@graph":[{"@type":"WebPage","@id":"https:\/\/inmondo.pl\/sklep\/elementy\/akcesoria\/szuflady-do-lozka-miyo\/","url":"https:\/\/inmondo.pl\/sklep\/elementy\/akcesoria\/szuflady-do-lozka-miyo\/","name":"Miyo bed drawers - Inmondo","isPartOf":{"@id":"https:\/\/inmondo.pl\/#website"},"primaryImageOfPage":{"@id":"https:\/\/inmondo.pl\/sklep\/elementy\/akcesoria\/szuflady-do-lozka-miyo\/#primaryimage"},"image":{"@id":"https:\/\/inmondo.pl\/sklep\/elementy\/akcesoria\/szuflady-do-lozka-miyo\/#primaryimage"},"thumbnailUrl":"https:\/\/inmondo.pl\/wp-content\/uploads\/2025\/11\/7.jpg","datePublished":"2025-11-04T13:14:27+00:00","dateModified":"2026-04-15T08:59:54+00:00","description":"Drawers for our Miyo beds that will keep your room comfortable and tidy. They are an important functional addition - perfectly complementing the Miyo bed.","breadcrumb":{"@id":"https:\/\/inmondo.pl\/sklep\/elementy\/akcesoria\/szuflady-do-lozka-miyo\/#breadcrumb"},"inLanguage":"en-GB","potentialAction":[{"@type":"ReadAction","target":["https:\/\/inmondo.pl\/sklep\/elementy\/akcesoria\/szuflady-do-lozka-miyo\/"]}]},{"@type":"ImageObject","inLanguage":"en-GB","@id":"https:\/\/inmondo.pl\/sklep\/elementy\/akcesoria\/szuflady-do-lozka-miyo\/#primaryimage","url":"https:\/\/inmondo.pl\/wp-content\/uploads\/2025\/11\/7.jpg","contentUrl":"https:\/\/inmondo.pl\/wp-content\/uploads\/2025\/11\/7.jpg","width":1080,"height":1350},{"@type":"BreadcrumbList","@id":"https:\/\/inmondo.pl\/sklep\/elementy\/akcesoria\/szuflady-do-lozka-miyo\/#breadcrumb","itemListElement":[{"@type":"ListItem","position":1,"name":"Strona g\u0142\u00f3wna","item":"https:\/\/inmondo.pl\/"},{"@type":"ListItem","position":2,"name":"Oferta Inmondo: spe\u0142niamy marzenia i wymagania","item":"https:\/\/inmondo.pl\/sklep\/"},{"@type":"ListItem","position":3,"name":"kolekcje","item":"https:\/\/inmondo.pl\/de\/sklep\/kolekcje\/"},{"@type":"ListItem","position":4,"name":"Miyo","item":"http:\/\/inmondo.pl\/sklep\/kolekcje\/miyo\/"},{"@type":"ListItem","position":5,"name":"Szuflady do \u0142\u00f3\u017cka Miyo"}]},{"@type":"WebSite","@id":"https:\/\/inmondo.pl\/#website","url":"https:\/\/inmondo.pl\/","name":"Inmondo","description":"","potentialAction":[{"@type":"SearchAction","target":{"@type":"EntryPoint","urlTemplate":"https:\/\/inmondo.pl\/?s={search_term_string}"},"query-input":{"@type":"PropertyValueSpecification","valueRequired":true,"valueName":"search_term_string"}}],"inLanguage":"en-GB"}]}},"wcpa_form_fields":null,"_links":{"self":[{"href":"https:\/\/inmondo.pl\/en\/wp-json\/wp\/v2\/product\/11325","targetHints":{"allow":["GET"]}}],"collection":[{"href":"https:\/\/inmondo.pl\/en\/wp-json\/wp\/v2\/product"}],"about":[{"href":"https:\/\/inmondo.pl\/en\/wp-json\/wp\/v2\/types\/product"}],"replies":[{"embeddable":true,"href":"https:\/\/inmondo.pl\/en\/wp-json\/wp\/v2\/comments?post=11325"}],"wp:featuredmedia":[{"embeddable":true,"href":"https:\/\/inmondo.pl\/en\/wp-json\/wp\/v2\/media\/11356"}],"wp:attachment":[{"href":"https:\/\/inmondo.pl\/en\/wp-json\/wp\/v2\/media?parent=11325"}],"wp:term":[{"taxonomy":"product_brand","embeddable":true,"href":"https:\/\/inmondo.pl\/en\/wp-json\/wp\/v2\/product_brand?post=11325"},{"taxonomy":"product_cat","embeddable":true,"href":"https:\/\/inmondo.pl\/en\/wp-json\/wp\/v2\/product_cat?post=11325"},{"taxonomy":"product_tag","embeddable":true,"href":"https:\/\/inmondo.pl\/en\/wp-json\/wp\/v2\/product_tag?post=11325"}],"curies":[{"name":"wp","href":"https:\/\/api.w.org\/{rel}","templated":true}]}}