{"id":11310,"date":"2025-11-04T12:11:21","date_gmt":"2025-11-04T11:11:21","guid":{"rendered":"http:\/\/inmondo.pl\/?post_type=product&#038;p=11310"},"modified":"2026-04-08T21:00:09","modified_gmt":"2026-04-08T19:00:09","slug":"barierka-dluga-do-lozka-miyo","status":"publish","type":"product","link":"https:\/\/inmondo.pl\/en\/sklep\/elementy\/akcesoria\/barierka-dluga-do-lozka-miyo\/","title":{"rendered":"Miyo long bed rail - 100% wood"},"content":{"rendered":"","protected":false},"excerpt":{"rendered":"<p>Our safety railing is an essential part of the bed <strong>Miyo<\/strong>, designed to provide maximum protection for your child.<\/p>\n<p>It is distinguished by <strong>versatility<\/strong> - You can mount it on either side of the bed.<\/p>\n<p>Made of robust materials, it fits perfectly into the design of the furniture, taking care of safety while sleeping.<\/p>\n<p>The attention to detail makes the railing an integral part of the furniture, combining functionality with subtle style.<\/p>","protected":false},"featured_media":11354,"comment_status":"closed","ping_status":"closed","template":"","meta":{"_acf_changed":true},"product_brand":[],"product_cat":[32,201],"product_tag":[],"class_list":{"0":"post-11310","1":"product","2":"type-product","3":"status-publish","4":"has-post-thumbnail","6":"product_cat-akcesoria","7":"product_cat-miyo","9":"first","10":"instock","11":"taxable","12":"shipping-taxable","13":"purchasable","14":"product-type-variable"},"acf":{"sections_woocommerce":[{"acf_fc_layout":"section_menu","is_active":true,"repeater":[{"text":"Opis","link":"#opis"},{"text":"Lookbook","link":"#lookbook"},{"text":"Opinie","link":"#opinie"},{"text":"Inne produkty","link":"#inne"}]},{"acf_fc_layout":"section_woocommerce_text_image","is_active":true,"anchor":"#opis","text_align":"textAlign--right","grid_width":"main","wysiwyg":"<p>Barierka do \u0142\u00f3\u017cka to rozwi\u0105zanie, kt\u00f3re zapewnia komfort i bezpiecze\u0144stwo ka\u017cdej nocy.<\/p>\n<p>Precyzyjnie wykonana, harmonijnie komponuje si\u0119 z \u0142\u00f3\u017ckiem <strong>Miyo<\/strong>, tworz\u0105c przestrze\u0144, w kt\u00f3rej maluch czuje si\u0119 chroniony.<\/p>\n<p>To idealny wyb\u00f3r dla rodzic\u00f3w, kt\u00f3rzy ceni\u0105 zar\u00f3wno funkcjonalno\u015b\u0107, jak i estetyk\u0119, gwarantuj\u0105c spokojny sen i pe\u0142n\u0105 swobod\u0119 zabawy.<\/p>\n<p>&nbsp;<\/p>\n<p>&nbsp;<\/p>\n<p>&nbsp;<\/p>\n<p>&nbsp;<\/p>\n<p>Opr\u00f3cz barierki do zestawu mamy w ofercie dedykowan\u0105 szuflad\u0119 do \u0142\u00f3\u017cka <strong>Miyo<\/strong>.<\/p>\n","image":"https:\/\/inmondo.pl\/wp-content\/uploads\/2025\/03\/image00011-3.jpeg"},{"acf_fc_layout":"section_woocommerce_text_image","is_active":true,"anchor":"#opis","text_align":"textAlign--left","grid_width":"main","wysiwyg":"<p><a href=\"https:\/\/inmondo.pl\/sklep\/kolekcje\/\">Zapraszamy do sprawdzenia naszych pozosta\u0142ych kolekcji Inmondo!<\/a><\/p>\n","image":"https:\/\/inmondo.pl\/wp-content\/uploads\/2025\/04\/image00003-3.jpeg"},{"acf_fc_layout":"section_woocommerce_lookbook","is_active":true,"anchor":"#lookbook","header":"","repeater":[{"shortcode":"[woocommerce_lookbook id=\"11220\"]"},{"shortcode":"[woocommerce_lookbook id=\"10322\"]"},{"shortcode":""}]}],"wymiary":"D\u0142ugo\u015b\u0107 - 63 cm<br \/>\r\nWysoko\u015b\u0107 - 29,4 cm<br \/>\r\nGrubo\u015b\u0107 - 1,9 cm","materialy":"Drewno","czas_realizacji":""},"yoast_head":"<!-- This site is optimized with the Yoast SEO plugin v27.3 - https:\/\/yoast.com\/product\/yoast-seo-wordpress\/ -->\n<title>Barierka d\u0142uga do \u0142\u00f3\u017cka Miyo - 100% drewno - Inmondo<\/title>\n<meta name=\"description\" content=\"Barierka d\u0142uga dla naszych \u0142\u00f3\u017cek z kolekcji Miyo. Odkryj nowe schematy bezpiecze\u0144stwa dla twojego dziecka wraz z Inmondo!\" \/>\n<meta name=\"robots\" content=\"index, follow, max-snippet:-1, max-image-preview:large, max-video-preview:-1\" \/>\n<link rel=\"canonical\" href=\"https:\/\/inmondo.pl\/en\/sklep\/elementy\/akcesoria\/barierka-dluga-do-lozka-miyo\/\" \/>\n<meta property=\"og:locale\" content=\"en_GB\" \/>\n<meta property=\"og:type\" content=\"article\" \/>\n<meta property=\"og:title\" content=\"Barierka d\u0142uga do \u0142\u00f3\u017cka Miyo - 100% drewno - Inmondo\" \/>\n<meta property=\"og:description\" content=\"Barierka d\u0142uga dla naszych \u0142\u00f3\u017cek z kolekcji Miyo. Odkryj nowe schematy bezpiecze\u0144stwa dla twojego dziecka wraz z Inmondo!\" \/>\n<meta property=\"og:url\" content=\"https:\/\/inmondo.pl\/en\/sklep\/elementy\/akcesoria\/barierka-dluga-do-lozka-miyo\/\" \/>\n<meta property=\"og:site_name\" content=\"Inmondo\" \/>\n<meta property=\"article:modified_time\" content=\"2026-04-08T19:00:09+00:00\" \/>\n<meta property=\"og:image\" content=\"https:\/\/inmondo.pl\/wp-content\/uploads\/2025\/11\/5.jpg\" \/>\n\t<meta property=\"og:image:width\" content=\"1080\" \/>\n\t<meta property=\"og:image:height\" content=\"1350\" \/>\n\t<meta property=\"og:image:type\" content=\"image\/jpeg\" \/>\n<meta name=\"twitter:card\" content=\"summary_large_image\" \/>\n<meta name=\"twitter:label1\" content=\"Estimated reading time\" \/>\n\t<meta name=\"twitter:data1\" content=\"2 minutes\" \/>\n<script type=\"application\/ld+json\" class=\"yoast-schema-graph\">{\"@context\":\"https:\\\/\\\/schema.org\",\"@graph\":[{\"@type\":\"WebPage\",\"@id\":\"https:\\\/\\\/inmondo.pl\\\/en\\\/sklep\\\/elementy\\\/akcesoria\\\/barierka-dluga-do-lozka-miyo\\\/\",\"url\":\"https:\\\/\\\/inmondo.pl\\\/en\\\/sklep\\\/elementy\\\/akcesoria\\\/barierka-dluga-do-lozka-miyo\\\/\",\"name\":\"Barierka d\u0142uga do \u0142\u00f3\u017cka Miyo - 100% drewno - Inmondo\",\"isPartOf\":{\"@id\":\"https:\\\/\\\/inmondo.pl\\\/#website\"},\"primaryImageOfPage\":{\"@id\":\"https:\\\/\\\/inmondo.pl\\\/en\\\/sklep\\\/elementy\\\/akcesoria\\\/barierka-dluga-do-lozka-miyo\\\/#primaryimage\"},\"image\":{\"@id\":\"https:\\\/\\\/inmondo.pl\\\/en\\\/sklep\\\/elementy\\\/akcesoria\\\/barierka-dluga-do-lozka-miyo\\\/#primaryimage\"},\"thumbnailUrl\":\"https:\\\/\\\/inmondo.pl\\\/wp-content\\\/uploads\\\/2025\\\/11\\\/5.jpg\",\"datePublished\":\"2025-11-04T11:11:21+00:00\",\"dateModified\":\"2026-04-08T19:00:09+00:00\",\"description\":\"Barierka d\u0142uga dla naszych \u0142\u00f3\u017cek z kolekcji Miyo. Odkryj nowe schematy bezpiecze\u0144stwa dla twojego dziecka wraz z Inmondo!\",\"breadcrumb\":{\"@id\":\"https:\\\/\\\/inmondo.pl\\\/en\\\/sklep\\\/elementy\\\/akcesoria\\\/barierka-dluga-do-lozka-miyo\\\/#breadcrumb\"},\"inLanguage\":\"en-GB\",\"potentialAction\":[{\"@type\":\"ReadAction\",\"target\":[\"https:\\\/\\\/inmondo.pl\\\/en\\\/sklep\\\/elementy\\\/akcesoria\\\/barierka-dluga-do-lozka-miyo\\\/\"]}]},{\"@type\":\"ImageObject\",\"inLanguage\":\"en-GB\",\"@id\":\"https:\\\/\\\/inmondo.pl\\\/en\\\/sklep\\\/elementy\\\/akcesoria\\\/barierka-dluga-do-lozka-miyo\\\/#primaryimage\",\"url\":\"https:\\\/\\\/inmondo.pl\\\/wp-content\\\/uploads\\\/2025\\\/11\\\/5.jpg\",\"contentUrl\":\"https:\\\/\\\/inmondo.pl\\\/wp-content\\\/uploads\\\/2025\\\/11\\\/5.jpg\",\"width\":1080,\"height\":1350},{\"@type\":\"BreadcrumbList\",\"@id\":\"https:\\\/\\\/inmondo.pl\\\/en\\\/sklep\\\/elementy\\\/akcesoria\\\/barierka-dluga-do-lozka-miyo\\\/#breadcrumb\",\"itemListElement\":[{\"@type\":\"ListItem\",\"position\":1,\"name\":\"Strona g\u0142\u00f3wna\",\"item\":\"https:\\\/\\\/inmondo.pl\\\/\"},{\"@type\":\"ListItem\",\"position\":2,\"name\":\"Oferta Inmondo: spe\u0142niamy marzenia i wymagania\",\"item\":\"https:\\\/\\\/inmondo.pl\\\/sklep\\\/\"},{\"@type\":\"ListItem\",\"position\":3,\"name\":\"kolekcje\",\"item\":\"https:\\\/\\\/inmondo.pl\\\/de\\\/sklep\\\/kolekcje\\\/\"},{\"@type\":\"ListItem\",\"position\":4,\"name\":\"Miyo\",\"item\":\"http:\\\/\\\/inmondo.pl\\\/sklep\\\/kolekcje\\\/miyo\\\/\"},{\"@type\":\"ListItem\",\"position\":5,\"name\":\"Barierka d\u0142uga do \u0142\u00f3\u017cka Miyo &#8211; 100% drewno\"}]},{\"@type\":\"WebSite\",\"@id\":\"https:\\\/\\\/inmondo.pl\\\/#website\",\"url\":\"https:\\\/\\\/inmondo.pl\\\/\",\"name\":\"Inmondo\",\"description\":\"\",\"potentialAction\":[{\"@type\":\"SearchAction\",\"target\":{\"@type\":\"EntryPoint\",\"urlTemplate\":\"https:\\\/\\\/inmondo.pl\\\/?s={search_term_string}\"},\"query-input\":{\"@type\":\"PropertyValueSpecification\",\"valueRequired\":true,\"valueName\":\"search_term_string\"}}],\"inLanguage\":\"en-GB\"}]}<\/script>\n<!-- \/ Yoast SEO plugin. -->","yoast_head_json":{"title":"Miyo long bed rail - 100% wood - Inmondo","description":"The long barrier for our Miyo collection beds. Discover new safety schemes for your child with Inmondo!","robots":{"index":"index","follow":"follow","max-snippet":"max-snippet:-1","max-image-preview":"max-image-preview:large","max-video-preview":"max-video-preview:-1"},"canonical":"https:\/\/inmondo.pl\/en\/sklep\/elementy\/akcesoria\/barierka-dluga-do-lozka-miyo\/","og_locale":"en_GB","og_type":"article","og_title":"Barierka d\u0142uga do \u0142\u00f3\u017cka Miyo - 100% drewno - Inmondo","og_description":"Barierka d\u0142uga dla naszych \u0142\u00f3\u017cek z kolekcji Miyo. Odkryj nowe schematy bezpiecze\u0144stwa dla twojego dziecka wraz z Inmondo!","og_url":"https:\/\/inmondo.pl\/en\/sklep\/elementy\/akcesoria\/barierka-dluga-do-lozka-miyo\/","og_site_name":"Inmondo","article_modified_time":"2026-04-08T19:00:09+00:00","og_image":[{"width":1080,"height":1350,"url":"https:\/\/inmondo.pl\/wp-content\/uploads\/2025\/11\/5.jpg","type":"image\/jpeg"}],"twitter_card":"summary_large_image","twitter_misc":{"Estimated reading time":"2 minutes"},"schema":{"@context":"https:\/\/schema.org","@graph":[{"@type":"WebPage","@id":"https:\/\/inmondo.pl\/en\/sklep\/elementy\/akcesoria\/barierka-dluga-do-lozka-miyo\/","url":"https:\/\/inmondo.pl\/en\/sklep\/elementy\/akcesoria\/barierka-dluga-do-lozka-miyo\/","name":"Miyo long bed rail - 100% wood - Inmondo","isPartOf":{"@id":"https:\/\/inmondo.pl\/#website"},"primaryImageOfPage":{"@id":"https:\/\/inmondo.pl\/en\/sklep\/elementy\/akcesoria\/barierka-dluga-do-lozka-miyo\/#primaryimage"},"image":{"@id":"https:\/\/inmondo.pl\/en\/sklep\/elementy\/akcesoria\/barierka-dluga-do-lozka-miyo\/#primaryimage"},"thumbnailUrl":"https:\/\/inmondo.pl\/wp-content\/uploads\/2025\/11\/5.jpg","datePublished":"2025-11-04T11:11:21+00:00","dateModified":"2026-04-08T19:00:09+00:00","description":"The long barrier for our Miyo collection beds. Discover new safety schemes for your child with Inmondo!","breadcrumb":{"@id":"https:\/\/inmondo.pl\/en\/sklep\/elementy\/akcesoria\/barierka-dluga-do-lozka-miyo\/#breadcrumb"},"inLanguage":"en-GB","potentialAction":[{"@type":"ReadAction","target":["https:\/\/inmondo.pl\/en\/sklep\/elementy\/akcesoria\/barierka-dluga-do-lozka-miyo\/"]}]},{"@type":"ImageObject","inLanguage":"en-GB","@id":"https:\/\/inmondo.pl\/en\/sklep\/elementy\/akcesoria\/barierka-dluga-do-lozka-miyo\/#primaryimage","url":"https:\/\/inmondo.pl\/wp-content\/uploads\/2025\/11\/5.jpg","contentUrl":"https:\/\/inmondo.pl\/wp-content\/uploads\/2025\/11\/5.jpg","width":1080,"height":1350},{"@type":"BreadcrumbList","@id":"https:\/\/inmondo.pl\/en\/sklep\/elementy\/akcesoria\/barierka-dluga-do-lozka-miyo\/#breadcrumb","itemListElement":[{"@type":"ListItem","position":1,"name":"Strona g\u0142\u00f3wna","item":"https:\/\/inmondo.pl\/"},{"@type":"ListItem","position":2,"name":"Oferta Inmondo: spe\u0142niamy marzenia i wymagania","item":"https:\/\/inmondo.pl\/sklep\/"},{"@type":"ListItem","position":3,"name":"kolekcje","item":"https:\/\/inmondo.pl\/de\/sklep\/kolekcje\/"},{"@type":"ListItem","position":4,"name":"Miyo","item":"http:\/\/inmondo.pl\/sklep\/kolekcje\/miyo\/"},{"@type":"ListItem","position":5,"name":"Barierka d\u0142uga do \u0142\u00f3\u017cka Miyo &#8211; 100% drewno"}]},{"@type":"WebSite","@id":"https:\/\/inmondo.pl\/#website","url":"https:\/\/inmondo.pl\/","name":"Inmondo","description":"","potentialAction":[{"@type":"SearchAction","target":{"@type":"EntryPoint","urlTemplate":"https:\/\/inmondo.pl\/?s={search_term_string}"},"query-input":{"@type":"PropertyValueSpecification","valueRequired":true,"valueName":"search_term_string"}}],"inLanguage":"en-GB"}]}},"wcpa_form_fields":null,"_links":{"self":[{"href":"https:\/\/inmondo.pl\/en\/wp-json\/wp\/v2\/product\/11310","targetHints":{"allow":["GET"]}}],"collection":[{"href":"https:\/\/inmondo.pl\/en\/wp-json\/wp\/v2\/product"}],"about":[{"href":"https:\/\/inmondo.pl\/en\/wp-json\/wp\/v2\/types\/product"}],"replies":[{"embeddable":true,"href":"https:\/\/inmondo.pl\/en\/wp-json\/wp\/v2\/comments?post=11310"}],"wp:featuredmedia":[{"embeddable":true,"href":"https:\/\/inmondo.pl\/en\/wp-json\/wp\/v2\/media\/11354"}],"wp:attachment":[{"href":"https:\/\/inmondo.pl\/en\/wp-json\/wp\/v2\/media?parent=11310"}],"wp:term":[{"taxonomy":"product_brand","embeddable":true,"href":"https:\/\/inmondo.pl\/en\/wp-json\/wp\/v2\/product_brand?post=11310"},{"taxonomy":"product_cat","embeddable":true,"href":"https:\/\/inmondo.pl\/en\/wp-json\/wp\/v2\/product_cat?post=11310"},{"taxonomy":"product_tag","embeddable":true,"href":"https:\/\/inmondo.pl\/en\/wp-json\/wp\/v2\/product_tag?post=11310"}],"curies":[{"name":"wp","href":"https:\/\/api.w.org\/{rel}","templated":true}]}}