{"id":10963,"date":"2025-09-17T09:18:45","date_gmt":"2025-09-17T07:18:45","guid":{"rendered":"https:\/\/inmondo.pl\/?post_type=product&#038;p=10963"},"modified":"2025-12-10T10:44:57","modified_gmt":"2025-12-10T09:44:57","slug":"krzeslo-drewniane-a-1260","status":"publish","type":"product","link":"https:\/\/inmondo.pl\/en\/sklep\/elementy\/krzesla-foteliki-stoliki\/krzeslo-drewniane-a-1260\/","title":{"rendered":"Wooden chair A-1260"},"content":{"rendered":"<p>A versatile chair with a light, simple and elegant design and a small size.<\/p>\n<p>It offers the possibility of colour personalisation, with individual pricing - the frame, backrest and seat can be different colours. This makes it easy to dedicate the collection to interiors with a variety of character.<\/p>\n<p>The chair is distinguished by a characteristic detail in the form of a small ball on the back leg - it is a symbol of the entire series and also acts as a hanger for a handbag, jacket or an element for hanging a personalized name plate.<\/p>","protected":false},"excerpt":{"rendered":"<p>The chair is distinguished by a characteristic detail in the form of a small ball on the back leg - it is a symbol of the entire series and also acts as a hanger for a handbag, jacket or an element for hanging a personalized name plate.<\/p>\n<p>&nbsp;<\/p>\n<p>A universal chair with a light, simple and elegant design and small size, gives the possibility of color personalization, at an individual price - the frame, backrest, seat can be of different colors. This allows you to easily dedicate the collection to interiors of various character.<\/p>\n<p>&nbsp;<\/p>","protected":false},"featured_media":10967,"comment_status":"open","ping_status":"closed","template":"","meta":{"_acf_changed":true},"product_brand":[],"product_cat":[20,17,55],"product_tag":[],"class_list":{"0":"post-10963","1":"product","2":"type-product","3":"status-publish","4":"has-post-thumbnail","6":"product_cat-elementy","7":"product_cat-kolekcje","8":"product_cat-krzesla-foteliki-stoliki","10":"first","11":"instock","12":"taxable","13":"shipping-taxable","14":"purchasable","15":"product-type-variable","16":"has-default-attributes"},"acf":{"wymiary":"Wysoko\u015b\u0107 ca\u0142kowita: 82 cm<br \/>\r\nG\u0142\u0119boko\u015b\u0107 ca\u0142kowita: 47 cm<br \/>\r\nSzeroko\u015b\u0107 ca\u0142kowita: 42,5 cm<br \/>\r\nWysoko\u015b\u0107 do&nbsp;siedziska: 49 cm","materialy":"Drewno bukowe<br \/>\r\nSklejka bukowa<br \/>\r\n","sections_woocommerce":[{"acf_fc_layout":"section_menu","is_active":true,"repeater":[{"text":"Opis","link":"#opis"},{"text":"Lookbook","link":"#lookbook"},{"text":"Opinie","link":"#opini"},{"text":"Inne Produkty","link":"#inneprodukty"}]},{"acf_fc_layout":"section_woocommerce_text_image","is_active":true,"anchor":"#opis","text_align":"textAlign--left","grid_width":"main","wysiwyg":"<p>Nasze foteliki, krzes\u0142a i\u00a0stoliki zachwyc\u0105 najbardziej wymagaj\u0105cych klient\u00f3w \u2013 tych ma\u0142ych i\u00a0tych wi\u0119kszych \ud83d\ude42<\/p>\n<p>Idealnie wpisz\u0105 si\u0119 zar\u00f3wno w\u00a0pokoik Twojej pociechy, jak i\u00a0mog\u0105 stworzy\u0107 niebywa\u0142y k\u0105cik dla\u00a0dzieci w\u00a0Twoim salonie, gdzie przyj\u0119cie ma\u0142ych koleg\u00f3w i\u00a0kole\u017canek b\u0119dzie jeszcze przyjemniejsze\u00a0\ud83d\ude42<\/p>\n","image":"https:\/\/inmondo.pl\/wp-content\/uploads\/2025\/08\/3.jpg"},{"acf_fc_layout":"section_woocommerce_text_image","is_active":true,"anchor":"","text_align":"textAlign--right","grid_width":"main","wysiwyg":"<p>Niezwyk\u0142e dodatki i\u00a0akcesoria, tworzone w\u00a0przekonaniu, \u017ce\u00a0ka\u017cde wn\u0119trze<br \/>\nmo\u017cna zaaran\u017cowa\u0107 w\u00a0pi\u0119kny spos\u00f3b, tworz\u0105c przestrze\u0144 nieprzeci\u0119tn\u0105<br \/>\n\u2013 wystarczy tylko troch\u0119 wyobra\u017ani. Wierzymy, \u017ce\u00a0wykorzystasz j\u0105 i\u00a0stworzysz pok\u00f3j swoich marze\u0144.<\/p>\n","image":"https:\/\/inmondo.pl\/wp-content\/uploads\/2025\/06\/T0A4331.jpeg"},{"acf_fc_layout":"section_woocommerce_lookbook","is_active":true,"anchor":"#lookbook","header":"<h2 style=\"text-align: center;\">Zobacz galeri\u0119 mebli uzupe\u0142niaj\u0105cych nasze kolekcje:<\/h2>\n<p style=\"text-align: center;\">Zapraszamy do\u00a0zapoznania si\u0119 z\u00a0kolekcj\u0105 uzupe\u0142niaj\u0105c\u0105. Wzbogacisz pok\u00f3j w\u00a0urocze elementy dodaj\u0105ce blasku twojemu wn\u0119trzu. Pokazujemy Ci tylko u\u0142amek mo\u017cliwo\u015bci\u2026 Zainspiruj si\u0119\u2026<\/p>\n","repeater":[{"shortcode":"[woocommerce_lookbook id=\"1582\"]"},{"shortcode":"[woocommerce_lookbook id=\"1279\"]"},{"shortcode":"[woocommerce_lookbook id=\"1351\"]"}]}],"czas_realizacji":""},"yoast_head":"<!-- This site is optimized with the Yoast SEO plugin v27.3 - https:\/\/yoast.com\/product\/yoast-seo-wordpress\/ -->\n<title>Krzes\u0142o drewniane A-1260 - Inmondo<\/title>\n<meta name=\"robots\" content=\"index, follow, max-snippet:-1, max-image-preview:large, max-video-preview:-1\" \/>\n<link rel=\"canonical\" href=\"https:\/\/inmondo.pl\/en\/sklep\/elementy\/krzesla-foteliki-stoliki\/krzeslo-drewniane-a-1260\/\" \/>\n<meta property=\"og:locale\" content=\"en_GB\" \/>\n<meta property=\"og:type\" content=\"article\" \/>\n<meta property=\"og:title\" content=\"Krzes\u0142o drewniane A-1260 - Inmondo\" \/>\n<meta property=\"og:description\" content=\"Krzes\u0142o wyr\u00f3\u017cnia charakterystyczny detal w postaci niedu\u017cej kulki na tylnej nodze - stanowi ona symbol ca\u0142ej serii pe\u0142ni\u0105c r\u00f3wnocze\u015bnie funkcj\u0119 wieszaka na torebk\u0119, kurtk\u0119 czy element do zawieszenia spersonalizowanej tabliczki z imieniem.  &nbsp;  Uniwersalne krzes\u0142o o lekkiej, prostej i eleganckiej formie wzorniczej oraz niedu\u017cym rozmiarze, daje mo\u017cliwo\u015b\u0107 personalizacji kolorystycznej, za indywidualn\u0105 wycen\u0105 \u2013 rama, oparcie, siedzisko mog\u0105 mie\u0107 r\u00f3\u017cny kolor. Pozwala to z \u0142atwo\u015bci\u0105 dedykowa\u0107 kolekcj\u0119 do wn\u0119trz o r\u00f3\u017cnorodnym charakterze.  &nbsp;\" \/>\n<meta property=\"og:url\" content=\"https:\/\/inmondo.pl\/en\/sklep\/elementy\/krzesla-foteliki-stoliki\/krzeslo-drewniane-a-1260\/\" \/>\n<meta property=\"og:site_name\" content=\"Inmondo\" \/>\n<meta property=\"article:modified_time\" content=\"2025-12-10T09:44:57+00:00\" \/>\n<meta property=\"og:image\" content=\"https:\/\/inmondo.pl\/wp-content\/uploads\/2025\/09\/bkrzeslo_bukowe_b_111___index_4765536_5011759651.jpg\" \/>\n\t<meta property=\"og:image:width\" content=\"768\" \/>\n\t<meta property=\"og:image:height\" content=\"1087\" \/>\n\t<meta property=\"og:image:type\" content=\"image\/jpeg\" \/>\n<meta name=\"twitter:card\" content=\"summary_large_image\" \/>\n<meta name=\"twitter:label1\" content=\"Estimated reading time\" \/>\n\t<meta name=\"twitter:data1\" content=\"2 minutes\" \/>\n<script type=\"application\/ld+json\" class=\"yoast-schema-graph\">{\"@context\":\"https:\\\/\\\/schema.org\",\"@graph\":[{\"@type\":\"WebPage\",\"@id\":\"https:\\\/\\\/inmondo.pl\\\/sklep\\\/elementy\\\/krzesla-foteliki-stoliki\\\/krzeslo-drewniane-a-1260\\\/\",\"url\":\"https:\\\/\\\/inmondo.pl\\\/sklep\\\/elementy\\\/krzesla-foteliki-stoliki\\\/krzeslo-drewniane-a-1260\\\/\",\"name\":\"Krzes\u0142o drewniane A-1260 - Inmondo\",\"isPartOf\":{\"@id\":\"https:\\\/\\\/inmondo.pl\\\/#website\"},\"primaryImageOfPage\":{\"@id\":\"https:\\\/\\\/inmondo.pl\\\/sklep\\\/elementy\\\/krzesla-foteliki-stoliki\\\/krzeslo-drewniane-a-1260\\\/#primaryimage\"},\"image\":{\"@id\":\"https:\\\/\\\/inmondo.pl\\\/sklep\\\/elementy\\\/krzesla-foteliki-stoliki\\\/krzeslo-drewniane-a-1260\\\/#primaryimage\"},\"thumbnailUrl\":\"https:\\\/\\\/inmondo.pl\\\/wp-content\\\/uploads\\\/2025\\\/09\\\/bkrzeslo_bukowe_b_111___index_4765536_5011759651.jpg\",\"datePublished\":\"2025-09-17T07:18:45+00:00\",\"dateModified\":\"2025-12-10T09:44:57+00:00\",\"breadcrumb\":{\"@id\":\"https:\\\/\\\/inmondo.pl\\\/sklep\\\/elementy\\\/krzesla-foteliki-stoliki\\\/krzeslo-drewniane-a-1260\\\/#breadcrumb\"},\"inLanguage\":\"en-GB\",\"potentialAction\":[{\"@type\":\"ReadAction\",\"target\":[\"https:\\\/\\\/inmondo.pl\\\/sklep\\\/elementy\\\/krzesla-foteliki-stoliki\\\/krzeslo-drewniane-a-1260\\\/\"]}]},{\"@type\":\"ImageObject\",\"inLanguage\":\"en-GB\",\"@id\":\"https:\\\/\\\/inmondo.pl\\\/sklep\\\/elementy\\\/krzesla-foteliki-stoliki\\\/krzeslo-drewniane-a-1260\\\/#primaryimage\",\"url\":\"https:\\\/\\\/inmondo.pl\\\/wp-content\\\/uploads\\\/2025\\\/09\\\/bkrzeslo_bukowe_b_111___index_4765536_5011759651.jpg\",\"contentUrl\":\"https:\\\/\\\/inmondo.pl\\\/wp-content\\\/uploads\\\/2025\\\/09\\\/bkrzeslo_bukowe_b_111___index_4765536_5011759651.jpg\",\"width\":768,\"height\":1087},{\"@type\":\"BreadcrumbList\",\"@id\":\"https:\\\/\\\/inmondo.pl\\\/sklep\\\/elementy\\\/krzesla-foteliki-stoliki\\\/krzeslo-drewniane-a-1260\\\/#breadcrumb\",\"itemListElement\":[{\"@type\":\"ListItem\",\"position\":1,\"name\":\"Strona g\u0142\u00f3wna\",\"item\":\"https:\\\/\\\/inmondo.pl\\\/\"},{\"@type\":\"ListItem\",\"position\":2,\"name\":\"Oferta Inmondo: spe\u0142niamy marzenia i wymagania\",\"item\":\"https:\\\/\\\/inmondo.pl\\\/sklep\\\/\"},{\"@type\":\"ListItem\",\"position\":3,\"name\":\"kolekcje\",\"item\":\"https:\\\/\\\/inmondo.pl\\\/de\\\/sklep\\\/kolekcje\\\/\"},{\"@type\":\"ListItem\",\"position\":4,\"name\":\"Krzes\u0142o drewniane A-1260\"}]},{\"@type\":\"WebSite\",\"@id\":\"https:\\\/\\\/inmondo.pl\\\/#website\",\"url\":\"https:\\\/\\\/inmondo.pl\\\/\",\"name\":\"Inmondo\",\"description\":\"\",\"potentialAction\":[{\"@type\":\"SearchAction\",\"target\":{\"@type\":\"EntryPoint\",\"urlTemplate\":\"https:\\\/\\\/inmondo.pl\\\/?s={search_term_string}\"},\"query-input\":{\"@type\":\"PropertyValueSpecification\",\"valueRequired\":true,\"valueName\":\"search_term_string\"}}],\"inLanguage\":\"en-GB\"}]}<\/script>\n<!-- \/ Yoast SEO plugin. -->","yoast_head_json":{"title":"Wooden chair A-1260 - Inmondo","robots":{"index":"index","follow":"follow","max-snippet":"max-snippet:-1","max-image-preview":"max-image-preview:large","max-video-preview":"max-video-preview:-1"},"canonical":"https:\/\/inmondo.pl\/en\/sklep\/elementy\/krzesla-foteliki-stoliki\/krzeslo-drewniane-a-1260\/","og_locale":"en_GB","og_type":"article","og_title":"Krzes\u0142o drewniane A-1260 - Inmondo","og_description":"Krzes\u0142o wyr\u00f3\u017cnia charakterystyczny detal w postaci niedu\u017cej kulki na tylnej nodze - stanowi ona symbol ca\u0142ej serii pe\u0142ni\u0105c r\u00f3wnocze\u015bnie funkcj\u0119 wieszaka na torebk\u0119, kurtk\u0119 czy element do zawieszenia spersonalizowanej tabliczki z imieniem.  &nbsp;  Uniwersalne krzes\u0142o o lekkiej, prostej i eleganckiej formie wzorniczej oraz niedu\u017cym rozmiarze, daje mo\u017cliwo\u015b\u0107 personalizacji kolorystycznej, za indywidualn\u0105 wycen\u0105 \u2013 rama, oparcie, siedzisko mog\u0105 mie\u0107 r\u00f3\u017cny kolor. Pozwala to z \u0142atwo\u015bci\u0105 dedykowa\u0107 kolekcj\u0119 do wn\u0119trz o r\u00f3\u017cnorodnym charakterze.  &nbsp;","og_url":"https:\/\/inmondo.pl\/en\/sklep\/elementy\/krzesla-foteliki-stoliki\/krzeslo-drewniane-a-1260\/","og_site_name":"Inmondo","article_modified_time":"2025-12-10T09:44:57+00:00","og_image":[{"width":768,"height":1087,"url":"https:\/\/inmondo.pl\/wp-content\/uploads\/2025\/09\/bkrzeslo_bukowe_b_111___index_4765536_5011759651.jpg","type":"image\/jpeg"}],"twitter_card":"summary_large_image","twitter_misc":{"Estimated reading time":"2 minutes"},"schema":{"@context":"https:\/\/schema.org","@graph":[{"@type":"WebPage","@id":"https:\/\/inmondo.pl\/sklep\/elementy\/krzesla-foteliki-stoliki\/krzeslo-drewniane-a-1260\/","url":"https:\/\/inmondo.pl\/sklep\/elementy\/krzesla-foteliki-stoliki\/krzeslo-drewniane-a-1260\/","name":"Wooden chair A-1260 - Inmondo","isPartOf":{"@id":"https:\/\/inmondo.pl\/#website"},"primaryImageOfPage":{"@id":"https:\/\/inmondo.pl\/sklep\/elementy\/krzesla-foteliki-stoliki\/krzeslo-drewniane-a-1260\/#primaryimage"},"image":{"@id":"https:\/\/inmondo.pl\/sklep\/elementy\/krzesla-foteliki-stoliki\/krzeslo-drewniane-a-1260\/#primaryimage"},"thumbnailUrl":"https:\/\/inmondo.pl\/wp-content\/uploads\/2025\/09\/bkrzeslo_bukowe_b_111___index_4765536_5011759651.jpg","datePublished":"2025-09-17T07:18:45+00:00","dateModified":"2025-12-10T09:44:57+00:00","breadcrumb":{"@id":"https:\/\/inmondo.pl\/sklep\/elementy\/krzesla-foteliki-stoliki\/krzeslo-drewniane-a-1260\/#breadcrumb"},"inLanguage":"en-GB","potentialAction":[{"@type":"ReadAction","target":["https:\/\/inmondo.pl\/sklep\/elementy\/krzesla-foteliki-stoliki\/krzeslo-drewniane-a-1260\/"]}]},{"@type":"ImageObject","inLanguage":"en-GB","@id":"https:\/\/inmondo.pl\/sklep\/elementy\/krzesla-foteliki-stoliki\/krzeslo-drewniane-a-1260\/#primaryimage","url":"https:\/\/inmondo.pl\/wp-content\/uploads\/2025\/09\/bkrzeslo_bukowe_b_111___index_4765536_5011759651.jpg","contentUrl":"https:\/\/inmondo.pl\/wp-content\/uploads\/2025\/09\/bkrzeslo_bukowe_b_111___index_4765536_5011759651.jpg","width":768,"height":1087},{"@type":"BreadcrumbList","@id":"https:\/\/inmondo.pl\/sklep\/elementy\/krzesla-foteliki-stoliki\/krzeslo-drewniane-a-1260\/#breadcrumb","itemListElement":[{"@type":"ListItem","position":1,"name":"Strona g\u0142\u00f3wna","item":"https:\/\/inmondo.pl\/"},{"@type":"ListItem","position":2,"name":"Oferta Inmondo: spe\u0142niamy marzenia i wymagania","item":"https:\/\/inmondo.pl\/sklep\/"},{"@type":"ListItem","position":3,"name":"kolekcje","item":"https:\/\/inmondo.pl\/de\/sklep\/kolekcje\/"},{"@type":"ListItem","position":4,"name":"Krzes\u0142o drewniane A-1260"}]},{"@type":"WebSite","@id":"https:\/\/inmondo.pl\/#website","url":"https:\/\/inmondo.pl\/","name":"Inmondo","description":"","potentialAction":[{"@type":"SearchAction","target":{"@type":"EntryPoint","urlTemplate":"https:\/\/inmondo.pl\/?s={search_term_string}"},"query-input":{"@type":"PropertyValueSpecification","valueRequired":true,"valueName":"search_term_string"}}],"inLanguage":"en-GB"}]}},"wcpa_form_fields":null,"_links":{"self":[{"href":"https:\/\/inmondo.pl\/en\/wp-json\/wp\/v2\/product\/10963","targetHints":{"allow":["GET"]}}],"collection":[{"href":"https:\/\/inmondo.pl\/en\/wp-json\/wp\/v2\/product"}],"about":[{"href":"https:\/\/inmondo.pl\/en\/wp-json\/wp\/v2\/types\/product"}],"replies":[{"embeddable":true,"href":"https:\/\/inmondo.pl\/en\/wp-json\/wp\/v2\/comments?post=10963"}],"wp:featuredmedia":[{"embeddable":true,"href":"https:\/\/inmondo.pl\/en\/wp-json\/wp\/v2\/media\/10967"}],"wp:attachment":[{"href":"https:\/\/inmondo.pl\/en\/wp-json\/wp\/v2\/media?parent=10963"}],"wp:term":[{"taxonomy":"product_brand","embeddable":true,"href":"https:\/\/inmondo.pl\/en\/wp-json\/wp\/v2\/product_brand?post=10963"},{"taxonomy":"product_cat","embeddable":true,"href":"https:\/\/inmondo.pl\/en\/wp-json\/wp\/v2\/product_cat?post=10963"},{"taxonomy":"product_tag","embeddable":true,"href":"https:\/\/inmondo.pl\/en\/wp-json\/wp\/v2\/product_tag?post=10963"}],"curies":[{"name":"wp","href":"https:\/\/api.w.org\/{rel}","templated":true}]}}