{"id":1063,"date":"2020-06-17T15:11:58","date_gmt":"2020-06-17T13:11:58","guid":{"rendered":"http:\/\/inmondo.pl\/?post_type=product&#038;p=1063"},"modified":"2026-03-24T11:59:09","modified_gmt":"2026-03-24T10:59:09","slug":"komoda-2d-waska","status":"publish","type":"product","link":"https:\/\/inmondo.pl\/en\/sklep\/elementy\/komody\/komoda-2d-waska\/","title":{"rendered":"2D narrow chest of drawers"},"content":{"rendered":"<p>A simple and practical two-door chest of drawers is a great idea to use the space in the room. It is also perfect as a free-standing piece of furniture, but it can also be placed under the Minimondo raised bed.<\/p>\n<p>The door of the dresser moves on hinges with a silent closing system.<\/p>\n<p>Hide your child&#039;s treasures behind the door, and show them off on two open shelves.<\/p>\n<p>The top and bottom wreaths of the chest of drawers are made of solid birch wood.<\/p>\n<p>The slanted legs add lightness, and thanks to their stile connection, additional stability of the structure is obtained.<\/p>\n<p>&nbsp;<\/p>","protected":false},"excerpt":{"rendered":"<p>&nbsp;<\/p>\n<p>A simple and practical two-door chest of drawers is a great idea to use the space in the room. It is also perfect as a free-standing piece of furniture, but it can also be placed under the Minimondo raised bed.<\/p>\n<p>The door of the dresser moves on hinges with a silent closing system.<\/p>\n<p>Hide your child&#039;s treasures behind the door, and show them off on two open shelves.<\/p>\n<p>The top and bottom wreaths of the chest of drawers are made of solid birch wood.<\/p>\n<p>The slanted legs add lightness, and thanks to their stile connection, additional stability of the structure is obtained.<\/p>\n<h6><\/h6>","protected":false},"featured_media":1010,"comment_status":"open","ping_status":"closed","template":"","meta":{"_acf_changed":false},"product_brand":[],"product_cat":[20,17,30,19],"product_tag":[],"class_list":{"0":"post-1063","1":"product","2":"type-product","3":"status-publish","4":"has-post-thumbnail","6":"product_cat-elementy","7":"product_cat-kolekcje","8":"product_cat-komody","9":"product_cat-minimondo","11":"first","12":"onbackorder","13":"taxable","14":"shipping-taxable","15":"purchasable","16":"product-type-variable","17":"has-default-attributes"},"acf":{"wymiary":"Szeroko\u015b\u0107: 55 cm<br \/>\r\nWysoko\u015b\u0107: 67 cm<br \/>\r\nG\u0142\u0119boko\u015b\u0107: 52 cm","materialy":"drewno brzozowe, p\u0142yta MDF, lakier wodny i&nbsp;wodny UV","sections_woocommerce":[{"acf_fc_layout":"section_menu","is_active":true,"repeater":[{"text":"Opis","link":"#opis"},{"text":"Lookbook","link":"#lookbook"},{"text":"Opinie","link":"#opinie"},{"text":"Inne produkty","link":"#inneprodukty"}]},{"acf_fc_layout":"section_woocommerce_text_image","is_active":true,"anchor":"opis","text_align":"textAlign--left","grid_width":"main","wysiwyg":"<h2>Minimondo nieograniczone mo\u017cliwo\u015bci.<\/h2>\n<p>Szeroki wyb\u00f3r element\u00f3w z\u00a0kolekcji Minimondo pozwoli zaaran\u017cowa\u0107 ka\u017cd\u0105 przestrze\u0144 zgodnie z\u00a0Twoimi potrzebami i\u00a0upodobaniami. Zapomnij o\u00a0problemach z\u00a0brakiem miejsca na\u00a0przechowywanie Twoich skarb\u00f3w. Ksi\u0105\u017cki, ubrania zabawki \u2013 od teraz na\u00a0wszystko znajdziesz swoje miejsce. Je\u015bli w\u00a0pokoju brakuje Ci miejsca meble mo\u017cesz postawi\u0107 pod\u00a0\u0142\u00f3\u017ckiem uzyskuj\u0105c przestrze\u0144 do\u00a0przechowywania bez po\u015bwi\u0119cania miejsca w\u00a0pokoju.<\/p>\n","image":"https:\/\/inmondo.pl\/wp-content\/uploads\/2020\/07\/2019_04_INMONDO_POK\u00d3J_DZIEWCZYNKI_1-11304-1920.jpg"},{"acf_fc_layout":"section_woocommerce_text_image","is_active":true,"anchor":"","text_align":"textAlign--right","grid_width":"main","wysiwyg":"<p>Tworz\u0105c nasze meble my\u015blimy nie tylko o\u00a0funkcjonalno\u015bci, ale\u00a0tak\u017ce o\u00a0bezpiecze\u0144stwie i\u00a0komforcie Twojego dziecka. Dlatego\u00a0wszystkie nasze meble s\u0105 lakierowane ekologicznymi farbami wodnymi. Zawiasy i\u00a0prowadnice posiadaj\u0105 system cichego domyku.<\/p>\n<p>Komoda zosta\u0142a polakierowana przyjaznymi dla dziecka i \u015brodowiska lakierami, a drewno, z kt\u00f3rego jest wykonana pochodzi z certyfikowanych, dobrze zarz\u0105dzanych las\u00f3w.<\/p>\n","image":"https:\/\/inmondo.pl\/wp-content\/uploads\/2020\/07\/2019_04_INMONDO_POK\u00d3J_CH\u0141OPC\u00d3W_1-11983-1920.jpg"},{"acf_fc_layout":"section_woocommerce_lookbook","is_active":true,"anchor":"lookbook","header":"<h2 style=\"text-align: center;\">Zobacz galeri\u0119 Minimondo:<\/h2>\n<p style=\"text-align: center;\">Minimalistyczny lookbook prosto od naszych projektant\u00f3w. Ogl\u0105daj, inspiruj si\u0119, a\u00a0je\u015bli masz pomys\u0142y lub\u00a0pytania \u2014 od razu dzwo\u0144!<\/p>\n","repeater":[{"shortcode":"[woocommerce_lookbook id=\"1569\"]"},{"shortcode":"[woocommerce_lookbook id=\"1571\"]"},{"shortcode":"[woocommerce_lookbook id=\"1565\"]"}]},{"acf_fc_layout":"section_woocommerce_opinions","is_active":true,"anchor":"opinie"},{"acf_fc_layout":"section_woocommerce_otherFromCategory","is_active":true,"anchor":"inneprodukty"}],"czas_realizacji":""},"yoast_head":"<!-- This site is optimized with the Yoast SEO plugin v27.3 - https:\/\/yoast.com\/product\/yoast-seo-wordpress\/ -->\n<title>Komoda 2D w\u0105ska - Inmondo<\/title>\n<meta name=\"robots\" content=\"index, follow, max-snippet:-1, max-image-preview:large, max-video-preview:-1\" \/>\n<link rel=\"canonical\" href=\"https:\/\/inmondo.pl\/en\/sklep\/elementy\/komody\/komoda-2d-waska\/\" \/>\n<meta property=\"og:locale\" content=\"en_GB\" \/>\n<meta property=\"og:type\" content=\"article\" \/>\n<meta property=\"og:title\" content=\"Komoda 2D w\u0105ska - Inmondo\" \/>\n<meta property=\"og:description\" content=\"&nbsp;  Prosta i praktyczna dwu drzwiowa komoda jest doskona\u0142ym pomys\u0142em na wykorzystanie przestrzeni w pokoju. Idealnie sprawdzi si\u0119 tak\u017ce jako wolnostoj\u0105cy mebel ale mo\u017ce by\u0107 r\u00f3wnie\u017c ustawiona pod \u0142\u00f3\u017ckiem podniesionym Minimondo.  Drzwi komody poruszaj\u0105 si\u0119 na zawiasach z systemem cichego domyku.  Ukryj skarby Twojej pociechy za drzwiczkami, a te kt\u00f3rymi chce si\u0119 pochwali\u0107 wyeksponuj na dw\u00f3ch otwartych p\u00f3\u0142kach.  Wieniec g\u00f3rny i dolny komody zosta\u0142 wykonany z litego drewna brzozowego.  Sko\u015bne n\u00f3\u017cki dodaj\u0105 lekko\u015bci, natomiast dzi\u0119ki po\u0142\u0105czeniu ich ramiakami uzyskano dodatkow\u0105 stabilno\u015b\u0107 konstrukcji.\" \/>\n<meta property=\"og:url\" content=\"https:\/\/inmondo.pl\/en\/sklep\/elementy\/komody\/komoda-2d-waska\/\" \/>\n<meta property=\"og:site_name\" content=\"Inmondo\" \/>\n<meta property=\"article:modified_time\" content=\"2026-03-24T10:59:09+00:00\" \/>\n<meta property=\"og:image\" content=\"https:\/\/inmondo.pl\/wp-content\/uploads\/2020\/06\/2019_09_INMONDO_PACKSHOTY-19863_small.jpg\" \/>\n\t<meta property=\"og:image:width\" content=\"960\" \/>\n\t<meta property=\"og:image:height\" content=\"960\" \/>\n\t<meta property=\"og:image:type\" content=\"image\/jpeg\" \/>\n<meta name=\"twitter:card\" content=\"summary_large_image\" \/>\n<meta name=\"twitter:label1\" content=\"Estimated reading time\" \/>\n\t<meta name=\"twitter:data1\" content=\"3 minutes\" \/>\n<script type=\"application\/ld+json\" class=\"yoast-schema-graph\">{\"@context\":\"https:\\\/\\\/schema.org\",\"@graph\":[{\"@type\":\"WebPage\",\"@id\":\"https:\\\/\\\/inmondo.pl\\\/en\\\/sklep\\\/elementy\\\/komody\\\/komoda-2d-waska\\\/\",\"url\":\"https:\\\/\\\/inmondo.pl\\\/en\\\/sklep\\\/elementy\\\/komody\\\/komoda-2d-waska\\\/\",\"name\":\"Komoda 2D w\u0105ska - Inmondo\",\"isPartOf\":{\"@id\":\"https:\\\/\\\/inmondo.pl\\\/#website\"},\"primaryImageOfPage\":{\"@id\":\"https:\\\/\\\/inmondo.pl\\\/en\\\/sklep\\\/elementy\\\/komody\\\/komoda-2d-waska\\\/#primaryimage\"},\"image\":{\"@id\":\"https:\\\/\\\/inmondo.pl\\\/en\\\/sklep\\\/elementy\\\/komody\\\/komoda-2d-waska\\\/#primaryimage\"},\"thumbnailUrl\":\"https:\\\/\\\/inmondo.pl\\\/wp-content\\\/uploads\\\/2020\\\/06\\\/2019_09_INMONDO_PACKSHOTY-19863_small.jpg\",\"datePublished\":\"2020-06-17T13:11:58+00:00\",\"dateModified\":\"2026-03-24T10:59:09+00:00\",\"breadcrumb\":{\"@id\":\"https:\\\/\\\/inmondo.pl\\\/en\\\/sklep\\\/elementy\\\/komody\\\/komoda-2d-waska\\\/#breadcrumb\"},\"inLanguage\":\"en-GB\",\"potentialAction\":[{\"@type\":\"ReadAction\",\"target\":[\"https:\\\/\\\/inmondo.pl\\\/en\\\/sklep\\\/elementy\\\/komody\\\/komoda-2d-waska\\\/\"]}]},{\"@type\":\"ImageObject\",\"inLanguage\":\"en-GB\",\"@id\":\"https:\\\/\\\/inmondo.pl\\\/en\\\/sklep\\\/elementy\\\/komody\\\/komoda-2d-waska\\\/#primaryimage\",\"url\":\"https:\\\/\\\/inmondo.pl\\\/wp-content\\\/uploads\\\/2020\\\/06\\\/2019_09_INMONDO_PACKSHOTY-19863_small.jpg\",\"contentUrl\":\"https:\\\/\\\/inmondo.pl\\\/wp-content\\\/uploads\\\/2020\\\/06\\\/2019_09_INMONDO_PACKSHOTY-19863_small.jpg\",\"width\":960,\"height\":960},{\"@type\":\"BreadcrumbList\",\"@id\":\"https:\\\/\\\/inmondo.pl\\\/en\\\/sklep\\\/elementy\\\/komody\\\/komoda-2d-waska\\\/#breadcrumb\",\"itemListElement\":[{\"@type\":\"ListItem\",\"position\":1,\"name\":\"Strona g\u0142\u00f3wna\",\"item\":\"https:\\\/\\\/inmondo.pl\\\/\"},{\"@type\":\"ListItem\",\"position\":2,\"name\":\"Oferta Inmondo: spe\u0142niamy marzenia i wymagania\",\"item\":\"https:\\\/\\\/inmondo.pl\\\/sklep\\\/\"},{\"@type\":\"ListItem\",\"position\":3,\"name\":\"kolekcje\",\"item\":\"https:\\\/\\\/inmondo.pl\\\/de\\\/sklep\\\/kolekcje\\\/\"},{\"@type\":\"ListItem\",\"position\":4,\"name\":\"Komoda 2D w\u0105ska\"}]},{\"@type\":\"WebSite\",\"@id\":\"https:\\\/\\\/inmondo.pl\\\/#website\",\"url\":\"https:\\\/\\\/inmondo.pl\\\/\",\"name\":\"Inmondo\",\"description\":\"\",\"potentialAction\":[{\"@type\":\"SearchAction\",\"target\":{\"@type\":\"EntryPoint\",\"urlTemplate\":\"https:\\\/\\\/inmondo.pl\\\/?s={search_term_string}\"},\"query-input\":{\"@type\":\"PropertyValueSpecification\",\"valueRequired\":true,\"valueName\":\"search_term_string\"}}],\"inLanguage\":\"en-GB\"}]}<\/script>\n<!-- \/ Yoast SEO plugin. -->","yoast_head_json":{"title":"2D narrow chest of drawers - Inmondo","robots":{"index":"index","follow":"follow","max-snippet":"max-snippet:-1","max-image-preview":"max-image-preview:large","max-video-preview":"max-video-preview:-1"},"canonical":"https:\/\/inmondo.pl\/en\/sklep\/elementy\/komody\/komoda-2d-waska\/","og_locale":"en_GB","og_type":"article","og_title":"Komoda 2D w\u0105ska - Inmondo","og_description":"&nbsp;  Prosta i praktyczna dwu drzwiowa komoda jest doskona\u0142ym pomys\u0142em na wykorzystanie przestrzeni w pokoju. Idealnie sprawdzi si\u0119 tak\u017ce jako wolnostoj\u0105cy mebel ale mo\u017ce by\u0107 r\u00f3wnie\u017c ustawiona pod \u0142\u00f3\u017ckiem podniesionym Minimondo.  Drzwi komody poruszaj\u0105 si\u0119 na zawiasach z systemem cichego domyku.  Ukryj skarby Twojej pociechy za drzwiczkami, a te kt\u00f3rymi chce si\u0119 pochwali\u0107 wyeksponuj na dw\u00f3ch otwartych p\u00f3\u0142kach.  Wieniec g\u00f3rny i dolny komody zosta\u0142 wykonany z litego drewna brzozowego.  Sko\u015bne n\u00f3\u017cki dodaj\u0105 lekko\u015bci, natomiast dzi\u0119ki po\u0142\u0105czeniu ich ramiakami uzyskano dodatkow\u0105 stabilno\u015b\u0107 konstrukcji.","og_url":"https:\/\/inmondo.pl\/en\/sklep\/elementy\/komody\/komoda-2d-waska\/","og_site_name":"Inmondo","article_modified_time":"2026-03-24T10:59:09+00:00","og_image":[{"width":960,"height":960,"url":"https:\/\/inmondo.pl\/wp-content\/uploads\/2020\/06\/2019_09_INMONDO_PACKSHOTY-19863_small.jpg","type":"image\/jpeg"}],"twitter_card":"summary_large_image","twitter_misc":{"Estimated reading time":"3 minutes"},"schema":{"@context":"https:\/\/schema.org","@graph":[{"@type":"WebPage","@id":"https:\/\/inmondo.pl\/en\/sklep\/elementy\/komody\/komoda-2d-waska\/","url":"https:\/\/inmondo.pl\/en\/sklep\/elementy\/komody\/komoda-2d-waska\/","name":"2D narrow chest of drawers - Inmondo","isPartOf":{"@id":"https:\/\/inmondo.pl\/#website"},"primaryImageOfPage":{"@id":"https:\/\/inmondo.pl\/en\/sklep\/elementy\/komody\/komoda-2d-waska\/#primaryimage"},"image":{"@id":"https:\/\/inmondo.pl\/en\/sklep\/elementy\/komody\/komoda-2d-waska\/#primaryimage"},"thumbnailUrl":"https:\/\/inmondo.pl\/wp-content\/uploads\/2020\/06\/2019_09_INMONDO_PACKSHOTY-19863_small.jpg","datePublished":"2020-06-17T13:11:58+00:00","dateModified":"2026-03-24T10:59:09+00:00","breadcrumb":{"@id":"https:\/\/inmondo.pl\/en\/sklep\/elementy\/komody\/komoda-2d-waska\/#breadcrumb"},"inLanguage":"en-GB","potentialAction":[{"@type":"ReadAction","target":["https:\/\/inmondo.pl\/en\/sklep\/elementy\/komody\/komoda-2d-waska\/"]}]},{"@type":"ImageObject","inLanguage":"en-GB","@id":"https:\/\/inmondo.pl\/en\/sklep\/elementy\/komody\/komoda-2d-waska\/#primaryimage","url":"https:\/\/inmondo.pl\/wp-content\/uploads\/2020\/06\/2019_09_INMONDO_PACKSHOTY-19863_small.jpg","contentUrl":"https:\/\/inmondo.pl\/wp-content\/uploads\/2020\/06\/2019_09_INMONDO_PACKSHOTY-19863_small.jpg","width":960,"height":960},{"@type":"BreadcrumbList","@id":"https:\/\/inmondo.pl\/en\/sklep\/elementy\/komody\/komoda-2d-waska\/#breadcrumb","itemListElement":[{"@type":"ListItem","position":1,"name":"Strona g\u0142\u00f3wna","item":"https:\/\/inmondo.pl\/"},{"@type":"ListItem","position":2,"name":"Oferta Inmondo: spe\u0142niamy marzenia i wymagania","item":"https:\/\/inmondo.pl\/sklep\/"},{"@type":"ListItem","position":3,"name":"kolekcje","item":"https:\/\/inmondo.pl\/de\/sklep\/kolekcje\/"},{"@type":"ListItem","position":4,"name":"Komoda 2D w\u0105ska"}]},{"@type":"WebSite","@id":"https:\/\/inmondo.pl\/#website","url":"https:\/\/inmondo.pl\/","name":"Inmondo","description":"","potentialAction":[{"@type":"SearchAction","target":{"@type":"EntryPoint","urlTemplate":"https:\/\/inmondo.pl\/?s={search_term_string}"},"query-input":{"@type":"PropertyValueSpecification","valueRequired":true,"valueName":"search_term_string"}}],"inLanguage":"en-GB"}]}},"wcpa_form_fields":null,"_links":{"self":[{"href":"https:\/\/inmondo.pl\/en\/wp-json\/wp\/v2\/product\/1063","targetHints":{"allow":["GET"]}}],"collection":[{"href":"https:\/\/inmondo.pl\/en\/wp-json\/wp\/v2\/product"}],"about":[{"href":"https:\/\/inmondo.pl\/en\/wp-json\/wp\/v2\/types\/product"}],"replies":[{"embeddable":true,"href":"https:\/\/inmondo.pl\/en\/wp-json\/wp\/v2\/comments?post=1063"}],"wp:featuredmedia":[{"embeddable":true,"href":"https:\/\/inmondo.pl\/en\/wp-json\/wp\/v2\/media\/1010"}],"wp:attachment":[{"href":"https:\/\/inmondo.pl\/en\/wp-json\/wp\/v2\/media?parent=1063"}],"wp:term":[{"taxonomy":"product_brand","embeddable":true,"href":"https:\/\/inmondo.pl\/en\/wp-json\/wp\/v2\/product_brand?post=1063"},{"taxonomy":"product_cat","embeddable":true,"href":"https:\/\/inmondo.pl\/en\/wp-json\/wp\/v2\/product_cat?post=1063"},{"taxonomy":"product_tag","embeddable":true,"href":"https:\/\/inmondo.pl\/en\/wp-json\/wp\/v2\/product_tag?post=1063"}],"curies":[{"name":"wp","href":"https:\/\/api.w.org\/{rel}","templated":true}]}}