{"id":1044,"date":"2020-06-17T14:47:52","date_gmt":"2020-06-17T12:47:52","guid":{"rendered":"http:\/\/inmondo.pl\/?post_type=product&#038;p=1044"},"modified":"2025-11-26T15:26:58","modified_gmt":"2025-11-26T14:26:58","slug":"minimondo-polka-wiszaca","status":"publish","type":"product","link":"https:\/\/inmondo.pl\/en\/sklep\/elementy\/polki\/minimondo-polka-wiszaca\/","title":{"rendered":"the shelf"},"content":{"rendered":"<p>&nbsp;<\/p>\n<p>P\u00f3\u0142ka z kolekcji Minimondo to doskona\u0142y spos\u00f3b, aby doda\u0107 wn\u0119trzu funkcjonalno\u015bci i jednocze\u015bnie pozby\u0107 si\u0119 pustych, nudnych \u015bcian. Dzi\u0119ki lekkiej budowie mebel ten wspaniale odnajdzie si\u0119 w ka\u017cdym pomieszczeniu. Funkcjonalne haczyki sprawdz\u0105 si\u0119, \u017ceby powiesi\u0107 na nich dekoracje lub niezb\u0119dne przy niemowlaku akcesoria.<\/p>\n<p>The shelf has been painted with water-based varnishes that are friendly to children and the environment.<\/p>","protected":false},"excerpt":{"rendered":"<p>The shelf from the Minimondo collection is a great way to add functionality to your interior and at the same time get rid of empty, boring walls. Thanks to its light structure, this piece of furniture will be perfect for any room. Functional hooks will be perfect for hanging decorations or necessary accessories for the baby and child.<\/p>\n<p>The shelf has been painted with water-based varnishes that are friendly to children and the environment.<\/p>\n<h6><\/h6>","protected":false},"featured_media":1780,"comment_status":"open","ping_status":"closed","template":"","meta":{"_acf_changed":false},"product_brand":[],"product_cat":[20,17,19,31],"product_tag":[],"class_list":{"0":"post-1044","1":"product","2":"type-product","3":"status-publish","4":"has-post-thumbnail","6":"product_cat-elementy","7":"product_cat-kolekcje","8":"product_cat-minimondo","9":"product_cat-polki","11":"first","12":"onbackorder","13":"taxable","14":"shipping-taxable","15":"purchasable","16":"product-type-variable","17":"has-default-attributes"},"acf":{"wymiary":"Szeroko\u015b\u0107: 70 cm<br \/>\r\nWysoko\u015b\u0107: 20 cm<br \/>\r\nG\u0142\u0119boko\u015b\u0107: 13cm","materialy":"drewno brzozowe, p\u0142yta MDF, lakier wodny i&nbsp;wodny UV","sections_woocommerce":[{"acf_fc_layout":"section_menu","is_active":true,"repeater":[{"text":"Opis","link":"#opis"},{"text":"Lookbook","link":"#lookbook"},{"text":"Opinie","link":"#opinie"},{"text":"Inne produkty","link":"#inneprodukty"}]},{"acf_fc_layout":"section_woocommerce_text_image","is_active":true,"anchor":"opis","text_align":"textAlign--left","grid_width":"main","wysiwyg":"<h2>Minimondo nieograniczone mo\u017cliwo\u015bci.<\/h2>\n<p>Szeroki wyb\u00f3r element\u00f3w z\u00a0kolekcji Minimondo pozwoli zaaran\u017cowa\u0107 ka\u017cd\u0105 przestrze\u0144 zgodnie z\u00a0potrzebami i\u00a0upodobaniami zar\u00f3wno Twoimi jak i\u00a0Twojej pociechy. Zapomnij o\u00a0problemach z\u00a0brakiem miejsca na\u00a0przechowywanie skarb\u00f3w i\u00a0akcesori\u00f3w. Ksi\u0105\u017cki, ubrania, zabawki \u2013 od teraz na\u00a0wszystko znajdziesz swoje miejsce. Je\u015bli w\u00a0pokoju brakuje Ci powierzchni, meble mo\u017cesz postawi\u0107 pod\u00a0\u0142\u00f3\u017ckiem, uzyskuj\u0105c przestrze\u0144 do\u00a0przechowywania bez po\u015bwi\u0119cania dodatkowego miejsca w\u00a0pomieszczeniu.<\/p>\n","image":"https:\/\/inmondo.pl\/wp-content\/uploads\/2020\/08\/2019_05_INMONDO_POK\u00d3J_BABY_2-153561920.jpg"},{"acf_fc_layout":"section_woocommerce_text_image","is_active":false,"anchor":"","text_align":"textAlign--right","grid_width":"main","wysiwyg":"","image":false},{"acf_fc_layout":"section_woocommerce_lookbook","is_active":true,"anchor":"lookbook","header":"<h2 style=\"text-align: center;\">Zobacz galeri\u0119 Minimondo:<\/h2>\n<p style=\"text-align: center;\">Minimalistyczny lookbook prosto od naszych projektant\u00f3w. Ogl\u0105daj, inspiruj si\u0119, a\u00a0je\u015bli masz pomys\u0142y lub\u00a0pytania \u2014 od razu dzwo\u0144!<\/p>\n","repeater":[{"shortcode":"[woocommerce_lookbook id=\"1747\"]"},{"shortcode":"[woocommerce_lookbook id=\"1571\"]"},{"shortcode":"[woocommerce_lookbook id=\"1283\"]"}]},{"acf_fc_layout":"section_woocommerce_opinions","is_active":true,"anchor":"opinie"},{"acf_fc_layout":"section_woocommerce_otherFromCategory","is_active":true,"anchor":"inneprodukty"}],"czas_realizacji":""},"yoast_head":"<!-- This site is optimized with the Yoast SEO plugin v27.3 - https:\/\/yoast.com\/product\/yoast-seo-wordpress\/ -->\n<title>P\u00f3\u0142ka - Inmondo<\/title>\n<meta name=\"robots\" content=\"index, follow, max-snippet:-1, max-image-preview:large, max-video-preview:-1\" \/>\n<link rel=\"canonical\" href=\"https:\/\/inmondo.pl\/en\/sklep\/elementy\/polki\/minimondo-polka-wiszaca\/\" \/>\n<meta property=\"og:locale\" content=\"en_GB\" \/>\n<meta property=\"og:type\" content=\"article\" \/>\n<meta property=\"og:title\" content=\"P\u00f3\u0142ka - Inmondo\" \/>\n<meta property=\"og:description\" content=\"P\u00f3\u0142ka z kolekcji Minimondo to doskona\u0142y spos\u00f3b, aby doda\u0107 Twojemu wn\u0119trzu funkcjonalno\u015bci i jednocze\u015bnie pozby\u0107 si\u0119 pustych, nudnych \u015bcian. Dzi\u0119ki lekkiej budowie mebel ten wspaniale odnajdzie si\u0119 w ka\u017cdym pomieszczeniu. Funkcjonalne haczyki sprawdz\u0105 si\u0119, \u017ceby powiesi\u0107 na nich dekoracje lub niezb\u0119dne przy niemowlaku i dziecku akcesoria.  P\u00f3\u0142ka zosta\u0142a pomalowana przyjaznymi dla dziecka i \u015brodowiska lakierami wodnymi.\" \/>\n<meta property=\"og:url\" content=\"https:\/\/inmondo.pl\/en\/sklep\/elementy\/polki\/minimondo-polka-wiszaca\/\" \/>\n<meta property=\"og:site_name\" content=\"Inmondo\" \/>\n<meta property=\"article:modified_time\" content=\"2025-11-26T14:26:58+00:00\" \/>\n<meta property=\"og:image\" content=\"https:\/\/inmondo.pl\/wp-content\/uploads\/2020\/08\/p\u00f3\u0142ka.jpg\" \/>\n\t<meta property=\"og:image:width\" content=\"1920\" \/>\n\t<meta property=\"og:image:height\" content=\"1920\" \/>\n\t<meta property=\"og:image:type\" content=\"image\/jpeg\" \/>\n<meta name=\"twitter:card\" content=\"summary_large_image\" \/>\n<meta name=\"twitter:label1\" content=\"Estimated reading time\" \/>\n\t<meta name=\"twitter:data1\" content=\"2 minutes\" \/>\n<script type=\"application\/ld+json\" class=\"yoast-schema-graph\">{\"@context\":\"https:\\\/\\\/schema.org\",\"@graph\":[{\"@type\":\"WebPage\",\"@id\":\"https:\\\/\\\/inmondo.pl\\\/sklep\\\/elementy\\\/polki\\\/minimondo-polka-wiszaca\\\/\",\"url\":\"https:\\\/\\\/inmondo.pl\\\/sklep\\\/elementy\\\/polki\\\/minimondo-polka-wiszaca\\\/\",\"name\":\"P\u00f3\u0142ka - Inmondo\",\"isPartOf\":{\"@id\":\"https:\\\/\\\/inmondo.pl\\\/#website\"},\"primaryImageOfPage\":{\"@id\":\"https:\\\/\\\/inmondo.pl\\\/sklep\\\/elementy\\\/polki\\\/minimondo-polka-wiszaca\\\/#primaryimage\"},\"image\":{\"@id\":\"https:\\\/\\\/inmondo.pl\\\/sklep\\\/elementy\\\/polki\\\/minimondo-polka-wiszaca\\\/#primaryimage\"},\"thumbnailUrl\":\"https:\\\/\\\/inmondo.pl\\\/wp-content\\\/uploads\\\/2020\\\/08\\\/p\u00f3\u0142ka.jpg\",\"datePublished\":\"2020-06-17T12:47:52+00:00\",\"dateModified\":\"2025-11-26T14:26:58+00:00\",\"breadcrumb\":{\"@id\":\"https:\\\/\\\/inmondo.pl\\\/sklep\\\/elementy\\\/polki\\\/minimondo-polka-wiszaca\\\/#breadcrumb\"},\"inLanguage\":\"en-GB\",\"potentialAction\":[{\"@type\":\"ReadAction\",\"target\":[\"https:\\\/\\\/inmondo.pl\\\/sklep\\\/elementy\\\/polki\\\/minimondo-polka-wiszaca\\\/\"]}]},{\"@type\":\"ImageObject\",\"inLanguage\":\"en-GB\",\"@id\":\"https:\\\/\\\/inmondo.pl\\\/sklep\\\/elementy\\\/polki\\\/minimondo-polka-wiszaca\\\/#primaryimage\",\"url\":\"https:\\\/\\\/inmondo.pl\\\/wp-content\\\/uploads\\\/2020\\\/08\\\/p\u00f3\u0142ka.jpg\",\"contentUrl\":\"https:\\\/\\\/inmondo.pl\\\/wp-content\\\/uploads\\\/2020\\\/08\\\/p\u00f3\u0142ka.jpg\",\"width\":1920,\"height\":1920},{\"@type\":\"BreadcrumbList\",\"@id\":\"https:\\\/\\\/inmondo.pl\\\/sklep\\\/elementy\\\/polki\\\/minimondo-polka-wiszaca\\\/#breadcrumb\",\"itemListElement\":[{\"@type\":\"ListItem\",\"position\":1,\"name\":\"Strona g\u0142\u00f3wna\",\"item\":\"https:\\\/\\\/inmondo.pl\\\/\"},{\"@type\":\"ListItem\",\"position\":2,\"name\":\"Oferta Inmondo: spe\u0142niamy marzenia i wymagania\",\"item\":\"https:\\\/\\\/inmondo.pl\\\/sklep\\\/\"},{\"@type\":\"ListItem\",\"position\":3,\"name\":\"kolekcje\",\"item\":\"https:\\\/\\\/inmondo.pl\\\/de\\\/sklep\\\/kolekcje\\\/\"},{\"@type\":\"ListItem\",\"position\":4,\"name\":\"P\u00f3\u0142ka\"}]},{\"@type\":\"WebSite\",\"@id\":\"https:\\\/\\\/inmondo.pl\\\/#website\",\"url\":\"https:\\\/\\\/inmondo.pl\\\/\",\"name\":\"Inmondo\",\"description\":\"\",\"potentialAction\":[{\"@type\":\"SearchAction\",\"target\":{\"@type\":\"EntryPoint\",\"urlTemplate\":\"https:\\\/\\\/inmondo.pl\\\/?s={search_term_string}\"},\"query-input\":{\"@type\":\"PropertyValueSpecification\",\"valueRequired\":true,\"valueName\":\"search_term_string\"}}],\"inLanguage\":\"en-GB\"}]}<\/script>\n<!-- \/ Yoast SEO plugin. -->","yoast_head_json":{"title":"Shelf - Inmondo","robots":{"index":"index","follow":"follow","max-snippet":"max-snippet:-1","max-image-preview":"max-image-preview:large","max-video-preview":"max-video-preview:-1"},"canonical":"https:\/\/inmondo.pl\/en\/sklep\/elementy\/polki\/minimondo-polka-wiszaca\/","og_locale":"en_GB","og_type":"article","og_title":"P\u00f3\u0142ka - Inmondo","og_description":"P\u00f3\u0142ka z kolekcji Minimondo to doskona\u0142y spos\u00f3b, aby doda\u0107 Twojemu wn\u0119trzu funkcjonalno\u015bci i jednocze\u015bnie pozby\u0107 si\u0119 pustych, nudnych \u015bcian. Dzi\u0119ki lekkiej budowie mebel ten wspaniale odnajdzie si\u0119 w ka\u017cdym pomieszczeniu. Funkcjonalne haczyki sprawdz\u0105 si\u0119, \u017ceby powiesi\u0107 na nich dekoracje lub niezb\u0119dne przy niemowlaku i dziecku akcesoria.  P\u00f3\u0142ka zosta\u0142a pomalowana przyjaznymi dla dziecka i \u015brodowiska lakierami wodnymi.","og_url":"https:\/\/inmondo.pl\/en\/sklep\/elementy\/polki\/minimondo-polka-wiszaca\/","og_site_name":"Inmondo","article_modified_time":"2025-11-26T14:26:58+00:00","og_image":[{"width":1920,"height":1920,"url":"https:\/\/inmondo.pl\/wp-content\/uploads\/2020\/08\/p\u00f3\u0142ka.jpg","type":"image\/jpeg"}],"twitter_card":"summary_large_image","twitter_misc":{"Estimated reading time":"2 minutes"},"schema":{"@context":"https:\/\/schema.org","@graph":[{"@type":"WebPage","@id":"https:\/\/inmondo.pl\/sklep\/elementy\/polki\/minimondo-polka-wiszaca\/","url":"https:\/\/inmondo.pl\/sklep\/elementy\/polki\/minimondo-polka-wiszaca\/","name":"Shelf - Inmondo","isPartOf":{"@id":"https:\/\/inmondo.pl\/#website"},"primaryImageOfPage":{"@id":"https:\/\/inmondo.pl\/sklep\/elementy\/polki\/minimondo-polka-wiszaca\/#primaryimage"},"image":{"@id":"https:\/\/inmondo.pl\/sklep\/elementy\/polki\/minimondo-polka-wiszaca\/#primaryimage"},"thumbnailUrl":"https:\/\/inmondo.pl\/wp-content\/uploads\/2020\/08\/p\u00f3\u0142ka.jpg","datePublished":"2020-06-17T12:47:52+00:00","dateModified":"2025-11-26T14:26:58+00:00","breadcrumb":{"@id":"https:\/\/inmondo.pl\/sklep\/elementy\/polki\/minimondo-polka-wiszaca\/#breadcrumb"},"inLanguage":"en-GB","potentialAction":[{"@type":"ReadAction","target":["https:\/\/inmondo.pl\/sklep\/elementy\/polki\/minimondo-polka-wiszaca\/"]}]},{"@type":"ImageObject","inLanguage":"en-GB","@id":"https:\/\/inmondo.pl\/sklep\/elementy\/polki\/minimondo-polka-wiszaca\/#primaryimage","url":"https:\/\/inmondo.pl\/wp-content\/uploads\/2020\/08\/p\u00f3\u0142ka.jpg","contentUrl":"https:\/\/inmondo.pl\/wp-content\/uploads\/2020\/08\/p\u00f3\u0142ka.jpg","width":1920,"height":1920},{"@type":"BreadcrumbList","@id":"https:\/\/inmondo.pl\/sklep\/elementy\/polki\/minimondo-polka-wiszaca\/#breadcrumb","itemListElement":[{"@type":"ListItem","position":1,"name":"Strona g\u0142\u00f3wna","item":"https:\/\/inmondo.pl\/"},{"@type":"ListItem","position":2,"name":"Oferta Inmondo: spe\u0142niamy marzenia i wymagania","item":"https:\/\/inmondo.pl\/sklep\/"},{"@type":"ListItem","position":3,"name":"kolekcje","item":"https:\/\/inmondo.pl\/de\/sklep\/kolekcje\/"},{"@type":"ListItem","position":4,"name":"P\u00f3\u0142ka"}]},{"@type":"WebSite","@id":"https:\/\/inmondo.pl\/#website","url":"https:\/\/inmondo.pl\/","name":"Inmondo","description":"","potentialAction":[{"@type":"SearchAction","target":{"@type":"EntryPoint","urlTemplate":"https:\/\/inmondo.pl\/?s={search_term_string}"},"query-input":{"@type":"PropertyValueSpecification","valueRequired":true,"valueName":"search_term_string"}}],"inLanguage":"en-GB"}]}},"wcpa_form_fields":null,"_links":{"self":[{"href":"https:\/\/inmondo.pl\/en\/wp-json\/wp\/v2\/product\/1044","targetHints":{"allow":["GET"]}}],"collection":[{"href":"https:\/\/inmondo.pl\/en\/wp-json\/wp\/v2\/product"}],"about":[{"href":"https:\/\/inmondo.pl\/en\/wp-json\/wp\/v2\/types\/product"}],"replies":[{"embeddable":true,"href":"https:\/\/inmondo.pl\/en\/wp-json\/wp\/v2\/comments?post=1044"}],"wp:featuredmedia":[{"embeddable":true,"href":"https:\/\/inmondo.pl\/en\/wp-json\/wp\/v2\/media\/1780"}],"wp:attachment":[{"href":"https:\/\/inmondo.pl\/en\/wp-json\/wp\/v2\/media?parent=1044"}],"wp:term":[{"taxonomy":"product_brand","embeddable":true,"href":"https:\/\/inmondo.pl\/en\/wp-json\/wp\/v2\/product_brand?post=1044"},{"taxonomy":"product_cat","embeddable":true,"href":"https:\/\/inmondo.pl\/en\/wp-json\/wp\/v2\/product_cat?post=1044"},{"taxonomy":"product_tag","embeddable":true,"href":"https:\/\/inmondo.pl\/en\/wp-json\/wp\/v2\/product_tag?post=1044"}],"curies":[{"name":"wp","href":"https:\/\/api.w.org\/{rel}","templated":true}]}}