{"id":10411,"date":"2025-06-16T12:51:11","date_gmt":"2025-06-16T10:51:11","guid":{"rendered":"https:\/\/inmondo.pl\/?post_type=product&#038;p=10411"},"modified":"2026-04-13T10:39:41","modified_gmt":"2026-04-13T08:39:41","slug":"szafa-trzydrzwiowa-3d2s","status":"publish","type":"product","link":"https:\/\/inmondo.pl\/en\/sklep\/elementy\/szafy\/szafa-trzydrzwiowa-3d2s\/","title":{"rendered":"3-door wardrobe 3D2S"},"content":{"rendered":"<p>A spacious wardrobe is one of the most important pieces of furniture in a child&#039;s room - it allows for proper storage of clothes and helps to keep the room tidy. The presented wardrobe from the Collet collection is a very functional piece of furniture, the timeless style of which will be perfect for both a toddler and a teenager.<\/p>\n<p>It can easily accommodate a large amount of things, thanks to the shelf and bar hidden behind the door and an additional drawer.<\/p>","protected":false},"excerpt":{"rendered":"<p>Wardrobe for children's room Collet<\/p>\n<p>A capacious wardrobe is one of the most important pieces of furniture for a child's room - it allows clothes to be stored properly and helps to keep the room tidy.<\/p>\n<p>It is the ideal choice for parents who want a once-in-a-lifetime investment in a sturdy, thoughtfully designed piece of furniture that will grow with their child - from preschooler to teenager.<\/p>\n<p>The capacious interior with a bar, shelves and drawers will hold clothes, accessories and children's treasures - all in one tidy place.<\/p>\n<p>&nbsp;<\/p>\n<h6><\/h6>","protected":false},"featured_media":10839,"comment_status":"open","ping_status":"closed","template":"","meta":{"_acf_changed":false},"product_brand":[],"product_cat":[24,20,17,22],"product_tag":[],"class_list":{"0":"post-10411","1":"product","2":"type-product","3":"status-publish","4":"has-post-thumbnail","6":"product_cat-collet","7":"product_cat-elementy","8":"product_cat-kolekcje","9":"product_cat-szafy","11":"first","12":"onbackorder","13":"taxable","14":"shipping-taxable","15":"purchasable","16":"product-type-variable","17":"has-default-attributes"},"acf":{"wymiary":"Wysoko\u015b\u0107: 190 cm<br \/>\r\nSzeroko\u015b\u0107: 145 cm<br \/>\r\nG\u0142\u0119boko\u015b\u0107: 52 cm","materialy":"korpus i&nbsp;fronty: MDF, nogi: drewno sosnowe, lakiery wodne i&nbsp;wodne UV","sections_woocommerce":[{"acf_fc_layout":"section_menu","is_active":true,"repeater":[{"text":"Opis","link":"#opis"},{"text":"Lookbook","link":"#lookbook"},{"text":"Opinie","link":"#opinie"},{"text":"Inne produkty","link":"#inneprodukty"}]},{"acf_fc_layout":"section_woocommerce_text_image","is_active":true,"anchor":"opis","text_align":"textAlign--left","grid_width":"main","wysiwyg":"<h2>Szafa Collet<\/h2>\n<p>Meble z kolekcji Collet to ponadczasowa, prosta forma podkre\u015blona przez kolory, kt\u00f3re s\u0105 szczeg\u00f3lnie lubiane przez dzieci.<\/p>\n<p>Szafa zachwyca <strong data-start=\"902\" data-end=\"928\">ponadczasowym designem<\/strong> \u2013 minimalistyczna forma, staranne wyko\u0144czenie i mo\u017cliwo\u015b\u0107 wyboru koloru z palety kolekcji Collet sprawiaj\u0105, \u017ce doskonale wpisze si\u0119 w aran\u017cacj\u0119 ka\u017cdego dzieci\u0119cego pokoju.<\/p>\n<p><strong data-start=\"1159\" data-end=\"1187\">Harmonijny styl kolekcji Collet<\/strong> sprawia, \u017ce mo\u017cesz \u0142atwo zestawi\u0107 j\u0105 z innymi meblami, tworz\u0105c sp\u00f3jn\u0105 i funkcjonaln\u0105 przestrze\u0144.<\/p>\n","image":"https:\/\/inmondo.pl\/wp-content\/uploads\/2025\/05\/T0A4402.jpeg"},{"acf_fc_layout":"section_woocommerce_text_image","is_active":false,"anchor":"","text_align":"textAlign--right","grid_width":"main","wysiwyg":"<p>Ponadczasowe, minimalistyczne skandynawskie wzornictwo, podkre\u015blone drewnianymi uchwytami, kt\u00f3re dope\u0142ni modny wystr\u00f3j pokoju twojego dziecka. Za\u00a0par\u0105 drzwi znajduje si\u0119 dr\u0105\u017cek. Dzi\u0119ki szufladzie uzyskano dodatkow\u0105 przestrze\u0144 do\u00a0przechowywania.<\/p>\n<p>Szafa zosta\u0142a pomalowana przyjaznymi dla\u00a0\u015brodowiska lakierami wodnymi. Zawarte w\u00a0niej drewno pochodzi z\u00a0certyfikowanych, dobrze zarz\u0105dzanych las\u00f3w. Gwarantujemy to certyfikatem FSC.<\/p>\n","image":"https:\/\/inmondo.pl\/wp-content\/uploads\/2025\/06\/T0A4415.jpeg"},{"acf_fc_layout":"section_woocommerce_lookbook","is_active":true,"anchor":"lookbook","header":"<h2 style=\"text-align: center;\">Zobacz galeri\u0119 Collet:<\/h2>\n<p style=\"text-align: center;\">Minimalistyczny lookbook prosto od naszych projektant\u00f3w. Ogl\u0105daj, inspiruj si\u0119, a\u00a0je\u015bli masz pomys\u0142y lub\u00a0pytania \u2014 od razu dzwo\u0144!<\/p>\n","repeater":[{"shortcode":"[woocommerce_lookbook id=\"1363\"]"},{"shortcode":"[woocommerce_lookbook id=\"1356\"]"},{"shortcode":"[woocommerce_lookbook id=\"1365\"]"},{"shortcode":"[woocommerce_lookbook id=\"1520\"]"},{"shortcode":"[woocommerce_lookbook id=\"1441\"]"}]},{"acf_fc_layout":"section_woocommerce_opinions","is_active":true,"anchor":"opinie"},{"acf_fc_layout":"section_woocommerce_otherFromCategory","is_active":true,"anchor":"inneprodukty"}],"czas_realizacji":""},"yoast_head":"<!-- This site is optimized with the Yoast SEO plugin v27.3 - https:\/\/yoast.com\/product\/yoast-seo-wordpress\/ -->\n<title>Szafa Trzydrzwiowa 3D2S - Inmondo<\/title>\n<meta name=\"description\" content=\"Pojemna szafa to jeden z najwa\u017cniejszych element\u00f3w umeblowania pokoju dzieci\u0119cego. Odkryj wszystkie zalety szafy do pokoju dzieci\u0119cego z kolekcji Collet.\" \/>\n<meta name=\"robots\" content=\"index, follow, max-snippet:-1, max-image-preview:large, max-video-preview:-1\" \/>\n<link rel=\"canonical\" href=\"https:\/\/inmondo.pl\/en\/sklep\/elementy\/szafy\/szafa-trzydrzwiowa-3d2s\/\" \/>\n<meta property=\"og:locale\" content=\"en_GB\" \/>\n<meta property=\"og:type\" content=\"article\" \/>\n<meta property=\"og:title\" content=\"Szafa Trzydrzwiowa 3D2S - Inmondo\" \/>\n<meta property=\"og:description\" content=\"Pojemna szafa to jeden z najwa\u017cniejszych element\u00f3w umeblowania pokoju dzieci\u0119cego. Odkryj wszystkie zalety szafy do pokoju dzieci\u0119cego z kolekcji Collet.\" \/>\n<meta property=\"og:url\" content=\"https:\/\/inmondo.pl\/en\/sklep\/elementy\/szafy\/szafa-trzydrzwiowa-3d2s\/\" \/>\n<meta property=\"og:site_name\" content=\"Inmondo\" \/>\n<meta property=\"article:modified_time\" content=\"2026-04-13T08:39:41+00:00\" \/>\n<meta property=\"og:image\" content=\"https:\/\/inmondo.pl\/wp-content\/uploads\/2025\/06\/mini_Szafa-3D-kaszmir-1.png\" \/>\n\t<meta property=\"og:image:width\" content=\"930\" \/>\n\t<meta property=\"og:image:height\" content=\"930\" \/>\n\t<meta property=\"og:image:type\" content=\"image\/png\" \/>\n<meta name=\"twitter:card\" content=\"summary_large_image\" \/>\n<meta name=\"twitter:label1\" content=\"Estimated reading time\" \/>\n\t<meta name=\"twitter:data1\" content=\"3 minutes\" \/>\n<script type=\"application\/ld+json\" class=\"yoast-schema-graph\">{\"@context\":\"https:\\\/\\\/schema.org\",\"@graph\":[{\"@type\":\"WebPage\",\"@id\":\"https:\\\/\\\/inmondo.pl\\\/sklep\\\/elementy\\\/szafy\\\/szafa-trzydrzwiowa-3d2s\\\/\",\"url\":\"https:\\\/\\\/inmondo.pl\\\/sklep\\\/elementy\\\/szafy\\\/szafa-trzydrzwiowa-3d2s\\\/\",\"name\":\"Szafa Trzydrzwiowa 3D2S - Inmondo\",\"isPartOf\":{\"@id\":\"https:\\\/\\\/inmondo.pl\\\/#website\"},\"primaryImageOfPage\":{\"@id\":\"https:\\\/\\\/inmondo.pl\\\/sklep\\\/elementy\\\/szafy\\\/szafa-trzydrzwiowa-3d2s\\\/#primaryimage\"},\"image\":{\"@id\":\"https:\\\/\\\/inmondo.pl\\\/sklep\\\/elementy\\\/szafy\\\/szafa-trzydrzwiowa-3d2s\\\/#primaryimage\"},\"thumbnailUrl\":\"https:\\\/\\\/inmondo.pl\\\/wp-content\\\/uploads\\\/2025\\\/06\\\/mini_Szafa-3D-kaszmir-1.png\",\"datePublished\":\"2025-06-16T10:51:11+00:00\",\"dateModified\":\"2026-04-13T08:39:41+00:00\",\"description\":\"Pojemna szafa to jeden z najwa\u017cniejszych element\u00f3w umeblowania pokoju dzieci\u0119cego. Odkryj wszystkie zalety szafy do pokoju dzieci\u0119cego z kolekcji Collet.\",\"breadcrumb\":{\"@id\":\"https:\\\/\\\/inmondo.pl\\\/sklep\\\/elementy\\\/szafy\\\/szafa-trzydrzwiowa-3d2s\\\/#breadcrumb\"},\"inLanguage\":\"en-GB\",\"potentialAction\":[{\"@type\":\"ReadAction\",\"target\":[\"https:\\\/\\\/inmondo.pl\\\/sklep\\\/elementy\\\/szafy\\\/szafa-trzydrzwiowa-3d2s\\\/\"]}]},{\"@type\":\"ImageObject\",\"inLanguage\":\"en-GB\",\"@id\":\"https:\\\/\\\/inmondo.pl\\\/sklep\\\/elementy\\\/szafy\\\/szafa-trzydrzwiowa-3d2s\\\/#primaryimage\",\"url\":\"https:\\\/\\\/inmondo.pl\\\/wp-content\\\/uploads\\\/2025\\\/06\\\/mini_Szafa-3D-kaszmir-1.png\",\"contentUrl\":\"https:\\\/\\\/inmondo.pl\\\/wp-content\\\/uploads\\\/2025\\\/06\\\/mini_Szafa-3D-kaszmir-1.png\",\"width\":930,\"height\":930},{\"@type\":\"BreadcrumbList\",\"@id\":\"https:\\\/\\\/inmondo.pl\\\/sklep\\\/elementy\\\/szafy\\\/szafa-trzydrzwiowa-3d2s\\\/#breadcrumb\",\"itemListElement\":[{\"@type\":\"ListItem\",\"position\":1,\"name\":\"Strona g\u0142\u00f3wna\",\"item\":\"https:\\\/\\\/inmondo.pl\\\/\"},{\"@type\":\"ListItem\",\"position\":2,\"name\":\"Oferta Inmondo: spe\u0142niamy marzenia i wymagania\",\"item\":\"https:\\\/\\\/inmondo.pl\\\/sklep\\\/\"},{\"@type\":\"ListItem\",\"position\":3,\"name\":\"kolekcje\",\"item\":\"https:\\\/\\\/inmondo.pl\\\/de\\\/sklep\\\/kolekcje\\\/\"},{\"@type\":\"ListItem\",\"position\":4,\"name\":\"Collet\",\"item\":\"https:\\\/\\\/inmondo.pl\\\/sklep\\\/kolekcje\\\/collet\\\/\"},{\"@type\":\"ListItem\",\"position\":5,\"name\":\"Szafa Trzydrzwiowa 3D2S\"}]},{\"@type\":\"WebSite\",\"@id\":\"https:\\\/\\\/inmondo.pl\\\/#website\",\"url\":\"https:\\\/\\\/inmondo.pl\\\/\",\"name\":\"Inmondo\",\"description\":\"\",\"potentialAction\":[{\"@type\":\"SearchAction\",\"target\":{\"@type\":\"EntryPoint\",\"urlTemplate\":\"https:\\\/\\\/inmondo.pl\\\/?s={search_term_string}\"},\"query-input\":{\"@type\":\"PropertyValueSpecification\",\"valueRequired\":true,\"valueName\":\"search_term_string\"}}],\"inLanguage\":\"en-GB\"}]}<\/script>\n<!-- \/ Yoast SEO plugin. -->","yoast_head_json":{"title":"Three-door wardrobe 3D2S - Inmondo","description":"A capacious wardrobe is one of the most important pieces of furniture for a child's room. Discover all the advantages of the wardrobe for the children's room from the Collet collection.","robots":{"index":"index","follow":"follow","max-snippet":"max-snippet:-1","max-image-preview":"max-image-preview:large","max-video-preview":"max-video-preview:-1"},"canonical":"https:\/\/inmondo.pl\/en\/sklep\/elementy\/szafy\/szafa-trzydrzwiowa-3d2s\/","og_locale":"en_GB","og_type":"article","og_title":"Szafa Trzydrzwiowa 3D2S - Inmondo","og_description":"Pojemna szafa to jeden z najwa\u017cniejszych element\u00f3w umeblowania pokoju dzieci\u0119cego. Odkryj wszystkie zalety szafy do pokoju dzieci\u0119cego z kolekcji Collet.","og_url":"https:\/\/inmondo.pl\/en\/sklep\/elementy\/szafy\/szafa-trzydrzwiowa-3d2s\/","og_site_name":"Inmondo","article_modified_time":"2026-04-13T08:39:41+00:00","og_image":[{"width":930,"height":930,"url":"https:\/\/inmondo.pl\/wp-content\/uploads\/2025\/06\/mini_Szafa-3D-kaszmir-1.png","type":"image\/png"}],"twitter_card":"summary_large_image","twitter_misc":{"Estimated reading time":"3 minutes"},"schema":{"@context":"https:\/\/schema.org","@graph":[{"@type":"WebPage","@id":"https:\/\/inmondo.pl\/sklep\/elementy\/szafy\/szafa-trzydrzwiowa-3d2s\/","url":"https:\/\/inmondo.pl\/sklep\/elementy\/szafy\/szafa-trzydrzwiowa-3d2s\/","name":"Three-door wardrobe 3D2S - Inmondo","isPartOf":{"@id":"https:\/\/inmondo.pl\/#website"},"primaryImageOfPage":{"@id":"https:\/\/inmondo.pl\/sklep\/elementy\/szafy\/szafa-trzydrzwiowa-3d2s\/#primaryimage"},"image":{"@id":"https:\/\/inmondo.pl\/sklep\/elementy\/szafy\/szafa-trzydrzwiowa-3d2s\/#primaryimage"},"thumbnailUrl":"https:\/\/inmondo.pl\/wp-content\/uploads\/2025\/06\/mini_Szafa-3D-kaszmir-1.png","datePublished":"2025-06-16T10:51:11+00:00","dateModified":"2026-04-13T08:39:41+00:00","description":"A capacious wardrobe is one of the most important pieces of furniture for a child's room. Discover all the advantages of the wardrobe for the children's room from the Collet collection.","breadcrumb":{"@id":"https:\/\/inmondo.pl\/sklep\/elementy\/szafy\/szafa-trzydrzwiowa-3d2s\/#breadcrumb"},"inLanguage":"en-GB","potentialAction":[{"@type":"ReadAction","target":["https:\/\/inmondo.pl\/sklep\/elementy\/szafy\/szafa-trzydrzwiowa-3d2s\/"]}]},{"@type":"ImageObject","inLanguage":"en-GB","@id":"https:\/\/inmondo.pl\/sklep\/elementy\/szafy\/szafa-trzydrzwiowa-3d2s\/#primaryimage","url":"https:\/\/inmondo.pl\/wp-content\/uploads\/2025\/06\/mini_Szafa-3D-kaszmir-1.png","contentUrl":"https:\/\/inmondo.pl\/wp-content\/uploads\/2025\/06\/mini_Szafa-3D-kaszmir-1.png","width":930,"height":930},{"@type":"BreadcrumbList","@id":"https:\/\/inmondo.pl\/sklep\/elementy\/szafy\/szafa-trzydrzwiowa-3d2s\/#breadcrumb","itemListElement":[{"@type":"ListItem","position":1,"name":"Strona g\u0142\u00f3wna","item":"https:\/\/inmondo.pl\/"},{"@type":"ListItem","position":2,"name":"Oferta Inmondo: spe\u0142niamy marzenia i wymagania","item":"https:\/\/inmondo.pl\/sklep\/"},{"@type":"ListItem","position":3,"name":"kolekcje","item":"https:\/\/inmondo.pl\/de\/sklep\/kolekcje\/"},{"@type":"ListItem","position":4,"name":"Collet","item":"https:\/\/inmondo.pl\/sklep\/kolekcje\/collet\/"},{"@type":"ListItem","position":5,"name":"Szafa Trzydrzwiowa 3D2S"}]},{"@type":"WebSite","@id":"https:\/\/inmondo.pl\/#website","url":"https:\/\/inmondo.pl\/","name":"Inmondo","description":"","potentialAction":[{"@type":"SearchAction","target":{"@type":"EntryPoint","urlTemplate":"https:\/\/inmondo.pl\/?s={search_term_string}"},"query-input":{"@type":"PropertyValueSpecification","valueRequired":true,"valueName":"search_term_string"}}],"inLanguage":"en-GB"}]}},"wcpa_form_fields":null,"_links":{"self":[{"href":"https:\/\/inmondo.pl\/en\/wp-json\/wp\/v2\/product\/10411","targetHints":{"allow":["GET"]}}],"collection":[{"href":"https:\/\/inmondo.pl\/en\/wp-json\/wp\/v2\/product"}],"about":[{"href":"https:\/\/inmondo.pl\/en\/wp-json\/wp\/v2\/types\/product"}],"replies":[{"embeddable":true,"href":"https:\/\/inmondo.pl\/en\/wp-json\/wp\/v2\/comments?post=10411"}],"wp:featuredmedia":[{"embeddable":true,"href":"https:\/\/inmondo.pl\/en\/wp-json\/wp\/v2\/media\/10839"}],"wp:attachment":[{"href":"https:\/\/inmondo.pl\/en\/wp-json\/wp\/v2\/media?parent=10411"}],"wp:term":[{"taxonomy":"product_brand","embeddable":true,"href":"https:\/\/inmondo.pl\/en\/wp-json\/wp\/v2\/product_brand?post=10411"},{"taxonomy":"product_cat","embeddable":true,"href":"https:\/\/inmondo.pl\/en\/wp-json\/wp\/v2\/product_cat?post=10411"},{"taxonomy":"product_tag","embeddable":true,"href":"https:\/\/inmondo.pl\/en\/wp-json\/wp\/v2\/product_tag?post=10411"}],"curies":[{"name":"wp","href":"https:\/\/api.w.org\/{rel}","templated":true}]}}