{"id":982,"date":"2020-06-17T11:26:29","date_gmt":"2020-06-17T09:26:29","guid":{"rendered":"http:\/\/inmondo.pl\/?post_type=product&#038;p=982"},"modified":"2025-12-29T15:27:48","modified_gmt":"2025-12-29T14:27:48","slug":"spielzeug-essi-wagen","status":"publish","type":"product","link":"https:\/\/inmondo.pl\/de\/sklep\/elementy\/akcesoria\/spielzeug-essi-wagen\/","title":{"rendered":"ESSI Spielzeugwagen"},"content":{"rendered":"<p>Der solide und ger\u00e4umige Essi-Wagen eignet sich perfekt zum Aufbewahren von Spielzeug und anderen Gegenst\u00e4nden und hilft dabei, den Raum aufger\u00e4umt zu halten.<\/p>\n<p>Schnappen Sie sich eine Schnur und nehmen Sie Ihre Freunde mit auf eine Reise durch den Raum. Dank Buchenr\u00e4dern mit Gummireifen wird die Fahrt komfortabel, leise und bodensicher.<\/p>\n<p>Der Wagen ist aus Birkensperrholz gefertigt und mit umweltfreundlichen Lacken auf Wasserbasis lackiert.<\/p>","protected":false},"excerpt":{"rendered":"<p>Der solide und ger\u00e4umige Essi-Wagen eignet sich perfekt zum Aufbewahren von Spielzeug und anderen Gegenst\u00e4nden und hilft dabei, den Raum aufger\u00e4umt zu halten.<\/p>\n<p>Schnappen Sie sich eine Schnur und nehmen Sie Ihre Freunde mit auf eine Reise durch den Raum. Dank Buchenr\u00e4dern mit Gummireifen wird die Fahrt komfortabel, leise und bodensicher.<\/p>\n<p>Der Wagen ist aus Birkensperrholz gefertigt und mit umweltfreundlichen Lacken auf Wasserbasis lackiert.<\/p>","protected":false},"featured_media":836,"comment_status":"open","ping_status":"closed","template":"","meta":{"_acf_changed":false},"product_brand":[],"product_cat":[32,20,17,26,202],"product_tag":[],"class_list":{"0":"post-982","1":"product","2":"type-product","3":"status-publish","4":"has-post-thumbnail","6":"product_cat-akcesoria","7":"product_cat-elementy","8":"product_cat-kolekcje","9":"product_cat-oferta-uzupelniajaca","10":"product_cat-wyprzedaz","12":"first","13":"instock","14":"taxable","15":"shipping-taxable","16":"purchasable","17":"product-type-variable","18":"has-default-attributes"},"acf":{"wymiary":"Szeroko\u015b\u0107: 60 cm<br \/>\r\nWysoko\u015b\u0107: 33 cm<br \/>\r\nG\u0142\u0119boko\u015b\u0107: 44 cm","materialy":"sklejka brzozowa, p\u0142yta MDF, k\u00f3\u0142ka bukowe, lakier wodny i&nbsp;wodny UV","sections_woocommerce":[{"acf_fc_layout":"section_menu","is_active":true,"repeater":[{"text":"Opis","link":"#opis"},{"text":"Lookbook","link":"#lookbook"},{"text":"Opinie","link":"#opinie"},{"text":"Inne produkty","link":"#inneprodukty"}]},{"acf_fc_layout":"section_woocommerce_text_image","is_active":true,"anchor":"opis","text_align":"textAlign--left","grid_width":"main","wysiwyg":"<p>W naszej ofercie znajdziecie stoliki, krzese\u0142ka i\u00a0p\u00f3\u0142eczki, kt\u00f3re \u015bwietnie komponuj\u0105 si\u0119 z\u00a0wszystkimi kolekcjami Inmondo.<\/p>\n<p>Tworz\u0105c nasze meble my\u015blimy nie tylko o\u00a0funkcjonalno\u015bci, ale\u00a0tak\u017ce o\u00a0bezpiecze\u0144stwie i\u00a0komforcie Twojego dziecka. Dlatego\u00a0wszystkie nasze meble s\u0105 lakierowane ekologicznymi farbami wodnymi. Drewno, z\u00a0kt\u00f3rych s\u0105 wykonane pochodzi z\u00a0certyfikowanych, dobrze zarz\u0105dzanych las\u00f3w.<\/p>\n","image":"https:\/\/inmondo.pl\/wp-content\/uploads\/2020\/06\/2019_10_INMONDO_SESJA_DODATKOWA-21751-scaled-e1596024368394.jpg"},{"acf_fc_layout":"section_woocommerce_text_image","is_active":false,"anchor":"","text_align":"textAlign--right","grid_width":"main","wysiwyg":"","image":false},{"acf_fc_layout":"section_woocommerce_lookbook","is_active":true,"anchor":"lookbook","header":"<h2 style=\"text-align: center;\">Zobacz galeri\u0119 mebli uzupe\u0142niaj\u0105cych nasze kolekcje:<\/h2>\n<p style=\"text-align: center;\">Zapraszamy do\u00a0zapoznania si\u0119 z\u00a0kolekcj\u0105 uzupe\u0142niaj\u0105c\u0105. Wzbogacisz pok\u00f3j w\u00a0urocze elementy dodaj\u0105ce blasku twojemu wn\u0119trzu. Pokazujemy Ci tylko u\u0142amek mo\u017cliwo\u015bci\u2026 Zainspiruj si\u0119\u2026<\/p>\n","repeater":[{"shortcode":"[woocommerce_lookbook id=\"1582\"]"},{"shortcode":"[woocommerce_lookbook id=\"1279\"]"},{"shortcode":"[woocommerce_lookbook id=\"1351\"]"}]},{"acf_fc_layout":"section_woocommerce_opinions","is_active":true,"anchor":"opinie"},{"acf_fc_layout":"section_woocommerce_otherFromCategory","is_active":true,"anchor":"inneprodukty"}],"czas_realizacji":""},"yoast_head":"<!-- This site is optimized with the Yoast SEO plugin v27.3 - https:\/\/yoast.com\/product\/yoast-seo-wordpress\/ -->\n<title>W\u00f3zek na zabawki ESSI - Inmondo<\/title>\n<meta name=\"description\" content=\"Pojemny w\u00f3zek drewniany na zabawki pomie\u015bci wszystkie skarby i ulubione zabawki dziecka, pozwalaj\u0105c jednocze\u015bnie na \u0142atwe przenoszenie ich z miejsca na miejsce.\" \/>\n<meta name=\"robots\" content=\"index, follow, max-snippet:-1, max-image-preview:large, max-video-preview:-1\" \/>\n<link rel=\"canonical\" href=\"https:\/\/inmondo.pl\/de\/sklep\/elementy\/akcesoria\/spielzeug-essi-wagen\/\" \/>\n<meta property=\"og:locale\" content=\"de_DE\" \/>\n<meta property=\"og:type\" content=\"article\" \/>\n<meta property=\"og:title\" content=\"W\u00f3zek na zabawki ESSI - Inmondo\" \/>\n<meta property=\"og:description\" content=\"Pojemny w\u00f3zek drewniany na zabawki pomie\u015bci wszystkie skarby i ulubione zabawki dziecka, pozwalaj\u0105c jednocze\u015bnie na \u0142atwe przenoszenie ich z miejsca na miejsce.\" \/>\n<meta property=\"og:url\" content=\"https:\/\/inmondo.pl\/de\/sklep\/elementy\/akcesoria\/spielzeug-essi-wagen\/\" \/>\n<meta property=\"og:site_name\" content=\"Inmondo\" \/>\n<meta property=\"article:modified_time\" content=\"2025-12-29T14:27:48+00:00\" \/>\n<meta property=\"og:image\" content=\"https:\/\/inmondo.pl\/wp-content\/uploads\/2020\/06\/2019_09_INMONDO_PACKSHOTY-19898_small.jpg\" \/>\n\t<meta property=\"og:image:width\" content=\"960\" \/>\n\t<meta property=\"og:image:height\" content=\"960\" \/>\n\t<meta property=\"og:image:type\" content=\"image\/jpeg\" \/>\n<meta name=\"twitter:card\" content=\"summary_large_image\" \/>\n<meta name=\"twitter:label1\" content=\"Gesch\u00e4tzte Lesezeit\" \/>\n\t<meta name=\"twitter:data1\" content=\"2\u00a0Minuten\" \/>\n<script type=\"application\/ld+json\" class=\"yoast-schema-graph\">{\"@context\":\"https:\\\/\\\/schema.org\",\"@graph\":[{\"@type\":\"WebPage\",\"@id\":\"https:\\\/\\\/inmondo.pl\\\/en\\\/sklep\\\/elementy\\\/akcesoria\\\/wozek-na-zabawki-essi\\\/\",\"url\":\"https:\\\/\\\/inmondo.pl\\\/en\\\/sklep\\\/elementy\\\/akcesoria\\\/wozek-na-zabawki-essi\\\/\",\"name\":\"W\u00f3zek na zabawki ESSI - Inmondo\",\"isPartOf\":{\"@id\":\"https:\\\/\\\/inmondo.pl\\\/#website\"},\"primaryImageOfPage\":{\"@id\":\"https:\\\/\\\/inmondo.pl\\\/en\\\/sklep\\\/elementy\\\/akcesoria\\\/wozek-na-zabawki-essi\\\/#primaryimage\"},\"image\":{\"@id\":\"https:\\\/\\\/inmondo.pl\\\/en\\\/sklep\\\/elementy\\\/akcesoria\\\/wozek-na-zabawki-essi\\\/#primaryimage\"},\"thumbnailUrl\":\"https:\\\/\\\/inmondo.pl\\\/wp-content\\\/uploads\\\/2020\\\/06\\\/2019_09_INMONDO_PACKSHOTY-19898_small.jpg\",\"datePublished\":\"2020-06-17T09:26:29+00:00\",\"dateModified\":\"2025-12-29T14:27:48+00:00\",\"description\":\"Pojemny w\u00f3zek drewniany na zabawki pomie\u015bci wszystkie skarby i ulubione zabawki dziecka, pozwalaj\u0105c jednocze\u015bnie na \u0142atwe przenoszenie ich z miejsca na miejsce.\",\"breadcrumb\":{\"@id\":\"https:\\\/\\\/inmondo.pl\\\/en\\\/sklep\\\/elementy\\\/akcesoria\\\/wozek-na-zabawki-essi\\\/#breadcrumb\"},\"inLanguage\":\"de\",\"potentialAction\":[{\"@type\":\"ReadAction\",\"target\":[\"https:\\\/\\\/inmondo.pl\\\/en\\\/sklep\\\/elementy\\\/akcesoria\\\/wozek-na-zabawki-essi\\\/\"]}]},{\"@type\":\"ImageObject\",\"inLanguage\":\"de\",\"@id\":\"https:\\\/\\\/inmondo.pl\\\/en\\\/sklep\\\/elementy\\\/akcesoria\\\/wozek-na-zabawki-essi\\\/#primaryimage\",\"url\":\"https:\\\/\\\/inmondo.pl\\\/wp-content\\\/uploads\\\/2020\\\/06\\\/2019_09_INMONDO_PACKSHOTY-19898_small.jpg\",\"contentUrl\":\"https:\\\/\\\/inmondo.pl\\\/wp-content\\\/uploads\\\/2020\\\/06\\\/2019_09_INMONDO_PACKSHOTY-19898_small.jpg\",\"width\":960,\"height\":960},{\"@type\":\"BreadcrumbList\",\"@id\":\"https:\\\/\\\/inmondo.pl\\\/en\\\/sklep\\\/elementy\\\/akcesoria\\\/wozek-na-zabawki-essi\\\/#breadcrumb\",\"itemListElement\":[{\"@type\":\"ListItem\",\"position\":1,\"name\":\"Strona g\u0142\u00f3wna\",\"item\":\"https:\\\/\\\/inmondo.pl\\\/\"},{\"@type\":\"ListItem\",\"position\":2,\"name\":\"Oferta Inmondo: spe\u0142niamy marzenia i wymagania\",\"item\":\"https:\\\/\\\/inmondo.pl\\\/sklep\\\/\"},{\"@type\":\"ListItem\",\"position\":3,\"name\":\"kolekcje\",\"item\":\"https:\\\/\\\/inmondo.pl\\\/de\\\/sklep\\\/kolekcje\\\/\"},{\"@type\":\"ListItem\",\"position\":4,\"name\":\"W\u00f3zek na zabawki ESSI\"}]},{\"@type\":\"WebSite\",\"@id\":\"https:\\\/\\\/inmondo.pl\\\/#website\",\"url\":\"https:\\\/\\\/inmondo.pl\\\/\",\"name\":\"Inmondo\",\"description\":\"\",\"potentialAction\":[{\"@type\":\"SearchAction\",\"target\":{\"@type\":\"EntryPoint\",\"urlTemplate\":\"https:\\\/\\\/inmondo.pl\\\/?s={search_term_string}\"},\"query-input\":{\"@type\":\"PropertyValueSpecification\",\"valueRequired\":true,\"valueName\":\"search_term_string\"}}],\"inLanguage\":\"de\"}]}<\/script>\n<!-- \/ Yoast SEO plugin. -->","yoast_head_json":{"title":"ESSI Spielzeugwagen - Inmondo","description":"Ein ger\u00e4umiger Holzwagen f\u00fcr Spielzeug nimmt alle Sch\u00e4tze und Lieblingsspielzeuge eines Kindes auf und l\u00e4sst sie sich leicht von Ort zu Ort bewegen.","robots":{"index":"index","follow":"follow","max-snippet":"max-snippet:-1","max-image-preview":"max-image-preview:large","max-video-preview":"max-video-preview:-1"},"canonical":"https:\/\/inmondo.pl\/de\/sklep\/elementy\/akcesoria\/spielzeug-essi-wagen\/","og_locale":"de_DE","og_type":"article","og_title":"W\u00f3zek na zabawki ESSI - Inmondo","og_description":"Pojemny w\u00f3zek drewniany na zabawki pomie\u015bci wszystkie skarby i ulubione zabawki dziecka, pozwalaj\u0105c jednocze\u015bnie na \u0142atwe przenoszenie ich z miejsca na miejsce.","og_url":"https:\/\/inmondo.pl\/de\/sklep\/elementy\/akcesoria\/spielzeug-essi-wagen\/","og_site_name":"Inmondo","article_modified_time":"2025-12-29T14:27:48+00:00","og_image":[{"width":960,"height":960,"url":"https:\/\/inmondo.pl\/wp-content\/uploads\/2020\/06\/2019_09_INMONDO_PACKSHOTY-19898_small.jpg","type":"image\/jpeg"}],"twitter_card":"summary_large_image","twitter_misc":{"Gesch\u00e4tzte Lesezeit":"2\u00a0Minuten"},"schema":{"@context":"https:\/\/schema.org","@graph":[{"@type":"WebPage","@id":"https:\/\/inmondo.pl\/en\/sklep\/elementy\/akcesoria\/wozek-na-zabawki-essi\/","url":"https:\/\/inmondo.pl\/en\/sklep\/elementy\/akcesoria\/wozek-na-zabawki-essi\/","name":"ESSI Spielzeugwagen - Inmondo","isPartOf":{"@id":"https:\/\/inmondo.pl\/#website"},"primaryImageOfPage":{"@id":"https:\/\/inmondo.pl\/en\/sklep\/elementy\/akcesoria\/wozek-na-zabawki-essi\/#primaryimage"},"image":{"@id":"https:\/\/inmondo.pl\/en\/sklep\/elementy\/akcesoria\/wozek-na-zabawki-essi\/#primaryimage"},"thumbnailUrl":"https:\/\/inmondo.pl\/wp-content\/uploads\/2020\/06\/2019_09_INMONDO_PACKSHOTY-19898_small.jpg","datePublished":"2020-06-17T09:26:29+00:00","dateModified":"2025-12-29T14:27:48+00:00","description":"Ein ger\u00e4umiger Holzwagen f\u00fcr Spielzeug nimmt alle Sch\u00e4tze und Lieblingsspielzeuge eines Kindes auf und l\u00e4sst sie sich leicht von Ort zu Ort bewegen.","breadcrumb":{"@id":"https:\/\/inmondo.pl\/en\/sklep\/elementy\/akcesoria\/wozek-na-zabawki-essi\/#breadcrumb"},"inLanguage":"de","potentialAction":[{"@type":"ReadAction","target":["https:\/\/inmondo.pl\/en\/sklep\/elementy\/akcesoria\/wozek-na-zabawki-essi\/"]}]},{"@type":"ImageObject","inLanguage":"de","@id":"https:\/\/inmondo.pl\/en\/sklep\/elementy\/akcesoria\/wozek-na-zabawki-essi\/#primaryimage","url":"https:\/\/inmondo.pl\/wp-content\/uploads\/2020\/06\/2019_09_INMONDO_PACKSHOTY-19898_small.jpg","contentUrl":"https:\/\/inmondo.pl\/wp-content\/uploads\/2020\/06\/2019_09_INMONDO_PACKSHOTY-19898_small.jpg","width":960,"height":960},{"@type":"BreadcrumbList","@id":"https:\/\/inmondo.pl\/en\/sklep\/elementy\/akcesoria\/wozek-na-zabawki-essi\/#breadcrumb","itemListElement":[{"@type":"ListItem","position":1,"name":"Strona g\u0142\u00f3wna","item":"https:\/\/inmondo.pl\/"},{"@type":"ListItem","position":2,"name":"Oferta Inmondo: spe\u0142niamy marzenia i wymagania","item":"https:\/\/inmondo.pl\/sklep\/"},{"@type":"ListItem","position":3,"name":"kolekcje","item":"https:\/\/inmondo.pl\/de\/sklep\/kolekcje\/"},{"@type":"ListItem","position":4,"name":"W\u00f3zek na zabawki ESSI"}]},{"@type":"WebSite","@id":"https:\/\/inmondo.pl\/#website","url":"https:\/\/inmondo.pl\/","name":"Inmondo","description":"","potentialAction":[{"@type":"SearchAction","target":{"@type":"EntryPoint","urlTemplate":"https:\/\/inmondo.pl\/?s={search_term_string}"},"query-input":{"@type":"PropertyValueSpecification","valueRequired":true,"valueName":"search_term_string"}}],"inLanguage":"de"}]}},"wcpa_form_fields":null,"_links":{"self":[{"href":"https:\/\/inmondo.pl\/de\/wp-json\/wp\/v2\/product\/982","targetHints":{"allow":["GET"]}}],"collection":[{"href":"https:\/\/inmondo.pl\/de\/wp-json\/wp\/v2\/product"}],"about":[{"href":"https:\/\/inmondo.pl\/de\/wp-json\/wp\/v2\/types\/product"}],"replies":[{"embeddable":true,"href":"https:\/\/inmondo.pl\/de\/wp-json\/wp\/v2\/comments?post=982"}],"wp:featuredmedia":[{"embeddable":true,"href":"https:\/\/inmondo.pl\/de\/wp-json\/wp\/v2\/media\/836"}],"wp:attachment":[{"href":"https:\/\/inmondo.pl\/de\/wp-json\/wp\/v2\/media?parent=982"}],"wp:term":[{"taxonomy":"product_brand","embeddable":true,"href":"https:\/\/inmondo.pl\/de\/wp-json\/wp\/v2\/product_brand?post=982"},{"taxonomy":"product_cat","embeddable":true,"href":"https:\/\/inmondo.pl\/de\/wp-json\/wp\/v2\/product_cat?post=982"},{"taxonomy":"product_tag","embeddable":true,"href":"https:\/\/inmondo.pl\/de\/wp-json\/wp\/v2\/product_tag?post=982"}],"curies":[{"name":"wp","href":"https:\/\/api.w.org\/{rel}","templated":true}]}}