{"id":979,"date":"2020-06-17T11:22:17","date_gmt":"2020-06-17T09:22:17","guid":{"rendered":"http:\/\/inmondo.pl\/?post_type=product&#038;p=979"},"modified":"2026-03-12T11:29:09","modified_gmt":"2026-03-12T10:29:09","slug":"tipoo-schreibtisch","status":"publish","type":"product","link":"https:\/\/inmondo.pl\/de\/sklep\/elementy\/biurka\/tipoo-schreibtisch\/","title":{"rendered":"TIPOO Verstellbarer Kinderschreibtisch"},"content":{"rendered":"<p>W pe\u0142ni drewniane biurko z regulowan\u0105 wysoko\u015bci\u0105 blatu oraz k\u0105tem pochylenia blatu spe\u0142ni wymagania zar\u00f3wno dziecka jak i&nbsp; nastolatka. Dopasowuje si\u0119 idealnie do wieku, wzrostu i potrzeb dziecka. W \u0142atwy spos\u00f3b mo\u017cna wyregulowa\u0107 wysoko\u015b\u0107 biurka od 64 do 80 cm. Dzi\u0119ki ergonomicznej regulacji pochylenia blat mo\u017ce by\u0107 wykorzystany do malowania, pisania lub czytania. Szufladka pod blatem pomie\u015bci niezb\u0119dne przybory ma\u0142ego ucznia.<\/p>\n<p>Vorlaufzeit: 6-8 Wochen<\/p>","protected":false},"excerpt":{"rendered":"<h2 style=\"text-align: left; font-size: 17px;\">Der verstellbare Kinderschreibtisch von TIPOO ist die perfekte L\u00f6sung f\u00fcr Ihr Kind.<\/h2>\n<p>Der Vollholz-Schreibtisch mit verstellbarer Tischplatte und Neigungswinkel wird den Bed\u00fcrfnissen von Kindern und Jugendlichen gerecht.<\/p>\n<p>Sie k\u00f6nnen ihn perfekt an das Alter, die Gr\u00f6\u00dfe und die Bed\u00fcrfnisse Ihres Kindes anpassen. Sie k\u00f6nnen die H\u00f6he des Tisches ganz einfach von 64 bis 80 cm einstellen.<\/p>\n<p>Dank der ergonomischen Neigungsverstellung kann die Tischplatte zum Malen, Schreiben oder Lesen verwendet werden.<\/p>\n<p>Eine Schublade unter dem Deckel nimmt alle notwendigen Utensilien eines flei\u00dfigen Sch\u00fclers auf.<\/p>\n<p>Der verstellbare Kinderschreibtisch TIPOO ist in zwei klassischen Farben erh\u00e4ltlich, wei\u00df und grau, die zu jeder Einrichtung passen.<\/p>\n<p>Die solide Tischplatte mit Schubladen aus Birkenholz und die Holzbeine garantieren Stabilit\u00e4t und Langlebigkeit und machen den Schreibtisch zu einer guten Wahl f\u00fcr Jungen und M\u00e4dchen.<\/p>\n<p>&nbsp;<\/p>\n<h6 style=\"text-align: left; font-size: 17px;\"><\/h6>","protected":false},"featured_media":824,"comment_status":"open","ping_status":"closed","template":"","meta":{"_acf_changed":true},"product_brand":[],"product_cat":[29,20,17,99,26],"product_tag":[173],"class_list":{"0":"post-979","1":"product","2":"type-product","3":"status-publish","4":"has-post-thumbnail","6":"product_cat-biurka","7":"product_cat-elementy","8":"product_cat-kolekcje","9":"product_cat-meble-dostepne","10":"product_cat-oferta-uzupelniajaca","11":"product_tag-biurko","13":"first","14":"onbackorder","15":"taxable","16":"shipping-taxable","17":"purchasable","18":"product-type-variable","19":"has-default-attributes"},"acf":{"wymiary":"Szeroko\u015b\u0107: 109 cm<br \/>\r\nWysoko\u015b\u0107: 64-80 cm<br \/>\r\nG\u0142\u0119boko\u015b\u0107: 55 cm","materialy":"drewno brzozowe, lakier wodny i&nbsp;wodny UV","sections_woocommerce":[{"acf_fc_layout":"section_menu","is_active":true,"repeater":[{"text":"Opis","link":"#opis"},{"text":"Lookbook","link":"#lookbook"},{"text":"Opinie","link":"#opinie"},{"text":"Inne produkty","link":"#inneprodukty"}]},{"acf_fc_layout":"section_woocommerce_text_image","is_active":true,"anchor":"opis","text_align":"textAlign--left","grid_width":"main","wysiwyg":"<h2 style=\"text-align: left; font-size: 17px;\">Biurko dzieci\u0119ce z regulacj\u0105 &#8211; idealne biurko dla ch\u0142opca<\/h2>\n<p>Biurko Dzieci\u0119ce z Regulacj\u0105 TIPOO to idealne rozwi\u0105zanie dla ka\u017cdego ch\u0142opca.<\/p>\n<p>Klasyczny, prosty design sprawia, \u017ce biurko \u015bwietnie pasuje do pokoju ch\u0142opi\u0119cego, a jego solidna konstrukcja zapewnia trwa\u0142o\u015b\u0107 na lata.<\/p>\n<p>Dzi\u0119ki regulowanej wysoko\u015bci blatu oraz mo\u017cliwo\u015bci ustawienia k\u0105ta nachylenia, biurko mo\u017cna dostosowa\u0107 do potrzeb rosn\u0105cego dziecka, zapewniaj\u0105c mu komfort podczas nauki i zabawy.<\/p>\n<h4><\/h4>\n<h4 style=\"text-align: left; font-size: 17px;\">Tworzymy meble dzieci\u0119ce z dba\u0142o\u015bci\u0105 o szczeg\u00f3\u0142y<\/h4>\n<p>Naszym g\u0142\u00f3wnym celem by\u0142o zaprojektowa\u0107 meble, kt\u00f3re b\u0119d\u0105 inspirowa\u0142y dzieci do\u00a0podj\u0119cia pr\u00f3by samodzielnego kreowania przestrzeni, w\u00a0kt\u00f3rej ka\u017cda sp\u0119dzona chwila b\u0119dzie przyjemno\u015bci\u0105.<\/p>\n<p>Zach\u0119camy wszystkich najm\u0142odszych do\u00a0uruchomienia wyobra\u017ani i\u00a0wyruszenia w\u00a0niesamowit\u0105 podr\u00f3\u017c przez\u00a0tworzenie i\u00a0odkrywanie ich w\u0142asnej przestrzeni. W\u00a0\u015bwiecie mebli Inmondo stworzysz dzieci\u0119ce wspomnienia pe\u0142ne rado\u015bci i\u00a0mi\u0142o\u015bci.<\/p>\n","image":"https:\/\/inmondo.pl\/wp-content\/uploads\/2020\/07\/KfHkoYbw.jpeg"},{"acf_fc_layout":"section_woocommerce_text_image","is_active":true,"anchor":"","text_align":"textAlign--right","grid_width":"main","wysiwyg":"<h3 style=\"text-align: left; font-size: 17px;\">Fajne biurka z dla dzieci &#8211; funkcjonalno\u015b\u0107 i styl<\/h3>\n<p>Wybieraj\u0105c biurko dla swojego dziecka, warto zwr\u00f3ci\u0107 uwag\u0119 na funkcjonalno\u015b\u0107 i estetyk\u0119.<\/p>\n<p>Biurko Dzieci\u0119ce z Regulacj\u0105 TIPOO dost\u0119pne jest w dw\u00f3ch klasycznych kolorach: bia\u0142ym i szarym, dzi\u0119ki czemu pasuje do ka\u017cdego wn\u0119trza.<\/p>\n<p>Solidny blat z brzozowymi szufladami oraz drewniane nogi biurka gwarantuj\u0105 stabilno\u015b\u0107 i trwa\u0142o\u015b\u0107, co czyni je \u015bwietnym wyborem zar\u00f3wno dla ch\u0142opc\u00f3w, jak i dziewczynek.<\/p>\n<h3 style=\"text-align: left; font-size: 17px;\">Biurko szkolne dla dziecka &#8211; idealne do nauki<\/h3>\n<p>Biurko TIPOO to idealne biurko szkolne dla dziecka, kt\u00f3re dopiero rozpoczyna swoj\u0105 przygod\u0119 z nauk\u0105.<\/p>\n<p>Dzi\u0119ki mo\u017cliwo\u015bci regulacji wysoko\u015bci blatu, biurko mo\u017cna \u0142atwo dostosowa\u0107 do wzrostu dziecka, co jest niezwykle wa\u017cne dla jego prawid\u0142owej postawy podczas siedzenia.<\/p>\n<p>Dodatkowo, regulacja k\u0105ta nachylenia blatu sprawia, \u017ce biurko jest jeszcze bardziej funkcjonalne i ergonomiczne.<\/p>\n<p>Bezpiecze\u0144stwo, funkcjonalno\u015b\u0107 i estetyka &#8211; biurko dzieci\u0119ce Tipoo marki Inmondo to idealne rozwi\u0105zanie dla ka\u017cdego dziecka, inspiruj\u0105c kreatywno\u015b\u0107 i zapewniaj\u0105c wygodne miejsce do nauki.<\/p>\n","image":"https:\/\/inmondo.pl\/wp-content\/uploads\/2023\/08\/645831D1-5D75-47B2-88B8-A622F39B40F0-scaled.jpg"},{"acf_fc_layout":"section_woocommerce_text_image","is_active":true,"anchor":"","text_align":"textAlign--right","grid_width":"main","wysiwyg":"<h2 style=\"text-align: left; font-size: 17px;\">Wymiary biurka dla pierwszoklasisty &#8211; dopasowane do potrzeb najm\u0142odszych<\/h2>\n<p>Biurko Dzieci\u0119ce z Regulacj\u0105 TIPOO zosta\u0142o zaprojektowane z my\u015bl\u0105 o najm\u0142odszych uczniach.<\/p>\n<p>Optymalne wymiary blatu oraz mo\u017cliwo\u015b\u0107 jego regulacji sprawiaj\u0105, \u017ce biurko ro\u015bnie razem z dzieckiem.<\/p>\n<p>Dzi\u0119ki temu, jest to idealne pierwsze biurko dla pierwszoklasisty, kt\u00f3re zapewni mu komfort i ergonomi\u0119 podczas nauki i rozwijania swoich pasji.<\/p>\n","image":"https:\/\/inmondo.pl\/wp-content\/uploads\/2020\/09\/2019_05_INMONDO_POK\u00d3J_CH\u0141OPCA_4-15032.jpg"},{"acf_fc_layout":"section_woocommerce_lookbook","is_active":true,"anchor":"lookbook","header":"<h2 style=\"text-align: center;\">Zobacz galeri\u0119 mebli uzupe\u0142niaj\u0105cych nasze kolekcje:<\/h2>\n<p style=\"text-align: center;\">Zapraszamy do\u00a0zapoznania si\u0119 z\u00a0kolekcj\u0105 uzupe\u0142niaj\u0105c\u0105. Wzbogacisz pok\u00f3j w\u00a0urocze elementy dodaj\u0105ce blasku twojemu wn\u0119trzu. Pokazujemy Ci tylko u\u0142amek mo\u017cliwo\u015bci\u2026 Zainspiruj si\u0119\u2026<\/p>\n","repeater":[{"shortcode":"[woocommerce_lookbook id=\"1345\"]"},{"shortcode":"[woocommerce_lookbook id=\"1642\"]"},{"shortcode":"[woocommerce_lookbook id=\"1348\"]"},{"shortcode":"[woocommerce_lookbook id=\"1347\"]"}]},{"acf_fc_layout":"section_woocommerce_opinions","is_active":true,"anchor":"opinie"},{"acf_fc_layout":"section_woocommerce_otherFromCategory","is_active":true,"anchor":"inneprodukty"}],"czas_realizacji":""},"yoast_head":"<!-- This site is optimized with the Yoast SEO plugin v27.3 - https:\/\/yoast.com\/product\/yoast-seo-wordpress\/ -->\n<title>Biurko Dzieci\u0119ce z Regulacj\u0105 TIPOO - Inmondo<\/title>\n<meta name=\"description\" content=\"Odkryj Biurko Dzieci\u0119ce z Regulacj\u0105 TIPOO - doskona\u0142e rozwi\u0105zanie dla ch\u0142opc\u00f3w i dziewczynek. Regulowana wysoko\u015b\u0107 i k\u0105t nachylenia blatu, klasyczny design.\" \/>\n<meta name=\"robots\" content=\"index, follow, max-snippet:-1, max-image-preview:large, max-video-preview:-1\" \/>\n<link rel=\"canonical\" href=\"https:\/\/inmondo.pl\/de\/sklep\/elementy\/biurka\/tipoo-schreibtisch\/\" \/>\n<meta property=\"og:locale\" content=\"de_DE\" \/>\n<meta property=\"og:type\" content=\"article\" \/>\n<meta property=\"og:title\" content=\"Biurko Dzieci\u0119ce z Regulacj\u0105 TIPOO - Inmondo\" \/>\n<meta property=\"og:description\" content=\"Odkryj Biurko Dzieci\u0119ce z Regulacj\u0105 TIPOO - doskona\u0142e rozwi\u0105zanie dla ch\u0142opc\u00f3w i dziewczynek. Regulowana wysoko\u015b\u0107 i k\u0105t nachylenia blatu, klasyczny design.\" \/>\n<meta property=\"og:url\" content=\"https:\/\/inmondo.pl\/de\/sklep\/elementy\/biurka\/tipoo-schreibtisch\/\" \/>\n<meta property=\"og:site_name\" content=\"Inmondo\" \/>\n<meta property=\"article:modified_time\" content=\"2026-03-12T10:29:09+00:00\" \/>\n<meta property=\"og:image\" content=\"https:\/\/inmondo.pl\/wp-content\/uploads\/2020\/06\/2019_09_INMONDO_PACKSHOTY-19828_small.jpg\" \/>\n\t<meta property=\"og:image:width\" content=\"960\" \/>\n\t<meta property=\"og:image:height\" content=\"960\" \/>\n\t<meta property=\"og:image:type\" content=\"image\/jpeg\" \/>\n<meta name=\"twitter:card\" content=\"summary_large_image\" \/>\n<meta name=\"twitter:label1\" content=\"Gesch\u00e4tzte Lesezeit\" \/>\n\t<meta name=\"twitter:data1\" content=\"4\u00a0Minuten\" \/>\n<script type=\"application\/ld+json\" class=\"yoast-schema-graph\">{\"@context\":\"https:\\\/\\\/schema.org\",\"@graph\":[{\"@type\":\"WebPage\",\"@id\":\"https:\\\/\\\/inmondo.pl\\\/de\\\/sklep\\\/elementy\\\/biurka\\\/tipoo-schreibtisch\\\/\",\"url\":\"https:\\\/\\\/inmondo.pl\\\/de\\\/sklep\\\/elementy\\\/biurka\\\/tipoo-schreibtisch\\\/\",\"name\":\"Biurko Dzieci\u0119ce z Regulacj\u0105 TIPOO - Inmondo\",\"isPartOf\":{\"@id\":\"https:\\\/\\\/inmondo.pl\\\/#website\"},\"primaryImageOfPage\":{\"@id\":\"https:\\\/\\\/inmondo.pl\\\/de\\\/sklep\\\/elementy\\\/biurka\\\/tipoo-schreibtisch\\\/#primaryimage\"},\"image\":{\"@id\":\"https:\\\/\\\/inmondo.pl\\\/de\\\/sklep\\\/elementy\\\/biurka\\\/tipoo-schreibtisch\\\/#primaryimage\"},\"thumbnailUrl\":\"https:\\\/\\\/inmondo.pl\\\/wp-content\\\/uploads\\\/2020\\\/06\\\/2019_09_INMONDO_PACKSHOTY-19828_small.jpg\",\"datePublished\":\"2020-06-17T09:22:17+00:00\",\"dateModified\":\"2026-03-12T10:29:09+00:00\",\"description\":\"Odkryj Biurko Dzieci\u0119ce z Regulacj\u0105 TIPOO - doskona\u0142e rozwi\u0105zanie dla ch\u0142opc\u00f3w i dziewczynek. Regulowana wysoko\u015b\u0107 i k\u0105t nachylenia blatu, klasyczny design.\",\"breadcrumb\":{\"@id\":\"https:\\\/\\\/inmondo.pl\\\/de\\\/sklep\\\/elementy\\\/biurka\\\/tipoo-schreibtisch\\\/#breadcrumb\"},\"inLanguage\":\"de\",\"potentialAction\":[{\"@type\":\"ReadAction\",\"target\":[\"https:\\\/\\\/inmondo.pl\\\/de\\\/sklep\\\/elementy\\\/biurka\\\/tipoo-schreibtisch\\\/\"]}]},{\"@type\":\"ImageObject\",\"inLanguage\":\"de\",\"@id\":\"https:\\\/\\\/inmondo.pl\\\/de\\\/sklep\\\/elementy\\\/biurka\\\/tipoo-schreibtisch\\\/#primaryimage\",\"url\":\"https:\\\/\\\/inmondo.pl\\\/wp-content\\\/uploads\\\/2020\\\/06\\\/2019_09_INMONDO_PACKSHOTY-19828_small.jpg\",\"contentUrl\":\"https:\\\/\\\/inmondo.pl\\\/wp-content\\\/uploads\\\/2020\\\/06\\\/2019_09_INMONDO_PACKSHOTY-19828_small.jpg\",\"width\":960,\"height\":960,\"caption\":\"Stylowe biurko dzieci\u0119ce TIPOO z regulacj\u0105 k\u0105ta nachylenia blatu\"},{\"@type\":\"BreadcrumbList\",\"@id\":\"https:\\\/\\\/inmondo.pl\\\/de\\\/sklep\\\/elementy\\\/biurka\\\/tipoo-schreibtisch\\\/#breadcrumb\",\"itemListElement\":[{\"@type\":\"ListItem\",\"position\":1,\"name\":\"Strona g\u0142\u00f3wna\",\"item\":\"https:\\\/\\\/inmondo.pl\\\/\"},{\"@type\":\"ListItem\",\"position\":2,\"name\":\"Oferta Inmondo: spe\u0142niamy marzenia i wymagania\",\"item\":\"https:\\\/\\\/inmondo.pl\\\/sklep\\\/\"},{\"@type\":\"ListItem\",\"position\":3,\"name\":\"kolekcje\",\"item\":\"https:\\\/\\\/inmondo.pl\\\/de\\\/sklep\\\/kolekcje\\\/\"},{\"@type\":\"ListItem\",\"position\":4,\"name\":\"Biurko Dzieci\u0119ce z Regulacj\u0105 TIPOO\"}]},{\"@type\":\"WebSite\",\"@id\":\"https:\\\/\\\/inmondo.pl\\\/#website\",\"url\":\"https:\\\/\\\/inmondo.pl\\\/\",\"name\":\"Inmondo\",\"description\":\"\",\"potentialAction\":[{\"@type\":\"SearchAction\",\"target\":{\"@type\":\"EntryPoint\",\"urlTemplate\":\"https:\\\/\\\/inmondo.pl\\\/?s={search_term_string}\"},\"query-input\":{\"@type\":\"PropertyValueSpecification\",\"valueRequired\":true,\"valueName\":\"search_term_string\"}}],\"inLanguage\":\"de\"}]}<\/script>\n<!-- \/ Yoast SEO plugin. -->","yoast_head_json":{"title":"TIPOO Verstellbarer Kinderschreibtisch - Inmondo","description":"Entdecken Sie den verstellbaren Kinderschreibtisch TIPOO - die perfekte L\u00f6sung f\u00fcr Jungen und M\u00e4dchen. Verstellbare H\u00f6he und Neigung der Platte, klassisches Design.","robots":{"index":"index","follow":"follow","max-snippet":"max-snippet:-1","max-image-preview":"max-image-preview:large","max-video-preview":"max-video-preview:-1"},"canonical":"https:\/\/inmondo.pl\/de\/sklep\/elementy\/biurka\/tipoo-schreibtisch\/","og_locale":"de_DE","og_type":"article","og_title":"Biurko Dzieci\u0119ce z Regulacj\u0105 TIPOO - Inmondo","og_description":"Odkryj Biurko Dzieci\u0119ce z Regulacj\u0105 TIPOO - doskona\u0142e rozwi\u0105zanie dla ch\u0142opc\u00f3w i dziewczynek. Regulowana wysoko\u015b\u0107 i k\u0105t nachylenia blatu, klasyczny design.","og_url":"https:\/\/inmondo.pl\/de\/sklep\/elementy\/biurka\/tipoo-schreibtisch\/","og_site_name":"Inmondo","article_modified_time":"2026-03-12T10:29:09+00:00","og_image":[{"width":960,"height":960,"url":"https:\/\/inmondo.pl\/wp-content\/uploads\/2020\/06\/2019_09_INMONDO_PACKSHOTY-19828_small.jpg","type":"image\/jpeg"}],"twitter_card":"summary_large_image","twitter_misc":{"Gesch\u00e4tzte Lesezeit":"4\u00a0Minuten"},"schema":{"@context":"https:\/\/schema.org","@graph":[{"@type":"WebPage","@id":"https:\/\/inmondo.pl\/de\/sklep\/elementy\/biurka\/tipoo-schreibtisch\/","url":"https:\/\/inmondo.pl\/de\/sklep\/elementy\/biurka\/tipoo-schreibtisch\/","name":"TIPOO Verstellbarer Kinderschreibtisch - Inmondo","isPartOf":{"@id":"https:\/\/inmondo.pl\/#website"},"primaryImageOfPage":{"@id":"https:\/\/inmondo.pl\/de\/sklep\/elementy\/biurka\/tipoo-schreibtisch\/#primaryimage"},"image":{"@id":"https:\/\/inmondo.pl\/de\/sklep\/elementy\/biurka\/tipoo-schreibtisch\/#primaryimage"},"thumbnailUrl":"https:\/\/inmondo.pl\/wp-content\/uploads\/2020\/06\/2019_09_INMONDO_PACKSHOTY-19828_small.jpg","datePublished":"2020-06-17T09:22:17+00:00","dateModified":"2026-03-12T10:29:09+00:00","description":"Entdecken Sie den verstellbaren Kinderschreibtisch TIPOO - die perfekte L\u00f6sung f\u00fcr Jungen und M\u00e4dchen. Verstellbare H\u00f6he und Neigung der Platte, klassisches Design.","breadcrumb":{"@id":"https:\/\/inmondo.pl\/de\/sklep\/elementy\/biurka\/tipoo-schreibtisch\/#breadcrumb"},"inLanguage":"de","potentialAction":[{"@type":"ReadAction","target":["https:\/\/inmondo.pl\/de\/sklep\/elementy\/biurka\/tipoo-schreibtisch\/"]}]},{"@type":"ImageObject","inLanguage":"de","@id":"https:\/\/inmondo.pl\/de\/sklep\/elementy\/biurka\/tipoo-schreibtisch\/#primaryimage","url":"https:\/\/inmondo.pl\/wp-content\/uploads\/2020\/06\/2019_09_INMONDO_PACKSHOTY-19828_small.jpg","contentUrl":"https:\/\/inmondo.pl\/wp-content\/uploads\/2020\/06\/2019_09_INMONDO_PACKSHOTY-19828_small.jpg","width":960,"height":960,"caption":"Stylowe biurko dzieci\u0119ce TIPOO z regulacj\u0105 k\u0105ta nachylenia blatu"},{"@type":"BreadcrumbList","@id":"https:\/\/inmondo.pl\/de\/sklep\/elementy\/biurka\/tipoo-schreibtisch\/#breadcrumb","itemListElement":[{"@type":"ListItem","position":1,"name":"Strona g\u0142\u00f3wna","item":"https:\/\/inmondo.pl\/"},{"@type":"ListItem","position":2,"name":"Oferta Inmondo: spe\u0142niamy marzenia i wymagania","item":"https:\/\/inmondo.pl\/sklep\/"},{"@type":"ListItem","position":3,"name":"kolekcje","item":"https:\/\/inmondo.pl\/de\/sklep\/kolekcje\/"},{"@type":"ListItem","position":4,"name":"Biurko Dzieci\u0119ce z Regulacj\u0105 TIPOO"}]},{"@type":"WebSite","@id":"https:\/\/inmondo.pl\/#website","url":"https:\/\/inmondo.pl\/","name":"Inmondo","description":"","potentialAction":[{"@type":"SearchAction","target":{"@type":"EntryPoint","urlTemplate":"https:\/\/inmondo.pl\/?s={search_term_string}"},"query-input":{"@type":"PropertyValueSpecification","valueRequired":true,"valueName":"search_term_string"}}],"inLanguage":"de"}]}},"wcpa_form_fields":null,"_links":{"self":[{"href":"https:\/\/inmondo.pl\/de\/wp-json\/wp\/v2\/product\/979","targetHints":{"allow":["GET"]}}],"collection":[{"href":"https:\/\/inmondo.pl\/de\/wp-json\/wp\/v2\/product"}],"about":[{"href":"https:\/\/inmondo.pl\/de\/wp-json\/wp\/v2\/types\/product"}],"replies":[{"embeddable":true,"href":"https:\/\/inmondo.pl\/de\/wp-json\/wp\/v2\/comments?post=979"}],"wp:featuredmedia":[{"embeddable":true,"href":"https:\/\/inmondo.pl\/de\/wp-json\/wp\/v2\/media\/824"}],"wp:attachment":[{"href":"https:\/\/inmondo.pl\/de\/wp-json\/wp\/v2\/media?parent=979"}],"wp:term":[{"taxonomy":"product_brand","embeddable":true,"href":"https:\/\/inmondo.pl\/de\/wp-json\/wp\/v2\/product_brand?post=979"},{"taxonomy":"product_cat","embeddable":true,"href":"https:\/\/inmondo.pl\/de\/wp-json\/wp\/v2\/product_cat?post=979"},{"taxonomy":"product_tag","embeddable":true,"href":"https:\/\/inmondo.pl\/de\/wp-json\/wp\/v2\/product_tag?post=979"}],"curies":[{"name":"wp","href":"https:\/\/api.w.org\/{rel}","templated":true}]}}