{"id":949,"date":"2020-06-16T13:02:00","date_gmt":"2020-06-16T11:02:00","guid":{"rendered":"http:\/\/inmondo.pl\/?post_type=product&#038;p=949"},"modified":"2026-03-24T09:48:26","modified_gmt":"2026-03-24T08:48:26","slug":"krippe-120","status":"publish","type":"product","link":"https:\/\/inmondo.pl\/de\/sklep\/elementy\/lozka-niemowlece\/krippe-120\/","title":{"rendered":"S\u00e4uglingsbett 120"},"content":{"rendered":"<p>Funktionalit\u00e4t, Einfachheit und zeitloses Design. Das Kinderbett als Teil der Loopi-Kollektion vereint all diese Eigenschaften. Der schlichte Rahmen ruht auf Birkenbeinen, die ihm Leichtigkeit verleihen. Es hat die F\u00e4higkeit, die Matratze in drei H\u00f6hen zu positionieren. Dadurch k\u00f6nnen Sie sie leicht an das Alter und die motorische Entwicklung des Kindes anpassen. Abgerundete Kanten halten Ihren Schatz sicher.<\/p>\n<p>Das Kinderbett ist in 2 Matratzengr\u00f6\u00dfen erh\u00e4ltlich, 120 \u00d7 60 und 140 \u00d7 70.<\/p>\n<p>Zosta\u0142o polakierowanie przyjaznymi dla dziecka i \u015brodowiska lakierami wodnymi. Zawarte w nim drewno pochodzi z\u00a0 dobrze zarz\u0105dzanych las\u00f3w.<\/p>","protected":false},"excerpt":{"rendered":"<h3 style=\"text-align: left; font-size: 17px;\">Das Babybett Loopi 120\u00d760 cm ist die perfekte Wahl f\u00fcr bewusste Eltern, die ein sicheres, funktionelles und stilvolles Bettchen f\u00fcr ihr Baby suchen.<\/h3>\n<p>Entwickelt f\u00fcr den Komfort von Kleinkindern und den t\u00e4glichen Gebrauch durch Eltern.<br \/>\nDas Kinderbett Loopi verbindet moderne L\u00f6sungen mit klassischem Design.<\/p>\n<p>&nbsp;<\/p>\n<p>Vorlaufzeit: 6-8 Wochen (wenn nicht vorr\u00e4tig)<\/p>","protected":false},"featured_media":348,"comment_status":"open","ping_status":"closed","template":"","meta":{"_acf_changed":false},"product_brand":[],"product_cat":[17,23,20,99,171],"product_tag":[],"class_list":{"0":"post-949","1":"product","2":"type-product","3":"status-publish","4":"has-post-thumbnail","6":"product_cat-kolekcje","7":"product_cat-loopi","8":"product_cat-elementy","9":"product_cat-meble-dostepne","10":"product_cat-lozka-niemowlece","12":"first","13":"onbackorder","14":"taxable","15":"shipping-taxable","16":"purchasable","17":"product-type-variable","18":"has-default-attributes"},"acf":{"wymiary":"Szeroko\u015b\u0107: 127cm<br \/>\r\nWysoko\u015b\u0107: 87,5cm<br \/>\r\nG\u0142\u0119boko\u015b\u0107: 67cm","materialy":"korpus: p\u0142yta MDF ze wstawkami z&nbsp;drewna brzozowego, nogi: drewno brzozowe, stela\u017c: drewno sosnowe, lakiery wodne i&nbsp;wodne UV","sections_woocommerce":[{"acf_fc_layout":"section_menu","is_active":true,"repeater":[{"text":"Opis","link":"#opis"},{"text":"Lookbook","link":"#lookbook"},{"text":"Opinie","link":"#opinie"},{"text":"Inne produkty","link":"#inneprodukty"}]},{"acf_fc_layout":"section_woocommerce_text_image","is_active":true,"anchor":"opis","text_align":"textAlign--left","grid_width":"main","wysiwyg":"<h2 style=\"text-align: left; font-size: 25px;\">\u0141\u00f3\u017ceczko niemowl\u0119ce Loopi 120\u00d760 \u2013 komfort, styl i bezpiecze\u0144stwo w jednym<\/h2>\n<h4 style=\"text-align: left; font-size: 18px;\">Kluczowe cechy:<\/h4>\n<ul data-start=\"637\" data-end=\"1409\">\n<li data-start=\"637\" data-end=\"774\">\n<p data-start=\"639\" data-end=\"774\"><strong data-start=\"639\" data-end=\"683\">Regulowana wysoko\u015b\u0107 materaca (3 poziomy)<\/strong> &#8211; idealne dopasowanie do etapu rozwoju dziecka: od noworodka po bardziej aktywne niemowl\u0119.<\/p>\n<\/li>\n<li data-start=\"775\" data-end=\"888\">\n<p data-start=\"777\" data-end=\"888\"><strong data-start=\"777\" data-end=\"801\">Stabilna konstrukcja<\/strong> &#8211; wykonana z trwa\u0142ych materia\u0142\u00f3w, gwarantuje d\u0142ugotrwa\u0142e u\u017cytkowanie i bezpiecze\u0144stwo.<\/p>\n<\/li>\n<li data-start=\"889\" data-end=\"1027\">\n<p data-start=\"891\" data-end=\"1027\"><strong data-start=\"891\" data-end=\"920\">Naturalne drewno brzozowe<\/strong> &#8211; n\u00f3\u017cki wykonane z litego drewna dodaj\u0105 lekko\u015bci i wizualnej mi\u0119kko\u015bci, a przy tym s\u0105 trwa\u0142e i estetyczne.<\/p>\n<\/li>\n<li data-start=\"1028\" data-end=\"1142\">\n<p data-start=\"1030\" data-end=\"1142\"><strong data-start=\"1030\" data-end=\"1055\">Zaokr\u0105glone kraw\u0119dzie<\/strong> &#8211; ka\u017cdy element \u0142\u00f3\u017ceczka zosta\u0142 zaprojektowany z trosk\u0105 o bezpiecze\u0144stwo najm\u0142odszych.<\/p>\n<\/li>\n<li data-start=\"1143\" data-end=\"1258\">\n<p data-start=\"1145\" data-end=\"1258\"><strong data-start=\"1145\" data-end=\"1173\">Prosty monta\u017c i demonta\u017c<\/strong> &#8211; intuicyjna konstrukcja sprawia, \u017ce z\u0142o\u017cenie \u0142\u00f3\u017ceczka jest szybkie i bezproblemowe.<\/p>\n<\/li>\n<li data-start=\"1259\" data-end=\"1409\">\n<p data-start=\"1261\" data-end=\"1409\"><strong data-start=\"1261\" data-end=\"1314\">Uniwersalna kolorystyka (biel + naturalne drewno)<\/strong> &#8211; pasuje zar\u00f3wno do pokoju ch\u0142opca, jak i dziewczynki, niezale\u017cnie od stylu aran\u017cacji wn\u0119trza.<\/p>\n<\/li>\n<\/ul>\n<h4 style=\"text-align: left; font-size: 18px;\">\u00a0Wymiary:<\/h4>\n<ul data-start=\"1428\" data-end=\"1538\">\n<li data-start=\"1428\" data-end=\"1497\">\n<p data-start=\"1430\" data-end=\"1497\">Materac: <strong data-start=\"1439\" data-end=\"1452\">120&#215;60 cm<\/strong> (drugi wariant: 140&#215;70 cm \u2013 dost\u0119pny osobno)<\/p>\n<\/li>\n<li data-start=\"1498\" data-end=\"1538\">\n<p data-start=\"1500\" data-end=\"1538\">Wysoko\u015b\u0107 regulacji materaca: 3 poziomy<\/p>\n<\/li>\n<\/ul>\n","image":"https:\/\/inmondo.pl\/wp-content\/uploads\/2020\/05\/2019_05_INMONDO_POK\u00d3J_BABY_1-14603.jpg"},{"acf_fc_layout":"section_woocommerce_text_image","is_active":true,"anchor":"opis","text_align":"textAlign--right","grid_width":"main","wysiwyg":"<h2 style=\"text-align: left; font-size: 25px;\">Kolekcja Loopi<\/h2>\n<div class=\"section_woocommerce_text_image__textbox\">\n<div class=\"section_woocommerce_text_image__textbox\">\n<p>Kolekcja mebli dla\u00a0niemowl\u0105t Loopi zosta\u0142a zainspirowana klasycznym wzornictwem lat 60 i\u00a070 z\u00a0nut\u0105 skandynawskiego smaku. Bia\u0142y kolor zosta\u0142 po\u0142\u0105czony z\u00a0elementami z\u00a0drewna brzozowego. Kolekcja Loopi oferuje kompletny zestaw mebli, aby\u00a0stworzy\u0107 wymarzony pok\u00f3j dla\u00a0niemowl\u0105t. Oferuje to co najlepsze w\u00a0nowoczesnym wzornictwie dla\u00a0rodzic\u00f3w, kt\u00f3rzy szukaj\u0105 idealnego po\u0142\u0105czenia stylu i\u00a0jako\u015bci i\u00a0funkcjonalno\u015bci.<\/p>\n<\/div>\n<\/div>\n<h3 data-start=\"2018\" data-end=\"2034\"><\/h3>\n<h4 style=\"text-align: left; font-size: 25px;\">Dla kogo?<\/h4>\n<p data-start=\"2035\" data-end=\"2062\">Dla rodzic\u00f3w, kt\u00f3rzy ceni\u0105:<\/p>\n<ul data-start=\"2063\" data-end=\"2181\">\n<li data-start=\"2063\" data-end=\"2082\">\n<p data-start=\"2065\" data-end=\"2082\">jako\u015b\u0107 wykonania,<\/p>\n<\/li>\n<li data-start=\"2083\" data-end=\"2112\">\n<p data-start=\"2085\" data-end=\"2112\">bezpiecze\u0144stwo konstrukcji,<\/p>\n<\/li>\n<li data-start=\"2113\" data-end=\"2133\">\n<p data-start=\"2115\" data-end=\"2133\">ponadczasowy styl,<\/p>\n<\/li>\n<li data-start=\"2134\" data-end=\"2181\">\n<p data-start=\"2136\" data-end=\"2181\">\u0142atwo\u015b\u0107 dopasowania mebli do wystroju wn\u0119trz.<\/p>\n<\/li>\n<\/ul>\n<p data-start=\"2183\" data-end=\"2339\">Zainwestuj w <strong data-start=\"2196\" data-end=\"2223\">\u0142\u00f3\u017ceczko dla niemowlaka<\/strong>, kt\u00f3re pos\u0142u\u017cy na lata \u2013 nie tylko jako mebel, ale tak\u017ce jako element stylowej, harmonijnej przestrzeni dzieci\u0119cej.<\/p>\n","image":"https:\/\/inmondo.pl\/wp-content\/uploads\/2020\/06\/1.jpg"},{"acf_fc_layout":"section_woocommerce_text_image","is_active":false,"anchor":"","text_align":"textAlign--right","grid_width":"main","wysiwyg":"","image":"https:\/\/inmondo.pl\/wp-content\/uploads\/2020\/05\/dcsdsdcsdcsdc.jpg"},{"acf_fc_layout":"section_woocommerce_lookbook","is_active":true,"anchor":"lookbook","header":"<h2 style=\"text-align: center;\">Zobacz galeri\u0119 Loopi:<\/h2>\n<p style=\"text-align: center;\">Zobacz aran\u017cacje pokoi niemowl\u0119cych z\u00a0u\u017cyciem mebli i\u00a0element\u00f3w Loopi.<\/p>\n","repeater":[{"shortcode":"[woocommerce_lookbook id=\"350\"]"},{"shortcode":"[woocommerce_lookbook id=\"349\"]"},{"shortcode":"[woocommerce_lookbook id=\"1547\"]"},{"shortcode":"[woocommerce_lookbook id=\"1270\"]"}]},{"acf_fc_layout":"section_woocommerce_opinions","is_active":true,"anchor":"opinie"},{"acf_fc_layout":"section_woocommerce_otherFromCategory","is_active":true,"anchor":"inneprodukty"}],"czas_realizacji":""},"yoast_head":"<!-- This site is optimized with the Yoast SEO plugin v27.3 - https:\/\/yoast.com\/product\/yoast-seo-wordpress\/ -->\n<title>\u0141\u00f3\u017ceczko niemowl\u0119ce 120 - Inmondo<\/title>\n<meta name=\"description\" content=\"\u0141\u00f3\u017ceczko niemowl\u0119ce 120x60 z kolekcji Loopi. Skandynawski design, 3 poziomy materaca, bezpieczne wyko\u0144czenie. Idealne do pokoju dziecka.\" \/>\n<meta name=\"robots\" content=\"index, follow, max-snippet:-1, max-image-preview:large, max-video-preview:-1\" \/>\n<link rel=\"canonical\" href=\"https:\/\/inmondo.pl\/de\/sklep\/elementy\/lozka-niemowlece\/krippe-120\/\" \/>\n<meta property=\"og:locale\" content=\"de_DE\" \/>\n<meta property=\"og:type\" content=\"article\" \/>\n<meta property=\"og:title\" content=\"\u0141\u00f3\u017ceczko niemowl\u0119ce 120 - Inmondo\" \/>\n<meta property=\"og:description\" content=\"\u0141\u00f3\u017ceczko niemowl\u0119ce 120x60 z kolekcji Loopi. Skandynawski design, 3 poziomy materaca, bezpieczne wyko\u0144czenie. Idealne do pokoju dziecka.\" \/>\n<meta property=\"og:url\" content=\"https:\/\/inmondo.pl\/de\/sklep\/elementy\/lozka-niemowlece\/krippe-120\/\" \/>\n<meta property=\"og:site_name\" content=\"Inmondo\" \/>\n<meta property=\"article:modified_time\" content=\"2026-03-24T08:48:26+00:00\" \/>\n<meta property=\"og:image\" content=\"https:\/\/inmondo.pl\/wp-content\/uploads\/2020\/05\/2019_09_INMONDO_PACKSHOTY-19873_small.jpg\" \/>\n\t<meta property=\"og:image:width\" content=\"960\" \/>\n\t<meta property=\"og:image:height\" content=\"960\" \/>\n\t<meta property=\"og:image:type\" content=\"image\/jpeg\" \/>\n<meta name=\"twitter:card\" content=\"summary_large_image\" \/>\n<meta name=\"twitter:label1\" content=\"Gesch\u00e4tzte Lesezeit\" \/>\n\t<meta name=\"twitter:data1\" content=\"3\u00a0Minuten\" \/>\n<script type=\"application\/ld+json\" class=\"yoast-schema-graph\">{\"@context\":\"https:\\\/\\\/schema.org\",\"@graph\":[{\"@type\":\"WebPage\",\"@id\":\"https:\\\/\\\/inmondo.pl\\\/sklep\\\/elementy\\\/lozka-niemowlece\\\/lozeczko-120\\\/\",\"url\":\"https:\\\/\\\/inmondo.pl\\\/sklep\\\/elementy\\\/lozka-niemowlece\\\/lozeczko-120\\\/\",\"name\":\"\u0141\u00f3\u017ceczko niemowl\u0119ce 120 - Inmondo\",\"isPartOf\":{\"@id\":\"https:\\\/\\\/inmondo.pl\\\/#website\"},\"primaryImageOfPage\":{\"@id\":\"https:\\\/\\\/inmondo.pl\\\/sklep\\\/elementy\\\/lozka-niemowlece\\\/lozeczko-120\\\/#primaryimage\"},\"image\":{\"@id\":\"https:\\\/\\\/inmondo.pl\\\/sklep\\\/elementy\\\/lozka-niemowlece\\\/lozeczko-120\\\/#primaryimage\"},\"thumbnailUrl\":\"https:\\\/\\\/inmondo.pl\\\/wp-content\\\/uploads\\\/2020\\\/05\\\/2019_09_INMONDO_PACKSHOTY-19873_small.jpg\",\"datePublished\":\"2020-06-16T11:02:00+00:00\",\"dateModified\":\"2026-03-24T08:48:26+00:00\",\"description\":\"\u0141\u00f3\u017ceczko niemowl\u0119ce 120x60 z kolekcji Loopi. Skandynawski design, 3 poziomy materaca, bezpieczne wyko\u0144czenie. Idealne do pokoju dziecka.\",\"breadcrumb\":{\"@id\":\"https:\\\/\\\/inmondo.pl\\\/sklep\\\/elementy\\\/lozka-niemowlece\\\/lozeczko-120\\\/#breadcrumb\"},\"inLanguage\":\"de\",\"potentialAction\":[{\"@type\":\"ReadAction\",\"target\":[\"https:\\\/\\\/inmondo.pl\\\/sklep\\\/elementy\\\/lozka-niemowlece\\\/lozeczko-120\\\/\"]}]},{\"@type\":\"ImageObject\",\"inLanguage\":\"de\",\"@id\":\"https:\\\/\\\/inmondo.pl\\\/sklep\\\/elementy\\\/lozka-niemowlece\\\/lozeczko-120\\\/#primaryimage\",\"url\":\"https:\\\/\\\/inmondo.pl\\\/wp-content\\\/uploads\\\/2020\\\/05\\\/2019_09_INMONDO_PACKSHOTY-19873_small.jpg\",\"contentUrl\":\"https:\\\/\\\/inmondo.pl\\\/wp-content\\\/uploads\\\/2020\\\/05\\\/2019_09_INMONDO_PACKSHOTY-19873_small.jpg\",\"width\":960,\"height\":960},{\"@type\":\"BreadcrumbList\",\"@id\":\"https:\\\/\\\/inmondo.pl\\\/sklep\\\/elementy\\\/lozka-niemowlece\\\/lozeczko-120\\\/#breadcrumb\",\"itemListElement\":[{\"@type\":\"ListItem\",\"position\":1,\"name\":\"Strona g\u0142\u00f3wna\",\"item\":\"https:\\\/\\\/inmondo.pl\\\/\"},{\"@type\":\"ListItem\",\"position\":2,\"name\":\"Oferta Inmondo: spe\u0142niamy marzenia i wymagania\",\"item\":\"https:\\\/\\\/inmondo.pl\\\/sklep\\\/\"},{\"@type\":\"ListItem\",\"position\":3,\"name\":\"kolekcje\",\"item\":\"https:\\\/\\\/inmondo.pl\\\/de\\\/sklep\\\/kolekcje\\\/\"},{\"@type\":\"ListItem\",\"position\":4,\"name\":\"Loopi\",\"item\":\"http:\\\/\\\/inmondo.pl\\\/sklep\\\/kolekcje\\\/loopi\\\/\"},{\"@type\":\"ListItem\",\"position\":5,\"name\":\"\u0141\u00f3\u017ceczko niemowl\u0119ce 120\"}]},{\"@type\":\"WebSite\",\"@id\":\"https:\\\/\\\/inmondo.pl\\\/#website\",\"url\":\"https:\\\/\\\/inmondo.pl\\\/\",\"name\":\"Inmondo\",\"description\":\"\",\"potentialAction\":[{\"@type\":\"SearchAction\",\"target\":{\"@type\":\"EntryPoint\",\"urlTemplate\":\"https:\\\/\\\/inmondo.pl\\\/?s={search_term_string}\"},\"query-input\":{\"@type\":\"PropertyValueSpecification\",\"valueRequired\":true,\"valueName\":\"search_term_string\"}}],\"inLanguage\":\"de\"}]}<\/script>\n<!-- \/ Yoast SEO plugin. -->","yoast_head_json":{"title":"Kleinkinderbett 120 - Inmondo","description":"Babybett 120x60 aus der Kollektion Loopi. Skandinavisches Design, 3 Matratzenebenen, sichere Verarbeitung. Ideal f\u00fcr das Zimmer Ihres Babys.","robots":{"index":"index","follow":"follow","max-snippet":"max-snippet:-1","max-image-preview":"max-image-preview:large","max-video-preview":"max-video-preview:-1"},"canonical":"https:\/\/inmondo.pl\/de\/sklep\/elementy\/lozka-niemowlece\/krippe-120\/","og_locale":"de_DE","og_type":"article","og_title":"\u0141\u00f3\u017ceczko niemowl\u0119ce 120 - Inmondo","og_description":"\u0141\u00f3\u017ceczko niemowl\u0119ce 120x60 z kolekcji Loopi. Skandynawski design, 3 poziomy materaca, bezpieczne wyko\u0144czenie. Idealne do pokoju dziecka.","og_url":"https:\/\/inmondo.pl\/de\/sklep\/elementy\/lozka-niemowlece\/krippe-120\/","og_site_name":"Inmondo","article_modified_time":"2026-03-24T08:48:26+00:00","og_image":[{"width":960,"height":960,"url":"https:\/\/inmondo.pl\/wp-content\/uploads\/2020\/05\/2019_09_INMONDO_PACKSHOTY-19873_small.jpg","type":"image\/jpeg"}],"twitter_card":"summary_large_image","twitter_misc":{"Gesch\u00e4tzte Lesezeit":"3\u00a0Minuten"},"schema":{"@context":"https:\/\/schema.org","@graph":[{"@type":"WebPage","@id":"https:\/\/inmondo.pl\/sklep\/elementy\/lozka-niemowlece\/lozeczko-120\/","url":"https:\/\/inmondo.pl\/sklep\/elementy\/lozka-niemowlece\/lozeczko-120\/","name":"Kleinkinderbett 120 - Inmondo","isPartOf":{"@id":"https:\/\/inmondo.pl\/#website"},"primaryImageOfPage":{"@id":"https:\/\/inmondo.pl\/sklep\/elementy\/lozka-niemowlece\/lozeczko-120\/#primaryimage"},"image":{"@id":"https:\/\/inmondo.pl\/sklep\/elementy\/lozka-niemowlece\/lozeczko-120\/#primaryimage"},"thumbnailUrl":"https:\/\/inmondo.pl\/wp-content\/uploads\/2020\/05\/2019_09_INMONDO_PACKSHOTY-19873_small.jpg","datePublished":"2020-06-16T11:02:00+00:00","dateModified":"2026-03-24T08:48:26+00:00","description":"Babybett 120x60 aus der Kollektion Loopi. Skandinavisches Design, 3 Matratzenebenen, sichere Verarbeitung. Ideal f\u00fcr das Zimmer Ihres Babys.","breadcrumb":{"@id":"https:\/\/inmondo.pl\/sklep\/elementy\/lozka-niemowlece\/lozeczko-120\/#breadcrumb"},"inLanguage":"de","potentialAction":[{"@type":"ReadAction","target":["https:\/\/inmondo.pl\/sklep\/elementy\/lozka-niemowlece\/lozeczko-120\/"]}]},{"@type":"ImageObject","inLanguage":"de","@id":"https:\/\/inmondo.pl\/sklep\/elementy\/lozka-niemowlece\/lozeczko-120\/#primaryimage","url":"https:\/\/inmondo.pl\/wp-content\/uploads\/2020\/05\/2019_09_INMONDO_PACKSHOTY-19873_small.jpg","contentUrl":"https:\/\/inmondo.pl\/wp-content\/uploads\/2020\/05\/2019_09_INMONDO_PACKSHOTY-19873_small.jpg","width":960,"height":960},{"@type":"BreadcrumbList","@id":"https:\/\/inmondo.pl\/sklep\/elementy\/lozka-niemowlece\/lozeczko-120\/#breadcrumb","itemListElement":[{"@type":"ListItem","position":1,"name":"Strona g\u0142\u00f3wna","item":"https:\/\/inmondo.pl\/"},{"@type":"ListItem","position":2,"name":"Oferta Inmondo: spe\u0142niamy marzenia i wymagania","item":"https:\/\/inmondo.pl\/sklep\/"},{"@type":"ListItem","position":3,"name":"kolekcje","item":"https:\/\/inmondo.pl\/de\/sklep\/kolekcje\/"},{"@type":"ListItem","position":4,"name":"Loopi","item":"http:\/\/inmondo.pl\/sklep\/kolekcje\/loopi\/"},{"@type":"ListItem","position":5,"name":"\u0141\u00f3\u017ceczko niemowl\u0119ce 120"}]},{"@type":"WebSite","@id":"https:\/\/inmondo.pl\/#website","url":"https:\/\/inmondo.pl\/","name":"Inmondo","description":"","potentialAction":[{"@type":"SearchAction","target":{"@type":"EntryPoint","urlTemplate":"https:\/\/inmondo.pl\/?s={search_term_string}"},"query-input":{"@type":"PropertyValueSpecification","valueRequired":true,"valueName":"search_term_string"}}],"inLanguage":"de"}]}},"wcpa_form_fields":null,"_links":{"self":[{"href":"https:\/\/inmondo.pl\/de\/wp-json\/wp\/v2\/product\/949","targetHints":{"allow":["GET"]}}],"collection":[{"href":"https:\/\/inmondo.pl\/de\/wp-json\/wp\/v2\/product"}],"about":[{"href":"https:\/\/inmondo.pl\/de\/wp-json\/wp\/v2\/types\/product"}],"replies":[{"embeddable":true,"href":"https:\/\/inmondo.pl\/de\/wp-json\/wp\/v2\/comments?post=949"}],"wp:featuredmedia":[{"embeddable":true,"href":"https:\/\/inmondo.pl\/de\/wp-json\/wp\/v2\/media\/348"}],"wp:attachment":[{"href":"https:\/\/inmondo.pl\/de\/wp-json\/wp\/v2\/media?parent=949"}],"wp:term":[{"taxonomy":"product_brand","embeddable":true,"href":"https:\/\/inmondo.pl\/de\/wp-json\/wp\/v2\/product_brand?post=949"},{"taxonomy":"product_cat","embeddable":true,"href":"https:\/\/inmondo.pl\/de\/wp-json\/wp\/v2\/product_cat?post=949"},{"taxonomy":"product_tag","embeddable":true,"href":"https:\/\/inmondo.pl\/de\/wp-json\/wp\/v2\/product_tag?post=949"}],"curies":[{"name":"wp","href":"https:\/\/api.w.org\/{rel}","templated":true}]}}