{"id":928,"date":"2020-06-16T12:16:53","date_gmt":"2020-06-16T10:16:53","guid":{"rendered":"http:\/\/inmondo.pl\/?post_type=product&#038;p=928"},"modified":"2026-03-26T09:53:24","modified_gmt":"2026-03-26T08:53:24","slug":"einzelbett-90cm-funflex","status":"publish","type":"product","link":"https:\/\/inmondo.pl\/de\/sklep\/elementy\/lozka\/einzelbett-90cm-funflex\/","title":{"rendered":"Einzelbett 90 cm"},"content":{"rendered":"<p>Funflex ist eine gro\u00dfartige Idee f\u00fcr ein Bett, das Ihrem Kind viele Jahre lang dienen wird. Schlicht und sch\u00f6n in der Form passt das Muster perfekt in jeden Raum, sowohl f\u00fcr Kinder als auch f\u00fcr Jugendliche.<\/p>\n<p>Wir empfehlen auch eine spezielle Schublade, die perfekt in den Raum unter dem Bett passt. Er kann zus\u00e4tzlichen Platz f\u00fcr gelegentliche \u00dcbernachtungen bieten oder als Lagercontainer genutzt werden.<\/p>","protected":false},"excerpt":{"rendered":"<p>Funflex ist eine gro\u00dfartige Idee f\u00fcr ein Bett, das Ihrem Kind viele Jahre lang dienen wird. Schlicht und sch\u00f6n in der Form passt das Muster perfekt in jeden Raum, sowohl f\u00fcr Kinder als auch f\u00fcr Jugendliche.<\/p>\n<p>Wir empfehlen auch eine spezielle Schublade, die perfekt in den Raum unter dem Bett passt. Er kann zus\u00e4tzlichen Platz f\u00fcr gelegentliche \u00dcbernachtungen bieten oder als Lagercontainer genutzt werden.<\/p>\n<p>&nbsp;<\/p>\n<p>Auf unserer Website finden Sie auch speziell f\u00fcr dieses Bett entworfene Vorh\u00e4nge \ud83d\ude42\u00a0<a href=\"https:\/\/inmondo.pl\/de\/sklep\/elementy\/matratzenrestaurierung\/\">RESTO 90<\/a>\u00a0oder\u00a0<a href=\"https:\/\/inmondo.pl\/de\/sklep\/elementy\/matratze-resto-duo-90\/\">RESTO DUO 90<\/a>.<\/p>\n<p>&nbsp;<\/p>\n<p>Zus\u00e4tzlich empfehlen wir:<\/p>\n<p>Gewidmet <a href=\"https:\/\/inmondo.pl\/de\/sklep\/kolekcje\/schublade-2\/\" target=\"_blank\" rel=\"noopener\">Schublade<\/a> so k\u00f6nnen Sie den Platz unter den M\u00f6beln voll ausnutzen, um Kissen, Bettdecken und Decken aufzubewahren oder gelegentlich einen zus\u00e4tzlichen Schlafplatz zu schaffen.<\/p>\n<p>&nbsp;<\/p>\n<p>&nbsp;<\/p>\n<p>&nbsp;<\/p>\n<h6><\/h6>","protected":false},"featured_media":621,"comment_status":"open","ping_status":"closed","template":"","meta":{"_acf_changed":false},"product_brand":[],"product_cat":[20,18,17,21,99],"product_tag":[],"class_list":{"0":"post-928","1":"product","2":"type-product","3":"status-publish","4":"has-post-thumbnail","6":"product_cat-elementy","7":"product_cat-funflex","8":"product_cat-kolekcje","9":"product_cat-lozka","10":"product_cat-meble-dostepne","11":"wcpa_has_options","13":"first","14":"onbackorder","15":"featured","16":"taxable","17":"shipping-taxable","18":"purchasable","19":"product-type-variable","20":"has-default-attributes"},"acf":{"wymiary":"Szeroko\u015b\u0107: 206 cm<br \/>\r\nWysoko\u015b\u0107: 65 cm<br \/>\r\nG\u0142\u0119boko\u015b\u0107: 95 cm","materialy":"drewno brzozowe, p\u0142yta MDF, lakier wodny i&nbsp;wodny UV","sections_woocommerce":[{"acf_fc_layout":"section_menu","is_active":true,"repeater":[{"text":"Opis","link":"#opis"},{"text":"Lookbook","link":"#lookbook"},{"text":"Opinie","link":"#opinie"},{"text":"Inne produkty","link":"#inneprodukty"}]},{"acf_fc_layout":"section_woocommerce_text_image","is_active":true,"anchor":"opis","text_align":"textAlign--left","grid_width":"main","wysiwyg":"<h2>Funflex nieograniczone mo\u017cliwo\u015bci.<\/h2>\n<p>Szeroki wyb\u00f3r element\u00f3w z\u00a0kolekcji Funflex pozwoli zaaran\u017cowa\u0107 ka\u017cd\u0105 przestrze\u0144 zgodnie z\u00a0Twoimi potrzebami i\u00a0upodobaniami. Zapomnij o\u00a0problemach z\u00a0brakiem miejsca na\u00a0przechowywanie Twoich skarb\u00f3w. Ksi\u0105\u017cki, ubrania zabawki &#8211; od teraz na\u00a0wszystko znajdziesz swoje miejsce. Je\u015bli w\u00a0pokoju brakuje Ci miejsca meble mo\u017cesz postawi\u0107 pod\u00a0\u0142\u00f3\u017ckiem uzyskuj\u0105c przestrze\u0144 do\u00a0przechowywania bez po\u015bwi\u0119cania miejsca w\u00a0pokoju.<\/p>\n","image":"https:\/\/inmondo.pl\/wp-content\/uploads\/2020\/07\/2019_05_INMONDO_POK\u00d3J_CH\u0141OPCA_4-15142-1920-1.jpg"},{"acf_fc_layout":"section_woocommerce_text_image","is_active":true,"anchor":"","text_align":"textAlign--right","grid_width":"main","wysiwyg":"<p>Tworz\u0105c nasze meble my\u015blimy nie tylko o\u00a0funkcjonalno\u015bci, ale\u00a0tak\u017ce o\u00a0bezpiecze\u0144stwie i\u00a0komforcie Twojego dziecka. Dlatego\u00a0wszystkie nasze meble s\u0105 lakierowane ekologicznymi farbami wodnymi. Zawiasy i\u00a0prowadnice posiadaj\u0105 system cichego domyku.<\/p>\n","image":"https:\/\/inmondo.pl\/wp-content\/uploads\/2020\/07\/2019_04_INMONDO_POK\u00d3J_DZIEWCZYNEK_2-12414.jpg"},{"acf_fc_layout":"section_woocommerce_lookbook","is_active":true,"anchor":"lookbook","header":"<h2 style=\"text-align: center;\">Zobacz galeri\u0119 Funflex:<\/h2>\n<p>&nbsp;<\/p>\n<p style=\"text-align: center;\">Minimalistyczny lookbook prosto od naszych projektant\u00f3w. Ogl\u0105daj, inspiruj si\u0119, a\u00a0je\u015bli masz pomys\u0142y lub\u00a0pytania \u2014 od razu dzwo\u0144!<\/p>\n","repeater":[{"shortcode":"[woocommerce_lookbook id=\"1348\"]"},{"shortcode":"[woocommerce_lookbook id=\"1350\"]"},{"shortcode":"[woocommerce_lookbook id=\"1347\"]"},{"shortcode":"[woocommerce_lookbook id=\"1340\"]"}]},{"acf_fc_layout":"section_woocommerce_opinions","is_active":true,"anchor":"opinie"},{"acf_fc_layout":"section_woocommerce_otherFromCategory","is_active":true,"anchor":"inneprodukty"}],"czas_realizacji":""},"yoast_head":"<!-- This site is optimized with the Yoast SEO plugin v27.3 - https:\/\/yoast.com\/product\/yoast-seo-wordpress\/ -->\n<title>\u0141\u00f3\u017cko pojedyncze 90cm - Inmondo<\/title>\n<meta name=\"robots\" content=\"index, follow, max-snippet:-1, max-image-preview:large, max-video-preview:-1\" \/>\n<link rel=\"canonical\" href=\"https:\/\/inmondo.pl\/de\/sklep\/elementy\/lozka\/einzelbett-90cm-funflex\/\" \/>\n<meta property=\"og:locale\" content=\"de_DE\" \/>\n<meta property=\"og:type\" content=\"article\" \/>\n<meta property=\"og:title\" content=\"\u0141\u00f3\u017cko pojedyncze 90cm - Inmondo\" \/>\n<meta property=\"og:description\" content=\"Funflex jest doskona\u0142ym pomys\u0142em na \u0142\u00f3\u017cko, kt\u00f3re b\u0119dzie s\u0142u\u017cy\u0107 Twojemu dziecku przez d\u0142ugie lata. Prosty i pi\u0119kny w formie wz\u00f3r doskonale wpasuje si\u0119 w ka\u017cdy pok\u00f3j, zar\u00f3wno mniejszej pociechy, jak i nastolatka.  Polecamy r\u00f3wnie\u017c dedykowan\u0105 szuflad\u0119 kt\u00f3ra idealnie wpasuje si\u0119 w przestrze\u0144 pod \u0142\u00f3\u017ckiem. Mo\u017ce ona zaoferowa\u0107 dodatkowe miejsce do okazjonalnego noclegu, lub pos\u0142u\u017cy\u0107 jako do pojemnik do przechowywania rzeczy.  &nbsp;  Wybierz dla swoich dzieci r\u00f3wnie\u017c jeden z dw\u00f3ch pasuj\u0105cych do niego modeli materacy\u00a0RESTO 90\u00a0lub\u00a0RESTO DUO 90.  &nbsp;  Dodatkowo polecamy:  Dedykowan\u0105 szuflad\u0119 kt\u00f3ra pozwoli wykorzysta\u0107 w pe\u0142ni przestrze\u0144 pod meblem na przechowanie poduszek, ko\u0142der i kocyk\u00f3w, albo stworzy okazjonalnie dodatkowe miejsce do spania.  &nbsp;  &nbsp;  &nbsp;\" \/>\n<meta property=\"og:url\" content=\"https:\/\/inmondo.pl\/de\/sklep\/elementy\/lozka\/einzelbett-90cm-funflex\/\" \/>\n<meta property=\"og:site_name\" content=\"Inmondo\" \/>\n<meta property=\"article:modified_time\" content=\"2026-03-26T08:53:24+00:00\" \/>\n<meta property=\"og:image\" content=\"https:\/\/inmondo.pl\/wp-content\/uploads\/2020\/06\/2019_09_INMONDO_PACKSHOTY-19814_small.jpg\" \/>\n\t<meta property=\"og:image:width\" content=\"960\" \/>\n\t<meta property=\"og:image:height\" content=\"960\" \/>\n\t<meta property=\"og:image:type\" content=\"image\/jpeg\" \/>\n<meta name=\"twitter:card\" content=\"summary_large_image\" \/>\n<meta name=\"twitter:label1\" content=\"Gesch\u00e4tzte Lesezeit\" \/>\n\t<meta name=\"twitter:data1\" content=\"2\u00a0Minuten\" \/>\n<script type=\"application\/ld+json\" class=\"yoast-schema-graph\">{\"@context\":\"https:\\\/\\\/schema.org\",\"@graph\":[{\"@type\":\"WebPage\",\"@id\":\"https:\\\/\\\/inmondo.pl\\\/sklep\\\/elementy\\\/lozka\\\/lozko-pojedyncze-90cm-funflex\\\/\",\"url\":\"https:\\\/\\\/inmondo.pl\\\/sklep\\\/elementy\\\/lozka\\\/lozko-pojedyncze-90cm-funflex\\\/\",\"name\":\"\u0141\u00f3\u017cko pojedyncze 90cm - Inmondo\",\"isPartOf\":{\"@id\":\"https:\\\/\\\/inmondo.pl\\\/#website\"},\"primaryImageOfPage\":{\"@id\":\"https:\\\/\\\/inmondo.pl\\\/sklep\\\/elementy\\\/lozka\\\/lozko-pojedyncze-90cm-funflex\\\/#primaryimage\"},\"image\":{\"@id\":\"https:\\\/\\\/inmondo.pl\\\/sklep\\\/elementy\\\/lozka\\\/lozko-pojedyncze-90cm-funflex\\\/#primaryimage\"},\"thumbnailUrl\":\"https:\\\/\\\/inmondo.pl\\\/wp-content\\\/uploads\\\/2020\\\/06\\\/2019_09_INMONDO_PACKSHOTY-19814_small.jpg\",\"datePublished\":\"2020-06-16T10:16:53+00:00\",\"dateModified\":\"2026-03-26T08:53:24+00:00\",\"breadcrumb\":{\"@id\":\"https:\\\/\\\/inmondo.pl\\\/sklep\\\/elementy\\\/lozka\\\/lozko-pojedyncze-90cm-funflex\\\/#breadcrumb\"},\"inLanguage\":\"de\",\"potentialAction\":[{\"@type\":\"ReadAction\",\"target\":[\"https:\\\/\\\/inmondo.pl\\\/sklep\\\/elementy\\\/lozka\\\/lozko-pojedyncze-90cm-funflex\\\/\"]}]},{\"@type\":\"ImageObject\",\"inLanguage\":\"de\",\"@id\":\"https:\\\/\\\/inmondo.pl\\\/sklep\\\/elementy\\\/lozka\\\/lozko-pojedyncze-90cm-funflex\\\/#primaryimage\",\"url\":\"https:\\\/\\\/inmondo.pl\\\/wp-content\\\/uploads\\\/2020\\\/06\\\/2019_09_INMONDO_PACKSHOTY-19814_small.jpg\",\"contentUrl\":\"https:\\\/\\\/inmondo.pl\\\/wp-content\\\/uploads\\\/2020\\\/06\\\/2019_09_INMONDO_PACKSHOTY-19814_small.jpg\",\"width\":960,\"height\":960},{\"@type\":\"BreadcrumbList\",\"@id\":\"https:\\\/\\\/inmondo.pl\\\/sklep\\\/elementy\\\/lozka\\\/lozko-pojedyncze-90cm-funflex\\\/#breadcrumb\",\"itemListElement\":[{\"@type\":\"ListItem\",\"position\":1,\"name\":\"Strona g\u0142\u00f3wna\",\"item\":\"https:\\\/\\\/inmondo.pl\\\/\"},{\"@type\":\"ListItem\",\"position\":2,\"name\":\"Oferta Inmondo: spe\u0142niamy marzenia i wymagania\",\"item\":\"https:\\\/\\\/inmondo.pl\\\/sklep\\\/\"},{\"@type\":\"ListItem\",\"position\":3,\"name\":\"kolekcje\",\"item\":\"https:\\\/\\\/inmondo.pl\\\/de\\\/sklep\\\/kolekcje\\\/\"},{\"@type\":\"ListItem\",\"position\":4,\"name\":\"\u0141\u00f3\u017cko pojedyncze 90cm\"}]},{\"@type\":\"WebSite\",\"@id\":\"https:\\\/\\\/inmondo.pl\\\/#website\",\"url\":\"https:\\\/\\\/inmondo.pl\\\/\",\"name\":\"Inmondo\",\"description\":\"\",\"potentialAction\":[{\"@type\":\"SearchAction\",\"target\":{\"@type\":\"EntryPoint\",\"urlTemplate\":\"https:\\\/\\\/inmondo.pl\\\/?s={search_term_string}\"},\"query-input\":{\"@type\":\"PropertyValueSpecification\",\"valueRequired\":true,\"valueName\":\"search_term_string\"}}],\"inLanguage\":\"de\"}]}<\/script>\n<!-- \/ Yoast SEO plugin. -->","yoast_head_json":{"title":"Einzelbett 90 cm - Inmondo","robots":{"index":"index","follow":"follow","max-snippet":"max-snippet:-1","max-image-preview":"max-image-preview:large","max-video-preview":"max-video-preview:-1"},"canonical":"https:\/\/inmondo.pl\/de\/sklep\/elementy\/lozka\/einzelbett-90cm-funflex\/","og_locale":"de_DE","og_type":"article","og_title":"\u0141\u00f3\u017cko pojedyncze 90cm - Inmondo","og_description":"Funflex jest doskona\u0142ym pomys\u0142em na \u0142\u00f3\u017cko, kt\u00f3re b\u0119dzie s\u0142u\u017cy\u0107 Twojemu dziecku przez d\u0142ugie lata. Prosty i pi\u0119kny w formie wz\u00f3r doskonale wpasuje si\u0119 w ka\u017cdy pok\u00f3j, zar\u00f3wno mniejszej pociechy, jak i nastolatka.  Polecamy r\u00f3wnie\u017c dedykowan\u0105 szuflad\u0119 kt\u00f3ra idealnie wpasuje si\u0119 w przestrze\u0144 pod \u0142\u00f3\u017ckiem. Mo\u017ce ona zaoferowa\u0107 dodatkowe miejsce do okazjonalnego noclegu, lub pos\u0142u\u017cy\u0107 jako do pojemnik do przechowywania rzeczy.  &nbsp;  Wybierz dla swoich dzieci r\u00f3wnie\u017c jeden z dw\u00f3ch pasuj\u0105cych do niego modeli materacy\u00a0RESTO 90\u00a0lub\u00a0RESTO DUO 90.  &nbsp;  Dodatkowo polecamy:  Dedykowan\u0105 szuflad\u0119 kt\u00f3ra pozwoli wykorzysta\u0107 w pe\u0142ni przestrze\u0144 pod meblem na przechowanie poduszek, ko\u0142der i kocyk\u00f3w, albo stworzy okazjonalnie dodatkowe miejsce do spania.  &nbsp;  &nbsp;  &nbsp;","og_url":"https:\/\/inmondo.pl\/de\/sklep\/elementy\/lozka\/einzelbett-90cm-funflex\/","og_site_name":"Inmondo","article_modified_time":"2026-03-26T08:53:24+00:00","og_image":[{"width":960,"height":960,"url":"https:\/\/inmondo.pl\/wp-content\/uploads\/2020\/06\/2019_09_INMONDO_PACKSHOTY-19814_small.jpg","type":"image\/jpeg"}],"twitter_card":"summary_large_image","twitter_misc":{"Gesch\u00e4tzte Lesezeit":"2\u00a0Minuten"},"schema":{"@context":"https:\/\/schema.org","@graph":[{"@type":"WebPage","@id":"https:\/\/inmondo.pl\/sklep\/elementy\/lozka\/lozko-pojedyncze-90cm-funflex\/","url":"https:\/\/inmondo.pl\/sklep\/elementy\/lozka\/lozko-pojedyncze-90cm-funflex\/","name":"Einzelbett 90 cm - Inmondo","isPartOf":{"@id":"https:\/\/inmondo.pl\/#website"},"primaryImageOfPage":{"@id":"https:\/\/inmondo.pl\/sklep\/elementy\/lozka\/lozko-pojedyncze-90cm-funflex\/#primaryimage"},"image":{"@id":"https:\/\/inmondo.pl\/sklep\/elementy\/lozka\/lozko-pojedyncze-90cm-funflex\/#primaryimage"},"thumbnailUrl":"https:\/\/inmondo.pl\/wp-content\/uploads\/2020\/06\/2019_09_INMONDO_PACKSHOTY-19814_small.jpg","datePublished":"2020-06-16T10:16:53+00:00","dateModified":"2026-03-26T08:53:24+00:00","breadcrumb":{"@id":"https:\/\/inmondo.pl\/sklep\/elementy\/lozka\/lozko-pojedyncze-90cm-funflex\/#breadcrumb"},"inLanguage":"de","potentialAction":[{"@type":"ReadAction","target":["https:\/\/inmondo.pl\/sklep\/elementy\/lozka\/lozko-pojedyncze-90cm-funflex\/"]}]},{"@type":"ImageObject","inLanguage":"de","@id":"https:\/\/inmondo.pl\/sklep\/elementy\/lozka\/lozko-pojedyncze-90cm-funflex\/#primaryimage","url":"https:\/\/inmondo.pl\/wp-content\/uploads\/2020\/06\/2019_09_INMONDO_PACKSHOTY-19814_small.jpg","contentUrl":"https:\/\/inmondo.pl\/wp-content\/uploads\/2020\/06\/2019_09_INMONDO_PACKSHOTY-19814_small.jpg","width":960,"height":960},{"@type":"BreadcrumbList","@id":"https:\/\/inmondo.pl\/sklep\/elementy\/lozka\/lozko-pojedyncze-90cm-funflex\/#breadcrumb","itemListElement":[{"@type":"ListItem","position":1,"name":"Strona g\u0142\u00f3wna","item":"https:\/\/inmondo.pl\/"},{"@type":"ListItem","position":2,"name":"Oferta Inmondo: spe\u0142niamy marzenia i wymagania","item":"https:\/\/inmondo.pl\/sklep\/"},{"@type":"ListItem","position":3,"name":"kolekcje","item":"https:\/\/inmondo.pl\/de\/sklep\/kolekcje\/"},{"@type":"ListItem","position":4,"name":"\u0141\u00f3\u017cko pojedyncze 90cm"}]},{"@type":"WebSite","@id":"https:\/\/inmondo.pl\/#website","url":"https:\/\/inmondo.pl\/","name":"Inmondo","description":"","potentialAction":[{"@type":"SearchAction","target":{"@type":"EntryPoint","urlTemplate":"https:\/\/inmondo.pl\/?s={search_term_string}"},"query-input":{"@type":"PropertyValueSpecification","valueRequired":true,"valueName":"search_term_string"}}],"inLanguage":"de"}]}},"wcpa_form_fields":{"wcpaData":{"product":{"product_price":1290,"price_html":"<span class=\"woocommerce-Price-amount amount\">1 290&nbsp;<span class=\"woocommerce-Price-currencySymbol\">&#122;&#322;<\/span><\/span>","original_product_price":1290,"price_including_tax":1290,"price_excluding_tax":1048.7804879999999,"product_id":{"parent":928,"variation":false},"is_variable":true,"stock_status":"onbackorder","stock_quantity":0,"parent_sku":"928","product_attributes":{"pa_kolor":{"is_variation":true,"values":[]}},"custom_fields":[],"is_taxable":true},"fields":{"sec_169835a82e2dc7":{"extra":{"key":"sec_169835a82e2dc7","section_id":"sec_169835a82e2dc7","name":"Default","status":1,"cl_rule":"show","enableCl":false,"relations":[],"toggle":true,"title_tag":"h3","show_title":false,"showPrice":"default","form_id":12110,"form_rules":{"exclude_from_discount":false,"fee_label":"Fee","disp_hide_options_price":false,"disp_show_section_price":false,"disp_show_field_price":false,"layout_option":"standard","pric_use_as_fee":false,"process_fee_as":"woo_fee"},"layout_option":"standard"},"fields":[[{"label":"Szuflada","active":true,"required":true,"elementId":"select_269835a82e2dff","dropdown_type":"basic","placeholder":"Wybierz","name":"select_269835a82e2dff","label_position":"default","desc_position":"default","enablePrice":true,"className":"","enableCl":true,"relations":[],"requiredError":"Materac jest polem wymaganym","values":[{"label":"bez szuflady","value":"bez szuflady","selected":false,"tempId":"aco_877","gt_translate_keys":["label"]},{"label":"Szuflada 2w1","value":"Szuflada 2w1","selected":false,"tempId":"aco_878","price":"690","gt_translate_keys":["label"]}],"priceOptions":"different_for_all","pricingType":"fixed","price":"","use_as_fee":false,"cl_rule":"show","col":2,"type":"select","error":false,"gt_translate_keys":["label","placeholder","requiredError"],"price_dependency":false,"cl_dependency":false,"value":""}]]},"sec_16983573a6abe4":{"extra":{"key":"sec_16983573a6abe4","section_id":"sec_16983573a6abe4","name":"Default","status":1,"cl_rule":"show","enableCl":false,"relations":[],"toggle":true,"title_tag":"h3","show_title":false,"showPrice":"default","form_id":12108,"form_rules":{"exclude_from_discount":false,"fee_label":"Fee","disp_hide_options_price":false,"disp_show_section_price":false,"disp_show_field_price":false,"layout_option":"standard","pric_use_as_fee":false,"process_fee_as":"woo_fee"},"layout_option":"standard"},"fields":[[{"label":"Szuflada","active":true,"required":true,"elementId":"select_36983573a6ac15","dropdown_type":"basic","placeholder":"Wybierz","name":"select_36983573a6ac15","label_position":"default","desc_position":"default","enablePrice":true,"className":"","enableCl":true,"relations":[{"operator":"and","rules":[{"operator":"and","rules":{"cl_field":"user_roles","cl_relation":"is_not","cl_val":"partnerzy-polska-20"}},{"operator":"and","rules":{"cl_field":"user_roles","cl_relation":"is_not","cl_val":"partnerzy25"}},{"operator":"and","rules":{"cl_field":"user_roles","cl_relation":"is_not","cl_val":"partnerzy-polska-30"}},{"operator":"and","rules":{"cl_field":"user_roles","cl_relation":"is_not","cl_val":"partnerzy_zagranica_20"}},{"operator":"and","rules":{"cl_field":"user_roles","cl_relation":"is_not","cl_val":"partnerzy_zagranica_30"}},{"operator":"AND","rules":{"cl_field":"user_roles","cl_relation":"is_not","cl_val":"partnerzy_zagranica_25"}}]}],"values":[{"label":"bez szuflady","value":"bez szuflady","selected":false,"tempId":"aco_877","gt_translate_keys":["label"]},{"label":"Szuflada 2w1","value":"Szuflada 2w1","selected":false,"tempId":"aco_878","price":"690","gt_translate_keys":["label"]}],"priceOptions":"different_for_all","pricingType":"fixed","price":"","use_as_fee":false,"cl_rule":"show","col":2,"type":"select","error":false,"requiredError":"Materac jest polem wymaganym","gt_translate_keys":["label","placeholder","requiredError"],"price_dependency":false,"cl_dependency":false,"value":""}]]}},"config":{"price_override":"","enable_recaptcha":false,"bind_quantity":false,"quantity_bind_formula":"","disp_summ_show_option_price":true,"disp_summ_show_product_price":true,"disp_summ_show_total_price":true,"disp_summ_show_fee":false,"disp_summ_show_discount":false,"summary_title":"","options_total_label":"Cena wariant\u00f3w","total_label":"\u0141\u0105cznie","options_product_label":"Cena produktu","fee_label":"Fee","discount_label":"Obni\u017cka","has_price":true,"has_quantity_formula":false},"mc_unit":1,"tax_rate":1,"tax_rate_real":0.23,"discount":{"percentage":0,"fixed":0},"design":{"conf":{"LabelPosition":"above","DescPosition":"above","UploadField":"custom_1","QuantityFieldStyle":"default"},"css":{"LeftLabelWidth":"120px"}},"formulas":[],"clones":false,"cartKey":false}},"_links":{"self":[{"href":"https:\/\/inmondo.pl\/de\/wp-json\/wp\/v2\/product\/928","targetHints":{"allow":["GET"]}}],"collection":[{"href":"https:\/\/inmondo.pl\/de\/wp-json\/wp\/v2\/product"}],"about":[{"href":"https:\/\/inmondo.pl\/de\/wp-json\/wp\/v2\/types\/product"}],"replies":[{"embeddable":true,"href":"https:\/\/inmondo.pl\/de\/wp-json\/wp\/v2\/comments?post=928"}],"wp:featuredmedia":[{"embeddable":true,"href":"https:\/\/inmondo.pl\/de\/wp-json\/wp\/v2\/media\/621"}],"wp:attachment":[{"href":"https:\/\/inmondo.pl\/de\/wp-json\/wp\/v2\/media?parent=928"}],"wp:term":[{"taxonomy":"product_brand","embeddable":true,"href":"https:\/\/inmondo.pl\/de\/wp-json\/wp\/v2\/product_brand?post=928"},{"taxonomy":"product_cat","embeddable":true,"href":"https:\/\/inmondo.pl\/de\/wp-json\/wp\/v2\/product_cat?post=928"},{"taxonomy":"product_tag","embeddable":true,"href":"https:\/\/inmondo.pl\/de\/wp-json\/wp\/v2\/product_tag?post=928"}],"curies":[{"name":"wp","href":"https:\/\/api.w.org\/{rel}","templated":true}]}}