{"id":9230,"date":"2025-03-10T15:02:06","date_gmt":"2025-03-10T14:02:06","guid":{"rendered":"https:\/\/inmondo.pl\/?post_type=product&#038;p=9230"},"modified":"2026-04-15T11:05:44","modified_gmt":"2026-04-15T09:05:44","slug":"lozko-pietrowe-carmela","status":"publish","type":"product","link":"https:\/\/inmondo.pl\/de\/sklep\/elementy\/lozka-pietrowe\/lozko-pietrowe-carmela\/","title":{"rendered":"Carmela Etagenbett 90x200cm - 100% Holz"},"content":{"rendered":"","protected":false},"excerpt":{"rendered":"<p><a href=\"http:\/\/inmondo.pl\/wp-content\/uploads\/2025\/11\/dm2026-logo-na-www.png\"><img loading=\"lazy\" decoding=\"async\" class=\"alignnone size-medium wp-image-11511\" src=\"http:\/\/inmondo.pl\/wp-content\/uploads\/2025\/11\/dm2026-logo-na-www-300x123.png\" alt=\"\" width=\"300\" height=\"123\" srcset=\"https:\/\/inmondo.pl\/wp-content\/uploads\/2025\/11\/dm2026-logo-na-www-300x123.png 300w, https:\/\/inmondo.pl\/wp-content\/uploads\/2025\/11\/dm2026-logo-na-www-1024x421.png 1024w, https:\/\/inmondo.pl\/wp-content\/uploads\/2025\/11\/dm2026-logo-na-www-768x315.png 768w, https:\/\/inmondo.pl\/wp-content\/uploads\/2025\/11\/dm2026-logo-na-www-1536x631.png 1536w, https:\/\/inmondo.pl\/wp-content\/uploads\/2025\/11\/dm2026-logo-na-www-18x7.png 18w, https:\/\/inmondo.pl\/wp-content\/uploads\/2025\/11\/dm2026-logo-na-www-750x308.png 750w, https:\/\/inmondo.pl\/wp-content\/uploads\/2025\/11\/dm2026-logo-na-www-400x164.png 400w, https:\/\/inmondo.pl\/wp-content\/uploads\/2025\/11\/dm2026-logo-na-www-600x246.png 600w, https:\/\/inmondo.pl\/wp-content\/uploads\/2025\/11\/dm2026-logo-na-www.png 1726w\" sizes=\"auto, (max-width: 300px) 100vw, 300px\" \/><\/a><\/p>\n<p>&nbsp;<\/p>\n<p>Das Etagenbett Carmela ist eine Kombination aus Funktionalit\u00e4t und Eleganz, entworfen f\u00fcr Geschwister oder Kinder, die zus\u00e4tzlichen Schlafplatz ben\u00f6tigen.<\/p>\n<p>Er ist aus massivem Kiefernholz gefertigt und garantiert Langlebigkeit und sicheren Gebrauch.<\/p>\n<p>Das praktische Design erm\u00f6glicht die Montage der Leiter auf der rechten oder linken Seite, und die Option, eine zus\u00e4tzliche Schublade und ein Gel\u00e4nder hinzuzuf\u00fcgen, macht sie noch vielseitiger.<\/p>\n<p>Ideal f\u00fcr kleine R\u00e4ume, um einen komfortablen Schlaf \u00fcber Jahre hinweg zu gew\u00e4hrleisten.<\/p>\n<p>&nbsp;<\/p>\n<p>Auf unserer Website finden Sie auch speziell f\u00fcr dieses Bett entworfene Vorh\u00e4nge \ud83d\ude42\u00a0<a href=\"https:\/\/inmondo.pl\/de\/sklep\/elementy\/matratzenrestaurierung\/\">RESTO 90<\/a>\u00a0oder\u00a0<a href=\"https:\/\/inmondo.pl\/de\/sklep\/elementy\/matratze-resto-duo-90\/\">RESTO DUO 90<\/a> und <a href=\"https:\/\/inmondo.pl\/de\/sklep\/elementy\/matratzenrestaurierung-2\/\" target=\"_blank\" rel=\"noopener\">Matratze f\u00fcr Schublade<\/a>.<\/p>\n<p>&nbsp;<\/p>","protected":false},"featured_media":10466,"comment_status":"open","ping_status":"closed","template":"","meta":{"_acf_changed":true},"product_brand":[],"product_cat":[200,172,99],"product_tag":[],"class_list":{"0":"post-9230","1":"product","2":"type-product","3":"status-publish","4":"has-post-thumbnail","6":"product_cat-carmela","7":"product_cat-lozka-pietrowe","8":"product_cat-meble-dostepne","9":"wcpa_has_options","11":"first","12":"instock","13":"sale","14":"taxable","15":"shipping-taxable","16":"purchasable","17":"product-type-variable","18":"has-default-attributes"},"acf":{"sections_woocommerce":[{"acf_fc_layout":"section_menu","is_active":true,"repeater":[{"text":"Opis","link":"#opis"},{"text":"Lookbook","link":"#lookbook"},{"text":"Opinie","link":"#opinie"},{"text":"Inne produkty","link":"#inne"}]},{"acf_fc_layout":"section_woocommerce_text_image","is_active":true,"anchor":"#opis","text_align":"textAlign--right","grid_width":"main","wysiwyg":"<h3 data-pm-slice=\"1 1 []\"><strong>\u0141\u00f3\u017cko pi\u0119trowe Carmela \u2013 elegancja i funkcjonalno\u015b\u0107<\/strong><\/h3>\n<p data-pm-slice=\"1 1 []\">Carmela to wyj\u0105tkowe po\u0142\u0105czenie funkcjonalno\u015bci, stylu i najwy\u017cszej jako\u015bci wykonania.<\/p>\n<p data-pm-slice=\"1 1 []\">Zaprojektowane w estetyce angielskiego cottage, doskonale wpisuje si\u0119 w klasyczne i nowoczesne wn\u0119trza.<\/p>\n<p data-pm-slice=\"1 1 []\">Jego charakterystyczne elementy, takie jak okr\u0105g\u0142e szczebelki, podci\u0119cia i dekoracyjne wyci\u0119cia, nadaj\u0105 mu wyj\u0105tkowy urok i subtelny, elegancki wygl\u0105d.<\/p>\n<p data-pm-slice=\"1 1 []\">\u00a0Dzi\u0119ki temu rodzice zyskuj\u0105 pewno\u015b\u0107, \u017ce ich pociechy \u015bpi\u0105 i bawi\u0105 si\u0119 w bezpiecznej, bajkowej przestrzeni.<\/p>\n<p data-pm-slice=\"1 1 []\">Rodzice pokochaj\u0105 jego funkcjonalno\u015b\u0107: dwie przestrzenie do spania w jednym miejscu to oszcz\u0119dno\u015b\u0107 miejsca, a wysoka jako\u015b\u0107 wykonania gwarantuje bezpiecze\u0144stwo i trwa\u0142o\u015b\u0107 na lata.<\/p>\n<p>&nbsp;<\/p>\n<p>&nbsp;<\/p>\n","image":"https:\/\/inmondo.pl\/wp-content\/uploads\/2025\/03\/image00017-e1744801980521.jpeg"},{"acf_fc_layout":"section_woocommerce_text_image","is_active":true,"anchor":"#opis","text_align":"textAlign--left","grid_width":"main","wysiwyg":"<h4 data-pm-slice=\"1 3 []\"><strong>Najwa\u017cniejsze cechy \u0142\u00f3\u017cka pi\u0119trowego Carmela:<\/strong><\/h4>\n<p><strong>Solidna konstrukcja<\/strong> \u2013 wykonane z wysokiej jako\u015bci drewna, zapewniaj\u0105cego trwa\u0142o\u015b\u0107 i stabilno\u015b\u0107.<\/p>\n<p><strong>Stylowe detale<\/strong> \u2013 okr\u0105g\u0142e szczebelki, \u015bci\u0119te n\u00f3\u017cki oraz ozdobne wyci\u0119cia nadaj\u0105 mu wyj\u0105tkowy, ponadczasowy charakter.<\/p>\n<p><strong>Bezpiecze\u0144stwo<\/strong> \u2013 \u0142\u00f3\u017cko wyposa\u017cone jest w solidne barierki ochronne, kt\u00f3re zabezpieczaj\u0105 dziecko przed upadkiem<\/p>\n<p><strong>Opcjonalne dodatki<\/strong> \u2013 mo\u017cliwo\u015b\u0107 dokupienia praktycznej szuflady, kt\u00f3ra mo\u017ce by\u0107 dodatkowym miejscem do spania lub mo\u017ce by\u0107 miejscem do przechowywania oraz dodatkowej barierki<\/p>\n<p>&nbsp;<\/p>\n<h4 data-pm-slice=\"1 3 []\"><strong>Specyfikacja techniczna:<\/strong><\/h4>\n<ul data-spread=\"false\">\n<li>\n<h5>Wymiary: 90&#215;200 cm<\/h5>\n<\/li>\n<li>\n<h5>Materia\u0142: Drewno sosnowe<\/h5>\n<\/li>\n<li>\n<h5>Kolor: Naturalne drewno \/ Bia\u0142y \/ Szary \/Kaszmir \/ Sza\u0142wia<\/h5>\n<\/li>\n<li>\n<h5>Opcje dodatkowe: Szuflada na po\u015bciel\/do spania, barierka ochronna<\/h5>\n<\/li>\n<li>\n<h5>Obci\u0105\u017cenie maksymalne : 100kg \/ na ka\u017cde le\u017cysko<\/h5>\n<\/li>\n<\/ul>\n","image":"https:\/\/inmondo.pl\/wp-content\/uploads\/2025\/03\/image00004.jpeg"},{"acf_fc_layout":"section_woocommerce_text_image","is_active":true,"anchor":"#opis","text_align":"textAlign--right","grid_width":"main","wysiwyg":"<p>Dostosuj \u0142\u00f3\u017cko Carmela do swoich potrzeb!<\/p>\n<p>Mo\u017cesz dobra\u0107 dodatkow\u0105 szuflad\u0119 na po\u015bciel lub zabawki &#8211; szuflada posiada r\u00f3wnie\u017c opcj\u0119 dodatkowego miejsca do spania oraz barierk\u0119 zabezpieczaj\u0105c\u0105 dla dolnego \u0142\u00f3\u017cka.<\/p>\n<p>Wybierz opcj\u0119, kt\u00f3ra najlepiej pasuje do Twojego wn\u0119trza i zapewni dziecku komfort snu.<\/p>\n<p data-pm-slice=\"1 1 []\"><strong>Dlaczego warto wybra\u0107 \u0142\u00f3\u017cko pi\u0119trowe Carmela?<\/strong><\/p>\n<p>\u0141\u00f3\u017cko <strong>Carmela<\/strong> to co\u015b wi\u0119cej ni\u017c tylko miejsce do spania \u2013 to stylowy element wystroju dzieci\u0119cego pokoju, kt\u00f3ry \u0142\u0105czy <strong>funkcjonalno\u015b\u0107, trwa\u0142o\u015b\u0107 i ponadczasow\u0105 elegancj\u0119<\/strong>.<\/p>\n<p>Wybieraj\u0105c ten model, inwestujesz w komfort i bezpiecze\u0144stwo swojego dziecka na lata!<\/p>\n<p><strong>Zam\u00f3w ju\u017c dzi\u015b i stw\u00f3rz wyj\u0105tkow\u0105 przestrze\u0144 dla Twojego dziecka!<\/strong><\/p>\n","image":"https:\/\/inmondo.pl\/wp-content\/uploads\/2025\/03\/image00002-2.jpeg"},{"acf_fc_layout":"section_woocommerce_text_image","is_active":true,"anchor":"#opis","text_align":"textAlign--left","grid_width":"main","wysiwyg":"<p>Stworzona z my\u015bl\u0105 o codziennych potrzebach, nasza szuflada do \u0142\u00f3\u017cka Carmela to nie tylko praktyczne rozwi\u0105zanie, ale tak\u017ce wyraz dba\u0142o\u015bci o najdrobniejsze detale.<\/p>\n<p>Harmonijny design oraz solidne wykonanie sprawiaj\u0105, \u017ce idealnie uzupe\u0142nia \u0142\u00f3\u017cko Carmela, podkre\u015blaj\u0105c jego unikalny styl i dbaj\u0105c o porz\u0105dek w pokoju malucha.<\/p>\n<p>&nbsp;<\/p>\n<p>Wybierz r\u00f3wnie\u017c pasuj\u0105cy model materaca <strong><a href=\"https:\/\/inmondo.pl\/sklep\/elementy\/materac-resto-do-szuflad\/\">RESTO 90 \u2013 do szuflad<\/a><\/strong><\/p>\n","image":"https:\/\/inmondo.pl\/wp-content\/uploads\/2025\/03\/image00021-2.jpeg"},{"acf_fc_layout":"section_woocommerce_text_image","is_active":true,"anchor":"#opis","text_align":"textAlign--right","grid_width":"main","wysiwyg":"<p>Barierka do \u0142\u00f3\u017cka rozwi\u0105zanie, kt\u00f3re zapewnia komfort i bezpiecze\u0144stwo ka\u017cdej nocy.<\/p>\n<p>Precyzyjnie wykonana, harmonijnie komponuje si\u0119 z \u0142\u00f3\u017ckiem Carmela, tworz\u0105c przestrze\u0144, w kt\u00f3rej maluch czuje si\u0119 chroniony.<\/p>\n<p>To idealny wyb\u00f3r dla rodzic\u00f3w, kt\u00f3rzy ceni\u0105 zar\u00f3wno funkcjonalno\u015b\u0107, jak i estetyk\u0119, gwarantuj\u0105c spokojny sen i pe\u0142n\u0105 swobod\u0119 zabawy.<\/p>\n<p style=\"text-align: left;\">\n","image":"https:\/\/inmondo.pl\/wp-content\/uploads\/2025\/03\/image00004-2.jpeg"},{"acf_fc_layout":"section_woocommerce_text_image","is_active":true,"anchor":"#opis","text_align":"textAlign--left","grid_width":"main","wysiwyg":"<p>&nbsp;<\/p>\n<p>&nbsp;<\/p>\n<p style=\"text-align: left;\"><strong><a>Poznaj inne nasze \u0142\u00f3\u017cka pi\u0119trowe<\/a><\/strong><\/p>\n<p style=\"text-align: left;\"><a>Zobacz nasze kolekcje mebli dzieci\u0119cych<\/a><\/p>\n<p style=\"text-align: left;\"><strong><a href=\"https:\/\/inmondo.pl\/blog\/\">Przeczytaj wi\u0119cej na naszym blogu<\/a><\/strong><\/p>\n","image":"https:\/\/inmondo.pl\/wp-content\/uploads\/2025\/03\/image00031-1.jpeg"},{"acf_fc_layout":"section_woocommerce_text_image","is_active":true,"anchor":"#opis","text_align":"textAlign--left","grid_width":"main","wysiwyg":"<h2>Uwaga!<\/h2>\n<p>\u0141\u00f3\u017cka wysokie i\u00a0g\u00f3rne \u0142\u00f3\u017cka \u0142\u00f3\u017cek pi\u0119trowych albo\u00a0\u0142\u00f3\u017cka na\u00a0antresoli nie s\u0105 przeznaczone dla\u00a0dzieci w\u00a0wieku poni\u017cej 6 lat, z\u00a0uwagi na\u00a0ryzyko obra\u017ce\u0144 na\u00a0skutek wypadni\u0119cia.<br \/>\nMaksymalne obci\u0105\u017cenie oznacza ci\u0119\u017car statyczny, innymi s\u0142owy jest to obci\u0105\u017cenie, kt\u00f3ry \u0142\u00f3\u017cko wytrzymuje, gdy na\u00a0nim le\u017cysz lub\u00a0siedzisz.<br \/>\nMaksymalne obci\u0105\u017cenie: 100 kg<\/p>\n<p>Obci\u0105\u017cenie statyczne \u0142\u00f3\u017cka: max. 100 kg g\u00f3rne le\u017cysko, max. 100 kg dolne le\u017cysko<\/p>\n<p>\u0141\u00f3\u017cko przebadane zgodnie z norm\u0105: PN-EN 747-1+A1:2015-08 &#8222;Meble &#8211; \u0141\u00f3\u017cka pi\u0119trowe i \u0142\u00f3\u017cka wysokie &#8212; Cz\u0119\u015b\u0107 1: Wymagania bezpiecze\u0144stwa, wytrzyma\u0142o\u015bci i trwa\u0142o\u015bci&#8221;. \u0141\u00f3\u017cka lakierujemy farbami wodnymi, ekologicznymi, kt\u00f3re s\u0105 bezzapachowe. Farby wodne s\u0105 hipoalergiczna i bezpieczna dla dzieci.<\/p>\n","image":"https:\/\/inmondo.pl\/wp-content\/uploads\/2025\/03\/image00005-2.jpeg"},{"acf_fc_layout":"section_woocommerce_lookbook","is_active":true,"anchor":"#lookbook","header":"","repeater":[{"shortcode":"[woocommerce_lookbook id=\"1365\"]"},{"shortcode":"[woocommerce_lookbook id=\"1356\"]"},{"shortcode":"[woocommerce_lookbook id=\"1280\"]"}]},{"acf_fc_layout":"section_woocommerce_opinions","is_active":true,"anchor":"#opinie"},{"acf_fc_layout":"section_woocommerce_otherFromCategory","is_active":true,"anchor":"#inne"}],"wymiary":"Szeroko\u015b\u0107: 211,4 cm<br \/>\r\nWysoko\u015b\u0107: 172 cm<br \/>\r\nG\u0142\u0119boko\u015b\u0107: 102 cm<br \/>\r\n<br \/>\r\nOdleg\u0142o\u015b\u0107 mi\u0119dzy g\u00f3rnym a dolnym le\u017cyskiem: 111,7 cm","materialy":"drewno sosnowe 100%","czas_realizacji":""},"yoast_head":"<!-- This site is optimized with the Yoast SEO plugin v27.3 - https:\/\/yoast.com\/product\/yoast-seo-wordpress\/ -->\n<title>\u0141\u00f3\u017cko pi\u0119trowe Carmela 90x200cm \u2013 100% drewno - Inmondo<\/title>\n<meta name=\"description\" content=\"\u0141\u00f3\u017cko pi\u0119trowe Carmela to bezpieczne i funkcjonalne \u0142\u00f3\u017cko dla dzieci z litego drewna sosnowego. Wybierz model z opcjonaln\u0105 szuflad\u0105 i barierk\u0105!\" \/>\n<meta name=\"robots\" content=\"index, follow, max-snippet:-1, max-image-preview:large, max-video-preview:-1\" \/>\n<link rel=\"canonical\" href=\"https:\/\/inmondo.pl\/de\/sklep\/elementy\/lozka-pietrowe\/lozko-pietrowe-carmela\/\" \/>\n<meta property=\"og:locale\" content=\"de_DE\" \/>\n<meta property=\"og:type\" content=\"article\" \/>\n<meta property=\"og:title\" content=\"\u0141\u00f3\u017cko pi\u0119trowe Carmela 90x200cm \u2013 100% drewno - Inmondo\" \/>\n<meta property=\"og:description\" content=\"\u0141\u00f3\u017cko pi\u0119trowe Carmela to bezpieczne i funkcjonalne \u0142\u00f3\u017cko dla dzieci z litego drewna sosnowego. Wybierz model z opcjonaln\u0105 szuflad\u0105 i barierk\u0105!\" \/>\n<meta property=\"og:url\" content=\"https:\/\/inmondo.pl\/de\/sklep\/elementy\/lozka-pietrowe\/lozko-pietrowe-carmela\/\" \/>\n<meta property=\"og:site_name\" content=\"Inmondo\" \/>\n<meta property=\"article:modified_time\" content=\"2026-04-15T09:05:44+00:00\" \/>\n<meta property=\"og:image\" content=\"http:\/\/inmondo.pl\/wp-content\/uploads\/2025\/06\/Carmela-pietrowa-Kaszmir-szuflada.jpg\" \/>\n\t<meta property=\"og:image:width\" content=\"1200\" \/>\n\t<meta property=\"og:image:height\" content=\"1200\" \/>\n\t<meta property=\"og:image:type\" content=\"image\/jpeg\" \/>\n<meta name=\"twitter:card\" content=\"summary_large_image\" \/>\n<meta name=\"twitter:label1\" content=\"Gesch\u00e4tzte Lesezeit\" \/>\n\t<meta name=\"twitter:data1\" content=\"5\u00a0Minuten\" \/>\n<script type=\"application\/ld+json\" class=\"yoast-schema-graph\">{\"@context\":\"https:\\\/\\\/schema.org\",\"@graph\":[{\"@type\":\"WebPage\",\"@id\":\"https:\\\/\\\/inmondo.pl\\\/sklep\\\/elementy\\\/lozka-pietrowe\\\/lozko-pietrowe-carmela\\\/\",\"url\":\"https:\\\/\\\/inmondo.pl\\\/sklep\\\/elementy\\\/lozka-pietrowe\\\/lozko-pietrowe-carmela\\\/\",\"name\":\"\u0141\u00f3\u017cko pi\u0119trowe Carmela 90x200cm \u2013 100% drewno - Inmondo\",\"isPartOf\":{\"@id\":\"https:\\\/\\\/inmondo.pl\\\/#website\"},\"primaryImageOfPage\":{\"@id\":\"https:\\\/\\\/inmondo.pl\\\/sklep\\\/elementy\\\/lozka-pietrowe\\\/lozko-pietrowe-carmela\\\/#primaryimage\"},\"image\":{\"@id\":\"https:\\\/\\\/inmondo.pl\\\/sklep\\\/elementy\\\/lozka-pietrowe\\\/lozko-pietrowe-carmela\\\/#primaryimage\"},\"thumbnailUrl\":\"https:\\\/\\\/inmondo.pl\\\/wp-content\\\/uploads\\\/2025\\\/06\\\/Carmela-pietrowa-Kaszmir-szuflada.jpg\",\"datePublished\":\"2025-03-10T14:02:06+00:00\",\"dateModified\":\"2026-04-15T09:05:44+00:00\",\"description\":\"\u0141\u00f3\u017cko pi\u0119trowe Carmela to bezpieczne i funkcjonalne \u0142\u00f3\u017cko dla dzieci z litego drewna sosnowego. Wybierz model z opcjonaln\u0105 szuflad\u0105 i barierk\u0105!\",\"breadcrumb\":{\"@id\":\"https:\\\/\\\/inmondo.pl\\\/sklep\\\/elementy\\\/lozka-pietrowe\\\/lozko-pietrowe-carmela\\\/#breadcrumb\"},\"inLanguage\":\"de\",\"potentialAction\":[{\"@type\":\"ReadAction\",\"target\":[\"https:\\\/\\\/inmondo.pl\\\/sklep\\\/elementy\\\/lozka-pietrowe\\\/lozko-pietrowe-carmela\\\/\"]}]},{\"@type\":\"ImageObject\",\"inLanguage\":\"de\",\"@id\":\"https:\\\/\\\/inmondo.pl\\\/sklep\\\/elementy\\\/lozka-pietrowe\\\/lozko-pietrowe-carmela\\\/#primaryimage\",\"url\":\"https:\\\/\\\/inmondo.pl\\\/wp-content\\\/uploads\\\/2025\\\/06\\\/Carmela-pietrowa-Kaszmir-szuflada.jpg\",\"contentUrl\":\"https:\\\/\\\/inmondo.pl\\\/wp-content\\\/uploads\\\/2025\\\/06\\\/Carmela-pietrowa-Kaszmir-szuflada.jpg\",\"width\":1200,\"height\":1200},{\"@type\":\"BreadcrumbList\",\"@id\":\"https:\\\/\\\/inmondo.pl\\\/sklep\\\/elementy\\\/lozka-pietrowe\\\/lozko-pietrowe-carmela\\\/#breadcrumb\",\"itemListElement\":[{\"@type\":\"ListItem\",\"position\":1,\"name\":\"Strona g\u0142\u00f3wna\",\"item\":\"https:\\\/\\\/inmondo.pl\\\/\"},{\"@type\":\"ListItem\",\"position\":2,\"name\":\"Oferta Inmondo: spe\u0142niamy marzenia i wymagania\",\"item\":\"https:\\\/\\\/inmondo.pl\\\/sklep\\\/\"},{\"@type\":\"ListItem\",\"position\":3,\"name\":\"Elementy\",\"item\":\"https:\\\/\\\/inmondo.pl\\\/sklep\\\/elementy\\\/\"},{\"@type\":\"ListItem\",\"position\":4,\"name\":\"\u0141\u00f3\u017cka pi\u0119trowe\",\"item\":\"https:\\\/\\\/inmondo.pl\\\/sklep\\\/elementy\\\/lozka-pietrowe\\\/\"},{\"@type\":\"ListItem\",\"position\":5,\"name\":\"\u0141\u00f3\u017cko pi\u0119trowe Carmela 90x200cm \u2013 100% drewno\"}]},{\"@type\":\"WebSite\",\"@id\":\"https:\\\/\\\/inmondo.pl\\\/#website\",\"url\":\"https:\\\/\\\/inmondo.pl\\\/\",\"name\":\"Inmondo\",\"description\":\"\",\"potentialAction\":[{\"@type\":\"SearchAction\",\"target\":{\"@type\":\"EntryPoint\",\"urlTemplate\":\"https:\\\/\\\/inmondo.pl\\\/?s={search_term_string}\"},\"query-input\":{\"@type\":\"PropertyValueSpecification\",\"valueRequired\":true,\"valueName\":\"search_term_string\"}}],\"inLanguage\":\"de\"}]}<\/script>\n<!-- \/ Yoast SEO plugin. -->","yoast_head_json":{"title":"Carmela Etagenbett 90x200cm - 100% Holz - Inmondo","description":"Das Etagenbett Carmela ist ein sicheres und funktionelles Kinderbett aus massivem Kiefernholz. W\u00e4hlen Sie das Modell mit optionaler Schublade und Gel\u00e4nder!","robots":{"index":"index","follow":"follow","max-snippet":"max-snippet:-1","max-image-preview":"max-image-preview:large","max-video-preview":"max-video-preview:-1"},"canonical":"https:\/\/inmondo.pl\/de\/sklep\/elementy\/lozka-pietrowe\/lozko-pietrowe-carmela\/","og_locale":"de_DE","og_type":"article","og_title":"\u0141\u00f3\u017cko pi\u0119trowe Carmela 90x200cm \u2013 100% drewno - Inmondo","og_description":"\u0141\u00f3\u017cko pi\u0119trowe Carmela to bezpieczne i funkcjonalne \u0142\u00f3\u017cko dla dzieci z litego drewna sosnowego. Wybierz model z opcjonaln\u0105 szuflad\u0105 i barierk\u0105!","og_url":"https:\/\/inmondo.pl\/de\/sklep\/elementy\/lozka-pietrowe\/lozko-pietrowe-carmela\/","og_site_name":"Inmondo","article_modified_time":"2026-04-15T09:05:44+00:00","og_image":[{"width":1200,"height":1200,"url":"http:\/\/inmondo.pl\/wp-content\/uploads\/2025\/06\/Carmela-pietrowa-Kaszmir-szuflada.jpg","type":"image\/jpeg"}],"twitter_card":"summary_large_image","twitter_misc":{"Gesch\u00e4tzte Lesezeit":"5\u00a0Minuten"},"schema":{"@context":"https:\/\/schema.org","@graph":[{"@type":"WebPage","@id":"https:\/\/inmondo.pl\/sklep\/elementy\/lozka-pietrowe\/lozko-pietrowe-carmela\/","url":"https:\/\/inmondo.pl\/sklep\/elementy\/lozka-pietrowe\/lozko-pietrowe-carmela\/","name":"Carmela Etagenbett 90x200cm - 100% Holz - Inmondo","isPartOf":{"@id":"https:\/\/inmondo.pl\/#website"},"primaryImageOfPage":{"@id":"https:\/\/inmondo.pl\/sklep\/elementy\/lozka-pietrowe\/lozko-pietrowe-carmela\/#primaryimage"},"image":{"@id":"https:\/\/inmondo.pl\/sklep\/elementy\/lozka-pietrowe\/lozko-pietrowe-carmela\/#primaryimage"},"thumbnailUrl":"https:\/\/inmondo.pl\/wp-content\/uploads\/2025\/06\/Carmela-pietrowa-Kaszmir-szuflada.jpg","datePublished":"2025-03-10T14:02:06+00:00","dateModified":"2026-04-15T09:05:44+00:00","description":"Das Etagenbett Carmela ist ein sicheres und funktionelles Kinderbett aus massivem Kiefernholz. W\u00e4hlen Sie das Modell mit optionaler Schublade und Gel\u00e4nder!","breadcrumb":{"@id":"https:\/\/inmondo.pl\/sklep\/elementy\/lozka-pietrowe\/lozko-pietrowe-carmela\/#breadcrumb"},"inLanguage":"de","potentialAction":[{"@type":"ReadAction","target":["https:\/\/inmondo.pl\/sklep\/elementy\/lozka-pietrowe\/lozko-pietrowe-carmela\/"]}]},{"@type":"ImageObject","inLanguage":"de","@id":"https:\/\/inmondo.pl\/sklep\/elementy\/lozka-pietrowe\/lozko-pietrowe-carmela\/#primaryimage","url":"https:\/\/inmondo.pl\/wp-content\/uploads\/2025\/06\/Carmela-pietrowa-Kaszmir-szuflada.jpg","contentUrl":"https:\/\/inmondo.pl\/wp-content\/uploads\/2025\/06\/Carmela-pietrowa-Kaszmir-szuflada.jpg","width":1200,"height":1200},{"@type":"BreadcrumbList","@id":"https:\/\/inmondo.pl\/sklep\/elementy\/lozka-pietrowe\/lozko-pietrowe-carmela\/#breadcrumb","itemListElement":[{"@type":"ListItem","position":1,"name":"Strona g\u0142\u00f3wna","item":"https:\/\/inmondo.pl\/"},{"@type":"ListItem","position":2,"name":"Oferta Inmondo: spe\u0142niamy marzenia i wymagania","item":"https:\/\/inmondo.pl\/sklep\/"},{"@type":"ListItem","position":3,"name":"Elementy","item":"https:\/\/inmondo.pl\/sklep\/elementy\/"},{"@type":"ListItem","position":4,"name":"\u0141\u00f3\u017cka pi\u0119trowe","item":"https:\/\/inmondo.pl\/sklep\/elementy\/lozka-pietrowe\/"},{"@type":"ListItem","position":5,"name":"\u0141\u00f3\u017cko pi\u0119trowe Carmela 90x200cm \u2013 100% drewno"}]},{"@type":"WebSite","@id":"https:\/\/inmondo.pl\/#website","url":"https:\/\/inmondo.pl\/","name":"Inmondo","description":"","potentialAction":[{"@type":"SearchAction","target":{"@type":"EntryPoint","urlTemplate":"https:\/\/inmondo.pl\/?s={search_term_string}"},"query-input":{"@type":"PropertyValueSpecification","valueRequired":true,"valueName":"search_term_string"}}],"inLanguage":"de"}]}},"wcpa_form_fields":{"wcpaData":{"product":{"product_price":2390,"price_html":"<span class=\"woocommerce-Price-amount amount\">2 390&nbsp;<span class=\"woocommerce-Price-currencySymbol\">&#122;&#322;<\/span><\/span> <span aria-hidden=\"true\"> \u2013 <\/span> <span class=\"woocommerce-Price-amount amount\">2 790&nbsp;<span class=\"woocommerce-Price-currencySymbol\">&#122;&#322;<\/span><\/span><span class=\"screen-reader-text\">Preisspanne: 2 390&nbsp;&#122;&#322; bis 2 790&nbsp;&#122;&#322;<\/span>","original_product_price":2390,"price_including_tax":2390,"price_excluding_tax":1943.0894309999999,"product_id":{"parent":9230,"variation":false},"is_variable":true,"stock_status":"instock","stock_quantity":null,"parent_sku":"9230","product_attributes":{"pa_kolor":{"is_variation":true,"values":[]},"pa_barierka-carmela":{"is_variation":false,"values":["tak","nie"]},"pa_szuflada-carmela":{"is_variation":false,"values":["tak","nie"]}},"custom_fields":[],"is_taxable":true},"fields":{"sec_9696f58141860a":{"extra":{"key":"sec_9696f58141860a","section_id":"sec_9696f58141860a","name":"Default","status":1,"cl_rule":"show","enableCl":false,"relations":[],"toggle":true,"title_tag":"h3","show_title":false,"showPrice":"default","form_id":11981,"form_rules":{"exclude_from_discount":false,"fee_label":"Fee","disp_hide_options_price":false,"disp_show_section_price":false,"disp_show_field_price":false,"layout_option":"standard","pric_use_as_fee":false,"process_fee_as":"woo_fee"},"layout_option":"standard"},"fields":[[{"label":"Barierka","active":true,"required":true,"elementId":"select_7696f58141864d","dropdown_type":"basic","placeholder":"Wybierz","name":"select_7696f58141864d","label_position":"default","desc_position":"default","enablePrice":true,"className":"","enableCl":false,"relations":[],"requiredError":"Materac jest polem wymaganym","values":[{"label":"bez barierki","value":"bez barierki","selected":false,"tempId":"aco_877","gt_translate_keys":["label"]},{"label":"z barierk\u0105","value":"z barierk\u0105","selected":false,"tempId":"aco_878","price":"250","gt_translate_keys":["label"]}],"priceOptions":"different_for_all","pricingType":"fixed","price":"","use_as_fee":false,"cl_rule":"show","col":2,"type":"select","error":false,"gt_translate_keys":["label","placeholder","requiredError"],"price_dependency":false,"cl_dependency":false,"value":""},{"label":"Szuflada","active":true,"required":true,"elementId":"select-4959329711","dropdown_type":"basic","placeholder":"Wybierz","name":"select-4959329711","label_position":"default","desc_position":"default","enablePrice":true,"className":"","enableCl":false,"relations":[],"requiredError":"Materac jest polem wymaganym","values":[{"label":"bez szuflady","value":"bez szuflady","selected":false,"tempId":"aco_877","gt_translate_keys":["label"]},{"label":"z szuflad\u0105","value":"z szuflad\u0105","selected":false,"tempId":"aco_1511","price":"950","gt_translate_keys":["label"]}],"priceOptions":"different_for_all","pricingType":"fixed","price":"","use_as_fee":false,"cl_rule":"show","col":2,"type":"select","error":false,"gt_translate_keys":["label","placeholder","requiredError"],"price_dependency":false,"cl_dependency":false,"value":""}]]}},"config":{"price_override":"","enable_recaptcha":false,"bind_quantity":false,"quantity_bind_formula":"","disp_summ_show_option_price":true,"disp_summ_show_product_price":true,"disp_summ_show_total_price":true,"disp_summ_show_fee":false,"disp_summ_show_discount":false,"summary_title":"","options_total_label":"Cena wariant\u00f3w","total_label":"\u0141\u0105cznie","options_product_label":"Cena produktu","fee_label":"Fee","discount_label":"Obni\u017cka","has_price":true,"has_quantity_formula":false},"mc_unit":1,"tax_rate":1,"tax_rate_real":0.23,"discount":{"percentage":0,"fixed":0},"design":{"conf":{"LabelPosition":"above","DescPosition":"above","UploadField":"custom_1","QuantityFieldStyle":"default"},"css":{"LeftLabelWidth":"120px"}},"formulas":[],"clones":false,"cartKey":false}},"_links":{"self":[{"href":"https:\/\/inmondo.pl\/de\/wp-json\/wp\/v2\/product\/9230","targetHints":{"allow":["GET"]}}],"collection":[{"href":"https:\/\/inmondo.pl\/de\/wp-json\/wp\/v2\/product"}],"about":[{"href":"https:\/\/inmondo.pl\/de\/wp-json\/wp\/v2\/types\/product"}],"replies":[{"embeddable":true,"href":"https:\/\/inmondo.pl\/de\/wp-json\/wp\/v2\/comments?post=9230"}],"wp:featuredmedia":[{"embeddable":true,"href":"https:\/\/inmondo.pl\/de\/wp-json\/wp\/v2\/media\/10466"}],"wp:attachment":[{"href":"https:\/\/inmondo.pl\/de\/wp-json\/wp\/v2\/media?parent=9230"}],"wp:term":[{"taxonomy":"product_brand","embeddable":true,"href":"https:\/\/inmondo.pl\/de\/wp-json\/wp\/v2\/product_brand?post=9230"},{"taxonomy":"product_cat","embeddable":true,"href":"https:\/\/inmondo.pl\/de\/wp-json\/wp\/v2\/product_cat?post=9230"},{"taxonomy":"product_tag","embeddable":true,"href":"https:\/\/inmondo.pl\/de\/wp-json\/wp\/v2\/product_tag?post=9230"}],"curies":[{"name":"wp","href":"https:\/\/api.w.org\/{rel}","templated":true}]}}