{"id":898,"date":"2020-06-16T11:55:43","date_gmt":"2020-06-16T09:55:43","guid":{"rendered":"http:\/\/inmondo.pl\/?post_type=product&#038;p=898"},"modified":"2026-01-24T13:00:13","modified_gmt":"2026-01-24T12:00:13","slug":"kommode-4d-breite-fronten-birke","status":"publish","type":"product","link":"https:\/\/inmondo.pl\/de\/sklep\/elementy\/komody\/kommode-4d-breite-fronten-birke\/","title":{"rendered":"Kommode 4D mit breiten Fronten Birke"},"content":{"rendered":"<p>Ta funkcjonalna czterodrzwiowa komoda pomie\u015bci wiele dzieci\u0119cych skarb\u00f3w. Skandynawski charakter ocieplony drzwiczkami z naturalnego drewna brzozowego to gwarancja stylu i elegancji. Ponadczasowy design idealnie wpisze si\u0119 w ka\u017cdy dzieci\u0119cy pokoik.&nbsp; Zyskasz dzi\u0119ki niej dodatkow\u0105 przestrze\u0144 na drobiazgi lub ubranka Twojego dziecka.<\/p>","protected":false},"excerpt":{"rendered":"<p>Diese funktionale viert\u00fcrige Kommode bietet Platz f\u00fcr viele Kindersch\u00e4tze. Skandinavischer Charakter, isoliert mit T\u00fcren aus nat\u00fcrlichem Birkenholz, ist ein Garant f\u00fcr Stil und Eleganz. Das zeitlose Design passt perfekt in jedes Kinderzimmer. Dadurch gewinnen Sie zus\u00e4tzlichen Platz f\u00fcr Kleinigkeiten oder Kleidung Ihres Kindes.<\/p>\n<p>&nbsp;<\/p>\n<h6><\/h6>","protected":false},"featured_media":644,"comment_status":"open","ping_status":"closed","template":"","meta":{"_acf_changed":false},"product_brand":[],"product_cat":[20,18,17,30],"product_tag":[],"class_list":{"0":"post-898","1":"product","2":"type-product","3":"status-publish","4":"has-post-thumbnail","6":"product_cat-elementy","7":"product_cat-funflex","8":"product_cat-kolekcje","9":"product_cat-komody","11":"first","12":"onbackorder","13":"taxable","14":"shipping-taxable","15":"purchasable","16":"product-type-variable","17":"has-default-attributes"},"acf":{"wymiary":"Szeroko\u015b\u0107: 76,5 cm<br \/>\r\nWysoko\u015b\u0107: 72 cm<br \/>\r\nG\u0142\u0119boko\u015b\u0107: 40 cm","materialy":"drewno brzozowe, p\u0142yta MDF, lakier wodny i&nbsp;wodny UV","sections_woocommerce":[{"acf_fc_layout":"section_menu","is_active":true,"repeater":[{"text":"Opis","link":"#opis"},{"text":"Lookbook","link":"#lookbook"},{"text":"Opinie","link":"#opinie"},{"text":"Inne produkty","link":"#inneprodukty"}]},{"acf_fc_layout":"section_woocommerce_text_image","is_active":true,"anchor":"opis","text_align":"textAlign--left","grid_width":"main","wysiwyg":"<h2>Funflex nieograniczone mo\u017cliwo\u015bci.<\/h2>\n<p>Szeroki wyb\u00f3r element\u00f3w z\u00a0kolekcji Funflex pozwoli zaaran\u017cowa\u0107 ka\u017cd\u0105 przestrze\u0144 zgodnie z\u00a0Twoimi potrzebami i\u00a0upodobaniami. Zapomnij o\u00a0problemach z\u00a0brakiem miejsca na\u00a0przechowywanie Twoich skarb\u00f3w. Ksi\u0105\u017cki, ubrania zabawki &#8211; od teraz na\u00a0wszystko znajdziesz swoje miejsce. Je\u015bli w\u00a0pokoju brakuje Ci miejsca meble mo\u017cesz postawi\u0107 pod\u00a0\u0142\u00f3\u017ckiem uzyskuj\u0105c przestrze\u0144 do\u00a0przechowywania bez po\u015bwi\u0119cania miejsca w\u00a0pokoju.<\/p>\n","image":"https:\/\/inmondo.pl\/wp-content\/uploads\/2020\/07\/2019_04_INMONDO_POK\u00d3J_CH\u0141OPCA_3-14464kwadrat-1920kwadrat-1080.jpg"},{"acf_fc_layout":"section_woocommerce_text_image","is_active":true,"anchor":"","text_align":"textAlign--right","grid_width":"main","wysiwyg":"<p>Tworz\u0105c nasze meble my\u015blimy nie tylko o\u00a0funkcjonalno\u015bci, ale\u00a0tak\u017ce o\u00a0bezpiecze\u0144stwie i\u00a0komforcie Twojego dziecka. Dlatego\u00a0wszystkie nasze meble s\u0105 lakierowane ekologicznymi farbami wodnymi. Zawiasy i\u00a0prowadnice posiadaj\u0105 system cichego domyku.<\/p>\n","image":"https:\/\/inmondo.pl\/wp-content\/uploads\/2020\/07\/2019_04_INMONDO_POK\u00d3J_DZIEWCZYNEK_2-12414.jpg"},{"acf_fc_layout":"section_woocommerce_lookbook","is_active":true,"anchor":"lookbook","header":"<h2 style=\"text-align: center;\">Zobacz galeri\u0119 Funflex:<\/h2>\n<p style=\"text-align: center;\">Nasz lookbook pokazuje tylko wybrane z\u00a0setek mo\u017cliwo\u015bci, jakie daj\u0105 meble Funflex. U\u017cyj ich, jak tylko sobie wymarzysz:<\/p>\n","repeater":[{"shortcode":"[woocommerce_lookbook id=\"1582\"]"},{"shortcode":"[woocommerce_lookbook id=\"1343\"]"},{"shortcode":"[woocommerce_lookbook id=\"1340\"]"}]},{"acf_fc_layout":"section_woocommerce_opinions","is_active":true,"anchor":"opinie"},{"acf_fc_layout":"section_woocommerce_otherFromCategory","is_active":true,"anchor":"inneprodukty"}],"czas_realizacji":""},"yoast_head":"<!-- This site is optimized with the Yoast SEO plugin v27.3 - https:\/\/yoast.com\/product\/yoast-seo-wordpress\/ -->\n<title>Komoda 4D szeroka fronty brzoza - Inmondo<\/title>\n<meta name=\"robots\" content=\"index, follow, max-snippet:-1, max-image-preview:large, max-video-preview:-1\" \/>\n<link rel=\"canonical\" href=\"https:\/\/inmondo.pl\/de\/sklep\/elementy\/komody\/kommode-4d-breite-fronten-birke\/\" \/>\n<meta property=\"og:locale\" content=\"de_DE\" \/>\n<meta property=\"og:type\" content=\"article\" \/>\n<meta property=\"og:title\" content=\"Komoda 4D szeroka fronty brzoza - Inmondo\" \/>\n<meta property=\"og:description\" content=\"Ta funkcjonalna czterodrzwiowa komoda pomie\u015bci wiele dzieci\u0119cych skarb\u00f3w. Skandynawski charakter ocieplony drzwiczkami z naturalnego drewna brzozowego to gwarancja stylu i elegancji. Ponadczasowy design idealnie wpisze si\u0119 w ka\u017cdy dzieci\u0119cy pokoik.\u00a0 Zyskasz dzi\u0119ki niej dodatkow\u0105 przestrze\u0144 na drobiazgi lub ubranka Twojego dziecka.  &nbsp;\" \/>\n<meta property=\"og:url\" content=\"https:\/\/inmondo.pl\/de\/sklep\/elementy\/komody\/kommode-4d-breite-fronten-birke\/\" \/>\n<meta property=\"og:site_name\" content=\"Inmondo\" \/>\n<meta property=\"article:modified_time\" content=\"2026-01-24T12:00:13+00:00\" \/>\n<meta property=\"og:image\" content=\"https:\/\/inmondo.pl\/wp-content\/uploads\/2020\/06\/2019_09_INMONDO_PACKSHOTY-19878_small.jpg\" \/>\n\t<meta property=\"og:image:width\" content=\"960\" \/>\n\t<meta property=\"og:image:height\" content=\"960\" \/>\n\t<meta property=\"og:image:type\" content=\"image\/jpeg\" \/>\n<meta name=\"twitter:card\" content=\"summary_large_image\" \/>\n<meta name=\"twitter:label1\" content=\"Gesch\u00e4tzte Lesezeit\" \/>\n\t<meta name=\"twitter:data1\" content=\"2\u00a0Minuten\" \/>\n<script type=\"application\/ld+json\" class=\"yoast-schema-graph\">{\"@context\":\"https:\\\/\\\/schema.org\",\"@graph\":[{\"@type\":\"WebPage\",\"@id\":\"https:\\\/\\\/inmondo.pl\\\/de\\\/sklep\\\/elementy\\\/komody\\\/kommode-4d-breite-fronten-birke\\\/\",\"url\":\"https:\\\/\\\/inmondo.pl\\\/de\\\/sklep\\\/elementy\\\/komody\\\/kommode-4d-breite-fronten-birke\\\/\",\"name\":\"Komoda 4D szeroka fronty brzoza - Inmondo\",\"isPartOf\":{\"@id\":\"https:\\\/\\\/inmondo.pl\\\/#website\"},\"primaryImageOfPage\":{\"@id\":\"https:\\\/\\\/inmondo.pl\\\/de\\\/sklep\\\/elementy\\\/komody\\\/kommode-4d-breite-fronten-birke\\\/#primaryimage\"},\"image\":{\"@id\":\"https:\\\/\\\/inmondo.pl\\\/de\\\/sklep\\\/elementy\\\/komody\\\/kommode-4d-breite-fronten-birke\\\/#primaryimage\"},\"thumbnailUrl\":\"https:\\\/\\\/inmondo.pl\\\/wp-content\\\/uploads\\\/2020\\\/06\\\/2019_09_INMONDO_PACKSHOTY-19878_small.jpg\",\"datePublished\":\"2020-06-16T09:55:43+00:00\",\"dateModified\":\"2026-01-24T12:00:13+00:00\",\"breadcrumb\":{\"@id\":\"https:\\\/\\\/inmondo.pl\\\/de\\\/sklep\\\/elementy\\\/komody\\\/kommode-4d-breite-fronten-birke\\\/#breadcrumb\"},\"inLanguage\":\"de\",\"potentialAction\":[{\"@type\":\"ReadAction\",\"target\":[\"https:\\\/\\\/inmondo.pl\\\/de\\\/sklep\\\/elementy\\\/komody\\\/kommode-4d-breite-fronten-birke\\\/\"]}]},{\"@type\":\"ImageObject\",\"inLanguage\":\"de\",\"@id\":\"https:\\\/\\\/inmondo.pl\\\/de\\\/sklep\\\/elementy\\\/komody\\\/kommode-4d-breite-fronten-birke\\\/#primaryimage\",\"url\":\"https:\\\/\\\/inmondo.pl\\\/wp-content\\\/uploads\\\/2020\\\/06\\\/2019_09_INMONDO_PACKSHOTY-19878_small.jpg\",\"contentUrl\":\"https:\\\/\\\/inmondo.pl\\\/wp-content\\\/uploads\\\/2020\\\/06\\\/2019_09_INMONDO_PACKSHOTY-19878_small.jpg\",\"width\":960,\"height\":960},{\"@type\":\"BreadcrumbList\",\"@id\":\"https:\\\/\\\/inmondo.pl\\\/de\\\/sklep\\\/elementy\\\/komody\\\/kommode-4d-breite-fronten-birke\\\/#breadcrumb\",\"itemListElement\":[{\"@type\":\"ListItem\",\"position\":1,\"name\":\"Strona g\u0142\u00f3wna\",\"item\":\"https:\\\/\\\/inmondo.pl\\\/\"},{\"@type\":\"ListItem\",\"position\":2,\"name\":\"Oferta Inmondo: spe\u0142niamy marzenia i wymagania\",\"item\":\"https:\\\/\\\/inmondo.pl\\\/sklep\\\/\"},{\"@type\":\"ListItem\",\"position\":3,\"name\":\"kolekcje\",\"item\":\"https:\\\/\\\/inmondo.pl\\\/de\\\/sklep\\\/kolekcje\\\/\"},{\"@type\":\"ListItem\",\"position\":4,\"name\":\"Komoda 4D szeroka fronty brzoza\"}]},{\"@type\":\"WebSite\",\"@id\":\"https:\\\/\\\/inmondo.pl\\\/#website\",\"url\":\"https:\\\/\\\/inmondo.pl\\\/\",\"name\":\"Inmondo\",\"description\":\"\",\"potentialAction\":[{\"@type\":\"SearchAction\",\"target\":{\"@type\":\"EntryPoint\",\"urlTemplate\":\"https:\\\/\\\/inmondo.pl\\\/?s={search_term_string}\"},\"query-input\":{\"@type\":\"PropertyValueSpecification\",\"valueRequired\":true,\"valueName\":\"search_term_string\"}}],\"inLanguage\":\"de\"}]}<\/script>\n<!-- \/ Yoast SEO plugin. -->","yoast_head_json":{"title":"Kommode 4D breite Fronten Birke - Inmondo","robots":{"index":"index","follow":"follow","max-snippet":"max-snippet:-1","max-image-preview":"max-image-preview:large","max-video-preview":"max-video-preview:-1"},"canonical":"https:\/\/inmondo.pl\/de\/sklep\/elementy\/komody\/kommode-4d-breite-fronten-birke\/","og_locale":"de_DE","og_type":"article","og_title":"Komoda 4D szeroka fronty brzoza - Inmondo","og_description":"Ta funkcjonalna czterodrzwiowa komoda pomie\u015bci wiele dzieci\u0119cych skarb\u00f3w. Skandynawski charakter ocieplony drzwiczkami z naturalnego drewna brzozowego to gwarancja stylu i elegancji. Ponadczasowy design idealnie wpisze si\u0119 w ka\u017cdy dzieci\u0119cy pokoik.\u00a0 Zyskasz dzi\u0119ki niej dodatkow\u0105 przestrze\u0144 na drobiazgi lub ubranka Twojego dziecka.  &nbsp;","og_url":"https:\/\/inmondo.pl\/de\/sklep\/elementy\/komody\/kommode-4d-breite-fronten-birke\/","og_site_name":"Inmondo","article_modified_time":"2026-01-24T12:00:13+00:00","og_image":[{"width":960,"height":960,"url":"https:\/\/inmondo.pl\/wp-content\/uploads\/2020\/06\/2019_09_INMONDO_PACKSHOTY-19878_small.jpg","type":"image\/jpeg"}],"twitter_card":"summary_large_image","twitter_misc":{"Gesch\u00e4tzte Lesezeit":"2\u00a0Minuten"},"schema":{"@context":"https:\/\/schema.org","@graph":[{"@type":"WebPage","@id":"https:\/\/inmondo.pl\/de\/sklep\/elementy\/komody\/kommode-4d-breite-fronten-birke\/","url":"https:\/\/inmondo.pl\/de\/sklep\/elementy\/komody\/kommode-4d-breite-fronten-birke\/","name":"Kommode 4D breite Fronten Birke - Inmondo","isPartOf":{"@id":"https:\/\/inmondo.pl\/#website"},"primaryImageOfPage":{"@id":"https:\/\/inmondo.pl\/de\/sklep\/elementy\/komody\/kommode-4d-breite-fronten-birke\/#primaryimage"},"image":{"@id":"https:\/\/inmondo.pl\/de\/sklep\/elementy\/komody\/kommode-4d-breite-fronten-birke\/#primaryimage"},"thumbnailUrl":"https:\/\/inmondo.pl\/wp-content\/uploads\/2020\/06\/2019_09_INMONDO_PACKSHOTY-19878_small.jpg","datePublished":"2020-06-16T09:55:43+00:00","dateModified":"2026-01-24T12:00:13+00:00","breadcrumb":{"@id":"https:\/\/inmondo.pl\/de\/sklep\/elementy\/komody\/kommode-4d-breite-fronten-birke\/#breadcrumb"},"inLanguage":"de","potentialAction":[{"@type":"ReadAction","target":["https:\/\/inmondo.pl\/de\/sklep\/elementy\/komody\/kommode-4d-breite-fronten-birke\/"]}]},{"@type":"ImageObject","inLanguage":"de","@id":"https:\/\/inmondo.pl\/de\/sklep\/elementy\/komody\/kommode-4d-breite-fronten-birke\/#primaryimage","url":"https:\/\/inmondo.pl\/wp-content\/uploads\/2020\/06\/2019_09_INMONDO_PACKSHOTY-19878_small.jpg","contentUrl":"https:\/\/inmondo.pl\/wp-content\/uploads\/2020\/06\/2019_09_INMONDO_PACKSHOTY-19878_small.jpg","width":960,"height":960},{"@type":"BreadcrumbList","@id":"https:\/\/inmondo.pl\/de\/sklep\/elementy\/komody\/kommode-4d-breite-fronten-birke\/#breadcrumb","itemListElement":[{"@type":"ListItem","position":1,"name":"Strona g\u0142\u00f3wna","item":"https:\/\/inmondo.pl\/"},{"@type":"ListItem","position":2,"name":"Oferta Inmondo: spe\u0142niamy marzenia i wymagania","item":"https:\/\/inmondo.pl\/sklep\/"},{"@type":"ListItem","position":3,"name":"kolekcje","item":"https:\/\/inmondo.pl\/de\/sklep\/kolekcje\/"},{"@type":"ListItem","position":4,"name":"Komoda 4D szeroka fronty brzoza"}]},{"@type":"WebSite","@id":"https:\/\/inmondo.pl\/#website","url":"https:\/\/inmondo.pl\/","name":"Inmondo","description":"","potentialAction":[{"@type":"SearchAction","target":{"@type":"EntryPoint","urlTemplate":"https:\/\/inmondo.pl\/?s={search_term_string}"},"query-input":{"@type":"PropertyValueSpecification","valueRequired":true,"valueName":"search_term_string"}}],"inLanguage":"de"}]}},"wcpa_form_fields":null,"_links":{"self":[{"href":"https:\/\/inmondo.pl\/de\/wp-json\/wp\/v2\/product\/898","targetHints":{"allow":["GET"]}}],"collection":[{"href":"https:\/\/inmondo.pl\/de\/wp-json\/wp\/v2\/product"}],"about":[{"href":"https:\/\/inmondo.pl\/de\/wp-json\/wp\/v2\/types\/product"}],"replies":[{"embeddable":true,"href":"https:\/\/inmondo.pl\/de\/wp-json\/wp\/v2\/comments?post=898"}],"wp:featuredmedia":[{"embeddable":true,"href":"https:\/\/inmondo.pl\/de\/wp-json\/wp\/v2\/media\/644"}],"wp:attachment":[{"href":"https:\/\/inmondo.pl\/de\/wp-json\/wp\/v2\/media?parent=898"}],"wp:term":[{"taxonomy":"product_brand","embeddable":true,"href":"https:\/\/inmondo.pl\/de\/wp-json\/wp\/v2\/product_brand?post=898"},{"taxonomy":"product_cat","embeddable":true,"href":"https:\/\/inmondo.pl\/de\/wp-json\/wp\/v2\/product_cat?post=898"},{"taxonomy":"product_tag","embeddable":true,"href":"https:\/\/inmondo.pl\/de\/wp-json\/wp\/v2\/product_tag?post=898"}],"curies":[{"name":"wp","href":"https:\/\/api.w.org\/{rel}","templated":true}]}}