{"id":883,"date":"2020-06-16T11:53:30","date_gmt":"2020-06-16T09:53:30","guid":{"rendered":"http:\/\/inmondo.pl\/?post_type=product&#038;p=883"},"modified":"2026-04-01T22:00:07","modified_gmt":"2026-04-01T20:00:07","slug":"kommode-3d-niedrige-fronten-birke","status":"publish","type":"product","link":"https:\/\/inmondo.pl\/de\/sklep\/elementy\/komody\/kommode-3d-niedrige-fronten-birke\/","title":{"rendered":"Kommode 3S niedrig mit Birkenfronten"},"content":{"rendered":"<p>Wyposa\u017cona w trzy szuflady komoda to funkcjonalny element umeblowania, kt\u00f3ry pozwala na wygodne przechowywanie podr\u0119cznych rzeczy i utrzymanie porz\u0105dku. To praktyczny mebel, kt\u00f3ry w projekcie mo\u017cna wykorzysta\u0107 samodzielnie lub jako uzupe\u0142nienie podniesionego \u0142\u00f3\u017cka, by zape\u0142ni\u0107 woln\u0105 przestrze\u0144 dodatkowym miejscem do przechowywania. Brzozowe fronty nadaj\u0105 ca\u0142o\u015bci bardzo nowoczesny i stylowy wygl\u0105d, a zaokr\u0105glone kraw\u0119dzie i system cichego domyku zwi\u0119kszaj\u0105 wygod\u0119 i bezpiecze\u0144stwo u\u017cytkowania.<\/p>","protected":false},"excerpt":{"rendered":"<p>Eine Kommode mit drei Schubladen ist ein funktionales M\u00f6belst\u00fcck, mit dem Sie praktische Dinge bequem verstauen und Ordnung halten k\u00f6nnen. Es ist ein praktisches M\u00f6belst\u00fcck, das allein im Projekt oder als Erg\u00e4nzung zu einem Hochbeet verwendet werden kann, um den freien Raum mit zus\u00e4tzlichem Stauraum zu f\u00fcllen.<\/p>\n<p>Birkenfronten verleihen dem Ganzen einen sehr modernen und stylischen Look, die abgerundeten Kanten und das Soft-Close-System erh\u00f6hen den Bedienkomfort und die Nutzungssicherheit.<\/p>\n<h6><\/h6>","protected":false},"featured_media":636,"comment_status":"open","ping_status":"closed","template":"","meta":{"_acf_changed":false},"product_brand":[],"product_cat":[20,18,17,30,99],"product_tag":[],"class_list":{"0":"post-883","1":"product","2":"type-product","3":"status-publish","4":"has-post-thumbnail","6":"product_cat-elementy","7":"product_cat-funflex","8":"product_cat-kolekcje","9":"product_cat-komody","10":"product_cat-meble-dostepne","12":"first","13":"onbackorder","14":"taxable","15":"shipping-taxable","16":"purchasable","17":"product-type-variable","18":"has-default-attributes"},"acf":{"wymiary":"Szeroko\u015b\u0107: 76,5 cm<br \/>\r\nWysoko\u015b\u0107: 72 cm<br \/>\r\nG\u0142\u0119boko\u015b\u0107: 40 cm","materialy":"drewno brzozowe, p\u0142yta MDF, lakier wodny i&nbsp;wodny UV","sections_woocommerce":[{"acf_fc_layout":"section_menu","is_active":true,"repeater":[{"text":"Opis","link":"#opis"},{"text":"Lookbook","link":"#lookbook"},{"text":"Opinie","link":"#opinie"},{"text":"Inne produkty","link":"#inneprodukty"}]},{"acf_fc_layout":"section_woocommerce_text_image","is_active":true,"anchor":"opis","text_align":"textAlign--left","grid_width":"main","wysiwyg":"<h2>Funflex nieograniczone mo\u017cliwo\u015bci.<\/h2>\n<p>Szeroki wyb\u00f3r element\u00f3w z\u00a0kolekcji Funflex pozwoli zaaran\u017cowa\u0107 ka\u017cd\u0105 przestrze\u0144 zgodnie z\u00a0Twoimi potrzebami i\u00a0upodobaniami. Zapomnij o\u00a0problemach z\u00a0brakiem miejsca na\u00a0przechowywanie Twoich skarb\u00f3w. Ksi\u0105\u017cki, ubrania zabawki &#8211; od teraz na\u00a0wszystko znajdziesz swoje miejsce. Je\u015bli w\u00a0pokoju brakuje Ci miejsca meble mo\u017cesz postawi\u0107 pod\u00a0\u0142\u00f3\u017ckiem uzyskuj\u0105c przestrze\u0144 do\u00a0przechowywania bez po\u015bwi\u0119cania miejsca w\u00a0pokoju.<\/p>\n","image":false},{"acf_fc_layout":"section_woocommerce_text_image","is_active":true,"anchor":"","text_align":"textAlign--right","grid_width":"main","wysiwyg":"<p>Tworz\u0105c nasze meble my\u015blimy nie tylko o\u00a0funkcjonalno\u015bci, ale\u00a0tak\u017ce o\u00a0bezpiecze\u0144stwie i\u00a0komforcie Twojego dziecka. Dlatego\u00a0wszystkie nasze meble s\u0105 lakierowane ekologicznymi farbami wodnymi. Zawiasy i\u00a0prowadnice posiadaj\u0105 system cichego domyku.<\/p>\n","image":"https:\/\/inmondo.pl\/wp-content\/uploads\/2020\/07\/2019_04_INMONDO_POK\u00d3J_CH\u0141OPCA_2-14186-1920.jpg"},{"acf_fc_layout":"section_woocommerce_lookbook","is_active":true,"anchor":"lookbook","header":"<h2 style=\"text-align: center;\">Zobacz galeri\u0119 Funflex:<\/h2>\n<p style=\"text-align: center;\">Nasz lookbook pokazuje tylko wybrane z\u00a0setek mo\u017cliwo\u015bci, jakie daj\u0105 meble Funflex. U\u017cyj ich, jak tylko sobie wymarzysz:<\/p>\n","repeater":[{"shortcode":"[woocommerce_lookbook id=\"1347\"]"},{"shortcode":"[woocommerce_lookbook id=\"1343\"]"},{"shortcode":"[woocommerce_lookbook id=\"1340\"]"}]},{"acf_fc_layout":"section_woocommerce_opinions","is_active":true,"anchor":"opinie"},{"acf_fc_layout":"section_woocommerce_otherFromCategory","is_active":true,"anchor":"inneprodukty"}],"czas_realizacji":""},"yoast_head":"<!-- This site is optimized with the Yoast SEO plugin v27.3 - https:\/\/yoast.com\/product\/yoast-seo-wordpress\/ -->\n<title>Komoda 3S niska fronty brzoza - Inmondo<\/title>\n<meta name=\"robots\" content=\"index, follow, max-snippet:-1, max-image-preview:large, max-video-preview:-1\" \/>\n<link rel=\"canonical\" href=\"http:\/\/inmondo.pl\/de\/sklep\/elementy\/komody\/kommode-3d-niedrige-fronten-birke\/\" \/>\n<meta property=\"og:locale\" content=\"de_DE\" \/>\n<meta property=\"og:type\" content=\"article\" \/>\n<meta property=\"og:title\" content=\"Komoda 3S niska fronty brzoza - Inmondo\" \/>\n<meta property=\"og:description\" content=\"Wyposa\u017cona w trzy szuflady komoda to funkcjonalny element umeblowania, kt\u00f3ry pozwala na wygodne przechowywanie podr\u0119cznych rzeczy i utrzymanie porz\u0105dku. To praktyczny mebel, kt\u00f3ry w projekcie mo\u017cna wykorzysta\u0107 samodzielnie lub jako uzupe\u0142nienie podniesionego \u0142\u00f3\u017cka, by zape\u0142ni\u0107 woln\u0105 przestrze\u0144 dodatkowym miejscem do przechowywania.  Brzozowe fronty nadaj\u0105 ca\u0142o\u015bci bardzo nowoczesny i stylowy wygl\u0105d, a zaokr\u0105glone kraw\u0119dzie i system cichego domyku zwi\u0119kszaj\u0105 wygod\u0119 i bezpiecze\u0144stwo u\u017cytkowania.\" \/>\n<meta property=\"og:url\" content=\"http:\/\/inmondo.pl\/de\/sklep\/elementy\/komody\/kommode-3d-niedrige-fronten-birke\/\" \/>\n<meta property=\"og:site_name\" content=\"Inmondo\" \/>\n<meta property=\"article:modified_time\" content=\"2026-04-01T20:00:07+00:00\" \/>\n<meta property=\"og:image\" content=\"http:\/\/inmondo.pl\/wp-content\/uploads\/2020\/06\/2019_09_INMONDO_PACKSHOTY-19876_small.jpg\" \/>\n\t<meta property=\"og:image:width\" content=\"960\" \/>\n\t<meta property=\"og:image:height\" content=\"960\" \/>\n\t<meta property=\"og:image:type\" content=\"image\/jpeg\" \/>\n<meta name=\"twitter:card\" content=\"summary_large_image\" \/>\n<meta name=\"twitter:label1\" content=\"Gesch\u00e4tzte Lesezeit\" \/>\n\t<meta name=\"twitter:data1\" content=\"2\u00a0Minuten\" \/>\n<script type=\"application\/ld+json\" class=\"yoast-schema-graph\">{\"@context\":\"https:\\\/\\\/schema.org\",\"@graph\":[{\"@type\":\"WebPage\",\"@id\":\"http:\\\/\\\/inmondo.pl\\\/en\\\/sklep\\\/elementy\\\/komody\\\/komoda-3s-niska-fronty-brzoza\\\/\",\"url\":\"http:\\\/\\\/inmondo.pl\\\/en\\\/sklep\\\/elementy\\\/komody\\\/komoda-3s-niska-fronty-brzoza\\\/\",\"name\":\"Komoda 3S niska fronty brzoza - Inmondo\",\"isPartOf\":{\"@id\":\"https:\\\/\\\/inmondo.pl\\\/#website\"},\"primaryImageOfPage\":{\"@id\":\"http:\\\/\\\/inmondo.pl\\\/en\\\/sklep\\\/elementy\\\/komody\\\/komoda-3s-niska-fronty-brzoza\\\/#primaryimage\"},\"image\":{\"@id\":\"http:\\\/\\\/inmondo.pl\\\/en\\\/sklep\\\/elementy\\\/komody\\\/komoda-3s-niska-fronty-brzoza\\\/#primaryimage\"},\"thumbnailUrl\":\"https:\\\/\\\/inmondo.pl\\\/wp-content\\\/uploads\\\/2020\\\/06\\\/2019_09_INMONDO_PACKSHOTY-19876_small.jpg\",\"datePublished\":\"2020-06-16T09:53:30+00:00\",\"dateModified\":\"2026-04-01T20:00:07+00:00\",\"breadcrumb\":{\"@id\":\"http:\\\/\\\/inmondo.pl\\\/en\\\/sklep\\\/elementy\\\/komody\\\/komoda-3s-niska-fronty-brzoza\\\/#breadcrumb\"},\"inLanguage\":\"de\",\"potentialAction\":[{\"@type\":\"ReadAction\",\"target\":[\"http:\\\/\\\/inmondo.pl\\\/en\\\/sklep\\\/elementy\\\/komody\\\/komoda-3s-niska-fronty-brzoza\\\/\"]}]},{\"@type\":\"ImageObject\",\"inLanguage\":\"de\",\"@id\":\"http:\\\/\\\/inmondo.pl\\\/en\\\/sklep\\\/elementy\\\/komody\\\/komoda-3s-niska-fronty-brzoza\\\/#primaryimage\",\"url\":\"https:\\\/\\\/inmondo.pl\\\/wp-content\\\/uploads\\\/2020\\\/06\\\/2019_09_INMONDO_PACKSHOTY-19876_small.jpg\",\"contentUrl\":\"https:\\\/\\\/inmondo.pl\\\/wp-content\\\/uploads\\\/2020\\\/06\\\/2019_09_INMONDO_PACKSHOTY-19876_small.jpg\",\"width\":960,\"height\":960},{\"@type\":\"BreadcrumbList\",\"@id\":\"http:\\\/\\\/inmondo.pl\\\/en\\\/sklep\\\/elementy\\\/komody\\\/komoda-3s-niska-fronty-brzoza\\\/#breadcrumb\",\"itemListElement\":[{\"@type\":\"ListItem\",\"position\":1,\"name\":\"Strona g\u0142\u00f3wna\",\"item\":\"https:\\\/\\\/inmondo.pl\\\/\"},{\"@type\":\"ListItem\",\"position\":2,\"name\":\"Oferta Inmondo: spe\u0142niamy marzenia i wymagania\",\"item\":\"https:\\\/\\\/inmondo.pl\\\/sklep\\\/\"},{\"@type\":\"ListItem\",\"position\":3,\"name\":\"kolekcje\",\"item\":\"https:\\\/\\\/inmondo.pl\\\/de\\\/sklep\\\/kolekcje\\\/\"},{\"@type\":\"ListItem\",\"position\":4,\"name\":\"Komoda 3S niska fronty brzoza\"}]},{\"@type\":\"WebSite\",\"@id\":\"https:\\\/\\\/inmondo.pl\\\/#website\",\"url\":\"https:\\\/\\\/inmondo.pl\\\/\",\"name\":\"Inmondo\",\"description\":\"\",\"potentialAction\":[{\"@type\":\"SearchAction\",\"target\":{\"@type\":\"EntryPoint\",\"urlTemplate\":\"https:\\\/\\\/inmondo.pl\\\/?s={search_term_string}\"},\"query-input\":{\"@type\":\"PropertyValueSpecification\",\"valueRequired\":true,\"valueName\":\"search_term_string\"}}],\"inLanguage\":\"de\"}]}<\/script>\n<!-- \/ Yoast SEO plugin. -->","yoast_head_json":{"title":"Kommode 3S niedrige Fronten Birke - Inmondo","robots":{"index":"index","follow":"follow","max-snippet":"max-snippet:-1","max-image-preview":"max-image-preview:large","max-video-preview":"max-video-preview:-1"},"canonical":"http:\/\/inmondo.pl\/de\/sklep\/elementy\/komody\/kommode-3d-niedrige-fronten-birke\/","og_locale":"de_DE","og_type":"article","og_title":"Komoda 3S niska fronty brzoza - Inmondo","og_description":"Wyposa\u017cona w trzy szuflady komoda to funkcjonalny element umeblowania, kt\u00f3ry pozwala na wygodne przechowywanie podr\u0119cznych rzeczy i utrzymanie porz\u0105dku. To praktyczny mebel, kt\u00f3ry w projekcie mo\u017cna wykorzysta\u0107 samodzielnie lub jako uzupe\u0142nienie podniesionego \u0142\u00f3\u017cka, by zape\u0142ni\u0107 woln\u0105 przestrze\u0144 dodatkowym miejscem do przechowywania.  Brzozowe fronty nadaj\u0105 ca\u0142o\u015bci bardzo nowoczesny i stylowy wygl\u0105d, a zaokr\u0105glone kraw\u0119dzie i system cichego domyku zwi\u0119kszaj\u0105 wygod\u0119 i bezpiecze\u0144stwo u\u017cytkowania.","og_url":"http:\/\/inmondo.pl\/de\/sklep\/elementy\/komody\/kommode-3d-niedrige-fronten-birke\/","og_site_name":"Inmondo","article_modified_time":"2026-04-01T20:00:07+00:00","og_image":[{"width":960,"height":960,"url":"http:\/\/inmondo.pl\/wp-content\/uploads\/2020\/06\/2019_09_INMONDO_PACKSHOTY-19876_small.jpg","type":"image\/jpeg"}],"twitter_card":"summary_large_image","twitter_misc":{"Gesch\u00e4tzte Lesezeit":"2\u00a0Minuten"},"schema":{"@context":"https:\/\/schema.org","@graph":[{"@type":"WebPage","@id":"http:\/\/inmondo.pl\/en\/sklep\/elementy\/komody\/komoda-3s-niska-fronty-brzoza\/","url":"http:\/\/inmondo.pl\/en\/sklep\/elementy\/komody\/komoda-3s-niska-fronty-brzoza\/","name":"Kommode 3S niedrige Fronten Birke - Inmondo","isPartOf":{"@id":"https:\/\/inmondo.pl\/#website"},"primaryImageOfPage":{"@id":"http:\/\/inmondo.pl\/en\/sklep\/elementy\/komody\/komoda-3s-niska-fronty-brzoza\/#primaryimage"},"image":{"@id":"http:\/\/inmondo.pl\/en\/sklep\/elementy\/komody\/komoda-3s-niska-fronty-brzoza\/#primaryimage"},"thumbnailUrl":"https:\/\/inmondo.pl\/wp-content\/uploads\/2020\/06\/2019_09_INMONDO_PACKSHOTY-19876_small.jpg","datePublished":"2020-06-16T09:53:30+00:00","dateModified":"2026-04-01T20:00:07+00:00","breadcrumb":{"@id":"http:\/\/inmondo.pl\/en\/sklep\/elementy\/komody\/komoda-3s-niska-fronty-brzoza\/#breadcrumb"},"inLanguage":"de","potentialAction":[{"@type":"ReadAction","target":["http:\/\/inmondo.pl\/en\/sklep\/elementy\/komody\/komoda-3s-niska-fronty-brzoza\/"]}]},{"@type":"ImageObject","inLanguage":"de","@id":"http:\/\/inmondo.pl\/en\/sklep\/elementy\/komody\/komoda-3s-niska-fronty-brzoza\/#primaryimage","url":"https:\/\/inmondo.pl\/wp-content\/uploads\/2020\/06\/2019_09_INMONDO_PACKSHOTY-19876_small.jpg","contentUrl":"https:\/\/inmondo.pl\/wp-content\/uploads\/2020\/06\/2019_09_INMONDO_PACKSHOTY-19876_small.jpg","width":960,"height":960},{"@type":"BreadcrumbList","@id":"http:\/\/inmondo.pl\/en\/sklep\/elementy\/komody\/komoda-3s-niska-fronty-brzoza\/#breadcrumb","itemListElement":[{"@type":"ListItem","position":1,"name":"Strona g\u0142\u00f3wna","item":"https:\/\/inmondo.pl\/"},{"@type":"ListItem","position":2,"name":"Oferta Inmondo: spe\u0142niamy marzenia i wymagania","item":"https:\/\/inmondo.pl\/sklep\/"},{"@type":"ListItem","position":3,"name":"kolekcje","item":"https:\/\/inmondo.pl\/de\/sklep\/kolekcje\/"},{"@type":"ListItem","position":4,"name":"Komoda 3S niska fronty brzoza"}]},{"@type":"WebSite","@id":"https:\/\/inmondo.pl\/#website","url":"https:\/\/inmondo.pl\/","name":"Inmondo","description":"","potentialAction":[{"@type":"SearchAction","target":{"@type":"EntryPoint","urlTemplate":"https:\/\/inmondo.pl\/?s={search_term_string}"},"query-input":{"@type":"PropertyValueSpecification","valueRequired":true,"valueName":"search_term_string"}}],"inLanguage":"de"}]}},"wcpa_form_fields":null,"_links":{"self":[{"href":"https:\/\/inmondo.pl\/de\/wp-json\/wp\/v2\/product\/883","targetHints":{"allow":["GET"]}}],"collection":[{"href":"https:\/\/inmondo.pl\/de\/wp-json\/wp\/v2\/product"}],"about":[{"href":"https:\/\/inmondo.pl\/de\/wp-json\/wp\/v2\/types\/product"}],"replies":[{"embeddable":true,"href":"https:\/\/inmondo.pl\/de\/wp-json\/wp\/v2\/comments?post=883"}],"wp:featuredmedia":[{"embeddable":true,"href":"https:\/\/inmondo.pl\/de\/wp-json\/wp\/v2\/media\/636"}],"wp:attachment":[{"href":"https:\/\/inmondo.pl\/de\/wp-json\/wp\/v2\/media?parent=883"}],"wp:term":[{"taxonomy":"product_brand","embeddable":true,"href":"https:\/\/inmondo.pl\/de\/wp-json\/wp\/v2\/product_brand?post=883"},{"taxonomy":"product_cat","embeddable":true,"href":"https:\/\/inmondo.pl\/de\/wp-json\/wp\/v2\/product_cat?post=883"},{"taxonomy":"product_tag","embeddable":true,"href":"https:\/\/inmondo.pl\/de\/wp-json\/wp\/v2\/product_tag?post=883"}],"curies":[{"name":"wp","href":"https:\/\/api.w.org\/{rel}","templated":true}]}}