{"id":877,"date":"2020-06-16T11:49:11","date_gmt":"2020-06-16T09:49:11","guid":{"rendered":"http:\/\/inmondo.pl\/?post_type=product&#038;p=877"},"modified":"2026-03-26T09:53:14","modified_gmt":"2026-03-26T08:53:14","slug":"koniglich-niedrig-schmal","status":"publish","type":"product","link":"https:\/\/inmondo.pl\/de\/sklep\/elementy\/regaly\/koniglich-niedrig-schmal\/","title":{"rendered":"Schmales niedriges B\u00fccherregal"},"content":{"rendered":"<p>Ein kleines B\u00fccherregal ist eine gute Wahl f\u00fcr ein Kleinkinderzimmer, das eine funktionale Raumaufteilung erm\u00f6glicht und dem Kind die M\u00f6glichkeit gibt, selbst nach seinen Lieblingsspielzeugen zu greifen. Es funktioniert auch gut in Anordnungen kleiner R\u00e4ume, in denen nicht immer gen\u00fcgend Platz f\u00fcr zus\u00e4tzliche M\u00f6bel gr\u00f6\u00dferer Abmessungen vorhanden ist - ein niedriges und schmales B\u00fccherregal passt perfekt in den freien Raum zwischen den M\u00f6beln und sogar unter dem Hochbeet, so dass bequeme Aufbewahrung von Dingen.<\/p>","protected":false},"excerpt":{"rendered":"<p>Ein kleines B\u00fccherregal ist eine gute Wahl f\u00fcr ein Kleinkinderzimmer, das eine funktionale Raumaufteilung erm\u00f6glicht und dem Kind die M\u00f6glichkeit gibt, selbst nach seinen Lieblingsspielzeugen zu greifen. Es funktioniert auch gut in Anordnungen kleiner R\u00e4ume, in denen nicht immer gen\u00fcgend Platz f\u00fcr zus\u00e4tzliche M\u00f6bel gr\u00f6\u00dferer Abmessungen vorhanden ist - ein niedriges und schmales B\u00fccherregal passt perfekt in den freien Raum zwischen den M\u00f6beln und sogar unter dem Hochbeet, so dass bequeme Aufbewahrung von Dingen.<\/p>\n<h6><\/h6>","protected":false},"featured_media":630,"comment_status":"open","ping_status":"closed","template":"","meta":{"_acf_changed":false},"product_brand":[],"product_cat":[20,18,17,99,38],"product_tag":[],"class_list":{"0":"post-877","1":"product","2":"type-product","3":"status-publish","4":"has-post-thumbnail","6":"product_cat-elementy","7":"product_cat-funflex","8":"product_cat-kolekcje","9":"product_cat-meble-dostepne","10":"product_cat-regaly","12":"first","13":"onbackorder","14":"featured","15":"taxable","16":"shipping-taxable","17":"purchasable","18":"product-type-variable","19":"has-default-attributes"},"acf":{"wymiary":"Szeroko\u015b\u0107: 40 cm<br \/>\r\nWysoko\u015b\u0107: 72 cm<br \/>\r\nG\u0142\u0119boko\u015b\u0107: 40 cm","materialy":"drewno brzozowe, p\u0142yta MDF, lakier wodny i&nbsp;wodny UV","sections_woocommerce":[{"acf_fc_layout":"section_menu","is_active":true,"repeater":[{"text":"Opis","link":"#opis"},{"text":"Lookbook","link":"#lookbook"},{"text":"Opinie","link":"#opinie"},{"text":"Inne produkty","link":"#inneprodukty"}]},{"acf_fc_layout":"section_woocommerce_text_image","is_active":true,"anchor":"opis","text_align":"textAlign--left","grid_width":"main","wysiwyg":"<h2>Funflex nieograniczone mo\u017cliwo\u015bci.<\/h2>\n<p>Szeroki wyb\u00f3r element\u00f3w z\u00a0kolekcji Funflex pozwoli zaaran\u017cowa\u0107 ka\u017cd\u0105 przestrze\u0144 zgodnie z\u00a0Twoimi potrzebami i\u00a0upodobaniami. Zapomnij o\u00a0problemach z\u00a0brakiem miejsca na\u00a0przechowywanie Twoich skarb\u00f3w. Ksi\u0105\u017cki, ubrania zabawki &#8211; od teraz na\u00a0wszystko znajdziesz swoje miejsce. Je\u015bli w\u00a0pokoju brakuje Ci miejsca meble mo\u017cesz postawi\u0107 pod\u00a0\u0142\u00f3\u017ckiem uzyskuj\u0105c przestrze\u0144 do\u00a0przechowywania bez po\u015bwi\u0119cania miejsca w\u00a0pokoju.<\/p>\n","image":"https:\/\/inmondo.pl\/wp-content\/uploads\/2020\/07\/2019_04_INMONDO_POK\u00d3J_CH\u0141OPCA_3-14464kwadrat-1920.jpg"},{"acf_fc_layout":"section_woocommerce_text_image","is_active":true,"anchor":"","text_align":"textAlign--right","grid_width":"main","wysiwyg":"<p>Tworz\u0105c nasze meble my\u015blimy nie tylko o\u00a0funkcjonalno\u015bci, ale\u00a0tak\u017ce o\u00a0bezpiecze\u0144stwie i\u00a0komforcie Twojego dziecka. Dlatego\u00a0wszystkie nasze meble s\u0105 lakierowane ekologicznymi farbami wodnymi. Zawiasy i\u00a0prowadnice posiadaj\u0105 system cichego domyku.<\/p>\n","image":"https:\/\/inmondo.pl\/wp-content\/uploads\/2020\/07\/2019_04_INMONDO_POK\u00d3J_CH\u0141OPCA_2-14058kwadrat-1080.jpg"},{"acf_fc_layout":"section_woocommerce_lookbook","is_active":true,"anchor":"lookbook","header":"<h2 style=\"text-align: center;\">Zobacz galeri\u0119 Funflex:<\/h2>\n<p style=\"text-align: center;\">Nasz lookbook pokazuje tylko wybrane z\u00a0setek mo\u017cliwo\u015bci, jakie daj\u0105 meble Funflex. U\u017cyj ich, jak tylko sobie wymarzysz:<\/p>\n","repeater":[{"shortcode":"[woocommerce_lookbook id=\"1347\"]"},{"shortcode":"[woocommerce_lookbook id=\"1350\"]"},{"shortcode":"[woocommerce_lookbook id=\"1345\"]"}]},{"acf_fc_layout":"section_woocommerce_opinions","is_active":true,"anchor":"opinie"},{"acf_fc_layout":"section_woocommerce_otherFromCategory","is_active":true,"anchor":"inneprodukty"}],"czas_realizacji":""},"yoast_head":"<!-- This site is optimized with the Yoast SEO plugin v27.3 - https:\/\/yoast.com\/product\/yoast-seo-wordpress\/ -->\n<title>Rega\u0142 niski w\u0105ski - Inmondo<\/title>\n<meta name=\"robots\" content=\"index, follow, max-snippet:-1, max-image-preview:large, max-video-preview:-1\" \/>\n<link rel=\"canonical\" href=\"https:\/\/inmondo.pl\/de\/sklep\/elementy\/regaly\/koniglich-niedrig-schmal\/\" \/>\n<meta property=\"og:locale\" content=\"de_DE\" \/>\n<meta property=\"og:type\" content=\"article\" \/>\n<meta property=\"og:title\" content=\"Rega\u0142 niski w\u0105ski - Inmondo\" \/>\n<meta property=\"og:description\" content=\"Niewielki rega\u0142 to \u015bwietny wyb\u00f3r do pokoju malucha, kt\u00f3ry pozwoli na funkcjonalne zaaran\u017cowanie przestrzeni i da dziecku szans\u0119 na samodzielne si\u0119ganie po swoje ulubione zabawki. Sprawdzi si\u0119 r\u00f3wnie\u017c w aran\u017cacjach ma\u0142ych pomieszcze\u0144, w kt\u00f3rych nie zawsze jest wystarczaj\u0105co du\u017co miejsca na dodatkowe meble o wi\u0119kszych wymiarach - niski i w\u0105ski rega\u0142 idealnie wpasuje si\u0119 w woln\u0105 przestrze\u0144 pomi\u0119dzy meblami, a nawet pod podniesionym \u0142\u00f3\u017ckiem, pozwalaj\u0105c na wygodne przechowywanie rzeczy.\" \/>\n<meta property=\"og:url\" content=\"https:\/\/inmondo.pl\/de\/sklep\/elementy\/regaly\/koniglich-niedrig-schmal\/\" \/>\n<meta property=\"og:site_name\" content=\"Inmondo\" \/>\n<meta property=\"article:modified_time\" content=\"2026-03-26T08:53:14+00:00\" \/>\n<meta property=\"og:image\" content=\"https:\/\/inmondo.pl\/wp-content\/uploads\/2020\/06\/2019_09_INMONDO_PACKSHOTY-19853_small.jpg\" \/>\n\t<meta property=\"og:image:width\" content=\"960\" \/>\n\t<meta property=\"og:image:height\" content=\"960\" \/>\n\t<meta property=\"og:image:type\" content=\"image\/jpeg\" \/>\n<meta name=\"twitter:card\" content=\"summary_large_image\" \/>\n<meta name=\"twitter:label1\" content=\"Gesch\u00e4tzte Lesezeit\" \/>\n\t<meta name=\"twitter:data1\" content=\"2\u00a0Minuten\" \/>\n<script type=\"application\/ld+json\" class=\"yoast-schema-graph\">{\"@context\":\"https:\\\/\\\/schema.org\",\"@graph\":[{\"@type\":\"WebPage\",\"@id\":\"https:\\\/\\\/inmondo.pl\\\/sklep\\\/elementy\\\/regaly\\\/regal-niski-waski\\\/\",\"url\":\"https:\\\/\\\/inmondo.pl\\\/sklep\\\/elementy\\\/regaly\\\/regal-niski-waski\\\/\",\"name\":\"Rega\u0142 niski w\u0105ski - Inmondo\",\"isPartOf\":{\"@id\":\"https:\\\/\\\/inmondo.pl\\\/#website\"},\"primaryImageOfPage\":{\"@id\":\"https:\\\/\\\/inmondo.pl\\\/sklep\\\/elementy\\\/regaly\\\/regal-niski-waski\\\/#primaryimage\"},\"image\":{\"@id\":\"https:\\\/\\\/inmondo.pl\\\/sklep\\\/elementy\\\/regaly\\\/regal-niski-waski\\\/#primaryimage\"},\"thumbnailUrl\":\"https:\\\/\\\/inmondo.pl\\\/wp-content\\\/uploads\\\/2020\\\/06\\\/2019_09_INMONDO_PACKSHOTY-19853_small.jpg\",\"datePublished\":\"2020-06-16T09:49:11+00:00\",\"dateModified\":\"2026-03-26T08:53:14+00:00\",\"breadcrumb\":{\"@id\":\"https:\\\/\\\/inmondo.pl\\\/sklep\\\/elementy\\\/regaly\\\/regal-niski-waski\\\/#breadcrumb\"},\"inLanguage\":\"de\",\"potentialAction\":[{\"@type\":\"ReadAction\",\"target\":[\"https:\\\/\\\/inmondo.pl\\\/sklep\\\/elementy\\\/regaly\\\/regal-niski-waski\\\/\"]}]},{\"@type\":\"ImageObject\",\"inLanguage\":\"de\",\"@id\":\"https:\\\/\\\/inmondo.pl\\\/sklep\\\/elementy\\\/regaly\\\/regal-niski-waski\\\/#primaryimage\",\"url\":\"https:\\\/\\\/inmondo.pl\\\/wp-content\\\/uploads\\\/2020\\\/06\\\/2019_09_INMONDO_PACKSHOTY-19853_small.jpg\",\"contentUrl\":\"https:\\\/\\\/inmondo.pl\\\/wp-content\\\/uploads\\\/2020\\\/06\\\/2019_09_INMONDO_PACKSHOTY-19853_small.jpg\",\"width\":960,\"height\":960},{\"@type\":\"BreadcrumbList\",\"@id\":\"https:\\\/\\\/inmondo.pl\\\/sklep\\\/elementy\\\/regaly\\\/regal-niski-waski\\\/#breadcrumb\",\"itemListElement\":[{\"@type\":\"ListItem\",\"position\":1,\"name\":\"Strona g\u0142\u00f3wna\",\"item\":\"https:\\\/\\\/inmondo.pl\\\/\"},{\"@type\":\"ListItem\",\"position\":2,\"name\":\"Oferta Inmondo: spe\u0142niamy marzenia i wymagania\",\"item\":\"https:\\\/\\\/inmondo.pl\\\/sklep\\\/\"},{\"@type\":\"ListItem\",\"position\":3,\"name\":\"kolekcje\",\"item\":\"https:\\\/\\\/inmondo.pl\\\/de\\\/sklep\\\/kolekcje\\\/\"},{\"@type\":\"ListItem\",\"position\":4,\"name\":\"Rega\u0142 niski w\u0105ski\"}]},{\"@type\":\"WebSite\",\"@id\":\"https:\\\/\\\/inmondo.pl\\\/#website\",\"url\":\"https:\\\/\\\/inmondo.pl\\\/\",\"name\":\"Inmondo\",\"description\":\"\",\"potentialAction\":[{\"@type\":\"SearchAction\",\"target\":{\"@type\":\"EntryPoint\",\"urlTemplate\":\"https:\\\/\\\/inmondo.pl\\\/?s={search_term_string}\"},\"query-input\":{\"@type\":\"PropertyValueSpecification\",\"valueRequired\":true,\"valueName\":\"search_term_string\"}}],\"inLanguage\":\"de\"}]}<\/script>\n<!-- \/ Yoast SEO plugin. -->","yoast_head_json":{"title":"Schmales niedriges B\u00fccherregal - Inmondo","robots":{"index":"index","follow":"follow","max-snippet":"max-snippet:-1","max-image-preview":"max-image-preview:large","max-video-preview":"max-video-preview:-1"},"canonical":"https:\/\/inmondo.pl\/de\/sklep\/elementy\/regaly\/koniglich-niedrig-schmal\/","og_locale":"de_DE","og_type":"article","og_title":"Rega\u0142 niski w\u0105ski - Inmondo","og_description":"Niewielki rega\u0142 to \u015bwietny wyb\u00f3r do pokoju malucha, kt\u00f3ry pozwoli na funkcjonalne zaaran\u017cowanie przestrzeni i da dziecku szans\u0119 na samodzielne si\u0119ganie po swoje ulubione zabawki. Sprawdzi si\u0119 r\u00f3wnie\u017c w aran\u017cacjach ma\u0142ych pomieszcze\u0144, w kt\u00f3rych nie zawsze jest wystarczaj\u0105co du\u017co miejsca na dodatkowe meble o wi\u0119kszych wymiarach - niski i w\u0105ski rega\u0142 idealnie wpasuje si\u0119 w woln\u0105 przestrze\u0144 pomi\u0119dzy meblami, a nawet pod podniesionym \u0142\u00f3\u017ckiem, pozwalaj\u0105c na wygodne przechowywanie rzeczy.","og_url":"https:\/\/inmondo.pl\/de\/sklep\/elementy\/regaly\/koniglich-niedrig-schmal\/","og_site_name":"Inmondo","article_modified_time":"2026-03-26T08:53:14+00:00","og_image":[{"width":960,"height":960,"url":"https:\/\/inmondo.pl\/wp-content\/uploads\/2020\/06\/2019_09_INMONDO_PACKSHOTY-19853_small.jpg","type":"image\/jpeg"}],"twitter_card":"summary_large_image","twitter_misc":{"Gesch\u00e4tzte Lesezeit":"2\u00a0Minuten"},"schema":{"@context":"https:\/\/schema.org","@graph":[{"@type":"WebPage","@id":"https:\/\/inmondo.pl\/sklep\/elementy\/regaly\/regal-niski-waski\/","url":"https:\/\/inmondo.pl\/sklep\/elementy\/regaly\/regal-niski-waski\/","name":"Schmales niedriges B\u00fccherregal - Inmondo","isPartOf":{"@id":"https:\/\/inmondo.pl\/#website"},"primaryImageOfPage":{"@id":"https:\/\/inmondo.pl\/sklep\/elementy\/regaly\/regal-niski-waski\/#primaryimage"},"image":{"@id":"https:\/\/inmondo.pl\/sklep\/elementy\/regaly\/regal-niski-waski\/#primaryimage"},"thumbnailUrl":"https:\/\/inmondo.pl\/wp-content\/uploads\/2020\/06\/2019_09_INMONDO_PACKSHOTY-19853_small.jpg","datePublished":"2020-06-16T09:49:11+00:00","dateModified":"2026-03-26T08:53:14+00:00","breadcrumb":{"@id":"https:\/\/inmondo.pl\/sklep\/elementy\/regaly\/regal-niski-waski\/#breadcrumb"},"inLanguage":"de","potentialAction":[{"@type":"ReadAction","target":["https:\/\/inmondo.pl\/sklep\/elementy\/regaly\/regal-niski-waski\/"]}]},{"@type":"ImageObject","inLanguage":"de","@id":"https:\/\/inmondo.pl\/sklep\/elementy\/regaly\/regal-niski-waski\/#primaryimage","url":"https:\/\/inmondo.pl\/wp-content\/uploads\/2020\/06\/2019_09_INMONDO_PACKSHOTY-19853_small.jpg","contentUrl":"https:\/\/inmondo.pl\/wp-content\/uploads\/2020\/06\/2019_09_INMONDO_PACKSHOTY-19853_small.jpg","width":960,"height":960},{"@type":"BreadcrumbList","@id":"https:\/\/inmondo.pl\/sklep\/elementy\/regaly\/regal-niski-waski\/#breadcrumb","itemListElement":[{"@type":"ListItem","position":1,"name":"Strona g\u0142\u00f3wna","item":"https:\/\/inmondo.pl\/"},{"@type":"ListItem","position":2,"name":"Oferta Inmondo: spe\u0142niamy marzenia i wymagania","item":"https:\/\/inmondo.pl\/sklep\/"},{"@type":"ListItem","position":3,"name":"kolekcje","item":"https:\/\/inmondo.pl\/de\/sklep\/kolekcje\/"},{"@type":"ListItem","position":4,"name":"Rega\u0142 niski w\u0105ski"}]},{"@type":"WebSite","@id":"https:\/\/inmondo.pl\/#website","url":"https:\/\/inmondo.pl\/","name":"Inmondo","description":"","potentialAction":[{"@type":"SearchAction","target":{"@type":"EntryPoint","urlTemplate":"https:\/\/inmondo.pl\/?s={search_term_string}"},"query-input":{"@type":"PropertyValueSpecification","valueRequired":true,"valueName":"search_term_string"}}],"inLanguage":"de"}]}},"wcpa_form_fields":null,"_links":{"self":[{"href":"https:\/\/inmondo.pl\/de\/wp-json\/wp\/v2\/product\/877","targetHints":{"allow":["GET"]}}],"collection":[{"href":"https:\/\/inmondo.pl\/de\/wp-json\/wp\/v2\/product"}],"about":[{"href":"https:\/\/inmondo.pl\/de\/wp-json\/wp\/v2\/types\/product"}],"replies":[{"embeddable":true,"href":"https:\/\/inmondo.pl\/de\/wp-json\/wp\/v2\/comments?post=877"}],"wp:featuredmedia":[{"embeddable":true,"href":"https:\/\/inmondo.pl\/de\/wp-json\/wp\/v2\/media\/630"}],"wp:attachment":[{"href":"https:\/\/inmondo.pl\/de\/wp-json\/wp\/v2\/media?parent=877"}],"wp:term":[{"taxonomy":"product_brand","embeddable":true,"href":"https:\/\/inmondo.pl\/de\/wp-json\/wp\/v2\/product_brand?post=877"},{"taxonomy":"product_cat","embeddable":true,"href":"https:\/\/inmondo.pl\/de\/wp-json\/wp\/v2\/product_cat?post=877"},{"taxonomy":"product_tag","embeddable":true,"href":"https:\/\/inmondo.pl\/de\/wp-json\/wp\/v2\/product_tag?post=877"}],"curies":[{"name":"wp","href":"https:\/\/api.w.org\/{rel}","templated":true}]}}