{"id":871,"date":"2020-06-16T11:48:02","date_gmt":"2020-06-16T09:48:02","guid":{"rendered":"http:\/\/inmondo.pl\/?post_type=product&#038;p=871"},"modified":"2026-04-15T08:10:50","modified_gmt":"2026-04-15T06:10:50","slug":"bucherregal-hohe-tur-birke","status":"publish","type":"product","link":"https:\/\/inmondo.pl\/de\/sklep\/elementy\/regaly\/bucherregal-hohe-tur-birke\/","title":{"rendered":"Hohes B\u00fccherregal mit Birkent\u00fcren"},"content":{"rendered":"<p><strong>Przestronny, wysoki rega\u0142 pomie\u015bci du\u017c\u0105 ilo\u015b\u0107 rzeczy &#8211; na otwartych p\u00f3\u0142kach mo\u017cna wyeksponowa\u0107 zabawki, ksi\u0105\u017cki czy dekoracje, z kolei p\u00f3\u0142ki z drzwiami pozwalaj\u0105 na wygodne przechowywanie rzeczy, kt\u00f3rych nie chcesz trzyma\u0107 na widoku. To prosty spos\u00f3b na uporz\u0105dkowanie pokoju dzieci\u0119cego. Brzozowe drzwi nadaj\u0105 temu modelowi wyj\u0105tkowy charakter, kt\u00f3ry urozmaici wystr\u00f3j, a starannie wyko\u0144czona powierzchnia i kraw\u0119dzie mebla sprawiaj\u0105, \u017ce jest on bezpiecznym dodatkiem do pokoju Twojego dziecka.<\/strong><\/p>","protected":false},"excerpt":{"rendered":"<p>Ein praktisches B\u00fccherregal kann ein freistehendes M\u00f6bel sein, passt aber auch perfekt unter das Funflex Hochbett und spart Platz in kleinen R\u00e4umen. Ein M\u00f6belst\u00fcck, das dazu beitr\u00e4gt, eine ungeordnete Welt in eine ordentliche und organisierte zu verwandeln. Die weichen Kanten der Tischplatte sorgen f\u00fcr Eleganz und machen die M\u00f6bel sicher f\u00fcr Ihr Kind.<\/p>\n<h6><\/h6>","protected":false},"featured_media":632,"comment_status":"open","ping_status":"closed","template":"","meta":{"_acf_changed":false},"product_brand":[],"product_cat":[20,18,17,38],"product_tag":[],"class_list":{"0":"post-871","1":"product","2":"type-product","3":"status-publish","4":"has-post-thumbnail","6":"product_cat-elementy","7":"product_cat-funflex","8":"product_cat-kolekcje","9":"product_cat-regaly","11":"first","12":"onbackorder","13":"taxable","14":"shipping-taxable","15":"purchasable","16":"product-type-variable","17":"has-default-attributes"},"acf":{"wymiary":"Szeroko\u015b\u0107: 76,5 cm<br \/>\r\nWysoko\u015b\u0107: 136 cm<br \/>\r\nG\u0142\u0119boko\u015b\u0107: 40 cm","materialy":"drewno brzozowe, p\u0142yta MDF, lakier wodny i&nbsp;wodny UV","sections_woocommerce":[{"acf_fc_layout":"section_menu","is_active":true,"repeater":[{"text":"Opis","link":"#opis"},{"text":"Lookbook","link":"#lookbook"},{"text":"Opinie","link":"#opinie"},{"text":"Inne produkty","link":"#inneprodukty"}]},{"acf_fc_layout":"section_woocommerce_text_image","is_active":true,"anchor":"opis","text_align":"textAlign--left","grid_width":"main","wysiwyg":"<h2>Funflex nieograniczone mo\u017cliwo\u015bci.<\/h2>\n<p>Szeroki wyb\u00f3r element\u00f3w z\u00a0kolekcji Funflex pozwoli zaaran\u017cowa\u0107 ka\u017cd\u0105 przestrze\u0144 zgodnie z\u00a0Twoimi potrzebami i\u00a0upodobaniami. Zapomnij o\u00a0problemach z\u00a0brakiem miejsca na\u00a0przechowywanie Twoich skarb\u00f3w. Ksi\u0105\u017cki, ubrania zabawki &#8211; od teraz na\u00a0wszystko znajdziesz swoje miejsce. Je\u015bli w\u00a0pokoju brakuje Ci miejsca meble mo\u017cesz postawi\u0107 pod\u00a0\u0142\u00f3\u017ckiem uzyskuj\u0105c przestrze\u0144 do\u00a0przechowywania bez po\u015bwi\u0119cania miejsca w\u00a0pokoju.<\/p>\n","image":"https:\/\/inmondo.pl\/wp-content\/uploads\/2020\/07\/2019_04_INMONDO_POK\u00d3J_CH\u0141OPCA_2-14058kwadrat-1080.jpg"},{"acf_fc_layout":"section_woocommerce_text_image","is_active":true,"anchor":"","text_align":"textAlign--right","grid_width":"main","wysiwyg":"<p>Tworz\u0105c nasze meble my\u015blimy nie tylko o\u00a0funkcjonalno\u015bci, ale\u00a0tak\u017ce o\u00a0bezpiecze\u0144stwie i\u00a0komforcie Twojego dziecka. Dlatego\u00a0wszystkie nasze meble s\u0105 lakierowane ekologicznymi farbami wodnymi. Zawiasy i\u00a0prowadnice posiadaj\u0105 system cichego domyku.<\/p>\n","image":"https:\/\/inmondo.pl\/wp-content\/uploads\/2020\/07\/2019_04_INMONDO_POK\u00d3J_CH\u0141OPCA_2-14186-1920.jpg"},{"acf_fc_layout":"section_woocommerce_lookbook","is_active":true,"anchor":"lookbook","header":"<h2 style=\"text-align: center;\">Zobacz galeri\u0119 Funflex:<\/h2>\n<p style=\"text-align: center;\">Nasz lookbook pokazuje tylko wybrane z\u00a0setek mo\u017cliwo\u015bci, jakie daj\u0105 meble Funflex. U\u017cyj ich, jak tylko sobie wymarzysz:<\/p>\n","repeater":[{"shortcode":"[woocommerce_lookbook id=\"1345\"]"},{"shortcode":"[woocommerce_lookbook id=\"1340\"]"},{"shortcode":"[woocommerce_lookbook id=\"1279\"]"}]},{"acf_fc_layout":"section_woocommerce_opinions","is_active":true,"anchor":"opinie"},{"acf_fc_layout":"section_woocommerce_otherFromCategory","is_active":true,"anchor":"inneprodukty"}],"czas_realizacji":""},"yoast_head":"<!-- This site is optimized with the Yoast SEO plugin v27.3 - https:\/\/yoast.com\/product\/yoast-seo-wordpress\/ -->\n<title>Rega\u0142 wysoki drzwiczki brzozowe - Inmondo<\/title>\n<meta name=\"robots\" content=\"index, follow, max-snippet:-1, max-image-preview:large, max-video-preview:-1\" \/>\n<link rel=\"canonical\" href=\"http:\/\/inmondo.pl\/de\/sklep\/elementy\/regaly\/bucherregal-hohe-tur-birke\/\" \/>\n<meta property=\"og:locale\" content=\"de_DE\" \/>\n<meta property=\"og:type\" content=\"article\" \/>\n<meta property=\"og:title\" content=\"Rega\u0142 wysoki drzwiczki brzozowe - Inmondo\" \/>\n<meta property=\"og:description\" content=\"Praktyczny rega\u0142 \u00a0mo\u017ce by\u0107 wolnostoj\u0105cym meblem, ale te\u017c idealnie mie\u015bci si\u0119 pod \u0142\u00f3\u017ckiem wysokim Funflex oszcz\u0119dzaj\u0105c przestrze\u0144 w ma\u0142ych pokojach. Mebel, kt\u00f3ry pomo\u017ce przeobrazi\u0107 nieuporz\u0105dkowany \u015bwiat w schludny i zorganizowany. \u0141agodne kraw\u0119dzie blatu dodaj\u0105 elegancji i sprawiaj\u0105, \u017ce mebel jest bezpieczny dla Twojego dziecka.\" \/>\n<meta property=\"og:url\" content=\"http:\/\/inmondo.pl\/de\/sklep\/elementy\/regaly\/bucherregal-hohe-tur-birke\/\" \/>\n<meta property=\"og:site_name\" content=\"Inmondo\" \/>\n<meta property=\"article:modified_time\" content=\"2026-04-15T06:10:50+00:00\" \/>\n<meta property=\"og:image\" content=\"http:\/\/inmondo.pl\/wp-content\/uploads\/2020\/06\/2019_09_INMONDO_PACKSHOTY-19866_small.jpg\" \/>\n\t<meta property=\"og:image:width\" content=\"960\" \/>\n\t<meta property=\"og:image:height\" content=\"960\" \/>\n\t<meta property=\"og:image:type\" content=\"image\/jpeg\" \/>\n<meta name=\"twitter:card\" content=\"summary_large_image\" \/>\n<meta name=\"twitter:label1\" content=\"Gesch\u00e4tzte Lesezeit\" \/>\n\t<meta name=\"twitter:data1\" content=\"2\u00a0Minuten\" \/>\n<script type=\"application\/ld+json\" class=\"yoast-schema-graph\">{\"@context\":\"https:\\\/\\\/schema.org\",\"@graph\":[{\"@type\":\"WebPage\",\"@id\":\"http:\\\/\\\/inmondo.pl\\\/sklep\\\/elementy\\\/regaly\\\/regal-wysoki-drzwi-brzozowe\\\/\",\"url\":\"http:\\\/\\\/inmondo.pl\\\/sklep\\\/elementy\\\/regaly\\\/regal-wysoki-drzwi-brzozowe\\\/\",\"name\":\"Rega\u0142 wysoki drzwiczki brzozowe - Inmondo\",\"isPartOf\":{\"@id\":\"https:\\\/\\\/inmondo.pl\\\/#website\"},\"primaryImageOfPage\":{\"@id\":\"http:\\\/\\\/inmondo.pl\\\/sklep\\\/elementy\\\/regaly\\\/regal-wysoki-drzwi-brzozowe\\\/#primaryimage\"},\"image\":{\"@id\":\"http:\\\/\\\/inmondo.pl\\\/sklep\\\/elementy\\\/regaly\\\/regal-wysoki-drzwi-brzozowe\\\/#primaryimage\"},\"thumbnailUrl\":\"https:\\\/\\\/inmondo.pl\\\/wp-content\\\/uploads\\\/2020\\\/06\\\/2019_09_INMONDO_PACKSHOTY-19866_small.jpg\",\"datePublished\":\"2020-06-16T09:48:02+00:00\",\"dateModified\":\"2026-04-15T06:10:50+00:00\",\"breadcrumb\":{\"@id\":\"http:\\\/\\\/inmondo.pl\\\/sklep\\\/elementy\\\/regaly\\\/regal-wysoki-drzwi-brzozowe\\\/#breadcrumb\"},\"inLanguage\":\"de\",\"potentialAction\":[{\"@type\":\"ReadAction\",\"target\":[\"http:\\\/\\\/inmondo.pl\\\/sklep\\\/elementy\\\/regaly\\\/regal-wysoki-drzwi-brzozowe\\\/\"]}]},{\"@type\":\"ImageObject\",\"inLanguage\":\"de\",\"@id\":\"http:\\\/\\\/inmondo.pl\\\/sklep\\\/elementy\\\/regaly\\\/regal-wysoki-drzwi-brzozowe\\\/#primaryimage\",\"url\":\"https:\\\/\\\/inmondo.pl\\\/wp-content\\\/uploads\\\/2020\\\/06\\\/2019_09_INMONDO_PACKSHOTY-19866_small.jpg\",\"contentUrl\":\"https:\\\/\\\/inmondo.pl\\\/wp-content\\\/uploads\\\/2020\\\/06\\\/2019_09_INMONDO_PACKSHOTY-19866_small.jpg\",\"width\":960,\"height\":960},{\"@type\":\"BreadcrumbList\",\"@id\":\"http:\\\/\\\/inmondo.pl\\\/sklep\\\/elementy\\\/regaly\\\/regal-wysoki-drzwi-brzozowe\\\/#breadcrumb\",\"itemListElement\":[{\"@type\":\"ListItem\",\"position\":1,\"name\":\"Strona g\u0142\u00f3wna\",\"item\":\"https:\\\/\\\/inmondo.pl\\\/\"},{\"@type\":\"ListItem\",\"position\":2,\"name\":\"Oferta Inmondo: spe\u0142niamy marzenia i wymagania\",\"item\":\"https:\\\/\\\/inmondo.pl\\\/sklep\\\/\"},{\"@type\":\"ListItem\",\"position\":3,\"name\":\"kolekcje\",\"item\":\"https:\\\/\\\/inmondo.pl\\\/de\\\/sklep\\\/kolekcje\\\/\"},{\"@type\":\"ListItem\",\"position\":4,\"name\":\"Rega\u0142 wysoki drzwiczki brzozowe\"}]},{\"@type\":\"WebSite\",\"@id\":\"https:\\\/\\\/inmondo.pl\\\/#website\",\"url\":\"https:\\\/\\\/inmondo.pl\\\/\",\"name\":\"Inmondo\",\"description\":\"\",\"potentialAction\":[{\"@type\":\"SearchAction\",\"target\":{\"@type\":\"EntryPoint\",\"urlTemplate\":\"https:\\\/\\\/inmondo.pl\\\/?s={search_term_string}\"},\"query-input\":{\"@type\":\"PropertyValueSpecification\",\"valueRequired\":true,\"valueName\":\"search_term_string\"}}],\"inLanguage\":\"de\"}]}<\/script>\n<!-- \/ Yoast SEO plugin. -->","yoast_head_json":{"title":"Hohes B\u00fccherregal mit Birkent\u00fcr - Inmondo","robots":{"index":"index","follow":"follow","max-snippet":"max-snippet:-1","max-image-preview":"max-image-preview:large","max-video-preview":"max-video-preview:-1"},"canonical":"http:\/\/inmondo.pl\/de\/sklep\/elementy\/regaly\/bucherregal-hohe-tur-birke\/","og_locale":"de_DE","og_type":"article","og_title":"Rega\u0142 wysoki drzwiczki brzozowe - Inmondo","og_description":"Praktyczny rega\u0142 \u00a0mo\u017ce by\u0107 wolnostoj\u0105cym meblem, ale te\u017c idealnie mie\u015bci si\u0119 pod \u0142\u00f3\u017ckiem wysokim Funflex oszcz\u0119dzaj\u0105c przestrze\u0144 w ma\u0142ych pokojach. Mebel, kt\u00f3ry pomo\u017ce przeobrazi\u0107 nieuporz\u0105dkowany \u015bwiat w schludny i zorganizowany. \u0141agodne kraw\u0119dzie blatu dodaj\u0105 elegancji i sprawiaj\u0105, \u017ce mebel jest bezpieczny dla Twojego dziecka.","og_url":"http:\/\/inmondo.pl\/de\/sklep\/elementy\/regaly\/bucherregal-hohe-tur-birke\/","og_site_name":"Inmondo","article_modified_time":"2026-04-15T06:10:50+00:00","og_image":[{"width":960,"height":960,"url":"http:\/\/inmondo.pl\/wp-content\/uploads\/2020\/06\/2019_09_INMONDO_PACKSHOTY-19866_small.jpg","type":"image\/jpeg"}],"twitter_card":"summary_large_image","twitter_misc":{"Gesch\u00e4tzte Lesezeit":"2\u00a0Minuten"},"schema":{"@context":"https:\/\/schema.org","@graph":[{"@type":"WebPage","@id":"http:\/\/inmondo.pl\/sklep\/elementy\/regaly\/regal-wysoki-drzwi-brzozowe\/","url":"http:\/\/inmondo.pl\/sklep\/elementy\/regaly\/regal-wysoki-drzwi-brzozowe\/","name":"Hohes B\u00fccherregal mit Birkent\u00fcr - Inmondo","isPartOf":{"@id":"https:\/\/inmondo.pl\/#website"},"primaryImageOfPage":{"@id":"http:\/\/inmondo.pl\/sklep\/elementy\/regaly\/regal-wysoki-drzwi-brzozowe\/#primaryimage"},"image":{"@id":"http:\/\/inmondo.pl\/sklep\/elementy\/regaly\/regal-wysoki-drzwi-brzozowe\/#primaryimage"},"thumbnailUrl":"https:\/\/inmondo.pl\/wp-content\/uploads\/2020\/06\/2019_09_INMONDO_PACKSHOTY-19866_small.jpg","datePublished":"2020-06-16T09:48:02+00:00","dateModified":"2026-04-15T06:10:50+00:00","breadcrumb":{"@id":"http:\/\/inmondo.pl\/sklep\/elementy\/regaly\/regal-wysoki-drzwi-brzozowe\/#breadcrumb"},"inLanguage":"de","potentialAction":[{"@type":"ReadAction","target":["http:\/\/inmondo.pl\/sklep\/elementy\/regaly\/regal-wysoki-drzwi-brzozowe\/"]}]},{"@type":"ImageObject","inLanguage":"de","@id":"http:\/\/inmondo.pl\/sklep\/elementy\/regaly\/regal-wysoki-drzwi-brzozowe\/#primaryimage","url":"https:\/\/inmondo.pl\/wp-content\/uploads\/2020\/06\/2019_09_INMONDO_PACKSHOTY-19866_small.jpg","contentUrl":"https:\/\/inmondo.pl\/wp-content\/uploads\/2020\/06\/2019_09_INMONDO_PACKSHOTY-19866_small.jpg","width":960,"height":960},{"@type":"BreadcrumbList","@id":"http:\/\/inmondo.pl\/sklep\/elementy\/regaly\/regal-wysoki-drzwi-brzozowe\/#breadcrumb","itemListElement":[{"@type":"ListItem","position":1,"name":"Strona g\u0142\u00f3wna","item":"https:\/\/inmondo.pl\/"},{"@type":"ListItem","position":2,"name":"Oferta Inmondo: spe\u0142niamy marzenia i wymagania","item":"https:\/\/inmondo.pl\/sklep\/"},{"@type":"ListItem","position":3,"name":"kolekcje","item":"https:\/\/inmondo.pl\/de\/sklep\/kolekcje\/"},{"@type":"ListItem","position":4,"name":"Rega\u0142 wysoki drzwiczki brzozowe"}]},{"@type":"WebSite","@id":"https:\/\/inmondo.pl\/#website","url":"https:\/\/inmondo.pl\/","name":"Inmondo","description":"","potentialAction":[{"@type":"SearchAction","target":{"@type":"EntryPoint","urlTemplate":"https:\/\/inmondo.pl\/?s={search_term_string}"},"query-input":{"@type":"PropertyValueSpecification","valueRequired":true,"valueName":"search_term_string"}}],"inLanguage":"de"}]}},"wcpa_form_fields":null,"_links":{"self":[{"href":"https:\/\/inmondo.pl\/de\/wp-json\/wp\/v2\/product\/871","targetHints":{"allow":["GET"]}}],"collection":[{"href":"https:\/\/inmondo.pl\/de\/wp-json\/wp\/v2\/product"}],"about":[{"href":"https:\/\/inmondo.pl\/de\/wp-json\/wp\/v2\/types\/product"}],"replies":[{"embeddable":true,"href":"https:\/\/inmondo.pl\/de\/wp-json\/wp\/v2\/comments?post=871"}],"wp:featuredmedia":[{"embeddable":true,"href":"https:\/\/inmondo.pl\/de\/wp-json\/wp\/v2\/media\/632"}],"wp:attachment":[{"href":"https:\/\/inmondo.pl\/de\/wp-json\/wp\/v2\/media?parent=871"}],"wp:term":[{"taxonomy":"product_brand","embeddable":true,"href":"https:\/\/inmondo.pl\/de\/wp-json\/wp\/v2\/product_brand?post=871"},{"taxonomy":"product_cat","embeddable":true,"href":"https:\/\/inmondo.pl\/de\/wp-json\/wp\/v2\/product_cat?post=871"},{"taxonomy":"product_tag","embeddable":true,"href":"https:\/\/inmondo.pl\/de\/wp-json\/wp\/v2\/product_tag?post=871"}],"curies":[{"name":"wp","href":"https:\/\/api.w.org\/{rel}","templated":true}]}}