{"id":859,"date":"2020-06-16T11:46:02","date_gmt":"2020-06-16T09:46:02","guid":{"rendered":"http:\/\/inmondo.pl\/?post_type=product&#038;p=859"},"modified":"2026-04-16T12:30:07","modified_gmt":"2026-04-16T10:30:07","slug":"schreibtisch","status":"publish","type":"product","link":"https:\/\/inmondo.pl\/de\/sklep\/elementy\/biurka\/schreibtisch\/","title":{"rendered":"H\u00f6henverstellbarer Schreibtisch - Funflex"},"content":{"rendered":"<p>Biurko dla&nbsp;dzieci to jeden z&nbsp;podstawowych element\u00f3w wystroju pokoju dzieci\u0119cego \u2013 to w\u0142a\u015bnie przy&nbsp;nim dziecko b\u0119dzie odrabia\u0142o lekcje, zdobywa\u0142o now\u0105 wiedz\u0119, bawi\u0142o si\u0119 i&nbsp;rozwija\u0142o swoje zainteresowania.<\/p>\n\n\n\n<p><a href=\"https:\/\/inmondo.pl\/de\/sklep\/elementy\/biurka\/\">Schreibtische<\/a> drewniane dla&nbsp;dzieci z&nbsp;naszej oferty spe\u0142niaj\u0105 wszystkie te za\u0142o\u017cenia \u2014 s\u0105 regulowane, maj\u0105 ciekawy design i&nbsp;odpowiedni\u0105 przestrze\u0144 do&nbsp;pracy.<\/p>\n\n\n\n<p>Wygodne i funkcjonalne biurko to niezb\u0119dny element pokoju dzieci\u0119cego. Dzi\u0119ki trzem poziomom regulacji wysoko\u015bci, sprawdzi si\u0119 zar\u00f3wno dla m\u0142odszych dzieci jak i dla m\u0142odzie\u017cy. Dodatkowo posiada cztery pojemne szufladki na najpotrzebniejsze przybory.&nbsp; Biurko z kolekcji <a href=\"https:\/\/inmondo.pl\/de\/sklep\/kolekcje\/funflex\/\">Funflex<\/a> werden Ihrem Kind nicht nur gefallen, sondern auch sein t\u00e4gliches Lernen und seine Entwicklung f\u00f6rdern.<\/p>\n\n\n\n<p>Nasze meble \u0142\u0105cz\u0105&nbsp; w sobie pi\u0119kno, wygod\u0119 oraz funkcjonalno\u015b\u0107, kt\u00f3ra usatysfakcjonuje zar\u00f3wno m\u0142odych u\u017cytkownik\u00f3w, jak i ich rodzic\u00f3w!<\/p>\n\n\n\n<p>W przesy\u0142ce od nas otrzymasz w pe\u0142ni skr\u0119cony korpus z szufladami, wystarczy przymocowa\u0107 do niego nogi na wybranej wysoko\u015bci, by cieszy\u0107 si\u0119 w&nbsp; gotowym mebelkiem \ud83d\ude42<\/p>","protected":false},"excerpt":{"rendered":"<p><a href=\"http:\/\/inmondo.pl\/wp-content\/uploads\/2025\/11\/DM-2020_logo.png\"><img loading=\"lazy\" decoding=\"async\" class=\"alignnone size-medium wp-image-11512\" src=\"http:\/\/inmondo.pl\/wp-content\/uploads\/2025\/11\/DM-2020_logo-300x123.png\" alt=\"\" width=\"300\" height=\"123\" srcset=\"https:\/\/inmondo.pl\/wp-content\/uploads\/2025\/11\/DM-2020_logo-300x123.png 300w, https:\/\/inmondo.pl\/wp-content\/uploads\/2025\/11\/DM-2020_logo-1024x421.png 1024w, https:\/\/inmondo.pl\/wp-content\/uploads\/2025\/11\/DM-2020_logo-768x316.png 768w, https:\/\/inmondo.pl\/wp-content\/uploads\/2025\/11\/DM-2020_logo-1536x631.png 1536w, https:\/\/inmondo.pl\/wp-content\/uploads\/2025\/11\/DM-2020_logo-18x7.png 18w, https:\/\/inmondo.pl\/wp-content\/uploads\/2025\/11\/DM-2020_logo-750x308.png 750w, https:\/\/inmondo.pl\/wp-content\/uploads\/2025\/11\/DM-2020_logo-400x164.png 400w, https:\/\/inmondo.pl\/wp-content\/uploads\/2025\/11\/DM-2020_logo-600x247.png 600w, https:\/\/inmondo.pl\/wp-content\/uploads\/2025\/11\/DM-2020_logo.png 1920w\" sizes=\"auto, (max-width: 300px) 100vw, 300px\" \/><\/a><\/p>\n<h2 style=\"text-align: left; font-size: 17px;\">Ein funktioneller Schreibtisch f\u00fcr Ihr Kind!<\/h2>\n<p>Der Kinderschreibtisch ist eines der grundlegenden Elemente der Kinderzimmergestaltung - hier macht das Kind seine Hausaufgaben, erwirbt neues Wissen, spielt und entwickelt seine Interessen. <a href=\"https:\/\/inmondo.pl\/de\/sklep\/elementy\/biurka\/\">Schreibtische<\/a> Die Holzspielger\u00e4te f\u00fcr Kinder in unserem Sortiment erf\u00fcllen alle diese Anforderungen - sie sind verstellbar, haben ein interessantes Design und ausreichend Platz zum Arbeiten.<\/p>\n<p>Bequem und funktionell <a href=\"https:\/\/inmondo.pl\/de\/sklep\/elementy\/biurka\/\">Schreibtisch<\/a> ist ein unverzichtbares Element im Kinderzimmer. Mit seinen drei H\u00f6henverstellm\u00f6glichkeiten ist er sowohl f\u00fcr j\u00fcngere Kinder als auch f\u00fcr Teenager geeignet.<\/p>\n<p>Dar\u00fcber hinaus verf\u00fcgt er \u00fcber vier ger\u00e4umige Schubladen f\u00fcr die wichtigsten Utensilien.<\/p>\n<p>Schreibtisch aus der Sammlung <a href=\"https:\/\/inmondo.pl\/de\/sklep\/kolekcje\/funflex\/\">Funflex<\/a> werden Ihrem Kind nicht nur gefallen, sondern auch sein t\u00e4gliches Lernen und seine Entwicklung f\u00f6rdern.<\/p>\n<p>Sie erhalten von uns einen komplett verschraubten Korpus mit Schubladen, an dem Sie einfach die Beine in der H\u00f6he Ihrer Wahl anbringen und sich an dem fertigen M\u00f6belst\u00fcck erfreuen k\u00f6nnen \ud83d\ude42 .<\/p>\n<p>&nbsp;<\/p>\n<p>&nbsp;<\/p>","protected":false},"featured_media":656,"comment_status":"open","ping_status":"closed","template":"","meta":{"_acf_changed":true},"product_brand":[],"product_cat":[29,20,18,17,99],"product_tag":[173],"class_list":{"0":"post-859","1":"product","2":"type-product","3":"status-publish","4":"has-post-thumbnail","6":"product_cat-biurka","7":"product_cat-elementy","8":"product_cat-funflex","9":"product_cat-kolekcje","10":"product_cat-meble-dostepne","11":"product_tag-biurko","13":"first","14":"instock","15":"featured","16":"taxable","17":"shipping-taxable","18":"purchasable","19":"product-type-variable","20":"has-default-attributes"},"acf":{"wymiary":"Szeroko\u015b\u0107: 124 cm<br \/>\r\nWysoko\u015b\u0107 blatu: 51 - 63 - 76 cm<br \/>\r\nG\u0142\u0119boko\u015b\u0107: 60 cm","materialy":"drewno brzozowe, p\u0142yta MDF, lakier wodny i&nbsp;wodny UV","sections_woocommerce":[{"acf_fc_layout":"section_menu","is_active":true,"repeater":[{"text":"Opis","link":"#opis"},{"text":"Lookbook","link":"#lookbook"},{"text":"Opinie","link":"#opinie"},{"text":"Inne produkty","link":"#inneprodukty"}]},{"acf_fc_layout":"section_woocommerce_text_image","is_active":true,"anchor":"opis","text_align":"textAlign--left","grid_width":"main","wysiwyg":"<h2>Biurko z\u00a0kolekcji Funflex to nieograniczone mo\u017cliwo\u015bci.<\/h2>\n<h3>Idealne Pierwsze Biurko dla Twojego Dziecka<\/h3>\n<p>Nasze regulowane drewniane biurko dzieci\u0119ce z szufladami wyr\u00f3\u017cnia si\u0119 klasycznym, prostym designem, kt\u00f3ry b\u0119dzie pasowa\u0142 zar\u00f3wno do pokoju dziewczynki, jak i ch\u0142opca.<\/p>\n<p>Dzi\u0119ki mo\u017cliwo\u015bci regulacji wysoko\u015bci blatu, biurko ro\u015bnie razem z Twoim dzieckiem, zapewniaj\u0105c komfort u\u017cytkowania przez wiele lat.<\/p>\n","image":"https:\/\/inmondo.pl\/wp-content\/uploads\/2020\/06\/2019_09_INMONDO_PACKSHOTY-19846_kolor_small-1.gif"},{"acf_fc_layout":"section_woocommerce_text_image","is_active":true,"anchor":"","text_align":"textAlign--right","grid_width":"main","wysiwyg":"<h4>Oto dlaczego biurko Funflex jest idealnym towarzyszem w\u00a0podr\u00f3\u017cy po\u00a0edukacyjnym \u015bwiecie:<\/h4>\n<p><strong>Regulowana Wysoko\u015b\u0107 Blatu<\/strong>: Dzi\u0119ki temu biurko ro\u015bnie razem z Twoim dzieckiem! Bez wzgl\u0119du na wiek &#8211; idealne dla najm\u0142odszych i tych troch\u0119 starszych dzieci.<\/p>\n<p><strong>Cztery Praktyczne Szufladki<\/strong>: Zawsze w\u00a0zasi\u0119gu r\u0119ki! Bez problemu pomieszcz\u0105 wszelkie skarby: kolorowe kredki, zeszyty, i\u00a0inne niezb\u0119dne przybory do\u00a0szko\u0142y.<\/p>\n<p><strong>Szybki Monta\u017c<\/strong>: Bo\u00a0zasady rodzicielskiego \u017cycia s\u0105 proste &#8211; im \u0142atwiej, tym lepiej! Otrzymasz biurko w\u00a0pe\u0142ni skr\u0119cone z\u00a0szufladami, wystarczy tylko przymocowa\u0107 n\u00f3\u017cki na\u00a0preferowanej wysoko\u015bci.<\/p>\n<p>Gotowe do\u00a0u\u017cywania!<\/p>\n<p>&nbsp;<\/p>\n<p>&nbsp;<\/p>\n<h3>Solidne Wykonanie i Praktyczno\u015b\u0107<\/h3>\n<p>Solidny blat biurka wykonany z wysokiej jako\u015bci drewna brzozowego, cztery pojemne szuflady oraz drewniane nogi zapewniaj\u0105 trwa\u0142o\u015b\u0107 i stabilno\u015b\u0107. Szuflady s\u0105 idealne do przechowywania przybor\u00f3w szkolnych, zabawek i innych niezb\u0119dnych rzeczy, pomagaj\u0105c utrzyma\u0107 porz\u0105dek na biurku.<\/p>\n<h3>Klasyczne Kolory<\/h3>\n<p>Biurko dost\u0119pne jest w dw\u00f3ch ponadczasowych kolorach: bia\u0142ym i szarym.<\/p>\n<p>Oba warianty kolorystyczne doskonale komponuj\u0105 si\u0119 z r\u00f3\u017cnymi stylami wn\u0119trz, dodaj\u0105c elegancji i harmonii do dzieci\u0119cego pokoju.<\/p>\n","image":"https:\/\/inmondo.pl\/wp-content\/uploads\/2024\/11\/mini_DSC03994.jpg"},{"acf_fc_layout":"section_woocommerce_text_image","is_active":true,"anchor":"","text_align":"textAlign--left","grid_width":"main","wysiwyg":"<p>Je\u017celi Twoje dziecko potrzebuje wi\u0119cej miejsca do\u00a0przechowywania przybor\u00f3w szkolnych, idealnym uzupe\u0142nieniem b\u0119dzie dedykowany <strong><a href=\"http:\/\/inmondo.pl\/sklep\/elementy\/kontenerek-pod-biurko\/\">kontenerek<\/a> <\/strong>pod\u00a0biurko.<\/p>\n","image":"https:\/\/inmondo.pl\/wp-content\/uploads\/2022\/11\/2022_09_INMONDO_GROW_8143-scaled.jpg"},{"acf_fc_layout":"section_woocommerce_text_image","is_active":true,"anchor":"","text_align":"textAlign--left","grid_width":"main","wysiwyg":"<p>Wygodne i\u00a0funkcjonalne biurko to niezb\u0119dny element pokoju dzieci\u0119cego. Nie wiesz jaka wysoko\u015b\u0107 blatu roboczego jest odpowiednia dla\u00a0Twojego dziecka? Obok\u00a0zamieszczamy tabel\u0119 kt\u00f3ra rozwieje w\u0105tpliwo\u015bci\u00a0\ud83d\ude42<\/p>\n","image":"https:\/\/inmondo.pl\/wp-content\/uploads\/2022\/06\/Jak-dobrac-wysokosc-biurka-1.jpg"},{"acf_fc_layout":"section_woocommerce_lookbook","is_active":true,"anchor":"lookbook","header":"<h2 style=\"text-align: center;\">Zobacz galeri\u0119 Funflex:<\/h2>\n<p style=\"text-align: center;\">Nasz lookbook pokazuje tylko wybrane z\u00a0setek mo\u017cliwo\u015bci, jakie daj\u0105 meble Funflex. U\u017cyj ich, jak tylko sobie wymarzysz:<\/p>\n","repeater":[{"shortcode":"[woocommerce_lookbook id=\"1350\"]"},{"shortcode":"[woocommerce_lookbook id=\"1642\"]"},{"shortcode":"[woocommerce_lookbook id=\"1345\"]"}]},{"acf_fc_layout":"section_woocommerce_opinions","is_active":true,"anchor":"opinie"},{"acf_fc_layout":"section_woocommerce_otherFromCategory","is_active":true,"anchor":"inneprodukty"}],"czas_realizacji":""},"yoast_head":"<!-- This site is optimized with the Yoast SEO plugin v27.3 - https:\/\/yoast.com\/product\/yoast-seo-wordpress\/ -->\n<title>Biurko z regulacj\u0105 wysoko\u015bci - Funflex - Inmondo<\/title>\n<meta name=\"description\" content=\"Regulowane drewniane biurko dzieci\u0119ce z czterema pojemnymi szufladami. Dost\u0119pne w bia\u0142ym i szarym kolorze. Idealne jako pierwsze biurko dla dziecka.\" \/>\n<meta name=\"robots\" content=\"index, follow, max-snippet:-1, max-image-preview:large, max-video-preview:-1\" \/>\n<link rel=\"canonical\" href=\"https:\/\/inmondo.pl\/de\/sklep\/elementy\/biurka\/schreibtisch\/\" \/>\n<meta property=\"og:locale\" content=\"de_DE\" \/>\n<meta property=\"og:type\" content=\"article\" \/>\n<meta property=\"og:title\" content=\"Biurko z regulacj\u0105 wysoko\u015bci - Funflex - Inmondo\" \/>\n<meta property=\"og:description\" content=\"Regulowane drewniane biurko dzieci\u0119ce z czterema pojemnymi szufladami. Dost\u0119pne w bia\u0142ym i szarym kolorze. Idealne jako pierwsze biurko dla dziecka.\" \/>\n<meta property=\"og:url\" content=\"https:\/\/inmondo.pl\/de\/sklep\/elementy\/biurka\/schreibtisch\/\" \/>\n<meta property=\"og:site_name\" content=\"Inmondo\" \/>\n<meta property=\"article:modified_time\" content=\"2026-04-16T10:30:07+00:00\" \/>\n<meta property=\"og:image\" content=\"https:\/\/inmondo.pl\/wp-content\/uploads\/2020\/06\/2019_09_INMONDO_PACKSHOTY-19896_small.jpg\" \/>\n\t<meta property=\"og:image:width\" content=\"960\" \/>\n\t<meta property=\"og:image:height\" content=\"960\" \/>\n\t<meta property=\"og:image:type\" content=\"image\/jpeg\" \/>\n<meta name=\"twitter:card\" content=\"summary_large_image\" \/>\n<meta name=\"twitter:label1\" content=\"Gesch\u00e4tzte Lesezeit\" \/>\n\t<meta name=\"twitter:data1\" content=\"4\u00a0Minuten\" \/>\n<script type=\"application\/ld+json\" class=\"yoast-schema-graph\">{\"@context\":\"https:\\\/\\\/schema.org\",\"@graph\":[{\"@type\":\"WebPage\",\"@id\":\"https:\\\/\\\/inmondo.pl\\\/sklep\\\/elementy\\\/biurka\\\/biurko-funflex-inmondo\\\/\",\"url\":\"https:\\\/\\\/inmondo.pl\\\/sklep\\\/elementy\\\/biurka\\\/biurko-funflex-inmondo\\\/\",\"name\":\"Biurko z regulacj\u0105 wysoko\u015bci - Funflex - Inmondo\",\"isPartOf\":{\"@id\":\"https:\\\/\\\/inmondo.pl\\\/#website\"},\"primaryImageOfPage\":{\"@id\":\"https:\\\/\\\/inmondo.pl\\\/sklep\\\/elementy\\\/biurka\\\/biurko-funflex-inmondo\\\/#primaryimage\"},\"image\":{\"@id\":\"https:\\\/\\\/inmondo.pl\\\/sklep\\\/elementy\\\/biurka\\\/biurko-funflex-inmondo\\\/#primaryimage\"},\"thumbnailUrl\":\"https:\\\/\\\/inmondo.pl\\\/wp-content\\\/uploads\\\/2020\\\/06\\\/2019_09_INMONDO_PACKSHOTY-19896_small.jpg\",\"datePublished\":\"2020-06-16T09:46:02+00:00\",\"dateModified\":\"2026-04-16T10:30:07+00:00\",\"description\":\"Regulowane drewniane biurko dzieci\u0119ce z czterema pojemnymi szufladami. Dost\u0119pne w bia\u0142ym i szarym kolorze. Idealne jako pierwsze biurko dla dziecka.\",\"breadcrumb\":{\"@id\":\"https:\\\/\\\/inmondo.pl\\\/sklep\\\/elementy\\\/biurka\\\/biurko-funflex-inmondo\\\/#breadcrumb\"},\"inLanguage\":\"de\",\"potentialAction\":[{\"@type\":\"ReadAction\",\"target\":[\"https:\\\/\\\/inmondo.pl\\\/sklep\\\/elementy\\\/biurka\\\/biurko-funflex-inmondo\\\/\"]}]},{\"@type\":\"ImageObject\",\"inLanguage\":\"de\",\"@id\":\"https:\\\/\\\/inmondo.pl\\\/sklep\\\/elementy\\\/biurka\\\/biurko-funflex-inmondo\\\/#primaryimage\",\"url\":\"https:\\\/\\\/inmondo.pl\\\/wp-content\\\/uploads\\\/2020\\\/06\\\/2019_09_INMONDO_PACKSHOTY-19896_small.jpg\",\"contentUrl\":\"https:\\\/\\\/inmondo.pl\\\/wp-content\\\/uploads\\\/2020\\\/06\\\/2019_09_INMONDO_PACKSHOTY-19896_small.jpg\",\"width\":960,\"height\":960,\"caption\":\"biurko drewniane\"},{\"@type\":\"BreadcrumbList\",\"@id\":\"https:\\\/\\\/inmondo.pl\\\/sklep\\\/elementy\\\/biurka\\\/biurko-funflex-inmondo\\\/#breadcrumb\",\"itemListElement\":[{\"@type\":\"ListItem\",\"position\":1,\"name\":\"Strona g\u0142\u00f3wna\",\"item\":\"https:\\\/\\\/inmondo.pl\\\/\"},{\"@type\":\"ListItem\",\"position\":2,\"name\":\"Oferta Inmondo: spe\u0142niamy marzenia i wymagania\",\"item\":\"https:\\\/\\\/inmondo.pl\\\/sklep\\\/\"},{\"@type\":\"ListItem\",\"position\":3,\"name\":\"kolekcje\",\"item\":\"https:\\\/\\\/inmondo.pl\\\/de\\\/sklep\\\/kolekcje\\\/\"},{\"@type\":\"ListItem\",\"position\":4,\"name\":\"Biurko z regulacj\u0105 wysoko\u015bci &#8211; Funflex\"}]},{\"@type\":\"WebSite\",\"@id\":\"https:\\\/\\\/inmondo.pl\\\/#website\",\"url\":\"https:\\\/\\\/inmondo.pl\\\/\",\"name\":\"Inmondo\",\"description\":\"\",\"potentialAction\":[{\"@type\":\"SearchAction\",\"target\":{\"@type\":\"EntryPoint\",\"urlTemplate\":\"https:\\\/\\\/inmondo.pl\\\/?s={search_term_string}\"},\"query-input\":{\"@type\":\"PropertyValueSpecification\",\"valueRequired\":true,\"valueName\":\"search_term_string\"}}],\"inLanguage\":\"de\"}]}<\/script>\n<!-- \/ Yoast SEO plugin. -->","yoast_head_json":{"title":"H\u00f6henverstellbarer Schreibtisch - Funflex - Inmondo","description":"Verstellbarer Kinderschreibtisch aus Holz mit vier ger\u00e4umigen Schubladen. Erh\u00e4ltlich in Wei\u00df und Grau. Ideal als erster Schreibtisch f\u00fcr ein Kind.","robots":{"index":"index","follow":"follow","max-snippet":"max-snippet:-1","max-image-preview":"max-image-preview:large","max-video-preview":"max-video-preview:-1"},"canonical":"https:\/\/inmondo.pl\/de\/sklep\/elementy\/biurka\/schreibtisch\/","og_locale":"de_DE","og_type":"article","og_title":"Biurko z regulacj\u0105 wysoko\u015bci - Funflex - Inmondo","og_description":"Regulowane drewniane biurko dzieci\u0119ce z czterema pojemnymi szufladami. Dost\u0119pne w bia\u0142ym i szarym kolorze. Idealne jako pierwsze biurko dla dziecka.","og_url":"https:\/\/inmondo.pl\/de\/sklep\/elementy\/biurka\/schreibtisch\/","og_site_name":"Inmondo","article_modified_time":"2026-04-16T10:30:07+00:00","og_image":[{"width":960,"height":960,"url":"https:\/\/inmondo.pl\/wp-content\/uploads\/2020\/06\/2019_09_INMONDO_PACKSHOTY-19896_small.jpg","type":"image\/jpeg"}],"twitter_card":"summary_large_image","twitter_misc":{"Gesch\u00e4tzte Lesezeit":"4\u00a0Minuten"},"schema":{"@context":"https:\/\/schema.org","@graph":[{"@type":"WebPage","@id":"https:\/\/inmondo.pl\/sklep\/elementy\/biurka\/biurko-funflex-inmondo\/","url":"https:\/\/inmondo.pl\/sklep\/elementy\/biurka\/biurko-funflex-inmondo\/","name":"H\u00f6henverstellbarer Schreibtisch - Funflex - Inmondo","isPartOf":{"@id":"https:\/\/inmondo.pl\/#website"},"primaryImageOfPage":{"@id":"https:\/\/inmondo.pl\/sklep\/elementy\/biurka\/biurko-funflex-inmondo\/#primaryimage"},"image":{"@id":"https:\/\/inmondo.pl\/sklep\/elementy\/biurka\/biurko-funflex-inmondo\/#primaryimage"},"thumbnailUrl":"https:\/\/inmondo.pl\/wp-content\/uploads\/2020\/06\/2019_09_INMONDO_PACKSHOTY-19896_small.jpg","datePublished":"2020-06-16T09:46:02+00:00","dateModified":"2026-04-16T10:30:07+00:00","description":"Verstellbarer Kinderschreibtisch aus Holz mit vier ger\u00e4umigen Schubladen. Erh\u00e4ltlich in Wei\u00df und Grau. Ideal als erster Schreibtisch f\u00fcr ein Kind.","breadcrumb":{"@id":"https:\/\/inmondo.pl\/sklep\/elementy\/biurka\/biurko-funflex-inmondo\/#breadcrumb"},"inLanguage":"de","potentialAction":[{"@type":"ReadAction","target":["https:\/\/inmondo.pl\/sklep\/elementy\/biurka\/biurko-funflex-inmondo\/"]}]},{"@type":"ImageObject","inLanguage":"de","@id":"https:\/\/inmondo.pl\/sklep\/elementy\/biurka\/biurko-funflex-inmondo\/#primaryimage","url":"https:\/\/inmondo.pl\/wp-content\/uploads\/2020\/06\/2019_09_INMONDO_PACKSHOTY-19896_small.jpg","contentUrl":"https:\/\/inmondo.pl\/wp-content\/uploads\/2020\/06\/2019_09_INMONDO_PACKSHOTY-19896_small.jpg","width":960,"height":960,"caption":"biurko drewniane"},{"@type":"BreadcrumbList","@id":"https:\/\/inmondo.pl\/sklep\/elementy\/biurka\/biurko-funflex-inmondo\/#breadcrumb","itemListElement":[{"@type":"ListItem","position":1,"name":"Strona g\u0142\u00f3wna","item":"https:\/\/inmondo.pl\/"},{"@type":"ListItem","position":2,"name":"Oferta Inmondo: spe\u0142niamy marzenia i wymagania","item":"https:\/\/inmondo.pl\/sklep\/"},{"@type":"ListItem","position":3,"name":"kolekcje","item":"https:\/\/inmondo.pl\/de\/sklep\/kolekcje\/"},{"@type":"ListItem","position":4,"name":"Biurko z regulacj\u0105 wysoko\u015bci &#8211; Funflex"}]},{"@type":"WebSite","@id":"https:\/\/inmondo.pl\/#website","url":"https:\/\/inmondo.pl\/","name":"Inmondo","description":"","potentialAction":[{"@type":"SearchAction","target":{"@type":"EntryPoint","urlTemplate":"https:\/\/inmondo.pl\/?s={search_term_string}"},"query-input":{"@type":"PropertyValueSpecification","valueRequired":true,"valueName":"search_term_string"}}],"inLanguage":"de"}]}},"wcpa_form_fields":null,"_links":{"self":[{"href":"https:\/\/inmondo.pl\/de\/wp-json\/wp\/v2\/product\/859","targetHints":{"allow":["GET"]}}],"collection":[{"href":"https:\/\/inmondo.pl\/de\/wp-json\/wp\/v2\/product"}],"about":[{"href":"https:\/\/inmondo.pl\/de\/wp-json\/wp\/v2\/types\/product"}],"replies":[{"embeddable":true,"href":"https:\/\/inmondo.pl\/de\/wp-json\/wp\/v2\/comments?post=859"}],"wp:featuredmedia":[{"embeddable":true,"href":"https:\/\/inmondo.pl\/de\/wp-json\/wp\/v2\/media\/656"}],"wp:attachment":[{"href":"https:\/\/inmondo.pl\/de\/wp-json\/wp\/v2\/media?parent=859"}],"wp:term":[{"taxonomy":"product_brand","embeddable":true,"href":"https:\/\/inmondo.pl\/de\/wp-json\/wp\/v2\/product_brand?post=859"},{"taxonomy":"product_cat","embeddable":true,"href":"https:\/\/inmondo.pl\/de\/wp-json\/wp\/v2\/product_cat?post=859"},{"taxonomy":"product_tag","embeddable":true,"href":"https:\/\/inmondo.pl\/de\/wp-json\/wp\/v2\/product_tag?post=859"}],"curies":[{"name":"wp","href":"https:\/\/api.w.org\/{rel}","templated":true}]}}