{"id":7662,"date":"2023-11-23T16:22:40","date_gmt":"2023-11-23T15:22:40","guid":{"rendered":"https:\/\/inmondo.pl\/?post_type=product&#038;p=7662"},"modified":"2024-08-01T14:05:55","modified_gmt":"2024-08-01T12:05:55","slug":"poduszka-gwiazdka","status":"publish","type":"product","link":"https:\/\/inmondo.pl\/de\/sklep\/elementy\/akcesoria\/poduszka-gwiazdka\/","title":{"rendered":"Stern-Kissen"},"content":{"rendered":"","protected":false},"excerpt":{"rendered":"<p>W\u00e4re es nicht wunderbar, unsere Kleinen mit kuscheliger W\u00e4rme und Weichheit zu umgeben?<\/p>\n<p>Unser dekoratives Kissen in Form eines niedlichen Sterns aus Boucle-Stoff, auch bekannt als Lamm, ist nicht nur dekorativ, sondern auch der perfekte Begleiter f\u00fcr die Entspannungs- und Schlafmomente Ihrer Kleinen.<\/p>\n<p>Der Stern ist nicht nur ein Symbol der Nacht, sondern auch ein magisches Element, das einen Hauch von Abenteuer und m\u00e4rchenhaftem Charme in ein Kinderzimmer bringt.<\/p>\n<p>&nbsp;<\/p>\n<p>&nbsp;<\/p>\n<p>Bringen Sie einen Hauch von Magie und Charme in das Zimmer Ihres Kindes mit unserem sternf\u00f6rmigen Kissen.<\/p>","protected":false},"featured_media":8228,"comment_status":"open","ping_status":"closed","template":"","meta":{"_acf_changed":true},"product_brand":[],"product_cat":[32,50],"product_tag":[],"class_list":{"0":"post-7662","1":"product","2":"type-product","3":"status-publish","4":"has-post-thumbnail","6":"product_shipping_class-maly-gabaryt","7":"product_cat-akcesoria","8":"product_cat-dodatki","10":"first","11":"instock","12":"taxable","13":"shipping-taxable","14":"purchasable","15":"product-type-simple"},"acf":{"sections_woocommerce":[{"acf_fc_layout":"section_menu","is_active":true,"repeater":[{"text":"Opis","link":"#opis"}]},{"acf_fc_layout":"section_woocommerce_text_image","is_active":true,"anchor":"Opis","text_align":"textAlign--left","grid_width":"main","wysiwyg":"<h3><strong>Poduszka Gwiazdka &#8211; Cechy produktu:<\/strong><\/h3>\n<p><strong>Mi\u0119kko\u015b\u0107 i\u00a0Delikatno\u015b\u0107:<\/strong> Wykonana z\u00a0najwy\u017cszej jako\u015bci materia\u0142u, nasza poduszka jest niezwykle mi\u0119kka i\u00a0delikatna dla\u00a0sk\u00f3ry dziecka. Zapewnia ona komfort w\u00a0czasie drzemki, karmienia czy\u00a0zabawy na\u00a0dywanie.<\/p>\n<p><strong>Uroczy Design:<\/strong> Kszta\u0142t gwiazdki doda wn\u0119trzu dzieci\u0119cego pokoju niepowtarzalnego uroku. To nie tylko poduszka, ale\u00a0tak\u017ce element dekoracyjny, kt\u00f3ry o\u017cywi przestrze\u0144 i\u00a0wprowadzi do\u00a0niej magiczn\u0105 atmosfer\u0119.<\/p>\n<p><strong>Bezpiecze\u0144stwo Dla\u00a0Maluszka:<\/strong> Bezpiecze\u0144stwo dziecka jest dla\u00a0nas priorytetem. Poduszka zosta\u0142a starannie zaprojektowana z\u00a0my\u015bl\u0105 o\u00a0maluchach, nie zawiera \u017cadnych szkodliwych substancji, a\u00a0jej wymiary s\u0105 dostosowane do\u00a0potrzeb najm\u0142odszych.<\/p>\n<p><strong>Doskona\u0142y Prezent:<\/strong> Szukasz idealnego prezentu dla\u00a0przyjaciela, kt\u00f3ry niedawno zosta\u0142 rodzicem? Nasza dekoracyjna poduszka w\u00a0kszta\u0142cie gwiazdki z\u00a0baranka to uniwersalny prezent, kt\u00f3ry z\u00a0pewno\u015bci\u0105 dostarczy rado\u015b\u0107 zar\u00f3wno maluchowi, jak i\u00a0jego rodzicom.<\/p>\n","image":"https:\/\/inmondo.pl\/wp-content\/uploads\/2023\/11\/1700677134581-scaled.jpg"}],"wymiary":"","materialy":"tkanina: boucle<br \/>\r\nkolor: Bia\u0142y \/ kremowy"},"yoast_head":"<!-- This site is optimized with the Yoast SEO plugin v27.3 - https:\/\/yoast.com\/product\/yoast-seo-wordpress\/ -->\n<title>Poduszka Gwiazdka - Inmondo<\/title>\n<meta name=\"description\" content=\"Urocza poduszka gwiazdka, idealna do pokoju dzieci\u0119cego. Mi\u0119kka, wygodna i doskona\u0142a jako dekoracja. Dodaj magii do wn\u0119trza Twojego dziecka!\" \/>\n<meta name=\"robots\" content=\"index, follow, max-snippet:-1, max-image-preview:large, max-video-preview:-1\" \/>\n<link rel=\"canonical\" href=\"http:\/\/inmondo.pl\/de\/sklep\/elementy\/akcesoria\/poduszka-gwiazdka\/\" \/>\n<meta property=\"og:locale\" content=\"de_DE\" \/>\n<meta property=\"og:type\" content=\"article\" \/>\n<meta property=\"og:title\" content=\"Poduszka Gwiazdka - Inmondo\" \/>\n<meta property=\"og:description\" content=\"Urocza poduszka gwiazdka, idealna do pokoju dzieci\u0119cego. Mi\u0119kka, wygodna i doskona\u0142a jako dekoracja. Dodaj magii do wn\u0119trza Twojego dziecka!\" \/>\n<meta property=\"og:url\" content=\"http:\/\/inmondo.pl\/de\/sklep\/elementy\/akcesoria\/poduszka-gwiazdka\/\" \/>\n<meta property=\"og:site_name\" content=\"Inmondo\" \/>\n<meta property=\"article:modified_time\" content=\"2024-08-01T12:05:55+00:00\" \/>\n<meta property=\"og:image\" content=\"http:\/\/inmondo.pl\/wp-content\/uploads\/2024\/07\/IMG_6226-scaled.jpg\" \/>\n\t<meta property=\"og:image:width\" content=\"1440\" \/>\n\t<meta property=\"og:image:height\" content=\"1920\" \/>\n\t<meta property=\"og:image:type\" content=\"image\/jpeg\" \/>\n<meta name=\"twitter:card\" content=\"summary_large_image\" \/>\n<meta name=\"twitter:label1\" content=\"Gesch\u00e4tzte Lesezeit\" \/>\n\t<meta name=\"twitter:data1\" content=\"2\u00a0Minuten\" \/>\n<script type=\"application\/ld+json\" class=\"yoast-schema-graph\">{\"@context\":\"https:\\\/\\\/schema.org\",\"@graph\":[{\"@type\":\"WebPage\",\"@id\":\"http:\\\/\\\/inmondo.pl\\\/en\\\/sklep\\\/elementy\\\/akcesoria\\\/poduszka-gwiazdka\\\/\",\"url\":\"http:\\\/\\\/inmondo.pl\\\/en\\\/sklep\\\/elementy\\\/akcesoria\\\/poduszka-gwiazdka\\\/\",\"name\":\"Poduszka Gwiazdka - Inmondo\",\"isPartOf\":{\"@id\":\"https:\\\/\\\/inmondo.pl\\\/#website\"},\"primaryImageOfPage\":{\"@id\":\"http:\\\/\\\/inmondo.pl\\\/en\\\/sklep\\\/elementy\\\/akcesoria\\\/poduszka-gwiazdka\\\/#primaryimage\"},\"image\":{\"@id\":\"http:\\\/\\\/inmondo.pl\\\/en\\\/sklep\\\/elementy\\\/akcesoria\\\/poduszka-gwiazdka\\\/#primaryimage\"},\"thumbnailUrl\":\"https:\\\/\\\/inmondo.pl\\\/wp-content\\\/uploads\\\/2024\\\/07\\\/IMG_6226-scaled.jpg\",\"datePublished\":\"2023-11-23T15:22:40+00:00\",\"dateModified\":\"2024-08-01T12:05:55+00:00\",\"description\":\"Urocza poduszka gwiazdka, idealna do pokoju dzieci\u0119cego. Mi\u0119kka, wygodna i doskona\u0142a jako dekoracja. Dodaj magii do wn\u0119trza Twojego dziecka!\",\"breadcrumb\":{\"@id\":\"http:\\\/\\\/inmondo.pl\\\/en\\\/sklep\\\/elementy\\\/akcesoria\\\/poduszka-gwiazdka\\\/#breadcrumb\"},\"inLanguage\":\"de\",\"potentialAction\":[{\"@type\":\"ReadAction\",\"target\":[\"http:\\\/\\\/inmondo.pl\\\/en\\\/sklep\\\/elementy\\\/akcesoria\\\/poduszka-gwiazdka\\\/\"]}]},{\"@type\":\"ImageObject\",\"inLanguage\":\"de\",\"@id\":\"http:\\\/\\\/inmondo.pl\\\/en\\\/sklep\\\/elementy\\\/akcesoria\\\/poduszka-gwiazdka\\\/#primaryimage\",\"url\":\"https:\\\/\\\/inmondo.pl\\\/wp-content\\\/uploads\\\/2024\\\/07\\\/IMG_6226-scaled.jpg\",\"contentUrl\":\"https:\\\/\\\/inmondo.pl\\\/wp-content\\\/uploads\\\/2024\\\/07\\\/IMG_6226-scaled.jpg\",\"width\":1440,\"height\":1920},{\"@type\":\"BreadcrumbList\",\"@id\":\"http:\\\/\\\/inmondo.pl\\\/en\\\/sklep\\\/elementy\\\/akcesoria\\\/poduszka-gwiazdka\\\/#breadcrumb\",\"itemListElement\":[{\"@type\":\"ListItem\",\"position\":1,\"name\":\"Strona g\u0142\u00f3wna\",\"item\":\"https:\\\/\\\/inmondo.pl\\\/\"},{\"@type\":\"ListItem\",\"position\":2,\"name\":\"Oferta Inmondo: spe\u0142niamy marzenia i wymagania\",\"item\":\"https:\\\/\\\/inmondo.pl\\\/sklep\\\/\"},{\"@type\":\"ListItem\",\"position\":3,\"name\":\"kolekcje\",\"item\":\"https:\\\/\\\/inmondo.pl\\\/de\\\/sklep\\\/kolekcje\\\/\"},{\"@type\":\"ListItem\",\"position\":4,\"name\":\"Dodatki\",\"item\":\"https:\\\/\\\/inmondo.pl\\\/de\\\/sklep\\\/kolekcje\\\/additive\\\/\"},{\"@type\":\"ListItem\",\"position\":5,\"name\":\"Poduszka Gwiazdka\"}]},{\"@type\":\"WebSite\",\"@id\":\"https:\\\/\\\/inmondo.pl\\\/#website\",\"url\":\"https:\\\/\\\/inmondo.pl\\\/\",\"name\":\"Inmondo\",\"description\":\"\",\"potentialAction\":[{\"@type\":\"SearchAction\",\"target\":{\"@type\":\"EntryPoint\",\"urlTemplate\":\"https:\\\/\\\/inmondo.pl\\\/?s={search_term_string}\"},\"query-input\":{\"@type\":\"PropertyValueSpecification\",\"valueRequired\":true,\"valueName\":\"search_term_string\"}}],\"inLanguage\":\"de\"}]}<\/script>\n<!-- \/ Yoast SEO plugin. -->","yoast_head_json":{"title":"Star-Kissen - Inmondo","description":"Ein bezauberndes Sternenkissen, perfekt f\u00fcr ein Kinderzimmer. Weich, bequem und perfekt als Dekoration. Bringen Sie Magie in die Einrichtung Ihres Kindes!","robots":{"index":"index","follow":"follow","max-snippet":"max-snippet:-1","max-image-preview":"max-image-preview:large","max-video-preview":"max-video-preview:-1"},"canonical":"http:\/\/inmondo.pl\/de\/sklep\/elementy\/akcesoria\/poduszka-gwiazdka\/","og_locale":"de_DE","og_type":"article","og_title":"Poduszka Gwiazdka - Inmondo","og_description":"Urocza poduszka gwiazdka, idealna do pokoju dzieci\u0119cego. Mi\u0119kka, wygodna i doskona\u0142a jako dekoracja. Dodaj magii do wn\u0119trza Twojego dziecka!","og_url":"http:\/\/inmondo.pl\/de\/sklep\/elementy\/akcesoria\/poduszka-gwiazdka\/","og_site_name":"Inmondo","article_modified_time":"2024-08-01T12:05:55+00:00","og_image":[{"width":1440,"height":1920,"url":"http:\/\/inmondo.pl\/wp-content\/uploads\/2024\/07\/IMG_6226-scaled.jpg","type":"image\/jpeg"}],"twitter_card":"summary_large_image","twitter_misc":{"Gesch\u00e4tzte Lesezeit":"2\u00a0Minuten"},"schema":{"@context":"https:\/\/schema.org","@graph":[{"@type":"WebPage","@id":"http:\/\/inmondo.pl\/en\/sklep\/elementy\/akcesoria\/poduszka-gwiazdka\/","url":"http:\/\/inmondo.pl\/en\/sklep\/elementy\/akcesoria\/poduszka-gwiazdka\/","name":"Star-Kissen - Inmondo","isPartOf":{"@id":"https:\/\/inmondo.pl\/#website"},"primaryImageOfPage":{"@id":"http:\/\/inmondo.pl\/en\/sklep\/elementy\/akcesoria\/poduszka-gwiazdka\/#primaryimage"},"image":{"@id":"http:\/\/inmondo.pl\/en\/sklep\/elementy\/akcesoria\/poduszka-gwiazdka\/#primaryimage"},"thumbnailUrl":"https:\/\/inmondo.pl\/wp-content\/uploads\/2024\/07\/IMG_6226-scaled.jpg","datePublished":"2023-11-23T15:22:40+00:00","dateModified":"2024-08-01T12:05:55+00:00","description":"Ein bezauberndes Sternenkissen, perfekt f\u00fcr ein Kinderzimmer. Weich, bequem und perfekt als Dekoration. Bringen Sie Magie in die Einrichtung Ihres Kindes!","breadcrumb":{"@id":"http:\/\/inmondo.pl\/en\/sklep\/elementy\/akcesoria\/poduszka-gwiazdka\/#breadcrumb"},"inLanguage":"de","potentialAction":[{"@type":"ReadAction","target":["http:\/\/inmondo.pl\/en\/sklep\/elementy\/akcesoria\/poduszka-gwiazdka\/"]}]},{"@type":"ImageObject","inLanguage":"de","@id":"http:\/\/inmondo.pl\/en\/sklep\/elementy\/akcesoria\/poduszka-gwiazdka\/#primaryimage","url":"https:\/\/inmondo.pl\/wp-content\/uploads\/2024\/07\/IMG_6226-scaled.jpg","contentUrl":"https:\/\/inmondo.pl\/wp-content\/uploads\/2024\/07\/IMG_6226-scaled.jpg","width":1440,"height":1920},{"@type":"BreadcrumbList","@id":"http:\/\/inmondo.pl\/en\/sklep\/elementy\/akcesoria\/poduszka-gwiazdka\/#breadcrumb","itemListElement":[{"@type":"ListItem","position":1,"name":"Strona g\u0142\u00f3wna","item":"https:\/\/inmondo.pl\/"},{"@type":"ListItem","position":2,"name":"Oferta Inmondo: spe\u0142niamy marzenia i wymagania","item":"https:\/\/inmondo.pl\/sklep\/"},{"@type":"ListItem","position":3,"name":"kolekcje","item":"https:\/\/inmondo.pl\/de\/sklep\/kolekcje\/"},{"@type":"ListItem","position":4,"name":"Dodatki","item":"https:\/\/inmondo.pl\/de\/sklep\/kolekcje\/additive\/"},{"@type":"ListItem","position":5,"name":"Poduszka Gwiazdka"}]},{"@type":"WebSite","@id":"https:\/\/inmondo.pl\/#website","url":"https:\/\/inmondo.pl\/","name":"Inmondo","description":"","potentialAction":[{"@type":"SearchAction","target":{"@type":"EntryPoint","urlTemplate":"https:\/\/inmondo.pl\/?s={search_term_string}"},"query-input":{"@type":"PropertyValueSpecification","valueRequired":true,"valueName":"search_term_string"}}],"inLanguage":"de"}]}},"wcpa_form_fields":null,"_links":{"self":[{"href":"https:\/\/inmondo.pl\/de\/wp-json\/wp\/v2\/product\/7662","targetHints":{"allow":["GET"]}}],"collection":[{"href":"https:\/\/inmondo.pl\/de\/wp-json\/wp\/v2\/product"}],"about":[{"href":"https:\/\/inmondo.pl\/de\/wp-json\/wp\/v2\/types\/product"}],"replies":[{"embeddable":true,"href":"https:\/\/inmondo.pl\/de\/wp-json\/wp\/v2\/comments?post=7662"}],"wp:featuredmedia":[{"embeddable":true,"href":"https:\/\/inmondo.pl\/de\/wp-json\/wp\/v2\/media\/8228"}],"wp:attachment":[{"href":"https:\/\/inmondo.pl\/de\/wp-json\/wp\/v2\/media?parent=7662"}],"wp:term":[{"taxonomy":"product_brand","embeddable":true,"href":"https:\/\/inmondo.pl\/de\/wp-json\/wp\/v2\/product_brand?post=7662"},{"taxonomy":"product_cat","embeddable":true,"href":"https:\/\/inmondo.pl\/de\/wp-json\/wp\/v2\/product_cat?post=7662"},{"taxonomy":"product_tag","embeddable":true,"href":"https:\/\/inmondo.pl\/de\/wp-json\/wp\/v2\/product_tag?post=7662"}],"curies":[{"name":"wp","href":"https:\/\/api.w.org\/{rel}","templated":true}]}}