{"id":7357,"date":"2023-09-11T14:04:51","date_gmt":"2023-09-11T12:04:51","guid":{"rendered":"https:\/\/inmondo.pl\/?post_type=product&#038;p=7357"},"modified":"2026-04-14T21:16:35","modified_gmt":"2026-04-14T19:16:35","slug":"dessi-ausziehbett-2","status":"publish","type":"product","link":"https:\/\/inmondo.pl\/de\/sklep\/elementy\/lozka\/dessi-ausziehbett-2\/","title":{"rendered":"DESSI ausziehbares Bett"},"content":{"rendered":"<p>Diese M\u00f6bel sind perfekt f\u00fcr alle, die Multifunktionalit\u00e4t, Minimalismus und skandinavische Eleganz sch\u00e4tzen. Seine universelle Form mit gefr\u00e4sten Paneelen zusammen mit Kissen kann ein funktionales Sofa schaffen, das jeden begeistern wird. Ben\u00f6tigen Sie ein Zustellbett? Ein Einzelbett, das bei Bedarf schnell in ein Doppelbett umgewandelt werden kann, ist perfekt, wenn Sie die Nacht eines unerwarteten Gastes verbringen m\u00fcssen. Und drei ger\u00e4umige Schubladen helfen bei der Organisation des Kinderzimmers.<\/p>\n<p>Das Bett ist perfekt gef\u00fcllt mit zwei Matratzen <a href=\"https:\/\/inmondo.pl\/de\/sklep\/elementy\/materace\/matratze-sonno\/\"><u>SONNO <\/u><\/a>- die ihr auch im Angebot des Stores findet \ud83d\ude42<\/p>","protected":false},"excerpt":{"rendered":"<p>Ein M\u00f6belst\u00fcck, ideal f\u00fcr alle, die Multifunktionalit\u00e4t, Minimalismus und skandinavische Eleganz sch\u00e4tzen. Seine universelle Form, die mit gefr\u00e4sten Paneelen verarbeitet ist, kann zusammen mit den Kissen ein funktionelles Sofa schaffen, das alle begeistern wird. Brauchen Sie zus\u00e4tzlichen Schlafplatz? Das Einzelbett, das Sie bei Bedarf schnell in ein Doppelbett umwandeln k\u00f6nnen, bietet Ihnen 180 cm Schlafplatz. Diese L\u00f6sung ist ideal, wenn Sie einen unerwarteten Gast beherbergen m\u00f6chten. Und die drei ger\u00e4umigen Schubladen helfen Ihnen, das Zimmer Ihres Kindes zu organisieren.<\/p>\n<p>Das Bett ist perfekt gef\u00fcllt mit zwei Matratzen <a href=\"https:\/\/inmondo.pl\/de\/sklep\/elementy\/materace\/matratze-sonno\/\"><u>SONNO <\/u><\/a>- die ihr auch im Angebot des Stores findet \ud83d\ude42<\/p>\n<p>&nbsp;<\/p>\n<p>&nbsp;<\/p>\n<h6><\/h6>","protected":false},"featured_media":821,"comment_status":"open","ping_status":"closed","template":"","meta":{"_acf_changed":false},"product_brand":[],"product_cat":[20,17,21,99,26],"product_tag":[],"class_list":{"0":"post-7357","1":"product","2":"type-product","3":"status-publish","4":"has-post-thumbnail","6":"product_cat-elementy","7":"product_cat-kolekcje","8":"product_cat-lozka","9":"product_cat-meble-dostepne","10":"product_cat-oferta-uzupelniajaca","12":"first","13":"instock","14":"sale","15":"taxable","16":"shipping-taxable","17":"purchasable","18":"product-type-variable","19":"has-default-attributes"},"acf":{"wymiary":"Szeroko\u015b\u0107: 213,5 cm<br \/>\r\nWysoko\u015b\u0107: 80 cm<br \/>\r\nG\u0142\u0119boko\u015b\u0107: 100.5-187 cm","materialy":"rama \u0142\u00f3\u017cka, nogi, listwy le\u017cyska- drewno sosnowe, panel frontowy, czo\u0142a szuflad- MDF, lakier wodny i&nbsp;wodny UV","sections_woocommerce":[{"acf_fc_layout":"section_menu","is_active":true,"repeater":[{"text":"Opis","link":"#opis"},{"text":"Lookbook","link":"#lookbook"},{"text":"Opinie","link":"#opinie"},{"text":"Inne produkty","link":"#inneprodukty"}]},{"acf_fc_layout":"section_woocommerce_text_image","is_active":true,"anchor":"opis","text_align":"textAlign--left","grid_width":"main","wysiwyg":"<p>Wyj\u0105tkowe wzory mebli, tworzone w\u00a0przekonaniu, \u017ce\u00a0ka\u017cde wn\u0119trze<br \/>\nmo\u017cna zaaran\u017cowa\u0107 w\u00a0pi\u0119kny spos\u00f3b, tworz\u0105c przestrze\u0144 nieprzeci\u0119tn\u0105<br \/>\n\u2013 wystarczy tylko troch\u0119 wyobra\u017ani. Wierzymy, \u017ce\u00a0wykorzystasz j\u0105 i\u00a0stworzysz pok\u00f3j swoich marze\u0144.<\/p>\n","image":"https:\/\/inmondo.pl\/wp-content\/uploads\/2020\/05\/2019_04_INMONDO_POK\u00d3J_DZIEWCZYNKI_5-135xxx20.jpg"},{"acf_fc_layout":"section_woocommerce_text_image","is_active":true,"anchor":"","text_align":"textAlign--right","grid_width":"main","wysiwyg":"<p>Tworz\u0105c nasze meble my\u015blimy nie tylko o\u00a0funkcjonalno\u015bci, ale\u00a0tak\u017ce o\u00a0bezpiecze\u0144stwie i\u00a0komforcie Twojego dziecka. Dlatego\u00a0wszystkie nasze meble s\u0105 lakierowane ekologicznymi farbami wodnymi. Drewno, z\u00a0kt\u00f3rych s\u0105 wykonane pochodzi z\u00a0certyfikowanych, dobrze zarz\u0105dzanych las\u00f3w.<\/p>\n","image":"https:\/\/inmondo.pl\/wp-content\/uploads\/2020\/06\/mini_IMG_0654.jpeg"},{"acf_fc_layout":"section_woocommerce_lookbook","is_active":true,"anchor":"lookbook","header":"<h2 style=\"text-align: center;\">Zobacz galeri\u0119 mebli uzupe\u0142niaj\u0105cych nasze kolekcje:<\/h2>\n<p style=\"text-align: center;\">Zapraszamy do\u00a0zapoznania si\u0119 z\u00a0kolekcj\u0105 uzupe\u0142niaj\u0105c\u0105. Wzbogacisz pok\u00f3j w\u00a0urocze elementy dodaj\u0105ce blasku twojemu wn\u0119trzu. Pokazujemy Ci tylko u\u0142amek mo\u017cliwo\u015bci&#8230; Zainspiruj si\u0119&#8230;<\/p>\n","repeater":[{"shortcode":"[woocommerce_lookbook id=\"1356\"]"},{"shortcode":"[woocommerce_lookbook id=\"1440\"]"},{"shortcode":"[woocommerce_lookbook id=\"1279\"]"}]},{"acf_fc_layout":"section_woocommerce_opinions","is_active":true,"anchor":"opinie"},{"acf_fc_layout":"section_woocommerce_otherFromCategory","is_active":true,"anchor":"inneprodukty"}],"czas_realizacji":""},"yoast_head":"<!-- This site is optimized with the Yoast SEO plugin v27.3 - https:\/\/yoast.com\/product\/yoast-seo-wordpress\/ -->\n<title>\u0141\u00f3\u017cko rozsuwane DESSI - Inmondo<\/title>\n<meta name=\"description\" content=\"Jakie \u0142\u00f3\u017cko wybra\u0107 do pokoju dziecka? Sprawd\u017a rozsuwane \u0142\u00f3\u017cko Dessi. W ci\u0105gu dnia wygodna kanapa, a po roz\u0142o\u017ceniu to, a\u017c 180 cm powierzchni do spania!\" \/>\n<meta name=\"robots\" content=\"index, follow, max-snippet:-1, max-image-preview:large, max-video-preview:-1\" \/>\n<link rel=\"canonical\" href=\"https:\/\/inmondo.pl\/de\/sklep\/elementy\/lozka\/dessi-ausziehbett-2\/\" \/>\n<meta property=\"og:locale\" content=\"de_DE\" \/>\n<meta property=\"og:type\" content=\"article\" \/>\n<meta property=\"og:title\" content=\"\u0141\u00f3\u017cko rozsuwane DESSI - Inmondo\" \/>\n<meta property=\"og:description\" content=\"Jakie \u0142\u00f3\u017cko wybra\u0107 do pokoju dziecka? Sprawd\u017a rozsuwane \u0142\u00f3\u017cko Dessi. W ci\u0105gu dnia wygodna kanapa, a po roz\u0142o\u017ceniu to, a\u017c 180 cm powierzchni do spania!\" \/>\n<meta property=\"og:url\" content=\"https:\/\/inmondo.pl\/de\/sklep\/elementy\/lozka\/dessi-ausziehbett-2\/\" \/>\n<meta property=\"og:site_name\" content=\"Inmondo\" \/>\n<meta property=\"article:modified_time\" content=\"2026-04-14T19:16:35+00:00\" \/>\n<meta property=\"og:image\" content=\"http:\/\/inmondo.pl\/wp-content\/uploads\/2020\/06\/2019_09_INMONDO_PACKSHOTY-19816v2_small-scaled.jpg\" \/>\n\t<meta property=\"og:image:width\" content=\"1920\" \/>\n\t<meta property=\"og:image:height\" content=\"1920\" \/>\n\t<meta property=\"og:image:type\" content=\"image\/jpeg\" \/>\n<meta name=\"twitter:card\" content=\"summary_large_image\" \/>\n<meta name=\"twitter:label1\" content=\"Gesch\u00e4tzte Lesezeit\" \/>\n\t<meta name=\"twitter:data1\" content=\"2\u00a0Minuten\" \/>\n<script type=\"application\/ld+json\" class=\"yoast-schema-graph\">{\"@context\":\"https:\\\/\\\/schema.org\",\"@graph\":[{\"@type\":\"WebPage\",\"@id\":\"https:\\\/\\\/inmondo.pl\\\/sklep\\\/elementy\\\/lozka\\\/lozko-rozsuwane-dessi-1\\\/\",\"url\":\"https:\\\/\\\/inmondo.pl\\\/sklep\\\/elementy\\\/lozka\\\/lozko-rozsuwane-dessi-1\\\/\",\"name\":\"\u0141\u00f3\u017cko rozsuwane DESSI - Inmondo\",\"isPartOf\":{\"@id\":\"https:\\\/\\\/inmondo.pl\\\/#website\"},\"primaryImageOfPage\":{\"@id\":\"https:\\\/\\\/inmondo.pl\\\/sklep\\\/elementy\\\/lozka\\\/lozko-rozsuwane-dessi-1\\\/#primaryimage\"},\"image\":{\"@id\":\"https:\\\/\\\/inmondo.pl\\\/sklep\\\/elementy\\\/lozka\\\/lozko-rozsuwane-dessi-1\\\/#primaryimage\"},\"thumbnailUrl\":\"https:\\\/\\\/inmondo.pl\\\/wp-content\\\/uploads\\\/2020\\\/06\\\/2019_09_INMONDO_PACKSHOTY-19816v2_small-scaled.jpg\",\"datePublished\":\"2023-09-11T12:04:51+00:00\",\"dateModified\":\"2026-04-14T19:16:35+00:00\",\"description\":\"Jakie \u0142\u00f3\u017cko wybra\u0107 do pokoju dziecka? Sprawd\u017a rozsuwane \u0142\u00f3\u017cko Dessi. W ci\u0105gu dnia wygodna kanapa, a po roz\u0142o\u017ceniu to, a\u017c 180 cm powierzchni do spania!\",\"breadcrumb\":{\"@id\":\"https:\\\/\\\/inmondo.pl\\\/sklep\\\/elementy\\\/lozka\\\/lozko-rozsuwane-dessi-1\\\/#breadcrumb\"},\"inLanguage\":\"de\",\"potentialAction\":[{\"@type\":\"ReadAction\",\"target\":[\"https:\\\/\\\/inmondo.pl\\\/sklep\\\/elementy\\\/lozka\\\/lozko-rozsuwane-dessi-1\\\/\"]}]},{\"@type\":\"ImageObject\",\"inLanguage\":\"de\",\"@id\":\"https:\\\/\\\/inmondo.pl\\\/sklep\\\/elementy\\\/lozka\\\/lozko-rozsuwane-dessi-1\\\/#primaryimage\",\"url\":\"https:\\\/\\\/inmondo.pl\\\/wp-content\\\/uploads\\\/2020\\\/06\\\/2019_09_INMONDO_PACKSHOTY-19816v2_small-scaled.jpg\",\"contentUrl\":\"https:\\\/\\\/inmondo.pl\\\/wp-content\\\/uploads\\\/2020\\\/06\\\/2019_09_INMONDO_PACKSHOTY-19816v2_small-scaled.jpg\",\"width\":1920,\"height\":1920},{\"@type\":\"BreadcrumbList\",\"@id\":\"https:\\\/\\\/inmondo.pl\\\/sklep\\\/elementy\\\/lozka\\\/lozko-rozsuwane-dessi-1\\\/#breadcrumb\",\"itemListElement\":[{\"@type\":\"ListItem\",\"position\":1,\"name\":\"Strona g\u0142\u00f3wna\",\"item\":\"https:\\\/\\\/inmondo.pl\\\/\"},{\"@type\":\"ListItem\",\"position\":2,\"name\":\"Oferta Inmondo: spe\u0142niamy marzenia i wymagania\",\"item\":\"https:\\\/\\\/inmondo.pl\\\/sklep\\\/\"},{\"@type\":\"ListItem\",\"position\":3,\"name\":\"kolekcje\",\"item\":\"https:\\\/\\\/inmondo.pl\\\/de\\\/sklep\\\/kolekcje\\\/\"},{\"@type\":\"ListItem\",\"position\":4,\"name\":\"\u0141\u00f3\u017cko rozsuwane DESSI\"}]},{\"@type\":\"WebSite\",\"@id\":\"https:\\\/\\\/inmondo.pl\\\/#website\",\"url\":\"https:\\\/\\\/inmondo.pl\\\/\",\"name\":\"Inmondo\",\"description\":\"\",\"potentialAction\":[{\"@type\":\"SearchAction\",\"target\":{\"@type\":\"EntryPoint\",\"urlTemplate\":\"https:\\\/\\\/inmondo.pl\\\/?s={search_term_string}\"},\"query-input\":{\"@type\":\"PropertyValueSpecification\",\"valueRequired\":true,\"valueName\":\"search_term_string\"}}],\"inLanguage\":\"de\"}]}<\/script>\n<!-- \/ Yoast SEO plugin. -->","yoast_head_json":{"title":"Ausziehbares Bett DESSI - Inmondo","description":"Welches Bett sollten Sie f\u00fcr das Zimmer Ihres Kindes w\u00e4hlen? Probieren Sie das ausziehbare Bett Dessi aus. Tags\u00fcber ist es ein bequemes Schlafsofa und ausgeklappt ist es eine 180 cm lange Liegefl\u00e4che!","robots":{"index":"index","follow":"follow","max-snippet":"max-snippet:-1","max-image-preview":"max-image-preview:large","max-video-preview":"max-video-preview:-1"},"canonical":"https:\/\/inmondo.pl\/de\/sklep\/elementy\/lozka\/dessi-ausziehbett-2\/","og_locale":"de_DE","og_type":"article","og_title":"\u0141\u00f3\u017cko rozsuwane DESSI - Inmondo","og_description":"Jakie \u0142\u00f3\u017cko wybra\u0107 do pokoju dziecka? Sprawd\u017a rozsuwane \u0142\u00f3\u017cko Dessi. W ci\u0105gu dnia wygodna kanapa, a po roz\u0142o\u017ceniu to, a\u017c 180 cm powierzchni do spania!","og_url":"https:\/\/inmondo.pl\/de\/sklep\/elementy\/lozka\/dessi-ausziehbett-2\/","og_site_name":"Inmondo","article_modified_time":"2026-04-14T19:16:35+00:00","og_image":[{"width":1920,"height":1920,"url":"http:\/\/inmondo.pl\/wp-content\/uploads\/2020\/06\/2019_09_INMONDO_PACKSHOTY-19816v2_small-scaled.jpg","type":"image\/jpeg"}],"twitter_card":"summary_large_image","twitter_misc":{"Gesch\u00e4tzte Lesezeit":"2\u00a0Minuten"},"schema":{"@context":"https:\/\/schema.org","@graph":[{"@type":"WebPage","@id":"https:\/\/inmondo.pl\/sklep\/elementy\/lozka\/lozko-rozsuwane-dessi-1\/","url":"https:\/\/inmondo.pl\/sklep\/elementy\/lozka\/lozko-rozsuwane-dessi-1\/","name":"Ausziehbares Bett DESSI - Inmondo","isPartOf":{"@id":"https:\/\/inmondo.pl\/#website"},"primaryImageOfPage":{"@id":"https:\/\/inmondo.pl\/sklep\/elementy\/lozka\/lozko-rozsuwane-dessi-1\/#primaryimage"},"image":{"@id":"https:\/\/inmondo.pl\/sklep\/elementy\/lozka\/lozko-rozsuwane-dessi-1\/#primaryimage"},"thumbnailUrl":"https:\/\/inmondo.pl\/wp-content\/uploads\/2020\/06\/2019_09_INMONDO_PACKSHOTY-19816v2_small-scaled.jpg","datePublished":"2023-09-11T12:04:51+00:00","dateModified":"2026-04-14T19:16:35+00:00","description":"Welches Bett sollten Sie f\u00fcr das Zimmer Ihres Kindes w\u00e4hlen? Probieren Sie das ausziehbare Bett Dessi aus. Tags\u00fcber ist es ein bequemes Schlafsofa und ausgeklappt ist es eine 180 cm lange Liegefl\u00e4che!","breadcrumb":{"@id":"https:\/\/inmondo.pl\/sklep\/elementy\/lozka\/lozko-rozsuwane-dessi-1\/#breadcrumb"},"inLanguage":"de","potentialAction":[{"@type":"ReadAction","target":["https:\/\/inmondo.pl\/sklep\/elementy\/lozka\/lozko-rozsuwane-dessi-1\/"]}]},{"@type":"ImageObject","inLanguage":"de","@id":"https:\/\/inmondo.pl\/sklep\/elementy\/lozka\/lozko-rozsuwane-dessi-1\/#primaryimage","url":"https:\/\/inmondo.pl\/wp-content\/uploads\/2020\/06\/2019_09_INMONDO_PACKSHOTY-19816v2_small-scaled.jpg","contentUrl":"https:\/\/inmondo.pl\/wp-content\/uploads\/2020\/06\/2019_09_INMONDO_PACKSHOTY-19816v2_small-scaled.jpg","width":1920,"height":1920},{"@type":"BreadcrumbList","@id":"https:\/\/inmondo.pl\/sklep\/elementy\/lozka\/lozko-rozsuwane-dessi-1\/#breadcrumb","itemListElement":[{"@type":"ListItem","position":1,"name":"Strona g\u0142\u00f3wna","item":"https:\/\/inmondo.pl\/"},{"@type":"ListItem","position":2,"name":"Oferta Inmondo: spe\u0142niamy marzenia i wymagania","item":"https:\/\/inmondo.pl\/sklep\/"},{"@type":"ListItem","position":3,"name":"kolekcje","item":"https:\/\/inmondo.pl\/de\/sklep\/kolekcje\/"},{"@type":"ListItem","position":4,"name":"\u0141\u00f3\u017cko rozsuwane DESSI"}]},{"@type":"WebSite","@id":"https:\/\/inmondo.pl\/#website","url":"https:\/\/inmondo.pl\/","name":"Inmondo","description":"","potentialAction":[{"@type":"SearchAction","target":{"@type":"EntryPoint","urlTemplate":"https:\/\/inmondo.pl\/?s={search_term_string}"},"query-input":{"@type":"PropertyValueSpecification","valueRequired":true,"valueName":"search_term_string"}}],"inLanguage":"de"}]}},"wcpa_form_fields":null,"_links":{"self":[{"href":"https:\/\/inmondo.pl\/de\/wp-json\/wp\/v2\/product\/7357","targetHints":{"allow":["GET"]}}],"collection":[{"href":"https:\/\/inmondo.pl\/de\/wp-json\/wp\/v2\/product"}],"about":[{"href":"https:\/\/inmondo.pl\/de\/wp-json\/wp\/v2\/types\/product"}],"replies":[{"embeddable":true,"href":"https:\/\/inmondo.pl\/de\/wp-json\/wp\/v2\/comments?post=7357"}],"wp:featuredmedia":[{"embeddable":true,"href":"https:\/\/inmondo.pl\/de\/wp-json\/wp\/v2\/media\/821"}],"wp:attachment":[{"href":"https:\/\/inmondo.pl\/de\/wp-json\/wp\/v2\/media?parent=7357"}],"wp:term":[{"taxonomy":"product_brand","embeddable":true,"href":"https:\/\/inmondo.pl\/de\/wp-json\/wp\/v2\/product_brand?post=7357"},{"taxonomy":"product_cat","embeddable":true,"href":"https:\/\/inmondo.pl\/de\/wp-json\/wp\/v2\/product_cat?post=7357"},{"taxonomy":"product_tag","embeddable":true,"href":"https:\/\/inmondo.pl\/de\/wp-json\/wp\/v2\/product_tag?post=7357"}],"curies":[{"name":"wp","href":"https:\/\/api.w.org\/{rel}","templated":true}]}}