{"id":6965,"date":"2023-07-28T14:09:25","date_gmt":"2023-07-28T12:09:25","guid":{"rendered":"https:\/\/inmondo.pl\/?post_type=product&#038;p=6965"},"modified":"2025-01-20T22:31:08","modified_gmt":"2025-01-20T21:31:08","slug":"poduszki-dekoracyjne-zestaw-2-poduszek-gwiazdek-aksamitnych","status":"publish","type":"product","link":"https:\/\/inmondo.pl\/de\/sklep\/elementy\/akcesoria\/poduszki-dekoracyjne-zestaw-2-poduszek-gwiazdek-aksamitnych\/","title":{"rendered":"Dekorative Kissen - SET OF 2 ACXAMITE STARS PILLOWS"},"content":{"rendered":"","protected":false},"excerpt":{"rendered":"<p>Set aus 2 sternf\u00f6rmigen Zierkissen<\/p>\n<p>&nbsp;<\/p>\n<p>Sie haben die Wahl zwischen 3 Farbs\u00e4tzen:<\/p>\n<p>1 - Mittel: Altrosa\/Klein: Puderrosa<\/p>\n<p>2- Mittel: Grau \/ Klein: Schmutzig T\u00fcrkis<\/p>\n<p>3 - Mittel: Waldgr\u00fcn \/ Klein: Backstein<\/p>\n<p>&nbsp;<\/p>\n<p>&nbsp;<\/p>\n<p>Material - 100 % Baumwollsamt<\/p>\n<p>F\u00fcllung - Hypoallergene Silikonperle<\/p>\n<p>&nbsp;<\/p>\n<p>Vorlaufzeit - 7 Tage<\/p>","protected":false},"featured_media":6966,"comment_status":"open","ping_status":"closed","template":"","meta":{"_acf_changed":false},"product_brand":[],"product_cat":[32,50],"product_tag":[],"class_list":{"0":"post-6965","1":"product","2":"type-product","3":"status-publish","4":"has-post-thumbnail","6":"product_cat-akcesoria","7":"product_cat-dodatki","9":"first","10":"onbackorder","11":"taxable","12":"shipping-taxable","13":"purchasable","14":"product-type-variable"},"acf":{"sections_woocommerce":[{"acf_fc_layout":"section_woocommerce_text_image","is_active":true,"anchor":"Opis","text_align":"textAlign--left","grid_width":"main","wysiwyg":"<p>Zestaw 2 poduszek dekoracyjnych w\u00a0kszta\u0142cie gwiazdki<\/p>\n<p>\u015arednia &#8211; 38 cm<\/p>\n<p>Ma\u0142a &#8211; 32 cm<\/p>\n<p>&nbsp;<\/p>\n<p>Do\u00a0wyboru s\u0105 3 zestawy kolorystyczne:<\/p>\n<p>&nbsp;<\/p>\n<p>1 &#8211; \u015arednia: Antyczny r\u00f3\u017c\/ Ma\u0142a: Pudrowy R\u00f3\u017c<\/p>\n<p>2- \u015arednia: Szary \/ Ma\u0142a: Brudny Turkus<\/p>\n<p>3 &#8211; \u015arednia: Le\u015bna Ziele\u0144\u00a0 \/ Ma\u0142a: Ceg\u0142a<\/p>\n","image":"https:\/\/inmondo.pl\/wp-content\/uploads\/2023\/07\/zestaw-2-poduszek-gwiazdek-aksamitnych-antyczny-pudrowy-roz.jpg"}],"wymiary":"Zestaw 2 poduszek dekoracyjnych w&nbsp;kszta\u0142cie gwiazdki <br \/>\r\n<br \/>\r\n\u015arednia - 38 cm<br \/>\r\n<br \/>\r\nMa\u0142a - 32 cm <br \/>\r\n<br \/>\r\n<br \/>\r\n<br \/>\r\n","materialy":"Materia\u0142 - 100&nbsp;% aksamit bawe\u0142niany <br \/>\r\nWype\u0142nienie - Hypoalergiczna kulka silikonowa"},"yoast_head":"<!-- This site is optimized with the Yoast SEO plugin v27.3 - https:\/\/yoast.com\/product\/yoast-seo-wordpress\/ -->\n<title>Poduszki dekoracyjne - ZESTAW 2 PODUSZEK GWIAZDEK AKSAMITNYCH - Inmondo<\/title>\n<meta name=\"robots\" content=\"index, follow, max-snippet:-1, max-image-preview:large, max-video-preview:-1\" \/>\n<link rel=\"canonical\" href=\"https:\/\/inmondo.pl\/de\/sklep\/elementy\/akcesoria\/poduszki-dekoracyjne-zestaw-2-poduszek-gwiazdek-aksamitnych\/\" \/>\n<meta property=\"og:locale\" content=\"de_DE\" \/>\n<meta property=\"og:type\" content=\"article\" \/>\n<meta property=\"og:title\" content=\"Poduszki dekoracyjne - ZESTAW 2 PODUSZEK GWIAZDEK AKSAMITNYCH - Inmondo\" \/>\n<meta property=\"og:description\" content=\"Zestaw 2 poduszek dekoracyjnych w kszta\u0142cie gwiazdki  &nbsp;  Do wyboru 3 zestawy kolorystyczne:  1 - \u015arednia: Antyczny r\u00f3\u017c\/ Ma\u0142a: Pudrowy R\u00f3\u017c  2- \u015arednia: Szary \/ Ma\u0142a: Brudny Turkus  3 - \u015arednia: Le\u015bna Ziele\u0144\u00a0 \/ Ma\u0142a: Ceg\u0142a  &nbsp;  &nbsp;  Materia\u0142 - 100 % aksamit bawe\u0142niany  Wype\u0142nienie - Hypoalergiczna kulka silikonowa  &nbsp;  Czas realizacji - 7 dni\" \/>\n<meta property=\"og:url\" content=\"https:\/\/inmondo.pl\/de\/sklep\/elementy\/akcesoria\/poduszki-dekoracyjne-zestaw-2-poduszek-gwiazdek-aksamitnych\/\" \/>\n<meta property=\"og:site_name\" content=\"Inmondo\" \/>\n<meta property=\"article:modified_time\" content=\"2025-01-20T21:31:08+00:00\" \/>\n<meta property=\"og:image\" content=\"https:\/\/inmondo.pl\/wp-content\/uploads\/2023\/07\/zestaw-2-poduszek-gwiazdek-aksamitnych-antyczny-pudrowy-roz.jpg\" \/>\n\t<meta property=\"og:image:width\" content=\"1000\" \/>\n\t<meta property=\"og:image:height\" content=\"1125\" \/>\n\t<meta property=\"og:image:type\" content=\"image\/jpeg\" \/>\n<meta name=\"twitter:card\" content=\"summary_large_image\" \/>\n<script type=\"application\/ld+json\" class=\"yoast-schema-graph\">{\"@context\":\"https:\\\/\\\/schema.org\",\"@graph\":[{\"@type\":\"WebPage\",\"@id\":\"https:\\\/\\\/inmondo.pl\\\/sklep\\\/elementy\\\/akcesoria\\\/poduszki-dekoracyjne-zestaw-2-poduszek-gwiazdek-aksamitnych\\\/\",\"url\":\"https:\\\/\\\/inmondo.pl\\\/sklep\\\/elementy\\\/akcesoria\\\/poduszki-dekoracyjne-zestaw-2-poduszek-gwiazdek-aksamitnych\\\/\",\"name\":\"Poduszki dekoracyjne - ZESTAW 2 PODUSZEK GWIAZDEK AKSAMITNYCH - Inmondo\",\"isPartOf\":{\"@id\":\"https:\\\/\\\/inmondo.pl\\\/#website\"},\"primaryImageOfPage\":{\"@id\":\"https:\\\/\\\/inmondo.pl\\\/sklep\\\/elementy\\\/akcesoria\\\/poduszki-dekoracyjne-zestaw-2-poduszek-gwiazdek-aksamitnych\\\/#primaryimage\"},\"image\":{\"@id\":\"https:\\\/\\\/inmondo.pl\\\/sklep\\\/elementy\\\/akcesoria\\\/poduszki-dekoracyjne-zestaw-2-poduszek-gwiazdek-aksamitnych\\\/#primaryimage\"},\"thumbnailUrl\":\"https:\\\/\\\/inmondo.pl\\\/wp-content\\\/uploads\\\/2023\\\/07\\\/zestaw-2-poduszek-gwiazdek-aksamitnych-antyczny-pudrowy-roz.jpg\",\"datePublished\":\"2023-07-28T12:09:25+00:00\",\"dateModified\":\"2025-01-20T21:31:08+00:00\",\"breadcrumb\":{\"@id\":\"https:\\\/\\\/inmondo.pl\\\/sklep\\\/elementy\\\/akcesoria\\\/poduszki-dekoracyjne-zestaw-2-poduszek-gwiazdek-aksamitnych\\\/#breadcrumb\"},\"inLanguage\":\"de\",\"potentialAction\":[{\"@type\":\"ReadAction\",\"target\":[\"https:\\\/\\\/inmondo.pl\\\/sklep\\\/elementy\\\/akcesoria\\\/poduszki-dekoracyjne-zestaw-2-poduszek-gwiazdek-aksamitnych\\\/\"]}]},{\"@type\":\"ImageObject\",\"inLanguage\":\"de\",\"@id\":\"https:\\\/\\\/inmondo.pl\\\/sklep\\\/elementy\\\/akcesoria\\\/poduszki-dekoracyjne-zestaw-2-poduszek-gwiazdek-aksamitnych\\\/#primaryimage\",\"url\":\"https:\\\/\\\/inmondo.pl\\\/wp-content\\\/uploads\\\/2023\\\/07\\\/zestaw-2-poduszek-gwiazdek-aksamitnych-antyczny-pudrowy-roz.jpg\",\"contentUrl\":\"https:\\\/\\\/inmondo.pl\\\/wp-content\\\/uploads\\\/2023\\\/07\\\/zestaw-2-poduszek-gwiazdek-aksamitnych-antyczny-pudrowy-roz.jpg\",\"width\":1000,\"height\":1125},{\"@type\":\"BreadcrumbList\",\"@id\":\"https:\\\/\\\/inmondo.pl\\\/sklep\\\/elementy\\\/akcesoria\\\/poduszki-dekoracyjne-zestaw-2-poduszek-gwiazdek-aksamitnych\\\/#breadcrumb\",\"itemListElement\":[{\"@type\":\"ListItem\",\"position\":1,\"name\":\"Strona g\u0142\u00f3wna\",\"item\":\"https:\\\/\\\/inmondo.pl\\\/\"},{\"@type\":\"ListItem\",\"position\":2,\"name\":\"Oferta Inmondo: spe\u0142niamy marzenia i wymagania\",\"item\":\"https:\\\/\\\/inmondo.pl\\\/sklep\\\/\"},{\"@type\":\"ListItem\",\"position\":3,\"name\":\"kolekcje\",\"item\":\"https:\\\/\\\/inmondo.pl\\\/de\\\/sklep\\\/kolekcje\\\/\"},{\"@type\":\"ListItem\",\"position\":4,\"name\":\"Dodatki\",\"item\":\"https:\\\/\\\/inmondo.pl\\\/de\\\/sklep\\\/kolekcje\\\/additive\\\/\"},{\"@type\":\"ListItem\",\"position\":5,\"name\":\"Poduszki dekoracyjne &#8211; ZESTAW 2 PODUSZEK GWIAZDEK AKSAMITNYCH\"}]},{\"@type\":\"WebSite\",\"@id\":\"https:\\\/\\\/inmondo.pl\\\/#website\",\"url\":\"https:\\\/\\\/inmondo.pl\\\/\",\"name\":\"Inmondo\",\"description\":\"\",\"potentialAction\":[{\"@type\":\"SearchAction\",\"target\":{\"@type\":\"EntryPoint\",\"urlTemplate\":\"https:\\\/\\\/inmondo.pl\\\/?s={search_term_string}\"},\"query-input\":{\"@type\":\"PropertyValueSpecification\",\"valueRequired\":true,\"valueName\":\"search_term_string\"}}],\"inLanguage\":\"de\"}]}<\/script>\n<!-- \/ Yoast SEO plugin. -->","yoast_head_json":{"title":"Dekorative Kissen - SET OF 2 ACXAMITE STARS PILLOWS - Inmondo","robots":{"index":"index","follow":"follow","max-snippet":"max-snippet:-1","max-image-preview":"max-image-preview:large","max-video-preview":"max-video-preview:-1"},"canonical":"https:\/\/inmondo.pl\/de\/sklep\/elementy\/akcesoria\/poduszki-dekoracyjne-zestaw-2-poduszek-gwiazdek-aksamitnych\/","og_locale":"de_DE","og_type":"article","og_title":"Poduszki dekoracyjne - ZESTAW 2 PODUSZEK GWIAZDEK AKSAMITNYCH - Inmondo","og_description":"Zestaw 2 poduszek dekoracyjnych w kszta\u0142cie gwiazdki  &nbsp;  Do wyboru 3 zestawy kolorystyczne:  1 - \u015arednia: Antyczny r\u00f3\u017c\/ Ma\u0142a: Pudrowy R\u00f3\u017c  2- \u015arednia: Szary \/ Ma\u0142a: Brudny Turkus  3 - \u015arednia: Le\u015bna Ziele\u0144\u00a0 \/ Ma\u0142a: Ceg\u0142a  &nbsp;  &nbsp;  Materia\u0142 - 100 % aksamit bawe\u0142niany  Wype\u0142nienie - Hypoalergiczna kulka silikonowa  &nbsp;  Czas realizacji - 7 dni","og_url":"https:\/\/inmondo.pl\/de\/sklep\/elementy\/akcesoria\/poduszki-dekoracyjne-zestaw-2-poduszek-gwiazdek-aksamitnych\/","og_site_name":"Inmondo","article_modified_time":"2025-01-20T21:31:08+00:00","og_image":[{"width":1000,"height":1125,"url":"https:\/\/inmondo.pl\/wp-content\/uploads\/2023\/07\/zestaw-2-poduszek-gwiazdek-aksamitnych-antyczny-pudrowy-roz.jpg","type":"image\/jpeg"}],"twitter_card":"summary_large_image","schema":{"@context":"https:\/\/schema.org","@graph":[{"@type":"WebPage","@id":"https:\/\/inmondo.pl\/sklep\/elementy\/akcesoria\/poduszki-dekoracyjne-zestaw-2-poduszek-gwiazdek-aksamitnych\/","url":"https:\/\/inmondo.pl\/sklep\/elementy\/akcesoria\/poduszki-dekoracyjne-zestaw-2-poduszek-gwiazdek-aksamitnych\/","name":"Dekorative Kissen - SET OF 2 ACXAMITE STARS PILLOWS - Inmondo","isPartOf":{"@id":"https:\/\/inmondo.pl\/#website"},"primaryImageOfPage":{"@id":"https:\/\/inmondo.pl\/sklep\/elementy\/akcesoria\/poduszki-dekoracyjne-zestaw-2-poduszek-gwiazdek-aksamitnych\/#primaryimage"},"image":{"@id":"https:\/\/inmondo.pl\/sklep\/elementy\/akcesoria\/poduszki-dekoracyjne-zestaw-2-poduszek-gwiazdek-aksamitnych\/#primaryimage"},"thumbnailUrl":"https:\/\/inmondo.pl\/wp-content\/uploads\/2023\/07\/zestaw-2-poduszek-gwiazdek-aksamitnych-antyczny-pudrowy-roz.jpg","datePublished":"2023-07-28T12:09:25+00:00","dateModified":"2025-01-20T21:31:08+00:00","breadcrumb":{"@id":"https:\/\/inmondo.pl\/sklep\/elementy\/akcesoria\/poduszki-dekoracyjne-zestaw-2-poduszek-gwiazdek-aksamitnych\/#breadcrumb"},"inLanguage":"de","potentialAction":[{"@type":"ReadAction","target":["https:\/\/inmondo.pl\/sklep\/elementy\/akcesoria\/poduszki-dekoracyjne-zestaw-2-poduszek-gwiazdek-aksamitnych\/"]}]},{"@type":"ImageObject","inLanguage":"de","@id":"https:\/\/inmondo.pl\/sklep\/elementy\/akcesoria\/poduszki-dekoracyjne-zestaw-2-poduszek-gwiazdek-aksamitnych\/#primaryimage","url":"https:\/\/inmondo.pl\/wp-content\/uploads\/2023\/07\/zestaw-2-poduszek-gwiazdek-aksamitnych-antyczny-pudrowy-roz.jpg","contentUrl":"https:\/\/inmondo.pl\/wp-content\/uploads\/2023\/07\/zestaw-2-poduszek-gwiazdek-aksamitnych-antyczny-pudrowy-roz.jpg","width":1000,"height":1125},{"@type":"BreadcrumbList","@id":"https:\/\/inmondo.pl\/sklep\/elementy\/akcesoria\/poduszki-dekoracyjne-zestaw-2-poduszek-gwiazdek-aksamitnych\/#breadcrumb","itemListElement":[{"@type":"ListItem","position":1,"name":"Strona g\u0142\u00f3wna","item":"https:\/\/inmondo.pl\/"},{"@type":"ListItem","position":2,"name":"Oferta Inmondo: spe\u0142niamy marzenia i wymagania","item":"https:\/\/inmondo.pl\/sklep\/"},{"@type":"ListItem","position":3,"name":"kolekcje","item":"https:\/\/inmondo.pl\/de\/sklep\/kolekcje\/"},{"@type":"ListItem","position":4,"name":"Dodatki","item":"https:\/\/inmondo.pl\/de\/sklep\/kolekcje\/additive\/"},{"@type":"ListItem","position":5,"name":"Poduszki dekoracyjne &#8211; ZESTAW 2 PODUSZEK GWIAZDEK AKSAMITNYCH"}]},{"@type":"WebSite","@id":"https:\/\/inmondo.pl\/#website","url":"https:\/\/inmondo.pl\/","name":"Inmondo","description":"","potentialAction":[{"@type":"SearchAction","target":{"@type":"EntryPoint","urlTemplate":"https:\/\/inmondo.pl\/?s={search_term_string}"},"query-input":{"@type":"PropertyValueSpecification","valueRequired":true,"valueName":"search_term_string"}}],"inLanguage":"de"}]}},"wcpa_form_fields":null,"_links":{"self":[{"href":"https:\/\/inmondo.pl\/de\/wp-json\/wp\/v2\/product\/6965","targetHints":{"allow":["GET"]}}],"collection":[{"href":"https:\/\/inmondo.pl\/de\/wp-json\/wp\/v2\/product"}],"about":[{"href":"https:\/\/inmondo.pl\/de\/wp-json\/wp\/v2\/types\/product"}],"replies":[{"embeddable":true,"href":"https:\/\/inmondo.pl\/de\/wp-json\/wp\/v2\/comments?post=6965"}],"wp:featuredmedia":[{"embeddable":true,"href":"https:\/\/inmondo.pl\/de\/wp-json\/wp\/v2\/media\/6966"}],"wp:attachment":[{"href":"https:\/\/inmondo.pl\/de\/wp-json\/wp\/v2\/media?parent=6965"}],"wp:term":[{"taxonomy":"product_brand","embeddable":true,"href":"https:\/\/inmondo.pl\/de\/wp-json\/wp\/v2\/product_brand?post=6965"},{"taxonomy":"product_cat","embeddable":true,"href":"https:\/\/inmondo.pl\/de\/wp-json\/wp\/v2\/product_cat?post=6965"},{"taxonomy":"product_tag","embeddable":true,"href":"https:\/\/inmondo.pl\/de\/wp-json\/wp\/v2\/product_tag?post=6965"}],"curies":[{"name":"wp","href":"https:\/\/api.w.org\/{rel}","templated":true}]}}