{"id":4850,"date":"2022-12-28T16:11:43","date_gmt":"2022-12-28T15:11:43","guid":{"rendered":"https:\/\/inmondo.pl\/?post_type=product&#038;p=4850"},"modified":"2025-06-05T12:26:12","modified_gmt":"2025-06-05T10:26:12","slug":"nooi-biurko-do-regalu","status":"publish","type":"product","link":"https:\/\/inmondo.pl\/de\/sklep\/elementy\/biurka\/nooi-biurko-do-regalu\/","title":{"rendered":"Nooi - B\u00fccherregal Schreibtisch"},"content":{"rendered":"","protected":false},"excerpt":{"rendered":"<p>Der Kinderschreibtisch ist eines der grundlegenden Elemente der Kinderzimmergestaltung - hier macht das Kind seine Hausaufgaben, erwirbt neues Wissen, spielt und entwickelt seine Interessen.<\/p>\n<p><a href=\"https:\/\/inmondo.pl\/de\/sklep\/elementy\/biurka\/\">Schreibtische<\/a>\u00a0Die Holzspielger\u00e4te f\u00fcr Kinder in unserem Sortiment erf\u00fcllen alle diese Anforderungen - sie sind verstellbar, haben ein interessantes Design und ausreichend Platz zum Arbeiten.<\/p>\n<p>&nbsp;<\/p>\n<p>Bequem und funktionell\u00a0<a href=\"https:\/\/inmondo.pl\/de\/sklep\/elementy\/biurka\/\">Schreibtisch<\/a>\u00a0ist ein unverzichtbarer Bestandteil des Kinderzimmers.<\/p>\n<p>&nbsp;<\/p>\n<p>Unser Schreibtisch ist so konzipiert, dass er mit den \u00fcbrigen Modulm\u00f6beln kombiniert werden kann, so dass sie zusammen ein einzigartiges Ganzes bilden.<\/p>\n<p>So hat Ihr Kind alles, was es braucht, griffbereit und kann sich in Ruhe auf Hausaufgaben oder Hobbys konzentrieren.<\/p>\n<p>&nbsp;<\/p>\n<p>Der Schreibtisch kann mit einem Regal aus der Nooi-Kollektion \u00fcberbaut werden.<\/p>\n<p>Wenn Sie verschiedene Elemente aus der Nooi-Kollektion kombinieren m\u00f6chten - schauen Sie sich unsere <a href=\"https:\/\/inmondo.pl\/wp-content\/uploads\/2022\/12\/Instrukcja-Kolekcji-Nooi-3.pdf\"><strong>Anweisungen<\/strong><\/a><\/p>","protected":false},"featured_media":6172,"comment_status":"open","ping_status":"closed","template":"","meta":{"_acf_changed":false},"product_brand":[],"product_cat":[29,98],"product_tag":[],"class_list":{"0":"post-4850","1":"product","2":"type-product","3":"status-publish","4":"has-post-thumbnail","6":"product_cat-biurka","7":"product_cat-nooi","9":"first","10":"onbackorder","11":"taxable","12":"shipping-taxable","13":"purchasable","14":"product-type-variable"},"acf":{"sections_woocommerce":[{"acf_fc_layout":"section_menu","is_active":true,"repeater":[{"text":"opis","link":"#opis"},{"text":"kolekcja","link":"#kolekcja"},{"text":"lookbook","link":"#lookbook"},{"text":"opinie","link":"#opinie"},{"text":"inne z&nbsp;kolekcji","link":"#inne"}]},{"acf_fc_layout":"section_woocommerce_text_image","is_active":true,"anchor":"#opis","text_align":"textAlign--left","grid_width":"main","wysiwyg":"<h1>Biurko dzieci\u0119ce Nooi<\/h1>\n<p>Biurko dla\u00a0dzieci to jeden z\u00a0podstawowych element\u00f3w wystroju pokoju dzieci\u0119cego \u2013 to w\u0142a\u015bnie przy\u00a0nim dziecko b\u0119dzie odrabia\u0142o lekcje, zdobywa\u0142o now\u0105 wiedz\u0119, bawi\u0142o si\u0119 i\u00a0rozwija\u0142o swoje zainteresowania.<\/p>\n<p>&nbsp;<\/p>\n<p><a href=\"https:\/\/inmondo.pl\/sklep\/elementy\/biurka\/\">Biurka<\/a>\u00a0drewniane dla\u00a0dzieci z\u00a0naszej oferty spe\u0142niaj\u0105 wszystkie te za\u0142o\u017cenia \u2014 s\u0105 regulowane, maj\u0105 ciekawy design i\u00a0odpowiedni\u0105 przestrze\u0144 do\u00a0pracy. Wygodne i\u00a0funkcjonalne\u00a0<a href=\"https:\/\/inmondo.pl\/sklep\/elementy\/biurka\/\">biurko<\/a>\u00a0to niezb\u0119dny element pokoju dzieci\u0119cego.<\/p>\n<p>&nbsp;<\/p>\n<p>Nasze biurko modu\u0142owe zosta\u0142o zaprojektowane z\u00a0my\u015bl\u0105 o\u00a0po\u0142\u0105czeniu go z\u00a0reszt\u0105 mebli modu\u0142owych, tak, aby\u00a0razem tworzy\u0142y wyj\u0105tkow\u0105 ca\u0142o\u015b\u0107.<\/p>\n<p>Dzi\u0119ki temu rozwi\u0105zaniu dziecko ma pod\u00a0r\u0119k\u0105 wszystkie potrzebne rzeczy, i\u00a0mo\u017ce spokojnie skupi\u0107 si\u0119 na\u00a0obrabianiu lekcji, lub\u00a0w\u00a0pe\u0142ni odda\u0107 si\u0119 swoim hobby.<\/p>\n<p>&nbsp;<\/p>\n<p>Biurko modu\u0142owe posiada mo\u017cliwo\u015b\u0107 regulacji wysoko\u015bci blatu:<\/p>\n<p><em>Wymiary<\/em><\/p>\n<p><em>81\u00d761,5\u00d772,5<\/em><\/p>\n<p><em>81\u00d761,5\u00d767,5<\/em><\/p>\n<p><em>81\u00d761,5\u00d762,5<\/em><\/p>\n<p><em>81\u00d761,5\u00d757,5<\/em><\/p>\n<p>&nbsp;<\/p>\n<p>Je\u017celi\u00a0chcesz \u0142\u0105czy\u0107 ze sob\u0105 r\u00f3\u017cne elementy kolekcji Nooi &#8211; sprawd\u017a nasz\u0105 <a href=\"https:\/\/inmondo.pl\/wp-content\/uploads\/2022\/12\/Instrukcja-Kolekcji-Nooi-3.pdf\"><strong>instrukcj\u0119<\/strong><\/a><\/p>\n","image":"https:\/\/inmondo.pl\/wp-content\/uploads\/2022\/12\/2022_09_INMONDO_GROW_ARANZACJE_8320-scaled.jpg"},{"acf_fc_layout":"section_woocommerce_text_image","is_active":true,"anchor":"#kolekcja","text_align":"textAlign--right","grid_width":"main","wysiwyg":"<h2>Kolekcja Nooi<\/h2>\n<p>&nbsp;<\/p>\n<p>Dzieci i\u00a0ich potrzeby nieustannie si\u0119 zmieniaj\u0105. Staramy si\u0119 by\u0107 ca\u0142y czas na\u00a0bie\u017c\u0105co, wdra\u017ca\u0107 nowe pomys\u0142y, szuka\u0107 nowych inspiracji.<\/p>\n<p>Taka w\u0142a\u015bnie jest kolekcja Nooi.\u2013 dzi\u0119ki niej sami zdecydujecie, jak b\u0119dzie wygl\u0105da\u0142a Wasza przestrze\u0144<\/p>\n<p>Kolekcja modu\u0142owa to nasze zaproszenie dla\u00a0rodzic\u00f3w z\u00a0dzie\u0107mi do\u00a0podejmowania wsp\u00f3lnych decyzji co do\u00a0aran\u017cacji dzieci\u0119cego pokoju.<\/p>\n<p>Wybierajcie z\u00a0wielu element\u00f3w kolekcji, po\u0142\u0105czcie je z\u00a0wyj\u0105tkowymi kolorami front\u00f3w, i\u00a0tak oto powstanie Wasz unikalny projekt!<\/p>\n<p>&nbsp;<\/p>\n<p>&nbsp;<\/p>\n<p>&nbsp;<\/p>\n","image":"https:\/\/inmondo.pl\/wp-content\/uploads\/2022\/12\/mini_2022_09_INMONDO_GROW_-24812.jpg"},{"acf_fc_layout":"section_woocommerce_lookbook","is_active":true,"anchor":"#lookbook","header":"","repeater":[{"shortcode":"[woocommerce_lookbook id=\"4957\"]"},{"shortcode":"[woocommerce_lookbook id=\"4960\"]"},{"shortcode":"[woocommerce_lookbook id=\"4958\"]"}]},{"acf_fc_layout":"section_woocommerce_opinions","is_active":true,"anchor":"#opinie"},{"acf_fc_layout":"section_woocommerce_otherFromCategory","is_active":true,"anchor":"#inne"}],"wymiary":"szeroko\u015b\u0107: 81<br \/>\r\ng\u0142\u0119boko\u015b\u0107: 61,5<br \/>\r\nwysoko\u015b\u0107: 40 ( najni\u017csza wysoko\u015b\u0107)","materialy":"MDF, drewno d\u0119bowe, lakiery wodne i&nbsp;uv"},"yoast_head":"<!-- This site is optimized with the Yoast SEO plugin v27.3 - https:\/\/yoast.com\/product\/yoast-seo-wordpress\/ -->\n<title>Nooi - Biurko do rega\u0142u - Inmondo<\/title>\n<meta name=\"description\" content=\"Nasze biurko zosta\u0142o zaprojektowane z my\u015bl\u0105 o po\u0142\u0105czeniu go z reszt\u0105 mebli modu\u0142owych Nooi tak, aby razem tworzy\u0142y wyj\u0105tkow\u0105 ca\u0142o\u015b\u0107. Nowo\u015b\u0107 w Inmondo.\" \/>\n<meta name=\"robots\" content=\"index, follow, max-snippet:-1, max-image-preview:large, max-video-preview:-1\" \/>\n<link rel=\"canonical\" href=\"https:\/\/inmondo.pl\/de\/sklep\/elementy\/biurka\/nooi-biurko-do-regalu\/\" \/>\n<meta property=\"og:locale\" content=\"de_DE\" \/>\n<meta property=\"og:type\" content=\"article\" \/>\n<meta property=\"og:title\" content=\"Nooi - Biurko do rega\u0142u - Inmondo\" \/>\n<meta property=\"og:description\" content=\"Nasze biurko zosta\u0142o zaprojektowane z my\u015bl\u0105 o po\u0142\u0105czeniu go z reszt\u0105 mebli modu\u0142owych Nooi tak, aby razem tworzy\u0142y wyj\u0105tkow\u0105 ca\u0142o\u015b\u0107. Nowo\u015b\u0107 w Inmondo.\" \/>\n<meta property=\"og:url\" content=\"https:\/\/inmondo.pl\/de\/sklep\/elementy\/biurka\/nooi-biurko-do-regalu\/\" \/>\n<meta property=\"og:site_name\" content=\"Inmondo\" \/>\n<meta property=\"article:modified_time\" content=\"2025-06-05T10:26:12+00:00\" \/>\n<meta property=\"og:image\" content=\"http:\/\/inmondo.pl\/wp-content\/uploads\/2022\/12\/2019_09_INMONDO_PACKSHOTY-21601-scaled.jpg\" \/>\n\t<meta property=\"og:image:width\" content=\"1920\" \/>\n\t<meta property=\"og:image:height\" content=\"1452\" \/>\n\t<meta property=\"og:image:type\" content=\"image\/jpeg\" \/>\n<meta name=\"twitter:card\" content=\"summary_large_image\" \/>\n<script type=\"application\/ld+json\" class=\"yoast-schema-graph\">{\"@context\":\"https:\\\/\\\/schema.org\",\"@graph\":[{\"@type\":\"WebPage\",\"@id\":\"https:\\\/\\\/inmondo.pl\\\/sklep\\\/elementy\\\/biurka\\\/nooi-biurko-do-regalu\\\/\",\"url\":\"https:\\\/\\\/inmondo.pl\\\/sklep\\\/elementy\\\/biurka\\\/nooi-biurko-do-regalu\\\/\",\"name\":\"Nooi - Biurko do rega\u0142u - Inmondo\",\"isPartOf\":{\"@id\":\"https:\\\/\\\/inmondo.pl\\\/#website\"},\"primaryImageOfPage\":{\"@id\":\"https:\\\/\\\/inmondo.pl\\\/sklep\\\/elementy\\\/biurka\\\/nooi-biurko-do-regalu\\\/#primaryimage\"},\"image\":{\"@id\":\"https:\\\/\\\/inmondo.pl\\\/sklep\\\/elementy\\\/biurka\\\/nooi-biurko-do-regalu\\\/#primaryimage\"},\"thumbnailUrl\":\"https:\\\/\\\/inmondo.pl\\\/wp-content\\\/uploads\\\/2022\\\/12\\\/2019_09_INMONDO_PACKSHOTY-21601-scaled.jpg\",\"datePublished\":\"2022-12-28T15:11:43+00:00\",\"dateModified\":\"2025-06-05T10:26:12+00:00\",\"description\":\"Nasze biurko zosta\u0142o zaprojektowane z my\u015bl\u0105 o po\u0142\u0105czeniu go z reszt\u0105 mebli modu\u0142owych Nooi tak, aby razem tworzy\u0142y wyj\u0105tkow\u0105 ca\u0142o\u015b\u0107. Nowo\u015b\u0107 w Inmondo.\",\"breadcrumb\":{\"@id\":\"https:\\\/\\\/inmondo.pl\\\/sklep\\\/elementy\\\/biurka\\\/nooi-biurko-do-regalu\\\/#breadcrumb\"},\"inLanguage\":\"de\",\"potentialAction\":[{\"@type\":\"ReadAction\",\"target\":[\"https:\\\/\\\/inmondo.pl\\\/sklep\\\/elementy\\\/biurka\\\/nooi-biurko-do-regalu\\\/\"]}]},{\"@type\":\"ImageObject\",\"inLanguage\":\"de\",\"@id\":\"https:\\\/\\\/inmondo.pl\\\/sklep\\\/elementy\\\/biurka\\\/nooi-biurko-do-regalu\\\/#primaryimage\",\"url\":\"https:\\\/\\\/inmondo.pl\\\/wp-content\\\/uploads\\\/2022\\\/12\\\/2019_09_INMONDO_PACKSHOTY-21601-scaled.jpg\",\"contentUrl\":\"https:\\\/\\\/inmondo.pl\\\/wp-content\\\/uploads\\\/2022\\\/12\\\/2019_09_INMONDO_PACKSHOTY-21601-scaled.jpg\",\"width\":1920,\"height\":1452},{\"@type\":\"BreadcrumbList\",\"@id\":\"https:\\\/\\\/inmondo.pl\\\/sklep\\\/elementy\\\/biurka\\\/nooi-biurko-do-regalu\\\/#breadcrumb\",\"itemListElement\":[{\"@type\":\"ListItem\",\"position\":1,\"name\":\"Strona g\u0142\u00f3wna\",\"item\":\"https:\\\/\\\/inmondo.pl\\\/\"},{\"@type\":\"ListItem\",\"position\":2,\"name\":\"Oferta Inmondo: spe\u0142niamy marzenia i wymagania\",\"item\":\"https:\\\/\\\/inmondo.pl\\\/sklep\\\/\"},{\"@type\":\"ListItem\",\"position\":3,\"name\":\"kolekcje\",\"item\":\"https:\\\/\\\/inmondo.pl\\\/de\\\/sklep\\\/kolekcje\\\/\"},{\"@type\":\"ListItem\",\"position\":4,\"name\":\"Nooi\",\"item\":\"https:\\\/\\\/inmondo.pl\\\/sklep\\\/kolekcje\\\/nooi\\\/\"},{\"@type\":\"ListItem\",\"position\":5,\"name\":\"Nooi &#8211; Biurko do rega\u0142u\"}]},{\"@type\":\"WebSite\",\"@id\":\"https:\\\/\\\/inmondo.pl\\\/#website\",\"url\":\"https:\\\/\\\/inmondo.pl\\\/\",\"name\":\"Inmondo\",\"description\":\"\",\"potentialAction\":[{\"@type\":\"SearchAction\",\"target\":{\"@type\":\"EntryPoint\",\"urlTemplate\":\"https:\\\/\\\/inmondo.pl\\\/?s={search_term_string}\"},\"query-input\":{\"@type\":\"PropertyValueSpecification\",\"valueRequired\":true,\"valueName\":\"search_term_string\"}}],\"inLanguage\":\"de\"}]}<\/script>\n<!-- \/ Yoast SEO plugin. -->","yoast_head_json":{"title":"Nooi - B\u00fccherregal Schreibtisch - Inmondo","description":"Unser Schreibtisch ist so konzipiert, dass er sich mit den \u00fcbrigen modularen M\u00f6beln von Nooi kombinieren l\u00e4sst, so dass sie zusammen ein einzigartiges Ganzes bilden. Neu bei Inmondo.","robots":{"index":"index","follow":"follow","max-snippet":"max-snippet:-1","max-image-preview":"max-image-preview:large","max-video-preview":"max-video-preview:-1"},"canonical":"https:\/\/inmondo.pl\/de\/sklep\/elementy\/biurka\/nooi-biurko-do-regalu\/","og_locale":"de_DE","og_type":"article","og_title":"Nooi - Biurko do rega\u0142u - Inmondo","og_description":"Nasze biurko zosta\u0142o zaprojektowane z my\u015bl\u0105 o po\u0142\u0105czeniu go z reszt\u0105 mebli modu\u0142owych Nooi tak, aby razem tworzy\u0142y wyj\u0105tkow\u0105 ca\u0142o\u015b\u0107. Nowo\u015b\u0107 w Inmondo.","og_url":"https:\/\/inmondo.pl\/de\/sklep\/elementy\/biurka\/nooi-biurko-do-regalu\/","og_site_name":"Inmondo","article_modified_time":"2025-06-05T10:26:12+00:00","og_image":[{"width":1920,"height":1452,"url":"http:\/\/inmondo.pl\/wp-content\/uploads\/2022\/12\/2019_09_INMONDO_PACKSHOTY-21601-scaled.jpg","type":"image\/jpeg"}],"twitter_card":"summary_large_image","schema":{"@context":"https:\/\/schema.org","@graph":[{"@type":"WebPage","@id":"https:\/\/inmondo.pl\/sklep\/elementy\/biurka\/nooi-biurko-do-regalu\/","url":"https:\/\/inmondo.pl\/sklep\/elementy\/biurka\/nooi-biurko-do-regalu\/","name":"Nooi - B\u00fccherregal Schreibtisch - Inmondo","isPartOf":{"@id":"https:\/\/inmondo.pl\/#website"},"primaryImageOfPage":{"@id":"https:\/\/inmondo.pl\/sklep\/elementy\/biurka\/nooi-biurko-do-regalu\/#primaryimage"},"image":{"@id":"https:\/\/inmondo.pl\/sklep\/elementy\/biurka\/nooi-biurko-do-regalu\/#primaryimage"},"thumbnailUrl":"https:\/\/inmondo.pl\/wp-content\/uploads\/2022\/12\/2019_09_INMONDO_PACKSHOTY-21601-scaled.jpg","datePublished":"2022-12-28T15:11:43+00:00","dateModified":"2025-06-05T10:26:12+00:00","description":"Unser Schreibtisch ist so konzipiert, dass er sich mit den \u00fcbrigen modularen M\u00f6beln von Nooi kombinieren l\u00e4sst, so dass sie zusammen ein einzigartiges Ganzes bilden. Neu bei Inmondo.","breadcrumb":{"@id":"https:\/\/inmondo.pl\/sklep\/elementy\/biurka\/nooi-biurko-do-regalu\/#breadcrumb"},"inLanguage":"de","potentialAction":[{"@type":"ReadAction","target":["https:\/\/inmondo.pl\/sklep\/elementy\/biurka\/nooi-biurko-do-regalu\/"]}]},{"@type":"ImageObject","inLanguage":"de","@id":"https:\/\/inmondo.pl\/sklep\/elementy\/biurka\/nooi-biurko-do-regalu\/#primaryimage","url":"https:\/\/inmondo.pl\/wp-content\/uploads\/2022\/12\/2019_09_INMONDO_PACKSHOTY-21601-scaled.jpg","contentUrl":"https:\/\/inmondo.pl\/wp-content\/uploads\/2022\/12\/2019_09_INMONDO_PACKSHOTY-21601-scaled.jpg","width":1920,"height":1452},{"@type":"BreadcrumbList","@id":"https:\/\/inmondo.pl\/sklep\/elementy\/biurka\/nooi-biurko-do-regalu\/#breadcrumb","itemListElement":[{"@type":"ListItem","position":1,"name":"Strona g\u0142\u00f3wna","item":"https:\/\/inmondo.pl\/"},{"@type":"ListItem","position":2,"name":"Oferta Inmondo: spe\u0142niamy marzenia i wymagania","item":"https:\/\/inmondo.pl\/sklep\/"},{"@type":"ListItem","position":3,"name":"kolekcje","item":"https:\/\/inmondo.pl\/de\/sklep\/kolekcje\/"},{"@type":"ListItem","position":4,"name":"Nooi","item":"https:\/\/inmondo.pl\/sklep\/kolekcje\/nooi\/"},{"@type":"ListItem","position":5,"name":"Nooi &#8211; Biurko do rega\u0142u"}]},{"@type":"WebSite","@id":"https:\/\/inmondo.pl\/#website","url":"https:\/\/inmondo.pl\/","name":"Inmondo","description":"","potentialAction":[{"@type":"SearchAction","target":{"@type":"EntryPoint","urlTemplate":"https:\/\/inmondo.pl\/?s={search_term_string}"},"query-input":{"@type":"PropertyValueSpecification","valueRequired":true,"valueName":"search_term_string"}}],"inLanguage":"de"}]}},"wcpa_form_fields":null,"_links":{"self":[{"href":"https:\/\/inmondo.pl\/de\/wp-json\/wp\/v2\/product\/4850","targetHints":{"allow":["GET"]}}],"collection":[{"href":"https:\/\/inmondo.pl\/de\/wp-json\/wp\/v2\/product"}],"about":[{"href":"https:\/\/inmondo.pl\/de\/wp-json\/wp\/v2\/types\/product"}],"replies":[{"embeddable":true,"href":"https:\/\/inmondo.pl\/de\/wp-json\/wp\/v2\/comments?post=4850"}],"wp:featuredmedia":[{"embeddable":true,"href":"https:\/\/inmondo.pl\/de\/wp-json\/wp\/v2\/media\/6172"}],"wp:attachment":[{"href":"https:\/\/inmondo.pl\/de\/wp-json\/wp\/v2\/media?parent=4850"}],"wp:term":[{"taxonomy":"product_brand","embeddable":true,"href":"https:\/\/inmondo.pl\/de\/wp-json\/wp\/v2\/product_brand?post=4850"},{"taxonomy":"product_cat","embeddable":true,"href":"https:\/\/inmondo.pl\/de\/wp-json\/wp\/v2\/product_cat?post=4850"},{"taxonomy":"product_tag","embeddable":true,"href":"https:\/\/inmondo.pl\/de\/wp-json\/wp\/v2\/product_tag?post=4850"}],"curies":[{"name":"wp","href":"https:\/\/api.w.org\/{rel}","templated":true}]}}