{"id":4836,"date":"2022-12-28T09:00:36","date_gmt":"2022-12-28T08:00:36","guid":{"rendered":"https:\/\/inmondo.pl\/?post_type=product&#038;p=4836"},"modified":"2025-06-09T08:15:57","modified_gmt":"2025-06-09T06:15:57","slug":"nooi-polregal","status":"publish","type":"product","link":"https:\/\/inmondo.pl\/de\/sklep\/elementy\/polki\/nooi-polregal\/","title":{"rendered":"Nooi - Halb-Register"},"content":{"rendered":"","protected":false},"excerpt":{"rendered":"<p>Suchen Sie ein modernes B\u00fccherregal? Die Nooi Halbregale \u00fcbereinander zu stapeln ist eine interessante L\u00f6sung, um ein praktisches M\u00f6belst\u00fcck zu schaffen.<\/p>\n<p>Das offene B\u00fccherregal ist ideal f\u00fcr die Organisation von Spielzeug und B\u00fcchern.<\/p>\n<p>&nbsp;<\/p>\n<p>Der Halbschrank ist auch die perfekte Erg\u00e4nzung zu unseren 1D- und 2D-Schr\u00e4nken.<br \/>\nSie k\u00f6nnen direkt auf den Schrank gestellt werden, oder durch die Wahl eines zus\u00e4tzlichen Satzes von Beinen k\u00f6nnen Sie zus\u00e4tzlichen Raum zwischen dem Schrank und dem Halbliegesessel schaffen.<\/p>\n<p>&nbsp;<\/p>\n<p>Sie k\u00f6nnen darin moderne Dekorationen, Fotos, Erinnerungsst\u00fccke oder Blumen anordnen.<\/p>\n<p>&nbsp;<\/p>\n<p>Wenn Sie verschiedene Elemente aus der Nooi-Kollektion kombinieren m\u00f6chten - schauen Sie sich unsere erste\u00a0<strong><a href=\"https:\/\/inmondo.pl\/wp-content\/uploads\/2022\/12\/Instrukcja-Kolekcji-Nooi-3.pdf\">Anweisungen<\/a><\/strong><\/p>\n<p>&nbsp;<\/p>\n<p>Hinweis: Wenn Sie das Half-Rack mit anderen Elementen kombinieren m\u00f6chten, w\u00e4hlen Sie die Option \"Ich m\u00f6chte Module kombinieren\".<\/p>\n<p>&nbsp;<\/p>\n<h6>Vorlaufzeit: 6-8 Wochen<\/h6>","protected":false},"featured_media":4837,"comment_status":"open","ping_status":"closed","template":"","meta":{"_acf_changed":false},"product_brand":[],"product_cat":[20,98,31,38],"product_tag":[],"class_list":{"0":"post-4836","1":"product","2":"type-product","3":"status-publish","4":"has-post-thumbnail","6":"product_cat-elementy","7":"product_cat-nooi","8":"product_cat-polki","9":"product_cat-regaly","11":"first","12":"onbackorder","13":"taxable","14":"shipping-taxable","15":"purchasable","16":"product-type-variable"},"acf":{"sections_woocommerce":[{"acf_fc_layout":"section_menu","is_active":true,"repeater":[{"text":"opis","link":"#opis"},{"text":"kolekcja","link":"#kolekcja"},{"text":"lookbook","link":"#lookbook"},{"text":"opinie","link":"#opinie"},{"text":"inne z&nbsp;kolekcji","link":"#inne"}]},{"acf_fc_layout":"section_woocommerce_text_image","is_active":true,"anchor":"#opis","text_align":"textAlign--right","grid_width":"main","wysiwyg":"<h2>Szukasz rega\u0142u do\u00a0pokoju dziecka?<\/h2>\n<p>Mamy dla\u00a0Ciebie idealne rozwi\u0105zanie.<\/p>\n<p>P\u00f3\u0142-reag\u0142 z\u00a0kolekcji Nooi mo\u017cesz zestawia\u0107 jeden na\u00a0drugim, dzi\u0119ki czemu tworzysz zupe\u0142nie nowy mebel.<\/p>\n<p>P\u00f3\u0142-rega\u0142em mo\u017cna r\u00f3wnie\u017c nadbudowa\u0107 szafki 1D i\u00a02D, aby\u00a0zyska\u0107 dodatkow\u0105 przestrze\u0144.<\/p>\n<p>&nbsp;<\/p>\n<p>Je\u017celi\u00a0chcesz \u0142\u0105czy\u0107 ze sob\u0105 r\u00f3\u017cne elementy kolekcji Nooi &#8211; sprawd\u017a nasz\u0105 <a href=\"https:\/\/inmondo.pl\/wp-content\/uploads\/2022\/12\/Instrukcja-Kolekcji-Nooi-3.pdf\"><strong>instrukcj\u0119<\/strong><\/a><\/p>\n<p>&nbsp;<\/p>\n<p>&nbsp;<\/p>\n","image":"https:\/\/inmondo.pl\/wp-content\/uploads\/2022\/12\/2022_09_INMONDO_GROW_ARANZACJE_8389-scaled.jpg"},{"acf_fc_layout":"section_woocommerce_text_image","is_active":true,"anchor":"#kolekcja","text_align":"textAlign--left","grid_width":"main","wysiwyg":"<h1>Kolekcja Nooi<\/h1>\n<p>Dzieci i\u00a0ich potrzeby nieustannie si\u0119 zmieniaj\u0105. Staramy si\u0119 by\u0107 ca\u0142y czas na\u00a0bie\u017c\u0105co, wdra\u017ca\u0107 nowe pomys\u0142y, szuka\u0107 nowych inspiracji.<\/p>\n<p>Taka w\u0142a\u015bnie jest kolekcja Nooi<strong>.<\/strong>\u2013 dzi\u0119ki niej sami zdecydujecie, jak b\u0119dzie wygl\u0105da\u0142a Wasza przestrze\u0144<\/p>\n<p>Kolekcja modu\u0142owa to nasze zaproszenie dla\u00a0rodzic\u00f3w z\u00a0dzie\u0107mi do\u00a0podejmowania wsp\u00f3lnych decyzji co do\u00a0aran\u017cacji dzieci\u0119cego pokoju.<\/p>\n<p>Wybierajcie z\u00a0wielu element\u00f3w kolekcji, po\u0142\u0105czcie je z\u00a0wyj\u0105tkowymi kolorami front\u00f3w, i\u00a0tak oto powstanie Wasz unikalny projekt!<\/p>\n","image":"https:\/\/inmondo.pl\/wp-content\/uploads\/2022\/12\/2022_09_INMONDO_GROW_8087.jpg"},{"acf_fc_layout":"section_woocommerce_lookbook","is_active":true,"anchor":"#lookbook","header":"","repeater":[{"shortcode":"[woocommerce_lookbook id=\"4957\"]"},{"shortcode":"[woocommerce_lookbook id=\"4958\"]"},{"shortcode":"[woocommerce_lookbook id=\"4960\"]"}]},{"acf_fc_layout":"section_woocommerce_opinions","is_active":true,"anchor":"#opinie"},{"acf_fc_layout":"section_woocommerce_otherFromCategory","is_active":true,"anchor":"#inne"}],"wymiary":"szeroko\u015b\u0107 81 cm<br \/>\r\ng\u0142\u0119boko\u015b\u0107: 43 cm<br \/>\r\nwysoko\u015b\u0107: 40 cm<br \/>\r\n","materialy":"Korpusy: - MDF<br \/>\r\nFronty: - MDF<br \/>\r\nP\u00f3\u0142ki: - MDF<br \/>\r\nNogi: - d\u0105b lity"},"yoast_head":"<!-- This site is optimized with the Yoast SEO plugin v27.3 - https:\/\/yoast.com\/product\/yoast-seo-wordpress\/ -->\n<title>Nooi - P\u00f3\u0142-rega\u0142 - Inmondo<\/title>\n<meta name=\"description\" content=\"Idealne uzupe\u0142nienie dla szafek modu\u0142owej kolekcji Nooi. Mo\u017cna ustawi\u0107 je jeden na drugim, aby uzyska\u0107 otwarty rega\u0142, na ksi\u0105\u017cki lub zabawki.\" \/>\n<meta name=\"robots\" content=\"index, follow, max-snippet:-1, max-image-preview:large, max-video-preview:-1\" \/>\n<link rel=\"canonical\" href=\"https:\/\/inmondo.pl\/de\/sklep\/elementy\/polki\/nooi-polregal\/\" \/>\n<meta property=\"og:locale\" content=\"de_DE\" \/>\n<meta property=\"og:type\" content=\"article\" \/>\n<meta property=\"og:title\" content=\"Nooi - P\u00f3\u0142-rega\u0142 - Inmondo\" \/>\n<meta property=\"og:description\" content=\"Idealne uzupe\u0142nienie dla szafek modu\u0142owej kolekcji Nooi. Mo\u017cna ustawi\u0107 je jeden na drugim, aby uzyska\u0107 otwarty rega\u0142, na ksi\u0105\u017cki lub zabawki.\" \/>\n<meta property=\"og:url\" content=\"https:\/\/inmondo.pl\/de\/sklep\/elementy\/polki\/nooi-polregal\/\" \/>\n<meta property=\"og:site_name\" content=\"Inmondo\" \/>\n<meta property=\"article:modified_time\" content=\"2025-06-09T06:15:57+00:00\" \/>\n<meta property=\"og:image\" content=\"http:\/\/inmondo.pl\/wp-content\/uploads\/2022\/12\/2019_09_INMONDO_PACKSHOTY-21582-1-scaled.jpg\" \/>\n\t<meta property=\"og:image:width\" content=\"1920\" \/>\n\t<meta property=\"og:image:height\" content=\"1452\" \/>\n\t<meta property=\"og:image:type\" content=\"image\/jpeg\" \/>\n<meta name=\"twitter:card\" content=\"summary_large_image\" \/>\n<script type=\"application\/ld+json\" class=\"yoast-schema-graph\">{\"@context\":\"https:\\\/\\\/schema.org\",\"@graph\":[{\"@type\":\"WebPage\",\"@id\":\"https:\\\/\\\/inmondo.pl\\\/sklep\\\/elementy\\\/polki\\\/nooi-polregal\\\/\",\"url\":\"https:\\\/\\\/inmondo.pl\\\/sklep\\\/elementy\\\/polki\\\/nooi-polregal\\\/\",\"name\":\"Nooi - P\u00f3\u0142-rega\u0142 - Inmondo\",\"isPartOf\":{\"@id\":\"https:\\\/\\\/inmondo.pl\\\/#website\"},\"primaryImageOfPage\":{\"@id\":\"https:\\\/\\\/inmondo.pl\\\/sklep\\\/elementy\\\/polki\\\/nooi-polregal\\\/#primaryimage\"},\"image\":{\"@id\":\"https:\\\/\\\/inmondo.pl\\\/sklep\\\/elementy\\\/polki\\\/nooi-polregal\\\/#primaryimage\"},\"thumbnailUrl\":\"https:\\\/\\\/inmondo.pl\\\/wp-content\\\/uploads\\\/2022\\\/12\\\/2019_09_INMONDO_PACKSHOTY-21582-1-scaled.jpg\",\"datePublished\":\"2022-12-28T08:00:36+00:00\",\"dateModified\":\"2025-06-09T06:15:57+00:00\",\"description\":\"Idealne uzupe\u0142nienie dla szafek modu\u0142owej kolekcji Nooi. Mo\u017cna ustawi\u0107 je jeden na drugim, aby uzyska\u0107 otwarty rega\u0142, na ksi\u0105\u017cki lub zabawki.\",\"breadcrumb\":{\"@id\":\"https:\\\/\\\/inmondo.pl\\\/sklep\\\/elementy\\\/polki\\\/nooi-polregal\\\/#breadcrumb\"},\"inLanguage\":\"de\",\"potentialAction\":[{\"@type\":\"ReadAction\",\"target\":[\"https:\\\/\\\/inmondo.pl\\\/sklep\\\/elementy\\\/polki\\\/nooi-polregal\\\/\"]}]},{\"@type\":\"ImageObject\",\"inLanguage\":\"de\",\"@id\":\"https:\\\/\\\/inmondo.pl\\\/sklep\\\/elementy\\\/polki\\\/nooi-polregal\\\/#primaryimage\",\"url\":\"https:\\\/\\\/inmondo.pl\\\/wp-content\\\/uploads\\\/2022\\\/12\\\/2019_09_INMONDO_PACKSHOTY-21582-1-scaled.jpg\",\"contentUrl\":\"https:\\\/\\\/inmondo.pl\\\/wp-content\\\/uploads\\\/2022\\\/12\\\/2019_09_INMONDO_PACKSHOTY-21582-1-scaled.jpg\",\"width\":1920,\"height\":1452},{\"@type\":\"BreadcrumbList\",\"@id\":\"https:\\\/\\\/inmondo.pl\\\/sklep\\\/elementy\\\/polki\\\/nooi-polregal\\\/#breadcrumb\",\"itemListElement\":[{\"@type\":\"ListItem\",\"position\":1,\"name\":\"Strona g\u0142\u00f3wna\",\"item\":\"https:\\\/\\\/inmondo.pl\\\/\"},{\"@type\":\"ListItem\",\"position\":2,\"name\":\"Oferta Inmondo: spe\u0142niamy marzenia i wymagania\",\"item\":\"https:\\\/\\\/inmondo.pl\\\/sklep\\\/\"},{\"@type\":\"ListItem\",\"position\":3,\"name\":\"kolekcje\",\"item\":\"https:\\\/\\\/inmondo.pl\\\/de\\\/sklep\\\/kolekcje\\\/\"},{\"@type\":\"ListItem\",\"position\":4,\"name\":\"Nooi\",\"item\":\"https:\\\/\\\/inmondo.pl\\\/sklep\\\/kolekcje\\\/nooi\\\/\"},{\"@type\":\"ListItem\",\"position\":5,\"name\":\"Nooi &#8211; P\u00f3\u0142-rega\u0142\"}]},{\"@type\":\"WebSite\",\"@id\":\"https:\\\/\\\/inmondo.pl\\\/#website\",\"url\":\"https:\\\/\\\/inmondo.pl\\\/\",\"name\":\"Inmondo\",\"description\":\"\",\"potentialAction\":[{\"@type\":\"SearchAction\",\"target\":{\"@type\":\"EntryPoint\",\"urlTemplate\":\"https:\\\/\\\/inmondo.pl\\\/?s={search_term_string}\"},\"query-input\":{\"@type\":\"PropertyValueSpecification\",\"valueRequired\":true,\"valueName\":\"search_term_string\"}}],\"inLanguage\":\"de\"}]}<\/script>\n<!-- \/ Yoast SEO plugin. -->","yoast_head_json":{"title":"Nooi - Halb-Register - Inmondo","description":"Die perfekte Erg\u00e4nzung zu den Schr\u00e4nken der modularen Kollektion Nooi. Sie k\u00f6nnen \u00fcbereinander gestapelt werden, um ein offenes B\u00fccherregal f\u00fcr B\u00fccher oder Spielzeug zu schaffen.","robots":{"index":"index","follow":"follow","max-snippet":"max-snippet:-1","max-image-preview":"max-image-preview:large","max-video-preview":"max-video-preview:-1"},"canonical":"https:\/\/inmondo.pl\/de\/sklep\/elementy\/polki\/nooi-polregal\/","og_locale":"de_DE","og_type":"article","og_title":"Nooi - P\u00f3\u0142-rega\u0142 - Inmondo","og_description":"Idealne uzupe\u0142nienie dla szafek modu\u0142owej kolekcji Nooi. Mo\u017cna ustawi\u0107 je jeden na drugim, aby uzyska\u0107 otwarty rega\u0142, na ksi\u0105\u017cki lub zabawki.","og_url":"https:\/\/inmondo.pl\/de\/sklep\/elementy\/polki\/nooi-polregal\/","og_site_name":"Inmondo","article_modified_time":"2025-06-09T06:15:57+00:00","og_image":[{"width":1920,"height":1452,"url":"http:\/\/inmondo.pl\/wp-content\/uploads\/2022\/12\/2019_09_INMONDO_PACKSHOTY-21582-1-scaled.jpg","type":"image\/jpeg"}],"twitter_card":"summary_large_image","schema":{"@context":"https:\/\/schema.org","@graph":[{"@type":"WebPage","@id":"https:\/\/inmondo.pl\/sklep\/elementy\/polki\/nooi-polregal\/","url":"https:\/\/inmondo.pl\/sklep\/elementy\/polki\/nooi-polregal\/","name":"Nooi - Halb-Register - Inmondo","isPartOf":{"@id":"https:\/\/inmondo.pl\/#website"},"primaryImageOfPage":{"@id":"https:\/\/inmondo.pl\/sklep\/elementy\/polki\/nooi-polregal\/#primaryimage"},"image":{"@id":"https:\/\/inmondo.pl\/sklep\/elementy\/polki\/nooi-polregal\/#primaryimage"},"thumbnailUrl":"https:\/\/inmondo.pl\/wp-content\/uploads\/2022\/12\/2019_09_INMONDO_PACKSHOTY-21582-1-scaled.jpg","datePublished":"2022-12-28T08:00:36+00:00","dateModified":"2025-06-09T06:15:57+00:00","description":"Die perfekte Erg\u00e4nzung zu den Schr\u00e4nken der modularen Kollektion Nooi. Sie k\u00f6nnen \u00fcbereinander gestapelt werden, um ein offenes B\u00fccherregal f\u00fcr B\u00fccher oder Spielzeug zu schaffen.","breadcrumb":{"@id":"https:\/\/inmondo.pl\/sklep\/elementy\/polki\/nooi-polregal\/#breadcrumb"},"inLanguage":"de","potentialAction":[{"@type":"ReadAction","target":["https:\/\/inmondo.pl\/sklep\/elementy\/polki\/nooi-polregal\/"]}]},{"@type":"ImageObject","inLanguage":"de","@id":"https:\/\/inmondo.pl\/sklep\/elementy\/polki\/nooi-polregal\/#primaryimage","url":"https:\/\/inmondo.pl\/wp-content\/uploads\/2022\/12\/2019_09_INMONDO_PACKSHOTY-21582-1-scaled.jpg","contentUrl":"https:\/\/inmondo.pl\/wp-content\/uploads\/2022\/12\/2019_09_INMONDO_PACKSHOTY-21582-1-scaled.jpg","width":1920,"height":1452},{"@type":"BreadcrumbList","@id":"https:\/\/inmondo.pl\/sklep\/elementy\/polki\/nooi-polregal\/#breadcrumb","itemListElement":[{"@type":"ListItem","position":1,"name":"Strona g\u0142\u00f3wna","item":"https:\/\/inmondo.pl\/"},{"@type":"ListItem","position":2,"name":"Oferta Inmondo: spe\u0142niamy marzenia i wymagania","item":"https:\/\/inmondo.pl\/sklep\/"},{"@type":"ListItem","position":3,"name":"kolekcje","item":"https:\/\/inmondo.pl\/de\/sklep\/kolekcje\/"},{"@type":"ListItem","position":4,"name":"Nooi","item":"https:\/\/inmondo.pl\/sklep\/kolekcje\/nooi\/"},{"@type":"ListItem","position":5,"name":"Nooi &#8211; P\u00f3\u0142-rega\u0142"}]},{"@type":"WebSite","@id":"https:\/\/inmondo.pl\/#website","url":"https:\/\/inmondo.pl\/","name":"Inmondo","description":"","potentialAction":[{"@type":"SearchAction","target":{"@type":"EntryPoint","urlTemplate":"https:\/\/inmondo.pl\/?s={search_term_string}"},"query-input":{"@type":"PropertyValueSpecification","valueRequired":true,"valueName":"search_term_string"}}],"inLanguage":"de"}]}},"wcpa_form_fields":null,"_links":{"self":[{"href":"https:\/\/inmondo.pl\/de\/wp-json\/wp\/v2\/product\/4836","targetHints":{"allow":["GET"]}}],"collection":[{"href":"https:\/\/inmondo.pl\/de\/wp-json\/wp\/v2\/product"}],"about":[{"href":"https:\/\/inmondo.pl\/de\/wp-json\/wp\/v2\/types\/product"}],"replies":[{"embeddable":true,"href":"https:\/\/inmondo.pl\/de\/wp-json\/wp\/v2\/comments?post=4836"}],"wp:featuredmedia":[{"embeddable":true,"href":"https:\/\/inmondo.pl\/de\/wp-json\/wp\/v2\/media\/4837"}],"wp:attachment":[{"href":"https:\/\/inmondo.pl\/de\/wp-json\/wp\/v2\/media?parent=4836"}],"wp:term":[{"taxonomy":"product_brand","embeddable":true,"href":"https:\/\/inmondo.pl\/de\/wp-json\/wp\/v2\/product_brand?post=4836"},{"taxonomy":"product_cat","embeddable":true,"href":"https:\/\/inmondo.pl\/de\/wp-json\/wp\/v2\/product_cat?post=4836"},{"taxonomy":"product_tag","embeddable":true,"href":"https:\/\/inmondo.pl\/de\/wp-json\/wp\/v2\/product_tag?post=4836"}],"curies":[{"name":"wp","href":"https:\/\/api.w.org\/{rel}","templated":true}]}}