{"id":4824,"date":"2022-12-27T14:14:11","date_gmt":"2022-12-27T13:14:11","guid":{"rendered":"https:\/\/inmondo.pl\/?post_type=product&#038;p=4824"},"modified":"2026-04-08T15:15:33","modified_gmt":"2026-04-08T13:15:33","slug":"nooi-biurko-stacjonarne","status":"publish","type":"product","link":"https:\/\/inmondo.pl\/de\/sklep\/elementy\/biurka\/nooi-biurko-stacjonarne\/","title":{"rendered":"Nooi - B\u00fcrotisch - CLEARANCE SALE"},"content":{"rendered":"","protected":false},"excerpt":{"rendered":"<p>Der Kinderschreibtisch ist eines der grundlegenden Elemente der Kinderzimmergestaltung - hier macht das Kind seine Hausaufgaben, erwirbt neues Wissen, spielt und entwickelt seine Interessen.\u00a0<a href=\"https:\/\/inmondo.pl\/de\/sklep\/elementy\/biurka\/\">Schreibtische<\/a>\u00a0Die Kinderst\u00fchle aus Holz in unserem Sortiment erf\u00fcllen alle diese Anforderungen - sie sind verstellbar, haben ein interessantes Design und ausreichend Platz zum Arbeiten. Bequem und funktional\u00a0<a href=\"https:\/\/inmondo.pl\/de\/sklep\/elementy\/biurka\/\">Schreibtisch<\/a>\u00a0ist ein unverzichtbarer Bestandteil des Kinderzimmers.<\/p>\n<p>&nbsp;<\/p>\n<p><strong>Der station\u00e4re Schreibtisch ist h\u00f6henverstellbar, je nach K\u00f6rpergr\u00f6\u00dfe des Kindes. Die Beine des Schreibtisches sind mit L\u00f6chern zur H\u00f6henverstellung versehen.<\/strong><\/p>\n<p>&nbsp;<\/p>","protected":false},"featured_media":6171,"comment_status":"open","ping_status":"closed","template":"","meta":{"_acf_changed":false},"product_brand":[],"product_cat":[29,99,98],"product_tag":[],"class_list":{"0":"post-4824","1":"product","2":"type-product","3":"status-publish","4":"has-post-thumbnail","6":"product_cat-biurka","7":"product_cat-meble-dostepne","8":"product_cat-nooi","10":"first","11":"instock","12":"sale","13":"taxable","14":"shipping-taxable","15":"purchasable","16":"product-type-simple"},"acf":{"sections_woocommerce":[{"acf_fc_layout":"section_menu","is_active":true,"repeater":[{"text":"opis","link":"#opis"},{"text":"kolekcja","link":"#kolekcja"},{"text":"lookbook","link":"#lookbook"},{"text":"opinie","link":"#opinie"}]},{"acf_fc_layout":"section_woocommerce_text_image","is_active":true,"anchor":"#opis","text_align":"textAlign--right","grid_width":"main","wysiwyg":"<h2>Biurko stacjonarne dla\u00a0dzieci<\/h2>\n<p>Biurko dla\u00a0dzieci to jeden z\u00a0podstawowych element\u00f3w wystroju pokoju dzieci\u0119cego \u2013 to w\u0142a\u015bnie przy\u00a0nim dziecko b\u0119dzie odrabia\u0142o lekcje, zdobywa\u0142o now\u0105 wiedz\u0119, bawi\u0142o si\u0119 i\u00a0rozwija\u0142o swoje zainteresowania.<\/p>\n<p><a href=\"https:\/\/inmondo.pl\/sklep\/elementy\/biurka\/\">Biurka<\/a>\u00a0drewniane dla\u00a0dzieci z\u00a0naszej oferty spe\u0142niaj\u0105 wszystkie te za\u0142o\u017cenia \u2014 s\u0105 regulowane, maj\u0105 ciekawy design i\u00a0odpowiedni\u0105 przestrze\u0144 do\u00a0pracy.<\/p>\n<p>Wygodne i\u00a0funkcjonalne\u00a0<a href=\"https:\/\/inmondo.pl\/sklep\/elementy\/biurka\/\">biurko<\/a>\u00a0to niezb\u0119dny element pokoju dzieci\u0119cego.<\/p>\n<p>&nbsp;<\/p>\n<p>Biurko stacjonarne z\u00a0kolekcji Nooi ma mo\u017cliwo\u015b\u0107 regulacji wysoko\u015bci, w\u00a0zale\u017cno\u015bci od wzrostu dziecka nogi biurka wyposa\u017cone zosta\u0142y w\u00a0otwory, kt\u00f3re pozwol\u0105 na\u00a0dopasowanie wysoko\u015bci.<\/p>\n<p>&nbsp;<\/p>\n<p><a href=\"https:\/\/inmondo.pl\/?attachment_id=6156\"><img loading=\"lazy\" decoding=\"async\" class=\"aligncenter wp-image-6156 size-large\" src=\"https:\/\/inmondo.pl\/wp-content\/uploads\/2022\/12\/Jak-dobrac-wysokosc-biurka-1-1024x724.jpg\" alt=\"\" width=\"1024\" height=\"724\" srcset=\"https:\/\/inmondo.pl\/wp-content\/uploads\/2022\/12\/Jak-dobrac-wysokosc-biurka-1-1024x724.jpg 1024w, https:\/\/inmondo.pl\/wp-content\/uploads\/2022\/12\/Jak-dobrac-wysokosc-biurka-1-300x212.jpg 300w, https:\/\/inmondo.pl\/wp-content\/uploads\/2022\/12\/Jak-dobrac-wysokosc-biurka-1-768x543.jpg 768w, https:\/\/inmondo.pl\/wp-content\/uploads\/2022\/12\/Jak-dobrac-wysokosc-biurka-1-1536x1086.jpg 1536w, https:\/\/inmondo.pl\/wp-content\/uploads\/2022\/12\/Jak-dobrac-wysokosc-biurka-1-2048x1448.jpg 2048w, https:\/\/inmondo.pl\/wp-content\/uploads\/2022\/12\/Jak-dobrac-wysokosc-biurka-1-18x12.jpg 18w, https:\/\/inmondo.pl\/wp-content\/uploads\/2022\/12\/Jak-dobrac-wysokosc-biurka-1.jpg 1920w, https:\/\/inmondo.pl\/wp-content\/uploads\/2022\/12\/Jak-dobrac-wysokosc-biurka-1-750x530.jpg 750w, https:\/\/inmondo.pl\/wp-content\/uploads\/2022\/12\/Jak-dobrac-wysokosc-biurka-1-400x283.jpg 400w, https:\/\/inmondo.pl\/wp-content\/uploads\/2022\/12\/Jak-dobrac-wysokosc-biurka-1-600x424.jpg 600w\" sizes=\"auto, (max-width: 1024px) 100vw, 1024px\" \/><\/a><\/p>\n<p>&nbsp;<\/p>\n<p>Wiemy, \u017ce\u00a0dzieci sp\u0119dzaj\u0105 sporo swojego czasu przy\u00a0biurku, dlatego\u00a0w Inmondo dbamy, aby\u00a0nasze produkty by\u0142y idealne dla\u00a0dzieci w\u00a0ka\u017cdym wieku. Biurko z\u00a0kolekcji Nooi, b\u0119dzie odpowiednie zar\u00f3wno dla\u00a0przedszkolaka jak i\u00a0ucznia.<\/p>\n","image":"https:\/\/inmondo.pl\/wp-content\/uploads\/2022\/12\/2022_09_INMONDO_GROW_ARANZACJE_8341-scaled.jpg"},{"acf_fc_layout":"section_woocommerce_text_image","is_active":true,"anchor":"#kolekcja","text_align":"textAlign--right","grid_width":"main","wysiwyg":"<h2>Kolekcja Nooi<\/h2>\n<p>Aby\u00a0u\u0142atwi\u0107 dokonywanie zakup\u00f3w, przygotowali\u015bmy gotowe zestawy mebli.<\/p>\n<p>&nbsp;<\/p>\n<p>Przemy\u015blane tak, \u017ceby spe\u0142ni\u0107 wszystkie potrzeby dzieci.<\/p>\n<p>&nbsp;<\/p>\n<p>Miejsca do\u00a0przechowywania, rega\u0142y gdzie mo\u017cna wyeksponowa\u0107 dzieci\u0119ce skarby.<\/p>\n<p>Wszystko dopasowane, aby\u00a0maksymalnie wykorzysta\u0107 przestrze\u0144 pokoju dzieci\u0119cego.<\/p>\n<p>&nbsp;<\/p>\n<p>Po\u0142\u0105czenie solidnych materia\u0142\u00f3w, u\u017cycie przyjaznych \u015brodowisku i\u00a0dzieciom lakier\u00f3w wodnych \u2013 to podstawa kolekcji Nooi.<\/p>\n<p>Opr\u00f3cz jako\u015bci stawiamy na\u00a0design, nie mog\u0142o tego zabrakn\u0105\u0107 r\u00f3wnie\u017c w\u00a0kolekcji Nooi.<\/p>\n<p>&nbsp;<\/p>\n<p>Meble b\u0119d\u0105 z\u00a0pewno\u015bci\u0105 s\u0142u\u017cy\u0142y dzieciom wiele lat.<\/p>\n","image":"https:\/\/inmondo.pl\/wp-content\/uploads\/2022\/12\/2022_09_INMONDO_GROW_8121-scaled.jpg"},{"acf_fc_layout":"section_woocommerce_text_image","is_active":true,"anchor":"#kolekcja","text_align":"textAlign--right","grid_width":"main","wysiwyg":"","image":"https:\/\/inmondo.pl\/wp-content\/uploads\/2022\/12\/2022_09_INMONDO_GROW_ARANZACJE_8481-scaled.jpg"},{"acf_fc_layout":"section_woocommerce_opinions","is_active":true,"anchor":"#opinie"},{"acf_fc_layout":"section_woocommerce_lookbook","is_active":true,"anchor":"#lookbook","header":"","repeater":[{"shortcode":"[woocommerce_lookbook id=\"4958\"]"},{"shortcode":"[woocommerce_lookbook id=\"4957\"]"}]},{"acf_fc_layout":"section_woocommerce_otherFromCategory","is_active":true,"anchor":"#inne"}],"wymiary":"szeroko\u015b\u0107 106<br \/>\r\ng\u0142\u0119boko\u015b\u0107 blatu: 61,5 cm<br \/>\r\nwysoko\u015b\u0107 biurka: 72,5","materialy":"MDF, drewno d\u0119bowe, lakiery wodne","czas_realizacji":""},"yoast_head":"<!-- This site is optimized with the Yoast SEO plugin v27.3 - https:\/\/yoast.com\/product\/yoast-seo-wordpress\/ -->\n<title>Nooi - Biurko stacjonarne - WYPRZEDA\u017b - Inmondo<\/title>\n<meta name=\"description\" content=\"Drewniane biurko stacjonarne dla dziecka, to jeden z podstawowych element\u00f3w wystroju dzieci\u0119cego pokoju. Sprawd\u017a now\u0105 kolekcj\u0119 Inmondo - Nooi.\" \/>\n<meta name=\"robots\" content=\"index, follow, max-snippet:-1, max-image-preview:large, max-video-preview:-1\" \/>\n<link rel=\"canonical\" href=\"https:\/\/inmondo.pl\/de\/sklep\/elementy\/biurka\/nooi-biurko-stacjonarne\/\" \/>\n<meta property=\"og:locale\" content=\"de_DE\" \/>\n<meta property=\"og:type\" content=\"article\" \/>\n<meta property=\"og:title\" content=\"Nooi - Biurko stacjonarne - WYPRZEDA\u017b - Inmondo\" \/>\n<meta property=\"og:description\" content=\"Drewniane biurko stacjonarne dla dziecka, to jeden z podstawowych element\u00f3w wystroju dzieci\u0119cego pokoju. Sprawd\u017a now\u0105 kolekcj\u0119 Inmondo - Nooi.\" \/>\n<meta property=\"og:url\" content=\"https:\/\/inmondo.pl\/de\/sklep\/elementy\/biurka\/nooi-biurko-stacjonarne\/\" \/>\n<meta property=\"og:site_name\" content=\"Inmondo\" \/>\n<meta property=\"article:modified_time\" content=\"2026-04-08T13:15:33+00:00\" \/>\n<meta property=\"og:image\" content=\"http:\/\/inmondo.pl\/wp-content\/uploads\/2022\/12\/2019_09_INMONDO_PACKSHOTY-21602-scaled.jpg\" \/>\n\t<meta property=\"og:image:width\" content=\"1920\" \/>\n\t<meta property=\"og:image:height\" content=\"1452\" \/>\n\t<meta property=\"og:image:type\" content=\"image\/jpeg\" \/>\n<meta name=\"twitter:card\" content=\"summary_large_image\" \/>\n<meta name=\"twitter:label1\" content=\"Gesch\u00e4tzte Lesezeit\" \/>\n\t<meta name=\"twitter:data1\" content=\"3\u00a0Minuten\" \/>\n<script type=\"application\/ld+json\" class=\"yoast-schema-graph\">{\"@context\":\"https:\\\/\\\/schema.org\",\"@graph\":[{\"@type\":\"WebPage\",\"@id\":\"https:\\\/\\\/inmondo.pl\\\/sklep\\\/elementy\\\/biurka\\\/nooi-biurko-stacjonarne\\\/\",\"url\":\"https:\\\/\\\/inmondo.pl\\\/sklep\\\/elementy\\\/biurka\\\/nooi-biurko-stacjonarne\\\/\",\"name\":\"Nooi - Biurko stacjonarne - WYPRZEDA\u017b - Inmondo\",\"isPartOf\":{\"@id\":\"https:\\\/\\\/inmondo.pl\\\/#website\"},\"primaryImageOfPage\":{\"@id\":\"https:\\\/\\\/inmondo.pl\\\/sklep\\\/elementy\\\/biurka\\\/nooi-biurko-stacjonarne\\\/#primaryimage\"},\"image\":{\"@id\":\"https:\\\/\\\/inmondo.pl\\\/sklep\\\/elementy\\\/biurka\\\/nooi-biurko-stacjonarne\\\/#primaryimage\"},\"thumbnailUrl\":\"https:\\\/\\\/inmondo.pl\\\/wp-content\\\/uploads\\\/2022\\\/12\\\/2019_09_INMONDO_PACKSHOTY-21602-scaled.jpg\",\"datePublished\":\"2022-12-27T13:14:11+00:00\",\"dateModified\":\"2026-04-08T13:15:33+00:00\",\"description\":\"Drewniane biurko stacjonarne dla dziecka, to jeden z podstawowych element\u00f3w wystroju dzieci\u0119cego pokoju. Sprawd\u017a now\u0105 kolekcj\u0119 Inmondo - Nooi.\",\"breadcrumb\":{\"@id\":\"https:\\\/\\\/inmondo.pl\\\/sklep\\\/elementy\\\/biurka\\\/nooi-biurko-stacjonarne\\\/#breadcrumb\"},\"inLanguage\":\"de\",\"potentialAction\":[{\"@type\":\"ReadAction\",\"target\":[\"https:\\\/\\\/inmondo.pl\\\/sklep\\\/elementy\\\/biurka\\\/nooi-biurko-stacjonarne\\\/\"]}]},{\"@type\":\"ImageObject\",\"inLanguage\":\"de\",\"@id\":\"https:\\\/\\\/inmondo.pl\\\/sklep\\\/elementy\\\/biurka\\\/nooi-biurko-stacjonarne\\\/#primaryimage\",\"url\":\"https:\\\/\\\/inmondo.pl\\\/wp-content\\\/uploads\\\/2022\\\/12\\\/2019_09_INMONDO_PACKSHOTY-21602-scaled.jpg\",\"contentUrl\":\"https:\\\/\\\/inmondo.pl\\\/wp-content\\\/uploads\\\/2022\\\/12\\\/2019_09_INMONDO_PACKSHOTY-21602-scaled.jpg\",\"width\":1920,\"height\":1452},{\"@type\":\"BreadcrumbList\",\"@id\":\"https:\\\/\\\/inmondo.pl\\\/sklep\\\/elementy\\\/biurka\\\/nooi-biurko-stacjonarne\\\/#breadcrumb\",\"itemListElement\":[{\"@type\":\"ListItem\",\"position\":1,\"name\":\"Strona g\u0142\u00f3wna\",\"item\":\"https:\\\/\\\/inmondo.pl\\\/\"},{\"@type\":\"ListItem\",\"position\":2,\"name\":\"Oferta Inmondo: spe\u0142niamy marzenia i wymagania\",\"item\":\"https:\\\/\\\/inmondo.pl\\\/sklep\\\/\"},{\"@type\":\"ListItem\",\"position\":3,\"name\":\"kolekcje\",\"item\":\"https:\\\/\\\/inmondo.pl\\\/de\\\/sklep\\\/kolekcje\\\/\"},{\"@type\":\"ListItem\",\"position\":4,\"name\":\"Nooi\",\"item\":\"https:\\\/\\\/inmondo.pl\\\/sklep\\\/kolekcje\\\/nooi\\\/\"},{\"@type\":\"ListItem\",\"position\":5,\"name\":\"Nooi &#8211; Biurko stacjonarne &#8211; WYPRZEDA\u017b\"}]},{\"@type\":\"WebSite\",\"@id\":\"https:\\\/\\\/inmondo.pl\\\/#website\",\"url\":\"https:\\\/\\\/inmondo.pl\\\/\",\"name\":\"Inmondo\",\"description\":\"\",\"potentialAction\":[{\"@type\":\"SearchAction\",\"target\":{\"@type\":\"EntryPoint\",\"urlTemplate\":\"https:\\\/\\\/inmondo.pl\\\/?s={search_term_string}\"},\"query-input\":{\"@type\":\"PropertyValueSpecification\",\"valueRequired\":true,\"valueName\":\"search_term_string\"}}],\"inLanguage\":\"de\"}]}<\/script>\n<!-- \/ Yoast SEO plugin. -->","yoast_head_json":{"title":"Nooi - B\u00fcrotisch - CLEARANCE SALE - Inmondo","description":"Ein Schreibtisch aus Holz f\u00fcr Ihr Kind ist eines der wichtigsten Gestaltungselemente eines Kinderzimmers. Schauen Sie sich die neue Kollektion von Inmondo an - Nooi.","robots":{"index":"index","follow":"follow","max-snippet":"max-snippet:-1","max-image-preview":"max-image-preview:large","max-video-preview":"max-video-preview:-1"},"canonical":"https:\/\/inmondo.pl\/de\/sklep\/elementy\/biurka\/nooi-biurko-stacjonarne\/","og_locale":"de_DE","og_type":"article","og_title":"Nooi - Biurko stacjonarne - WYPRZEDA\u017b - Inmondo","og_description":"Drewniane biurko stacjonarne dla dziecka, to jeden z podstawowych element\u00f3w wystroju dzieci\u0119cego pokoju. Sprawd\u017a now\u0105 kolekcj\u0119 Inmondo - Nooi.","og_url":"https:\/\/inmondo.pl\/de\/sklep\/elementy\/biurka\/nooi-biurko-stacjonarne\/","og_site_name":"Inmondo","article_modified_time":"2026-04-08T13:15:33+00:00","og_image":[{"width":1920,"height":1452,"url":"http:\/\/inmondo.pl\/wp-content\/uploads\/2022\/12\/2019_09_INMONDO_PACKSHOTY-21602-scaled.jpg","type":"image\/jpeg"}],"twitter_card":"summary_large_image","twitter_misc":{"Gesch\u00e4tzte Lesezeit":"3\u00a0Minuten"},"schema":{"@context":"https:\/\/schema.org","@graph":[{"@type":"WebPage","@id":"https:\/\/inmondo.pl\/sklep\/elementy\/biurka\/nooi-biurko-stacjonarne\/","url":"https:\/\/inmondo.pl\/sklep\/elementy\/biurka\/nooi-biurko-stacjonarne\/","name":"Nooi - B\u00fcrotisch - CLEARANCE SALE - Inmondo","isPartOf":{"@id":"https:\/\/inmondo.pl\/#website"},"primaryImageOfPage":{"@id":"https:\/\/inmondo.pl\/sklep\/elementy\/biurka\/nooi-biurko-stacjonarne\/#primaryimage"},"image":{"@id":"https:\/\/inmondo.pl\/sklep\/elementy\/biurka\/nooi-biurko-stacjonarne\/#primaryimage"},"thumbnailUrl":"https:\/\/inmondo.pl\/wp-content\/uploads\/2022\/12\/2019_09_INMONDO_PACKSHOTY-21602-scaled.jpg","datePublished":"2022-12-27T13:14:11+00:00","dateModified":"2026-04-08T13:15:33+00:00","description":"Ein Schreibtisch aus Holz f\u00fcr Ihr Kind ist eines der wichtigsten Gestaltungselemente eines Kinderzimmers. Schauen Sie sich die neue Kollektion von Inmondo an - Nooi.","breadcrumb":{"@id":"https:\/\/inmondo.pl\/sklep\/elementy\/biurka\/nooi-biurko-stacjonarne\/#breadcrumb"},"inLanguage":"de","potentialAction":[{"@type":"ReadAction","target":["https:\/\/inmondo.pl\/sklep\/elementy\/biurka\/nooi-biurko-stacjonarne\/"]}]},{"@type":"ImageObject","inLanguage":"de","@id":"https:\/\/inmondo.pl\/sklep\/elementy\/biurka\/nooi-biurko-stacjonarne\/#primaryimage","url":"https:\/\/inmondo.pl\/wp-content\/uploads\/2022\/12\/2019_09_INMONDO_PACKSHOTY-21602-scaled.jpg","contentUrl":"https:\/\/inmondo.pl\/wp-content\/uploads\/2022\/12\/2019_09_INMONDO_PACKSHOTY-21602-scaled.jpg","width":1920,"height":1452},{"@type":"BreadcrumbList","@id":"https:\/\/inmondo.pl\/sklep\/elementy\/biurka\/nooi-biurko-stacjonarne\/#breadcrumb","itemListElement":[{"@type":"ListItem","position":1,"name":"Strona g\u0142\u00f3wna","item":"https:\/\/inmondo.pl\/"},{"@type":"ListItem","position":2,"name":"Oferta Inmondo: spe\u0142niamy marzenia i wymagania","item":"https:\/\/inmondo.pl\/sklep\/"},{"@type":"ListItem","position":3,"name":"kolekcje","item":"https:\/\/inmondo.pl\/de\/sklep\/kolekcje\/"},{"@type":"ListItem","position":4,"name":"Nooi","item":"https:\/\/inmondo.pl\/sklep\/kolekcje\/nooi\/"},{"@type":"ListItem","position":5,"name":"Nooi &#8211; Biurko stacjonarne &#8211; WYPRZEDA\u017b"}]},{"@type":"WebSite","@id":"https:\/\/inmondo.pl\/#website","url":"https:\/\/inmondo.pl\/","name":"Inmondo","description":"","potentialAction":[{"@type":"SearchAction","target":{"@type":"EntryPoint","urlTemplate":"https:\/\/inmondo.pl\/?s={search_term_string}"},"query-input":{"@type":"PropertyValueSpecification","valueRequired":true,"valueName":"search_term_string"}}],"inLanguage":"de"}]}},"wcpa_form_fields":null,"_links":{"self":[{"href":"https:\/\/inmondo.pl\/de\/wp-json\/wp\/v2\/product\/4824","targetHints":{"allow":["GET"]}}],"collection":[{"href":"https:\/\/inmondo.pl\/de\/wp-json\/wp\/v2\/product"}],"about":[{"href":"https:\/\/inmondo.pl\/de\/wp-json\/wp\/v2\/types\/product"}],"replies":[{"embeddable":true,"href":"https:\/\/inmondo.pl\/de\/wp-json\/wp\/v2\/comments?post=4824"}],"wp:featuredmedia":[{"embeddable":true,"href":"https:\/\/inmondo.pl\/de\/wp-json\/wp\/v2\/media\/6171"}],"wp:attachment":[{"href":"https:\/\/inmondo.pl\/de\/wp-json\/wp\/v2\/media?parent=4824"}],"wp:term":[{"taxonomy":"product_brand","embeddable":true,"href":"https:\/\/inmondo.pl\/de\/wp-json\/wp\/v2\/product_brand?post=4824"},{"taxonomy":"product_cat","embeddable":true,"href":"https:\/\/inmondo.pl\/de\/wp-json\/wp\/v2\/product_cat?post=4824"},{"taxonomy":"product_tag","embeddable":true,"href":"https:\/\/inmondo.pl\/de\/wp-json\/wp\/v2\/product_tag?post=4824"}],"curies":[{"name":"wp","href":"https:\/\/api.w.org\/{rel}","templated":true}]}}