{"id":2727,"date":"2020-09-11T09:07:00","date_gmt":"2020-09-11T07:07:00","guid":{"rendered":"https:\/\/inmondo.pl\/?post_type=product&#038;p=2727"},"modified":"2026-03-30T10:42:27","modified_gmt":"2026-03-30T08:42:27","slug":"matratze-resto-120","status":"publish","type":"product","link":"https:\/\/inmondo.pl\/de\/sklep\/elementy\/materace\/matratze-resto-120\/","title":{"rendered":"Matratze RESTO 120"},"content":{"rendered":"<p><strong>Kindermatratze &quot;RESTO&quot;<\/strong> hergestellt mit der kontinuierlichen Maxfoam \u2122 -Methode. Dieses einzigartige Herstellungsverfahren gew\u00e4hrleistet eine gleichm\u00e4\u00dfige und gleichm\u00e4\u00dfige Verteilung der Schaumdichte im gesamten Block. Die Parameter wurden so gew\u00e4hlt, dass die Matratze <strong>es war nicht zu weich, aber auch zu hart f\u00fcr ein Kind<\/strong><\/p>","protected":false},"excerpt":{"rendered":"<p><strong>Kindermatratze &quot;RESTO&quot;<\/strong> Es wurde mit Blick auf den Komfort der j\u00fcngsten Benutzer entwickelt - seine Oberfl\u00e4che bietet eine ausreichende Unterst\u00fctzung f\u00fcr die Wirbels\u00e4ule, ist jedoch weich genug, um einen Schlafkomfort zu gew\u00e4hrleisten. Die Matratze ist hochwertig verarbeitet <strong>Latexschaum<\/strong> (20% Naturlatex, 80% synthetischer Latex) und Polyurethan, deren Herstellung die Maxfoam \u2122 -Methode (25 kg \/ m3) verwendet, die garantiert <strong>gleichm\u00e4\u00dfige Schaumdichte.<br \/>\n<\/strong><\/p>\n<p>&nbsp;<\/p>","protected":false},"featured_media":2548,"comment_status":"open","ping_status":"closed","template":"","meta":{"_acf_changed":false},"product_brand":[],"product_cat":[20,44,99],"product_tag":[],"class_list":{"0":"post-2727","1":"product","2":"type-product","3":"status-publish","4":"has-post-thumbnail","6":"product_cat-elementy","7":"product_cat-materace","8":"product_cat-meble-dostepne","10":"first","11":"instock","12":"taxable","13":"shipping-taxable","14":"purchasable","15":"product-type-simple"},"acf":{"wymiary":"D\u0142ugo\u015b\u0107: 200 cm<br \/>\r\nSzeroko\u015b\u0107: 120 cm<br \/>\r\nWysoko\u015b\u0107: 13 cm<br \/>\r\n","materialy":"- Pianka PUR<br \/>\r\n","sections_woocommerce":[{"acf_fc_layout":"section_menu","is_active":true,"repeater":[{"text":"Opis","link":"#opis"},{"text":"Lookbook","link":"#lookbook"},{"text":"Opinie","link":"#opinie"},{"text":"Inne produkty","link":"#inneprodukty"}]},{"acf_fc_layout":"section_woocommerce_text_image","is_active":true,"anchor":"opis","text_align":"textAlign--left","grid_width":"main","wysiwyg":"<p>Zastosowane do\u00a0produkcji pianki spe\u0142niaj\u0105 surowe wymagania, a\u00a0ich wysok\u0105 jako\u015b\u0107 potwierdzaj\u0105 rygorystyczne testy jako\u015bci. Konstrukcja materaca zapewnia doskona\u0142\u0105 cyrkulacj\u0119 powietrza oraz\u00a0odpowiednie i\u00a0spr\u0119\u017cyste podparcie plec\u00f3w podczas snu i\u00a0wypoczynku.<\/p>\n<p>Wszystkie surowce zosta\u0142y zbadane pod\u00a0k\u0105tem braku substancji szkodliwych zgodnie z\u00a0wymaganiami certyfikatu Standard 100 by OEKO-TEX\u00ae (pod wzgl\u0119dem wymaga\u0144 najbardziej rygorystycznej klasy I, czyli\u00a0dla artyku\u0142\u00f3w dla\u00a0niemowl\u0105t i\u00a0ma\u0142ych dzieci w\u00a0wieku do\u00a03 lat).<\/p>\n","image":"https:\/\/inmondo.pl\/wp-content\/uploads\/2020\/09\/Materac-m\u0142odzie\u017cowy-przekr\u00f3j.png"},{"acf_fc_layout":"section_woocommerce_text_image","is_active":true,"anchor":"","text_align":"textAlign--right","grid_width":"main","wysiwyg":"<p>Pokrowiec materaca wykonany z\u00a0dzianiny Antyalergic Cover, kt\u00f3ra przesz\u0142a pozytywnie rygorystyczne badania. Niezale\u017cne laboratoria potwierdzi\u0142y, \u017ce\u00a0jest dobrze tolerowana przez\u00a0sk\u00f3r\u0119. Zapewnia d\u0142ugotrwa\u0142\u0105 \u015bwie\u017co\u015b\u0107 i\u00a0komfort. Skutecznie ogranicza rozw\u00f3j kolonii roztoczy i\u00a0ich alergen\u00f3w ka\u0142owych. Przeciwdzia\u0142a uczuleniom, alergii i\u00a0astmie. Wykazuje zwi\u0119kszon\u0105 wytrzyma\u0142o\u015b\u0107. Dzianina zosta\u0142a zbadana r\u00f3wnie\u017c pod\u00a0k\u0105tem braku substancji szkodliwych zgodnie z\u00a0wymaganiami certyfikatu Standard 100 by OEKO-TEX\u00ae (pod wzgl\u0119dem wymaga\u0144 najbardziej rygorystycznej klasy I, czyli\u00a0dla artyku\u0142\u00f3w dla\u00a0niemowl\u0105t i\u00a0ma\u0142ych dzieci w\u00a0wieku do\u00a03 lat) oraz\u00a0uzyska\u0142a certyfikat \u201eBezpieczny dla\u00a0dziecka\u201d.<\/p>\n","image":"https:\/\/inmondo.pl\/wp-content\/uploads\/2020\/09\/OEKO-TEX-CERTYFIKAT.png"},{"acf_fc_layout":"section_woocommerce_lookbook","is_active":true,"anchor":"lookbook","header":"<h2 style=\"text-align: center;\">Zobacz galeri\u0119 mebli uzupe\u0142niaj\u0105cych nasze kolekcje:<\/h2>\n<p style=\"text-align: center;\">Zapraszamy do\u00a0zapoznania si\u0119 z\u00a0kolekcj\u0105 uzupe\u0142niaj\u0105c\u0105. Wzbogacisz pok\u00f3j w\u00a0urocze elementy dodaj\u0105ce blasku twojemu wn\u0119trzu. Pokazujemy Ci tylko u\u0142amek mo\u017cliwo\u015bci\u2026 Zainspiruj si\u0119\u2026<\/p>\n","repeater":[{"shortcode":"[woocommerce_lookbook id=\"1582\"]"},{"shortcode":"[woocommerce_lookbook id=\"1279\"]"},{"shortcode":"[woocommerce_lookbook id=\"1351\"]"}]}],"czas_realizacji":""},"yoast_head":"<!-- This site is optimized with the Yoast SEO plugin v27.3 - https:\/\/yoast.com\/product\/yoast-seo-wordpress\/ -->\n<title>Materac RESTO 120 - Inmondo<\/title>\n<meta name=\"robots\" content=\"index, follow, max-snippet:-1, max-image-preview:large, max-video-preview:-1\" \/>\n<link rel=\"canonical\" href=\"https:\/\/inmondo.pl\/de\/sklep\/elementy\/materace\/matratze-resto-120\/\" \/>\n<meta property=\"og:locale\" content=\"de_DE\" \/>\n<meta property=\"og:type\" content=\"article\" \/>\n<meta property=\"og:title\" content=\"Materac RESTO 120 - Inmondo\" \/>\n<meta property=\"og:description\" content=\"Materac dzieci\u0119cy \u201cRESTO\u201d zosta\u0142 stworzony z my\u015bl\u0105 o wygodzie najm\u0142odszych u\u017cytkownik\u00f3w - jego powierzchnia zapewnia odpowiednie podparcie dla kr\u0119gos\u0142upa, jest jednak na tyle mi\u0119kki, by zapewni\u0107 komfort snu. Materac sk\u0142ada si\u0119 z wysokiej jako\u015bci pianki lateksowej (20% lateks naturalny, 80% lateks syntetyczny) i poliuretanowej, do kt\u00f3rej produkcji wykorzystano metod\u0119 Maxfoam\u2122 (25 kg\/m3), kt\u00f3ra gwarantuje r\u00f3wnomiern\u0105 g\u0119sto\u015b\u0107 pianki.   &nbsp;\" \/>\n<meta property=\"og:url\" content=\"https:\/\/inmondo.pl\/de\/sklep\/elementy\/materace\/matratze-resto-120\/\" \/>\n<meta property=\"og:site_name\" content=\"Inmondo\" \/>\n<meta property=\"article:modified_time\" content=\"2026-03-30T08:42:27+00:00\" \/>\n<meta property=\"og:image\" content=\"https:\/\/inmondo.pl\/wp-content\/uploads\/2020\/09\/Resto-1.png\" \/>\n\t<meta property=\"og:image:width\" content=\"1760\" \/>\n\t<meta property=\"og:image:height\" content=\"1730\" \/>\n\t<meta property=\"og:image:type\" content=\"image\/png\" \/>\n<meta name=\"twitter:card\" content=\"summary_large_image\" \/>\n<meta name=\"twitter:label1\" content=\"Gesch\u00e4tzte Lesezeit\" \/>\n\t<meta name=\"twitter:data1\" content=\"3\u00a0Minuten\" \/>\n<script type=\"application\/ld+json\" class=\"yoast-schema-graph\">{\"@context\":\"https:\\\/\\\/schema.org\",\"@graph\":[{\"@type\":\"WebPage\",\"@id\":\"https:\\\/\\\/inmondo.pl\\\/sklep\\\/elementy\\\/materace\\\/materac-resto-120\\\/\",\"url\":\"https:\\\/\\\/inmondo.pl\\\/sklep\\\/elementy\\\/materace\\\/materac-resto-120\\\/\",\"name\":\"Materac RESTO 120 - Inmondo\",\"isPartOf\":{\"@id\":\"https:\\\/\\\/inmondo.pl\\\/#website\"},\"primaryImageOfPage\":{\"@id\":\"https:\\\/\\\/inmondo.pl\\\/sklep\\\/elementy\\\/materace\\\/materac-resto-120\\\/#primaryimage\"},\"image\":{\"@id\":\"https:\\\/\\\/inmondo.pl\\\/sklep\\\/elementy\\\/materace\\\/materac-resto-120\\\/#primaryimage\"},\"thumbnailUrl\":\"https:\\\/\\\/inmondo.pl\\\/wp-content\\\/uploads\\\/2020\\\/09\\\/Resto-1.png\",\"datePublished\":\"2020-09-11T07:07:00+00:00\",\"dateModified\":\"2026-03-30T08:42:27+00:00\",\"breadcrumb\":{\"@id\":\"https:\\\/\\\/inmondo.pl\\\/sklep\\\/elementy\\\/materace\\\/materac-resto-120\\\/#breadcrumb\"},\"inLanguage\":\"de\",\"potentialAction\":[{\"@type\":\"ReadAction\",\"target\":[\"https:\\\/\\\/inmondo.pl\\\/sklep\\\/elementy\\\/materace\\\/materac-resto-120\\\/\"]}]},{\"@type\":\"ImageObject\",\"inLanguage\":\"de\",\"@id\":\"https:\\\/\\\/inmondo.pl\\\/sklep\\\/elementy\\\/materace\\\/materac-resto-120\\\/#primaryimage\",\"url\":\"https:\\\/\\\/inmondo.pl\\\/wp-content\\\/uploads\\\/2020\\\/09\\\/Resto-1.png\",\"contentUrl\":\"https:\\\/\\\/inmondo.pl\\\/wp-content\\\/uploads\\\/2020\\\/09\\\/Resto-1.png\",\"width\":1760,\"height\":1730},{\"@type\":\"BreadcrumbList\",\"@id\":\"https:\\\/\\\/inmondo.pl\\\/sklep\\\/elementy\\\/materace\\\/materac-resto-120\\\/#breadcrumb\",\"itemListElement\":[{\"@type\":\"ListItem\",\"position\":1,\"name\":\"Strona g\u0142\u00f3wna\",\"item\":\"https:\\\/\\\/inmondo.pl\\\/\"},{\"@type\":\"ListItem\",\"position\":2,\"name\":\"Oferta Inmondo: spe\u0142niamy marzenia i wymagania\",\"item\":\"https:\\\/\\\/inmondo.pl\\\/sklep\\\/\"},{\"@type\":\"ListItem\",\"position\":3,\"name\":\"Elementy\",\"item\":\"https:\\\/\\\/inmondo.pl\\\/sklep\\\/elementy\\\/\"},{\"@type\":\"ListItem\",\"position\":4,\"name\":\"Materac RESTO 120\"}]},{\"@type\":\"WebSite\",\"@id\":\"https:\\\/\\\/inmondo.pl\\\/#website\",\"url\":\"https:\\\/\\\/inmondo.pl\\\/\",\"name\":\"Inmondo\",\"description\":\"\",\"potentialAction\":[{\"@type\":\"SearchAction\",\"target\":{\"@type\":\"EntryPoint\",\"urlTemplate\":\"https:\\\/\\\/inmondo.pl\\\/?s={search_term_string}\"},\"query-input\":{\"@type\":\"PropertyValueSpecification\",\"valueRequired\":true,\"valueName\":\"search_term_string\"}}],\"inLanguage\":\"de\"}]}<\/script>\n<!-- \/ Yoast SEO plugin. -->","yoast_head_json":{"title":"Matratze RESTO 120 - Inmondo","robots":{"index":"index","follow":"follow","max-snippet":"max-snippet:-1","max-image-preview":"max-image-preview:large","max-video-preview":"max-video-preview:-1"},"canonical":"https:\/\/inmondo.pl\/de\/sklep\/elementy\/materace\/matratze-resto-120\/","og_locale":"de_DE","og_type":"article","og_title":"Materac RESTO 120 - Inmondo","og_description":"Materac dzieci\u0119cy \u201cRESTO\u201d zosta\u0142 stworzony z my\u015bl\u0105 o wygodzie najm\u0142odszych u\u017cytkownik\u00f3w - jego powierzchnia zapewnia odpowiednie podparcie dla kr\u0119gos\u0142upa, jest jednak na tyle mi\u0119kki, by zapewni\u0107 komfort snu. Materac sk\u0142ada si\u0119 z wysokiej jako\u015bci pianki lateksowej (20% lateks naturalny, 80% lateks syntetyczny) i poliuretanowej, do kt\u00f3rej produkcji wykorzystano metod\u0119 Maxfoam\u2122 (25 kg\/m3), kt\u00f3ra gwarantuje r\u00f3wnomiern\u0105 g\u0119sto\u015b\u0107 pianki.   &nbsp;","og_url":"https:\/\/inmondo.pl\/de\/sklep\/elementy\/materace\/matratze-resto-120\/","og_site_name":"Inmondo","article_modified_time":"2026-03-30T08:42:27+00:00","og_image":[{"width":1760,"height":1730,"url":"https:\/\/inmondo.pl\/wp-content\/uploads\/2020\/09\/Resto-1.png","type":"image\/png"}],"twitter_card":"summary_large_image","twitter_misc":{"Gesch\u00e4tzte Lesezeit":"3\u00a0Minuten"},"schema":{"@context":"https:\/\/schema.org","@graph":[{"@type":"WebPage","@id":"https:\/\/inmondo.pl\/sklep\/elementy\/materace\/materac-resto-120\/","url":"https:\/\/inmondo.pl\/sklep\/elementy\/materace\/materac-resto-120\/","name":"Matratze RESTO 120 - Inmondo","isPartOf":{"@id":"https:\/\/inmondo.pl\/#website"},"primaryImageOfPage":{"@id":"https:\/\/inmondo.pl\/sklep\/elementy\/materace\/materac-resto-120\/#primaryimage"},"image":{"@id":"https:\/\/inmondo.pl\/sklep\/elementy\/materace\/materac-resto-120\/#primaryimage"},"thumbnailUrl":"https:\/\/inmondo.pl\/wp-content\/uploads\/2020\/09\/Resto-1.png","datePublished":"2020-09-11T07:07:00+00:00","dateModified":"2026-03-30T08:42:27+00:00","breadcrumb":{"@id":"https:\/\/inmondo.pl\/sklep\/elementy\/materace\/materac-resto-120\/#breadcrumb"},"inLanguage":"de","potentialAction":[{"@type":"ReadAction","target":["https:\/\/inmondo.pl\/sklep\/elementy\/materace\/materac-resto-120\/"]}]},{"@type":"ImageObject","inLanguage":"de","@id":"https:\/\/inmondo.pl\/sklep\/elementy\/materace\/materac-resto-120\/#primaryimage","url":"https:\/\/inmondo.pl\/wp-content\/uploads\/2020\/09\/Resto-1.png","contentUrl":"https:\/\/inmondo.pl\/wp-content\/uploads\/2020\/09\/Resto-1.png","width":1760,"height":1730},{"@type":"BreadcrumbList","@id":"https:\/\/inmondo.pl\/sklep\/elementy\/materace\/materac-resto-120\/#breadcrumb","itemListElement":[{"@type":"ListItem","position":1,"name":"Strona g\u0142\u00f3wna","item":"https:\/\/inmondo.pl\/"},{"@type":"ListItem","position":2,"name":"Oferta Inmondo: spe\u0142niamy marzenia i wymagania","item":"https:\/\/inmondo.pl\/sklep\/"},{"@type":"ListItem","position":3,"name":"Elementy","item":"https:\/\/inmondo.pl\/sklep\/elementy\/"},{"@type":"ListItem","position":4,"name":"Materac RESTO 120"}]},{"@type":"WebSite","@id":"https:\/\/inmondo.pl\/#website","url":"https:\/\/inmondo.pl\/","name":"Inmondo","description":"","potentialAction":[{"@type":"SearchAction","target":{"@type":"EntryPoint","urlTemplate":"https:\/\/inmondo.pl\/?s={search_term_string}"},"query-input":{"@type":"PropertyValueSpecification","valueRequired":true,"valueName":"search_term_string"}}],"inLanguage":"de"}]}},"wcpa_form_fields":null,"_links":{"self":[{"href":"https:\/\/inmondo.pl\/de\/wp-json\/wp\/v2\/product\/2727","targetHints":{"allow":["GET"]}}],"collection":[{"href":"https:\/\/inmondo.pl\/de\/wp-json\/wp\/v2\/product"}],"about":[{"href":"https:\/\/inmondo.pl\/de\/wp-json\/wp\/v2\/types\/product"}],"replies":[{"embeddable":true,"href":"https:\/\/inmondo.pl\/de\/wp-json\/wp\/v2\/comments?post=2727"}],"wp:featuredmedia":[{"embeddable":true,"href":"https:\/\/inmondo.pl\/de\/wp-json\/wp\/v2\/media\/2548"}],"wp:attachment":[{"href":"https:\/\/inmondo.pl\/de\/wp-json\/wp\/v2\/media?parent=2727"}],"wp:term":[{"taxonomy":"product_brand","embeddable":true,"href":"https:\/\/inmondo.pl\/de\/wp-json\/wp\/v2\/product_brand?post=2727"},{"taxonomy":"product_cat","embeddable":true,"href":"https:\/\/inmondo.pl\/de\/wp-json\/wp\/v2\/product_cat?post=2727"},{"taxonomy":"product_tag","embeddable":true,"href":"https:\/\/inmondo.pl\/de\/wp-json\/wp\/v2\/product_tag?post=2727"}],"curies":[{"name":"wp","href":"https:\/\/api.w.org\/{rel}","templated":true}]}}