{"id":2621,"date":"2020-11-13T13:56:15","date_gmt":"2020-11-13T12:56:15","guid":{"rendered":"https:\/\/inmondo.pl\/?post_type=product&#038;p=2621"},"modified":"2025-12-10T11:03:21","modified_gmt":"2025-12-10T10:03:21","slug":"holzstuhl-3","status":"publish","type":"product","link":"https:\/\/inmondo.pl\/de\/sklep\/elementy\/krzesla-foteliki-stoliki\/holzstuhl-3\/","title":{"rendered":"Holzstuhl A-5910"},"content":{"rendered":"<p>Das Design bezieht sich auf die klassischen Windsor-St\u00fchle, die im 18. Jahrhundert in England, dann in Amerika und sogar Skandinavien sehr beliebt waren.<\/p>\n<p>Cech\u0105 charakterystyczn\u0105 tych krzese\u0142 jest a\u017curowa konstrukcja oparcia, sk\u0142adaj\u0105ca si\u0119 z rozchodz\u0105cych si\u0119 szczebli, osadzonych centralnie w masywnym siedzisku.&nbsp; Nietypowe i minimalistyczne po\u0142\u0105czenie, n\u00f3g w kszta\u0142cie litery H &#8211; zwi\u0119ksza wytrzyma\u0142o\u015b\u0107, oraz staje si\u0119 niezwyk\u0142ym akcentem przypisanym specjalnie dla tego modelu.<\/p>","protected":false},"excerpt":{"rendered":"<p>Das Design bezieht sich auf die klassischen Windsor-St\u00fchle, die im 18. Jahrhundert in England, dann in Amerika und sogar Skandinavien sehr beliebt waren.<\/p>\n<p>Charakteristisch f\u00fcr diese St\u00fchle ist die durchbrochene Struktur der R\u00fcckenlehne, bestehend aus divergierenden Sprossen, zentral in einer massiven Sitzfl\u00e4che platziert. Ungew\u00f6hnliche und minimalistische Verbindung von H-f\u00f6rmigen Beinen - erh\u00f6ht die Haltbarkeit und wird zu einem ungew\u00f6hnlichen Akzent, der speziell diesem Modell zugewiesen wird.<\/p>\n<p>Der Stuhl ist in verschiedenen Farben erh\u00e4ltlich: Wei\u00df, Schwarz oder Naturholz.<\/p>\n<p>Interessieren Sie sich f\u00fcr eine andere Farbe? Kontaktieren Sie uns<\/p>","protected":false},"featured_media":1306,"comment_status":"open","ping_status":"closed","template":"","meta":{"_acf_changed":false},"product_brand":[],"product_cat":[20,17,55],"product_tag":[],"class_list":{"0":"post-2621","1":"product","2":"type-product","3":"status-publish","4":"has-post-thumbnail","6":"product_cat-elementy","7":"product_cat-kolekcje","8":"product_cat-krzesla-foteliki-stoliki","10":"first","11":"onbackorder","12":"taxable","13":"shipping-taxable","14":"purchasable","15":"product-type-variable","16":"has-default-attributes"},"acf":{"wymiary":"Wysoko\u015b\u0107 ca\u0142kowita: 85 cm<br \/>\r\nG\u0142\u0119boko\u015b\u0107 ca\u0142kowita: 49 cm<br \/>\r\nSzeroko\u015b\u0107 ca\u0142kowita: 43,5cm<br \/>\r\nWysoko\u015b\u0107 do&nbsp;siedziska: 46 cm","materialy":"Drewno bukowe<br \/>\r\nSklejka bukowa<br \/>\r\n","sections_woocommerce":[{"acf_fc_layout":"section_menu","is_active":true,"repeater":[{"text":"Opis","link":"#opis"},{"text":"Lookbook","link":"#lookbook"},{"text":"Opinie","link":"#opini"},{"text":"Inne Produkty","link":"#inneprodukty"}]},{"acf_fc_layout":"section_woocommerce_text_image","is_active":true,"anchor":"#opis","text_align":"textAlign--left","grid_width":"main","wysiwyg":"<p>Nasze foteliki, krzes\u0142a i\u00a0stoliki zachwyc\u0105 najbardziej wymagaj\u0105cych klient\u00f3w \u2013 tych ma\u0142ych i\u00a0tych wi\u0119kszych \ud83d\ude42<\/p>\n<p>Idealnie wpisz\u0105 si\u0119 zar\u00f3wno w\u00a0pokoik Twojej pociechy, a\u00a0tak\u017ce, mog\u0105 stworzy\u0107 niebywa\u0142y k\u0105cik dla\u00a0dzieci w\u00a0Twoim salonie, gdzie zar\u00f3wno odrabianie lekcji, jak i\u00a0przyj\u0119cie ma\u0142ych koleg\u00f3w i\u00a0kole\u017canek b\u0119dzie jeszcze przyjemniejsze \ud83d\ude42<\/p>\n","image":"https:\/\/inmondo.pl\/wp-content\/uploads\/2020\/07\/2019_05_INMONDO_POK\u00d3J_CH\u0141OPCA_4-15142-1920.jpg"},{"acf_fc_layout":"section_woocommerce_text_image","is_active":true,"anchor":"","text_align":"textAlign--right","grid_width":"main","wysiwyg":"<p>Niezwyk\u0142e dodatki i\u00a0akcesoria, tworzone w\u00a0przekonaniu, \u017ce\u00a0ka\u017cde wn\u0119trze<br \/>\nmo\u017cna zaaran\u017cowa\u0107 w\u00a0pi\u0119kny spos\u00f3b, tworz\u0105c przestrze\u0144 nieprzeci\u0119tn\u0105<br \/>\n\u2013 wystarczy tylko troch\u0119 wyobra\u017ani. Wierzymy, \u017ce\u00a0wykorzystasz j\u0105 i\u00a0stworzysz pok\u00f3j swoich marze\u0144.<\/p>\n","image":"https:\/\/inmondo.pl\/wp-content\/uploads\/2020\/07\/2019_04_INMONDO_POK\u00d3J_DZIEWCZYNKI_1-11088-e1613745711259.jpg"},{"acf_fc_layout":"section_woocommerce_lookbook","is_active":true,"anchor":"#lookbook","header":"<h2 style=\"text-align: center;\">Zobacz galeri\u0119 mebli uzupe\u0142niaj\u0105cych nasze kolekcje:<\/h2>\n<p style=\"text-align: center;\">Zapraszamy do\u00a0zapoznania si\u0119 z\u00a0kolekcj\u0105 uzupe\u0142niaj\u0105c\u0105. Wzbogacisz pok\u00f3j w\u00a0urocze elementy dodaj\u0105ce blasku twojemu wn\u0119trzu. Pokazujemy Ci tylko u\u0142amek mo\u017cliwo\u015bci\u2026 Zainspiruj si\u0119\u2026<\/p>\n","repeater":[{"shortcode":"[woocommerce_lookbook id=\"1582\"]"},{"shortcode":"[woocommerce_lookbook id=\"1279\"]"},{"shortcode":"[woocommerce_lookbook id=\"1351\"]"}]}]},"yoast_head":"<!-- This site is optimized with the Yoast SEO plugin v27.3 - https:\/\/yoast.com\/product\/yoast-seo-wordpress\/ -->\n<title>Krzes\u0142o drewniane A-5910 - Inmondo<\/title>\n<meta name=\"robots\" content=\"index, follow, max-snippet:-1, max-image-preview:large, max-video-preview:-1\" \/>\n<link rel=\"canonical\" href=\"http:\/\/inmondo.pl\/de\/sklep\/elementy\/krzesla-foteliki-stoliki\/holzstuhl-3\/\" \/>\n<meta property=\"og:locale\" content=\"de_DE\" \/>\n<meta property=\"og:type\" content=\"article\" \/>\n<meta property=\"og:title\" content=\"Krzes\u0142o drewniane A-5910 - Inmondo\" \/>\n<meta property=\"og:description\" content=\"Projekt nawi\u0105zuje do klasycznych krzese\u0142 windsorskich, bardzo popularnych w Anglii w XVIII wieku, a nast\u0119pnie w Ameryce i nawet Skandynawii.  Cech\u0105 charakterystyczn\u0105 tych krzese\u0142 jest a\u017curowa konstrukcja oparcia, sk\u0142adaj\u0105ca si\u0119 z rozchodz\u0105cych si\u0119 szczebli, osadzonych centralnie w masywnym siedzisku.\u00a0 Nietypowe i minimalistyczne po\u0142\u0105czenie, n\u00f3g w kszta\u0142cie litery H - zwi\u0119ksza wytrzyma\u0142o\u015b\u0107, oraz staje si\u0119 niezwyk\u0142ym akcentem przypisanym specjalnie dla tego modelu.  Krzes\u0142o dost\u0119pne w wariantach kolorystycznych: bia\u0142y, czarny lub naturalnej barwie drewna.  Interesuje Ci\u0119 inny kolor? Skontaktuj si\u0119 z nami :)\" \/>\n<meta property=\"og:url\" content=\"http:\/\/inmondo.pl\/de\/sklep\/elementy\/krzesla-foteliki-stoliki\/holzstuhl-3\/\" \/>\n<meta property=\"og:site_name\" content=\"Inmondo\" \/>\n<meta property=\"article:modified_time\" content=\"2025-12-10T10:03:21+00:00\" \/>\n<meta property=\"og:image\" content=\"http:\/\/inmondo.pl\/wp-content\/uploads\/2020\/07\/2019_05_INMONDO_POK\u00d3J_CH\u0141OPCA_4-15200-kwadrat-1080.jpg\" \/>\n\t<meta property=\"og:image:width\" content=\"1080\" \/>\n\t<meta property=\"og:image:height\" content=\"1080\" \/>\n\t<meta property=\"og:image:type\" content=\"image\/jpeg\" \/>\n<meta name=\"twitter:card\" content=\"summary_large_image\" \/>\n<meta name=\"twitter:label1\" content=\"Gesch\u00e4tzte Lesezeit\" \/>\n\t<meta name=\"twitter:data1\" content=\"2\u00a0Minuten\" \/>\n<script type=\"application\/ld+json\" class=\"yoast-schema-graph\">{\"@context\":\"https:\\\/\\\/schema.org\",\"@graph\":[{\"@type\":\"WebPage\",\"@id\":\"http:\\\/\\\/inmondo.pl\\\/sklep\\\/elementy\\\/krzesla-foteliki-stoliki\\\/krzeslo-drewniane-3\\\/\",\"url\":\"http:\\\/\\\/inmondo.pl\\\/sklep\\\/elementy\\\/krzesla-foteliki-stoliki\\\/krzeslo-drewniane-3\\\/\",\"name\":\"Krzes\u0142o drewniane A-5910 - Inmondo\",\"isPartOf\":{\"@id\":\"https:\\\/\\\/inmondo.pl\\\/#website\"},\"primaryImageOfPage\":{\"@id\":\"http:\\\/\\\/inmondo.pl\\\/sklep\\\/elementy\\\/krzesla-foteliki-stoliki\\\/krzeslo-drewniane-3\\\/#primaryimage\"},\"image\":{\"@id\":\"http:\\\/\\\/inmondo.pl\\\/sklep\\\/elementy\\\/krzesla-foteliki-stoliki\\\/krzeslo-drewniane-3\\\/#primaryimage\"},\"thumbnailUrl\":\"https:\\\/\\\/inmondo.pl\\\/wp-content\\\/uploads\\\/2020\\\/07\\\/2019_05_INMONDO_POK\u00d3J_CH\u0141OPCA_4-15200-kwadrat-1080.jpg\",\"datePublished\":\"2020-11-13T12:56:15+00:00\",\"dateModified\":\"2025-12-10T10:03:21+00:00\",\"breadcrumb\":{\"@id\":\"http:\\\/\\\/inmondo.pl\\\/sklep\\\/elementy\\\/krzesla-foteliki-stoliki\\\/krzeslo-drewniane-3\\\/#breadcrumb\"},\"inLanguage\":\"de\",\"potentialAction\":[{\"@type\":\"ReadAction\",\"target\":[\"http:\\\/\\\/inmondo.pl\\\/sklep\\\/elementy\\\/krzesla-foteliki-stoliki\\\/krzeslo-drewniane-3\\\/\"]}]},{\"@type\":\"ImageObject\",\"inLanguage\":\"de\",\"@id\":\"http:\\\/\\\/inmondo.pl\\\/sklep\\\/elementy\\\/krzesla-foteliki-stoliki\\\/krzeslo-drewniane-3\\\/#primaryimage\",\"url\":\"https:\\\/\\\/inmondo.pl\\\/wp-content\\\/uploads\\\/2020\\\/07\\\/2019_05_INMONDO_POK\u00d3J_CH\u0141OPCA_4-15200-kwadrat-1080.jpg\",\"contentUrl\":\"https:\\\/\\\/inmondo.pl\\\/wp-content\\\/uploads\\\/2020\\\/07\\\/2019_05_INMONDO_POK\u00d3J_CH\u0141OPCA_4-15200-kwadrat-1080.jpg\",\"width\":1080,\"height\":1080,\"caption\":\"Regulowane biurko dla dzieci TIPOO idealne do nauki i zabawy\"},{\"@type\":\"BreadcrumbList\",\"@id\":\"http:\\\/\\\/inmondo.pl\\\/sklep\\\/elementy\\\/krzesla-foteliki-stoliki\\\/krzeslo-drewniane-3\\\/#breadcrumb\",\"itemListElement\":[{\"@type\":\"ListItem\",\"position\":1,\"name\":\"Strona g\u0142\u00f3wna\",\"item\":\"https:\\\/\\\/inmondo.pl\\\/\"},{\"@type\":\"ListItem\",\"position\":2,\"name\":\"Oferta Inmondo: spe\u0142niamy marzenia i wymagania\",\"item\":\"https:\\\/\\\/inmondo.pl\\\/sklep\\\/\"},{\"@type\":\"ListItem\",\"position\":3,\"name\":\"kolekcje\",\"item\":\"https:\\\/\\\/inmondo.pl\\\/de\\\/sklep\\\/kolekcje\\\/\"},{\"@type\":\"ListItem\",\"position\":4,\"name\":\"Krzes\u0142o drewniane A-5910\"}]},{\"@type\":\"WebSite\",\"@id\":\"https:\\\/\\\/inmondo.pl\\\/#website\",\"url\":\"https:\\\/\\\/inmondo.pl\\\/\",\"name\":\"Inmondo\",\"description\":\"\",\"potentialAction\":[{\"@type\":\"SearchAction\",\"target\":{\"@type\":\"EntryPoint\",\"urlTemplate\":\"https:\\\/\\\/inmondo.pl\\\/?s={search_term_string}\"},\"query-input\":{\"@type\":\"PropertyValueSpecification\",\"valueRequired\":true,\"valueName\":\"search_term_string\"}}],\"inLanguage\":\"de\"}]}<\/script>\n<!-- \/ Yoast SEO plugin. -->","yoast_head_json":{"title":"Holzstuhl A-5910 - Inmondo","robots":{"index":"index","follow":"follow","max-snippet":"max-snippet:-1","max-image-preview":"max-image-preview:large","max-video-preview":"max-video-preview:-1"},"canonical":"http:\/\/inmondo.pl\/de\/sklep\/elementy\/krzesla-foteliki-stoliki\/holzstuhl-3\/","og_locale":"de_DE","og_type":"article","og_title":"Krzes\u0142o drewniane A-5910 - Inmondo","og_description":"Projekt nawi\u0105zuje do klasycznych krzese\u0142 windsorskich, bardzo popularnych w Anglii w XVIII wieku, a nast\u0119pnie w Ameryce i nawet Skandynawii.  Cech\u0105 charakterystyczn\u0105 tych krzese\u0142 jest a\u017curowa konstrukcja oparcia, sk\u0142adaj\u0105ca si\u0119 z rozchodz\u0105cych si\u0119 szczebli, osadzonych centralnie w masywnym siedzisku.\u00a0 Nietypowe i minimalistyczne po\u0142\u0105czenie, n\u00f3g w kszta\u0142cie litery H - zwi\u0119ksza wytrzyma\u0142o\u015b\u0107, oraz staje si\u0119 niezwyk\u0142ym akcentem przypisanym specjalnie dla tego modelu.  Krzes\u0142o dost\u0119pne w wariantach kolorystycznych: bia\u0142y, czarny lub naturalnej barwie drewna.  Interesuje Ci\u0119 inny kolor? Skontaktuj si\u0119 z nami :)","og_url":"http:\/\/inmondo.pl\/de\/sklep\/elementy\/krzesla-foteliki-stoliki\/holzstuhl-3\/","og_site_name":"Inmondo","article_modified_time":"2025-12-10T10:03:21+00:00","og_image":[{"width":1080,"height":1080,"url":"http:\/\/inmondo.pl\/wp-content\/uploads\/2020\/07\/2019_05_INMONDO_POK\u00d3J_CH\u0141OPCA_4-15200-kwadrat-1080.jpg","type":"image\/jpeg"}],"twitter_card":"summary_large_image","twitter_misc":{"Gesch\u00e4tzte Lesezeit":"2\u00a0Minuten"},"schema":{"@context":"https:\/\/schema.org","@graph":[{"@type":"WebPage","@id":"http:\/\/inmondo.pl\/sklep\/elementy\/krzesla-foteliki-stoliki\/krzeslo-drewniane-3\/","url":"http:\/\/inmondo.pl\/sklep\/elementy\/krzesla-foteliki-stoliki\/krzeslo-drewniane-3\/","name":"Holzstuhl A-5910 - Inmondo","isPartOf":{"@id":"https:\/\/inmondo.pl\/#website"},"primaryImageOfPage":{"@id":"http:\/\/inmondo.pl\/sklep\/elementy\/krzesla-foteliki-stoliki\/krzeslo-drewniane-3\/#primaryimage"},"image":{"@id":"http:\/\/inmondo.pl\/sklep\/elementy\/krzesla-foteliki-stoliki\/krzeslo-drewniane-3\/#primaryimage"},"thumbnailUrl":"https:\/\/inmondo.pl\/wp-content\/uploads\/2020\/07\/2019_05_INMONDO_POK\u00d3J_CH\u0141OPCA_4-15200-kwadrat-1080.jpg","datePublished":"2020-11-13T12:56:15+00:00","dateModified":"2025-12-10T10:03:21+00:00","breadcrumb":{"@id":"http:\/\/inmondo.pl\/sklep\/elementy\/krzesla-foteliki-stoliki\/krzeslo-drewniane-3\/#breadcrumb"},"inLanguage":"de","potentialAction":[{"@type":"ReadAction","target":["http:\/\/inmondo.pl\/sklep\/elementy\/krzesla-foteliki-stoliki\/krzeslo-drewniane-3\/"]}]},{"@type":"ImageObject","inLanguage":"de","@id":"http:\/\/inmondo.pl\/sklep\/elementy\/krzesla-foteliki-stoliki\/krzeslo-drewniane-3\/#primaryimage","url":"https:\/\/inmondo.pl\/wp-content\/uploads\/2020\/07\/2019_05_INMONDO_POK\u00d3J_CH\u0141OPCA_4-15200-kwadrat-1080.jpg","contentUrl":"https:\/\/inmondo.pl\/wp-content\/uploads\/2020\/07\/2019_05_INMONDO_POK\u00d3J_CH\u0141OPCA_4-15200-kwadrat-1080.jpg","width":1080,"height":1080,"caption":"Regulowane biurko dla dzieci TIPOO idealne do nauki i zabawy"},{"@type":"BreadcrumbList","@id":"http:\/\/inmondo.pl\/sklep\/elementy\/krzesla-foteliki-stoliki\/krzeslo-drewniane-3\/#breadcrumb","itemListElement":[{"@type":"ListItem","position":1,"name":"Strona g\u0142\u00f3wna","item":"https:\/\/inmondo.pl\/"},{"@type":"ListItem","position":2,"name":"Oferta Inmondo: spe\u0142niamy marzenia i wymagania","item":"https:\/\/inmondo.pl\/sklep\/"},{"@type":"ListItem","position":3,"name":"kolekcje","item":"https:\/\/inmondo.pl\/de\/sklep\/kolekcje\/"},{"@type":"ListItem","position":4,"name":"Krzes\u0142o drewniane A-5910"}]},{"@type":"WebSite","@id":"https:\/\/inmondo.pl\/#website","url":"https:\/\/inmondo.pl\/","name":"Inmondo","description":"","potentialAction":[{"@type":"SearchAction","target":{"@type":"EntryPoint","urlTemplate":"https:\/\/inmondo.pl\/?s={search_term_string}"},"query-input":{"@type":"PropertyValueSpecification","valueRequired":true,"valueName":"search_term_string"}}],"inLanguage":"de"}]}},"wcpa_form_fields":null,"_links":{"self":[{"href":"https:\/\/inmondo.pl\/de\/wp-json\/wp\/v2\/product\/2621","targetHints":{"allow":["GET"]}}],"collection":[{"href":"https:\/\/inmondo.pl\/de\/wp-json\/wp\/v2\/product"}],"about":[{"href":"https:\/\/inmondo.pl\/de\/wp-json\/wp\/v2\/types\/product"}],"replies":[{"embeddable":true,"href":"https:\/\/inmondo.pl\/de\/wp-json\/wp\/v2\/comments?post=2621"}],"wp:featuredmedia":[{"embeddable":true,"href":"https:\/\/inmondo.pl\/de\/wp-json\/wp\/v2\/media\/1306"}],"wp:attachment":[{"href":"https:\/\/inmondo.pl\/de\/wp-json\/wp\/v2\/media?parent=2621"}],"wp:term":[{"taxonomy":"product_brand","embeddable":true,"href":"https:\/\/inmondo.pl\/de\/wp-json\/wp\/v2\/product_brand?post=2621"},{"taxonomy":"product_cat","embeddable":true,"href":"https:\/\/inmondo.pl\/de\/wp-json\/wp\/v2\/product_cat?post=2621"},{"taxonomy":"product_tag","embeddable":true,"href":"https:\/\/inmondo.pl\/de\/wp-json\/wp\/v2\/product_tag?post=2621"}],"curies":[{"name":"wp","href":"https:\/\/api.w.org\/{rel}","templated":true}]}}