{"id":2455,"date":"2020-10-12T14:49:52","date_gmt":"2020-10-12T12:49:52","guid":{"rendered":"https:\/\/inmondo.pl\/?post_type=product&#038;p=2455"},"modified":"2024-06-06T14:59:35","modified_gmt":"2024-06-06T12:59:35","slug":"lampka-litera-mini-od-a-do-z","status":"publish","type":"product","link":"https:\/\/inmondo.pl\/de\/sklep\/elementy\/oswietlenie\/lampka-litera-mini-od-a-do-z\/","title":{"rendered":"Buchstabenleuchte MINI (von A bis Z)"},"content":{"rendered":"<p>Holzlampen in Form der Buchstaben A bis Z in MINI-Gr\u00f6\u00dfe<\/p>\n<p>Initialen oder Inschriften geh\u00f6ren zu den subtilsten Dekorationen, die einem Raum Charakter verleihen.<\/p>\n<p>Nasza lampka o wysoko\u015bci&nbsp; 19 cm, tak jak jej wi\u0119ksza siostra MAXI, &#8222;wpisze&#8221;&nbsp; si\u0119 idealnie w ka\u017cdy pok\u00f3j \ud83d\ude42<\/p>\n<p>Jeder der Buchstaben kann auf einem Schreibtisch oder einem Regal stehen oder als Wandlampe verwendet werden - wir fertigen dann eine Lampe mit direktem Anschluss an das Stromnetz, ohne Schalter.<\/p>\n<p>Dank LED-Technologie ist der Schlaf mit seinem Licht sicher und die Dunkelheit ist nicht mehr schrecklich.<\/p>\n<p>Der Preis gilt f\u00fcr einen ausgew\u00e4hlten Buchstaben des Alphabets.<\/p>\n<p>Bitte geben Sie im Bestellkommentar an: Wahl des Buchstabens, ob die Lampe als Wandlampe verwendet werden soll.<\/p>\n<p>Es ist m\u00f6glich, eine 2-farbige Version herzustellen, wie im Fall des Buchstabens M auf dem Foto: eine Farbe - Vorderseite, die andere R\u00fcckseite und Seiten.<\/p>","protected":false},"excerpt":{"rendered":"<p>Holzlampen in Form der Buchstaben A bis Z in MINI-Gr\u00f6\u00dfe<\/p>\n<p>Initialen oder Inschriften geh\u00f6ren zu den subtilsten Dekorationen, die einem Raum Charakter verleihen.<\/p>\n<p>Unsere 19 cm hohe Lampe passt, genau wie ihre gro\u00dfe Schwester MAXI, perfekt in jeden Raum \ud83d\ude42 .<\/p>\n<p>Jeder der Buchstaben kann auf einem Schreibtisch oder einem Regal stehen oder als Wandlampe verwendet werden - wir fertigen dann eine Lampe mit direktem Anschluss an das Stromnetz, ohne Schalter.<\/p>\n<p>Dank LED-Technologie ist der Schlaf mit seinem Licht sicher und die Dunkelheit ist nicht mehr schrecklich.<\/p>\n<p>Der Preis gilt f\u00fcr einen ausgew\u00e4hlten Buchstaben des Alphabets.<\/p>\n<p>Bitte geben Sie im Bestellkommentar an: Wahl des Buchstabens, ob die Lampe als Wandlampe verwendet werden soll.<\/p>\n<p>Es ist m\u00f6glich, eine 2-farbige Version herzustellen, wie im Fall des Buchstabens M auf dem Foto: eine Farbe - Vorderseite, die andere R\u00fcckseite und Seiten.<\/p>","protected":false},"featured_media":2452,"comment_status":"open","ping_status":"closed","template":"","meta":{"_acf_changed":false},"product_brand":[],"product_cat":[50,20,17,52],"product_tag":[],"class_list":{"0":"post-2455","1":"product","2":"type-product","3":"status-publish","4":"has-post-thumbnail","6":"product_cat-dodatki","7":"product_cat-elementy","8":"product_cat-kolekcje","9":"product_cat-oswietlenie","11":"first","12":"onbackorder","13":"taxable","14":"shipping-taxable","15":"purchasable","16":"product-type-variable"},"acf":{"wymiary":"Wysoko\u015b\u0107: 39 cm<br \/>\r\n","materialy":"- Lite drewno sosnowe<br \/>\r\n- Lampki LED ciep\u0142y bia\u0142y  2,2W<br \/>\r\n- Zasilacz dogniazdkowy Input: AC 100-240 Output: DC 24V","sections_woocommerce":[{"acf_fc_layout":"section_menu","is_active":true,"repeater":[{"text":"Opis","link":"#opis"},{"text":"Lookbook","link":"#lookbook"},{"text":"Opinie","link":"#opinie"},{"text":"Inne Produkty","link":"#inneprodukty"}]},{"acf_fc_layout":"section_woocommerce_text_image","is_active":true,"anchor":"#opis","text_align":"textAlign--left","grid_width":"main","wysiwyg":"<p>Wyj\u0105tkowe wzory mebli, tworzone w\u00a0przekonaniu, \u017ce\u00a0ka\u017cde wn\u0119trze<br \/>\nmo\u017cna zaaran\u017cowa\u0107 w\u00a0pi\u0119kny spos\u00f3b, tworz\u0105c przestrze\u0144 nieprzeci\u0119tn\u0105<br \/>\n\u2013 wystarczy tylko troch\u0119 wyobra\u017ani. Wierzymy, \u017ce\u00a0wykorzystasz j\u0105 i\u00a0stworzysz pok\u00f3j swoich marze\u0144.<\/p>\n","image":"https:\/\/inmondo.pl\/wp-content\/uploads\/2020\/10\/image00003-scaled.jpeg"},{"acf_fc_layout":"section_woocommerce_lookbook","is_active":true,"anchor":"#lookbook","header":"<h2 style=\"text-align: center;\">Zobacz galeri\u0119 mebli uzupe\u0142niaj\u0105cych nasze kolekcje:<\/h2>\n<p style=\"text-align: center;\">Zapraszamy do\u00a0zapoznania si\u0119 z\u00a0kolekcj\u0105 uzupe\u0142niaj\u0105c\u0105. Wzbogacisz pok\u00f3j w\u00a0urocze elementy dodaj\u0105ce blasku twojemu wn\u0119trzu. Pokazujemy Ci tylko u\u0142amek mo\u017cliwo\u015bci\u2026 Zainspiruj si\u0119&#8230;<\/p>\n","repeater":[{"shortcode":"[woocommerce_lookbook id=\"1352\"]"},{"shortcode":"[woocommerce_lookbook id=\"1440\"]"},{"shortcode":"[woocommerce_lookbook id=\"1269\"]"},{"shortcode":"[woocommerce_lookbook id=\"1547\"]"},{"shortcode":"[woocommerce_lookbook id=\"1642\"]"}]}]},"yoast_head":"<!-- This site is optimized with the Yoast SEO plugin v27.3 - https:\/\/yoast.com\/product\/yoast-seo-wordpress\/ -->\n<title>Lampka Litera MINI (od A do Z) - Inmondo<\/title>\n<meta name=\"robots\" content=\"index, follow, max-snippet:-1, max-image-preview:large, max-video-preview:-1\" \/>\n<link rel=\"canonical\" href=\"http:\/\/inmondo.pl\/de\/sklep\/elementy\/oswietlenie\/lampka-litera-mini-od-a-do-z\/\" \/>\n<meta property=\"og:locale\" content=\"de_DE\" \/>\n<meta property=\"og:type\" content=\"article\" \/>\n<meta property=\"og:title\" content=\"Lampka Litera MINI (od A do Z) - Inmondo\" \/>\n<meta property=\"og:description\" content=\"Drewniane lampki w kszta\u0142cie liter od A do Z w rozmiarze MINI  Inicja\u0142y lub te\u017c napisy, to jedne z najbardziej subtelnych ozd\u00f3b jakie nadaj\u0105 charakteru pomieszczeniu.  Nasza lampka o wysoko\u015bci\u00a0 19 cm, tak jak jej wi\u0119ksza siostra MAXI, wpisze si\u0119 idealnie w ka\u017cdy pok\u00f3j :)  Ka\u017cda z literek mo\u017ce stan\u0105\u0107 na biurku czy te\u017c p\u00f3\u0142ce, albo pos\u0142u\u017cy\u0107 jako kinkiet - wykonamy wtedy lampk\u0119 z bezpo\u015brednim podpi\u0119ciem do sieci, bez w\u0142\u0105cznika.  Dzi\u0119ki technologii LED sen przy jej \u015bwietle jest bezpieczny, a mrok nie jest ju\u017c straszny.  Cena dotyczy jednej wybranej litery alfabetu.  Prosimy zawrze\u0107 w komentarzu do zam\u00f3wienia: wyb\u00f3r litery, czy lampa s\u0142u\u017cy\u0107 b\u0119dzie jako kinkiet.  Mo\u017cliwe jest wykonanie w wersji 2 kolorowej jak w przypadku litery M ze zdj\u0119cia: jeden kolor - prz\u00f3d, drugi ty\u0142 i boki.\" \/>\n<meta property=\"og:url\" content=\"http:\/\/inmondo.pl\/de\/sklep\/elementy\/oswietlenie\/lampka-litera-mini-od-a-do-z\/\" \/>\n<meta property=\"og:site_name\" content=\"Inmondo\" \/>\n<meta property=\"article:modified_time\" content=\"2024-06-06T12:59:35+00:00\" \/>\n<meta property=\"og:image\" content=\"http:\/\/inmondo.pl\/wp-content\/uploads\/2020\/10\/IMG_0486-scaled-e1602502751685.jpg\" \/>\n\t<meta property=\"og:image:width\" content=\"1708\" \/>\n\t<meta property=\"og:image:height\" content=\"1707\" \/>\n\t<meta property=\"og:image:type\" content=\"image\/jpeg\" \/>\n<meta name=\"twitter:card\" content=\"summary_large_image\" \/>\n<meta name=\"twitter:label1\" content=\"Gesch\u00e4tzte Lesezeit\" \/>\n\t<meta name=\"twitter:data1\" content=\"2\u00a0Minuten\" \/>\n<script type=\"application\/ld+json\" class=\"yoast-schema-graph\">{\"@context\":\"https:\\\/\\\/schema.org\",\"@graph\":[{\"@type\":\"WebPage\",\"@id\":\"http:\\\/\\\/inmondo.pl\\\/sklep\\\/elementy\\\/oswietlenie\\\/lampka-litera-mini-od-a-do-z\\\/\",\"url\":\"http:\\\/\\\/inmondo.pl\\\/sklep\\\/elementy\\\/oswietlenie\\\/lampka-litera-mini-od-a-do-z\\\/\",\"name\":\"Lampka Litera MINI (od A do Z) - Inmondo\",\"isPartOf\":{\"@id\":\"https:\\\/\\\/inmondo.pl\\\/#website\"},\"primaryImageOfPage\":{\"@id\":\"http:\\\/\\\/inmondo.pl\\\/sklep\\\/elementy\\\/oswietlenie\\\/lampka-litera-mini-od-a-do-z\\\/#primaryimage\"},\"image\":{\"@id\":\"http:\\\/\\\/inmondo.pl\\\/sklep\\\/elementy\\\/oswietlenie\\\/lampka-litera-mini-od-a-do-z\\\/#primaryimage\"},\"thumbnailUrl\":\"https:\\\/\\\/inmondo.pl\\\/wp-content\\\/uploads\\\/2020\\\/10\\\/IMG_0486-scaled-e1602502751685.jpg\",\"datePublished\":\"2020-10-12T12:49:52+00:00\",\"dateModified\":\"2024-06-06T12:59:35+00:00\",\"breadcrumb\":{\"@id\":\"http:\\\/\\\/inmondo.pl\\\/sklep\\\/elementy\\\/oswietlenie\\\/lampka-litera-mini-od-a-do-z\\\/#breadcrumb\"},\"inLanguage\":\"de\",\"potentialAction\":[{\"@type\":\"ReadAction\",\"target\":[\"http:\\\/\\\/inmondo.pl\\\/sklep\\\/elementy\\\/oswietlenie\\\/lampka-litera-mini-od-a-do-z\\\/\"]}]},{\"@type\":\"ImageObject\",\"inLanguage\":\"de\",\"@id\":\"http:\\\/\\\/inmondo.pl\\\/sklep\\\/elementy\\\/oswietlenie\\\/lampka-litera-mini-od-a-do-z\\\/#primaryimage\",\"url\":\"https:\\\/\\\/inmondo.pl\\\/wp-content\\\/uploads\\\/2020\\\/10\\\/IMG_0486-scaled-e1602502751685.jpg\",\"contentUrl\":\"https:\\\/\\\/inmondo.pl\\\/wp-content\\\/uploads\\\/2020\\\/10\\\/IMG_0486-scaled-e1602502751685.jpg\",\"width\":1708,\"height\":1707},{\"@type\":\"BreadcrumbList\",\"@id\":\"http:\\\/\\\/inmondo.pl\\\/sklep\\\/elementy\\\/oswietlenie\\\/lampka-litera-mini-od-a-do-z\\\/#breadcrumb\",\"itemListElement\":[{\"@type\":\"ListItem\",\"position\":1,\"name\":\"Strona g\u0142\u00f3wna\",\"item\":\"https:\\\/\\\/inmondo.pl\\\/\"},{\"@type\":\"ListItem\",\"position\":2,\"name\":\"Oferta Inmondo: spe\u0142niamy marzenia i wymagania\",\"item\":\"https:\\\/\\\/inmondo.pl\\\/sklep\\\/\"},{\"@type\":\"ListItem\",\"position\":3,\"name\":\"kolekcje\",\"item\":\"https:\\\/\\\/inmondo.pl\\\/de\\\/sklep\\\/kolekcje\\\/\"},{\"@type\":\"ListItem\",\"position\":4,\"name\":\"Lampka Litera MINI (od A do Z)\"}]},{\"@type\":\"WebSite\",\"@id\":\"https:\\\/\\\/inmondo.pl\\\/#website\",\"url\":\"https:\\\/\\\/inmondo.pl\\\/\",\"name\":\"Inmondo\",\"description\":\"\",\"potentialAction\":[{\"@type\":\"SearchAction\",\"target\":{\"@type\":\"EntryPoint\",\"urlTemplate\":\"https:\\\/\\\/inmondo.pl\\\/?s={search_term_string}\"},\"query-input\":{\"@type\":\"PropertyValueSpecification\",\"valueRequired\":true,\"valueName\":\"search_term_string\"}}],\"inLanguage\":\"de\"}]}<\/script>\n<!-- \/ Yoast SEO plugin. -->","yoast_head_json":{"title":"MINI Buchstabenlampe (A bis Z) - Inmondo","robots":{"index":"index","follow":"follow","max-snippet":"max-snippet:-1","max-image-preview":"max-image-preview:large","max-video-preview":"max-video-preview:-1"},"canonical":"http:\/\/inmondo.pl\/de\/sklep\/elementy\/oswietlenie\/lampka-litera-mini-od-a-do-z\/","og_locale":"de_DE","og_type":"article","og_title":"Lampka Litera MINI (od A do Z) - Inmondo","og_description":"Drewniane lampki w kszta\u0142cie liter od A do Z w rozmiarze MINI  Inicja\u0142y lub te\u017c napisy, to jedne z najbardziej subtelnych ozd\u00f3b jakie nadaj\u0105 charakteru pomieszczeniu.  Nasza lampka o wysoko\u015bci\u00a0 19 cm, tak jak jej wi\u0119ksza siostra MAXI, wpisze si\u0119 idealnie w ka\u017cdy pok\u00f3j :)  Ka\u017cda z literek mo\u017ce stan\u0105\u0107 na biurku czy te\u017c p\u00f3\u0142ce, albo pos\u0142u\u017cy\u0107 jako kinkiet - wykonamy wtedy lampk\u0119 z bezpo\u015brednim podpi\u0119ciem do sieci, bez w\u0142\u0105cznika.  Dzi\u0119ki technologii LED sen przy jej \u015bwietle jest bezpieczny, a mrok nie jest ju\u017c straszny.  Cena dotyczy jednej wybranej litery alfabetu.  Prosimy zawrze\u0107 w komentarzu do zam\u00f3wienia: wyb\u00f3r litery, czy lampa s\u0142u\u017cy\u0107 b\u0119dzie jako kinkiet.  Mo\u017cliwe jest wykonanie w wersji 2 kolorowej jak w przypadku litery M ze zdj\u0119cia: jeden kolor - prz\u00f3d, drugi ty\u0142 i boki.","og_url":"http:\/\/inmondo.pl\/de\/sklep\/elementy\/oswietlenie\/lampka-litera-mini-od-a-do-z\/","og_site_name":"Inmondo","article_modified_time":"2024-06-06T12:59:35+00:00","og_image":[{"width":1708,"height":1707,"url":"http:\/\/inmondo.pl\/wp-content\/uploads\/2020\/10\/IMG_0486-scaled-e1602502751685.jpg","type":"image\/jpeg"}],"twitter_card":"summary_large_image","twitter_misc":{"Gesch\u00e4tzte Lesezeit":"2\u00a0Minuten"},"schema":{"@context":"https:\/\/schema.org","@graph":[{"@type":"WebPage","@id":"http:\/\/inmondo.pl\/sklep\/elementy\/oswietlenie\/lampka-litera-mini-od-a-do-z\/","url":"http:\/\/inmondo.pl\/sklep\/elementy\/oswietlenie\/lampka-litera-mini-od-a-do-z\/","name":"MINI Buchstabenlampe (A bis Z) - Inmondo","isPartOf":{"@id":"https:\/\/inmondo.pl\/#website"},"primaryImageOfPage":{"@id":"http:\/\/inmondo.pl\/sklep\/elementy\/oswietlenie\/lampka-litera-mini-od-a-do-z\/#primaryimage"},"image":{"@id":"http:\/\/inmondo.pl\/sklep\/elementy\/oswietlenie\/lampka-litera-mini-od-a-do-z\/#primaryimage"},"thumbnailUrl":"https:\/\/inmondo.pl\/wp-content\/uploads\/2020\/10\/IMG_0486-scaled-e1602502751685.jpg","datePublished":"2020-10-12T12:49:52+00:00","dateModified":"2024-06-06T12:59:35+00:00","breadcrumb":{"@id":"http:\/\/inmondo.pl\/sklep\/elementy\/oswietlenie\/lampka-litera-mini-od-a-do-z\/#breadcrumb"},"inLanguage":"de","potentialAction":[{"@type":"ReadAction","target":["http:\/\/inmondo.pl\/sklep\/elementy\/oswietlenie\/lampka-litera-mini-od-a-do-z\/"]}]},{"@type":"ImageObject","inLanguage":"de","@id":"http:\/\/inmondo.pl\/sklep\/elementy\/oswietlenie\/lampka-litera-mini-od-a-do-z\/#primaryimage","url":"https:\/\/inmondo.pl\/wp-content\/uploads\/2020\/10\/IMG_0486-scaled-e1602502751685.jpg","contentUrl":"https:\/\/inmondo.pl\/wp-content\/uploads\/2020\/10\/IMG_0486-scaled-e1602502751685.jpg","width":1708,"height":1707},{"@type":"BreadcrumbList","@id":"http:\/\/inmondo.pl\/sklep\/elementy\/oswietlenie\/lampka-litera-mini-od-a-do-z\/#breadcrumb","itemListElement":[{"@type":"ListItem","position":1,"name":"Strona g\u0142\u00f3wna","item":"https:\/\/inmondo.pl\/"},{"@type":"ListItem","position":2,"name":"Oferta Inmondo: spe\u0142niamy marzenia i wymagania","item":"https:\/\/inmondo.pl\/sklep\/"},{"@type":"ListItem","position":3,"name":"kolekcje","item":"https:\/\/inmondo.pl\/de\/sklep\/kolekcje\/"},{"@type":"ListItem","position":4,"name":"Lampka Litera MINI (od A do Z)"}]},{"@type":"WebSite","@id":"https:\/\/inmondo.pl\/#website","url":"https:\/\/inmondo.pl\/","name":"Inmondo","description":"","potentialAction":[{"@type":"SearchAction","target":{"@type":"EntryPoint","urlTemplate":"https:\/\/inmondo.pl\/?s={search_term_string}"},"query-input":{"@type":"PropertyValueSpecification","valueRequired":true,"valueName":"search_term_string"}}],"inLanguage":"de"}]}},"wcpa_form_fields":null,"_links":{"self":[{"href":"https:\/\/inmondo.pl\/de\/wp-json\/wp\/v2\/product\/2455","targetHints":{"allow":["GET"]}}],"collection":[{"href":"https:\/\/inmondo.pl\/de\/wp-json\/wp\/v2\/product"}],"about":[{"href":"https:\/\/inmondo.pl\/de\/wp-json\/wp\/v2\/types\/product"}],"replies":[{"embeddable":true,"href":"https:\/\/inmondo.pl\/de\/wp-json\/wp\/v2\/comments?post=2455"}],"wp:featuredmedia":[{"embeddable":true,"href":"https:\/\/inmondo.pl\/de\/wp-json\/wp\/v2\/media\/2452"}],"wp:attachment":[{"href":"https:\/\/inmondo.pl\/de\/wp-json\/wp\/v2\/media?parent=2455"}],"wp:term":[{"taxonomy":"product_brand","embeddable":true,"href":"https:\/\/inmondo.pl\/de\/wp-json\/wp\/v2\/product_brand?post=2455"},{"taxonomy":"product_cat","embeddable":true,"href":"https:\/\/inmondo.pl\/de\/wp-json\/wp\/v2\/product_cat?post=2455"},{"taxonomy":"product_tag","embeddable":true,"href":"https:\/\/inmondo.pl\/de\/wp-json\/wp\/v2\/product_tag?post=2455"}],"curies":[{"name":"wp","href":"https:\/\/api.w.org\/{rel}","templated":true}]}}