{"id":2429,"date":"2020-10-12T10:09:31","date_gmt":"2020-10-12T08:09:31","guid":{"rendered":"https:\/\/inmondo.pl\/?post_type=product&#038;p=2429"},"modified":"2023-02-15T10:20:47","modified_gmt":"2023-02-15T09:20:47","slug":"lampka-van-iii","status":"publish","type":"product","link":"https:\/\/inmondo.pl\/de\/sklep\/elementy\/oswietlenie\/lampka-van-iii\/","title":{"rendered":"Van III Lampe"},"content":{"rendered":"<p>Holzlampe in Form eines VAN-Autos<\/p>\n<p>Wir stellen Ihnen eine Holzversion des seit 1949 produzierten Volkswagen Transporters vor! Eine klassische Linie, die durch eine Lackierung hervorgehoben wird, bei der das wei\u00dfe Dach, die Motorhaube und das Fensterdesign nahtlos in die Karosseriefarbe \u00fcbergehen.<\/p>\n<p>Die Lampe ist vollst\u00e4ndig aus Holz aus zertifizierten und ordnungsgem\u00e4\u00df bewirtschafteten polnischen W\u00e4ldern hergestellt.<\/p>\n<p>Wenn Sie Ihre Leuchte als Wandleuchte w\u00fcnschen, f\u00fcgen Sie diese Information bitte in den Kundennotizen hinzu. Wir fertigen dann eine Lampe mit direktem Anschluss an das Stromnetz, ohne Ein-\/Ausschalter.<\/p>\n<p>Die Dunkelheit ist nicht l\u00e4nger be\u00e4ngstigend! Die LED-Technologie erm\u00f6glicht es Ihnen, die ganze Nacht im Licht zu schlafen.<\/p>\n<p>&nbsp;<\/p>","protected":false},"excerpt":{"rendered":"<p>Holzlampe in Form eines VAN-Autos<\/p>\n<p>Wir stellen Ihnen eine Holzversion des seit 1949 produzierten Volkswagen Transporters vor! Eine klassische Linie, die durch eine Lackierung hervorgehoben wird, bei der das wei\u00dfe Dach, die Motorhaube und das Fensterdesign nahtlos in die Karosseriefarbe \u00fcbergehen.<\/p>\n<p>Die Lampe ist vollst\u00e4ndig aus Holz aus zertifizierten und ordnungsgem\u00e4\u00df bewirtschafteten polnischen W\u00e4ldern hergestellt.<\/p>\n<p>Wenn Sie Ihre Leuchte als Wandleuchte w\u00fcnschen, f\u00fcgen Sie diese Information bitte in den Kundennotizen hinzu. Wir fertigen dann eine Lampe mit direktem Anschluss an das Stromnetz, ohne Ein-\/Ausschalter.<\/p>\n<p>Die Dunkelheit ist nicht l\u00e4nger be\u00e4ngstigend! Die LED-Technologie erm\u00f6glicht es Ihnen, die ganze Nacht im Licht zu schlafen.<\/p>","protected":false},"featured_media":2436,"comment_status":"open","ping_status":"closed","template":"","meta":{"_acf_changed":false},"product_brand":[],"product_cat":[50,20,17,52],"product_tag":[],"class_list":{"0":"post-2429","1":"product","2":"type-product","3":"status-publish","4":"has-post-thumbnail","6":"product_cat-dodatki","7":"product_cat-elementy","8":"product_cat-kolekcje","9":"product_cat-oswietlenie","11":"first","12":"onbackorder","13":"taxable","14":"shipping-taxable","15":"purchasable","16":"product-type-variable","17":"has-default-attributes"},"acf":{"wymiary":"Wysoko\u015b\u0107: 30 cm<br \/>\r\nSzeroko\u015b\u0107: 29 cm","materialy":"- Lite drewno sosnowe<br \/>\r\n- Lampki LED ciep\u0142y bia\u0142y  2,2W<br \/>\r\n- Zasilacz dogniazdkowy Input: AC 100-240 Output: DC 24V","sections_woocommerce":[{"acf_fc_layout":"section_menu","is_active":true,"repeater":[{"text":"Opis","link":"#opis"},{"text":"Lookbook","link":"#lookbook"},{"text":"Opinie","link":"#opinie"},{"text":"Inne Produkty","link":"#inneprodukty"}]},{"acf_fc_layout":"section_woocommerce_text_image","is_active":true,"anchor":"#opis","text_align":"textAlign--left","grid_width":"main","wysiwyg":"<p>Wyj\u0105tkowe wzory mebli, tworzone w\u00a0przekonaniu, \u017ce\u00a0ka\u017cde wn\u0119trze<br \/>\nmo\u017cna zaaran\u017cowa\u0107 w\u00a0pi\u0119kny spos\u00f3b, tworz\u0105c przestrze\u0144 nieprzeci\u0119tn\u0105<br \/>\n\u2013 wystarczy tylko troch\u0119 wyobra\u017ani. Wierzymy, \u017ce\u00a0wykorzystasz j\u0105 i\u00a0stworzysz pok\u00f3j swoich marze\u0144.<\/p>\n","image":"https:\/\/inmondo.pl\/wp-content\/uploads\/2020\/08\/2020_01_INMONDO_GAJEWSKICH_9205-786x1024-1.jpg"},{"acf_fc_layout":"section_woocommerce_lookbook","is_active":true,"anchor":"#lookbook","header":"<h2 style=\"text-align: center;\">Zobacz galeri\u0119 mebli uzupe\u0142niaj\u0105cych nasze kolekcje:<\/h2>\n<p style=\"text-align: center;\">Zapraszamy do\u00a0zapoznania si\u0119 z\u00a0kolekcj\u0105 uzupe\u0142niaj\u0105c\u0105. Wzbogacisz pok\u00f3j w\u00a0urocze elementy dodaj\u0105ce blasku twojemu wn\u0119trzu. Pokazujemy Ci tylko u\u0142amek mo\u017cliwo\u015bci\u2026 Zainspiruj si\u0119&#8230;<\/p>\n","repeater":[{"shortcode":"[woocommerce_lookbook id=\"1352\"]"},{"shortcode":"[woocommerce_lookbook id=\"1440\"]"},{"shortcode":"[woocommerce_lookbook id=\"1269\"]"},{"shortcode":"[woocommerce_lookbook id=\"1547\"]"},{"shortcode":"[woocommerce_lookbook id=\"1642\"]"}]}]},"yoast_head":"<!-- This site is optimized with the Yoast SEO plugin v27.3 - https:\/\/yoast.com\/product\/yoast-seo-wordpress\/ -->\n<title>Lampka Van III - Inmondo<\/title>\n<meta name=\"robots\" content=\"index, follow, max-snippet:-1, max-image-preview:large, max-video-preview:-1\" \/>\n<link rel=\"canonical\" href=\"http:\/\/inmondo.pl\/de\/sklep\/elementy\/oswietlenie\/lampka-van-iii\/\" \/>\n<meta property=\"og:locale\" content=\"de_DE\" \/>\n<meta property=\"og:type\" content=\"article\" \/>\n<meta property=\"og:title\" content=\"Lampka Van III - Inmondo\" \/>\n<meta property=\"og:description\" content=\"Drewniana lampka w kszta\u0142cie samochodu typu VAN  Przedstawiamy Wam drewnian\u0105 ods\u0142on\u0119 Volkswagena Transportera produkowanego ju\u017c od 1949 roku! Klasyczna linia, podkre\u015blona malowaniem kt\u00f3re p\u0142ynie \u0142\u0105czy bia\u0142y dach oraz wz\u00f3r maski i okien z kolorem nadwozia.  Lampka wykonana w ca\u0142o\u015bci z drewna z certyfikowanych i prawid\u0142owo zarz\u0105dzanych polskich las\u00f3w.  Je\u015bli chcia\u0142aby\u015b \u017ceby Twoja lampka by\u0142a kinkietem, dodaj t\u0119 informacj\u0119 w uwagach klienta. Wykonamy wtedy lampk\u0119 z bezpo\u015brednim podpi\u0119ciem do sieci, bez w\u0142\u0105cznika  Mrok nie jest ju\u017c straszny! Technologia LED powala na sen przy jej \u015bwietle przez ca\u0142\u0105 noc.\" \/>\n<meta property=\"og:url\" content=\"http:\/\/inmondo.pl\/de\/sklep\/elementy\/oswietlenie\/lampka-van-iii\/\" \/>\n<meta property=\"og:site_name\" content=\"Inmondo\" \/>\n<meta property=\"article:modified_time\" content=\"2023-02-15T09:20:47+00:00\" \/>\n<meta property=\"og:image\" content=\"http:\/\/inmondo.pl\/wp-content\/uploads\/2020\/10\/VAN_WHITE_BLUE-scaled.jpg\" \/>\n\t<meta property=\"og:image:width\" content=\"1920\" \/>\n\t<meta property=\"og:image:height\" content=\"1280\" \/>\n\t<meta property=\"og:image:type\" content=\"image\/jpeg\" \/>\n<meta name=\"twitter:card\" content=\"summary_large_image\" \/>\n<meta name=\"twitter:label1\" content=\"Gesch\u00e4tzte Lesezeit\" \/>\n\t<meta name=\"twitter:data1\" content=\"1\u00a0Minute\" \/>\n<script type=\"application\/ld+json\" class=\"yoast-schema-graph\">{\"@context\":\"https:\\\/\\\/schema.org\",\"@graph\":[{\"@type\":\"WebPage\",\"@id\":\"http:\\\/\\\/inmondo.pl\\\/sklep\\\/elementy\\\/oswietlenie\\\/lampka-van-iii\\\/\",\"url\":\"http:\\\/\\\/inmondo.pl\\\/sklep\\\/elementy\\\/oswietlenie\\\/lampka-van-iii\\\/\",\"name\":\"Lampka Van III - Inmondo\",\"isPartOf\":{\"@id\":\"https:\\\/\\\/inmondo.pl\\\/#website\"},\"primaryImageOfPage\":{\"@id\":\"http:\\\/\\\/inmondo.pl\\\/sklep\\\/elementy\\\/oswietlenie\\\/lampka-van-iii\\\/#primaryimage\"},\"image\":{\"@id\":\"http:\\\/\\\/inmondo.pl\\\/sklep\\\/elementy\\\/oswietlenie\\\/lampka-van-iii\\\/#primaryimage\"},\"thumbnailUrl\":\"https:\\\/\\\/inmondo.pl\\\/wp-content\\\/uploads\\\/2020\\\/10\\\/VAN_WHITE_BLUE-scaled.jpg\",\"datePublished\":\"2020-10-12T08:09:31+00:00\",\"dateModified\":\"2023-02-15T09:20:47+00:00\",\"breadcrumb\":{\"@id\":\"http:\\\/\\\/inmondo.pl\\\/sklep\\\/elementy\\\/oswietlenie\\\/lampka-van-iii\\\/#breadcrumb\"},\"inLanguage\":\"de\",\"potentialAction\":[{\"@type\":\"ReadAction\",\"target\":[\"http:\\\/\\\/inmondo.pl\\\/sklep\\\/elementy\\\/oswietlenie\\\/lampka-van-iii\\\/\"]}]},{\"@type\":\"ImageObject\",\"inLanguage\":\"de\",\"@id\":\"http:\\\/\\\/inmondo.pl\\\/sklep\\\/elementy\\\/oswietlenie\\\/lampka-van-iii\\\/#primaryimage\",\"url\":\"https:\\\/\\\/inmondo.pl\\\/wp-content\\\/uploads\\\/2020\\\/10\\\/VAN_WHITE_BLUE-scaled.jpg\",\"contentUrl\":\"https:\\\/\\\/inmondo.pl\\\/wp-content\\\/uploads\\\/2020\\\/10\\\/VAN_WHITE_BLUE-scaled.jpg\",\"width\":1920,\"height\":1280},{\"@type\":\"BreadcrumbList\",\"@id\":\"http:\\\/\\\/inmondo.pl\\\/sklep\\\/elementy\\\/oswietlenie\\\/lampka-van-iii\\\/#breadcrumb\",\"itemListElement\":[{\"@type\":\"ListItem\",\"position\":1,\"name\":\"Strona g\u0142\u00f3wna\",\"item\":\"https:\\\/\\\/inmondo.pl\\\/\"},{\"@type\":\"ListItem\",\"position\":2,\"name\":\"Oferta Inmondo: spe\u0142niamy marzenia i wymagania\",\"item\":\"https:\\\/\\\/inmondo.pl\\\/sklep\\\/\"},{\"@type\":\"ListItem\",\"position\":3,\"name\":\"kolekcje\",\"item\":\"https:\\\/\\\/inmondo.pl\\\/de\\\/sklep\\\/kolekcje\\\/\"},{\"@type\":\"ListItem\",\"position\":4,\"name\":\"Lampka Van III\"}]},{\"@type\":\"WebSite\",\"@id\":\"https:\\\/\\\/inmondo.pl\\\/#website\",\"url\":\"https:\\\/\\\/inmondo.pl\\\/\",\"name\":\"Inmondo\",\"description\":\"\",\"potentialAction\":[{\"@type\":\"SearchAction\",\"target\":{\"@type\":\"EntryPoint\",\"urlTemplate\":\"https:\\\/\\\/inmondo.pl\\\/?s={search_term_string}\"},\"query-input\":{\"@type\":\"PropertyValueSpecification\",\"valueRequired\":true,\"valueName\":\"search_term_string\"}}],\"inLanguage\":\"de\"}]}<\/script>\n<!-- \/ Yoast SEO plugin. -->","yoast_head_json":{"title":"Van III Lampe - Inmondo","robots":{"index":"index","follow":"follow","max-snippet":"max-snippet:-1","max-image-preview":"max-image-preview:large","max-video-preview":"max-video-preview:-1"},"canonical":"http:\/\/inmondo.pl\/de\/sklep\/elementy\/oswietlenie\/lampka-van-iii\/","og_locale":"de_DE","og_type":"article","og_title":"Lampka Van III - Inmondo","og_description":"Drewniana lampka w kszta\u0142cie samochodu typu VAN  Przedstawiamy Wam drewnian\u0105 ods\u0142on\u0119 Volkswagena Transportera produkowanego ju\u017c od 1949 roku! Klasyczna linia, podkre\u015blona malowaniem kt\u00f3re p\u0142ynie \u0142\u0105czy bia\u0142y dach oraz wz\u00f3r maski i okien z kolorem nadwozia.  Lampka wykonana w ca\u0142o\u015bci z drewna z certyfikowanych i prawid\u0142owo zarz\u0105dzanych polskich las\u00f3w.  Je\u015bli chcia\u0142aby\u015b \u017ceby Twoja lampka by\u0142a kinkietem, dodaj t\u0119 informacj\u0119 w uwagach klienta. Wykonamy wtedy lampk\u0119 z bezpo\u015brednim podpi\u0119ciem do sieci, bez w\u0142\u0105cznika  Mrok nie jest ju\u017c straszny! Technologia LED powala na sen przy jej \u015bwietle przez ca\u0142\u0105 noc.","og_url":"http:\/\/inmondo.pl\/de\/sklep\/elementy\/oswietlenie\/lampka-van-iii\/","og_site_name":"Inmondo","article_modified_time":"2023-02-15T09:20:47+00:00","og_image":[{"width":1920,"height":1280,"url":"http:\/\/inmondo.pl\/wp-content\/uploads\/2020\/10\/VAN_WHITE_BLUE-scaled.jpg","type":"image\/jpeg"}],"twitter_card":"summary_large_image","twitter_misc":{"Gesch\u00e4tzte Lesezeit":"1\u00a0Minute"},"schema":{"@context":"https:\/\/schema.org","@graph":[{"@type":"WebPage","@id":"http:\/\/inmondo.pl\/sklep\/elementy\/oswietlenie\/lampka-van-iii\/","url":"http:\/\/inmondo.pl\/sklep\/elementy\/oswietlenie\/lampka-van-iii\/","name":"Van III Lampe - Inmondo","isPartOf":{"@id":"https:\/\/inmondo.pl\/#website"},"primaryImageOfPage":{"@id":"http:\/\/inmondo.pl\/sklep\/elementy\/oswietlenie\/lampka-van-iii\/#primaryimage"},"image":{"@id":"http:\/\/inmondo.pl\/sklep\/elementy\/oswietlenie\/lampka-van-iii\/#primaryimage"},"thumbnailUrl":"https:\/\/inmondo.pl\/wp-content\/uploads\/2020\/10\/VAN_WHITE_BLUE-scaled.jpg","datePublished":"2020-10-12T08:09:31+00:00","dateModified":"2023-02-15T09:20:47+00:00","breadcrumb":{"@id":"http:\/\/inmondo.pl\/sklep\/elementy\/oswietlenie\/lampka-van-iii\/#breadcrumb"},"inLanguage":"de","potentialAction":[{"@type":"ReadAction","target":["http:\/\/inmondo.pl\/sklep\/elementy\/oswietlenie\/lampka-van-iii\/"]}]},{"@type":"ImageObject","inLanguage":"de","@id":"http:\/\/inmondo.pl\/sklep\/elementy\/oswietlenie\/lampka-van-iii\/#primaryimage","url":"https:\/\/inmondo.pl\/wp-content\/uploads\/2020\/10\/VAN_WHITE_BLUE-scaled.jpg","contentUrl":"https:\/\/inmondo.pl\/wp-content\/uploads\/2020\/10\/VAN_WHITE_BLUE-scaled.jpg","width":1920,"height":1280},{"@type":"BreadcrumbList","@id":"http:\/\/inmondo.pl\/sklep\/elementy\/oswietlenie\/lampka-van-iii\/#breadcrumb","itemListElement":[{"@type":"ListItem","position":1,"name":"Strona g\u0142\u00f3wna","item":"https:\/\/inmondo.pl\/"},{"@type":"ListItem","position":2,"name":"Oferta Inmondo: spe\u0142niamy marzenia i wymagania","item":"https:\/\/inmondo.pl\/sklep\/"},{"@type":"ListItem","position":3,"name":"kolekcje","item":"https:\/\/inmondo.pl\/de\/sklep\/kolekcje\/"},{"@type":"ListItem","position":4,"name":"Lampka Van III"}]},{"@type":"WebSite","@id":"https:\/\/inmondo.pl\/#website","url":"https:\/\/inmondo.pl\/","name":"Inmondo","description":"","potentialAction":[{"@type":"SearchAction","target":{"@type":"EntryPoint","urlTemplate":"https:\/\/inmondo.pl\/?s={search_term_string}"},"query-input":{"@type":"PropertyValueSpecification","valueRequired":true,"valueName":"search_term_string"}}],"inLanguage":"de"}]}},"wcpa_form_fields":null,"_links":{"self":[{"href":"https:\/\/inmondo.pl\/de\/wp-json\/wp\/v2\/product\/2429","targetHints":{"allow":["GET"]}}],"collection":[{"href":"https:\/\/inmondo.pl\/de\/wp-json\/wp\/v2\/product"}],"about":[{"href":"https:\/\/inmondo.pl\/de\/wp-json\/wp\/v2\/types\/product"}],"replies":[{"embeddable":true,"href":"https:\/\/inmondo.pl\/de\/wp-json\/wp\/v2\/comments?post=2429"}],"wp:featuredmedia":[{"embeddable":true,"href":"https:\/\/inmondo.pl\/de\/wp-json\/wp\/v2\/media\/2436"}],"wp:attachment":[{"href":"https:\/\/inmondo.pl\/de\/wp-json\/wp\/v2\/media?parent=2429"}],"wp:term":[{"taxonomy":"product_brand","embeddable":true,"href":"https:\/\/inmondo.pl\/de\/wp-json\/wp\/v2\/product_brand?post=2429"},{"taxonomy":"product_cat","embeddable":true,"href":"https:\/\/inmondo.pl\/de\/wp-json\/wp\/v2\/product_cat?post=2429"},{"taxonomy":"product_tag","embeddable":true,"href":"https:\/\/inmondo.pl\/de\/wp-json\/wp\/v2\/product_tag?post=2429"}],"curies":[{"name":"wp","href":"https:\/\/api.w.org\/{rel}","templated":true}]}}