{"id":1230,"date":"2020-07-01T15:50:16","date_gmt":"2020-07-01T13:50:16","guid":{"rendered":"http:\/\/inmondo.pl\/?post_type=product&#038;p=1230"},"modified":"2026-04-02T14:59:32","modified_gmt":"2026-04-02T12:59:32","slug":"lozko-pietrowe-duo-90-cm","status":"publish","type":"product","link":"https:\/\/inmondo.pl\/de\/sklep\/elementy\/lozka-pietrowe\/lozko-pietrowe-duo-90-cm\/","title":{"rendered":"Etagenbett duo 90 cm - Sprosse"},"content":{"rendered":"<p>Ponadczasowe \u0142\u00f3\u017cko pi\u0119trowe kt\u00f3re idealnie wpasuje si\u0119 w pok\u00f3j dzieci\u0119cy w ka\u017cdym stylu. Szczyty ze szczeblinkami nadaj\u0105 mu lekko\u015bci. Wykonane w ca\u0142o\u015bci z drewna sosnowego. Jego konstrukcja zapewnia bezpieczny i komfortowy wypoczynek dla dw\u00f3jki maluch\u00f3w. Kiedy dzieci podrosn\u0105 mo\u017cna je bezproblemowo podzieli\u0107 na 2 pojedyncze \u0142\u00f3\u017cka.\u00a0 \u0141\u00f3\u017cko zosta\u0142o polakierowanie przyjaznymi dla dziecka i \u015brodowiska lakierami wodnymi. Dbamy, aby drewno u\u017cyte do produkcji naszych mebli pochodzi\u0142o z las\u00f3w zarz\u0105dzanych zgodnie ze standardami prawid\u0142owej gospodarki le\u015bnej. Mamy pewno\u015b\u0107, \u017ce w miejsce drzewa, kt\u00f3re trafi\u0142o do Pa\u0144stwa domu w postaci mebla, zostanie posadzone kolejne.<\/p>\n<p>Zus\u00e4tzlich empfehlen wir:<\/p>\n<p>Gewidmet <a href=\"http:\/\/inmondo.pl\/de\/sklep\/kolekcje\/collet\/szuflada-collet\/\"><span style=\"text-decoration: underline;\">Schublade<\/span><\/a> so k\u00f6nnen Sie den Platz unter den M\u00f6beln voll ausnutzen, um Kissen, Bettdecken und Decken aufzubewahren oder gelegentlich einen zus\u00e4tzlichen Schlafplatz zu schaffen.<\/p>\n<p>\u0141\u00f3\u017cko jest dost\u0119pne w wielu pi\u0119knych, ponadczasowych kolorach dzi\u0119ki czemu bez problemu dopasujesz je do innych mebli w pokoju dziecka.<\/p>","protected":false},"excerpt":{"rendered":"<p>Ein zeitloses Etagenbett, das sich perfekt in jedes Kinderzimmer einf\u00fcgt. Spitzen mit Lamellen verleihen ihm Leichtigkeit. Komplett aus Kiefernholz. Seine Konstruktion gew\u00e4hrleistet eine sichere und bequeme Erholung f\u00fcr zwei Kleinkinder. Wenn die Kinder \u00e4lter werden, k\u00f6nnen sie leicht in 2 . geteilt werden\u00a0<u><a href=\"http:\/\/inmondo.pl\/de\/sklep\/kolekcje\/collet\/lozko-pojedyncze-90-cm-3\/\">single<\/a> <\/u>Betten.<\/p>\n<p>Verf\u00fcgbare Farben: wei\u00df, hellgrau, natur, pastellrosa, pastellblau.<\/p>\n<p>Auf unserer Website finden Sie auch speziell f\u00fcr dieses Bett entworfene Vorh\u00e4nge \ud83d\ude42\u00a0<a href=\"https:\/\/inmondo.pl\/de\/sklep\/elementy\/matratzenrestaurierung\/\">RESTO 90<\/a>\u00a0oder\u00a0<a href=\"https:\/\/inmondo.pl\/de\/sklep\/elementy\/matratze-resto-duo-90\/\">RESTO DUO 90<\/a> und <a href=\"https:\/\/inmondo.pl\/de\/sklep\/elementy\/matratzenrestaurierung-2\/\" target=\"_blank\" rel=\"noopener\">Matratze f\u00fcr Schublade<\/a>.<\/p>\n<p>&nbsp;<\/p>\n<p>&nbsp;<\/p>\n<p>Zus\u00e4tzlich empfehlen wir:<\/p>\n<p>Gewidmet <span style=\"text-decoration: underline;\"><a href=\"http:\/\/inmondo.pl\/de\/sklep\/kolekcje\/collet\/szuflada-collet\/\">Schublade<\/a><\/span> so k\u00f6nnen Sie den Platz unter den M\u00f6beln voll ausnutzen, um Kissen, Bettdecken und Decken aufzubewahren oder gelegentlich einen zus\u00e4tzlichen Schlafplatz zu schaffen.<\/p>\n<p>&nbsp;<\/p>\n<h6><\/h6>\n<h6><\/h6>","protected":false},"featured_media":9131,"comment_status":"open","ping_status":"closed","template":"","meta":{"_acf_changed":false},"product_brand":[],"product_cat":[24,20,17,172,99],"product_tag":[],"class_list":{"0":"post-1230","1":"product","2":"type-product","3":"status-publish","4":"has-post-thumbnail","6":"product_cat-collet","7":"product_cat-elementy","8":"product_cat-kolekcje","9":"product_cat-lozka-pietrowe","10":"product_cat-meble-dostepne","11":"wcpa_has_options","13":"first","14":"onbackorder","15":"sale","16":"taxable","17":"shipping-taxable","18":"purchasable","19":"product-type-variable","20":"has-default-attributes"},"acf":{"wymiary":"Szeroko\u015b\u0107: 212,5cm<br \/>\r\nWysoko\u015b\u0107 ca\u0142kowita: 150 cm<br \/>\r\nG\u0142\u0119boko\u015b\u0107: 104,5m<br \/>\r\n<br \/>\r\nOdleg\u0142o\u015b\u0107 mi\u0119dzy g\u00f3rnym a&nbsp;dolnym le\u017cyskiem: 75,4 cm<br \/>\r\n<br \/>\r\ng\u0142\u0119boko\u015b\u0107 le\u017cyska - 6cm<br \/>\r\nmaksymalna grubo\u015b\u0107 materaca - 16 cm ","materialy":"drewno sosnowe, lakier wodny i&nbsp;wodny UV","sections_woocommerce":[{"acf_fc_layout":"section_menu","is_active":true,"repeater":[{"text":"Opis","link":"#opis"},{"text":"Lookbook","link":"#lookbook"},{"text":"Opinie","link":"#opinie"},{"text":"Inne produkty","link":"#inneprodukty"}]},{"acf_fc_layout":"section_woocommerce_text_image","is_active":true,"anchor":"","text_align":"textAlign--right","grid_width":"main","wysiwyg":"<h2>Collet<\/h2>\n<p>Meble z\u00a0kolekcji Collet to ponadczasowa, prosta forma podkre\u015blona przez\u00a0kolory, kt\u00f3re s\u0105 szczeg\u00f3lnie lubiane przez\u00a0dzieci. Wasza ukochana biel to spok\u00f3j i\u00a0harmonia, kt\u00f3ra pasuje do\u00a0ka\u017cdego wn\u0119trza. Natomiast\u00a0najm\u0142odszym, kt\u00f3rzy pragn\u0105 wype\u0142ni\u0107 swoje pokoje rado\u015bci\u0105 barw, proponujemy spokojny r\u00f3\u017c, nietuzinkowy b\u0142\u0119kit oraz\u00a0powiew jasnej szaro\u015bci.<\/p>\n<h2><strong>Uwaga!<\/strong><\/h2>\n<p>Zmieniona zosta\u0142a\u00a0 konstrukcja \u0142\u00f3\u017cka wariantach bia\u0142y i\u00a0szary \u2013 dodali\u015bmy mo\u017cliwo\u015b\u0107 zamontowania drabinki zar\u00f3wno po\u00a0prawej lub\u00a0lewej stronie, w\u00a0zwi\u0105zku z\u00a0czym powsta\u0142y dodatkowe otwory, kt\u00f3re zostaj\u0105 zakryte dedykowanymi za\u015blepkami. W\u00a0przypadku \u0142\u00f3\u017cek w\u00a0kolorach r\u00f3\u017cowy i\u00a0niebieski, przy\u00a0zam\u00f3wieniu prosimy o\u00a0wyb\u00f3r\u00a0 docelowej strony monta\u017cu drabinki &#8211; brak dodatkowych otwor\u00f3w.<\/p>\n","image":"https:\/\/inmondo.pl\/wp-content\/uploads\/2020\/07\/2019_04_INMONDO_POK\u00d3J_DZIEWCZYNKI_5-13483.jpg"},{"acf_fc_layout":"section_woocommerce_text_image","is_active":true,"anchor":"opis","text_align":"textAlign--left","grid_width":"main","wysiwyg":"<h2>Uwaga!<\/h2>\n<p>\u0141\u00f3\u017cka wysokie i\u00a0g\u00f3rne \u0142\u00f3\u017cka \u0142\u00f3\u017cek pi\u0119trowych albo\u00a0\u0142\u00f3\u017cka na\u00a0antresoli nie s\u0105 przeznaczone dla\u00a0dzieci w\u00a0wieku poni\u017cej 6 lat, z\u00a0uwagi na\u00a0ryzyko obra\u017ce\u0144 na\u00a0skutek wypadni\u0119cia.<br \/>\nMaksymalne obci\u0105\u017cenie oznacza ci\u0119\u017car statyczny, innymi s\u0142owy jest to obci\u0105\u017cenie, kt\u00f3ry \u0142\u00f3\u017cko wytrzymuje, gdy na\u00a0nim le\u017cysz lub\u00a0siedzisz.<br \/>\nMaksymalne obci\u0105\u017cenie: 100 kg<\/p>\n<p>Obci\u0105\u017cenie statyczne \u0142\u00f3\u017cka: max. 100 kg g\u00f3rne le\u017cysko, max. 100 kg dolne le\u017cysko<\/p>\n<p>\u0141\u00f3\u017cko przebadane zgodnie z norm\u0105: PN-EN 747-1+A1:2015-08 &#8222;Meble &#8211; \u0141\u00f3\u017cka pi\u0119trowe i \u0142\u00f3\u017cka wysokie &#8212; Cz\u0119\u015b\u0107 1: Wymagania bezpiecze\u0144stwa, wytrzyma\u0142o\u015bci i trwa\u0142o\u015bci&#8221;<\/p>\n","image":"https:\/\/inmondo.pl\/wp-content\/uploads\/2020\/07\/2019_04_INMONDO_POK\u00d3J_DZIEWCZYNKI_6-13860-.jpg"},{"acf_fc_layout":"section_woocommerce_lookbook","is_active":true,"anchor":"lookbook","header":"<h2 style=\"text-align: center;\">Zobacz galeri\u0119 Collet:<\/h2>\n<p style=\"text-align: center;\">Minimalistyczny lookbook prosto od naszych projektant\u00f3w. Ogl\u0105daj, inspiruj si\u0119, a\u00a0je\u015bli masz pomys\u0142y lub\u00a0pytania \u2014 od razu dzwo\u0144!<\/p>\n","repeater":[{"shortcode":"[woocommerce_lookbook id=\"1363\"]"},{"shortcode":"[woocommerce_lookbook id=\"1360\"]"},{"shortcode":"[woocommerce_lookbook id=\"1520\"]"},{"shortcode":"[woocommerce_lookbook id=\"1442\"]"},{"shortcode":"[woocommerce_lookbook id=\"1365\"]"}]},{"acf_fc_layout":"section_woocommerce_opinions","is_active":true,"anchor":"opinie"},{"acf_fc_layout":"section_woocommerce_otherFromCategory","is_active":true,"anchor":"inneprodukty"}],"czas_realizacji":""},"yoast_head":"<!-- This site is optimized with the Yoast SEO plugin v27.3 - https:\/\/yoast.com\/product\/yoast-seo-wordpress\/ -->\n<title>\u0141\u00f3\u017cko pi\u0119trowe duo 90 cm - szczeblina - Inmondo<\/title>\n<meta name=\"robots\" content=\"index, follow, max-snippet:-1, max-image-preview:large, max-video-preview:-1\" \/>\n<link rel=\"canonical\" href=\"https:\/\/inmondo.pl\/de\/sklep\/elementy\/lozka-pietrowe\/lozko-pietrowe-duo-90-cm\/\" \/>\n<meta property=\"og:locale\" content=\"de_DE\" \/>\n<meta property=\"og:type\" content=\"article\" \/>\n<meta property=\"og:title\" content=\"\u0141\u00f3\u017cko pi\u0119trowe duo 90 cm - szczeblina - Inmondo\" \/>\n<meta property=\"og:description\" content=\"Ponadczasowe \u0142\u00f3\u017cko pi\u0119trowe kt\u00f3re idealnie wpasuje si\u0119 w pok\u00f3j dzieci\u0119cy w ka\u017cdym stylu. Szczyty ze szczeblinkami nadaj\u0105 mu lekko\u015bci. Wykonane w ca\u0142o\u015bci z drewna sosnowego. Jego konstrukcja zapewnia bezpieczny i komfortowy wypoczynek dla dw\u00f3jki maluch\u00f3w. Kiedy dzieci podrosn\u0105 mo\u017cna je bezproblemowo podzieli\u0107 na 2\u00a0pojedyncze \u0142\u00f3\u017cka.  Dost\u0119pne wybarwienia: bia\u0142y, jasny szary, natura, pastelowy r\u00f3\u017c, pastelowy niebieski.  Wybierz dla swoich dzieci r\u00f3wnie\u017c jeden z dw\u00f3ch pasuj\u0105cych do niego modeli materacy\u00a0RESTO 90\u00a0lub\u00a0RESTO DUO 90 oraz materac do szuflady.  &nbsp;  &nbsp;  Dodatkowo polecamy:  Dedykowan\u0105 szuflad\u0119 kt\u00f3ra pozwoli wykorzysta\u0107 w pe\u0142ni przestrze\u0144 pod meblem na przechowanie poduszek, ko\u0142der i kocyk\u00f3w, albo stworzy okazjonalnie dodatkowe miejsce do spania.  &nbsp;\" \/>\n<meta property=\"og:url\" content=\"https:\/\/inmondo.pl\/de\/sklep\/elementy\/lozka-pietrowe\/lozko-pietrowe-duo-90-cm\/\" \/>\n<meta property=\"og:site_name\" content=\"Inmondo\" \/>\n<meta property=\"article:modified_time\" content=\"2026-04-02T12:59:32+00:00\" \/>\n<meta property=\"og:image\" content=\"http:\/\/inmondo.pl\/wp-content\/uploads\/2024\/11\/szczeblinka_90.jpg\" \/>\n\t<meta property=\"og:image:width\" content=\"960\" \/>\n\t<meta property=\"og:image:height\" content=\"960\" \/>\n\t<meta property=\"og:image:type\" content=\"image\/jpeg\" \/>\n<meta name=\"twitter:card\" content=\"summary_large_image\" \/>\n<meta name=\"twitter:label1\" content=\"Gesch\u00e4tzte Lesezeit\" \/>\n\t<meta name=\"twitter:data1\" content=\"3\u00a0Minuten\" \/>\n<script type=\"application\/ld+json\" class=\"yoast-schema-graph\">{\"@context\":\"https:\\\/\\\/schema.org\",\"@graph\":[{\"@type\":\"WebPage\",\"@id\":\"https:\\\/\\\/inmondo.pl\\\/sklep\\\/elementy\\\/lozka-pietrowe\\\/lozko-pietrowe-duo-90-cm\\\/\",\"url\":\"https:\\\/\\\/inmondo.pl\\\/sklep\\\/elementy\\\/lozka-pietrowe\\\/lozko-pietrowe-duo-90-cm\\\/\",\"name\":\"\u0141\u00f3\u017cko pi\u0119trowe duo 90 cm - szczeblina - Inmondo\",\"isPartOf\":{\"@id\":\"https:\\\/\\\/inmondo.pl\\\/#website\"},\"primaryImageOfPage\":{\"@id\":\"https:\\\/\\\/inmondo.pl\\\/sklep\\\/elementy\\\/lozka-pietrowe\\\/lozko-pietrowe-duo-90-cm\\\/#primaryimage\"},\"image\":{\"@id\":\"https:\\\/\\\/inmondo.pl\\\/sklep\\\/elementy\\\/lozka-pietrowe\\\/lozko-pietrowe-duo-90-cm\\\/#primaryimage\"},\"thumbnailUrl\":\"https:\\\/\\\/inmondo.pl\\\/wp-content\\\/uploads\\\/2024\\\/11\\\/szczeblinka_90.jpg\",\"datePublished\":\"2020-07-01T13:50:16+00:00\",\"dateModified\":\"2026-04-02T12:59:32+00:00\",\"breadcrumb\":{\"@id\":\"https:\\\/\\\/inmondo.pl\\\/sklep\\\/elementy\\\/lozka-pietrowe\\\/lozko-pietrowe-duo-90-cm\\\/#breadcrumb\"},\"inLanguage\":\"de\",\"potentialAction\":[{\"@type\":\"ReadAction\",\"target\":[\"https:\\\/\\\/inmondo.pl\\\/sklep\\\/elementy\\\/lozka-pietrowe\\\/lozko-pietrowe-duo-90-cm\\\/\"]}]},{\"@type\":\"ImageObject\",\"inLanguage\":\"de\",\"@id\":\"https:\\\/\\\/inmondo.pl\\\/sklep\\\/elementy\\\/lozka-pietrowe\\\/lozko-pietrowe-duo-90-cm\\\/#primaryimage\",\"url\":\"https:\\\/\\\/inmondo.pl\\\/wp-content\\\/uploads\\\/2024\\\/11\\\/szczeblinka_90.jpg\",\"contentUrl\":\"https:\\\/\\\/inmondo.pl\\\/wp-content\\\/uploads\\\/2024\\\/11\\\/szczeblinka_90.jpg\",\"width\":960,\"height\":960},{\"@type\":\"BreadcrumbList\",\"@id\":\"https:\\\/\\\/inmondo.pl\\\/sklep\\\/elementy\\\/lozka-pietrowe\\\/lozko-pietrowe-duo-90-cm\\\/#breadcrumb\",\"itemListElement\":[{\"@type\":\"ListItem\",\"position\":1,\"name\":\"Strona g\u0142\u00f3wna\",\"item\":\"https:\\\/\\\/inmondo.pl\\\/\"},{\"@type\":\"ListItem\",\"position\":2,\"name\":\"Oferta Inmondo: spe\u0142niamy marzenia i wymagania\",\"item\":\"https:\\\/\\\/inmondo.pl\\\/sklep\\\/\"},{\"@type\":\"ListItem\",\"position\":3,\"name\":\"kolekcje\",\"item\":\"https:\\\/\\\/inmondo.pl\\\/de\\\/sklep\\\/kolekcje\\\/\"},{\"@type\":\"ListItem\",\"position\":4,\"name\":\"\u0141\u00f3\u017cko pi\u0119trowe duo 90 cm &#8211; szczeblina\"}]},{\"@type\":\"WebSite\",\"@id\":\"https:\\\/\\\/inmondo.pl\\\/#website\",\"url\":\"https:\\\/\\\/inmondo.pl\\\/\",\"name\":\"Inmondo\",\"description\":\"\",\"potentialAction\":[{\"@type\":\"SearchAction\",\"target\":{\"@type\":\"EntryPoint\",\"urlTemplate\":\"https:\\\/\\\/inmondo.pl\\\/?s={search_term_string}\"},\"query-input\":{\"@type\":\"PropertyValueSpecification\",\"valueRequired\":true,\"valueName\":\"search_term_string\"}}],\"inLanguage\":\"de\"}]}<\/script>\n<!-- \/ Yoast SEO plugin. -->","yoast_head_json":{"title":"Etagenbett duo 90 cm - Sprosse - Inmondo","robots":{"index":"index","follow":"follow","max-snippet":"max-snippet:-1","max-image-preview":"max-image-preview:large","max-video-preview":"max-video-preview:-1"},"canonical":"https:\/\/inmondo.pl\/de\/sklep\/elementy\/lozka-pietrowe\/lozko-pietrowe-duo-90-cm\/","og_locale":"de_DE","og_type":"article","og_title":"\u0141\u00f3\u017cko pi\u0119trowe duo 90 cm - szczeblina - Inmondo","og_description":"Ponadczasowe \u0142\u00f3\u017cko pi\u0119trowe kt\u00f3re idealnie wpasuje si\u0119 w pok\u00f3j dzieci\u0119cy w ka\u017cdym stylu. Szczyty ze szczeblinkami nadaj\u0105 mu lekko\u015bci. Wykonane w ca\u0142o\u015bci z drewna sosnowego. Jego konstrukcja zapewnia bezpieczny i komfortowy wypoczynek dla dw\u00f3jki maluch\u00f3w. Kiedy dzieci podrosn\u0105 mo\u017cna je bezproblemowo podzieli\u0107 na 2\u00a0pojedyncze \u0142\u00f3\u017cka.  Dost\u0119pne wybarwienia: bia\u0142y, jasny szary, natura, pastelowy r\u00f3\u017c, pastelowy niebieski.  Wybierz dla swoich dzieci r\u00f3wnie\u017c jeden z dw\u00f3ch pasuj\u0105cych do niego modeli materacy\u00a0RESTO 90\u00a0lub\u00a0RESTO DUO 90 oraz materac do szuflady.  &nbsp;  &nbsp;  Dodatkowo polecamy:  Dedykowan\u0105 szuflad\u0119 kt\u00f3ra pozwoli wykorzysta\u0107 w pe\u0142ni przestrze\u0144 pod meblem na przechowanie poduszek, ko\u0142der i kocyk\u00f3w, albo stworzy okazjonalnie dodatkowe miejsce do spania.  &nbsp;","og_url":"https:\/\/inmondo.pl\/de\/sklep\/elementy\/lozka-pietrowe\/lozko-pietrowe-duo-90-cm\/","og_site_name":"Inmondo","article_modified_time":"2026-04-02T12:59:32+00:00","og_image":[{"width":960,"height":960,"url":"http:\/\/inmondo.pl\/wp-content\/uploads\/2024\/11\/szczeblinka_90.jpg","type":"image\/jpeg"}],"twitter_card":"summary_large_image","twitter_misc":{"Gesch\u00e4tzte Lesezeit":"3\u00a0Minuten"},"schema":{"@context":"https:\/\/schema.org","@graph":[{"@type":"WebPage","@id":"https:\/\/inmondo.pl\/sklep\/elementy\/lozka-pietrowe\/lozko-pietrowe-duo-90-cm\/","url":"https:\/\/inmondo.pl\/sklep\/elementy\/lozka-pietrowe\/lozko-pietrowe-duo-90-cm\/","name":"Etagenbett duo 90 cm - Sprosse - Inmondo","isPartOf":{"@id":"https:\/\/inmondo.pl\/#website"},"primaryImageOfPage":{"@id":"https:\/\/inmondo.pl\/sklep\/elementy\/lozka-pietrowe\/lozko-pietrowe-duo-90-cm\/#primaryimage"},"image":{"@id":"https:\/\/inmondo.pl\/sklep\/elementy\/lozka-pietrowe\/lozko-pietrowe-duo-90-cm\/#primaryimage"},"thumbnailUrl":"https:\/\/inmondo.pl\/wp-content\/uploads\/2024\/11\/szczeblinka_90.jpg","datePublished":"2020-07-01T13:50:16+00:00","dateModified":"2026-04-02T12:59:32+00:00","breadcrumb":{"@id":"https:\/\/inmondo.pl\/sklep\/elementy\/lozka-pietrowe\/lozko-pietrowe-duo-90-cm\/#breadcrumb"},"inLanguage":"de","potentialAction":[{"@type":"ReadAction","target":["https:\/\/inmondo.pl\/sklep\/elementy\/lozka-pietrowe\/lozko-pietrowe-duo-90-cm\/"]}]},{"@type":"ImageObject","inLanguage":"de","@id":"https:\/\/inmondo.pl\/sklep\/elementy\/lozka-pietrowe\/lozko-pietrowe-duo-90-cm\/#primaryimage","url":"https:\/\/inmondo.pl\/wp-content\/uploads\/2024\/11\/szczeblinka_90.jpg","contentUrl":"https:\/\/inmondo.pl\/wp-content\/uploads\/2024\/11\/szczeblinka_90.jpg","width":960,"height":960},{"@type":"BreadcrumbList","@id":"https:\/\/inmondo.pl\/sklep\/elementy\/lozka-pietrowe\/lozko-pietrowe-duo-90-cm\/#breadcrumb","itemListElement":[{"@type":"ListItem","position":1,"name":"Strona g\u0142\u00f3wna","item":"https:\/\/inmondo.pl\/"},{"@type":"ListItem","position":2,"name":"Oferta Inmondo: spe\u0142niamy marzenia i wymagania","item":"https:\/\/inmondo.pl\/sklep\/"},{"@type":"ListItem","position":3,"name":"kolekcje","item":"https:\/\/inmondo.pl\/de\/sklep\/kolekcje\/"},{"@type":"ListItem","position":4,"name":"\u0141\u00f3\u017cko pi\u0119trowe duo 90 cm &#8211; szczeblina"}]},{"@type":"WebSite","@id":"https:\/\/inmondo.pl\/#website","url":"https:\/\/inmondo.pl\/","name":"Inmondo","description":"","potentialAction":[{"@type":"SearchAction","target":{"@type":"EntryPoint","urlTemplate":"https:\/\/inmondo.pl\/?s={search_term_string}"},"query-input":{"@type":"PropertyValueSpecification","valueRequired":true,"valueName":"search_term_string"}}],"inLanguage":"de"}]}},"wcpa_form_fields":{"wcpaData":{"product":{"product_price":1550,"price_html":"<span class=\"woocommerce-Price-amount amount\">1 550&nbsp;<span class=\"woocommerce-Price-currencySymbol\">&#122;&#322;<\/span><\/span> <span aria-hidden=\"true\"> \u2013 <\/span> <span class=\"woocommerce-Price-amount amount\">2 150&nbsp;<span class=\"woocommerce-Price-currencySymbol\">&#122;&#322;<\/span><\/span><span class=\"screen-reader-text\">Preisspanne: 1 550&nbsp;&#122;&#322; bis 2 150&nbsp;&#122;&#322;<\/span>","original_product_price":1550,"price_including_tax":1550,"price_excluding_tax":1260.1626019999999,"product_id":{"parent":1230,"variation":false},"is_variable":true,"stock_status":"onbackorder","stock_quantity":-3,"parent_sku":"1230","product_attributes":{"pa_kolor":{"is_variation":true,"values":[]},"pa_dodarkowa-barierka":{"is_variation":false,"values":["bez-barierki","barierka"]},"pa_rodzaj-szuflady":{"is_variation":false,"values":["bez-szuflady","do-przechowywania","do-spania"]}},"custom_fields":[],"is_taxable":true},"fields":{"sec_3696e021bea59c":{"extra":{"key":"sec_3696e021bea59c","section_id":"sec_3696e021bea59c","name":"Default","status":1,"cl_rule":"show","enableCl":false,"relations":[],"toggle":true,"title_tag":"h3","show_title":false,"showPrice":"default","form_id":11960,"form_rules":{"exclude_from_discount":false,"fee_label":"Fee","disp_hide_options_price":false,"disp_show_section_price":false,"disp_show_field_price":false,"layout_option":"standard","pric_use_as_fee":false,"process_fee_as":"woo_fee"},"layout_option":"standard"},"fields":[[{"active":true,"col":2,"relations":[{"operator":false,"rules":[{"operator":"and","rules":{"cl_field":"attribute","cl_relation":"is_not","cl_val":"niebieski","cl_field_sub":"pa_kolor"}},{"operator":"AND","rules":{"cl_field":"attribute","cl_relation":"is_not","cl_val":"rozowy","cl_field_sub":"pa_kolor"}}]}],"cl_rule":"show","enableCl":true,"price":"","enablePrice":true,"className":"","label_position":"default","desc_position":"default","type":"select","required":true,"elementId":"select_4696e021bea5cb","label":"Barierka","name":"select_4696e021bea5cb","values":[{"label":"bez barierki","value":"bez barierki","selected":false,"tempId":"aco_877","gt_translate_keys":["label"]},{"label":"z barierk\u0105","value":"z barierk\u0105","selected":false,"tempId":"aco_878","price":"250","gt_translate_keys":["label"]}],"dropdown_type":"basic","error":false,"placeholder":"Wybierz","priceOptions":"different_for_all","pricingType":"fixed","use_as_fee":false,"requiredError":"Barierka jest polem wymaganym","gt_translate_keys":["label","placeholder","requiredError"],"price_dependency":false,"cl_dependency":false,"value":""},{"label":"Rodzaj szuflady","active":true,"required":true,"elementId":"select_7696e021bea5d9","dropdown_type":"basic","placeholder":"Wybierz","name":"select_7696e021bea5d9","label_position":"default","desc_position":"default","enablePrice":true,"className":"","enableCl":true,"relations":[{"operator":false,"rules":[{"operator":"and","rules":{"cl_field":"attribute","cl_relation":"is_not","cl_val":"niebieski","cl_field_sub":"pa_kolor"}},{"operator":"AND","rules":{"cl_field":"attribute","cl_relation":"is_not","cl_val":"rozowy","cl_field_sub":"pa_kolor"}}]}],"values":[{"label":"bez szuflady","value":"bez szuflady","selected":false,"tempId":"aco_877","gt_translate_keys":["label"]},{"label":"funkcja spania","value":"funkcja spania","selected":false,"tempId":"aco_1804","price":"750","gt_translate_keys":["label"]},{"label":"funkcja przechowywania","value":"funkcja przechowywani","selected":false,"tempId":"aco_878","price":"850","gt_translate_keys":["label"]}],"priceOptions":"different_for_all","pricingType":"fixed","price":"","use_as_fee":false,"cl_rule":"show","col":2,"type":"select","error":false,"requiredError":"Rodzaj szuflady jest polem wymaganym","gt_translate_keys":["label","placeholder","requiredError"],"price_dependency":false,"cl_dependency":false,"value":""}],[{"label":"Barierka","active":true,"required":true,"elementId":"select_3696e021bea5ef","dropdown_type":"basic","placeholder":"Wybierz","name":"select_3696e021bea5ef","label_position":"default","desc_position":"default","enablePrice":true,"className":"","enableCl":true,"relations":[{"operator":false,"rules":[{"operator":"or","rules":{"cl_field":"attribute","cl_relation":"is","cl_val":"niebieski","cl_field_sub":"pa_kolor"}},{"operator":"AND","rules":{"cl_field":"attribute","cl_relation":"is","cl_val":"rozowy","cl_field_sub":"pa_kolor"}}]}],"values":[{"label":"bez barierki","value":"bez barierki","selected":false,"tempId":"aco_877","gt_translate_keys":["label"]},{"label":"z barierk\u0105","value":"z barierk\u0105","selected":false,"tempId":"aco_878","price":"280","gt_translate_keys":["label"]}],"priceOptions":"different_for_all","pricingType":"fixed","price":"","use_as_fee":false,"cl_rule":"show","col":2,"type":"select","error":false,"requiredError":"Barierka jest polem wymaganym","gt_translate_keys":["label","placeholder","requiredError"],"price_dependency":false,"cl_dependency":false,"value":""},{"label":"Rodzaj szuflady","active":true,"required":true,"elementId":"select_10696e021bea5f9","dropdown_type":"basic","placeholder":"Wybierz","name":"select_10696e021bea5f9","label_position":"default","desc_position":"default","enablePrice":true,"className":"","enableCl":true,"relations":[{"operator":false,"rules":[{"operator":"or","rules":{"cl_field":"attribute","cl_relation":"is","cl_val":"niebieski","cl_field_sub":"pa_kolor"}},{"operator":"AND","rules":{"cl_field":"attribute","cl_relation":"is","cl_val":"rozowy","cl_field_sub":"pa_kolor"}}]}],"values":[{"label":"bez szuflady","value":"bez szuflady","selected":false,"tempId":"aco_877","gt_translate_keys":["label"]},{"label":"funkcja spania","value":"funkcja spania","selected":false,"tempId":"aco_1804","price":"830","gt_translate_keys":["label"]},{"label":"funkcja przechowywania","value":"funkcja przechowywani","selected":false,"tempId":"aco_878","price":"930","gt_translate_keys":["label"]}],"priceOptions":"different_for_all","pricingType":"fixed","price":"","use_as_fee":false,"cl_rule":"show","col":2,"type":"select","error":false,"requiredError":"Rodzaj szuflady jest polem wymaganym","gt_translate_keys":["label","placeholder","requiredError"],"price_dependency":false,"cl_dependency":false,"value":""}]]}},"config":{"price_override":"","enable_recaptcha":false,"bind_quantity":false,"quantity_bind_formula":"","disp_summ_show_option_price":true,"disp_summ_show_product_price":true,"disp_summ_show_total_price":true,"disp_summ_show_fee":false,"disp_summ_show_discount":false,"summary_title":"","options_total_label":"Cena wariant\u00f3w","total_label":"\u0141\u0105cznie","options_product_label":"Cena produktu","fee_label":"Fee","discount_label":"Obni\u017cka","has_price":true,"has_quantity_formula":false},"mc_unit":1,"tax_rate":1,"tax_rate_real":0.23,"discount":{"percentage":0,"fixed":0},"design":{"conf":{"LabelPosition":"above","DescPosition":"above","UploadField":"custom_1","QuantityFieldStyle":"default"},"css":{"LeftLabelWidth":"120px"}},"formulas":[],"clones":false,"cartKey":false}},"_links":{"self":[{"href":"https:\/\/inmondo.pl\/de\/wp-json\/wp\/v2\/product\/1230","targetHints":{"allow":["GET"]}}],"collection":[{"href":"https:\/\/inmondo.pl\/de\/wp-json\/wp\/v2\/product"}],"about":[{"href":"https:\/\/inmondo.pl\/de\/wp-json\/wp\/v2\/types\/product"}],"replies":[{"embeddable":true,"href":"https:\/\/inmondo.pl\/de\/wp-json\/wp\/v2\/comments?post=1230"}],"wp:featuredmedia":[{"embeddable":true,"href":"https:\/\/inmondo.pl\/de\/wp-json\/wp\/v2\/media\/9131"}],"wp:attachment":[{"href":"https:\/\/inmondo.pl\/de\/wp-json\/wp\/v2\/media?parent=1230"}],"wp:term":[{"taxonomy":"product_brand","embeddable":true,"href":"https:\/\/inmondo.pl\/de\/wp-json\/wp\/v2\/product_brand?post=1230"},{"taxonomy":"product_cat","embeddable":true,"href":"https:\/\/inmondo.pl\/de\/wp-json\/wp\/v2\/product_cat?post=1230"},{"taxonomy":"product_tag","embeddable":true,"href":"https:\/\/inmondo.pl\/de\/wp-json\/wp\/v2\/product_tag?post=1230"}],"curies":[{"name":"wp","href":"https:\/\/api.w.org\/{rel}","templated":true}]}}