{"id":1227,"date":"2020-07-01T15:48:40","date_gmt":"2020-07-01T13:48:40","guid":{"rendered":"http:\/\/inmondo.pl\/?post_type=product&#038;p=1227"},"modified":"2026-04-02T15:04:37","modified_gmt":"2026-04-02T13:04:37","slug":"lozko-pietrowe-trio-120-cm","status":"publish","type":"product","link":"https:\/\/inmondo.pl\/de\/sklep\/elementy\/lozka-pietrowe\/lozko-pietrowe-trio-120-cm\/","title":{"rendered":"Trio 120 Etagenbett - Lamellen"},"content":{"rendered":"<p>Ein innovatives Etagenbett, das die Vorteile einer gro\u00dfen Doppelmatratze mit denen eines zus\u00e4tzlichen \u201eEinzelbetts\u201d perfekt kombiniert. Die Sprossen verleihen ihm ein leichtes Gef\u00fchl. Das aus Kiefer 100% gefertigte Bett bietet sicheren und bequemen Schlaf f\u00fcr drei Personen. Bei Bedarf kann es leicht in 2 unabh\u00e4ngige M\u00f6belst\u00fccke geteilt werden.  Das Etagenbett wurde mit kinder- und umweltfreundlichen Lacken auf Wasserbasis lackiert. Wir achten darauf, dass das Holz, das f\u00fcr die Herstellung unserer M\u00f6bel verwendet wird, aus W\u00e4ldern stammt, die nach ordnungsgem\u00e4\u00dfen forstwirtschaftlichen Standards bewirtschaftet werden. Wir haben die Gewissheit, dass anstelle des Baumes, der in Form eines M\u00f6belst\u00fccks zu Ihnen nach Hause kommt, ein anderer Baum gepflanzt wird.<\/p>\n<p>Unser Angebot umfasst Matratzen <a href=\"https:\/\/inmondo.pl\/de\/sklep\/elementy\/matratzenrestaurierung\/\"><u>RESTO 90<\/u><\/a> und <a href=\"https:\/\/inmondo.pl\/de\/sklep\/elementy\/matratze-resto-120\/\"><u>RESTO 120<\/u><\/a>\u00a0 - bequem und sicher und vor allem gesund - die perfekt in unser Trio-Etagenbett passen!<\/p>","protected":false},"excerpt":{"rendered":"<p>Ein innovatives Etagenbett, das die Vorteile einer gro\u00dfen Doppelmatratze mit denen eines zus\u00e4tzlichen \"Einzelbetts\" perfekt kombiniert. Die Sprossen verleihen ihm ein leichtes Gef\u00fchl. Das aus Kiefer 100% gefertigte Bett bietet sicheren und bequemen Schlaf f\u00fcr drei Personen. Bei Bedarf kann es nahtlos in 2 unabh\u00e4ngige M\u00f6belst\u00fccke geteilt werden.  Das Bett wurde mit kinder- und umweltfreundlichen Lacken auf Wasserbasis lackiert. Wir achten darauf, dass das f\u00fcr die Herstellung unserer M\u00f6bel verwendete Holz aus W\u00e4ldern stammt, die nach den Standards der ordnungsgem\u00e4\u00dfen Forstwirtschaft bewirtschaftet werden.<\/p>\n<p>&nbsp;<\/p>\n<p>Verf\u00fcgbare Farben: wei\u00df, hellgrau, natur, pastellrosa, pastellblau.<\/p>\n<p>Unser Angebot umfasst Matratzen <a href=\"https:\/\/inmondo.pl\/de\/sklep\/elementy\/matratzenrestaurierung\/\"><u>RESTO 90<\/u><\/a> und <a href=\"https:\/\/inmondo.pl\/de\/sklep\/elementy\/matratze-resto-120\/\"><u>RESTO 120<\/u><\/a>\u00a0 - bequem und sicher und vor allem gesund - die perfekt zu unserem Trio-Bett passen!<\/p>\n<p>&nbsp;<\/p>\n<h6><\/h6>","protected":false},"featured_media":9130,"comment_status":"open","ping_status":"closed","template":"","meta":{"_acf_changed":true},"product_brand":[],"product_cat":[17,24,20,99,172],"product_tag":[],"class_list":{"0":"post-1227","1":"product","2":"type-product","3":"status-publish","4":"has-post-thumbnail","6":"product_cat-kolekcje","7":"product_cat-collet","8":"product_cat-elementy","9":"product_cat-meble-dostepne","10":"product_cat-lozka-pietrowe","11":"wcpa_has_options","13":"first","14":"onbackorder","15":"sale","16":"taxable","17":"shipping-taxable","18":"purchasable","19":"product-type-variable","20":"has-default-attributes"},"acf":{"wymiary":"Szeroko\u015b\u0107: 212,5 cm<br \/>\r\nWysoko\u015b\u0107 ca\u0142kowita: 150 cm<br \/>\r\nG\u0142\u0119boko\u015b\u0107: 135,5 cm<br \/>\r\n<br \/>\r\nOdleg\u0142o\u015b\u0107 mi\u0119dzy g\u00f3rnym a&nbsp;dolnym le\u017cyskiem: 75,4 cm<br \/>\r\n<br \/>\r\n<br \/>\r\ng\u0142\u0119boko\u015b\u0107 le\u017cyska - 6cm<br \/>\r\nmaksymalna grubo\u015b\u0107 materaca - 16 cm ","materialy":"drewno sosnowe, lakier wodny i&nbsp;wodny UV","sections_woocommerce":[{"acf_fc_layout":"section_menu","is_active":true,"repeater":[{"text":"Opis","link":"#opis"},{"text":"Lookbook","link":"#lookbook"},{"text":"Opinie","link":"#opinie"},{"text":"Inne produkty","link":"#inneprodukty"}]},{"acf_fc_layout":"section_woocommerce_text_image","is_active":true,"anchor":"#opis","text_align":"textAlign--left","grid_width":"main","wysiwyg":"<h3>Cechy produktu:<\/h3>\n<p>&nbsp;<\/p>\n<p>Szeroko\u015b\u0107 ca\u0142kowita: 212,5 cm<br \/>\nWysoko\u015b\u0107 ca\u0142kowita: 150 cm<\/p>\n<p>&nbsp;<\/p>\n<p>G\u0142\u0119boko\u015b\u0107 dolnego le\u017cyska: 135,5 cm<\/p>\n<p>G\u0142\u0119boko\u015b\u0107 g\u00f3rnego le\u017cyska: 104,5 cm<\/p>\n<p>Odleg\u0142o\u015b\u0107 mi\u0119dzy g\u00f3rnym, a\u00a0dolnym le\u017cyskiem: 75,4 cm<\/p>\n<p>&nbsp;<\/p>\n<p>g\u0142\u0119boko\u015b\u0107 le\u017cyska: 6cm<\/p>\n<p>wymiary materacy dla\u00a0\u0142\u00f3\u017cka pi\u0119trowego Trio: 90 x 200 cm i\u00a0120 x 200 cm<br \/>\nmaksymalna grubo\u015b\u0107 materaca: 16 cm<\/p>\n<p>&nbsp;<\/p>\n<p>Obci\u0105\u017cenie statyczne \u0142\u00f3\u017cka: max. 100 kg g\u00f3rne le\u017cysko, max. 100 kg dolne le\u017cysko<\/p>\n<p>Materia\u0142: 100% drewno sosnowe<\/p>\n<p>Dost\u0119pna kolorystyka: bia\u0142y, jasny szary, niebieski, r\u00f3\u017cowy, natura<\/p>\n<p>&nbsp;<\/p>\n<p>Produkt wymaga z\u0142o\u017cenia<\/p>\n","image":"https:\/\/inmondo.pl\/wp-content\/uploads\/2020\/07\/Inmondo-6-scaled-e1669636937225.jpg"},{"acf_fc_layout":"section_woocommerce_text_image","is_active":true,"anchor":"","text_align":"textAlign--right","grid_width":"main","wysiwyg":"<h2>Collet<\/h2>\n<p>Meble z\u00a0kolekcji Collet to ponadczasowa, prosta forma podkre\u015blona przez\u00a0kolory, kt\u00f3re s\u0105 szczeg\u00f3lnie lubiane przez\u00a0dzieci. Wasza ukochana biel to spok\u00f3j i\u00a0harmonia, kt\u00f3ra pasuje do\u00a0ka\u017cdego wn\u0119trza. Natomiast\u00a0najm\u0142odszym, kt\u00f3rzy pragn\u0105 wype\u0142ni\u0107 swoje pokoje rado\u015bci\u0105 barw, proponujemy spokojny r\u00f3\u017c, nietuzinkowy b\u0142\u0119kit oraz\u00a0powiew jasnej szaro\u015bci.<\/p>\n<h2><strong>Uwaga!<\/strong><\/h2>\n<p>Zmieniona zosta\u0142a\u00a0 konstrukcja \u0142\u00f3\u017cka wariantach bia\u0142y i\u00a0szary \u2013 dodali\u015bmy mo\u017cliwo\u015b\u0107 zamontowania drabinki zar\u00f3wno po\u00a0prawej lub\u00a0lewej stronie, w\u00a0zwi\u0105zku z\u00a0czym powsta\u0142y dodatkowe otwory, kt\u00f3re zostaj\u0105 zakryte dedykowanymi za\u015blepkami. W\u00a0przypadku \u0142\u00f3\u017cek w\u00a0kolorach r\u00f3\u017cowy i\u00a0niebieski, przy\u00a0zam\u00f3wieniu prosimy o\u00a0wyb\u00f3r\u00a0 docelowej strony monta\u017cu drabinki &#8211; brak dodatkowych otwor\u00f3w.<\/p>\n","image":"https:\/\/inmondo.pl\/wp-content\/uploads\/2020\/07\/2019_04_INMONDO_POK\u00d3J_DZIEWCZYNKI_6-13902.jpg"},{"acf_fc_layout":"section_woocommerce_text_image","is_active":true,"anchor":"opis","text_align":"textAlign--left","grid_width":"main","wysiwyg":"<h2>Uwaga!<\/h2>\n<p>\u0141\u00f3\u017cka wysokie i\u00a0g\u00f3rne \u0142\u00f3\u017cka \u0142\u00f3\u017cek pi\u0119trowych albo\u00a0\u0142\u00f3\u017cka na\u00a0antresoli nie s\u0105 przeznaczone dla\u00a0dzieci w\u00a0wieku poni\u017cej 6 lat, z\u00a0uwagi na\u00a0ryzyko obra\u017ce\u0144 na\u00a0skutek wypadni\u0119cia.<br \/>\nMaksymalne obci\u0105\u017cenie oznacza ci\u0119\u017car statyczny, innymi s\u0142owy jest to obci\u0105\u017cenie, kt\u00f3ry \u0142\u00f3\u017cko wytrzymuje, gdy na\u00a0nim le\u017cysz lub\u00a0siedzisz.<br \/>\nMaksymalne obci\u0105\u017cenie: 100 kg<\/p>\n<p>&nbsp;<\/p>\n<p>\u0141\u00f3\u017cko zgodne z\u00a0norm\u0105:\u00a0\u00a0 PN-EN 747-1+A1:2015-08 &#8222;Meble &#8211; \u0141\u00f3\u017cka pi\u0119trowe i\u00a0\u0142\u00f3\u017cka wysokie &#8212; Cz\u0119\u015b\u0107 1: Wymagania bezpiecze\u0144stwa, wytrzyma\u0142o\u015bci i\u00a0trwa\u0142o\u015bci&#8221;<\/p>\n","image":"https:\/\/inmondo.pl\/wp-content\/uploads\/2022\/11\/20211110_100053-scaled-e1667908895532.jpg"},{"acf_fc_layout":"section_woocommerce_lookbook","is_active":true,"anchor":"lookbook","header":"<h2 style=\"text-align: center;\">Zobacz galeri\u0119 Collet:<\/h2>\n<p style=\"text-align: center;\">Minimalistyczny lookbook prosto od naszych projektant\u00f3w. Ogl\u0105daj, inspiruj si\u0119, a\u00a0je\u015bli masz pomys\u0142y lub\u00a0pytania \u2014 od razu dzwo\u0144!<\/p>\n","repeater":[{"shortcode":"[woocommerce_lookbook id=\"1363\"]"},{"shortcode":"[woocommerce_lookbook id=\"1360\"]"},{"shortcode":"[woocommerce_lookbook id=\"1441\"]"},{"shortcode":"[woocommerce_lookbook id=\"1520\"]"}]},{"acf_fc_layout":"section_woocommerce_opinions","is_active":true,"anchor":"opinie"},{"acf_fc_layout":"section_woocommerce_otherFromCategory","is_active":true,"anchor":"inneprodukty"}],"czas_realizacji":""},"yoast_head":"<!-- This site is optimized with the Yoast SEO plugin v27.3 - https:\/\/yoast.com\/product\/yoast-seo-wordpress\/ -->\n<title>\u0141\u00f3\u017cko pi\u0119trowe Trio 120 - Szczeblinka - Inmondo<\/title>\n<meta name=\"description\" content=\"Trio to \u00a0\u0142\u00f3\u017cko pi\u0119trowe, kt\u00f3re idealnie \u0142\u0105czy zalety du\u017cego dwuosobowego materaca wraz z dodatkow\u0105 &quot;jedynk\u0105&quot;\" \/>\n<meta name=\"robots\" content=\"index, follow, max-snippet:-1, max-image-preview:large, max-video-preview:-1\" \/>\n<link rel=\"canonical\" href=\"http:\/\/inmondo.pl\/de\/sklep\/elementy\/lozka-pietrowe\/lozko-pietrowe-trio-120-cm\/\" \/>\n<meta property=\"og:locale\" content=\"de_DE\" \/>\n<meta property=\"og:type\" content=\"article\" \/>\n<meta property=\"og:title\" content=\"\u0141\u00f3\u017cko pi\u0119trowe Trio 120 - Szczeblinka - Inmondo\" \/>\n<meta property=\"og:description\" content=\"Trio to \u00a0\u0142\u00f3\u017cko pi\u0119trowe, kt\u00f3re idealnie \u0142\u0105czy zalety du\u017cego dwuosobowego materaca wraz z dodatkow\u0105 &quot;jedynk\u0105&quot;\" \/>\n<meta property=\"og:url\" content=\"http:\/\/inmondo.pl\/de\/sklep\/elementy\/lozka-pietrowe\/lozko-pietrowe-trio-120-cm\/\" \/>\n<meta property=\"og:site_name\" content=\"Inmondo\" \/>\n<meta property=\"article:modified_time\" content=\"2026-04-02T13:04:37+00:00\" \/>\n<meta property=\"og:image\" content=\"http:\/\/inmondo.pl\/wp-content\/uploads\/2024\/11\/szczeblinka_120-1.jpg\" \/>\n\t<meta property=\"og:image:width\" content=\"960\" \/>\n\t<meta property=\"og:image:height\" content=\"960\" \/>\n\t<meta property=\"og:image:type\" content=\"image\/jpeg\" \/>\n<meta name=\"twitter:card\" content=\"summary_large_image\" \/>\n<meta name=\"twitter:label1\" content=\"Gesch\u00e4tzte Lesezeit\" \/>\n\t<meta name=\"twitter:data1\" content=\"4\u00a0Minuten\" \/>\n<script type=\"application\/ld+json\" class=\"yoast-schema-graph\">{\"@context\":\"https:\\\/\\\/schema.org\",\"@graph\":[{\"@type\":\"WebPage\",\"@id\":\"http:\\\/\\\/inmondo.pl\\\/sklep\\\/elementy\\\/lozka-pietrowe\\\/lozko-pietrowe-trio-120-cm\\\/\",\"url\":\"http:\\\/\\\/inmondo.pl\\\/sklep\\\/elementy\\\/lozka-pietrowe\\\/lozko-pietrowe-trio-120-cm\\\/\",\"name\":\"\u0141\u00f3\u017cko pi\u0119trowe Trio 120 - Szczeblinka - Inmondo\",\"isPartOf\":{\"@id\":\"https:\\\/\\\/inmondo.pl\\\/#website\"},\"primaryImageOfPage\":{\"@id\":\"http:\\\/\\\/inmondo.pl\\\/sklep\\\/elementy\\\/lozka-pietrowe\\\/lozko-pietrowe-trio-120-cm\\\/#primaryimage\"},\"image\":{\"@id\":\"http:\\\/\\\/inmondo.pl\\\/sklep\\\/elementy\\\/lozka-pietrowe\\\/lozko-pietrowe-trio-120-cm\\\/#primaryimage\"},\"thumbnailUrl\":\"https:\\\/\\\/inmondo.pl\\\/wp-content\\\/uploads\\\/2024\\\/11\\\/szczeblinka_120-1.jpg\",\"datePublished\":\"2020-07-01T13:48:40+00:00\",\"dateModified\":\"2026-04-02T13:04:37+00:00\",\"description\":\"Trio to \u00a0\u0142\u00f3\u017cko pi\u0119trowe, kt\u00f3re idealnie \u0142\u0105czy zalety du\u017cego dwuosobowego materaca wraz z dodatkow\u0105 \\\"jedynk\u0105\\\"\",\"breadcrumb\":{\"@id\":\"http:\\\/\\\/inmondo.pl\\\/sklep\\\/elementy\\\/lozka-pietrowe\\\/lozko-pietrowe-trio-120-cm\\\/#breadcrumb\"},\"inLanguage\":\"de\",\"potentialAction\":[{\"@type\":\"ReadAction\",\"target\":[\"http:\\\/\\\/inmondo.pl\\\/sklep\\\/elementy\\\/lozka-pietrowe\\\/lozko-pietrowe-trio-120-cm\\\/\"]}]},{\"@type\":\"ImageObject\",\"inLanguage\":\"de\",\"@id\":\"http:\\\/\\\/inmondo.pl\\\/sklep\\\/elementy\\\/lozka-pietrowe\\\/lozko-pietrowe-trio-120-cm\\\/#primaryimage\",\"url\":\"https:\\\/\\\/inmondo.pl\\\/wp-content\\\/uploads\\\/2024\\\/11\\\/szczeblinka_120-1.jpg\",\"contentUrl\":\"https:\\\/\\\/inmondo.pl\\\/wp-content\\\/uploads\\\/2024\\\/11\\\/szczeblinka_120-1.jpg\",\"width\":960,\"height\":960},{\"@type\":\"BreadcrumbList\",\"@id\":\"http:\\\/\\\/inmondo.pl\\\/sklep\\\/elementy\\\/lozka-pietrowe\\\/lozko-pietrowe-trio-120-cm\\\/#breadcrumb\",\"itemListElement\":[{\"@type\":\"ListItem\",\"position\":1,\"name\":\"Strona g\u0142\u00f3wna\",\"item\":\"https:\\\/\\\/inmondo.pl\\\/\"},{\"@type\":\"ListItem\",\"position\":2,\"name\":\"Oferta Inmondo: spe\u0142niamy marzenia i wymagania\",\"item\":\"https:\\\/\\\/inmondo.pl\\\/sklep\\\/\"},{\"@type\":\"ListItem\",\"position\":3,\"name\":\"kolekcje\",\"item\":\"https:\\\/\\\/inmondo.pl\\\/de\\\/sklep\\\/kolekcje\\\/\"},{\"@type\":\"ListItem\",\"position\":4,\"name\":\"\u0141\u00f3\u017cko pi\u0119trowe Trio 120 &#8211; Szczeblinka\"}]},{\"@type\":\"WebSite\",\"@id\":\"https:\\\/\\\/inmondo.pl\\\/#website\",\"url\":\"https:\\\/\\\/inmondo.pl\\\/\",\"name\":\"Inmondo\",\"description\":\"\",\"potentialAction\":[{\"@type\":\"SearchAction\",\"target\":{\"@type\":\"EntryPoint\",\"urlTemplate\":\"https:\\\/\\\/inmondo.pl\\\/?s={search_term_string}\"},\"query-input\":{\"@type\":\"PropertyValueSpecification\",\"valueRequired\":true,\"valueName\":\"search_term_string\"}}],\"inLanguage\":\"de\"}]}<\/script>\n<!-- \/ Yoast SEO plugin. -->","yoast_head_json":{"title":"Trio 120 Etagenbett - Stettin - Inmondo","description":"Das Trio ist ein Etagenbett, das die Vorteile einer gro\u00dfen Doppelmatratze mit einer zus\u00e4tzlichen \"Einzelmatratze\" perfekt kombiniert.","robots":{"index":"index","follow":"follow","max-snippet":"max-snippet:-1","max-image-preview":"max-image-preview:large","max-video-preview":"max-video-preview:-1"},"canonical":"http:\/\/inmondo.pl\/de\/sklep\/elementy\/lozka-pietrowe\/lozko-pietrowe-trio-120-cm\/","og_locale":"de_DE","og_type":"article","og_title":"\u0141\u00f3\u017cko pi\u0119trowe Trio 120 - Szczeblinka - Inmondo","og_description":"Trio to \u00a0\u0142\u00f3\u017cko pi\u0119trowe, kt\u00f3re idealnie \u0142\u0105czy zalety du\u017cego dwuosobowego materaca wraz z dodatkow\u0105 \"jedynk\u0105\"","og_url":"http:\/\/inmondo.pl\/de\/sklep\/elementy\/lozka-pietrowe\/lozko-pietrowe-trio-120-cm\/","og_site_name":"Inmondo","article_modified_time":"2026-04-02T13:04:37+00:00","og_image":[{"width":960,"height":960,"url":"http:\/\/inmondo.pl\/wp-content\/uploads\/2024\/11\/szczeblinka_120-1.jpg","type":"image\/jpeg"}],"twitter_card":"summary_large_image","twitter_misc":{"Gesch\u00e4tzte Lesezeit":"4\u00a0Minuten"},"schema":{"@context":"https:\/\/schema.org","@graph":[{"@type":"WebPage","@id":"http:\/\/inmondo.pl\/sklep\/elementy\/lozka-pietrowe\/lozko-pietrowe-trio-120-cm\/","url":"http:\/\/inmondo.pl\/sklep\/elementy\/lozka-pietrowe\/lozko-pietrowe-trio-120-cm\/","name":"Trio 120 Etagenbett - Stettin - Inmondo","isPartOf":{"@id":"https:\/\/inmondo.pl\/#website"},"primaryImageOfPage":{"@id":"http:\/\/inmondo.pl\/sklep\/elementy\/lozka-pietrowe\/lozko-pietrowe-trio-120-cm\/#primaryimage"},"image":{"@id":"http:\/\/inmondo.pl\/sklep\/elementy\/lozka-pietrowe\/lozko-pietrowe-trio-120-cm\/#primaryimage"},"thumbnailUrl":"https:\/\/inmondo.pl\/wp-content\/uploads\/2024\/11\/szczeblinka_120-1.jpg","datePublished":"2020-07-01T13:48:40+00:00","dateModified":"2026-04-02T13:04:37+00:00","description":"Das Trio ist ein Etagenbett, das die Vorteile einer gro\u00dfen Doppelmatratze mit einer zus\u00e4tzlichen \"Einzelmatratze\" perfekt kombiniert.","breadcrumb":{"@id":"http:\/\/inmondo.pl\/sklep\/elementy\/lozka-pietrowe\/lozko-pietrowe-trio-120-cm\/#breadcrumb"},"inLanguage":"de","potentialAction":[{"@type":"ReadAction","target":["http:\/\/inmondo.pl\/sklep\/elementy\/lozka-pietrowe\/lozko-pietrowe-trio-120-cm\/"]}]},{"@type":"ImageObject","inLanguage":"de","@id":"http:\/\/inmondo.pl\/sklep\/elementy\/lozka-pietrowe\/lozko-pietrowe-trio-120-cm\/#primaryimage","url":"https:\/\/inmondo.pl\/wp-content\/uploads\/2024\/11\/szczeblinka_120-1.jpg","contentUrl":"https:\/\/inmondo.pl\/wp-content\/uploads\/2024\/11\/szczeblinka_120-1.jpg","width":960,"height":960},{"@type":"BreadcrumbList","@id":"http:\/\/inmondo.pl\/sklep\/elementy\/lozka-pietrowe\/lozko-pietrowe-trio-120-cm\/#breadcrumb","itemListElement":[{"@type":"ListItem","position":1,"name":"Strona g\u0142\u00f3wna","item":"https:\/\/inmondo.pl\/"},{"@type":"ListItem","position":2,"name":"Oferta Inmondo: spe\u0142niamy marzenia i wymagania","item":"https:\/\/inmondo.pl\/sklep\/"},{"@type":"ListItem","position":3,"name":"kolekcje","item":"https:\/\/inmondo.pl\/de\/sklep\/kolekcje\/"},{"@type":"ListItem","position":4,"name":"\u0141\u00f3\u017cko pi\u0119trowe Trio 120 &#8211; Szczeblinka"}]},{"@type":"WebSite","@id":"https:\/\/inmondo.pl\/#website","url":"https:\/\/inmondo.pl\/","name":"Inmondo","description":"","potentialAction":[{"@type":"SearchAction","target":{"@type":"EntryPoint","urlTemplate":"https:\/\/inmondo.pl\/?s={search_term_string}"},"query-input":{"@type":"PropertyValueSpecification","valueRequired":true,"valueName":"search_term_string"}}],"inLanguage":"de"}]}},"wcpa_form_fields":{"wcpaData":{"product":{"product_price":1690,"price_html":"<span class=\"woocommerce-Price-amount amount\">1 690&nbsp;<span class=\"woocommerce-Price-currencySymbol\">&#122;&#322;<\/span><\/span> <span aria-hidden=\"true\"> \u2013 <\/span> <span class=\"woocommerce-Price-amount amount\">2 490&nbsp;<span class=\"woocommerce-Price-currencySymbol\">&#122;&#322;<\/span><\/span><span class=\"screen-reader-text\">Preisspanne: 1 690&nbsp;&#122;&#322; bis 2 490&nbsp;&#122;&#322;<\/span>","original_product_price":1690,"price_including_tax":1690,"price_excluding_tax":1373.9837400000001,"product_id":{"parent":1227,"variation":false},"is_variable":true,"stock_status":"onbackorder","stock_quantity":-29,"parent_sku":"1227","product_attributes":{"pa_kolor":{"is_variation":true,"values":[]},"pa_dodarkowa-barierka":{"is_variation":false,"values":["bez-barierki","barierka"]}},"custom_fields":[],"is_taxable":true},"fields":{"sec_2696e0a1c64c10":{"extra":{"key":"sec_2696e0a1c64c10","section_id":"sec_2696e0a1c64c10","name":"Default","status":1,"cl_rule":"show","enableCl":false,"relations":[],"toggle":true,"title_tag":"h3","show_title":false,"showPrice":"default","form_id":11970,"form_rules":{"exclude_from_discount":false,"fee_label":"Geb\u00fchr","disp_hide_options_price":false,"disp_show_section_price":false,"disp_show_field_price":false,"layout_option":"standard","pric_use_as_fee":false,"process_fee_as":"woo_fee"},"layout_option":"standard"},"fields":[[{"active":true,"col":2,"relations":[{"operator":false,"rules":[{"operator":"and","rules":{"cl_field":"attribute","cl_relation":"is_not","cl_val":"niebieski","cl_field_sub":"pa_kolor"}},{"operator":"AND","rules":{"cl_field":"attribute","cl_relation":"is_not","cl_val":"rozowy","cl_field_sub":"pa_kolor"}}]}],"cl_rule":"show","enableCl":true,"price":"","enablePrice":true,"className":"","label_position":"default","desc_position":"default","type":"select","required":true,"elementId":"select_8696e0a1c64c3e","label":"Barierka","name":"select_8696e0a1c64c3e","values":[{"label":"bez barierki","value":"bez barierki","selected":false,"tempId":"aco_877","gt_translate_keys":["label"]},{"label":"z barierk\u0105","value":"z barierk\u0105","selected":false,"tempId":"aco_878","price":"250","gt_translate_keys":["label"]}],"dropdown_type":"basic","error":false,"placeholder":"Wybierz","priceOptions":"different_for_all","pricingType":"fixed","use_as_fee":false,"requiredError":"Barierka jest polem wymaganym","gt_translate_keys":["label","placeholder","requiredError"],"price_dependency":false,"cl_dependency":false,"value":""},{"label":"Rodzaj szuflady","active":true,"required":true,"elementId":"select_10696e0a1c64c4d","dropdown_type":"basic","placeholder":"Wybierz","name":"select_10696e0a1c64c4d","label_position":"default","desc_position":"default","enablePrice":true,"className":"","enableCl":true,"relations":[{"operator":false,"rules":[{"operator":"and","rules":{"cl_field":"attribute","cl_relation":"is_not","cl_val":"niebieski","cl_field_sub":"pa_kolor"}},{"operator":"AND","rules":{"cl_field":"attribute","cl_relation":"is_not","cl_val":"rozowy","cl_field_sub":"pa_kolor"}}]}],"values":[{"label":"bez szuflady","value":"bez szuflady","selected":false,"tempId":"aco_877","gt_translate_keys":["label"]},{"label":"szuflada trio\/120 x 200","value":"szuflada trio\/120 x 90","selected":false,"tempId":"aco_1804","price":"690","gt_translate_keys":["label"]}],"priceOptions":"different_for_all","pricingType":"fixed","price":"","use_as_fee":false,"cl_rule":"show","col":2,"type":"select","error":false,"requiredError":"Rodzaj szuflady jest polem wymaganym","isTemplate":false,"gt_translate_keys":["label","placeholder","requiredError"],"price_dependency":false,"cl_dependency":false,"value":""}],[{"label":"Barierka","active":true,"required":true,"elementId":"select_10696e0a1c64c62","dropdown_type":"basic","placeholder":"Wybierz","name":"select_10696e0a1c64c62","label_position":"default","desc_position":"default","enablePrice":true,"className":"","enableCl":true,"relations":[{"operator":false,"rules":[{"operator":"or","rules":{"cl_field":"attribute","cl_relation":"is","cl_val":"niebieski","cl_field_sub":"pa_kolor"}},{"operator":"AND","rules":{"cl_field":"attribute","cl_relation":"is","cl_val":"rozowy","cl_field_sub":"pa_kolor"}}]}],"values":[{"label":"bez barierki","value":"bez barierki","selected":false,"tempId":"aco_877","gt_translate_keys":["label"]},{"label":"z barierk\u0105","value":"z barierk\u0105","selected":false,"tempId":"aco_878","price":"280","gt_translate_keys":["label"]}],"priceOptions":"different_for_all","pricingType":"fixed","price":"","use_as_fee":false,"cl_rule":"show","col":2,"type":"select","error":false,"requiredError":"Barierka jest polem wymaganym","gt_translate_keys":["label","placeholder","requiredError"],"price_dependency":false,"cl_dependency":false,"value":""},{"label":"Rodzaj szuflady","active":true,"required":true,"elementId":"select_8696e0a1c64c6c","dropdown_type":"basic","placeholder":"Wybierz","name":"select_8696e0a1c64c6c","label_position":"default","desc_position":"default","enablePrice":true,"className":"","enableCl":true,"relations":[{"operator":false,"rules":[{"operator":"or","rules":{"cl_field":"attribute","cl_relation":"is","cl_val":"niebieski","cl_field_sub":"pa_kolor"}},{"operator":"AND","rules":{"cl_field":"attribute","cl_relation":"is","cl_val":"rozowy","cl_field_sub":"pa_kolor"}}]}],"values":[{"label":"bez szuflady","value":"bez szuflady","selected":false,"tempId":"aco_877","gt_translate_keys":["label"]},{"label":"szuflada trio\/120 x 200","value":"szuflada trio\/120 x 90","selected":false,"tempId":"aco_1804","price":"760","gt_translate_keys":["label"]}],"priceOptions":"different_for_all","pricingType":"fixed","price":"","use_as_fee":false,"cl_rule":"show","col":2,"type":"select","error":false,"requiredError":"Rodzaj szuflady jest polem wymaganym","isTemplate":false,"gt_translate_keys":["label","placeholder","requiredError"],"price_dependency":false,"cl_dependency":false,"value":""}]]}},"config":{"price_override":"","enable_recaptcha":false,"bind_quantity":false,"quantity_bind_formula":"","disp_summ_show_option_price":true,"disp_summ_show_product_price":true,"disp_summ_show_total_price":true,"disp_summ_show_fee":false,"disp_summ_show_discount":false,"summary_title":"","options_total_label":"Cena wariant\u00f3w","total_label":"\u0141\u0105cznie","options_product_label":"Cena produktu","fee_label":"Geb\u00fchr","discount_label":"Obni\u017cka","has_price":true,"has_quantity_formula":false},"mc_unit":1,"tax_rate":1,"tax_rate_real":0.23,"discount":{"percentage":0,"fixed":0},"design":{"conf":{"LabelPosition":"above","DescPosition":"above","UploadField":"custom_1","QuantityFieldStyle":"default"},"css":{"LeftLabelWidth":"120px"}},"formulas":[],"clones":false,"cartKey":false}},"_links":{"self":[{"href":"https:\/\/inmondo.pl\/de\/wp-json\/wp\/v2\/product\/1227","targetHints":{"allow":["GET"]}}],"collection":[{"href":"https:\/\/inmondo.pl\/de\/wp-json\/wp\/v2\/product"}],"about":[{"href":"https:\/\/inmondo.pl\/de\/wp-json\/wp\/v2\/types\/product"}],"replies":[{"embeddable":true,"href":"https:\/\/inmondo.pl\/de\/wp-json\/wp\/v2\/comments?post=1227"}],"wp:featuredmedia":[{"embeddable":true,"href":"https:\/\/inmondo.pl\/de\/wp-json\/wp\/v2\/media\/9130"}],"wp:attachment":[{"href":"https:\/\/inmondo.pl\/de\/wp-json\/wp\/v2\/media?parent=1227"}],"wp:term":[{"taxonomy":"product_brand","embeddable":true,"href":"https:\/\/inmondo.pl\/de\/wp-json\/wp\/v2\/product_brand?post=1227"},{"taxonomy":"product_cat","embeddable":true,"href":"https:\/\/inmondo.pl\/de\/wp-json\/wp\/v2\/product_cat?post=1227"},{"taxonomy":"product_tag","embeddable":true,"href":"https:\/\/inmondo.pl\/de\/wp-json\/wp\/v2\/product_tag?post=1227"}],"curies":[{"name":"wp","href":"https:\/\/api.w.org\/{rel}","templated":true}]}}