{"id":1224,"date":"2020-07-01T15:47:39","date_gmt":"2020-07-01T13:47:39","guid":{"rendered":"http:\/\/inmondo.pl\/?post_type=product&#038;p=1224"},"modified":"2026-04-17T11:31:22","modified_gmt":"2026-04-17T09:31:22","slug":"lozko-pojedyncze-90-cm-3","status":"publish","type":"product","link":"https:\/\/inmondo.pl\/de\/sklep\/elementy\/lozka\/lozko-pojedyncze-90-cm-3\/","title":{"rendered":"Einzelbett 90 cm - Sprosse"},"content":{"rendered":"<p>Klasyczne i ponadczasowe, wyko\u0144czone szczeblinkami\u00a0 \u0142\u00f3\u017cko, kt\u00f3re wpisze si\u0119 idealnie do ka\u017cdego wnetrza. Wykonane w ca\u0142o\u015bci z drewna sosnowego. Jego konstrukcja zapewnia bezpieczny i komfortowy wypoczynek.\u00a0 \u0141\u00f3\u017cko zosta\u0142o polakierowanie przyjaznymi dla dziecka i \u015brodowiska lakierami wodnymi. Dbamy, aby drewno u\u017cyte do produkcji naszych mebli pochodzi\u0142o z las\u00f3w zarz\u0105dzanych zgodnie ze standardami prawid\u0142owej gospodarki le\u015bnej. Mamy pewno\u015b\u0107, \u017ce w miejsce drzewa, kt\u00f3re trafi\u0142o do Pa\u0144stwa domu w postaci mebla, zostanie posadzone kolejne.<\/p>","protected":false},"excerpt":{"rendered":"<p>Ein klassisches und zeitloses Bett in Sprossenoptik, das sich perfekt in jede Einrichtung einf\u00fcgt. Ganz aus Kiefernholz gefertigt. Seine Konstruktion gew\u00e4hrleistet einen sicheren und bequemen Schlaf.  Das Bett wurde mit kinder- und umweltfreundlichen Lacken auf Wasserbasis lackiert. Wir vergewissern uns, dass das f\u00fcr die Herstellung unserer M\u00f6bel verwendete Holz aus W\u00e4ldern stammt, die nach den Standards der ordnungsgem\u00e4\u00dfen Forstwirtschaft bewirtschaftet werden.<\/p>\n<p>&nbsp;<\/p>\n<p>Auf unserer Website finden Sie auch speziell f\u00fcr dieses Bett entworfene Vorh\u00e4nge \ud83d\ude42\u00a0<a href=\"https:\/\/inmondo.pl\/de\/sklep\/elementy\/matratzenrestaurierung\/\">RESTO 90<\/a>\u00a0oder\u00a0<a href=\"https:\/\/inmondo.pl\/de\/sklep\/elementy\/matratze-resto-duo-90\/\">RESTO DUO 90<\/a> und <a href=\"https:\/\/inmondo.pl\/de\/sklep\/elementy\/matratzenrestaurierung-2\/\" target=\"_blank\" rel=\"noopener\">Matratze f\u00fcr Schublade<\/a>.<\/p>\n<p>&nbsp;<\/p>\n<p>Verf\u00fcgbare Farben: wei\u00df, hellgrau, natur, pastellrosa, pastellblau.<\/p>\n<p>&nbsp;<\/p>\n<p>Zus\u00e4tzlich empfehlen wir:<\/p>\n<p>Gewidmet <span style=\"text-decoration: underline;\"><a href=\"http:\/\/inmondo.pl\/de\/sklep\/kolekcje\/collet\/szuflada-collet\/\">Schublade<\/a><\/span> so k\u00f6nnen Sie den Platz unter den M\u00f6beln voll ausnutzen, um Kissen, Bettdecken und Decken aufzubewahren oder gelegentlich einen zus\u00e4tzlichen Schlafplatz zu schaffen.<\/p>\n<p>&nbsp;<\/p>\n<h6><\/h6>","protected":false},"featured_media":9138,"comment_status":"open","ping_status":"closed","template":"","meta":{"_acf_changed":true},"product_brand":[],"product_cat":[17,24,20,99,21],"product_tag":[],"class_list":{"0":"post-1224","1":"product","2":"type-product","3":"status-publish","4":"has-post-thumbnail","6":"product_cat-kolekcje","7":"product_cat-collet","8":"product_cat-elementy","9":"product_cat-meble-dostepne","10":"product_cat-lozka","11":"wcpa_has_options","13":"first","14":"onbackorder","15":"sale","16":"taxable","17":"shipping-taxable","18":"purchasable","19":"product-type-variable","20":"has-default-attributes"},"acf":{"wymiary":"Szeroko\u015b\u0107: 212,5 cm<br \/>\r\nWysoko\u015b\u0107: 92,5 cm<br \/>\r\nG\u0142\u0119boko\u015b\u0107: 101 cm","materialy":"drewno sosnowe, lakier wodny i&nbsp;wodny UV","sections_woocommerce":[{"acf_fc_layout":"section_menu","is_active":true,"repeater":[{"text":"Opis","link":"#opis"},{"text":"Lookbook","link":"#lookbook"},{"text":"Opinie","link":"#opinie"},{"text":"Inne produkty","link":"#inneprodukty"}]},{"acf_fc_layout":"section_woocommerce_text_image","is_active":true,"anchor":"opis","text_align":"textAlign--left","grid_width":"main","wysiwyg":"<h2>Collet<\/h2>\n<p>Meble z\u00a0kolekcji Collet to ponadczasowa, prosta forma podkre\u015blona przez\u00a0kolory, kt\u00f3re s\u0105 szczeg\u00f3lnie lubiane przez\u00a0dzieci. Wasza ukochana biel to spok\u00f3j i\u00a0harmonia, kt\u00f3ra pasuje do\u00a0ka\u017cdego wn\u0119trza. Natomiast\u00a0najm\u0142odszym, kt\u00f3rzy pragn\u0105 wype\u0142ni\u0107 swoje pokoje rado\u015bci\u0105 barw, proponujemy spokojny r\u00f3\u017c, nietuzinkowy b\u0142\u0119kit oraz\u00a0powiew jasnej szaro\u015bci.<\/p>\n","image":"https:\/\/inmondo.pl\/wp-content\/uploads\/2025\/05\/T0A3730-1.jpeg"},{"acf_fc_layout":"section_woocommerce_lookbook","is_active":true,"anchor":"lookbook","header":"<h2 style=\"text-align: center;\">Zobacz galeri\u0119 Collet:<\/h2>\n<p style=\"text-align: center;\">Minimalistyczny lookbook prosto od naszych projektant\u00f3w. Ogl\u0105daj, inspiruj si\u0119, a\u00a0je\u015bli masz pomys\u0142y lub\u00a0pytania \u2014 od razu dzwo\u0144!<\/p>\n","repeater":[{"shortcode":"[woocommerce_lookbook id=\"1360\"]"},{"shortcode":"[woocommerce_lookbook id=\"1365\"]"},{"shortcode":"[woocommerce_lookbook id=\"1363\"]"},{"shortcode":"[woocommerce_lookbook id=\"1520\"]"},{"shortcode":"[woocommerce_lookbook id=\"1441\"]"},{"shortcode":"[woocommerce_lookbook id=\"2222\"]"}]},{"acf_fc_layout":"section_woocommerce_opinions","is_active":true,"anchor":"opinie"},{"acf_fc_layout":"section_woocommerce_otherFromCategory","is_active":true,"anchor":"inneprodukty"}],"czas_realizacji":""},"yoast_head":"<!-- This site is optimized with the Yoast SEO plugin v27.3 - https:\/\/yoast.com\/product\/yoast-seo-wordpress\/ -->\n<title>\u0141\u00f3\u017cko pojedyncze 90 cm - szczeblinka - Inmondo<\/title>\n<meta name=\"robots\" content=\"index, follow, max-snippet:-1, max-image-preview:large, max-video-preview:-1\" \/>\n<link rel=\"canonical\" href=\"https:\/\/inmondo.pl\/de\/sklep\/elementy\/lozka\/lozko-pojedyncze-90-cm-3\/\" \/>\n<meta property=\"og:locale\" content=\"de_DE\" \/>\n<meta property=\"og:type\" content=\"article\" \/>\n<meta property=\"og:title\" content=\"\u0141\u00f3\u017cko pojedyncze 90 cm - szczeblinka - Inmondo\" \/>\n<meta property=\"og:description\" content=\"Klasyczne i ponadczasowe, wyko\u0144czone szczeblinkami\u00a0\u0142\u00f3\u017cko, kt\u00f3re wpisze si\u0119 idealnie do ka\u017cdego wn\u0119trza . Wykonane w ca\u0142o\u015bci z drewna sosnowego. Jego konstrukcja zapewnia bezpieczny i komfortowy wypoczynek.\u00a0 \u0141\u00f3\u017cko zosta\u0142o polakierowanie przyjaznymi dla dziecka i \u015brodowiska lakierami wodnymi. Dbamy, aby drewno u\u017cyte do produkcji naszych mebli pochodzi\u0142o z las\u00f3w zarz\u0105dzanych zgodnie ze standardami prawid\u0142owej gospodarki le\u015bnej.  &nbsp;  Wybierz dla swoich dzieci r\u00f3wnie\u017c jeden z dw\u00f3ch pasuj\u0105cych do niego modeli materacy\u00a0RESTO 90\u00a0lub\u00a0RESTO DUO 90 oraz materac do szuflady.  &nbsp;  Dost\u0119pne wybarwienia: bia\u0142y, jasny szary, natura, pastelowy r\u00f3\u017c, pastelowy niebieski.  &nbsp;  Dodatkowo polecamy:  Dedykowan\u0105 szuflad\u0119 kt\u00f3ra pozwoli wykorzysta\u0107 w pe\u0142ni przestrze\u0144 pod meblem na przechowanie poduszek, ko\u0142der i kocyk\u00f3w, albo stworzy okazjonalnie dodatkowe miejsce do spania.  &nbsp;\" \/>\n<meta property=\"og:url\" content=\"https:\/\/inmondo.pl\/de\/sklep\/elementy\/lozka\/lozko-pojedyncze-90-cm-3\/\" \/>\n<meta property=\"og:site_name\" content=\"Inmondo\" \/>\n<meta property=\"article:modified_time\" content=\"2026-04-17T09:31:22+00:00\" \/>\n<meta property=\"og:image\" content=\"http:\/\/inmondo.pl\/wp-content\/uploads\/2024\/11\/pojedyncze_szczeblinka-1.jpg\" \/>\n\t<meta property=\"og:image:width\" content=\"960\" \/>\n\t<meta property=\"og:image:height\" content=\"960\" \/>\n\t<meta property=\"og:image:type\" content=\"image\/jpeg\" \/>\n<meta name=\"twitter:card\" content=\"summary_large_image\" \/>\n<meta name=\"twitter:label1\" content=\"Gesch\u00e4tzte Lesezeit\" \/>\n\t<meta name=\"twitter:data1\" content=\"2\u00a0Minuten\" \/>\n<script type=\"application\/ld+json\" class=\"yoast-schema-graph\">{\"@context\":\"https:\\\/\\\/schema.org\",\"@graph\":[{\"@type\":\"WebPage\",\"@id\":\"https:\\\/\\\/inmondo.pl\\\/sklep\\\/elementy\\\/lozka\\\/lozko-pojedyncze-90-cm-3\\\/\",\"url\":\"https:\\\/\\\/inmondo.pl\\\/sklep\\\/elementy\\\/lozka\\\/lozko-pojedyncze-90-cm-3\\\/\",\"name\":\"\u0141\u00f3\u017cko pojedyncze 90 cm - szczeblinka - Inmondo\",\"isPartOf\":{\"@id\":\"https:\\\/\\\/inmondo.pl\\\/#website\"},\"primaryImageOfPage\":{\"@id\":\"https:\\\/\\\/inmondo.pl\\\/sklep\\\/elementy\\\/lozka\\\/lozko-pojedyncze-90-cm-3\\\/#primaryimage\"},\"image\":{\"@id\":\"https:\\\/\\\/inmondo.pl\\\/sklep\\\/elementy\\\/lozka\\\/lozko-pojedyncze-90-cm-3\\\/#primaryimage\"},\"thumbnailUrl\":\"https:\\\/\\\/inmondo.pl\\\/wp-content\\\/uploads\\\/2024\\\/11\\\/pojedyncze_szczeblinka-1.jpg\",\"datePublished\":\"2020-07-01T13:47:39+00:00\",\"dateModified\":\"2026-04-17T09:31:22+00:00\",\"breadcrumb\":{\"@id\":\"https:\\\/\\\/inmondo.pl\\\/sklep\\\/elementy\\\/lozka\\\/lozko-pojedyncze-90-cm-3\\\/#breadcrumb\"},\"inLanguage\":\"de\",\"potentialAction\":[{\"@type\":\"ReadAction\",\"target\":[\"https:\\\/\\\/inmondo.pl\\\/sklep\\\/elementy\\\/lozka\\\/lozko-pojedyncze-90-cm-3\\\/\"]}]},{\"@type\":\"ImageObject\",\"inLanguage\":\"de\",\"@id\":\"https:\\\/\\\/inmondo.pl\\\/sklep\\\/elementy\\\/lozka\\\/lozko-pojedyncze-90-cm-3\\\/#primaryimage\",\"url\":\"https:\\\/\\\/inmondo.pl\\\/wp-content\\\/uploads\\\/2024\\\/11\\\/pojedyncze_szczeblinka-1.jpg\",\"contentUrl\":\"https:\\\/\\\/inmondo.pl\\\/wp-content\\\/uploads\\\/2024\\\/11\\\/pojedyncze_szczeblinka-1.jpg\",\"width\":960,\"height\":960,\"caption\":\"\u0142\u00f3\u017cko dzieci\u0119ce 90x200 cm naturalne drewno\"},{\"@type\":\"BreadcrumbList\",\"@id\":\"https:\\\/\\\/inmondo.pl\\\/sklep\\\/elementy\\\/lozka\\\/lozko-pojedyncze-90-cm-3\\\/#breadcrumb\",\"itemListElement\":[{\"@type\":\"ListItem\",\"position\":1,\"name\":\"Strona g\u0142\u00f3wna\",\"item\":\"https:\\\/\\\/inmondo.pl\\\/\"},{\"@type\":\"ListItem\",\"position\":2,\"name\":\"Oferta Inmondo: spe\u0142niamy marzenia i wymagania\",\"item\":\"https:\\\/\\\/inmondo.pl\\\/sklep\\\/\"},{\"@type\":\"ListItem\",\"position\":3,\"name\":\"kolekcje\",\"item\":\"https:\\\/\\\/inmondo.pl\\\/de\\\/sklep\\\/kolekcje\\\/\"},{\"@type\":\"ListItem\",\"position\":4,\"name\":\"Collet\",\"item\":\"https:\\\/\\\/inmondo.pl\\\/sklep\\\/kolekcje\\\/collet\\\/\"},{\"@type\":\"ListItem\",\"position\":5,\"name\":\"\u0141\u00f3\u017cko pojedyncze 90 cm &#8211; szczeblinka\"}]},{\"@type\":\"WebSite\",\"@id\":\"https:\\\/\\\/inmondo.pl\\\/#website\",\"url\":\"https:\\\/\\\/inmondo.pl\\\/\",\"name\":\"Inmondo\",\"description\":\"\",\"potentialAction\":[{\"@type\":\"SearchAction\",\"target\":{\"@type\":\"EntryPoint\",\"urlTemplate\":\"https:\\\/\\\/inmondo.pl\\\/?s={search_term_string}\"},\"query-input\":{\"@type\":\"PropertyValueSpecification\",\"valueRequired\":true,\"valueName\":\"search_term_string\"}}],\"inLanguage\":\"de\"}]}<\/script>\n<!-- \/ Yoast SEO plugin. -->","yoast_head_json":{"title":"Einzelbett 90 cm - Sprosse - Inmondo","robots":{"index":"index","follow":"follow","max-snippet":"max-snippet:-1","max-image-preview":"max-image-preview:large","max-video-preview":"max-video-preview:-1"},"canonical":"https:\/\/inmondo.pl\/de\/sklep\/elementy\/lozka\/lozko-pojedyncze-90-cm-3\/","og_locale":"de_DE","og_type":"article","og_title":"\u0141\u00f3\u017cko pojedyncze 90 cm - szczeblinka - Inmondo","og_description":"Klasyczne i ponadczasowe, wyko\u0144czone szczeblinkami\u00a0\u0142\u00f3\u017cko, kt\u00f3re wpisze si\u0119 idealnie do ka\u017cdego wn\u0119trza . Wykonane w ca\u0142o\u015bci z drewna sosnowego. Jego konstrukcja zapewnia bezpieczny i komfortowy wypoczynek.\u00a0 \u0141\u00f3\u017cko zosta\u0142o polakierowanie przyjaznymi dla dziecka i \u015brodowiska lakierami wodnymi. Dbamy, aby drewno u\u017cyte do produkcji naszych mebli pochodzi\u0142o z las\u00f3w zarz\u0105dzanych zgodnie ze standardami prawid\u0142owej gospodarki le\u015bnej.  &nbsp;  Wybierz dla swoich dzieci r\u00f3wnie\u017c jeden z dw\u00f3ch pasuj\u0105cych do niego modeli materacy\u00a0RESTO 90\u00a0lub\u00a0RESTO DUO 90 oraz materac do szuflady.  &nbsp;  Dost\u0119pne wybarwienia: bia\u0142y, jasny szary, natura, pastelowy r\u00f3\u017c, pastelowy niebieski.  &nbsp;  Dodatkowo polecamy:  Dedykowan\u0105 szuflad\u0119 kt\u00f3ra pozwoli wykorzysta\u0107 w pe\u0142ni przestrze\u0144 pod meblem na przechowanie poduszek, ko\u0142der i kocyk\u00f3w, albo stworzy okazjonalnie dodatkowe miejsce do spania.  &nbsp;","og_url":"https:\/\/inmondo.pl\/de\/sklep\/elementy\/lozka\/lozko-pojedyncze-90-cm-3\/","og_site_name":"Inmondo","article_modified_time":"2026-04-17T09:31:22+00:00","og_image":[{"width":960,"height":960,"url":"http:\/\/inmondo.pl\/wp-content\/uploads\/2024\/11\/pojedyncze_szczeblinka-1.jpg","type":"image\/jpeg"}],"twitter_card":"summary_large_image","twitter_misc":{"Gesch\u00e4tzte Lesezeit":"2\u00a0Minuten"},"schema":{"@context":"https:\/\/schema.org","@graph":[{"@type":"WebPage","@id":"https:\/\/inmondo.pl\/sklep\/elementy\/lozka\/lozko-pojedyncze-90-cm-3\/","url":"https:\/\/inmondo.pl\/sklep\/elementy\/lozka\/lozko-pojedyncze-90-cm-3\/","name":"Einzelbett 90 cm - Sprosse - Inmondo","isPartOf":{"@id":"https:\/\/inmondo.pl\/#website"},"primaryImageOfPage":{"@id":"https:\/\/inmondo.pl\/sklep\/elementy\/lozka\/lozko-pojedyncze-90-cm-3\/#primaryimage"},"image":{"@id":"https:\/\/inmondo.pl\/sklep\/elementy\/lozka\/lozko-pojedyncze-90-cm-3\/#primaryimage"},"thumbnailUrl":"https:\/\/inmondo.pl\/wp-content\/uploads\/2024\/11\/pojedyncze_szczeblinka-1.jpg","datePublished":"2020-07-01T13:47:39+00:00","dateModified":"2026-04-17T09:31:22+00:00","breadcrumb":{"@id":"https:\/\/inmondo.pl\/sklep\/elementy\/lozka\/lozko-pojedyncze-90-cm-3\/#breadcrumb"},"inLanguage":"de","potentialAction":[{"@type":"ReadAction","target":["https:\/\/inmondo.pl\/sklep\/elementy\/lozka\/lozko-pojedyncze-90-cm-3\/"]}]},{"@type":"ImageObject","inLanguage":"de","@id":"https:\/\/inmondo.pl\/sklep\/elementy\/lozka\/lozko-pojedyncze-90-cm-3\/#primaryimage","url":"https:\/\/inmondo.pl\/wp-content\/uploads\/2024\/11\/pojedyncze_szczeblinka-1.jpg","contentUrl":"https:\/\/inmondo.pl\/wp-content\/uploads\/2024\/11\/pojedyncze_szczeblinka-1.jpg","width":960,"height":960,"caption":"\u0142\u00f3\u017cko dzieci\u0119ce 90x200 cm naturalne drewno"},{"@type":"BreadcrumbList","@id":"https:\/\/inmondo.pl\/sklep\/elementy\/lozka\/lozko-pojedyncze-90-cm-3\/#breadcrumb","itemListElement":[{"@type":"ListItem","position":1,"name":"Strona g\u0142\u00f3wna","item":"https:\/\/inmondo.pl\/"},{"@type":"ListItem","position":2,"name":"Oferta Inmondo: spe\u0142niamy marzenia i wymagania","item":"https:\/\/inmondo.pl\/sklep\/"},{"@type":"ListItem","position":3,"name":"kolekcje","item":"https:\/\/inmondo.pl\/de\/sklep\/kolekcje\/"},{"@type":"ListItem","position":4,"name":"Collet","item":"https:\/\/inmondo.pl\/sklep\/kolekcje\/collet\/"},{"@type":"ListItem","position":5,"name":"\u0141\u00f3\u017cko pojedyncze 90 cm &#8211; szczeblinka"}]},{"@type":"WebSite","@id":"https:\/\/inmondo.pl\/#website","url":"https:\/\/inmondo.pl\/","name":"Inmondo","description":"","potentialAction":[{"@type":"SearchAction","target":{"@type":"EntryPoint","urlTemplate":"https:\/\/inmondo.pl\/?s={search_term_string}"},"query-input":{"@type":"PropertyValueSpecification","valueRequired":true,"valueName":"search_term_string"}}],"inLanguage":"de"}]}},"wcpa_form_fields":{"wcpaData":{"product":{"product_price":850,"price_html":"<span class=\"woocommerce-Price-amount amount\">850&nbsp;<span class=\"woocommerce-Price-currencySymbol\">&#122;&#322;<\/span><\/span> <span aria-hidden=\"true\"> \u2013 <\/span> <span class=\"woocommerce-Price-amount amount\">1 090&nbsp;<span class=\"woocommerce-Price-currencySymbol\">&#122;&#322;<\/span><\/span><span class=\"screen-reader-text\">Preisspanne: 850&nbsp;&#122;&#322; bis 1 090&nbsp;&#122;&#322;<\/span>","original_product_price":850,"price_including_tax":850,"price_excluding_tax":691.056911,"product_id":{"parent":1224,"variation":false},"is_variable":true,"stock_status":"onbackorder","stock_quantity":0,"parent_sku":"1224","product_attributes":{"pa_kolor":{"is_variation":true,"values":[]}},"custom_fields":[],"is_taxable":true},"fields":{"sec_9696e006533f18":{"extra":{"key":"sec_9696e006533f18","section_id":"sec_9696e006533f18","name":"Default","status":1,"cl_rule":"show","enableCl":false,"relations":[],"toggle":true,"title_tag":"h3","show_title":false,"showPrice":"default","form_id":11959,"form_rules":{"exclude_from_discount":false,"fee_label":"Geb\u00fchr","disp_hide_options_price":false,"disp_show_section_price":false,"disp_show_field_price":false,"layout_option":"standard","pric_use_as_fee":false,"process_fee_as":"woo_fee"},"layout_option":"standard"},"fields":[[{"active":true,"col":2,"relations":[{"operator":false,"rules":[{"operator":"and","rules":{"cl_field":"attribute","cl_relation":"is_not","cl_val":"niebieski","cl_field_sub":"pa_kolor"}},{"operator":"AND","rules":{"cl_field":"attribute","cl_relation":"is_not","cl_val":"rozowy","cl_field_sub":"pa_kolor"}}]}],"cl_rule":"show","enableCl":true,"price":"","enablePrice":true,"className":"","label_position":"default","desc_position":"default","type":"select","required":true,"elementId":"select_1696e006533f45","label":"Barierka","name":"select_1696e006533f45","values":[{"label":"bez barierki","value":"bez barierki","selected":false,"tempId":"aco_877","gt_translate_keys":["label"]},{"label":"z barierk\u0105","value":"z barierk\u0105","selected":false,"tempId":"aco_878","price":"250","gt_translate_keys":["label"]}],"dropdown_type":"basic","error":false,"placeholder":"Wybierz","priceOptions":"different_for_all","pricingType":"fixed","use_as_fee":false,"requiredError":"Barierka jest polem wymaganym","gt_translate_keys":["label","placeholder","requiredError"],"price_dependency":false,"cl_dependency":false,"value":""},{"label":"Rodzaj szuflady","active":true,"required":true,"elementId":"select_5696e006533f54","dropdown_type":"basic","placeholder":"Wybierz","name":"select_5696e006533f54","label_position":"default","desc_position":"default","enablePrice":true,"className":"","enableCl":true,"relations":[{"operator":false,"rules":[{"operator":"and","rules":{"cl_field":"attribute","cl_relation":"is_not","cl_val":"niebieski","cl_field_sub":"pa_kolor"}},{"operator":"AND","rules":{"cl_field":"attribute","cl_relation":"is_not","cl_val":"rozowy","cl_field_sub":"pa_kolor"}}]}],"values":[{"label":"bez szuflady","value":"bez szuflady","selected":false,"tempId":"aco_877","gt_translate_keys":["label"]},{"label":"funkcja spania","value":"funkcja spania","selected":false,"tempId":"aco_1804","price":"750","gt_translate_keys":["label"]},{"label":"funkcja przechowywania","value":"funkcja przechowywani","selected":false,"tempId":"aco_878","price":"850","gt_translate_keys":["label"]}],"priceOptions":"different_for_all","pricingType":"fixed","price":"","use_as_fee":false,"cl_rule":"show","col":2,"type":"select","error":false,"requiredError":"Rodzaj szuflady jest polem wymaganym","gt_translate_keys":["label","placeholder","requiredError"],"price_dependency":false,"cl_dependency":false,"value":""}],[{"label":"Barierka","active":true,"required":true,"elementId":"select_10696e006533f6a","dropdown_type":"basic","placeholder":"Wybierz","name":"select_10696e006533f6a","label_position":"default","desc_position":"default","enablePrice":true,"className":"","enableCl":true,"relations":[{"operator":false,"rules":[{"operator":"or","rules":{"cl_field":"attribute","cl_relation":"is","cl_val":"niebieski","cl_field_sub":"pa_kolor"}},{"operator":"AND","rules":{"cl_field":"attribute","cl_relation":"is","cl_val":"rozowy","cl_field_sub":"pa_kolor"}}]}],"values":[{"label":"bez barierki","value":"bez barierki","selected":false,"tempId":"aco_877","gt_translate_keys":["label"]},{"label":"z barierk\u0105","value":"z barierk\u0105","selected":false,"tempId":"aco_878","price":"280","gt_translate_keys":["label"]}],"priceOptions":"different_for_all","pricingType":"fixed","price":"","use_as_fee":false,"cl_rule":"show","col":2,"type":"select","error":false,"requiredError":"Barierka jest polem wymaganym","gt_translate_keys":["label","placeholder","requiredError"],"price_dependency":false,"cl_dependency":false,"value":""},{"label":"Rodzaj szuflady","active":true,"required":true,"elementId":"select_4696e006533f75","dropdown_type":"basic","placeholder":"Wybierz","name":"select_4696e006533f75","label_position":"default","desc_position":"default","enablePrice":true,"className":"","enableCl":true,"relations":[{"operator":false,"rules":[{"operator":"or","rules":{"cl_field":"attribute","cl_relation":"is","cl_val":"niebieski","cl_field_sub":"pa_kolor"}},{"operator":"AND","rules":{"cl_field":"attribute","cl_relation":"is","cl_val":"rozowy","cl_field_sub":"pa_kolor"}}]}],"values":[{"label":"bez szuflady","value":"bez szuflady","selected":false,"tempId":"aco_877","gt_translate_keys":["label"]},{"label":"funkcja spania","value":"funkcja spania","selected":false,"tempId":"aco_1804","price":"830","gt_translate_keys":["label"]},{"label":"funkcja przechowywania","value":"funkcja przechowywani","selected":false,"tempId":"aco_878","price":"930","gt_translate_keys":["label"]}],"priceOptions":"different_for_all","pricingType":"fixed","price":"","use_as_fee":false,"cl_rule":"show","col":2,"type":"select","error":false,"requiredError":"Rodzaj szuflady jest polem wymaganym","gt_translate_keys":["label","placeholder","requiredError"],"price_dependency":false,"cl_dependency":false,"value":""}]]}},"config":{"price_override":"","enable_recaptcha":false,"bind_quantity":false,"quantity_bind_formula":"","disp_summ_show_option_price":true,"disp_summ_show_product_price":true,"disp_summ_show_total_price":true,"disp_summ_show_fee":false,"disp_summ_show_discount":false,"summary_title":"","options_total_label":"Cena wariant\u00f3w","total_label":"\u0141\u0105cznie","options_product_label":"Cena produktu","fee_label":"Geb\u00fchr","discount_label":"Obni\u017cka","has_price":true,"has_quantity_formula":false},"mc_unit":1,"tax_rate":1,"tax_rate_real":0.23,"discount":{"percentage":0,"fixed":0},"design":{"conf":{"LabelPosition":"above","DescPosition":"above","UploadField":"custom_1","QuantityFieldStyle":"default"},"css":{"LeftLabelWidth":"120px"}},"formulas":[],"clones":false,"cartKey":false}},"_links":{"self":[{"href":"https:\/\/inmondo.pl\/de\/wp-json\/wp\/v2\/product\/1224","targetHints":{"allow":["GET"]}}],"collection":[{"href":"https:\/\/inmondo.pl\/de\/wp-json\/wp\/v2\/product"}],"about":[{"href":"https:\/\/inmondo.pl\/de\/wp-json\/wp\/v2\/types\/product"}],"replies":[{"embeddable":true,"href":"https:\/\/inmondo.pl\/de\/wp-json\/wp\/v2\/comments?post=1224"}],"wp:featuredmedia":[{"embeddable":true,"href":"https:\/\/inmondo.pl\/de\/wp-json\/wp\/v2\/media\/9138"}],"wp:attachment":[{"href":"https:\/\/inmondo.pl\/de\/wp-json\/wp\/v2\/media?parent=1224"}],"wp:term":[{"taxonomy":"product_brand","embeddable":true,"href":"https:\/\/inmondo.pl\/de\/wp-json\/wp\/v2\/product_brand?post=1224"},{"taxonomy":"product_cat","embeddable":true,"href":"https:\/\/inmondo.pl\/de\/wp-json\/wp\/v2\/product_cat?post=1224"},{"taxonomy":"product_tag","embeddable":true,"href":"https:\/\/inmondo.pl\/de\/wp-json\/wp\/v2\/product_tag?post=1224"}],"curies":[{"name":"wp","href":"https:\/\/api.w.org\/{rel}","templated":true}]}}