{"id":12236,"date":"2026-03-02T12:29:28","date_gmt":"2026-03-02T11:29:28","guid":{"rendered":"https:\/\/inmondo.pl\/?post_type=product&#038;p=12236"},"modified":"2026-04-03T10:31:08","modified_gmt":"2026-04-03T08:31:08","slug":"lozko-domek-miyo-z-szufladami-barierka-dluga","status":"publish","type":"product","link":"https:\/\/inmondo.pl\/de\/sklep\/elementy\/lozka\/lozko-domek-miyo-z-szufladami-barierka-dluga\/","title":{"rendered":"Miyo Landhausbett mit Schubladen + langem Gel\u00e4nder"},"content":{"rendered":"","protected":false},"excerpt":{"rendered":"<p class=\"\" data-start=\"471\" data-end=\"660\"><strong data-start=\"540\" data-end=\"564\">MIYO Kinderbett mit Schublade + kurzen Schienen<\/strong> ist nicht nur ein Platz zum Schlafen - es ist ein gem\u00fctlicher Raum, der mit Ihrem Kind w\u00e4chst!<\/p>\n<p>&nbsp;<\/p>\n<p class=\"\" data-start=\"662\" data-end=\"945\">Es ist <strong data-start=\"665\" data-end=\"714\">Universal-Kinderbett in Form eines Hauses<\/strong> verbindet freundliches Design mit praktischen L\u00f6sungen.<\/p>\n<p class=\"\" data-start=\"662\" data-end=\"945\">Dank an <strong data-start=\"783\" data-end=\"828\">zus\u00e4tzliche F\u00fc\u00dfe (im Set enthalten)<\/strong>Sie k\u00f6nnen ihn leicht in einen Klassiker verwandeln <a href=\"https:\/\/inmondo.pl\/de\/sklep\/elementy\/lozka\/lozko-dzieciece-pojedyncze-miyo\/\"><strong data-start=\"882\" data-end=\"902\">Einzelbett<\/strong><\/a> - ohne ein neues M\u00f6belst\u00fcck kaufen zu m\u00fcssen!<\/p>\n<p>&nbsp;<\/p>\n<p class=\"\" data-start=\"947\" data-end=\"1199\">Das Modell MIYO hat <strong data-start=\"961\" data-end=\"984\">Abmessungen 90 x 190 cm<\/strong>Dadurch ist es sowohl f\u00fcr j\u00fcngere als auch f\u00fcr \u00e4ltere Kinder geeignet.<\/p>\n<p class=\"\" data-start=\"947\" data-end=\"1199\">Sein zeitloses Design und seine robuste Konstruktion sorgen daf\u00fcr, dass er jahrelang als Schlaf-, Spiel- und Entspannungsplatz dienen wird.<\/p>\n<p>&nbsp;<\/p>\n<p>&nbsp;<\/p>\n<p>Inklusive Barriere - lang oder zwei kurze Ihrer Wahl.<\/p>\n<p>Das Bett ist mit zwei ger\u00e4umigen Schubladen ausgestattet, die von den Seiten her mit Abdeckplatten abgedeckt sind.<\/p>\n<p>&nbsp;<\/p>\n<p>Wir bieten auch einen speziellen <a href=\"https:\/\/inmondo.pl\/de\/sklep\/elementy\/matratzenrestaurierung-2\/\"><u>Matratze<\/u><\/a> ins Bett Miyo!<\/p>\n<p><strong data-start=\"711\" data-end=\"735\"> Sie werden auf dem polnischen Markt kein anderes Bett mit einer solch durchdachten Funktionalit\u00e4t finden!<\/strong><\/p>","protected":false},"featured_media":12233,"comment_status":"open","ping_status":"closed","template":"","meta":{"_acf_changed":true},"product_brand":[],"product_cat":[21,99,201],"product_tag":[],"class_list":{"0":"post-12236","1":"product","2":"type-product","3":"status-publish","4":"has-post-thumbnail","6":"product_cat-lozka","7":"product_cat-meble-dostepne","8":"product_cat-miyo","9":"wcpa_has_options","11":"first","12":"instock","13":"sale","14":"taxable","15":"shipping-taxable","16":"purchasable","17":"product-type-variable","18":"has-default-attributes"},"acf":{"sections_woocommerce":[{"acf_fc_layout":"section_menu","is_active":true,"repeater":[{"text":"Opis","link":"#opis"},{"text":"Lookbook","link":"#lookbook"},{"text":"Opinie","link":"#opinie"},{"text":"Inne produkty","link":"#inne"}]},{"acf_fc_layout":"section_woocommerce_text_image","is_active":true,"anchor":"#opis","text_align":"textAlign--right","grid_width":"main","wysiwyg":"<p>Szukasz idealnego \u0142\u00f3\u017cka dla swojego malucha?<\/p>\n<p><strong data-start=\"107\" data-end=\"127\">\u0141\u00f3\u017cko dzieci\u0119ce MIYO<\/strong> to nie tylko stylowy mebel, ale przede wszystkim <strong data-start=\"177\" data-end=\"228\">bezpieczna, przytulna i funkcjonalna przestrze\u0144<\/strong>, kt\u00f3ra dopasuje si\u0119 do potrzeb Twojego dziecka!<\/p>\n<p>Niska konstrukcja, barierki ochronne i naturalne materia\u0142y sprawiaj\u0105, \u017ce jest to doskona\u0142y wyb\u00f3r dla dzieci od 2. roku \u017cycia a\u017c do wieku szkolnego.<\/p>\n<p>&nbsp;<\/p>\n<p>Kupuj\u0105c <strong>\u0141\u00f3\u017cko domek Miyo<\/strong> tak naprawd\u0119 zyskujesz <strong>dwa \u0142\u00f3\u017cka<\/strong> w jednym \u2013 uroczy domek na co dzie\u0144 i klasyczne \u0142\u00f3\u017cko pojedyncze, gdy Twoje dziecko podro\u015bnie!<\/p>\n","image":"https:\/\/inmondo.pl\/wp-content\/uploads\/2025\/04\/image00052.jpeg"},{"acf_fc_layout":"section_woocommerce_text_image","is_active":true,"anchor":"#opis","text_align":"textAlign--left","grid_width":"main","wysiwyg":"<h4 class=\"\" data-start=\"1329\" data-end=\"1381\"><strong data-start=\"1334\" data-end=\"1379\">Do jakiego wieku polecamy \u0142\u00f3\u017cka domki?<\/strong><\/h4>\n<p>&nbsp;<\/p>\n<p class=\"\" data-start=\"1383\" data-end=\"1581\">Zastanawiasz si\u0119, <strong data-start=\"1401\" data-end=\"1459\">jakie \u0142\u00f3\u017cko b\u0119dzie odpowiednie dla 3-, 4- czy 6-latka?<\/strong><\/p>\n<p class=\"\" data-start=\"1383\" data-end=\"1581\">\u0141\u00f3\u017cko MIYO dzi\u0119ki swojemu przemy\u015blanemu projektowi \u015bwietnie sprawdzi si\u0119 zar\u00f3wno dla m\u0142odszych, jak i starszych dzieci.<\/p>\n<p>&nbsp;<\/p>\n<p class=\"\" data-start=\"1583\" data-end=\"2151\"><strong data-start=\"1586\" data-end=\"1604\">Dla 2-3-latk\u00f3w<\/strong> \u2013 niska konstrukcja i ochronne barierki sprawiaj\u0105, \u017ce \u0142\u00f3\u017cko jest doskona\u0142\u0105 alternatyw\u0105 dla tradycyjnych \u0142\u00f3\u017ceczek dzieci\u0119cych.<\/p>\n<p class=\"\" data-start=\"1583\" data-end=\"2151\">To bezpieczna przestrze\u0144, kt\u00f3ra u\u0142atwia przej\u015bcie z \u0142\u00f3\u017ceczka niemowl\u0119cego do &#8222;doros\u0142ego&#8221; \u0142\u00f3\u017cka.<\/p>\n<p class=\"\" data-start=\"1583\" data-end=\"2151\"><br data-start=\"1826\" data-end=\"1829\" \/><strong data-start=\"1832\" data-end=\"1850\">Dla 4-6-latk\u00f3w<\/strong> \u2013 wi\u0119ksza przestrze\u0144 do spania zapewnia komfort i wygod\u0119, a design domku inspiruje do kreatywnych zabaw.<\/p>\n<p class=\"\" data-start=\"1583\" data-end=\"2151\"><br data-start=\"1955\" data-end=\"1958\" \/><strong data-start=\"1962\" data-end=\"1987\">Dla dzieci w wieku 7+<\/strong> \u2013 pe\u0142nowymiarowy wymiar 90&#215;200 cm sprawia, \u017ce \u0142\u00f3\u017cko b\u0119dzie s\u0142u\u017cy\u0107 przez d\u0142ugie lata, a jego ponadczasowy wygl\u0105d doskonale wpasuje si\u0119 w rosn\u0105ce potrzeby dziecka.<\/p>\n<p class=\"\" data-start=\"2153\" data-end=\"2246\">To doskona\u0142a inwestycja, kt\u00f3ra &#8222;ro\u015bnie&#8221; razem z maluchem i dostosowuje si\u0119 do jego potrzeb. A kiedy ju\u017c dziecko wyro\u015bnie z \u0142\u00f3\u017cka &#8222;domek&#8221;, z \u0142atwo\u015bci\u0105 wymienisz nogi i otrzymasz pierwsze &#8222;doros\u0142e&#8221; \u0142\u00f3\u017cko dla dziecka, bez konieczno\u015bci kolejnych zakup\u00f3w.<\/p>\n","image":"https:\/\/inmondo.pl\/wp-content\/uploads\/2025\/03\/image00011-3.jpeg"},{"acf_fc_layout":"section_woocommerce_text_image","is_active":true,"anchor":"#opis","text_align":"textAlign--left","grid_width":"main","wysiwyg":"<p>Wymiary \u0142\u00f3\u017cka Miyo<\/p>\n\n\t\t<style type=\"text\/css\">\n\t\t\t#gallery-1 {\n\t\t\t\tmargin: auto;\n\t\t\t}\n\t\t\t#gallery-1 .gallery-item {\n\t\t\t\tfloat: left;\n\t\t\t\tmargin-top: 10px;\n\t\t\t\ttext-align: center;\n\t\t\t\twidth: 33%;\n\t\t\t}\n\t\t\t#gallery-1 img {\n\t\t\t\tborder: 2px solid #cfcfcf;\n\t\t\t}\n\t\t\t#gallery-1 .gallery-caption {\n\t\t\t\tmargin-left: 0;\n\t\t\t}\n\t\t\t\/* see gallery_shortcode() in wp-includes\/media.php *\/\n\t\t<\/style>\n\t\t<div id='gallery-1' class='gallery galleryid-12236 gallery-columns-3 gallery-size-large'><dl class='gallery-item'>\n\t\t\t<dt class='gallery-icon portrait'>\n\t\t\t\t<a href='https:\/\/inmondo.pl\/wp-content\/uploads\/2025\/04\/69-1.jpg'><img width=\"819\" height=\"1024\" src=\"https:\/\/inmondo.pl\/wp-content\/uploads\/2025\/04\/69-1-819x1024.jpg\" class=\"attachment-large size-large\" alt=\"\" aria-describedby=\"gallery-1-9693\" decoding=\"async\" loading=\"lazy\" srcset=\"https:\/\/inmondo.pl\/wp-content\/uploads\/2025\/04\/69-1-819x1024.jpg 819w, https:\/\/inmondo.pl\/wp-content\/uploads\/2025\/04\/69-1-240x300.jpg 240w, https:\/\/inmondo.pl\/wp-content\/uploads\/2025\/04\/69-1-768x960.jpg 768w, https:\/\/inmondo.pl\/wp-content\/uploads\/2025\/04\/69-1-10x12.jpg 10w, https:\/\/inmondo.pl\/wp-content\/uploads\/2025\/04\/69-1-750x938.jpg 750w, https:\/\/inmondo.pl\/wp-content\/uploads\/2025\/04\/69-1-320x400.jpg 320w, https:\/\/inmondo.pl\/wp-content\/uploads\/2025\/04\/69-1-600x750.jpg 600w, https:\/\/inmondo.pl\/wp-content\/uploads\/2025\/04\/69-1.jpg 1080w\" sizes=\"auto, (max-width: 819px) 100vw, 819px\" \/><\/a>\n\t\t\t<\/dt>\n\t\t\t\t<dd class='wp-caption-text gallery-caption' id='gallery-1-9693'>\n\t\t\t\t\u0141\u00f3\u017cko Miyo &#8211; wymiary\n\t\t\t\t<\/dd><\/dl><dl class='gallery-item'>\n\t\t\t<dt class='gallery-icon portrait'>\n\t\t\t\t<a href='https:\/\/inmondo.pl\/wp-content\/uploads\/2025\/04\/70-1.jpg'><img width=\"819\" height=\"1024\" src=\"https:\/\/inmondo.pl\/wp-content\/uploads\/2025\/04\/70-1-819x1024.jpg\" class=\"attachment-large size-large\" alt=\"\" aria-describedby=\"gallery-1-9694\" decoding=\"async\" loading=\"lazy\" srcset=\"https:\/\/inmondo.pl\/wp-content\/uploads\/2025\/04\/70-1-819x1024.jpg 819w, https:\/\/inmondo.pl\/wp-content\/uploads\/2025\/04\/70-1-240x300.jpg 240w, https:\/\/inmondo.pl\/wp-content\/uploads\/2025\/04\/70-1-768x960.jpg 768w, https:\/\/inmondo.pl\/wp-content\/uploads\/2025\/04\/70-1-10x12.jpg 10w, https:\/\/inmondo.pl\/wp-content\/uploads\/2025\/04\/70-1-750x938.jpg 750w, https:\/\/inmondo.pl\/wp-content\/uploads\/2025\/04\/70-1-320x400.jpg 320w, https:\/\/inmondo.pl\/wp-content\/uploads\/2025\/04\/70-1-600x750.jpg 600w, https:\/\/inmondo.pl\/wp-content\/uploads\/2025\/04\/70-1.jpg 1080w\" sizes=\"auto, (max-width: 819px) 100vw, 819px\" \/><\/a>\n\t\t\t<\/dt>\n\t\t\t\t<dd class='wp-caption-text gallery-caption' id='gallery-1-9694'>\n\t\t\t\t\u0141\u00f3\u017cko Miyo &#8211; wymiary\n\t\t\t\t<\/dd><\/dl><dl class='gallery-item'>\n\t\t\t<dt class='gallery-icon portrait'>\n\t\t\t\t<a href='https:\/\/inmondo.pl\/wp-content\/uploads\/2025\/04\/71-1.jpg'><img width=\"819\" height=\"1024\" src=\"https:\/\/inmondo.pl\/wp-content\/uploads\/2025\/04\/71-1-819x1024.jpg\" class=\"attachment-large size-large\" alt=\"\" aria-describedby=\"gallery-1-9695\" decoding=\"async\" loading=\"lazy\" srcset=\"https:\/\/inmondo.pl\/wp-content\/uploads\/2025\/04\/71-1-819x1024.jpg 819w, https:\/\/inmondo.pl\/wp-content\/uploads\/2025\/04\/71-1-240x300.jpg 240w, https:\/\/inmondo.pl\/wp-content\/uploads\/2025\/04\/71-1-768x960.jpg 768w, https:\/\/inmondo.pl\/wp-content\/uploads\/2025\/04\/71-1-10x12.jpg 10w, https:\/\/inmondo.pl\/wp-content\/uploads\/2025\/04\/71-1-750x938.jpg 750w, https:\/\/inmondo.pl\/wp-content\/uploads\/2025\/04\/71-1-320x400.jpg 320w, https:\/\/inmondo.pl\/wp-content\/uploads\/2025\/04\/71-1-600x750.jpg 600w, https:\/\/inmondo.pl\/wp-content\/uploads\/2025\/04\/71-1.jpg 1080w\" sizes=\"auto, (max-width: 819px) 100vw, 819px\" \/><\/a>\n\t\t\t<\/dt>\n\t\t\t\t<dd class='wp-caption-text gallery-caption' id='gallery-1-9695'>\n\t\t\t\t\u0141\u00f3\u017cko Miyo &#8211; wymiary\n\t\t\t\t<\/dd><\/dl><br style=\"clear: both\" \/>\n\t\t<\/div>\n\n<p>&nbsp;<\/p>\n","image":false},{"acf_fc_layout":"section_woocommerce_text_image","is_active":true,"anchor":"#opis","text_align":"textAlign--right","grid_width":"main","wysiwyg":"<p class=\"\" data-start=\"2912\" data-end=\"3032\">Aby stworzy\u0107 idealne miejsce do snu i odpoczynku, warto dobra\u0107 odpowiednie akcesoria do \u0142\u00f3\u017cka.<\/p>\n<p>&nbsp;<\/p>\n<p class=\"\" data-start=\"2912\" data-end=\"3032\">Oto nasze rekomendacje:<\/p>\n<p class=\"\" data-start=\"3034\" data-end=\"3511\"><strong data-start=\"3286\" data-end=\"3333\"><a href=\"https:\/\/inmondo.pl\/sklep\/elementy\/oswietlenie\/\">Lampki LED<\/a> <\/strong>\u00a0\u2013 tworz\u0105 przytuln\u0105 atmosfer\u0119 i pomagaj\u0105 dziecku zasn\u0105\u0107.<\/p>\n<p class=\"\" data-start=\"3034\" data-end=\"3511\"><a href=\"https:\/\/inmondo.pl\/sklep\/kolekcje\/baldachim-lniany\/\"><strong data-start=\"3395\" data-end=\"3418\">Baldachim nad \u0142\u00f3\u017cko<\/strong> <\/a>\u2013 doda wn\u0119trzu bajkowego klimatu i sprawi, \u017ce dziecko poczuje si\u0119 jak w magicznej krainie.<\/p>\n<p>&nbsp;<\/p>\n<p class=\"\" data-start=\"3513\" data-end=\"3625\">\u0141\u00f3\u017cko MIYO to <strong data-start=\"3527\" data-end=\"3554\">wi\u0119cej ni\u017c zwyk\u0142e \u0142\u00f3\u017cko<\/strong> \u2013 to miejsce, gdzie zaczynaj\u0105 si\u0119 najpi\u0119kniejsze dzieci\u0119ce przygody!<\/p>\n","image":"https:\/\/inmondo.pl\/wp-content\/uploads\/2025\/04\/image00030-2.jpeg"},{"acf_fc_layout":"section_woocommerce_lookbook","is_active":true,"anchor":"#lookbook","header":"","repeater":[{"shortcode":"[woocommerce_lookbook id=\"9315\"]"},{"shortcode":"[woocommerce_lookbook id=\"7409\"]"},{"shortcode":"[woocommerce_lookbook id=\"7407\"]"}]},{"acf_fc_layout":"section_woocommerce_opinions","is_active":true,"anchor":"#opinie"},{"acf_fc_layout":"section_woocommerce_otherFromCategory","is_active":false,"anchor":"#inne"}],"wymiary":"Wysoko\u015b\u0107 ca\u0142kowita (z nadstawk\u0105): 153,7 cm<br \/>\r\nSzeroko\u015b\u0107 ca\u0142kowita: 196,5 cm<br \/>\r\nG\u0142\u0119boko\u015b\u0107 ca\u0142kowita: 96,5<br \/>\r\n<br \/>\r\nwymiar miejsca do spania: 90 x 190 cm<br \/>\r\nWysoko\u015b\u0107 od pod\u0142ogi do powierzchni spania z materacem Resto - 39 cm <br \/>\r\n<br \/>\r\nBarierka d\u0142uga: 106 x 29,4 cm<br \/>\r\nBarierki kr\u00f3tkie:  63 x 29,4 cm","materialy":"Drewno sosnowe<br \/>\r\nFarba wodna, ekologiczna. Farby wodne s\u0105 hipoalergiczna, bezzapachowe  i bezpieczna dla dzieci.","czas_realizacji":""},"yoast_head":"<!-- This site is optimized with the Yoast SEO plugin v27.3 - https:\/\/yoast.com\/product\/yoast-seo-wordpress\/ -->\n<title>\u0141\u00f3\u017cko domek Miyo z szufladami + barierka d\u0142uga - Inmondo<\/title>\n<meta name=\"description\" content=\"Szukasz idealnego \u0142\u00f3\u017cka dla swojego malucha? \u0141\u00f3\u017cko dzieci\u0119ce w kszta\u0142cie uroczego domku to spe\u0142nienie marze\u0144 ka\u017cdego dziecka. Sprawd\u017a \u0142\u00f3\u017cko Miyo od Inmondo!\" \/>\n<meta name=\"robots\" content=\"index, follow, max-snippet:-1, max-image-preview:large, max-video-preview:-1\" \/>\n<link rel=\"canonical\" href=\"https:\/\/inmondo.pl\/de\/sklep\/elementy\/lozka\/lozko-domek-miyo-z-szufladami-barierka-dluga\/\" \/>\n<meta property=\"og:locale\" content=\"de_DE\" \/>\n<meta property=\"og:type\" content=\"article\" \/>\n<meta property=\"og:title\" content=\"\u0141\u00f3\u017cko domek Miyo z szufladami + barierka d\u0142uga - Inmondo\" \/>\n<meta property=\"og:description\" content=\"Szukasz idealnego \u0142\u00f3\u017cka dla swojego malucha? \u0141\u00f3\u017cko dzieci\u0119ce w kszta\u0142cie uroczego domku to spe\u0142nienie marze\u0144 ka\u017cdego dziecka. Sprawd\u017a \u0142\u00f3\u017cko Miyo od Inmondo!\" \/>\n<meta property=\"og:url\" content=\"https:\/\/inmondo.pl\/de\/sklep\/elementy\/lozka\/lozko-domek-miyo-z-szufladami-barierka-dluga\/\" \/>\n<meta property=\"og:site_name\" content=\"Inmondo\" \/>\n<meta property=\"article:modified_time\" content=\"2026-04-03T08:31:08+00:00\" \/>\n<meta property=\"og:image\" content=\"http:\/\/inmondo.pl\/wp-content\/uploads\/2026\/03\/Miyo-Ro\u00b4z\u02d9owy.png\" \/>\n\t<meta property=\"og:image:width\" content=\"1920\" \/>\n\t<meta property=\"og:image:height\" content=\"1920\" \/>\n\t<meta property=\"og:image:type\" content=\"image\/png\" \/>\n<meta name=\"twitter:card\" content=\"summary_large_image\" \/>\n<meta name=\"twitter:label1\" content=\"Gesch\u00e4tzte Lesezeit\" \/>\n\t<meta name=\"twitter:data1\" content=\"3\u00a0Minuten\" \/>\n<script type=\"application\/ld+json\" class=\"yoast-schema-graph\">{\"@context\":\"https:\\\/\\\/schema.org\",\"@graph\":[{\"@type\":\"WebPage\",\"@id\":\"https:\\\/\\\/inmondo.pl\\\/sklep\\\/elementy\\\/lozka\\\/lozko-domek-miyo-z-szufladami-barierka-dluga\\\/\",\"url\":\"https:\\\/\\\/inmondo.pl\\\/sklep\\\/elementy\\\/lozka\\\/lozko-domek-miyo-z-szufladami-barierka-dluga\\\/\",\"name\":\"\u0141\u00f3\u017cko domek Miyo z szufladami + barierka d\u0142uga - Inmondo\",\"isPartOf\":{\"@id\":\"https:\\\/\\\/inmondo.pl\\\/#website\"},\"primaryImageOfPage\":{\"@id\":\"https:\\\/\\\/inmondo.pl\\\/sklep\\\/elementy\\\/lozka\\\/lozko-domek-miyo-z-szufladami-barierka-dluga\\\/#primaryimage\"},\"image\":{\"@id\":\"https:\\\/\\\/inmondo.pl\\\/sklep\\\/elementy\\\/lozka\\\/lozko-domek-miyo-z-szufladami-barierka-dluga\\\/#primaryimage\"},\"thumbnailUrl\":\"https:\\\/\\\/inmondo.pl\\\/wp-content\\\/uploads\\\/2026\\\/03\\\/Miyo-Ro\u00b4z\u02d9owy.png\",\"datePublished\":\"2026-03-02T11:29:28+00:00\",\"dateModified\":\"2026-04-03T08:31:08+00:00\",\"description\":\"Szukasz idealnego \u0142\u00f3\u017cka dla swojego malucha? \u0141\u00f3\u017cko dzieci\u0119ce w kszta\u0142cie uroczego domku to spe\u0142nienie marze\u0144 ka\u017cdego dziecka. Sprawd\u017a \u0142\u00f3\u017cko Miyo od Inmondo!\",\"breadcrumb\":{\"@id\":\"https:\\\/\\\/inmondo.pl\\\/sklep\\\/elementy\\\/lozka\\\/lozko-domek-miyo-z-szufladami-barierka-dluga\\\/#breadcrumb\"},\"inLanguage\":\"de\",\"potentialAction\":[{\"@type\":\"ReadAction\",\"target\":[\"https:\\\/\\\/inmondo.pl\\\/sklep\\\/elementy\\\/lozka\\\/lozko-domek-miyo-z-szufladami-barierka-dluga\\\/\"]}]},{\"@type\":\"ImageObject\",\"inLanguage\":\"de\",\"@id\":\"https:\\\/\\\/inmondo.pl\\\/sklep\\\/elementy\\\/lozka\\\/lozko-domek-miyo-z-szufladami-barierka-dluga\\\/#primaryimage\",\"url\":\"https:\\\/\\\/inmondo.pl\\\/wp-content\\\/uploads\\\/2026\\\/03\\\/Miyo-Ro\u00b4z\u02d9owy.png\",\"contentUrl\":\"https:\\\/\\\/inmondo.pl\\\/wp-content\\\/uploads\\\/2026\\\/03\\\/Miyo-Ro\u00b4z\u02d9owy.png\",\"width\":1920,\"height\":1920},{\"@type\":\"BreadcrumbList\",\"@id\":\"https:\\\/\\\/inmondo.pl\\\/sklep\\\/elementy\\\/lozka\\\/lozko-domek-miyo-z-szufladami-barierka-dluga\\\/#breadcrumb\",\"itemListElement\":[{\"@type\":\"ListItem\",\"position\":1,\"name\":\"Strona g\u0142\u00f3wna\",\"item\":\"https:\\\/\\\/inmondo.pl\\\/\"},{\"@type\":\"ListItem\",\"position\":2,\"name\":\"Oferta Inmondo: spe\u0142niamy marzenia i wymagania\",\"item\":\"https:\\\/\\\/inmondo.pl\\\/sklep\\\/\"},{\"@type\":\"ListItem\",\"position\":3,\"name\":\"Elementy\",\"item\":\"https:\\\/\\\/inmondo.pl\\\/sklep\\\/elementy\\\/\"},{\"@type\":\"ListItem\",\"position\":4,\"name\":\"\u0141\u00f3\u017cka\",\"item\":\"https:\\\/\\\/inmondo.pl\\\/sklep\\\/elementy\\\/lozka\\\/\"},{\"@type\":\"ListItem\",\"position\":5,\"name\":\"\u0141\u00f3\u017cko domek Miyo z szufladami + barierka d\u0142uga\"}]},{\"@type\":\"WebSite\",\"@id\":\"https:\\\/\\\/inmondo.pl\\\/#website\",\"url\":\"https:\\\/\\\/inmondo.pl\\\/\",\"name\":\"Inmondo\",\"description\":\"\",\"potentialAction\":[{\"@type\":\"SearchAction\",\"target\":{\"@type\":\"EntryPoint\",\"urlTemplate\":\"https:\\\/\\\/inmondo.pl\\\/?s={search_term_string}\"},\"query-input\":{\"@type\":\"PropertyValueSpecification\",\"valueRequired\":true,\"valueName\":\"search_term_string\"}}],\"inLanguage\":\"de\"}]}<\/script>\n<!-- \/ Yoast SEO plugin. -->","yoast_head_json":{"title":"Miyo Bett im Landhausstil mit Schubladen + langem Gel\u00e4nder - Inmondo","description":"Sie suchen das perfekte Bett f\u00fcr Ihr Kind? Ein Kinderbett in Form eines niedlichen Hauses ist der wahr gewordene Traum eines jeden Kindes. Sehen Sie sich das Bett Miyo von Inmondo an!","robots":{"index":"index","follow":"follow","max-snippet":"max-snippet:-1","max-image-preview":"max-image-preview:large","max-video-preview":"max-video-preview:-1"},"canonical":"https:\/\/inmondo.pl\/de\/sklep\/elementy\/lozka\/lozko-domek-miyo-z-szufladami-barierka-dluga\/","og_locale":"de_DE","og_type":"article","og_title":"\u0141\u00f3\u017cko domek Miyo z szufladami + barierka d\u0142uga - Inmondo","og_description":"Szukasz idealnego \u0142\u00f3\u017cka dla swojego malucha? \u0141\u00f3\u017cko dzieci\u0119ce w kszta\u0142cie uroczego domku to spe\u0142nienie marze\u0144 ka\u017cdego dziecka. Sprawd\u017a \u0142\u00f3\u017cko Miyo od Inmondo!","og_url":"https:\/\/inmondo.pl\/de\/sklep\/elementy\/lozka\/lozko-domek-miyo-z-szufladami-barierka-dluga\/","og_site_name":"Inmondo","article_modified_time":"2026-04-03T08:31:08+00:00","og_image":[{"width":1920,"height":1920,"url":"http:\/\/inmondo.pl\/wp-content\/uploads\/2026\/03\/Miyo-Ro\u00b4z\u02d9owy.png","type":"image\/png"}],"twitter_card":"summary_large_image","twitter_misc":{"Gesch\u00e4tzte Lesezeit":"3\u00a0Minuten"},"schema":{"@context":"https:\/\/schema.org","@graph":[{"@type":"WebPage","@id":"https:\/\/inmondo.pl\/sklep\/elementy\/lozka\/lozko-domek-miyo-z-szufladami-barierka-dluga\/","url":"https:\/\/inmondo.pl\/sklep\/elementy\/lozka\/lozko-domek-miyo-z-szufladami-barierka-dluga\/","name":"Miyo Bett im Landhausstil mit Schubladen + langem Gel\u00e4nder - Inmondo","isPartOf":{"@id":"https:\/\/inmondo.pl\/#website"},"primaryImageOfPage":{"@id":"https:\/\/inmondo.pl\/sklep\/elementy\/lozka\/lozko-domek-miyo-z-szufladami-barierka-dluga\/#primaryimage"},"image":{"@id":"https:\/\/inmondo.pl\/sklep\/elementy\/lozka\/lozko-domek-miyo-z-szufladami-barierka-dluga\/#primaryimage"},"thumbnailUrl":"https:\/\/inmondo.pl\/wp-content\/uploads\/2026\/03\/Miyo-Ro\u00b4z\u02d9owy.png","datePublished":"2026-03-02T11:29:28+00:00","dateModified":"2026-04-03T08:31:08+00:00","description":"Sie suchen das perfekte Bett f\u00fcr Ihr Kind? Ein Kinderbett in Form eines niedlichen Hauses ist der wahr gewordene Traum eines jeden Kindes. Sehen Sie sich das Bett Miyo von Inmondo an!","breadcrumb":{"@id":"https:\/\/inmondo.pl\/sklep\/elementy\/lozka\/lozko-domek-miyo-z-szufladami-barierka-dluga\/#breadcrumb"},"inLanguage":"de","potentialAction":[{"@type":"ReadAction","target":["https:\/\/inmondo.pl\/sklep\/elementy\/lozka\/lozko-domek-miyo-z-szufladami-barierka-dluga\/"]}]},{"@type":"ImageObject","inLanguage":"de","@id":"https:\/\/inmondo.pl\/sklep\/elementy\/lozka\/lozko-domek-miyo-z-szufladami-barierka-dluga\/#primaryimage","url":"https:\/\/inmondo.pl\/wp-content\/uploads\/2026\/03\/Miyo-Ro\u00b4z\u02d9owy.png","contentUrl":"https:\/\/inmondo.pl\/wp-content\/uploads\/2026\/03\/Miyo-Ro\u00b4z\u02d9owy.png","width":1920,"height":1920},{"@type":"BreadcrumbList","@id":"https:\/\/inmondo.pl\/sklep\/elementy\/lozka\/lozko-domek-miyo-z-szufladami-barierka-dluga\/#breadcrumb","itemListElement":[{"@type":"ListItem","position":1,"name":"Strona g\u0142\u00f3wna","item":"https:\/\/inmondo.pl\/"},{"@type":"ListItem","position":2,"name":"Oferta Inmondo: spe\u0142niamy marzenia i wymagania","item":"https:\/\/inmondo.pl\/sklep\/"},{"@type":"ListItem","position":3,"name":"Elementy","item":"https:\/\/inmondo.pl\/sklep\/elementy\/"},{"@type":"ListItem","position":4,"name":"\u0141\u00f3\u017cka","item":"https:\/\/inmondo.pl\/sklep\/elementy\/lozka\/"},{"@type":"ListItem","position":5,"name":"\u0141\u00f3\u017cko domek Miyo z szufladami + barierka d\u0142uga"}]},{"@type":"WebSite","@id":"https:\/\/inmondo.pl\/#website","url":"https:\/\/inmondo.pl\/","name":"Inmondo","description":"","potentialAction":[{"@type":"SearchAction","target":{"@type":"EntryPoint","urlTemplate":"https:\/\/inmondo.pl\/?s={search_term_string}"},"query-input":{"@type":"PropertyValueSpecification","valueRequired":true,"valueName":"search_term_string"}}],"inLanguage":"de"}]}},"wcpa_form_fields":{"wcpaData":{"product":{"product_price":2050,"price_html":"<span class=\"woocommerce-Price-amount amount\">2 050&nbsp;<span class=\"woocommerce-Price-currencySymbol\">&#122;&#322;<\/span><\/span> <span aria-hidden=\"true\"> \u2013 <\/span> <span class=\"woocommerce-Price-amount amount\">2 350&nbsp;<span class=\"woocommerce-Price-currencySymbol\">&#122;&#322;<\/span><\/span><span class=\"screen-reader-text\">Preisspanne: 2 050&nbsp;&#122;&#322; bis 2 350&nbsp;&#122;&#322;<\/span>","original_product_price":2050,"price_including_tax":2050,"price_excluding_tax":1666.666667,"product_id":{"parent":12236,"variation":false},"is_variable":true,"stock_status":"instock","stock_quantity":1,"parent_sku":"12236","product_attributes":{"pa_kolor":{"is_variation":true,"values":[]},"pa_barierka-miyo":{"is_variation":true,"values":[]},"pa_szuflady-miyo":{"is_variation":true,"values":[]}},"custom_fields":[],"is_taxable":true},"fields":{"sec_16970a860971db":{"extra":{"key":"sec_16970a860971db","section_id":"sec_16970a860971db","name":"Default","status":1,"cl_rule":"show","enableCl":false,"relations":[],"toggle":true,"title_tag":"h3","show_title":false,"showPrice":"default","form_id":11995,"form_rules":{"exclude_from_discount":false,"fee_label":"Fee","disp_hide_options_price":false,"disp_show_section_price":false,"disp_show_field_price":false,"layout_option":"standard","pric_use_as_fee":false,"process_fee_as":"woo_fee"},"layout_option":"standard"},"fields":[]}},"config":{"price_override":"","enable_recaptcha":false,"bind_quantity":false,"quantity_bind_formula":"","disp_summ_show_option_price":true,"disp_summ_show_product_price":true,"disp_summ_show_total_price":true,"disp_summ_show_fee":false,"disp_summ_show_discount":false,"summary_title":"","options_total_label":"Cena wariant\u00f3w","total_label":"\u0141\u0105cznie","options_product_label":"Cena produktu","fee_label":"Fee","discount_label":"Obni\u017cka","has_price":false,"has_quantity_formula":false},"mc_unit":1,"tax_rate":1,"tax_rate_real":0.23,"discount":{"percentage":0,"fixed":0},"design":{"conf":{"LabelPosition":"above","DescPosition":"above","UploadField":"custom_1","QuantityFieldStyle":"default"},"css":{"LeftLabelWidth":"120px"}},"formulas":[],"clones":false,"cartKey":false}},"_links":{"self":[{"href":"https:\/\/inmondo.pl\/de\/wp-json\/wp\/v2\/product\/12236","targetHints":{"allow":["GET"]}}],"collection":[{"href":"https:\/\/inmondo.pl\/de\/wp-json\/wp\/v2\/product"}],"about":[{"href":"https:\/\/inmondo.pl\/de\/wp-json\/wp\/v2\/types\/product"}],"replies":[{"embeddable":true,"href":"https:\/\/inmondo.pl\/de\/wp-json\/wp\/v2\/comments?post=12236"}],"wp:featuredmedia":[{"embeddable":true,"href":"https:\/\/inmondo.pl\/de\/wp-json\/wp\/v2\/media\/12233"}],"wp:attachment":[{"href":"https:\/\/inmondo.pl\/de\/wp-json\/wp\/v2\/media?parent=12236"}],"wp:term":[{"taxonomy":"product_brand","embeddable":true,"href":"https:\/\/inmondo.pl\/de\/wp-json\/wp\/v2\/product_brand?post=12236"},{"taxonomy":"product_cat","embeddable":true,"href":"https:\/\/inmondo.pl\/de\/wp-json\/wp\/v2\/product_cat?post=12236"},{"taxonomy":"product_tag","embeddable":true,"href":"https:\/\/inmondo.pl\/de\/wp-json\/wp\/v2\/product_tag?post=12236"}],"curies":[{"name":"wp","href":"https:\/\/api.w.org\/{rel}","templated":true}]}}