{"id":1198,"date":"2020-07-01T15:13:13","date_gmt":"2020-07-01T13:13:13","guid":{"rendered":"http:\/\/inmondo.pl\/?post_type=product&#038;p=1198"},"modified":"2026-04-10T12:27:07","modified_gmt":"2026-04-10T10:27:07","slug":"komoda-5s-2","status":"publish","type":"product","link":"https:\/\/inmondo.pl\/de\/sklep\/elementy\/komody\/komoda-5s-2\/","title":{"rendered":"5S Kommode"},"content":{"rendered":"<p>Eine Kommode aus der Collet-Kollektion bietet dank f\u00fcnf ger\u00e4umigen Schubladen viel Platz f\u00fcr alle Sch\u00e4tze Ihres Kindes. Sein minimalistisches skandinavisches Design, betont durch Holzgriffe - zeitlos und immer modisch!<\/p>\n<p>Zawarte w niej drewno pochodzi z dobrze zarz\u0105dzanych las\u00f3w.\u00a0 Pokryta zosta\u0142a przyjaznymi dla \u015brodowiska lakierami wodnymi.<\/p>","protected":false},"excerpt":{"rendered":"<p>Eine Kommode aus der Collet-Kollektion bietet dank f\u00fcnf ger\u00e4umigen Schubladen viel Platz f\u00fcr alle Sch\u00e4tze Ihres Kindes. Sein minimalistisches skandinavisches Design, betont durch Holzgriffe - zeitlos und immer modisch!<\/p>\n<p>Das darin enthaltene Holz stammt aus gut bewirtschafteten W\u00e4ldern. Die M\u00f6bel sind mit umweltfreundlichen Lacken auf Wasserbasis beschichtet.<\/p>\n<p>&nbsp;<\/p>\n<h6><\/h6>","protected":false},"featured_media":9147,"comment_status":"open","ping_status":"closed","template":"","meta":{"_acf_changed":true},"product_brand":[],"product_cat":[24,20,17,30,99],"product_tag":[],"class_list":{"0":"post-1198","1":"product","2":"type-product","3":"status-publish","4":"has-post-thumbnail","6":"product_cat-collet","7":"product_cat-elementy","8":"product_cat-kolekcje","9":"product_cat-komody","10":"product_cat-meble-dostepne","12":"first","13":"onbackorder","14":"featured","15":"taxable","16":"shipping-taxable","17":"purchasable","18":"product-type-variable","19":"has-default-attributes"},"acf":{"wymiary":"Szeroko\u015b\u0107: 84 cm<br \/>\r\nWysoko\u015b\u0107: 93 cm<br \/>\r\nG\u0142\u0119boko\u015b\u0107: 43 cm","materialy":"korpus i&nbsp;fronty: MDF, nogi: drewno sosnowe, lakiery wodne i&nbsp;wodne UV","sections_woocommerce":[{"acf_fc_layout":"section_menu","is_active":true,"repeater":[{"text":"Opis","link":"#opis"},{"text":"Lookbook","link":"#lookbook"},{"text":"Opinie","link":"#opinie"},{"text":"Inne produkty","link":"#inneprodukty"}]},{"acf_fc_layout":"section_woocommerce_text_image","is_active":true,"anchor":"opis","text_align":"textAlign--left","grid_width":"main","wysiwyg":"<h2>Collet Komoda 5S<\/h2>\n<p>Ponadczasowe, minimalistyczne, skandynawskie wzornictwo, podkre\u015blone drewnianymi uchwytami. Komoda 5S Collet dzi\u0119ki pi\u0119ciu, pojemnym szufladom zapewni du\u017co przestrzeni na odzie\u017c oraz inne skarby twojego dziecka.<\/p>\n<p>Komoda zosta\u0142a pomalowana przyjaznymi dla\u00a0\u015brodowiska lakierami wodnymi. Zawarte w\u00a0niej drewno pochodzi z\u00a0certyfikowanych, dobrze zarz\u0105dzanych las\u00f3w.<\/p>\n","image":"https:\/\/inmondo.pl\/wp-content\/uploads\/2020\/07\/2019_04_INMONDO_POK\u00d3J_DZIEWCZYNKI_6-13953-kwadrat-1920-e1595610686954.jpg"},{"acf_fc_layout":"section_woocommerce_text_image","is_active":true,"anchor":"opis","text_align":"textAlign--left","grid_width":"main","wysiwyg":"<p>Ta komoda to estetyka, kt\u00f3ra nigdy nie wychodzi z mody.<\/p>\n<p>Dost\u0119pna jest w wyj\u0105tkowych odcieniach \u2013 od pastelowej bieli, przez subtelny b\u0142\u0119kit, a\u017c po g\u0142\u0119boki granat \u2013 pozwala stworzy\u0107 harmonijny pok\u00f3j dziecka, kt\u00f3ry z czasem mo\u017ce przeobrazi\u0107 si\u0119 w przestrze\u0144 nastolatka.<\/p>\n","image":"https:\/\/inmondo.pl\/wp-content\/uploads\/2020\/07\/T0A4169.jpeg"},{"acf_fc_layout":"section_woocommerce_lookbook","is_active":true,"anchor":"lookbook","header":"<h2 style=\"text-align: center;\">Zobacz galeri\u0119 Collet:<\/h2>\n<p style=\"text-align: center;\">Minimalistyczny lookbook prosto od naszych projektant\u00f3w. Ogl\u0105daj, inspiruj si\u0119, a\u00a0je\u015bli masz pomys\u0142y lub\u00a0pytania \u2014 od razu dzwo\u0144!<\/p>\n","repeater":[{"shortcode":"[woocommerce_lookbook id=\"1356\"]"},{"shortcode":"[woocommerce_lookbook id=\"1365\"]"},{"shortcode":"[woocommerce_lookbook id=\"1363\"]"},{"shortcode":"[woocommerce_lookbook id=\"1440\"]"},{"shortcode":"[woocommerce_lookbook id=\"1520\"]"}]},{"acf_fc_layout":"section_woocommerce_opinions","is_active":true,"anchor":"opinie"},{"acf_fc_layout":"section_woocommerce_otherFromCategory","is_active":true,"anchor":"inneprodukty"}],"czas_realizacji":""},"yoast_head":"<!-- This site is optimized with the Yoast SEO plugin v27.3 - https:\/\/yoast.com\/product\/yoast-seo-wordpress\/ -->\n<title>Komoda 5S - Inmondo<\/title>\n<meta name=\"robots\" content=\"index, follow, max-snippet:-1, max-image-preview:large, max-video-preview:-1\" \/>\n<link rel=\"canonical\" href=\"https:\/\/inmondo.pl\/de\/sklep\/elementy\/komody\/komoda-5s-2\/\" \/>\n<meta property=\"og:locale\" content=\"de_DE\" \/>\n<meta property=\"og:type\" content=\"article\" \/>\n<meta property=\"og:title\" content=\"Komoda 5S - Inmondo\" \/>\n<meta property=\"og:description\" content=\"Komoda z kolekcji Collet, dzi\u0119ki pi\u0119ciu pojemnym szufladom zapewni du\u017co przestrzeni na wszystkie skarby Twojego dziecka. Jej minimalistyczne skandynawskie wzornictwo, podkre\u015blone drewnianymi uchwytami- ponadczasowe i zawsze modne!  Zawarte w niej drewno pochodzi z dobrze zarz\u0105dzanych las\u00f3w. Mebel pokryty zosta\u0142 przyjaznymi dla \u015brodowiska lakierami wodnymi.  &nbsp;\" \/>\n<meta property=\"og:url\" content=\"https:\/\/inmondo.pl\/de\/sklep\/elementy\/komody\/komoda-5s-2\/\" \/>\n<meta property=\"og:site_name\" content=\"Inmondo\" \/>\n<meta property=\"article:modified_time\" content=\"2026-04-10T10:27:07+00:00\" \/>\n<meta property=\"og:image\" content=\"https:\/\/inmondo.pl\/wp-content\/uploads\/2024\/11\/komoda_5s.jpg\" \/>\n\t<meta property=\"og:image:width\" content=\"960\" \/>\n\t<meta property=\"og:image:height\" content=\"960\" \/>\n\t<meta property=\"og:image:type\" content=\"image\/jpeg\" \/>\n<meta name=\"twitter:card\" content=\"summary_large_image\" \/>\n<meta name=\"twitter:label1\" content=\"Gesch\u00e4tzte Lesezeit\" \/>\n\t<meta name=\"twitter:data1\" content=\"2\u00a0Minuten\" \/>\n<script type=\"application\/ld+json\" class=\"yoast-schema-graph\">{\"@context\":\"https:\\\/\\\/schema.org\",\"@graph\":[{\"@type\":\"WebPage\",\"@id\":\"https:\\\/\\\/inmondo.pl\\\/en\\\/sklep\\\/elementy\\\/komody\\\/komoda-5s-2\\\/\",\"url\":\"https:\\\/\\\/inmondo.pl\\\/en\\\/sklep\\\/elementy\\\/komody\\\/komoda-5s-2\\\/\",\"name\":\"Komoda 5S - Inmondo\",\"isPartOf\":{\"@id\":\"https:\\\/\\\/inmondo.pl\\\/#website\"},\"primaryImageOfPage\":{\"@id\":\"https:\\\/\\\/inmondo.pl\\\/en\\\/sklep\\\/elementy\\\/komody\\\/komoda-5s-2\\\/#primaryimage\"},\"image\":{\"@id\":\"https:\\\/\\\/inmondo.pl\\\/en\\\/sklep\\\/elementy\\\/komody\\\/komoda-5s-2\\\/#primaryimage\"},\"thumbnailUrl\":\"https:\\\/\\\/inmondo.pl\\\/wp-content\\\/uploads\\\/2024\\\/11\\\/komoda_5s.jpg\",\"datePublished\":\"2020-07-01T13:13:13+00:00\",\"dateModified\":\"2026-04-10T10:27:07+00:00\",\"breadcrumb\":{\"@id\":\"https:\\\/\\\/inmondo.pl\\\/en\\\/sklep\\\/elementy\\\/komody\\\/komoda-5s-2\\\/#breadcrumb\"},\"inLanguage\":\"de\",\"potentialAction\":[{\"@type\":\"ReadAction\",\"target\":[\"https:\\\/\\\/inmondo.pl\\\/en\\\/sklep\\\/elementy\\\/komody\\\/komoda-5s-2\\\/\"]}]},{\"@type\":\"ImageObject\",\"inLanguage\":\"de\",\"@id\":\"https:\\\/\\\/inmondo.pl\\\/en\\\/sklep\\\/elementy\\\/komody\\\/komoda-5s-2\\\/#primaryimage\",\"url\":\"https:\\\/\\\/inmondo.pl\\\/wp-content\\\/uploads\\\/2024\\\/11\\\/komoda_5s.jpg\",\"contentUrl\":\"https:\\\/\\\/inmondo.pl\\\/wp-content\\\/uploads\\\/2024\\\/11\\\/komoda_5s.jpg\",\"width\":960,\"height\":960,\"caption\":\"drewniana komoda w kolorze kaszmir\"},{\"@type\":\"BreadcrumbList\",\"@id\":\"https:\\\/\\\/inmondo.pl\\\/en\\\/sklep\\\/elementy\\\/komody\\\/komoda-5s-2\\\/#breadcrumb\",\"itemListElement\":[{\"@type\":\"ListItem\",\"position\":1,\"name\":\"Strona g\u0142\u00f3wna\",\"item\":\"https:\\\/\\\/inmondo.pl\\\/\"},{\"@type\":\"ListItem\",\"position\":2,\"name\":\"Oferta Inmondo: spe\u0142niamy marzenia i wymagania\",\"item\":\"https:\\\/\\\/inmondo.pl\\\/sklep\\\/\"},{\"@type\":\"ListItem\",\"position\":3,\"name\":\"kolekcje\",\"item\":\"https:\\\/\\\/inmondo.pl\\\/de\\\/sklep\\\/kolekcje\\\/\"},{\"@type\":\"ListItem\",\"position\":4,\"name\":\"Komoda 5S\"}]},{\"@type\":\"WebSite\",\"@id\":\"https:\\\/\\\/inmondo.pl\\\/#website\",\"url\":\"https:\\\/\\\/inmondo.pl\\\/\",\"name\":\"Inmondo\",\"description\":\"\",\"potentialAction\":[{\"@type\":\"SearchAction\",\"target\":{\"@type\":\"EntryPoint\",\"urlTemplate\":\"https:\\\/\\\/inmondo.pl\\\/?s={search_term_string}\"},\"query-input\":{\"@type\":\"PropertyValueSpecification\",\"valueRequired\":true,\"valueName\":\"search_term_string\"}}],\"inLanguage\":\"de\"}]}<\/script>\n<!-- \/ Yoast SEO plugin. -->","yoast_head_json":{"title":"Kommode 5S - Inmondo","robots":{"index":"index","follow":"follow","max-snippet":"max-snippet:-1","max-image-preview":"max-image-preview:large","max-video-preview":"max-video-preview:-1"},"canonical":"https:\/\/inmondo.pl\/de\/sklep\/elementy\/komody\/komoda-5s-2\/","og_locale":"de_DE","og_type":"article","og_title":"Komoda 5S - Inmondo","og_description":"Komoda z kolekcji Collet, dzi\u0119ki pi\u0119ciu pojemnym szufladom zapewni du\u017co przestrzeni na wszystkie skarby Twojego dziecka. Jej minimalistyczne skandynawskie wzornictwo, podkre\u015blone drewnianymi uchwytami- ponadczasowe i zawsze modne!  Zawarte w niej drewno pochodzi z dobrze zarz\u0105dzanych las\u00f3w. Mebel pokryty zosta\u0142 przyjaznymi dla \u015brodowiska lakierami wodnymi.  &nbsp;","og_url":"https:\/\/inmondo.pl\/de\/sklep\/elementy\/komody\/komoda-5s-2\/","og_site_name":"Inmondo","article_modified_time":"2026-04-10T10:27:07+00:00","og_image":[{"width":960,"height":960,"url":"https:\/\/inmondo.pl\/wp-content\/uploads\/2024\/11\/komoda_5s.jpg","type":"image\/jpeg"}],"twitter_card":"summary_large_image","twitter_misc":{"Gesch\u00e4tzte Lesezeit":"2\u00a0Minuten"},"schema":{"@context":"https:\/\/schema.org","@graph":[{"@type":"WebPage","@id":"https:\/\/inmondo.pl\/en\/sklep\/elementy\/komody\/komoda-5s-2\/","url":"https:\/\/inmondo.pl\/en\/sklep\/elementy\/komody\/komoda-5s-2\/","name":"Kommode 5S - Inmondo","isPartOf":{"@id":"https:\/\/inmondo.pl\/#website"},"primaryImageOfPage":{"@id":"https:\/\/inmondo.pl\/en\/sklep\/elementy\/komody\/komoda-5s-2\/#primaryimage"},"image":{"@id":"https:\/\/inmondo.pl\/en\/sklep\/elementy\/komody\/komoda-5s-2\/#primaryimage"},"thumbnailUrl":"https:\/\/inmondo.pl\/wp-content\/uploads\/2024\/11\/komoda_5s.jpg","datePublished":"2020-07-01T13:13:13+00:00","dateModified":"2026-04-10T10:27:07+00:00","breadcrumb":{"@id":"https:\/\/inmondo.pl\/en\/sklep\/elementy\/komody\/komoda-5s-2\/#breadcrumb"},"inLanguage":"de","potentialAction":[{"@type":"ReadAction","target":["https:\/\/inmondo.pl\/en\/sklep\/elementy\/komody\/komoda-5s-2\/"]}]},{"@type":"ImageObject","inLanguage":"de","@id":"https:\/\/inmondo.pl\/en\/sklep\/elementy\/komody\/komoda-5s-2\/#primaryimage","url":"https:\/\/inmondo.pl\/wp-content\/uploads\/2024\/11\/komoda_5s.jpg","contentUrl":"https:\/\/inmondo.pl\/wp-content\/uploads\/2024\/11\/komoda_5s.jpg","width":960,"height":960,"caption":"drewniana komoda w kolorze kaszmir"},{"@type":"BreadcrumbList","@id":"https:\/\/inmondo.pl\/en\/sklep\/elementy\/komody\/komoda-5s-2\/#breadcrumb","itemListElement":[{"@type":"ListItem","position":1,"name":"Strona g\u0142\u00f3wna","item":"https:\/\/inmondo.pl\/"},{"@type":"ListItem","position":2,"name":"Oferta Inmondo: spe\u0142niamy marzenia i wymagania","item":"https:\/\/inmondo.pl\/sklep\/"},{"@type":"ListItem","position":3,"name":"kolekcje","item":"https:\/\/inmondo.pl\/de\/sklep\/kolekcje\/"},{"@type":"ListItem","position":4,"name":"Komoda 5S"}]},{"@type":"WebSite","@id":"https:\/\/inmondo.pl\/#website","url":"https:\/\/inmondo.pl\/","name":"Inmondo","description":"","potentialAction":[{"@type":"SearchAction","target":{"@type":"EntryPoint","urlTemplate":"https:\/\/inmondo.pl\/?s={search_term_string}"},"query-input":{"@type":"PropertyValueSpecification","valueRequired":true,"valueName":"search_term_string"}}],"inLanguage":"de"}]}},"wcpa_form_fields":null,"_links":{"self":[{"href":"https:\/\/inmondo.pl\/de\/wp-json\/wp\/v2\/product\/1198","targetHints":{"allow":["GET"]}}],"collection":[{"href":"https:\/\/inmondo.pl\/de\/wp-json\/wp\/v2\/product"}],"about":[{"href":"https:\/\/inmondo.pl\/de\/wp-json\/wp\/v2\/types\/product"}],"replies":[{"embeddable":true,"href":"https:\/\/inmondo.pl\/de\/wp-json\/wp\/v2\/comments?post=1198"}],"wp:featuredmedia":[{"embeddable":true,"href":"https:\/\/inmondo.pl\/de\/wp-json\/wp\/v2\/media\/9147"}],"wp:attachment":[{"href":"https:\/\/inmondo.pl\/de\/wp-json\/wp\/v2\/media?parent=1198"}],"wp:term":[{"taxonomy":"product_brand","embeddable":true,"href":"https:\/\/inmondo.pl\/de\/wp-json\/wp\/v2\/product_brand?post=1198"},{"taxonomy":"product_cat","embeddable":true,"href":"https:\/\/inmondo.pl\/de\/wp-json\/wp\/v2\/product_cat?post=1198"},{"taxonomy":"product_tag","embeddable":true,"href":"https:\/\/inmondo.pl\/de\/wp-json\/wp\/v2\/product_tag?post=1198"}],"curies":[{"name":"wp","href":"https:\/\/api.w.org\/{rel}","templated":true}]}}