{"id":1194,"date":"2020-07-01T15:08:03","date_gmt":"2020-07-01T13:08:03","guid":{"rendered":"http:\/\/inmondo.pl\/?post_type=product&#038;p=1194"},"modified":"2026-04-15T11:19:35","modified_gmt":"2026-04-15T09:19:35","slug":"collet-biurko-dzieciece-z-szufladami","status":"publish","type":"product","link":"https:\/\/inmondo.pl\/de\/sklep\/elementy\/biurka\/collet-biurko-dzieciece-z-szufladami\/","title":{"rendered":"Kinderschreibtisch mit Schubladen"},"content":{"rendered":"<p>Der Schreibtisch aus der Collet-Kollektion ist eine ger\u00e4umige Arbeitsplatte, die gen\u00fcgend Platz zum Lernen bietet, und drei ger\u00e4umige Schubladen, die problemlos Schulsachen, Notizb\u00fccher, Lehrb\u00fccher oder andere praktische Kleinigkeiten aufnehmen k\u00f6nnen. Es ist ein funktionales und sch\u00f6nes M\u00f6belst\u00fcck, dessen minimalistischer Stil und schlichte Form, betont durch Holzgriffe, viele Jahre lang das Kinderzimmer schm\u00fccken wird.<\/p>\n<p>Der Schreibtisch zeichnet sich durch seine stabile Konstruktion und eine sorgf\u00e4ltige Verarbeitung mit Lacken auf Wasserbasis aus.<\/p>\n\n\n<p><\/p>","protected":false},"excerpt":{"rendered":"<h2 style=\"text-align: left; font-size: 17px;\">Der perfekte erste Schreibtisch f\u00fcr Ihr Kind!<\/h2>\n<p>Der Kinderschreibtisch aus Holz mit Schubladen in sanften Pastellfarben passt perfekt in jedes Kinderzimmer. Der Schreibtisch aus der Collet-Kollektion verf\u00fcgt \u00fcber eine ger\u00e4umige Platte, die gen\u00fcgend Platz zum Lernen bietet, und drei ger\u00e4umige Schubladen, in denen Schulsachen, Hefte, Schulb\u00fccher oder andere praktische Kleinigkeiten leicht untergebracht werden k\u00f6nnen. Er ist ein funktionelles und sch\u00f6nes M\u00f6belst\u00fcck, dessen minimalistischer Stil und schlichte, mit Holzgriffen akzentuierte Form das Kinderzimmer f\u00fcr viele Jahre schm\u00fccken wird. Der Schreibtisch zeichnet sich durch seine stabile Konstruktion und die sorgf\u00e4ltige Verarbeitung mit Lack auf Wasserbasis aus.   Wahl der Schubladenseite: rechts oder links<\/p>\n<h6>\u00a0<\/h6>","protected":false},"featured_media":9160,"comment_status":"open","ping_status":"closed","template":"","meta":{"_acf_changed":false},"product_brand":[],"product_cat":[29,24,20,17,99],"product_tag":[173],"class_list":{"0":"post-1194","1":"product","2":"type-product","3":"status-publish","4":"has-post-thumbnail","6":"product_shipping_class-biurko-collet","7":"product_cat-biurka","8":"product_cat-collet","9":"product_cat-elementy","10":"product_cat-kolekcje","11":"product_cat-meble-dostepne","12":"product_tag-biurko","14":"first","15":"onbackorder","16":"sale","17":"featured","18":"taxable","19":"shipping-taxable","20":"purchasable","21":"product-type-variable","22":"has-default-attributes"},"acf":{"wymiary":"Szeroko\u015b\u0107: 105 cm<br \/>\r\nWysoko\u015b\u0107: 73 cm<br \/>\r\nG\u0142\u0119boko\u015b\u0107: 52 cm","materialy":"korpus i&nbsp;fronty: MDF, nogi: drewno sosnowe, lakiery wodne i&nbsp;wodne UV","sections_woocommerce":[{"acf_fc_layout":"section_menu","is_active":true,"repeater":[{"text":"Opis","link":"#opis"},{"text":"Lookbook","link":"#lookbook"},{"text":"Opinie","link":"#opinie"},{"text":"Inne produkty","link":"#inneprodukty"}]},{"acf_fc_layout":"section_woocommerce_text_image","is_active":true,"anchor":"","text_align":"textAlign--left","grid_width":"main","wysiwyg":"<h3>Klasyczny Design dla Ka\u017cdego Dzieci\u0119cego Pokoju<\/h3>\n<p>Nasze drewniane biurko dzieci\u0119ce z szufladami wyr\u00f3\u017cnia si\u0119 klasycznym, prostym designem, kt\u00f3ry b\u0119dzie pasowa\u0142 zar\u00f3wno do pokoju dziewczynki, jak i ch\u0142opca. Dzi\u0119ki temu mebel ten b\u0119dzie nie tylko funkcjonalny, ale r\u00f3wnie\u017c estetyczny.<\/p>\n","image":"https:\/\/inmondo.pl\/wp-content\/uploads\/2024\/11\/mini_DSC01545.jpg"},{"acf_fc_layout":"section_woocommerce_text_image","is_active":true,"anchor":"","text_align":"textAlign--right","grid_width":"main","wysiwyg":"<h3>Idealne Pierwsze Biurko dla Dziecka<\/h3>\n<p>Szukasz idealnego pierwszego biurka dla swojego dziecka? Nasze drewniane biurko dzieci\u0119ce to strza\u0142 w dziesi\u0105tk\u0119. Solidna konstrukcja i odpowiednia wysoko\u015b\u0107 sprawiaj\u0105, \u017ce b\u0119dzie idealne dla m\u0142odszych u\u017cytkownik\u00f3w, kt\u00f3rzy dopiero zaczynaj\u0105 przygod\u0119 z nauk\u0105.<\/p>\n","image":"https:\/\/inmondo.pl\/wp-content\/uploads\/2020\/09\/2019_08_INMONDO_SOCIALMEDIA-185211920.jpg"},{"acf_fc_layout":"section_woocommerce_text_image","is_active":true,"anchor":"opis","text_align":"textAlign--left","grid_width":"main","wysiwyg":"<h2>Pok\u00f3j dzieci\u0119cy z kolekcj\u0105 Collet<\/h2>\n<p>Ponadczasowe, minimalistyczne, skandynawskie wzornictwo, podkre\u015blone drewnianymi uchwytami. Kolekcja Collet to pi\u0119kna kolekcja stworzona z my\u015bl\u0105 o klasycznych dzieci\u0119cych wn\u0119trzach, kt\u00f3re b\u0119d\u0105 s\u0142u\u017cy\u0142y przez lata. Biurko z szufladami dla dziecka, pojemna szafa oraz komody tworz\u0105 sp\u00f3jn\u0105 i funkcjonaln\u0105 przestrze\u0144, idealn\u0105 dla rozwijaj\u0105cego si\u0119 dziecka. W naszej kolekcji znajdziesz r\u00f3wnie\u017c bogaty wyb\u00f3r \u0142\u00f3\u017cek dzieci\u0119cych: <a href=\"https:\/\/inmondo.pl\/sklep\/kolekcje\/lozko-pojedyncze-z-plycina-90-cm\/\">klasyczne \u0142\u00f3\u017cka pojedyncze<\/a>, <a href=\"https:\/\/inmondo.pl\/sklep\/kolekcje\/lozko-podwojne-z-plycina-120-cm\/\">podw\u00f3jne o wymiarach 120 x 90 cm<\/a> oraz <a href=\"https:\/\/inmondo.pl\/sklep\/kolekcje\/lozko-pietrowe-trio-z-plycina-120\/\">\u0142\u00f3\u017cka pi\u0119trowe, idealne dla rodze\u0144stwa<\/a> dzi\u0119ki swojej funkcjonalno\u015bci i wygodzie.<\/p>\n","image":"https:\/\/inmondo.pl\/wp-content\/uploads\/2024\/11\/mini_DSC04155.jpg"},{"acf_fc_layout":"section_woocommerce_text_image","is_active":true,"anchor":"opis","text_align":"textAlign--right","grid_width":"main","wysiwyg":"<h2>Biurko dzieci\u0119ce z szufladami &#8211; stawiamy na kolor<\/h2>\n<p>Biurko dzieci\u0119ce nie musi by\u0107 nudne, zwyk\u0142e.<\/p>\n<p>Biurko\u00a0 z szufladami z kolekcji Collet dost\u0119pne jest w kilku pi\u0119knych, delikatnych pastelowych kolorach, kt\u00f3re doskonale wpasuj\u0105 si\u0119 w ka\u017cde wn\u0119trze. Wybierz spo\u015br\u00f3d kolor\u00f3w, kt\u00f3re najbardziej odpowiadaj\u0105 gustowi Twojego dziecka i stylowi jego pokoju.<\/p>\n<p>Dla fan\u00f3w klasyki pi\u0119kny odcie\u0144 bieli i szaro\u015bci. Proponujemy r\u00f3wnie\u017c delikatny r\u00f3\u017c oraz b\u0142\u0119kit. A jako nowo\u015b\u0107 kolor kaszmir oraz pi\u0119kny odcie\u0144 oliwki.<\/p>\n","image":"https:\/\/inmondo.pl\/wp-content\/uploads\/2020\/07\/2019_04_INMONDO_POK\u00d3J_DZIEWCZYNKI_6-13960-1.jpg"},{"acf_fc_layout":"section_woocommerce_lookbook","is_active":true,"anchor":"lookbook","header":"<h2 style=\"text-align: center;\">Zobacz galeri\u0119 Collet:<\/h2>\n<p style=\"text-align: center;\">Minimalistyczny lookbook prosto od naszych projektant\u00f3w. Ogl\u0105daj, inspiruj si\u0119, a\u00a0je\u015bli masz pomys\u0142y lub\u00a0pytania \u2014 od razu dzwo\u0144!<\/p>\n","repeater":[{"shortcode":"[woocommerce_lookbook id=\"1356\"]"},{"shortcode":"[woocommerce_lookbook id=\"1440\"]"},{"shortcode":"[woocommerce_lookbook id=\"1363\"]"},{"shortcode":"[woocommerce_lookbook id=\"1441\"]"},{"shortcode":"[woocommerce_lookbook id=\"1365\"]"}]},{"acf_fc_layout":"section_woocommerce_opinions","is_active":true,"anchor":"opinie"},{"acf_fc_layout":"section_woocommerce_otherFromCategory","is_active":true,"anchor":"inneprodukty"}],"czas_realizacji":""},"yoast_head":"<!-- This site is optimized with the Yoast SEO plugin v27.3 - https:\/\/yoast.com\/product\/yoast-seo-wordpress\/ -->\n<title>Biurko Dzieci\u0119ce z Szufladami - Inmondo<\/title>\n<meta name=\"description\" content=\"Drewniane Biurko Dzieci\u0119ce z Szufladami \u2013 Idealne Biurko Dla Twojego Dziecka. Biurko dzieci\u0119ce z szufladami, dost\u0119pne w delikatnych pastelowych kolorach.\" \/>\n<meta name=\"robots\" content=\"index, follow, max-snippet:-1, max-image-preview:large, max-video-preview:-1\" \/>\n<link rel=\"canonical\" href=\"https:\/\/inmondo.pl\/de\/sklep\/elementy\/biurka\/collet-biurko-dzieciece-z-szufladami\/\" \/>\n<meta property=\"og:locale\" content=\"de_DE\" \/>\n<meta property=\"og:type\" content=\"article\" \/>\n<meta property=\"og:title\" content=\"Biurko Dzieci\u0119ce z Szufladami - Inmondo\" \/>\n<meta property=\"og:description\" content=\"Drewniane Biurko Dzieci\u0119ce z Szufladami \u2013 Idealne Biurko Dla Twojego Dziecka. Biurko dzieci\u0119ce z szufladami, dost\u0119pne w delikatnych pastelowych kolorach.\" \/>\n<meta property=\"og:url\" content=\"https:\/\/inmondo.pl\/de\/sklep\/elementy\/biurka\/collet-biurko-dzieciece-z-szufladami\/\" \/>\n<meta property=\"og:site_name\" content=\"Inmondo\" \/>\n<meta property=\"article:modified_time\" content=\"2026-04-15T09:19:35+00:00\" \/>\n<meta property=\"og:image\" content=\"https:\/\/inmondo.pl\/wp-content\/uploads\/2024\/06\/biurko.jpg\" \/>\n\t<meta property=\"og:image:width\" content=\"960\" \/>\n\t<meta property=\"og:image:height\" content=\"960\" \/>\n\t<meta property=\"og:image:type\" content=\"image\/jpeg\" \/>\n<meta name=\"twitter:card\" content=\"summary_large_image\" \/>\n<meta name=\"twitter:label1\" content=\"Gesch\u00e4tzte Lesezeit\" \/>\n\t<meta name=\"twitter:data1\" content=\"4\u00a0Minuten\" \/>\n<script type=\"application\/ld+json\" class=\"yoast-schema-graph\">{\"@context\":\"https:\\\/\\\/schema.org\",\"@graph\":[{\"@type\":\"WebPage\",\"@id\":\"https:\\\/\\\/inmondo.pl\\\/sklep\\\/elementy\\\/biurka\\\/collet-biurko-dzieciece-z-szufladami\\\/\",\"url\":\"https:\\\/\\\/inmondo.pl\\\/sklep\\\/elementy\\\/biurka\\\/collet-biurko-dzieciece-z-szufladami\\\/\",\"name\":\"Biurko Dzieci\u0119ce z Szufladami - Inmondo\",\"isPartOf\":{\"@id\":\"https:\\\/\\\/inmondo.pl\\\/#website\"},\"primaryImageOfPage\":{\"@id\":\"https:\\\/\\\/inmondo.pl\\\/sklep\\\/elementy\\\/biurka\\\/collet-biurko-dzieciece-z-szufladami\\\/#primaryimage\"},\"image\":{\"@id\":\"https:\\\/\\\/inmondo.pl\\\/sklep\\\/elementy\\\/biurka\\\/collet-biurko-dzieciece-z-szufladami\\\/#primaryimage\"},\"thumbnailUrl\":\"https:\\\/\\\/inmondo.pl\\\/wp-content\\\/uploads\\\/2024\\\/06\\\/biurko.jpg\",\"datePublished\":\"2020-07-01T13:08:03+00:00\",\"dateModified\":\"2026-04-15T09:19:35+00:00\",\"description\":\"Drewniane Biurko Dzieci\u0119ce z Szufladami \u2013 Idealne Biurko Dla Twojego Dziecka. Biurko dzieci\u0119ce z szufladami, dost\u0119pne w delikatnych pastelowych kolorach.\",\"breadcrumb\":{\"@id\":\"https:\\\/\\\/inmondo.pl\\\/sklep\\\/elementy\\\/biurka\\\/collet-biurko-dzieciece-z-szufladami\\\/#breadcrumb\"},\"inLanguage\":\"de\",\"potentialAction\":[{\"@type\":\"ReadAction\",\"target\":[\"https:\\\/\\\/inmondo.pl\\\/sklep\\\/elementy\\\/biurka\\\/collet-biurko-dzieciece-z-szufladami\\\/\"]}]},{\"@type\":\"ImageObject\",\"inLanguage\":\"de\",\"@id\":\"https:\\\/\\\/inmondo.pl\\\/sklep\\\/elementy\\\/biurka\\\/collet-biurko-dzieciece-z-szufladami\\\/#primaryimage\",\"url\":\"https:\\\/\\\/inmondo.pl\\\/wp-content\\\/uploads\\\/2024\\\/06\\\/biurko.jpg\",\"contentUrl\":\"https:\\\/\\\/inmondo.pl\\\/wp-content\\\/uploads\\\/2024\\\/06\\\/biurko.jpg\",\"width\":960,\"height\":960},{\"@type\":\"BreadcrumbList\",\"@id\":\"https:\\\/\\\/inmondo.pl\\\/sklep\\\/elementy\\\/biurka\\\/collet-biurko-dzieciece-z-szufladami\\\/#breadcrumb\",\"itemListElement\":[{\"@type\":\"ListItem\",\"position\":1,\"name\":\"Strona g\u0142\u00f3wna\",\"item\":\"https:\\\/\\\/inmondo.pl\\\/\"},{\"@type\":\"ListItem\",\"position\":2,\"name\":\"Oferta Inmondo: spe\u0142niamy marzenia i wymagania\",\"item\":\"https:\\\/\\\/inmondo.pl\\\/sklep\\\/\"},{\"@type\":\"ListItem\",\"position\":3,\"name\":\"kolekcje\",\"item\":\"https:\\\/\\\/inmondo.pl\\\/de\\\/sklep\\\/kolekcje\\\/\"},{\"@type\":\"ListItem\",\"position\":4,\"name\":\"Biurko Dzieci\u0119ce z Szufladami\"}]},{\"@type\":\"WebSite\",\"@id\":\"https:\\\/\\\/inmondo.pl\\\/#website\",\"url\":\"https:\\\/\\\/inmondo.pl\\\/\",\"name\":\"Inmondo\",\"description\":\"\",\"potentialAction\":[{\"@type\":\"SearchAction\",\"target\":{\"@type\":\"EntryPoint\",\"urlTemplate\":\"https:\\\/\\\/inmondo.pl\\\/?s={search_term_string}\"},\"query-input\":{\"@type\":\"PropertyValueSpecification\",\"valueRequired\":true,\"valueName\":\"search_term_string\"}}],\"inLanguage\":\"de\"}]}<\/script>\n<!-- \/ Yoast SEO plugin. -->","yoast_head_json":{"title":"Kinderschreibtisch mit Schubladen - Inmondo","description":"Kinderschreibtisch aus Holz mit Schubladen - Der perfekte Schreibtisch f\u00fcr Ihr Kind. Kinderschreibtisch mit Schubladen, erh\u00e4ltlich in sanften Pastellfarben.","robots":{"index":"index","follow":"follow","max-snippet":"max-snippet:-1","max-image-preview":"max-image-preview:large","max-video-preview":"max-video-preview:-1"},"canonical":"https:\/\/inmondo.pl\/de\/sklep\/elementy\/biurka\/collet-biurko-dzieciece-z-szufladami\/","og_locale":"de_DE","og_type":"article","og_title":"Biurko Dzieci\u0119ce z Szufladami - Inmondo","og_description":"Drewniane Biurko Dzieci\u0119ce z Szufladami \u2013 Idealne Biurko Dla Twojego Dziecka. Biurko dzieci\u0119ce z szufladami, dost\u0119pne w delikatnych pastelowych kolorach.","og_url":"https:\/\/inmondo.pl\/de\/sklep\/elementy\/biurka\/collet-biurko-dzieciece-z-szufladami\/","og_site_name":"Inmondo","article_modified_time":"2026-04-15T09:19:35+00:00","og_image":[{"width":960,"height":960,"url":"https:\/\/inmondo.pl\/wp-content\/uploads\/2024\/06\/biurko.jpg","type":"image\/jpeg"}],"twitter_card":"summary_large_image","twitter_misc":{"Gesch\u00e4tzte Lesezeit":"4\u00a0Minuten"},"schema":{"@context":"https:\/\/schema.org","@graph":[{"@type":"WebPage","@id":"https:\/\/inmondo.pl\/sklep\/elementy\/biurka\/collet-biurko-dzieciece-z-szufladami\/","url":"https:\/\/inmondo.pl\/sklep\/elementy\/biurka\/collet-biurko-dzieciece-z-szufladami\/","name":"Kinderschreibtisch mit Schubladen - Inmondo","isPartOf":{"@id":"https:\/\/inmondo.pl\/#website"},"primaryImageOfPage":{"@id":"https:\/\/inmondo.pl\/sklep\/elementy\/biurka\/collet-biurko-dzieciece-z-szufladami\/#primaryimage"},"image":{"@id":"https:\/\/inmondo.pl\/sklep\/elementy\/biurka\/collet-biurko-dzieciece-z-szufladami\/#primaryimage"},"thumbnailUrl":"https:\/\/inmondo.pl\/wp-content\/uploads\/2024\/06\/biurko.jpg","datePublished":"2020-07-01T13:08:03+00:00","dateModified":"2026-04-15T09:19:35+00:00","description":"Kinderschreibtisch aus Holz mit Schubladen - Der perfekte Schreibtisch f\u00fcr Ihr Kind. Kinderschreibtisch mit Schubladen, erh\u00e4ltlich in sanften Pastellfarben.","breadcrumb":{"@id":"https:\/\/inmondo.pl\/sklep\/elementy\/biurka\/collet-biurko-dzieciece-z-szufladami\/#breadcrumb"},"inLanguage":"de","potentialAction":[{"@type":"ReadAction","target":["https:\/\/inmondo.pl\/sklep\/elementy\/biurka\/collet-biurko-dzieciece-z-szufladami\/"]}]},{"@type":"ImageObject","inLanguage":"de","@id":"https:\/\/inmondo.pl\/sklep\/elementy\/biurka\/collet-biurko-dzieciece-z-szufladami\/#primaryimage","url":"https:\/\/inmondo.pl\/wp-content\/uploads\/2024\/06\/biurko.jpg","contentUrl":"https:\/\/inmondo.pl\/wp-content\/uploads\/2024\/06\/biurko.jpg","width":960,"height":960},{"@type":"BreadcrumbList","@id":"https:\/\/inmondo.pl\/sklep\/elementy\/biurka\/collet-biurko-dzieciece-z-szufladami\/#breadcrumb","itemListElement":[{"@type":"ListItem","position":1,"name":"Strona g\u0142\u00f3wna","item":"https:\/\/inmondo.pl\/"},{"@type":"ListItem","position":2,"name":"Oferta Inmondo: spe\u0142niamy marzenia i wymagania","item":"https:\/\/inmondo.pl\/sklep\/"},{"@type":"ListItem","position":3,"name":"kolekcje","item":"https:\/\/inmondo.pl\/de\/sklep\/kolekcje\/"},{"@type":"ListItem","position":4,"name":"Biurko Dzieci\u0119ce z Szufladami"}]},{"@type":"WebSite","@id":"https:\/\/inmondo.pl\/#website","url":"https:\/\/inmondo.pl\/","name":"Inmondo","description":"","potentialAction":[{"@type":"SearchAction","target":{"@type":"EntryPoint","urlTemplate":"https:\/\/inmondo.pl\/?s={search_term_string}"},"query-input":{"@type":"PropertyValueSpecification","valueRequired":true,"valueName":"search_term_string"}}],"inLanguage":"de"}]}},"wcpa_form_fields":null,"_links":{"self":[{"href":"https:\/\/inmondo.pl\/de\/wp-json\/wp\/v2\/product\/1194","targetHints":{"allow":["GET"]}}],"collection":[{"href":"https:\/\/inmondo.pl\/de\/wp-json\/wp\/v2\/product"}],"about":[{"href":"https:\/\/inmondo.pl\/de\/wp-json\/wp\/v2\/types\/product"}],"replies":[{"embeddable":true,"href":"https:\/\/inmondo.pl\/de\/wp-json\/wp\/v2\/comments?post=1194"}],"wp:featuredmedia":[{"embeddable":true,"href":"https:\/\/inmondo.pl\/de\/wp-json\/wp\/v2\/media\/9160"}],"wp:attachment":[{"href":"https:\/\/inmondo.pl\/de\/wp-json\/wp\/v2\/media?parent=1194"}],"wp:term":[{"taxonomy":"product_brand","embeddable":true,"href":"https:\/\/inmondo.pl\/de\/wp-json\/wp\/v2\/product_brand?post=1194"},{"taxonomy":"product_cat","embeddable":true,"href":"https:\/\/inmondo.pl\/de\/wp-json\/wp\/v2\/product_cat?post=1194"},{"taxonomy":"product_tag","embeddable":true,"href":"https:\/\/inmondo.pl\/de\/wp-json\/wp\/v2\/product_tag?post=1194"}],"curies":[{"name":"wp","href":"https:\/\/api.w.org\/{rel}","templated":true}]}}