{"id":11319,"date":"2025-11-04T12:54:28","date_gmt":"2025-11-04T11:54:28","guid":{"rendered":"https:\/\/inmondo.pl\/?post_type=product&#038;p=11319"},"modified":"2026-04-15T11:19:35","modified_gmt":"2026-04-15T09:19:35","slug":"barierki-krotkie-do-lozka-miyo","status":"publish","type":"product","link":"https:\/\/inmondo.pl\/de\/sklep\/elementy\/akcesoria\/barierki-krotkie-do-lozka-miyo\/","title":{"rendered":"Miyo kurze Bettgitter - 100% Holz"},"content":{"rendered":"","protected":false},"excerpt":{"rendered":"<p>Unsere Sicherheitsgitter sind ein wesentlicher Bestandteil des Bettes <strong>Miyo<\/strong>, entwickelt, um maximalen Schutz f\u00fcr Ihr Kind zu bieten.<\/p>\n<p>Sie werden an beiden Seiten des Bettes angebracht und bieten maximale Sicherheit, w\u00e4hrend Ihr Kind schl\u00e4ft.<\/p>\n<p>&nbsp;<\/p>\n<p>Sie sind aus robusten Materialien gefertigt und f\u00fcgen sich perfekt in das Design der M\u00f6bel und des Raumes ein.<\/p>\n<p>Die Liebe zum Detail macht das Gel\u00e4nder zu einem integralen Bestandteil des M\u00f6bels und verbindet Funktionalit\u00e4t mit subtilem Stil.<\/p>","protected":false},"featured_media":11355,"comment_status":"closed","ping_status":"closed","template":"","meta":{"_acf_changed":false},"product_brand":[],"product_cat":[32,201],"product_tag":[],"class_list":{"0":"post-11319","1":"product","2":"type-product","3":"status-publish","4":"has-post-thumbnail","6":"product_cat-akcesoria","7":"product_cat-miyo","9":"first","10":"instock","11":"taxable","12":"shipping-taxable","13":"purchasable","14":"product-type-variable"},"acf":{"sections_woocommerce":[{"acf_fc_layout":"section_menu","is_active":true,"repeater":[{"text":"Opis","link":"#opis"},{"text":"Lookbook","link":"#lookbook"},{"text":"Opinie","link":"#opinie"},{"text":"Inne produkty","link":"#inne"}]},{"acf_fc_layout":"section_woocommerce_text_image","is_active":true,"anchor":"#opis","text_align":"textAlign--right","grid_width":"main","wysiwyg":"<p>Barierki do \u0142\u00f3\u017cka to rozwi\u0105zanie, kt\u00f3re zapewnia komfort i bezpiecze\u0144stwo ka\u017cdej nocy.<\/p>\n<p>Precyzyjnie wykonane, harmonijnie komponuj\u0105 si\u0119 z \u0142\u00f3\u017ckiem <strong>Miyo<\/strong>, tworz\u0105c przestrze\u0144, w kt\u00f3rej maluch czuje si\u0119 chroniony.<\/p>\n<p>To idealny wyb\u00f3r dla rodzic\u00f3w, kt\u00f3rzy ceni\u0105 zar\u00f3wno funkcjonalno\u015b\u0107, jak i estetyk\u0119, gwarantuj\u0105c spokojny sen i pe\u0142n\u0105 swobod\u0119 zabawy.<\/p>\n<p>&nbsp;<\/p>\n<p>&nbsp;<\/p>\n<p>&nbsp;<\/p>\n<p>&nbsp;<\/p>\n<p>Poza barierkami do zestawu mamy w ofercie dedykowan\u0105 szuflad\u0119 do \u0142\u00f3\u017cka <strong>Miyo<\/strong>.<\/p>\n","image":"https:\/\/inmondo.pl\/wp-content\/uploads\/2025\/04\/image00030-2.jpeg"},{"acf_fc_layout":"section_woocommerce_text_image","is_active":true,"anchor":"#opis","text_align":"textAlign--left","grid_width":"main","wysiwyg":"<p><a href=\"https:\/\/inmondo.pl\/sklep\/kolekcje\/\">Sprawd\u017a nasze pozosta\u0142e kolekcje mebli Inmondo!<\/a><\/p>\n","image":"https:\/\/inmondo.pl\/wp-content\/uploads\/2025\/04\/image00052.jpeg"},{"acf_fc_layout":"section_woocommerce_lookbook","is_active":true,"anchor":"#lookbook","header":"","repeater":[{"shortcode":"[woocommerce_lookbook id=\"11220\"]"},{"shortcode":"[woocommerce_lookbook id=\"10292\"]"}]}],"wymiary":"D\u0142ugo\u015b\u0107 - 106 cm<br \/>\r\nWysoko\u015b\u0107 - 29,4 cm<br \/>\r\nGrubo\u015b\u0107 - 1,9 cm","materialy":"Drewno","czas_realizacji":""},"yoast_head":"<!-- This site is optimized with the Yoast SEO plugin v27.3 - https:\/\/yoast.com\/product\/yoast-seo-wordpress\/ -->\n<title>Barierki kr\u00f3tkie do \u0142\u00f3\u017cka Miyo - 100% drewno - Inmondo<\/title>\n<meta name=\"description\" content=\"Barierki kr\u00f3tkie to jedna z naszych opcji do wyposa\u017cenia \u0142\u00f3\u017cka z kolekcji Miyo. Zapewniaj\u0105 cenne bezpiecze\u0144stwo i komfort podczas snu.\" \/>\n<meta name=\"robots\" content=\"index, follow, max-snippet:-1, max-image-preview:large, max-video-preview:-1\" \/>\n<link rel=\"canonical\" href=\"http:\/\/inmondo.pl\/de\/sklep\/elementy\/akcesoria\/barierki-krotkie-do-lozka-miyo\/\" \/>\n<meta property=\"og:locale\" content=\"de_DE\" \/>\n<meta property=\"og:type\" content=\"article\" \/>\n<meta property=\"og:title\" content=\"Barierki kr\u00f3tkie do \u0142\u00f3\u017cka Miyo - 100% drewno - Inmondo\" \/>\n<meta property=\"og:description\" content=\"Barierki kr\u00f3tkie to jedna z naszych opcji do wyposa\u017cenia \u0142\u00f3\u017cka z kolekcji Miyo. Zapewniaj\u0105 cenne bezpiecze\u0144stwo i komfort podczas snu.\" \/>\n<meta property=\"og:url\" content=\"http:\/\/inmondo.pl\/de\/sklep\/elementy\/akcesoria\/barierki-krotkie-do-lozka-miyo\/\" \/>\n<meta property=\"og:site_name\" content=\"Inmondo\" \/>\n<meta property=\"article:modified_time\" content=\"2026-04-15T09:19:35+00:00\" \/>\n<meta property=\"og:image\" content=\"http:\/\/inmondo.pl\/wp-content\/uploads\/2025\/11\/6.jpg\" \/>\n\t<meta property=\"og:image:width\" content=\"1080\" \/>\n\t<meta property=\"og:image:height\" content=\"1350\" \/>\n\t<meta property=\"og:image:type\" content=\"image\/jpeg\" \/>\n<meta name=\"twitter:card\" content=\"summary_large_image\" \/>\n<meta name=\"twitter:label1\" content=\"Gesch\u00e4tzte Lesezeit\" \/>\n\t<meta name=\"twitter:data1\" content=\"2\u00a0Minuten\" \/>\n<script type=\"application\/ld+json\" class=\"yoast-schema-graph\">{\"@context\":\"https:\\\/\\\/schema.org\",\"@graph\":[{\"@type\":\"WebPage\",\"@id\":\"http:\\\/\\\/inmondo.pl\\\/sklep\\\/elementy\\\/akcesoria\\\/barierki-krotkie-do-lozka-miyo\\\/\",\"url\":\"http:\\\/\\\/inmondo.pl\\\/sklep\\\/elementy\\\/akcesoria\\\/barierki-krotkie-do-lozka-miyo\\\/\",\"name\":\"Barierki kr\u00f3tkie do \u0142\u00f3\u017cka Miyo - 100% drewno - Inmondo\",\"isPartOf\":{\"@id\":\"https:\\\/\\\/inmondo.pl\\\/#website\"},\"primaryImageOfPage\":{\"@id\":\"http:\\\/\\\/inmondo.pl\\\/sklep\\\/elementy\\\/akcesoria\\\/barierki-krotkie-do-lozka-miyo\\\/#primaryimage\"},\"image\":{\"@id\":\"http:\\\/\\\/inmondo.pl\\\/sklep\\\/elementy\\\/akcesoria\\\/barierki-krotkie-do-lozka-miyo\\\/#primaryimage\"},\"thumbnailUrl\":\"https:\\\/\\\/inmondo.pl\\\/wp-content\\\/uploads\\\/2025\\\/11\\\/6.jpg\",\"datePublished\":\"2025-11-04T11:54:28+00:00\",\"dateModified\":\"2026-04-15T09:19:35+00:00\",\"description\":\"Barierki kr\u00f3tkie to jedna z naszych opcji do wyposa\u017cenia \u0142\u00f3\u017cka z kolekcji Miyo. Zapewniaj\u0105 cenne bezpiecze\u0144stwo i komfort podczas snu.\",\"breadcrumb\":{\"@id\":\"http:\\\/\\\/inmondo.pl\\\/sklep\\\/elementy\\\/akcesoria\\\/barierki-krotkie-do-lozka-miyo\\\/#breadcrumb\"},\"inLanguage\":\"de\",\"potentialAction\":[{\"@type\":\"ReadAction\",\"target\":[\"http:\\\/\\\/inmondo.pl\\\/sklep\\\/elementy\\\/akcesoria\\\/barierki-krotkie-do-lozka-miyo\\\/\"]}]},{\"@type\":\"ImageObject\",\"inLanguage\":\"de\",\"@id\":\"http:\\\/\\\/inmondo.pl\\\/sklep\\\/elementy\\\/akcesoria\\\/barierki-krotkie-do-lozka-miyo\\\/#primaryimage\",\"url\":\"https:\\\/\\\/inmondo.pl\\\/wp-content\\\/uploads\\\/2025\\\/11\\\/6.jpg\",\"contentUrl\":\"https:\\\/\\\/inmondo.pl\\\/wp-content\\\/uploads\\\/2025\\\/11\\\/6.jpg\",\"width\":1080,\"height\":1350},{\"@type\":\"BreadcrumbList\",\"@id\":\"http:\\\/\\\/inmondo.pl\\\/sklep\\\/elementy\\\/akcesoria\\\/barierki-krotkie-do-lozka-miyo\\\/#breadcrumb\",\"itemListElement\":[{\"@type\":\"ListItem\",\"position\":1,\"name\":\"Strona g\u0142\u00f3wna\",\"item\":\"https:\\\/\\\/inmondo.pl\\\/\"},{\"@type\":\"ListItem\",\"position\":2,\"name\":\"Oferta Inmondo: spe\u0142niamy marzenia i wymagania\",\"item\":\"https:\\\/\\\/inmondo.pl\\\/sklep\\\/\"},{\"@type\":\"ListItem\",\"position\":3,\"name\":\"kolekcje\",\"item\":\"https:\\\/\\\/inmondo.pl\\\/de\\\/sklep\\\/kolekcje\\\/\"},{\"@type\":\"ListItem\",\"position\":4,\"name\":\"Miyo\",\"item\":\"http:\\\/\\\/inmondo.pl\\\/sklep\\\/kolekcje\\\/miyo\\\/\"},{\"@type\":\"ListItem\",\"position\":5,\"name\":\"Barierki kr\u00f3tkie do \u0142\u00f3\u017cka Miyo &#8211; 100% drewno\"}]},{\"@type\":\"WebSite\",\"@id\":\"https:\\\/\\\/inmondo.pl\\\/#website\",\"url\":\"https:\\\/\\\/inmondo.pl\\\/\",\"name\":\"Inmondo\",\"description\":\"\",\"potentialAction\":[{\"@type\":\"SearchAction\",\"target\":{\"@type\":\"EntryPoint\",\"urlTemplate\":\"https:\\\/\\\/inmondo.pl\\\/?s={search_term_string}\"},\"query-input\":{\"@type\":\"PropertyValueSpecification\",\"valueRequired\":true,\"valueName\":\"search_term_string\"}}],\"inLanguage\":\"de\"}]}<\/script>\n<!-- \/ Yoast SEO plugin. -->","yoast_head_json":{"title":"Miyo kurze Bettgitter - 100% Holz - Inmondo","description":"Die Kurzschranken sind eine unserer M\u00f6glichkeiten, Ihr Bett aus der Miyo-Kollektion einzurichten. Sie bieten wertvolle Sicherheit und Komfort beim Schlafen.","robots":{"index":"index","follow":"follow","max-snippet":"max-snippet:-1","max-image-preview":"max-image-preview:large","max-video-preview":"max-video-preview:-1"},"canonical":"http:\/\/inmondo.pl\/de\/sklep\/elementy\/akcesoria\/barierki-krotkie-do-lozka-miyo\/","og_locale":"de_DE","og_type":"article","og_title":"Barierki kr\u00f3tkie do \u0142\u00f3\u017cka Miyo - 100% drewno - Inmondo","og_description":"Barierki kr\u00f3tkie to jedna z naszych opcji do wyposa\u017cenia \u0142\u00f3\u017cka z kolekcji Miyo. Zapewniaj\u0105 cenne bezpiecze\u0144stwo i komfort podczas snu.","og_url":"http:\/\/inmondo.pl\/de\/sklep\/elementy\/akcesoria\/barierki-krotkie-do-lozka-miyo\/","og_site_name":"Inmondo","article_modified_time":"2026-04-15T09:19:35+00:00","og_image":[{"width":1080,"height":1350,"url":"http:\/\/inmondo.pl\/wp-content\/uploads\/2025\/11\/6.jpg","type":"image\/jpeg"}],"twitter_card":"summary_large_image","twitter_misc":{"Gesch\u00e4tzte Lesezeit":"2\u00a0Minuten"},"schema":{"@context":"https:\/\/schema.org","@graph":[{"@type":"WebPage","@id":"http:\/\/inmondo.pl\/sklep\/elementy\/akcesoria\/barierki-krotkie-do-lozka-miyo\/","url":"http:\/\/inmondo.pl\/sklep\/elementy\/akcesoria\/barierki-krotkie-do-lozka-miyo\/","name":"Miyo kurze Bettgitter - 100% Holz - Inmondo","isPartOf":{"@id":"https:\/\/inmondo.pl\/#website"},"primaryImageOfPage":{"@id":"http:\/\/inmondo.pl\/sklep\/elementy\/akcesoria\/barierki-krotkie-do-lozka-miyo\/#primaryimage"},"image":{"@id":"http:\/\/inmondo.pl\/sklep\/elementy\/akcesoria\/barierki-krotkie-do-lozka-miyo\/#primaryimage"},"thumbnailUrl":"https:\/\/inmondo.pl\/wp-content\/uploads\/2025\/11\/6.jpg","datePublished":"2025-11-04T11:54:28+00:00","dateModified":"2026-04-15T09:19:35+00:00","description":"Die Kurzschranken sind eine unserer M\u00f6glichkeiten, Ihr Bett aus der Miyo-Kollektion einzurichten. Sie bieten wertvolle Sicherheit und Komfort beim Schlafen.","breadcrumb":{"@id":"http:\/\/inmondo.pl\/sklep\/elementy\/akcesoria\/barierki-krotkie-do-lozka-miyo\/#breadcrumb"},"inLanguage":"de","potentialAction":[{"@type":"ReadAction","target":["http:\/\/inmondo.pl\/sklep\/elementy\/akcesoria\/barierki-krotkie-do-lozka-miyo\/"]}]},{"@type":"ImageObject","inLanguage":"de","@id":"http:\/\/inmondo.pl\/sklep\/elementy\/akcesoria\/barierki-krotkie-do-lozka-miyo\/#primaryimage","url":"https:\/\/inmondo.pl\/wp-content\/uploads\/2025\/11\/6.jpg","contentUrl":"https:\/\/inmondo.pl\/wp-content\/uploads\/2025\/11\/6.jpg","width":1080,"height":1350},{"@type":"BreadcrumbList","@id":"http:\/\/inmondo.pl\/sklep\/elementy\/akcesoria\/barierki-krotkie-do-lozka-miyo\/#breadcrumb","itemListElement":[{"@type":"ListItem","position":1,"name":"Strona g\u0142\u00f3wna","item":"https:\/\/inmondo.pl\/"},{"@type":"ListItem","position":2,"name":"Oferta Inmondo: spe\u0142niamy marzenia i wymagania","item":"https:\/\/inmondo.pl\/sklep\/"},{"@type":"ListItem","position":3,"name":"kolekcje","item":"https:\/\/inmondo.pl\/de\/sklep\/kolekcje\/"},{"@type":"ListItem","position":4,"name":"Miyo","item":"http:\/\/inmondo.pl\/sklep\/kolekcje\/miyo\/"},{"@type":"ListItem","position":5,"name":"Barierki kr\u00f3tkie do \u0142\u00f3\u017cka Miyo &#8211; 100% drewno"}]},{"@type":"WebSite","@id":"https:\/\/inmondo.pl\/#website","url":"https:\/\/inmondo.pl\/","name":"Inmondo","description":"","potentialAction":[{"@type":"SearchAction","target":{"@type":"EntryPoint","urlTemplate":"https:\/\/inmondo.pl\/?s={search_term_string}"},"query-input":{"@type":"PropertyValueSpecification","valueRequired":true,"valueName":"search_term_string"}}],"inLanguage":"de"}]}},"wcpa_form_fields":null,"_links":{"self":[{"href":"https:\/\/inmondo.pl\/de\/wp-json\/wp\/v2\/product\/11319","targetHints":{"allow":["GET"]}}],"collection":[{"href":"https:\/\/inmondo.pl\/de\/wp-json\/wp\/v2\/product"}],"about":[{"href":"https:\/\/inmondo.pl\/de\/wp-json\/wp\/v2\/types\/product"}],"replies":[{"embeddable":true,"href":"https:\/\/inmondo.pl\/de\/wp-json\/wp\/v2\/comments?post=11319"}],"wp:featuredmedia":[{"embeddable":true,"href":"https:\/\/inmondo.pl\/de\/wp-json\/wp\/v2\/media\/11355"}],"wp:attachment":[{"href":"https:\/\/inmondo.pl\/de\/wp-json\/wp\/v2\/media?parent=11319"}],"wp:term":[{"taxonomy":"product_brand","embeddable":true,"href":"https:\/\/inmondo.pl\/de\/wp-json\/wp\/v2\/product_brand?post=11319"},{"taxonomy":"product_cat","embeddable":true,"href":"https:\/\/inmondo.pl\/de\/wp-json\/wp\/v2\/product_cat?post=11319"},{"taxonomy":"product_tag","embeddable":true,"href":"https:\/\/inmondo.pl\/de\/wp-json\/wp\/v2\/product_tag?post=11319"}],"curies":[{"name":"wp","href":"https:\/\/api.w.org\/{rel}","templated":true}]}}