{"id":1094,"date":"2020-06-18T12:26:43","date_gmt":"2020-06-18T10:26:43","guid":{"rendered":"http:\/\/inmondo.pl\/?post_type=product&#038;p=1094"},"modified":"2026-03-24T13:44:21","modified_gmt":"2026-03-24T12:44:21","slug":"einzelbett-90-cm-2","status":"publish","type":"product","link":"https:\/\/inmondo.pl\/de\/sklep\/elementy\/lozka\/einzelbett-90-cm-2\/","title":{"rendered":"Einzelbett 90 cm"},"content":{"rendered":"<p>Jako\u015b\u0107 bez kompromis\u00f3w, kt\u00f3ra idzie w parze z nowoczesnym i wyrafinowanym wzornictwem. \u0141\u00f3\u017cko, kt\u00f3re daje mo\u017cliwo\u015b\u0107 najlepszego wykorzystania miejsca w pokoju, bez po\u015bwi\u0119cania wygl\u0105du i smaku. Nietuzinkowe sko\u015bne nogi wykonane z drewna brzozowego zapewniaj\u0105 stabilno\u015b\u0107 konstrukcji, a to wszystko okraszone nut\u0105 skandynawskiego stylu.<\/p>\n<p>Naturalne pi\u0119kno drewna brzozowego drewna idealnie komponuje si\u0119 z malowanymi elementami. \u0141\u00f3\u017cko mo\u017ce by\u0107 wyposa\u017cone w szuflad\u0119, kt\u00f3ra zapewni dodatkow\u0105 przestrze\u0144 do przechowywania. Do szuflady mo\u017cna te\u017c w\u0142o\u017cy\u0107 materac i uzyska\u0107 pe\u0142nowymiarowe, okazjonalne miejsce do spania.<\/p>\n<p>&nbsp;<\/p>\n<p>&nbsp;<\/p>","protected":false},"excerpt":{"rendered":"<p>Qualit\u00e4t ohne Kompromisse, die mit einem modernen und anspruchsvollen Design einhergeht. Ein Bett, das Ihnen die M\u00f6glichkeit bietet, den Raum optimal zu nutzen, ohne auf Aussehen und Geschmack zu verzichten. Au\u00dfergew\u00f6hnliche schr\u00e4ge Beine aus Birkenholz sorgen f\u00fcr die Stabilit\u00e4t der Struktur, alles mit einem Hauch skandinavischen Stils. Die nat\u00fcrliche Sch\u00f6nheit des Birkenholzes passt perfekt zu den lackierten Elementen.<\/p>\n<p>&nbsp;<\/p>\n<p>Das Bett kann montiert werden <a href=\"http:\/\/inmondo.pl\/de\/sklep\/kolekcje\/schublade\/\"><u>Schublade<\/u><\/a>was zus\u00e4tzlichen Stauraum bietet. Sie k\u00f6nnen auch eine Matratze in die Schublade legen, um einen gelegentlichen Schlafplatz in voller Gr\u00f6\u00dfe zu erhalten.<\/p>\n<p>&nbsp;<\/p>\n<p>Auf unserer Website finden Sie auch speziell f\u00fcr dieses Bett entworfene Vorh\u00e4nge \ud83d\ude42\u00a0<a href=\"https:\/\/inmondo.pl\/de\/sklep\/elementy\/matratzenrestaurierung\/\">RESTO 90<\/a>\u00a0oder\u00a0<a href=\"https:\/\/inmondo.pl\/de\/sklep\/elementy\/matratze-resto-duo-90\/\">RESTO DUO 90<\/a>.<\/p>\n<p>&nbsp;<\/p>\n<p>&nbsp;<\/p>","protected":false},"featured_media":1098,"comment_status":"open","ping_status":"closed","template":"","meta":{"_acf_changed":false},"product_brand":[],"product_cat":[20,17,21,99,19,202],"product_tag":[],"class_list":{"0":"post-1094","1":"product","2":"type-product","3":"status-publish","4":"has-post-thumbnail","6":"product_cat-elementy","7":"product_cat-kolekcje","8":"product_cat-lozka","9":"product_cat-meble-dostepne","10":"product_cat-minimondo","11":"product_cat-wyprzedaz","12":"wcpa_has_options","14":"first","15":"onbackorder","16":"taxable","17":"shipping-taxable","18":"purchasable","19":"product-type-variable","20":"has-default-attributes"},"acf":{"wymiary":"Szeroko\u015b\u0107: 207 cm<br \/>\r\nWysoko\u015b\u0107: 88,5 cm<br \/>\r\nG\u0142\u0119boko\u015b\u0107: 97 cm","materialy":"drewno brzozowe, p\u0142yta MDF, lakier wodny i&nbsp;wodny UV","sections_woocommerce":[{"acf_fc_layout":"section_menu","is_active":true,"repeater":[{"text":"Opis","link":"#opis"},{"text":"Lookbook","link":"#lookbook"},{"text":"Opinie","link":"#opinie"},{"text":"Inne produkty","link":"#inneprodukty"}]},{"acf_fc_layout":"section_woocommerce_text_image","is_active":true,"anchor":"opis","text_align":"textAlign--left","grid_width":"main","wysiwyg":"<h2>Minimondo nieograniczone mo\u017cliwo\u015bci.<\/h2>\n<p>Szeroki wyb\u00f3r element\u00f3w z\u00a0kolekcji Minimondo pozwoli zaaran\u017cowa\u0107 ka\u017cd\u0105 przestrze\u0144 zgodnie z\u00a0Twoimi potrzebami i\u00a0upodobaniami. Zapomnij o\u00a0problemach z\u00a0brakiem miejsca na\u00a0przechowywanie Twoich skarb\u00f3w. Ksi\u0105\u017cki, ubrania zabawki &#8211; od teraz na\u00a0wszystko znajdziesz swoje miejsce. Je\u015bli w\u00a0pokoju brakuje Ci miejsca meble mo\u017cesz postawi\u0107 pod\u00a0\u0142\u00f3\u017ckiem uzyskuj\u0105c przestrze\u0144 do\u00a0przechowywania bez po\u015bwi\u0119cania miejsca w\u00a0pokoju.<\/p>\n","image":"https:\/\/inmondo.pl\/wp-content\/uploads\/2020\/07\/2019_04_INMONDO_POK\u00d3J_CH\u0141OPC\u00d3W_1-11983-1920.jpg"},{"acf_fc_layout":"section_woocommerce_text_image","is_active":true,"anchor":"","text_align":"textAlign--right","grid_width":"main","wysiwyg":"<h2>Stworzone z\u00a0dba\u0142o\u015bci\u0105 o\u00a0szczeg\u00f3\u0142y\u2026<\/h2>\n<p>Tworz\u0105c nasze meble my\u015blimy nie tylko o\u00a0funkcjonalno\u015bci, ale\u00a0tak\u017ce o\u00a0bezpiecze\u0144stwie i\u00a0komforcie Twojego dziecka. Dlatego\u00a0wszystkie nasze meble s\u0105 lakierowane ekologicznymi farbami wodnymi. Zawiasy i\u00a0prowadnice posiadaj\u0105 system cichego domyku.<\/p>\n<p>Drewno z\u00a0kt\u00f3rego s\u0105 wykonane nasze meble pochodzi z\u00a0certyfikowanych, dobrze zarz\u0105dzanych las\u00f3w.<\/p>\n","image":"https:\/\/inmondo.pl\/wp-content\/uploads\/2020\/07\/2019_04_INMONDO_POK\u00d3J_DZIEWCZYNKI_1-114031920.jpg"},{"acf_fc_layout":"section_woocommerce_lookbook","is_active":true,"anchor":"lookbook","header":"<h2 style=\"text-align: center;\">Zobacz galeri\u0119 Minimondo:<\/h2>\n<p style=\"text-align: center;\">Minimalistyczny lookbook prosto od naszych projektant\u00f3w. Ogl\u0105daj, inspiruj si\u0119, a\u00a0je\u015bli masz pomys\u0142y lub\u00a0pytania \u2014 od razu dzwo\u0144!<\/p>\n","repeater":[{"shortcode":"[woocommerce_lookbook id=\"340\"]"},{"shortcode":"[woocommerce_lookbook id=\"1242\"]"},{"shortcode":"[woocommerce_lookbook id=\"1571\"]"}]},{"acf_fc_layout":"section_woocommerce_opinions","is_active":true,"anchor":"opinie"},{"acf_fc_layout":"section_woocommerce_otherFromCategory","is_active":true,"anchor":"inneprodukty"}],"czas_realizacji":""},"yoast_head":"<!-- This site is optimized with the Yoast SEO plugin v27.3 - https:\/\/yoast.com\/product\/yoast-seo-wordpress\/ -->\n<title>\u0141\u00f3\u017cko pojedyncze 90 cm - Inmondo<\/title>\n<meta name=\"robots\" content=\"index, follow, max-snippet:-1, max-image-preview:large, max-video-preview:-1\" \/>\n<link rel=\"canonical\" href=\"https:\/\/inmondo.pl\/de\/sklep\/elementy\/lozka\/einzelbett-90-cm-2\/\" \/>\n<meta property=\"og:locale\" content=\"de_DE\" \/>\n<meta property=\"og:type\" content=\"article\" \/>\n<meta property=\"og:title\" content=\"\u0141\u00f3\u017cko pojedyncze 90 cm - Inmondo\" \/>\n<meta property=\"og:description\" content=\"Jako\u015b\u0107 bez kompromis\u00f3w, kt\u00f3ra idzie w parze z nowoczesnym i wyrafinowanym wzornictwem. \u0141\u00f3\u017cko, kt\u00f3re daje mo\u017cliwo\u015b\u0107 najlepszego wykorzystania miejsca w pokoju, bez po\u015bwi\u0119cania wygl\u0105du i smaku. Nietuzinkowe sko\u015bne nogi wykonane z drewna brzozowego zapewniaj\u0105 stabilno\u015b\u0107 konstrukcji, a to wszystko okraszone nut\u0105 skandynawskiego stylu. Naturalne pi\u0119kno drewna brzozowego drewna idealnie komponuje si\u0119 z malowanymi elementami.  &nbsp;  \u0141\u00f3\u017cko mo\u017ce by\u0107 wyposa\u017cone szuflad\u0119, kt\u00f3ra zapewni dodatkow\u0105 przestrze\u0144 do przechowywania. Do szuflady mo\u017cna te\u017c w\u0142o\u017cy\u0107 materac i uzyska\u0107 pe\u0142nowymiarowe, okazjonalne miejsce do spania.  &nbsp;  Wybierz dla swoich dzieci r\u00f3wnie\u017c jeden z dw\u00f3ch pasuj\u0105cych do niego modeli materacy\u00a0RESTO 90\u00a0lub\u00a0RESTO DUO 90.  &nbsp;  &nbsp;\" \/>\n<meta property=\"og:url\" content=\"https:\/\/inmondo.pl\/de\/sklep\/elementy\/lozka\/einzelbett-90-cm-2\/\" \/>\n<meta property=\"og:site_name\" content=\"Inmondo\" \/>\n<meta property=\"article:modified_time\" content=\"2026-03-24T12:44:21+00:00\" \/>\n<meta property=\"og:image\" content=\"https:\/\/inmondo.pl\/wp-content\/uploads\/2020\/06\/2019_09_INMONDO_PACKSHOTY-19800_small.jpg\" \/>\n\t<meta property=\"og:image:width\" content=\"960\" \/>\n\t<meta property=\"og:image:height\" content=\"960\" \/>\n\t<meta property=\"og:image:type\" content=\"image\/jpeg\" \/>\n<meta name=\"twitter:card\" content=\"summary_large_image\" \/>\n<meta name=\"twitter:label1\" content=\"Gesch\u00e4tzte Lesezeit\" \/>\n\t<meta name=\"twitter:data1\" content=\"3\u00a0Minuten\" \/>\n<script type=\"application\/ld+json\" class=\"yoast-schema-graph\">{\"@context\":\"https:\\\/\\\/schema.org\",\"@graph\":[{\"@type\":\"WebPage\",\"@id\":\"https:\\\/\\\/inmondo.pl\\\/en\\\/sklep\\\/elementy\\\/lozka\\\/lozko-pojedyncze-90-cm-2\\\/\",\"url\":\"https:\\\/\\\/inmondo.pl\\\/en\\\/sklep\\\/elementy\\\/lozka\\\/lozko-pojedyncze-90-cm-2\\\/\",\"name\":\"\u0141\u00f3\u017cko pojedyncze 90 cm - Inmondo\",\"isPartOf\":{\"@id\":\"https:\\\/\\\/inmondo.pl\\\/#website\"},\"primaryImageOfPage\":{\"@id\":\"https:\\\/\\\/inmondo.pl\\\/en\\\/sklep\\\/elementy\\\/lozka\\\/lozko-pojedyncze-90-cm-2\\\/#primaryimage\"},\"image\":{\"@id\":\"https:\\\/\\\/inmondo.pl\\\/en\\\/sklep\\\/elementy\\\/lozka\\\/lozko-pojedyncze-90-cm-2\\\/#primaryimage\"},\"thumbnailUrl\":\"https:\\\/\\\/inmondo.pl\\\/wp-content\\\/uploads\\\/2020\\\/06\\\/2019_09_INMONDO_PACKSHOTY-19800_small.jpg\",\"datePublished\":\"2020-06-18T10:26:43+00:00\",\"dateModified\":\"2026-03-24T12:44:21+00:00\",\"breadcrumb\":{\"@id\":\"https:\\\/\\\/inmondo.pl\\\/en\\\/sklep\\\/elementy\\\/lozka\\\/lozko-pojedyncze-90-cm-2\\\/#breadcrumb\"},\"inLanguage\":\"de\",\"potentialAction\":[{\"@type\":\"ReadAction\",\"target\":[\"https:\\\/\\\/inmondo.pl\\\/en\\\/sklep\\\/elementy\\\/lozka\\\/lozko-pojedyncze-90-cm-2\\\/\"]}]},{\"@type\":\"ImageObject\",\"inLanguage\":\"de\",\"@id\":\"https:\\\/\\\/inmondo.pl\\\/en\\\/sklep\\\/elementy\\\/lozka\\\/lozko-pojedyncze-90-cm-2\\\/#primaryimage\",\"url\":\"https:\\\/\\\/inmondo.pl\\\/wp-content\\\/uploads\\\/2020\\\/06\\\/2019_09_INMONDO_PACKSHOTY-19800_small.jpg\",\"contentUrl\":\"https:\\\/\\\/inmondo.pl\\\/wp-content\\\/uploads\\\/2020\\\/06\\\/2019_09_INMONDO_PACKSHOTY-19800_small.jpg\",\"width\":960,\"height\":960},{\"@type\":\"BreadcrumbList\",\"@id\":\"https:\\\/\\\/inmondo.pl\\\/en\\\/sklep\\\/elementy\\\/lozka\\\/lozko-pojedyncze-90-cm-2\\\/#breadcrumb\",\"itemListElement\":[{\"@type\":\"ListItem\",\"position\":1,\"name\":\"Strona g\u0142\u00f3wna\",\"item\":\"https:\\\/\\\/inmondo.pl\\\/\"},{\"@type\":\"ListItem\",\"position\":2,\"name\":\"Oferta Inmondo: spe\u0142niamy marzenia i wymagania\",\"item\":\"https:\\\/\\\/inmondo.pl\\\/sklep\\\/\"},{\"@type\":\"ListItem\",\"position\":3,\"name\":\"kolekcje\",\"item\":\"https:\\\/\\\/inmondo.pl\\\/de\\\/sklep\\\/kolekcje\\\/\"},{\"@type\":\"ListItem\",\"position\":4,\"name\":\"\u0141\u00f3\u017cko pojedyncze 90 cm\"}]},{\"@type\":\"WebSite\",\"@id\":\"https:\\\/\\\/inmondo.pl\\\/#website\",\"url\":\"https:\\\/\\\/inmondo.pl\\\/\",\"name\":\"Inmondo\",\"description\":\"\",\"potentialAction\":[{\"@type\":\"SearchAction\",\"target\":{\"@type\":\"EntryPoint\",\"urlTemplate\":\"https:\\\/\\\/inmondo.pl\\\/?s={search_term_string}\"},\"query-input\":{\"@type\":\"PropertyValueSpecification\",\"valueRequired\":true,\"valueName\":\"search_term_string\"}}],\"inLanguage\":\"de\"}]}<\/script>\n<!-- \/ Yoast SEO plugin. -->","yoast_head_json":{"title":"Einzelbett 90 cm - Inmondo","robots":{"index":"index","follow":"follow","max-snippet":"max-snippet:-1","max-image-preview":"max-image-preview:large","max-video-preview":"max-video-preview:-1"},"canonical":"https:\/\/inmondo.pl\/de\/sklep\/elementy\/lozka\/einzelbett-90-cm-2\/","og_locale":"de_DE","og_type":"article","og_title":"\u0141\u00f3\u017cko pojedyncze 90 cm - Inmondo","og_description":"Jako\u015b\u0107 bez kompromis\u00f3w, kt\u00f3ra idzie w parze z nowoczesnym i wyrafinowanym wzornictwem. \u0141\u00f3\u017cko, kt\u00f3re daje mo\u017cliwo\u015b\u0107 najlepszego wykorzystania miejsca w pokoju, bez po\u015bwi\u0119cania wygl\u0105du i smaku. Nietuzinkowe sko\u015bne nogi wykonane z drewna brzozowego zapewniaj\u0105 stabilno\u015b\u0107 konstrukcji, a to wszystko okraszone nut\u0105 skandynawskiego stylu. Naturalne pi\u0119kno drewna brzozowego drewna idealnie komponuje si\u0119 z malowanymi elementami.  &nbsp;  \u0141\u00f3\u017cko mo\u017ce by\u0107 wyposa\u017cone szuflad\u0119, kt\u00f3ra zapewni dodatkow\u0105 przestrze\u0144 do przechowywania. Do szuflady mo\u017cna te\u017c w\u0142o\u017cy\u0107 materac i uzyska\u0107 pe\u0142nowymiarowe, okazjonalne miejsce do spania.  &nbsp;  Wybierz dla swoich dzieci r\u00f3wnie\u017c jeden z dw\u00f3ch pasuj\u0105cych do niego modeli materacy\u00a0RESTO 90\u00a0lub\u00a0RESTO DUO 90.  &nbsp;  &nbsp;","og_url":"https:\/\/inmondo.pl\/de\/sklep\/elementy\/lozka\/einzelbett-90-cm-2\/","og_site_name":"Inmondo","article_modified_time":"2026-03-24T12:44:21+00:00","og_image":[{"width":960,"height":960,"url":"https:\/\/inmondo.pl\/wp-content\/uploads\/2020\/06\/2019_09_INMONDO_PACKSHOTY-19800_small.jpg","type":"image\/jpeg"}],"twitter_card":"summary_large_image","twitter_misc":{"Gesch\u00e4tzte Lesezeit":"3\u00a0Minuten"},"schema":{"@context":"https:\/\/schema.org","@graph":[{"@type":"WebPage","@id":"https:\/\/inmondo.pl\/en\/sklep\/elementy\/lozka\/lozko-pojedyncze-90-cm-2\/","url":"https:\/\/inmondo.pl\/en\/sklep\/elementy\/lozka\/lozko-pojedyncze-90-cm-2\/","name":"Einzelbett 90 cm - Inmondo","isPartOf":{"@id":"https:\/\/inmondo.pl\/#website"},"primaryImageOfPage":{"@id":"https:\/\/inmondo.pl\/en\/sklep\/elementy\/lozka\/lozko-pojedyncze-90-cm-2\/#primaryimage"},"image":{"@id":"https:\/\/inmondo.pl\/en\/sklep\/elementy\/lozka\/lozko-pojedyncze-90-cm-2\/#primaryimage"},"thumbnailUrl":"https:\/\/inmondo.pl\/wp-content\/uploads\/2020\/06\/2019_09_INMONDO_PACKSHOTY-19800_small.jpg","datePublished":"2020-06-18T10:26:43+00:00","dateModified":"2026-03-24T12:44:21+00:00","breadcrumb":{"@id":"https:\/\/inmondo.pl\/en\/sklep\/elementy\/lozka\/lozko-pojedyncze-90-cm-2\/#breadcrumb"},"inLanguage":"de","potentialAction":[{"@type":"ReadAction","target":["https:\/\/inmondo.pl\/en\/sklep\/elementy\/lozka\/lozko-pojedyncze-90-cm-2\/"]}]},{"@type":"ImageObject","inLanguage":"de","@id":"https:\/\/inmondo.pl\/en\/sklep\/elementy\/lozka\/lozko-pojedyncze-90-cm-2\/#primaryimage","url":"https:\/\/inmondo.pl\/wp-content\/uploads\/2020\/06\/2019_09_INMONDO_PACKSHOTY-19800_small.jpg","contentUrl":"https:\/\/inmondo.pl\/wp-content\/uploads\/2020\/06\/2019_09_INMONDO_PACKSHOTY-19800_small.jpg","width":960,"height":960},{"@type":"BreadcrumbList","@id":"https:\/\/inmondo.pl\/en\/sklep\/elementy\/lozka\/lozko-pojedyncze-90-cm-2\/#breadcrumb","itemListElement":[{"@type":"ListItem","position":1,"name":"Strona g\u0142\u00f3wna","item":"https:\/\/inmondo.pl\/"},{"@type":"ListItem","position":2,"name":"Oferta Inmondo: spe\u0142niamy marzenia i wymagania","item":"https:\/\/inmondo.pl\/sklep\/"},{"@type":"ListItem","position":3,"name":"kolekcje","item":"https:\/\/inmondo.pl\/de\/sklep\/kolekcje\/"},{"@type":"ListItem","position":4,"name":"\u0141\u00f3\u017cko pojedyncze 90 cm"}]},{"@type":"WebSite","@id":"https:\/\/inmondo.pl\/#website","url":"https:\/\/inmondo.pl\/","name":"Inmondo","description":"","potentialAction":[{"@type":"SearchAction","target":{"@type":"EntryPoint","urlTemplate":"https:\/\/inmondo.pl\/?s={search_term_string}"},"query-input":{"@type":"PropertyValueSpecification","valueRequired":true,"valueName":"search_term_string"}}],"inLanguage":"de"}]}},"wcpa_form_fields":{"wcpaData":{"product":{"product_price":1790,"price_html":"<span class=\"woocommerce-Price-amount amount\">1 790&nbsp;<span class=\"woocommerce-Price-currencySymbol\">&#122;&#322;<\/span><\/span>","original_product_price":1790,"price_including_tax":1790,"price_excluding_tax":1455.284553,"product_id":{"parent":1094,"variation":false},"is_variable":true,"stock_status":"onbackorder","stock_quantity":0,"parent_sku":"1094","product_attributes":{"pa_kolor":{"is_variation":true,"values":[]}},"custom_fields":[],"is_taxable":true},"fields":{"sec_1696f5bcc68730":{"extra":{"key":"sec_1696f5bcc68730","section_id":"sec_1696f5bcc68730","name":"Default","status":1,"cl_rule":"show","enableCl":false,"relations":[],"toggle":true,"title_tag":"h3","show_title":false,"showPrice":"default","form_id":11985,"form_rules":{"exclude_from_discount":false,"fee_label":"Fee","disp_hide_options_price":false,"disp_show_section_price":false,"disp_show_field_price":false,"layout_option":"standard","pric_use_as_fee":false,"process_fee_as":"woo_fee"},"layout_option":"standard"},"fields":[[{"label":"Szuflada","active":true,"required":true,"elementId":"select_4696f5bcc6875a","dropdown_type":"basic","placeholder":"Wybierz","name":"select_4696f5bcc6875a","label_position":"default","desc_position":"default","enablePrice":true,"className":"","enableCl":false,"relations":[{"operator":"and","rules":[{"operator":"and","rules":{"cl_field":"user_roles","cl_relation":"is_not","cl_val":"partnerzy-polska-20"}},{"operator":"and","rules":{"cl_field":"user_roles","cl_relation":"is_not","cl_val":"partnerzy25"}},{"operator":"and","rules":{"cl_field":"user_roles","cl_relation":"is_not","cl_val":"partnerzy-polska-30"}},{"operator":"and","rules":{"cl_field":"user_roles","cl_relation":"is_not","cl_val":"partnerzy_zagranica_20"}},{"operator":"and","rules":{"cl_field":"user_roles","cl_relation":"is_not","cl_val":"partnerzy_zagranica_30"}},{"operator":"AND","rules":{"cl_field":"user_roles","cl_relation":"is_not","cl_val":"partnerzy_zagranica_25"}}]}],"values":[{"label":"bez szuflady","value":"bez szuflady","selected":false,"tempId":"aco_877","gt_translate_keys":["label"]},{"label":"z funkcj\u0105 przechowywania","value":"z funkcj\u0105 przechowywania","selected":false,"tempId":"aco_878","price":"690","gt_translate_keys":["label"]}],"priceOptions":"different_for_all","pricingType":"fixed","price":"","use_as_fee":false,"cl_rule":"show","col":2,"type":"select","error":false,"requiredError":"Materac jest polem wymaganym","gt_translate_keys":["label","placeholder","requiredError"],"price_dependency":false,"cl_dependency":false,"value":""}]]}},"config":{"price_override":"","enable_recaptcha":false,"bind_quantity":false,"quantity_bind_formula":"","disp_summ_show_option_price":true,"disp_summ_show_product_price":true,"disp_summ_show_total_price":true,"disp_summ_show_fee":false,"disp_summ_show_discount":false,"summary_title":"","options_total_label":"Cena wariant\u00f3w","total_label":"\u0141\u0105cznie","options_product_label":"Cena produktu","fee_label":"Fee","discount_label":"Obni\u017cka","has_price":true,"has_quantity_formula":false},"mc_unit":1,"tax_rate":1,"tax_rate_real":0.23,"discount":{"percentage":0,"fixed":0},"design":{"conf":{"LabelPosition":"above","DescPosition":"above","UploadField":"custom_1","QuantityFieldStyle":"default"},"css":{"LeftLabelWidth":"120px"}},"formulas":[],"clones":false,"cartKey":false}},"_links":{"self":[{"href":"https:\/\/inmondo.pl\/de\/wp-json\/wp\/v2\/product\/1094","targetHints":{"allow":["GET"]}}],"collection":[{"href":"https:\/\/inmondo.pl\/de\/wp-json\/wp\/v2\/product"}],"about":[{"href":"https:\/\/inmondo.pl\/de\/wp-json\/wp\/v2\/types\/product"}],"replies":[{"embeddable":true,"href":"https:\/\/inmondo.pl\/de\/wp-json\/wp\/v2\/comments?post=1094"}],"wp:featuredmedia":[{"embeddable":true,"href":"https:\/\/inmondo.pl\/de\/wp-json\/wp\/v2\/media\/1098"}],"wp:attachment":[{"href":"https:\/\/inmondo.pl\/de\/wp-json\/wp\/v2\/media?parent=1094"}],"wp:term":[{"taxonomy":"product_brand","embeddable":true,"href":"https:\/\/inmondo.pl\/de\/wp-json\/wp\/v2\/product_brand?post=1094"},{"taxonomy":"product_cat","embeddable":true,"href":"https:\/\/inmondo.pl\/de\/wp-json\/wp\/v2\/product_cat?post=1094"},{"taxonomy":"product_tag","embeddable":true,"href":"https:\/\/inmondo.pl\/de\/wp-json\/wp\/v2\/product_tag?post=1094"}],"curies":[{"name":"wp","href":"https:\/\/api.w.org\/{rel}","templated":true}]}}