{"id":1087,"date":"2020-02-18T12:14:55","date_gmt":"2020-02-18T11:14:55","guid":{"rendered":"http:\/\/inmondo.pl\/?post_type=product&#038;p=1087"},"modified":"2026-03-24T10:23:56","modified_gmt":"2026-03-24T09:23:56","slug":"schublade","status":"publish","type":"product","link":"https:\/\/inmondo.pl\/de\/sklep\/elementy\/akcesoria\/schublade\/","title":{"rendered":"Schublade unter dem Bett"},"content":{"rendered":"<p>Eine geniale L\u00f6sung f\u00fcr kleine R\u00e4ume. Die perfekte Erg\u00e4nzung zu einem Einzel- oder Etagenbett aus der Minimondo-Kollektion.<\/p>\n<p>Eine Schublade auf R\u00e4dern verwandelt den Raum unter dem Bett in einen Aufbewahrungsort f\u00fcr Dinge wie Steppdecken, Decken, Kissen oder saisonale Kleidung.<\/p>","protected":false},"excerpt":{"rendered":"<p>Eine geniale L\u00f6sung f\u00fcr kleine R\u00e4ume. Die perfekte Erg\u00e4nzung zu einem Einzel- oder Etagenbett aus der Minimondo-Kollektion.<\/p>\n<p>Eine Schublade auf R\u00e4dern verwandelt den Raum unter dem Bett in einen Aufbewahrungsort f\u00fcr Dinge wie Steppdecken, Decken, Kissen oder saisonale Kleidung.<\/p>","protected":false},"featured_media":12054,"comment_status":"open","ping_status":"closed","template":"","meta":{"_acf_changed":true},"product_brand":[],"product_cat":[32,20,17,99,19],"product_tag":[],"class_list":{"0":"post-1087","1":"product","2":"type-product","3":"status-publish","4":"has-post-thumbnail","6":"product_cat-akcesoria","7":"product_cat-elementy","8":"product_cat-kolekcje","9":"product_cat-meble-dostepne","10":"product_cat-minimondo","12":"first","13":"onbackorder","14":"taxable","15":"shipping-taxable","16":"purchasable","17":"product-type-variable","18":"has-default-attributes"},"acf":{"wymiary":"Szeroko\u015b\u0107: 196 cm<br \/>\r\nWysoko\u015b\u0107: 23 cm<br \/>\r\nG\u0142\u0119boko\u015b\u0107: 79 cm","materialy":"drewno brzozowe, p\u0142yta MDF, lakier wodny i&nbsp;wodny UV","sections_woocommerce":[{"acf_fc_layout":"section_menu","is_active":true,"repeater":[{"text":"Opis","link":"#opis"},{"text":"Lookbook","link":"#lookbook"},{"text":"Opinie","link":"#opinie"},{"text":"Inne produkty","link":"#inneprodukty"}]},{"acf_fc_layout":"section_woocommerce_text_image","is_active":true,"anchor":"opis","text_align":"textAlign--left","grid_width":"main","wysiwyg":"<h2>Minimondo nieograniczone mo\u017cliwo\u015bci.<\/h2>\n<p>Szeroki wyb\u00f3r element\u00f3w z kolekcji Minimondo pozwoli zaaran\u017cowa\u0107 ka\u017cd\u0105 przestrze\u0144 zgodnie z Twoimi potrzebami i upodobaniami. Zapomnij o problemach z brakiem miejsca na przechowywanie Twoich skarb\u00f3w. Ksi\u0105\u017cki, ubrania zabawki &#8211; od teraz na wszystko znajdziesz swoje miejsce. Je\u015bli w pokoju brakuje Ci miejsca meble mo\u017cesz postawi\u0107 pod \u0142\u00f3\u017ckiem uzyskuj\u0105c przestrze\u0144 do przechowywania bez po\u015bwi\u0119cania miejsca w pokoju.<\/p>\n","image":"https:\/\/inmondo.pl\/wp-content\/uploads\/2020\/07\/2019_04_INMONDO_POK\u00d3J_CH\u0141OPC\u00d3W_1-11996-1920.jpg"},{"acf_fc_layout":"section_woocommerce_text_image","is_active":false,"anchor":"","text_align":"textAlign--right","grid_width":"main","wysiwyg":"<h2>Stworzone z\u00a0dba\u0142o\u015bci\u0105 o\u00a0szczeg\u00f3\u0142y\u2026<\/h2>\n<p><span style=\"font-size: 16px;\">Tworz\u0105c nasze meble my\u015blimy nie tylko o\u00a0funkcjonalno\u015bci, ale\u00a0tak\u017ce o\u00a0bezpiecze\u0144stwie i\u00a0komforcie Twojego dziecka. Dlatego\u00a0wszystkie nasze meble s\u0105 lakierowane ekologicznymi farbami wodnymi. Zawiasy i\u00a0prowadnice posiadaj\u0105 system cichego domyku. <\/span><\/p>\n","image":false},{"acf_fc_layout":"section_woocommerce_lookbook","is_active":true,"anchor":"lookbook","header":"<h2 style=\"text-align: center;\">Zobacz galeri\u0119 Minimondo:<\/h2>\n<p style=\"text-align: center;\">Minimalistyczny lookbook prosto od naszych projektant\u00f3w. Ogl\u0105daj, inspiruj si\u0119, a\u00a0je\u015bli masz pomys\u0142y lub\u00a0pytania \u2014 od razu dzwo\u0144!<\/p>\n","repeater":[{"shortcode":"[woocommerce_lookbook id=\"1565\"]"},{"shortcode":"[woocommerce_lookbook id=\"1282\"]"},{"shortcode":"[woocommerce_lookbook id=\"1283\"]"}]},{"acf_fc_layout":"section_woocommerce_opinions","is_active":true,"anchor":"opinie"},{"acf_fc_layout":"section_woocommerce_otherFromCategory","is_active":true,"anchor":"inneprodukty"}],"czas_realizacji":""},"yoast_head":"<!-- This site is optimized with the Yoast SEO plugin v27.3 - https:\/\/yoast.com\/product\/yoast-seo-wordpress\/ -->\n<title>Szuflada pod \u0142\u00f3\u017cko - Inmondo<\/title>\n<meta name=\"robots\" content=\"index, follow, max-snippet:-1, max-image-preview:large, max-video-preview:-1\" \/>\n<link rel=\"canonical\" href=\"http:\/\/inmondo.pl\/de\/sklep\/elementy\/akcesoria\/schublade\/\" \/>\n<meta property=\"og:locale\" content=\"de_DE\" \/>\n<meta property=\"og:type\" content=\"article\" \/>\n<meta property=\"og:title\" content=\"Szuflada pod \u0142\u00f3\u017cko - Inmondo\" \/>\n<meta property=\"og:description\" content=\"Pomys\u0142owe rozwi\u0105zanie dla ma\u0142ych powierzchni. Idealne uzupe\u0142nienie \u0142\u00f3\u017cka pojedynczego lub pi\u0119trowego z kolekcji Minimondo.  Szuflada na k\u00f3\u0142kach zamieni przestrze\u0144 pod \u0142\u00f3\u017ckiem w miejsce do przechowywania takich rzeczy jak ko\u0142dry, kocyki, poduszki lub odzie\u017c sezonowa.\" \/>\n<meta property=\"og:url\" content=\"http:\/\/inmondo.pl\/de\/sklep\/elementy\/akcesoria\/schublade\/\" \/>\n<meta property=\"og:site_name\" content=\"Inmondo\" \/>\n<meta property=\"article:modified_time\" content=\"2026-03-24T09:23:56+00:00\" \/>\n<meta property=\"og:image\" content=\"http:\/\/inmondo.pl\/wp-content\/uploads\/2020\/02\/2019_09_INMONDO_PACKSHOTY-19837_biale.jpg\" \/>\n\t<meta property=\"og:image:width\" content=\"1100\" \/>\n\t<meta property=\"og:image:height\" content=\"1100\" \/>\n\t<meta property=\"og:image:type\" content=\"image\/jpeg\" \/>\n<meta name=\"twitter:card\" content=\"summary_large_image\" \/>\n<meta name=\"twitter:label1\" content=\"Gesch\u00e4tzte Lesezeit\" \/>\n\t<meta name=\"twitter:data1\" content=\"2\u00a0Minuten\" \/>\n<script type=\"application\/ld+json\" class=\"yoast-schema-graph\">{\"@context\":\"https:\\\/\\\/schema.org\",\"@graph\":[{\"@type\":\"WebPage\",\"@id\":\"http:\\\/\\\/inmondo.pl\\\/sklep\\\/elementy\\\/akcesoria\\\/szuflada\\\/\",\"url\":\"http:\\\/\\\/inmondo.pl\\\/sklep\\\/elementy\\\/akcesoria\\\/szuflada\\\/\",\"name\":\"Szuflada pod \u0142\u00f3\u017cko - Inmondo\",\"isPartOf\":{\"@id\":\"https:\\\/\\\/inmondo.pl\\\/#website\"},\"primaryImageOfPage\":{\"@id\":\"http:\\\/\\\/inmondo.pl\\\/sklep\\\/elementy\\\/akcesoria\\\/szuflada\\\/#primaryimage\"},\"image\":{\"@id\":\"http:\\\/\\\/inmondo.pl\\\/sklep\\\/elementy\\\/akcesoria\\\/szuflada\\\/#primaryimage\"},\"thumbnailUrl\":\"https:\\\/\\\/inmondo.pl\\\/wp-content\\\/uploads\\\/2020\\\/02\\\/2019_09_INMONDO_PACKSHOTY-19837_biale.jpg\",\"datePublished\":\"2020-02-18T11:14:55+00:00\",\"dateModified\":\"2026-03-24T09:23:56+00:00\",\"breadcrumb\":{\"@id\":\"http:\\\/\\\/inmondo.pl\\\/sklep\\\/elementy\\\/akcesoria\\\/szuflada\\\/#breadcrumb\"},\"inLanguage\":\"de\",\"potentialAction\":[{\"@type\":\"ReadAction\",\"target\":[\"http:\\\/\\\/inmondo.pl\\\/sklep\\\/elementy\\\/akcesoria\\\/szuflada\\\/\"]}]},{\"@type\":\"ImageObject\",\"inLanguage\":\"de\",\"@id\":\"http:\\\/\\\/inmondo.pl\\\/sklep\\\/elementy\\\/akcesoria\\\/szuflada\\\/#primaryimage\",\"url\":\"https:\\\/\\\/inmondo.pl\\\/wp-content\\\/uploads\\\/2020\\\/02\\\/2019_09_INMONDO_PACKSHOTY-19837_biale.jpg\",\"contentUrl\":\"https:\\\/\\\/inmondo.pl\\\/wp-content\\\/uploads\\\/2020\\\/02\\\/2019_09_INMONDO_PACKSHOTY-19837_biale.jpg\",\"width\":1100,\"height\":1100},{\"@type\":\"BreadcrumbList\",\"@id\":\"http:\\\/\\\/inmondo.pl\\\/sklep\\\/elementy\\\/akcesoria\\\/szuflada\\\/#breadcrumb\",\"itemListElement\":[{\"@type\":\"ListItem\",\"position\":1,\"name\":\"Strona g\u0142\u00f3wna\",\"item\":\"https:\\\/\\\/inmondo.pl\\\/\"},{\"@type\":\"ListItem\",\"position\":2,\"name\":\"Oferta Inmondo: spe\u0142niamy marzenia i wymagania\",\"item\":\"https:\\\/\\\/inmondo.pl\\\/sklep\\\/\"},{\"@type\":\"ListItem\",\"position\":3,\"name\":\"kolekcje\",\"item\":\"https:\\\/\\\/inmondo.pl\\\/de\\\/sklep\\\/kolekcje\\\/\"},{\"@type\":\"ListItem\",\"position\":4,\"name\":\"Szuflada pod \u0142\u00f3\u017cko\"}]},{\"@type\":\"WebSite\",\"@id\":\"https:\\\/\\\/inmondo.pl\\\/#website\",\"url\":\"https:\\\/\\\/inmondo.pl\\\/\",\"name\":\"Inmondo\",\"description\":\"\",\"potentialAction\":[{\"@type\":\"SearchAction\",\"target\":{\"@type\":\"EntryPoint\",\"urlTemplate\":\"https:\\\/\\\/inmondo.pl\\\/?s={search_term_string}\"},\"query-input\":{\"@type\":\"PropertyValueSpecification\",\"valueRequired\":true,\"valueName\":\"search_term_string\"}}],\"inLanguage\":\"de\"}]}<\/script>\n<!-- \/ Yoast SEO plugin. -->","yoast_head_json":{"title":"Nachttischschublade - Inmondo","robots":{"index":"index","follow":"follow","max-snippet":"max-snippet:-1","max-image-preview":"max-image-preview:large","max-video-preview":"max-video-preview:-1"},"canonical":"http:\/\/inmondo.pl\/de\/sklep\/elementy\/akcesoria\/schublade\/","og_locale":"de_DE","og_type":"article","og_title":"Szuflada pod \u0142\u00f3\u017cko - Inmondo","og_description":"Pomys\u0142owe rozwi\u0105zanie dla ma\u0142ych powierzchni. Idealne uzupe\u0142nienie \u0142\u00f3\u017cka pojedynczego lub pi\u0119trowego z kolekcji Minimondo.  Szuflada na k\u00f3\u0142kach zamieni przestrze\u0144 pod \u0142\u00f3\u017ckiem w miejsce do przechowywania takich rzeczy jak ko\u0142dry, kocyki, poduszki lub odzie\u017c sezonowa.","og_url":"http:\/\/inmondo.pl\/de\/sklep\/elementy\/akcesoria\/schublade\/","og_site_name":"Inmondo","article_modified_time":"2026-03-24T09:23:56+00:00","og_image":[{"width":1100,"height":1100,"url":"http:\/\/inmondo.pl\/wp-content\/uploads\/2020\/02\/2019_09_INMONDO_PACKSHOTY-19837_biale.jpg","type":"image\/jpeg"}],"twitter_card":"summary_large_image","twitter_misc":{"Gesch\u00e4tzte Lesezeit":"2\u00a0Minuten"},"schema":{"@context":"https:\/\/schema.org","@graph":[{"@type":"WebPage","@id":"http:\/\/inmondo.pl\/sklep\/elementy\/akcesoria\/szuflada\/","url":"http:\/\/inmondo.pl\/sklep\/elementy\/akcesoria\/szuflada\/","name":"Nachttischschublade - Inmondo","isPartOf":{"@id":"https:\/\/inmondo.pl\/#website"},"primaryImageOfPage":{"@id":"http:\/\/inmondo.pl\/sklep\/elementy\/akcesoria\/szuflada\/#primaryimage"},"image":{"@id":"http:\/\/inmondo.pl\/sklep\/elementy\/akcesoria\/szuflada\/#primaryimage"},"thumbnailUrl":"https:\/\/inmondo.pl\/wp-content\/uploads\/2020\/02\/2019_09_INMONDO_PACKSHOTY-19837_biale.jpg","datePublished":"2020-02-18T11:14:55+00:00","dateModified":"2026-03-24T09:23:56+00:00","breadcrumb":{"@id":"http:\/\/inmondo.pl\/sklep\/elementy\/akcesoria\/szuflada\/#breadcrumb"},"inLanguage":"de","potentialAction":[{"@type":"ReadAction","target":["http:\/\/inmondo.pl\/sklep\/elementy\/akcesoria\/szuflada\/"]}]},{"@type":"ImageObject","inLanguage":"de","@id":"http:\/\/inmondo.pl\/sklep\/elementy\/akcesoria\/szuflada\/#primaryimage","url":"https:\/\/inmondo.pl\/wp-content\/uploads\/2020\/02\/2019_09_INMONDO_PACKSHOTY-19837_biale.jpg","contentUrl":"https:\/\/inmondo.pl\/wp-content\/uploads\/2020\/02\/2019_09_INMONDO_PACKSHOTY-19837_biale.jpg","width":1100,"height":1100},{"@type":"BreadcrumbList","@id":"http:\/\/inmondo.pl\/sklep\/elementy\/akcesoria\/szuflada\/#breadcrumb","itemListElement":[{"@type":"ListItem","position":1,"name":"Strona g\u0142\u00f3wna","item":"https:\/\/inmondo.pl\/"},{"@type":"ListItem","position":2,"name":"Oferta Inmondo: spe\u0142niamy marzenia i wymagania","item":"https:\/\/inmondo.pl\/sklep\/"},{"@type":"ListItem","position":3,"name":"kolekcje","item":"https:\/\/inmondo.pl\/de\/sklep\/kolekcje\/"},{"@type":"ListItem","position":4,"name":"Szuflada pod \u0142\u00f3\u017cko"}]},{"@type":"WebSite","@id":"https:\/\/inmondo.pl\/#website","url":"https:\/\/inmondo.pl\/","name":"Inmondo","description":"","potentialAction":[{"@type":"SearchAction","target":{"@type":"EntryPoint","urlTemplate":"https:\/\/inmondo.pl\/?s={search_term_string}"},"query-input":{"@type":"PropertyValueSpecification","valueRequired":true,"valueName":"search_term_string"}}],"inLanguage":"de"}]}},"wcpa_form_fields":null,"_links":{"self":[{"href":"https:\/\/inmondo.pl\/de\/wp-json\/wp\/v2\/product\/1087","targetHints":{"allow":["GET"]}}],"collection":[{"href":"https:\/\/inmondo.pl\/de\/wp-json\/wp\/v2\/product"}],"about":[{"href":"https:\/\/inmondo.pl\/de\/wp-json\/wp\/v2\/types\/product"}],"replies":[{"embeddable":true,"href":"https:\/\/inmondo.pl\/de\/wp-json\/wp\/v2\/comments?post=1087"}],"wp:featuredmedia":[{"embeddable":true,"href":"https:\/\/inmondo.pl\/de\/wp-json\/wp\/v2\/media\/12054"}],"wp:attachment":[{"href":"https:\/\/inmondo.pl\/de\/wp-json\/wp\/v2\/media?parent=1087"}],"wp:term":[{"taxonomy":"product_brand","embeddable":true,"href":"https:\/\/inmondo.pl\/de\/wp-json\/wp\/v2\/product_brand?post=1087"},{"taxonomy":"product_cat","embeddable":true,"href":"https:\/\/inmondo.pl\/de\/wp-json\/wp\/v2\/product_cat?post=1087"},{"taxonomy":"product_tag","embeddable":true,"href":"https:\/\/inmondo.pl\/de\/wp-json\/wp\/v2\/product_tag?post=1087"}],"curies":[{"name":"wp","href":"https:\/\/api.w.org\/{rel}","templated":true}]}}