{"id":1076,"date":"2020-06-18T11:55:37","date_gmt":"2020-06-18T09:55:37","guid":{"rendered":"http:\/\/inmondo.pl\/?post_type=product&#038;p=1076"},"modified":"2025-11-07T13:41:09","modified_gmt":"2025-11-07T12:41:09","slug":"polki-und-wechselunterlage-zu-kommode-3s-duzej","status":"publish","type":"product","link":"https:\/\/inmondo.pl\/de\/sklep\/elementy\/akcesoria\/polki-und-wechselunterlage-zu-kommode-3s-duzej\/","title":{"rendered":"Regale und Wickeltisch f\u00fcr eine gro\u00dfe 3S Kommode"},"content":{"rendered":"<p>Dedykowany do komody wysokiej 3S przewijak b\u0119dzie du\u017c\u0105 pomoc\u0105 dla ka\u017cdej mamy. Przewijak posiada 6 p\u00f3\u0142ek, kt\u00f3re pozwalaj\u0105 na szybki dost\u0119p do niezb\u0119dnych przybor\u00f3w potrzebnych do piel\u0119gnacji niemowlaka. Zaokr\u0105glone kraw\u0119dzie bok\u00f3w zapewniaj\u0105 bezpieczn\u0105 i komfortow\u0105 przestrze\u0144 do przewijania.<\/p>\n<p>Wird der Wickeltisch nicht mehr ben\u00f6tigt, l\u00e4sst er sich einfach demontieren.<\/p>\n<p>&nbsp;<\/p>","protected":false},"excerpt":{"rendered":"<p>Ein Wickeltisch, der der Kommode 3S High gewidmet ist, wird f\u00fcr jede Mutter eine gro\u00dfe Hilfe sein. Der Wickeltisch verf\u00fcgt \u00fcber 6 Ablagen, die einen schnellen Zugriff auf die notwendigen Utensilien f\u00fcr die Babypflege erm\u00f6glichen. Die abgerundeten Kanten der Seiten bieten einen sicheren und komfortablen Umkleideraum.<\/p>\n<p>Wird der Wickeltisch nicht mehr ben\u00f6tigt, l\u00e4sst er sich einfach demontieren.<\/p>\n<p>&nbsp;<\/p>","protected":false},"featured_media":1748,"comment_status":"open","ping_status":"closed","template":"","meta":{"_acf_changed":false},"product_brand":[],"product_cat":[32,20,17,19],"product_tag":[],"class_list":{"0":"post-1076","1":"product","2":"type-product","3":"status-publish","4":"has-post-thumbnail","6":"product_cat-akcesoria","7":"product_cat-elementy","8":"product_cat-kolekcje","9":"product_cat-minimondo","11":"first","12":"onbackorder","13":"taxable","14":"shipping-taxable","15":"purchasable","16":"product-type-variable","17":"has-default-attributes"},"acf":{"wymiary":"Szeroko\u015b\u0107: 55,5 cm<br \/>\r\nWysoko\u015b\u0107: 68,5 cm<br \/>\r\nG\u0142\u0119boko\u015b\u0107: 105 cm<br \/>\r\n<br \/>\r\nPrzewijak:<br \/>\r\nSzeroko\u015b\u0107: 54 cm<br \/>\r\nWysoko\u015b\u0107: 10,5 cm<br \/>\r\nG\u0142\u0119boko\u015b\u0107: 72,5 cm","materialy":"drewno brzozowe, p\u0142yta MDF, lakier wodny i&nbsp;wodny UV","sections_woocommerce":[{"acf_fc_layout":"section_menu","is_active":true,"repeater":[{"text":"Opis","link":"#opis"},{"text":"Lookbook","link":"#lookbook"},{"text":"Opinie","link":"#opinie"},{"text":"Inne produkty","link":"#inneprodukty"}]},{"acf_fc_layout":"section_woocommerce_text_image","is_active":true,"anchor":"opis","text_align":"textAlign--left","grid_width":"main","wysiwyg":"<h2>Minimondo nieograniczone mo\u017cliwo\u015bci.<\/h2>\n<p>Szeroki wyb\u00f3r element\u00f3w z\u00a0kolekcji Minimondo pozwoli zaaran\u017cowa\u0107 ka\u017cd\u0105 przestrze\u0144 zgodnie z\u00a0Twoimi potrzebami i\u00a0upodobaniami. Zapomnij o\u00a0problemach z\u00a0brakiem miejsca na\u00a0przechowywanie Twoich skarb\u00f3w. Ksi\u0105\u017cki, ubrania zabawki \u2013 od teraz na\u00a0wszystko znajdziesz swoje miejsce. Je\u015bli w\u00a0pokoju brakuje Ci miejsca meble mo\u017cesz postawi\u0107 pod\u00a0\u0142\u00f3\u017ckiem uzyskuj\u0105c przestrze\u0144 do\u00a0przechowywania bez po\u015bwi\u0119cania miejsca w\u00a0pokoju.<\/p>\n","image":"https:\/\/inmondo.pl\/wp-content\/uploads\/2020\/08\/2019_05_INMONDO_POK\u00d3J_BABY_2-153541920.jpg"},{"acf_fc_layout":"section_woocommerce_text_image","is_active":true,"anchor":"","text_align":"textAlign--right","grid_width":"main","wysiwyg":"<p>Tworz\u0105c nasze meble my\u015blimy nie tylko o\u00a0funkcjonalno\u015bci, ale\u00a0tak\u017ce o\u00a0bezpiecze\u0144stwie i\u00a0komforcie Twojego dziecka. Dlatego\u00a0wszystkie nasze meble s\u0105 lakierowane ekologicznymi farbami wodnymi. Zawiasy i\u00a0prowadnice posiadaj\u0105 system cichego domyku.<\/p>\n<p>Komoda zosta\u0142a polakierowana przyjaznymi dla dziecka i \u015brodowiska lakierami, a drewno, z kt\u00f3rego jest wykonana pochodzi z certyfikowanych, dobrze zarz\u0105dzanych las\u00f3w.<\/p>\n","image":"https:\/\/inmondo.pl\/wp-content\/uploads\/2020\/08\/2019_04_INMONDO_POK\u00d3J_DZIEWCZYNKI_1-114101920.jpg"},{"acf_fc_layout":"section_woocommerce_lookbook","is_active":true,"anchor":"lookbook","header":"<h2 style=\"text-align: center;\">Zobacz galeri\u0119 Minimondo:<\/h2>\n<p style=\"text-align: center;\">Minimalistyczny lookbook prosto od naszych projektant\u00f3w. Ogl\u0105daj, inspiruj si\u0119, a\u00a0je\u015bli masz pomys\u0142y lub\u00a0pytania \u2014 od razu dzwo\u0144!<\/p>\n","repeater":[{"shortcode":"[woocommerce_lookbook id=\"1747\"]"},{"shortcode":"[woocommerce_lookbook id=\"1571\"]"},{"shortcode":"[woocommerce_lookbook id=\"1284\"]"}]},{"acf_fc_layout":"section_woocommerce_opinions","is_active":true,"anchor":"opinie"},{"acf_fc_layout":"section_woocommerce_otherFromCategory","is_active":true,"anchor":"inneprodukty"}],"czas_realizacji":""},"yoast_head":"<!-- This site is optimized with the Yoast SEO plugin v27.3 - https:\/\/yoast.com\/product\/yoast-seo-wordpress\/ -->\n<title>P\u00f3\u0142ki i przewijak do komody 3S du\u017cej - Inmondo<\/title>\n<meta name=\"robots\" content=\"index, follow, max-snippet:-1, max-image-preview:large, max-video-preview:-1\" \/>\n<link rel=\"canonical\" href=\"http:\/\/inmondo.pl\/de\/sklep\/elementy\/akcesoria\/polki-und-wechselunterlage-zu-kommode-3s-duzej\/\" \/>\n<meta property=\"og:locale\" content=\"de_DE\" \/>\n<meta property=\"og:type\" content=\"article\" \/>\n<meta property=\"og:title\" content=\"P\u00f3\u0142ki i przewijak do komody 3S du\u017cej - Inmondo\" \/>\n<meta property=\"og:description\" content=\"Dedykowany do Komody wysokiej 3S przewijak b\u0119dzie du\u017c\u0105 pomoc\u0105 dla ka\u017cdej mamy. Przewijak posiada 6 p\u00f3\u0142ek, kt\u00f3re pozwalaj\u0105 na szybki dost\u0119p do niezb\u0119dnych przybor\u00f3w potrzebnych do piel\u0119gnacji niemowlaka. Zaokr\u0105glone kraw\u0119dzie bok\u00f3w zapewniaj\u0105 bezpieczn\u0105 i komfortow\u0105 przestrze\u0144 do przewijania.  Kiedy przewijak nie b\u0119dzie ju\u017c potrzeby, mo\u017ce zosta\u0107 \u0142awo zdemontowany.  &nbsp;\" \/>\n<meta property=\"og:url\" content=\"http:\/\/inmondo.pl\/de\/sklep\/elementy\/akcesoria\/polki-und-wechselunterlage-zu-kommode-3s-duzej\/\" \/>\n<meta property=\"og:site_name\" content=\"Inmondo\" \/>\n<meta property=\"article:modified_time\" content=\"2025-11-07T12:41:09+00:00\" \/>\n<meta property=\"og:image\" content=\"http:\/\/inmondo.pl\/wp-content\/uploads\/2020\/08\/2019_05_INMONDO_POK\u00d3J_BABY_2-153561920.jpg\" \/>\n\t<meta property=\"og:image:width\" content=\"1920\" \/>\n\t<meta property=\"og:image:height\" content=\"1920\" \/>\n\t<meta property=\"og:image:type\" content=\"image\/jpeg\" \/>\n<meta name=\"twitter:card\" content=\"summary_large_image\" \/>\n<meta name=\"twitter:label1\" content=\"Gesch\u00e4tzte Lesezeit\" \/>\n\t<meta name=\"twitter:data1\" content=\"2\u00a0Minuten\" \/>\n<script type=\"application\/ld+json\" class=\"yoast-schema-graph\">{\"@context\":\"https:\\\/\\\/schema.org\",\"@graph\":[{\"@type\":\"WebPage\",\"@id\":\"http:\\\/\\\/inmondo.pl\\\/sklep\\\/elementy\\\/akcesoria\\\/polki-i-przewijak-do-komody-3s-duzej\\\/\",\"url\":\"http:\\\/\\\/inmondo.pl\\\/sklep\\\/elementy\\\/akcesoria\\\/polki-i-przewijak-do-komody-3s-duzej\\\/\",\"name\":\"P\u00f3\u0142ki i przewijak do komody 3S du\u017cej - Inmondo\",\"isPartOf\":{\"@id\":\"https:\\\/\\\/inmondo.pl\\\/#website\"},\"primaryImageOfPage\":{\"@id\":\"http:\\\/\\\/inmondo.pl\\\/sklep\\\/elementy\\\/akcesoria\\\/polki-i-przewijak-do-komody-3s-duzej\\\/#primaryimage\"},\"image\":{\"@id\":\"http:\\\/\\\/inmondo.pl\\\/sklep\\\/elementy\\\/akcesoria\\\/polki-i-przewijak-do-komody-3s-duzej\\\/#primaryimage\"},\"thumbnailUrl\":\"https:\\\/\\\/inmondo.pl\\\/wp-content\\\/uploads\\\/2020\\\/08\\\/2019_05_INMONDO_POK\u00d3J_BABY_2-153561920.jpg\",\"datePublished\":\"2020-06-18T09:55:37+00:00\",\"dateModified\":\"2025-11-07T12:41:09+00:00\",\"breadcrumb\":{\"@id\":\"http:\\\/\\\/inmondo.pl\\\/sklep\\\/elementy\\\/akcesoria\\\/polki-i-przewijak-do-komody-3s-duzej\\\/#breadcrumb\"},\"inLanguage\":\"de\",\"potentialAction\":[{\"@type\":\"ReadAction\",\"target\":[\"http:\\\/\\\/inmondo.pl\\\/sklep\\\/elementy\\\/akcesoria\\\/polki-i-przewijak-do-komody-3s-duzej\\\/\"]}]},{\"@type\":\"ImageObject\",\"inLanguage\":\"de\",\"@id\":\"http:\\\/\\\/inmondo.pl\\\/sklep\\\/elementy\\\/akcesoria\\\/polki-i-przewijak-do-komody-3s-duzej\\\/#primaryimage\",\"url\":\"https:\\\/\\\/inmondo.pl\\\/wp-content\\\/uploads\\\/2020\\\/08\\\/2019_05_INMONDO_POK\u00d3J_BABY_2-153561920.jpg\",\"contentUrl\":\"https:\\\/\\\/inmondo.pl\\\/wp-content\\\/uploads\\\/2020\\\/08\\\/2019_05_INMONDO_POK\u00d3J_BABY_2-153561920.jpg\",\"width\":1920,\"height\":1920},{\"@type\":\"BreadcrumbList\",\"@id\":\"http:\\\/\\\/inmondo.pl\\\/sklep\\\/elementy\\\/akcesoria\\\/polki-i-przewijak-do-komody-3s-duzej\\\/#breadcrumb\",\"itemListElement\":[{\"@type\":\"ListItem\",\"position\":1,\"name\":\"Strona g\u0142\u00f3wna\",\"item\":\"https:\\\/\\\/inmondo.pl\\\/\"},{\"@type\":\"ListItem\",\"position\":2,\"name\":\"Oferta Inmondo: spe\u0142niamy marzenia i wymagania\",\"item\":\"https:\\\/\\\/inmondo.pl\\\/sklep\\\/\"},{\"@type\":\"ListItem\",\"position\":3,\"name\":\"kolekcje\",\"item\":\"https:\\\/\\\/inmondo.pl\\\/de\\\/sklep\\\/kolekcje\\\/\"},{\"@type\":\"ListItem\",\"position\":4,\"name\":\"P\u00f3\u0142ki i przewijak do komody 3S du\u017cej\"}]},{\"@type\":\"WebSite\",\"@id\":\"https:\\\/\\\/inmondo.pl\\\/#website\",\"url\":\"https:\\\/\\\/inmondo.pl\\\/\",\"name\":\"Inmondo\",\"description\":\"\",\"potentialAction\":[{\"@type\":\"SearchAction\",\"target\":{\"@type\":\"EntryPoint\",\"urlTemplate\":\"https:\\\/\\\/inmondo.pl\\\/?s={search_term_string}\"},\"query-input\":{\"@type\":\"PropertyValueSpecification\",\"valueRequired\":true,\"valueName\":\"search_term_string\"}}],\"inLanguage\":\"de\"}]}<\/script>\n<!-- \/ Yoast SEO plugin. -->","yoast_head_json":{"title":"Regale und Wickeltisch f\u00fcr gro\u00dfe Kommode 3S - Inmondo","robots":{"index":"index","follow":"follow","max-snippet":"max-snippet:-1","max-image-preview":"max-image-preview:large","max-video-preview":"max-video-preview:-1"},"canonical":"http:\/\/inmondo.pl\/de\/sklep\/elementy\/akcesoria\/polki-und-wechselunterlage-zu-kommode-3s-duzej\/","og_locale":"de_DE","og_type":"article","og_title":"P\u00f3\u0142ki i przewijak do komody 3S du\u017cej - Inmondo","og_description":"Dedykowany do Komody wysokiej 3S przewijak b\u0119dzie du\u017c\u0105 pomoc\u0105 dla ka\u017cdej mamy. Przewijak posiada 6 p\u00f3\u0142ek, kt\u00f3re pozwalaj\u0105 na szybki dost\u0119p do niezb\u0119dnych przybor\u00f3w potrzebnych do piel\u0119gnacji niemowlaka. Zaokr\u0105glone kraw\u0119dzie bok\u00f3w zapewniaj\u0105 bezpieczn\u0105 i komfortow\u0105 przestrze\u0144 do przewijania.  Kiedy przewijak nie b\u0119dzie ju\u017c potrzeby, mo\u017ce zosta\u0107 \u0142awo zdemontowany.  &nbsp;","og_url":"http:\/\/inmondo.pl\/de\/sklep\/elementy\/akcesoria\/polki-und-wechselunterlage-zu-kommode-3s-duzej\/","og_site_name":"Inmondo","article_modified_time":"2025-11-07T12:41:09+00:00","og_image":[{"width":1920,"height":1920,"url":"http:\/\/inmondo.pl\/wp-content\/uploads\/2020\/08\/2019_05_INMONDO_POK\u00d3J_BABY_2-153561920.jpg","type":"image\/jpeg"}],"twitter_card":"summary_large_image","twitter_misc":{"Gesch\u00e4tzte Lesezeit":"2\u00a0Minuten"},"schema":{"@context":"https:\/\/schema.org","@graph":[{"@type":"WebPage","@id":"http:\/\/inmondo.pl\/sklep\/elementy\/akcesoria\/polki-i-przewijak-do-komody-3s-duzej\/","url":"http:\/\/inmondo.pl\/sklep\/elementy\/akcesoria\/polki-i-przewijak-do-komody-3s-duzej\/","name":"Regale und Wickeltisch f\u00fcr gro\u00dfe Kommode 3S - Inmondo","isPartOf":{"@id":"https:\/\/inmondo.pl\/#website"},"primaryImageOfPage":{"@id":"http:\/\/inmondo.pl\/sklep\/elementy\/akcesoria\/polki-i-przewijak-do-komody-3s-duzej\/#primaryimage"},"image":{"@id":"http:\/\/inmondo.pl\/sklep\/elementy\/akcesoria\/polki-i-przewijak-do-komody-3s-duzej\/#primaryimage"},"thumbnailUrl":"https:\/\/inmondo.pl\/wp-content\/uploads\/2020\/08\/2019_05_INMONDO_POK\u00d3J_BABY_2-153561920.jpg","datePublished":"2020-06-18T09:55:37+00:00","dateModified":"2025-11-07T12:41:09+00:00","breadcrumb":{"@id":"http:\/\/inmondo.pl\/sklep\/elementy\/akcesoria\/polki-i-przewijak-do-komody-3s-duzej\/#breadcrumb"},"inLanguage":"de","potentialAction":[{"@type":"ReadAction","target":["http:\/\/inmondo.pl\/sklep\/elementy\/akcesoria\/polki-i-przewijak-do-komody-3s-duzej\/"]}]},{"@type":"ImageObject","inLanguage":"de","@id":"http:\/\/inmondo.pl\/sklep\/elementy\/akcesoria\/polki-i-przewijak-do-komody-3s-duzej\/#primaryimage","url":"https:\/\/inmondo.pl\/wp-content\/uploads\/2020\/08\/2019_05_INMONDO_POK\u00d3J_BABY_2-153561920.jpg","contentUrl":"https:\/\/inmondo.pl\/wp-content\/uploads\/2020\/08\/2019_05_INMONDO_POK\u00d3J_BABY_2-153561920.jpg","width":1920,"height":1920},{"@type":"BreadcrumbList","@id":"http:\/\/inmondo.pl\/sklep\/elementy\/akcesoria\/polki-i-przewijak-do-komody-3s-duzej\/#breadcrumb","itemListElement":[{"@type":"ListItem","position":1,"name":"Strona g\u0142\u00f3wna","item":"https:\/\/inmondo.pl\/"},{"@type":"ListItem","position":2,"name":"Oferta Inmondo: spe\u0142niamy marzenia i wymagania","item":"https:\/\/inmondo.pl\/sklep\/"},{"@type":"ListItem","position":3,"name":"kolekcje","item":"https:\/\/inmondo.pl\/de\/sklep\/kolekcje\/"},{"@type":"ListItem","position":4,"name":"P\u00f3\u0142ki i przewijak do komody 3S du\u017cej"}]},{"@type":"WebSite","@id":"https:\/\/inmondo.pl\/#website","url":"https:\/\/inmondo.pl\/","name":"Inmondo","description":"","potentialAction":[{"@type":"SearchAction","target":{"@type":"EntryPoint","urlTemplate":"https:\/\/inmondo.pl\/?s={search_term_string}"},"query-input":{"@type":"PropertyValueSpecification","valueRequired":true,"valueName":"search_term_string"}}],"inLanguage":"de"}]}},"wcpa_form_fields":null,"_links":{"self":[{"href":"https:\/\/inmondo.pl\/de\/wp-json\/wp\/v2\/product\/1076","targetHints":{"allow":["GET"]}}],"collection":[{"href":"https:\/\/inmondo.pl\/de\/wp-json\/wp\/v2\/product"}],"about":[{"href":"https:\/\/inmondo.pl\/de\/wp-json\/wp\/v2\/types\/product"}],"replies":[{"embeddable":true,"href":"https:\/\/inmondo.pl\/de\/wp-json\/wp\/v2\/comments?post=1076"}],"wp:featuredmedia":[{"embeddable":true,"href":"https:\/\/inmondo.pl\/de\/wp-json\/wp\/v2\/media\/1748"}],"wp:attachment":[{"href":"https:\/\/inmondo.pl\/de\/wp-json\/wp\/v2\/media?parent=1076"}],"wp:term":[{"taxonomy":"product_brand","embeddable":true,"href":"https:\/\/inmondo.pl\/de\/wp-json\/wp\/v2\/product_brand?post=1076"},{"taxonomy":"product_cat","embeddable":true,"href":"https:\/\/inmondo.pl\/de\/wp-json\/wp\/v2\/product_cat?post=1076"},{"taxonomy":"product_tag","embeddable":true,"href":"https:\/\/inmondo.pl\/de\/wp-json\/wp\/v2\/product_tag?post=1076"}],"curies":[{"name":"wp","href":"https:\/\/api.w.org\/{rel}","templated":true}]}}